{"id":1018,"date":"2020-05-12T20:22:46","date_gmt":"2020-05-12T18:22:46","guid":{"rendered":"http:\/\/wgsr.uw.edu.pl\/pisg\/?page_id=1018"},"modified":"2025-10-10T14:39:18","modified_gmt":"2025-10-10T14:39:18","slug":"tom-65-zeszyt-1-volume-65-issue-1-red-iwona-szumacher","status":"publish","type":"page","link":"https:\/\/pisg.wgsr.uw.edu.pl\/?page_id=1018","title":{"rendered":"Tom 65, zeszyt 1 [Volume 65, Issue 1] &#8211; red. Iwona Szumacher"},"content":{"rendered":"\r\n<p><a href=\"https:\/\/pisg.wgsr.uw.edu.pl\/wp-content\/uploads\/pisg\/1-6_strony-tytulowe_65_1.pdf\">Strony tytu\u0142owe i spis tre\u015bci<\/a><\/p>\r\n\r\n\r\n\r\n<p><a href=\"http:\/\/pisg.wgsr.uw.edu.pl\/wp-content\/uploads\/2020\/05\/65.1_7-8_Wstep.pdf\">Wst\u0119p<\/a><\/p>\r\n\r\n\r\n\r\n<p><strong>Krzysztof B\u0141A\u017bEJCZYK, Bo\u017cena KICI\u0143SKA<\/strong> <a href=\"http:\/\/pisg.wgsr.uw.edu.pl\/\/?p=994(otworzy si\u0119 w nowej zak\u0142adce)\">Rola Pola Mokotowskiego w kszta\u0142towaniu klimatu Warszawy \/ The role of Pole Mokotowskie in creation of the climate of Warsaw<\/a><\/p>\r\n\r\n\r\n\r\n<p><strong>Iwona SZUMACHER, Micha\u0142 KONOPSKI<\/strong> <a href=\"http:\/\/pisg.wgsr.uw.edu.pl\/\/?p=996(otworzy si\u0119 w nowej zak\u0142adce)\">W\u0142a\u015bciwo\u015bci fizyczne i chemiczne poziom\u00f3w pr\u00f3chnicznych gleb Pola Mokotowskiego w Warszawie \/ Physical and chemical properties of soil humus horizons in the Pole Mokotowskie Park in Warsaw<\/a><\/p>\r\n\r\n\r\n\r\n<p><strong>Marta WRZOSEK<\/strong> <a href=\"http:\/\/pisg.wgsr.uw.edu.pl\/\/?p=999(otworzy si\u0119 w nowej zak\u0142adce)\">Grzyby Pola Mokotowskiego w Warszawie \/ Fungi of the Pole Mokotowskie park in Warsaw, Poland<\/a><\/p>\r\n\r\n\r\n\r\n<p><strong>Barbara SUDNIK-W\u00d3JCIKOWSKA, Krystyna J\u0118DRZEJEWSKA-SZMEK, Piotr SIKORSKI<\/strong> <a href=\"http:\/\/pisg.wgsr.uw.edu.pl\/\/?p=1001\">Flora parku Pole Mokotowskie w Warszawie \/ Flora of the Pole Mokotowskie park in Warsaw<\/a><\/p>\r\n\r\n\r\n\r\n<p><strong>Piotr SIKORSKI, Barbara SUDNIK-W\u00d3JCIKOWSKA, Karolina KAIS<\/strong> <a href=\"http:\/\/pisg.wgsr.uw.edu.pl\/\/?p=1003\">Ro\u015blinno\u015b\u0107 parku Pole Mokotowskie w Warszawie \/ Vegetation of the Pole Mokotowskie park in Warsaw<\/a><\/p>\r\n\r\n\r\n\r\n<p><strong>Andrzej KO\u0141ODZIEJCZYK, Krzysztof LEWANDOWSKI<\/strong> <a href=\"http:\/\/pisg.wgsr.uw.edu.pl\/\/?p=1006\">Makrofauna bezkr\u0119gowa w\u00f3d parku Pole Mokotowskie w Warszawie \/ Macroinvertebrates in water bodies in the Pole Mokotowskie park in Warsaw<\/a><\/p>\r\n\r\n\r\n\r\n<p><strong>Tomasz RUTKOWSKI, Gema TRIGOS-PERAL <\/strong><a href=\"http:\/\/pisg.wgsr.uw.edu.pl\/\/?p=1056(otworzy si\u0119 w nowej zak\u0142adce)\">Paj\u0105ki i kosarze Pola Mokotowskiego w Warszawie \u2013 dane wst\u0119pne \/ Spiders and harvestmen of Pole Mokotowskie in Warsaw \u2013 preliminary data<\/a><\/p>\r\n\r\n\r\n\r\n<p><strong>Piotr CERYNGIER, Jerzy ROMANOWSKI<\/strong> <a href=\"http:\/\/pisg.wgsr.uw.edu.pl\/\/?p=1009\">Biedronkowate (Coleoptera: Coccinellidae) Pola Mokotowskiego w Warszawie \/ Ladybird beetles (Coleoptera: Coccinellidae) of Pole Mokotowskie in Warsaw<\/a><\/p>\r\n\r\n\r\n\r\n<p><strong>Gema TRIGOS-PERAL, Magdalena WITEK, Wojciech CZECHOWSKI <\/strong><a href=\"http:\/\/pisg.wgsr.uw.edu.pl\/\/?p=1012\">Mr\u00f3wki Pola Mokotowskiego w Warszawie \/ Ants of the Pole Mokotowskie in Warsaw<\/a><\/p>\r\n\r\n\r\n\r\n<p><strong>Barbara ZAJDEL, Kornelia KUCHARSKA, Miko\u0142aj BORA\u0143SKI, Jakub G\u0104BKA, Zbigniew KAMI\u0143SKI<\/strong> <a href=\"http:\/\/pisg.wgsr.uw.edu.pl\/\/?p=1014\">Trzmiele i trzmielce (Hymenoptera: Apidae, Bombini) w parku Pole Mokotowskie w Warszawie \/ Bumblebees and cuckoo bumblebees (Hymenoptera: Apidae, Bombini) of Pole Mokotowskie in Warsaw, Poland<\/a><\/p>\r\n\r\n\r\n\r\n<p><strong>Piotr TYKARSKI, Marta DZIEDZIOCH, Filip GABARKIEWICZ, Amelia GAZECKA <\/strong><a href=\"http:\/\/pisg.wgsr.uw.edu.pl\/\/?p=1066\">Stawonogi naziemne w parku Pole Mokotowskie w Warszawie \u2013 dane wst\u0119pne \/ Epigeic arthropods in Pole Mokotowskie park in Warsaw \u2013 preliminary data<\/a><\/p>\r\n\r\n\r\n\r\n<p><strong>Dagny KRAUZE-GRYZ, Jakub GRYZ, Natalia WROTEK, Michalina ZOSICZ<\/strong> <a href=\"http:\/\/pisg.wgsr.uw.edu.pl\/\/?p=1016\">Wyst\u0119powanie wybranych gatunk\u00f3w ssak\u00f3w na terenie parku Pole Mokotowskie w Warszawie \/ Occurrence of selected mammal species in the Pole Mokotowskie Park in Warsaw<\/a><\/p>\r\n\r\n\r\n\r\n<p>&nbsp;<\/p>\r\n\r\n\r\n\r\n<p class=\"has-text-align-center\">Teksty wspomnieniowe<\/p>\r\n\r\n\r\n\r\n<p><strong>Andrzej RICHLING<\/strong> <a href=\"http:\/\/pisg.wgsr.uw.edu.pl\/wp-content\/uploads\/2020\/09\/105-106_Wspomnienie-B.Wicik_.pdf\">Bogumi\u0142 Wicik 1940-2019<\/a><\/p>\r\n\r\n\r\n\r\n<p><strong>Andrzej LISOWSKI<\/strong> <a href=\"http:\/\/pisg.wgsr.uw.edu.pl\/wp-content\/uploads\/2020\/09\/107-108_Wspomnienie-S.-Otok.pdf\">Stanis\u0142aw Otok 1932-2019<\/a><\/p>\r\n","protected":false},"excerpt":{"rendered":"<p>Strony tytu\u0142owe i spis tre\u015bci Wst\u0119p Krzysztof B\u0141A\u017bEJCZYK, Bo\u017cena KICI\u0143SKA Rola Pola Mokotowskiego w kszta\u0142towaniu klimatu Warszawy \/ The role of Pole Mokotowskie in creation of the climate of Warsaw Iwona SZUMACHER, Micha\u0142 KONOPSKI W\u0142a\u015bciwo\u015bci fizyczne i chemiczne poziom\u00f3w pr\u00f3chnicznych gleb Pola Mokotowskiego w Warszawie \/ Physical and chemical properties of soil humus horizons in [&hellip;]<\/p>\n","protected":false},"author":1,"featured_media":0,"parent":97,"menu_order":0,"comment_status":"closed","ping_status":"closed","template":"","meta":{"_monsterinsights_skip_tracking":false,"_monsterinsights_sitenote_active":false,"_monsterinsights_sitenote_note":"","_monsterinsights_sitenote_category":0,"footnotes":""},"class_list":["post-1018","page","type-page","status-publish","hentry","post"],"yoast_head":"<!-- This site is optimized with the Yoast SEO plugin v27.5 - https:\/\/yoast.com\/product\/yoast-seo-wordpress\/ -->\n<title>Tom 65, zeszyt 1 [Volume 65, Issue 1] - red. Iwona Szumacher - Prace i Studia Geograficzne | Studies in Geography<\/title>\n<meta name=\"description\" content=\"Tom obejmuje cz\u0119\u015b\u0107 wynik\u00f3w projektu &quot;Przyroda Pola Mokotowskiego&quot;. Najwa\u017cniejszym jego celem by\u0142o jak najdok\u0142adniejsze zbadanie dzikich organizm\u00f3w parku\" \/>\n<meta name=\"robots\" content=\"index, follow, max-snippet:-1, max-image-preview:large, max-video-preview:-1\" \/>\n<link rel=\"canonical\" href=\"https:\/\/pisg.wgsr.uw.edu.pl\/?page_id=1018\" \/>\n<meta property=\"og:locale\" content=\"pl_PL\" \/>\n<meta property=\"og:type\" content=\"article\" \/>\n<meta property=\"og:title\" content=\"Tom 65, zeszyt 1 [Volume 65, Issue 1] - red. Iwona Szumacher - Prace i Studia Geograficzne | Studies in Geography\" \/>\n<meta property=\"og:description\" content=\"Tom obejmuje cz\u0119\u015b\u0107 wynik\u00f3w projektu &quot;Przyroda Pola Mokotowskiego&quot;. Najwa\u017cniejszym jego celem by\u0142o jak najdok\u0142adniejsze zbadanie dzikich organizm\u00f3w parku\" \/>\n<meta property=\"og:url\" content=\"https:\/\/pisg.wgsr.uw.edu.pl\/?page_id=1018\" \/>\n<meta property=\"og:site_name\" content=\"Prace i Studia Geograficzne | Studies in Geography\" \/>\n<meta property=\"article:modified_time\" content=\"2025-10-10T14:39:18+00:00\" \/>\n<meta name=\"twitter:card\" content=\"summary_large_image\" \/>\n<meta name=\"twitter:label1\" content=\"Szacowany czas czytania\" \/>\n\t<meta name=\"twitter:data1\" content=\"2 minuty\" \/>\n<script type=\"application\/ld+json\" class=\"yoast-schema-graph\">{\"@context\":\"https:\\\/\\\/schema.org\",\"@graph\":[{\"@type\":\"WebPage\",\"@id\":\"https:\\\/\\\/pisg.wgsr.uw.edu.pl\\\/?page_id=1018\",\"url\":\"https:\\\/\\\/pisg.wgsr.uw.edu.pl\\\/?page_id=1018\",\"name\":\"Tom 65, zeszyt 1 [Volume 65, Issue 1] - red. Iwona Szumacher - Prace i Studia Geograficzne | Studies in Geography\",\"isPartOf\":{\"@id\":\"https:\\\/\\\/pisg.wgsr.uw.edu.pl\\\/#website\"},\"datePublished\":\"2020-05-12T18:22:46+00:00\",\"dateModified\":\"2025-10-10T14:39:18+00:00\",\"description\":\"Tom obejmuje cz\u0119\u015b\u0107 wynik\u00f3w projektu \\\"Przyroda Pola Mokotowskiego\\\". Najwa\u017cniejszym jego celem by\u0142o jak najdok\u0142adniejsze zbadanie dzikich organizm\u00f3w parku\",\"breadcrumb\":{\"@id\":\"https:\\\/\\\/pisg.wgsr.uw.edu.pl\\\/?page_id=1018#breadcrumb\"},\"inLanguage\":\"pl-PL\",\"potentialAction\":[{\"@type\":\"ReadAction\",\"target\":[\"https:\\\/\\\/pisg.wgsr.uw.edu.pl\\\/?page_id=1018\"]}]},{\"@type\":\"BreadcrumbList\",\"@id\":\"https:\\\/\\\/pisg.wgsr.uw.edu.pl\\\/?page_id=1018#breadcrumb\",\"itemListElement\":[{\"@type\":\"ListItem\",\"position\":1,\"name\":\"Strona g\u0142\u00f3wna\",\"item\":\"https:\\\/\\\/pisg.wgsr.uw.edu.pl\\\/\"},{\"@type\":\"ListItem\",\"position\":2,\"name\":\"Tomy\",\"item\":\"https:\\\/\\\/pisg.wgsr.uw.edu.pl\\\/?page_id=97\"},{\"@type\":\"ListItem\",\"position\":3,\"name\":\"Tom 65, zeszyt 1 [Volume 65, Issue 1] &#8211; red. Iwona Szumacher\"}]},{\"@type\":\"WebSite\",\"@id\":\"https:\\\/\\\/pisg.wgsr.uw.edu.pl\\\/#website\",\"url\":\"https:\\\/\\\/pisg.wgsr.uw.edu.pl\\\/\",\"name\":\"Prace i Studia Geograficzne | Studies in Geography\",\"description\":\"Prace i Studia Geograficzne s\u0105 recenzowanym czasopismem wydawanym przez Wydzia\u0142 Geografii i Studi\u00f3w Regionalnych Uniwersytetu Warszawskiego\",\"potentialAction\":[{\"@type\":\"SearchAction\",\"target\":{\"@type\":\"EntryPoint\",\"urlTemplate\":\"https:\\\/\\\/pisg.wgsr.uw.edu.pl\\\/?s={search_term_string}\"},\"query-input\":{\"@type\":\"PropertyValueSpecification\",\"valueRequired\":true,\"valueName\":\"search_term_string\"}}],\"inLanguage\":\"pl-PL\"}]}<\/script>\n<!-- \/ Yoast SEO plugin. -->","yoast_head_json":{"title":"Tom 65, zeszyt 1 [Volume 65, Issue 1] - red. Iwona Szumacher - Prace i Studia Geograficzne | Studies in Geography","description":"Tom obejmuje cz\u0119\u015b\u0107 wynik\u00f3w projektu \"Przyroda Pola Mokotowskiego\". Najwa\u017cniejszym jego celem by\u0142o jak najdok\u0142adniejsze zbadanie dzikich organizm\u00f3w parku","robots":{"index":"index","follow":"follow","max-snippet":"max-snippet:-1","max-image-preview":"max-image-preview:large","max-video-preview":"max-video-preview:-1"},"canonical":"https:\/\/pisg.wgsr.uw.edu.pl\/?page_id=1018","og_locale":"pl_PL","og_type":"article","og_title":"Tom 65, zeszyt 1 [Volume 65, Issue 1] - red. Iwona Szumacher - Prace i Studia Geograficzne | Studies in Geography","og_description":"Tom obejmuje cz\u0119\u015b\u0107 wynik\u00f3w projektu \"Przyroda Pola Mokotowskiego\". Najwa\u017cniejszym jego celem by\u0142o jak najdok\u0142adniejsze zbadanie dzikich organizm\u00f3w parku","og_url":"https:\/\/pisg.wgsr.uw.edu.pl\/?page_id=1018","og_site_name":"Prace i Studia Geograficzne | Studies in Geography","article_modified_time":"2025-10-10T14:39:18+00:00","twitter_card":"summary_large_image","twitter_misc":{"Szacowany czas czytania":"2 minuty"},"schema":{"@context":"https:\/\/schema.org","@graph":[{"@type":"WebPage","@id":"https:\/\/pisg.wgsr.uw.edu.pl\/?page_id=1018","url":"https:\/\/pisg.wgsr.uw.edu.pl\/?page_id=1018","name":"Tom 65, zeszyt 1 [Volume 65, Issue 1] - red. Iwona Szumacher - Prace i Studia Geograficzne | Studies in Geography","isPartOf":{"@id":"https:\/\/pisg.wgsr.uw.edu.pl\/#website"},"datePublished":"2020-05-12T18:22:46+00:00","dateModified":"2025-10-10T14:39:18+00:00","description":"Tom obejmuje cz\u0119\u015b\u0107 wynik\u00f3w projektu \"Przyroda Pola Mokotowskiego\". Najwa\u017cniejszym jego celem by\u0142o jak najdok\u0142adniejsze zbadanie dzikich organizm\u00f3w parku","breadcrumb":{"@id":"https:\/\/pisg.wgsr.uw.edu.pl\/?page_id=1018#breadcrumb"},"inLanguage":"pl-PL","potentialAction":[{"@type":"ReadAction","target":["https:\/\/pisg.wgsr.uw.edu.pl\/?page_id=1018"]}]},{"@type":"BreadcrumbList","@id":"https:\/\/pisg.wgsr.uw.edu.pl\/?page_id=1018#breadcrumb","itemListElement":[{"@type":"ListItem","position":1,"name":"Strona g\u0142\u00f3wna","item":"https:\/\/pisg.wgsr.uw.edu.pl\/"},{"@type":"ListItem","position":2,"name":"Tomy","item":"https:\/\/pisg.wgsr.uw.edu.pl\/?page_id=97"},{"@type":"ListItem","position":3,"name":"Tom 65, zeszyt 1 [Volume 65, Issue 1] &#8211; red. Iwona Szumacher"}]},{"@type":"WebSite","@id":"https:\/\/pisg.wgsr.uw.edu.pl\/#website","url":"https:\/\/pisg.wgsr.uw.edu.pl\/","name":"Prace i Studia Geograficzne | Studies in Geography","description":"Prace i Studia Geograficzne s\u0105 recenzowanym czasopismem wydawanym przez Wydzia\u0142 Geografii i Studi\u00f3w Regionalnych Uniwersytetu Warszawskiego","potentialAction":[{"@type":"SearchAction","target":{"@type":"EntryPoint","urlTemplate":"https:\/\/pisg.wgsr.uw.edu.pl\/?s={search_term_string}"},"query-input":{"@type":"PropertyValueSpecification","valueRequired":true,"valueName":"search_term_string"}}],"inLanguage":"pl-PL"}]}},"_links":{"self":[{"href":"https:\/\/pisg.wgsr.uw.edu.pl\/index.php?rest_route=\/wp\/v2\/pages\/1018","targetHints":{"allow":["GET"]}}],"collection":[{"href":"https:\/\/pisg.wgsr.uw.edu.pl\/index.php?rest_route=\/wp\/v2\/pages"}],"about":[{"href":"https:\/\/pisg.wgsr.uw.edu.pl\/index.php?rest_route=\/wp\/v2\/types\/page"}],"author":[{"embeddable":true,"href":"https:\/\/pisg.wgsr.uw.edu.pl\/index.php?rest_route=\/wp\/v2\/users\/1"}],"replies":[{"embeddable":true,"href":"https:\/\/pisg.wgsr.uw.edu.pl\/index.php?rest_route=%2Fwp%2Fv2%2Fcomments&post=1018"}],"version-history":[{"count":3,"href":"https:\/\/pisg.wgsr.uw.edu.pl\/index.php?rest_route=\/wp\/v2\/pages\/1018\/revisions"}],"predecessor-version":[{"id":3811,"href":"https:\/\/pisg.wgsr.uw.edu.pl\/index.php?rest_route=\/wp\/v2\/pages\/1018\/revisions\/3811"}],"up":[{"embeddable":true,"href":"https:\/\/pisg.wgsr.uw.edu.pl\/index.php?rest_route=\/wp\/v2\/pages\/97"}],"wp:attachment":[{"href":"https:\/\/pisg.wgsr.uw.edu.pl\/index.php?rest_route=%2Fwp%2Fv2%2Fmedia&parent=1018"}],"curies":[{"name":"wp","href":"https:\/\/api.w.org\/{rel}","templated":true}]}}