{"id":118,"date":"2020-03-09T17:14:57","date_gmt":"2020-03-09T16:14:57","guid":{"rendered":"http:\/\/wgsr.uw.edu.pl\/pisg\/?page_id=118"},"modified":"2024-06-17T17:13:53","modified_gmt":"2024-06-17T17:13:53","slug":"t-64-4","status":"publish","type":"page","link":"https:\/\/pisg.wgsr.uw.edu.pl\/?page_id=118","title":{"rendered":"Tom 64, zeszyt 4 [Volume 64, Issue 4] \u2013 red. Miko\u0142aj Madurowicz, Aleksandra Korpysz"},"content":{"rendered":"\r\n<p><a href=\"https:\/\/pisg.wgsr.uw.edu.pl\/wp-content\/uploads\/2024\/06\/00_Strony_redakcyjne_12-02-2020.pdf\">Strony tytu\u0142owe i spis tre\u015bci<\/a><\/p>\r\n\r\n\r\n\r\n<p><a href=\"https:\/\/pisg.wgsr.uw.edu.pl\/wp-content\/uploads\/2024\/06\/001_Wstep_12-02-2020.pdf\">Dlaczego o geografii i literaturze? S\u0142owo wst\u0119pne<\/a><\/p>\r\n\r\n\r\n\r\n<p><strong>Andrzej KOWALCZYK<\/strong><a href=\"http:\/\/pisg.wgsr.uw.edu.pl\/\/index.php\/tomy\/t-64-4\/64-4-11-42\/\">\u00a0<\/a><a href=\"http:\/\/pisg.wgsr.uw.edu.pl\/\/index.php\/tomy\/t-64-4\/ss-11-42\">\u201e<\/a><a href=\"https:\/\/pisg.wgsr.uw.edu.pl\/?p=355\">Geograficzno\u015b\u0107\u201d w tekstach piosenek zespo\u0142u Grateful Dead \/ \u201eGeographicity\u201d in the lyrics of the Grateful Dead band<\/a><\/p>\r\n\r\n\r\n\r\n<p><strong>El\u017cbieta KONO\u0143CZUK\u00a0<\/strong><a href=\"https:\/\/pisg.wgsr.uw.edu.pl\/?p=405\">Powie\u015b\u0107 geograficzna \u2013 <em>Dunaj<\/em> Claudio Magrisa \/ Geographical novel \u2013 <em>Danube<\/em> by Claudio Magris<\/a><\/p>\r\n\r\n\r\n\r\n<p><strong>W\u0142odzimierz Karol PESSEL<\/strong>\u00a0<a href=\"https:\/\/pisg.wgsr.uw.edu.pl\/?p=440\">Uporczywe kartografie i mapy z Doliny Mumink\u00f3w \/ A Wrongheaded Approach to Cartography in Humanities and Maps from Moominvalley<\/a><\/p>\r\n\r\n\r\n\r\n<p><strong>Teresa R\u0104CZKA-JEZIORSKA<\/strong><a href=\"http:\/\/wgsr.uw.edu.pl\/wgsr\/wp-content\/uploads\/2020\/01\/04_R%C4%85czka_T_12-02-2020-1.pdf\">\u00a0<\/a><a href=\"https:\/\/pisg.wgsr.uw.edu.pl\/?p=454\">O literackiej topografii dawnych dwor\u00f3w polsko-inflanckich \/ On the Literary Topography of Old Polish-Livonian Manors<\/a><\/p>\r\n\r\n\r\n\r\n<p><strong>Bogumi\u0142a LISOCKA-JAEGERMANN<\/strong><a href=\"http:\/\/wgsr.uw.edu.pl\/wgsr\/wp-content\/uploads\/2020\/01\/05_Lisocka_Jeagermann_B_03-02-2020.pdf\">\u00a0<\/a><a href=\"https:\/\/pisg.wgsr.uw.edu.pl\/?p=466\">Geografia i literatura pi\u0119kna \u2013 spojrzenie na Ameryk\u0119 \u0141aci\u0144sk\u0105 \/ Geography and Literature \u2013 Latin American perspective<\/a><\/p>\r\n\r\n\r\n\r\n<p><strong>Natalia CHWAJA<\/strong>\u00a0<a href=\"https:\/\/pisg.wgsr.uw.edu.pl\/?p=474\">Marzenia o zanikaniu: nomadyczne podmioty w\u0142oskiego pogranicza \/ Dreams about fading away: nomadic subjects of the Italian frontier<\/a><\/p>\r\n\r\n\r\n\r\n<p><strong>Andrzej LE\u015aNIAK<\/strong>\u00a0<a href=\"https:\/\/pisg.wgsr.uw.edu.pl\/?p=483\">Atmosfera hipermarketu spo\u0142ecznego. Architektura w powie\u015bciach Michela Houellebecqa \/ The Atmosphere of Social Hypermarket. Architecture in Michel Houellebecq\u2019s Novels<\/a><\/p>\r\n\r\n\r\n\r\n<p><strong>El\u017cbieta RYBICKA<\/strong>\u00a0<a href=\"https:\/\/pisg.wgsr.uw.edu.pl\/?p=490\">Kilka uwag do genealogii krajobrazu narodowego na przyk\u0142adzie <em>Krajobrazu Polski<\/em> Jerzego Smole\u0144skiego oraz <em>Ziemi polskiej w pie\u015bni<\/em> zredagowanej przez Jana Lorentowicza \/ A few remarks on the genealogy of the national landscape on the example of Jerzy Smole\u0144ski <em>Landscape of Poland<\/em> and <em>Polish Land in poetry<\/em> edited by Jan Lorentowicz<\/a><\/p>\r\n\r\n\r\n\r\n<p>(data publikacji online: 31.01.2020)<\/p>\r\n","protected":false},"excerpt":{"rendered":"<p>Strony tytu\u0142owe i spis tre\u015bci Dlaczego o geografii i literaturze? S\u0142owo wst\u0119pne Andrzej KOWALCZYK\u00a0\u201eGeograficzno\u015b\u0107\u201d w tekstach piosenek zespo\u0142u Grateful Dead \/ \u201eGeographicity\u201d in the lyrics of the Grateful Dead band El\u017cbieta KONO\u0143CZUK\u00a0Powie\u015b\u0107 geograficzna \u2013 Dunaj Claudio Magrisa \/ Geographical novel \u2013 Danube by Claudio Magris W\u0142odzimierz Karol PESSEL\u00a0Uporczywe kartografie i mapy z Doliny Mumink\u00f3w \/ [&hellip;]<\/p>\n","protected":false},"author":2,"featured_media":0,"parent":97,"menu_order":0,"comment_status":"closed","ping_status":"closed","template":"","meta":{"_monsterinsights_skip_tracking":false,"_monsterinsights_sitenote_active":false,"_monsterinsights_sitenote_note":"","_monsterinsights_sitenote_category":0,"footnotes":""},"class_list":["post-118","page","type-page","status-publish","hentry","post"],"yoast_head":"<!-- This site is optimized with the Yoast SEO plugin v27.5 - https:\/\/yoast.com\/product\/yoast-seo-wordpress\/ -->\n<title>Tom 64, zeszyt 4 [Volume 64, Issue 4] \u2013 red. Miko\u0142aj Madurowicz, Aleksandra Korpysz - Prace i Studia Geograficzne | Studies in Geography<\/title>\n<meta name=\"description\" content=\"Niniejszy zeszyt Prac i Studi\u00f3w Geograficznych po\u015bwi\u0119camy zwi\u0105zkom geografii i literatury, zobrazowanym w o\u015bmiu konkretnych ods\u0142onach.\" \/>\n<meta name=\"robots\" content=\"index, follow, max-snippet:-1, max-image-preview:large, max-video-preview:-1\" \/>\n<link rel=\"canonical\" href=\"https:\/\/pisg.wgsr.uw.edu.pl\/?page_id=118\" \/>\n<meta property=\"og:locale\" content=\"pl_PL\" \/>\n<meta property=\"og:type\" content=\"article\" \/>\n<meta property=\"og:title\" content=\"Tom 64, zeszyt 4 [Volume 64, Issue 4] \u2013 red. Miko\u0142aj Madurowicz, Aleksandra Korpysz - Prace i Studia Geograficzne | Studies in Geography\" \/>\n<meta property=\"og:description\" content=\"Niniejszy zeszyt Prac i Studi\u00f3w Geograficznych po\u015bwi\u0119camy zwi\u0105zkom geografii i literatury, zobrazowanym w o\u015bmiu konkretnych ods\u0142onach.\" \/>\n<meta property=\"og:url\" content=\"https:\/\/pisg.wgsr.uw.edu.pl\/?page_id=118\" \/>\n<meta property=\"og:site_name\" content=\"Prace i Studia Geograficzne | Studies in Geography\" \/>\n<meta property=\"article:modified_time\" content=\"2024-06-17T17:13:53+00:00\" \/>\n<meta name=\"twitter:card\" content=\"summary_large_image\" \/>\n<meta name=\"twitter:label1\" content=\"Szacowany czas czytania\" \/>\n\t<meta name=\"twitter:data1\" content=\"2 minuty\" \/>\n<script type=\"application\/ld+json\" class=\"yoast-schema-graph\">{\"@context\":\"https:\\\/\\\/schema.org\",\"@graph\":[{\"@type\":\"WebPage\",\"@id\":\"https:\\\/\\\/pisg.wgsr.uw.edu.pl\\\/?page_id=118\",\"url\":\"https:\\\/\\\/pisg.wgsr.uw.edu.pl\\\/?page_id=118\",\"name\":\"Tom 64, zeszyt 4 [Volume 64, Issue 4] \u2013 red. Miko\u0142aj Madurowicz, Aleksandra Korpysz - Prace i Studia Geograficzne | Studies in Geography\",\"isPartOf\":{\"@id\":\"https:\\\/\\\/pisg.wgsr.uw.edu.pl\\\/#website\"},\"datePublished\":\"2020-03-09T16:14:57+00:00\",\"dateModified\":\"2024-06-17T17:13:53+00:00\",\"description\":\"Niniejszy zeszyt Prac i Studi\u00f3w Geograficznych po\u015bwi\u0119camy zwi\u0105zkom geografii i literatury, zobrazowanym w o\u015bmiu konkretnych ods\u0142onach.\",\"breadcrumb\":{\"@id\":\"https:\\\/\\\/pisg.wgsr.uw.edu.pl\\\/?page_id=118#breadcrumb\"},\"inLanguage\":\"pl-PL\",\"potentialAction\":[{\"@type\":\"ReadAction\",\"target\":[\"https:\\\/\\\/pisg.wgsr.uw.edu.pl\\\/?page_id=118\"]}]},{\"@type\":\"BreadcrumbList\",\"@id\":\"https:\\\/\\\/pisg.wgsr.uw.edu.pl\\\/?page_id=118#breadcrumb\",\"itemListElement\":[{\"@type\":\"ListItem\",\"position\":1,\"name\":\"Strona g\u0142\u00f3wna\",\"item\":\"https:\\\/\\\/pisg.wgsr.uw.edu.pl\\\/\"},{\"@type\":\"ListItem\",\"position\":2,\"name\":\"Tomy\",\"item\":\"https:\\\/\\\/pisg.wgsr.uw.edu.pl\\\/?page_id=97\"},{\"@type\":\"ListItem\",\"position\":3,\"name\":\"Tom 64, zeszyt 4 [Volume 64, Issue 4] \u2013 red. Miko\u0142aj Madurowicz, Aleksandra Korpysz\"}]},{\"@type\":\"WebSite\",\"@id\":\"https:\\\/\\\/pisg.wgsr.uw.edu.pl\\\/#website\",\"url\":\"https:\\\/\\\/pisg.wgsr.uw.edu.pl\\\/\",\"name\":\"Prace i Studia Geograficzne | Studies in Geography\",\"description\":\"Prace i Studia Geograficzne s\u0105 recenzowanym czasopismem wydawanym przez Wydzia\u0142 Geografii i Studi\u00f3w Regionalnych Uniwersytetu Warszawskiego\",\"potentialAction\":[{\"@type\":\"SearchAction\",\"target\":{\"@type\":\"EntryPoint\",\"urlTemplate\":\"https:\\\/\\\/pisg.wgsr.uw.edu.pl\\\/?s={search_term_string}\"},\"query-input\":{\"@type\":\"PropertyValueSpecification\",\"valueRequired\":true,\"valueName\":\"search_term_string\"}}],\"inLanguage\":\"pl-PL\"}]}<\/script>\n<!-- \/ Yoast SEO plugin. -->","yoast_head_json":{"title":"Tom 64, zeszyt 4 [Volume 64, Issue 4] \u2013 red. Miko\u0142aj Madurowicz, Aleksandra Korpysz - Prace i Studia Geograficzne | Studies in Geography","description":"Niniejszy zeszyt Prac i Studi\u00f3w Geograficznych po\u015bwi\u0119camy zwi\u0105zkom geografii i literatury, zobrazowanym w o\u015bmiu konkretnych ods\u0142onach.","robots":{"index":"index","follow":"follow","max-snippet":"max-snippet:-1","max-image-preview":"max-image-preview:large","max-video-preview":"max-video-preview:-1"},"canonical":"https:\/\/pisg.wgsr.uw.edu.pl\/?page_id=118","og_locale":"pl_PL","og_type":"article","og_title":"Tom 64, zeszyt 4 [Volume 64, Issue 4] \u2013 red. Miko\u0142aj Madurowicz, Aleksandra Korpysz - Prace i Studia Geograficzne | Studies in Geography","og_description":"Niniejszy zeszyt Prac i Studi\u00f3w Geograficznych po\u015bwi\u0119camy zwi\u0105zkom geografii i literatury, zobrazowanym w o\u015bmiu konkretnych ods\u0142onach.","og_url":"https:\/\/pisg.wgsr.uw.edu.pl\/?page_id=118","og_site_name":"Prace i Studia Geograficzne | Studies in Geography","article_modified_time":"2024-06-17T17:13:53+00:00","twitter_card":"summary_large_image","twitter_misc":{"Szacowany czas czytania":"2 minuty"},"schema":{"@context":"https:\/\/schema.org","@graph":[{"@type":"WebPage","@id":"https:\/\/pisg.wgsr.uw.edu.pl\/?page_id=118","url":"https:\/\/pisg.wgsr.uw.edu.pl\/?page_id=118","name":"Tom 64, zeszyt 4 [Volume 64, Issue 4] \u2013 red. Miko\u0142aj Madurowicz, Aleksandra Korpysz - Prace i Studia Geograficzne | Studies in Geography","isPartOf":{"@id":"https:\/\/pisg.wgsr.uw.edu.pl\/#website"},"datePublished":"2020-03-09T16:14:57+00:00","dateModified":"2024-06-17T17:13:53+00:00","description":"Niniejszy zeszyt Prac i Studi\u00f3w Geograficznych po\u015bwi\u0119camy zwi\u0105zkom geografii i literatury, zobrazowanym w o\u015bmiu konkretnych ods\u0142onach.","breadcrumb":{"@id":"https:\/\/pisg.wgsr.uw.edu.pl\/?page_id=118#breadcrumb"},"inLanguage":"pl-PL","potentialAction":[{"@type":"ReadAction","target":["https:\/\/pisg.wgsr.uw.edu.pl\/?page_id=118"]}]},{"@type":"BreadcrumbList","@id":"https:\/\/pisg.wgsr.uw.edu.pl\/?page_id=118#breadcrumb","itemListElement":[{"@type":"ListItem","position":1,"name":"Strona g\u0142\u00f3wna","item":"https:\/\/pisg.wgsr.uw.edu.pl\/"},{"@type":"ListItem","position":2,"name":"Tomy","item":"https:\/\/pisg.wgsr.uw.edu.pl\/?page_id=97"},{"@type":"ListItem","position":3,"name":"Tom 64, zeszyt 4 [Volume 64, Issue 4] \u2013 red. Miko\u0142aj Madurowicz, Aleksandra Korpysz"}]},{"@type":"WebSite","@id":"https:\/\/pisg.wgsr.uw.edu.pl\/#website","url":"https:\/\/pisg.wgsr.uw.edu.pl\/","name":"Prace i Studia Geograficzne | Studies in Geography","description":"Prace i Studia Geograficzne s\u0105 recenzowanym czasopismem wydawanym przez Wydzia\u0142 Geografii i Studi\u00f3w Regionalnych Uniwersytetu Warszawskiego","potentialAction":[{"@type":"SearchAction","target":{"@type":"EntryPoint","urlTemplate":"https:\/\/pisg.wgsr.uw.edu.pl\/?s={search_term_string}"},"query-input":{"@type":"PropertyValueSpecification","valueRequired":true,"valueName":"search_term_string"}}],"inLanguage":"pl-PL"}]}},"_links":{"self":[{"href":"https:\/\/pisg.wgsr.uw.edu.pl\/index.php?rest_route=\/wp\/v2\/pages\/118","targetHints":{"allow":["GET"]}}],"collection":[{"href":"https:\/\/pisg.wgsr.uw.edu.pl\/index.php?rest_route=\/wp\/v2\/pages"}],"about":[{"href":"https:\/\/pisg.wgsr.uw.edu.pl\/index.php?rest_route=\/wp\/v2\/types\/page"}],"author":[{"embeddable":true,"href":"https:\/\/pisg.wgsr.uw.edu.pl\/index.php?rest_route=\/wp\/v2\/users\/2"}],"replies":[{"embeddable":true,"href":"https:\/\/pisg.wgsr.uw.edu.pl\/index.php?rest_route=%2Fwp%2Fv2%2Fcomments&post=118"}],"version-history":[{"count":3,"href":"https:\/\/pisg.wgsr.uw.edu.pl\/index.php?rest_route=\/wp\/v2\/pages\/118\/revisions"}],"predecessor-version":[{"id":3256,"href":"https:\/\/pisg.wgsr.uw.edu.pl\/index.php?rest_route=\/wp\/v2\/pages\/118\/revisions\/3256"}],"up":[{"embeddable":true,"href":"https:\/\/pisg.wgsr.uw.edu.pl\/index.php?rest_route=\/wp\/v2\/pages\/97"}],"wp:attachment":[{"href":"https:\/\/pisg.wgsr.uw.edu.pl\/index.php?rest_route=%2Fwp%2Fv2%2Fmedia&parent=118"}],"curies":[{"name":"wp","href":"https:\/\/api.w.org\/{rel}","templated":true}]}}