{"id":1276,"date":"2020-09-30T10:30:38","date_gmt":"2020-09-30T08:30:38","guid":{"rendered":"http:\/\/wgsr.uw.edu.pl\/pisg\/?page_id=1276"},"modified":"2025-10-09T15:10:59","modified_gmt":"2025-10-09T15:10:59","slug":"tom-62-zeszyt-3-volume-62-issue-3-red-malgorzata-durydiwka","status":"publish","type":"page","link":"https:\/\/pisg.wgsr.uw.edu.pl\/?page_id=1276","title":{"rendered":"Tom 62, zeszyt 3 [Volume 62, Issue 3] &#8211; red. Ma\u0142gorzata Durydiwka"},"content":{"rendered":"\r\n<p><a href=\"https:\/\/pisg.wgsr.uw.edu.pl\/wp-content\/uploads\/2020\/09\/00_Strony_poczatkowe_29-11-2017.pdf\">Strony tytu\u0142owe i spis tre\u015bci<\/a><\/p>\r\n\r\n\r\n\r\n<p><strong>Miko\u0142aj MADUROWICZ<\/strong> <a href=\"https:\/\/pisg.wgsr.uw.edu.pl\/?p=1279\">Jak pyta\u0107 o ci\u0105g\u0142o\u015b\u0107 miasta? Glosa do wi\u0119kszej ca\u0142o\u015bci \/ How to ask about the continuity of a city? A gloss on the broader thesis<\/a><\/p>\r\n\r\n\r\n\r\n<p><strong>Krzysztof G\u00d3RNY<\/strong> <a href=\"https:\/\/pisg.wgsr.uw.edu.pl\/?p=1283\">\u015alady kolonializmu we wsp\u00f3\u0142czesnej przestrzeni miejskiej Band\u017culu (Gambia) \/ Traces of colonialism in contemporary urban space of Banjul (The Gambia)<\/a><\/p>\r\n\r\n\r\n\r\n<p><strong>Alina ZAJADACZ<\/strong> <a href=\"https:\/\/pisg.wgsr.uw.edu.pl\/?p=1287\">Dyssatysfakcja w przestrzeni turystycznej. Negatywne opinie u\u017cytkownik\u00f3w TripAdvisor na temat g\u0142\u00f3wnych atrakcji turystycznych wybranych miast w Polsce \/ The dissatisfaction in space tourism. Negative feedback of the TripAdvisor users on the main tourist attractions of selected cities in Poland<\/a><\/p>\r\n\r\n\r\n\r\n<p><strong>Iwona JA\u017bEWICZ, Aleksandra ZIENKIEWICZ<\/strong> <a href=\"https:\/\/pisg.wgsr.uw.edu.pl\/?p=1291\">Uwarunkowania rozwoju osadnictwa letniskowego w powiecie kartuskim \/ Conditions of holiday settlement development in the administrative district of Kartuzy<\/a><\/p>\r\n\r\n\r\n\r\n<p><strong>Joanna ZIELI\u0143SKA-SZCZEPKOWSKA<\/strong> <a href=\"https:\/\/pisg.wgsr.uw.edu.pl\/?p=1294\">Klastry jako przyk\u0142ad wsp\u00f3\u0142dzia\u0142ania w sektorze turystyki \u2013 studium przypadku elbl\u0105skiego klastra turystycznego \/ Clusters as the example of cooperation in tourism sector \u2013 a case study of The Elbl\u0105g\u2019s Tourism Cluster<\/a><\/p>\r\n\r\n\r\n\r\n<p><strong>Barbara WO\u015a<\/strong> <a href=\"https:\/\/pisg.wgsr.uw.edu.pl\/?p=1299\">Turystyka zielarska i uwarunkowania jej rozwoju \/ Herbal tourism and conditions for its development<\/a><\/p>\r\n","protected":false},"excerpt":{"rendered":"<p>Strony tytu\u0142owe i spis tre\u015bci Miko\u0142aj MADUROWICZ Jak pyta\u0107 o ci\u0105g\u0142o\u015b\u0107 miasta? Glosa do wi\u0119kszej ca\u0142o\u015bci \/ How to ask about the continuity of a city? A gloss on the broader thesis Krzysztof G\u00d3RNY \u015alady kolonializmu we wsp\u00f3\u0142czesnej przestrzeni miejskiej Band\u017culu (Gambia) \/ Traces of colonialism in contemporary urban space of Banjul (The Gambia) Alina [&hellip;]<\/p>\n","protected":false},"author":1,"featured_media":0,"parent":97,"menu_order":0,"comment_status":"closed","ping_status":"closed","template":"","meta":{"_monsterinsights_skip_tracking":false,"_monsterinsights_sitenote_active":false,"_monsterinsights_sitenote_note":"","_monsterinsights_sitenote_category":0,"footnotes":""},"class_list":["post-1276","page","type-page","status-publish","hentry","post"],"yoast_head":"<!-- This site is optimized with the Yoast SEO plugin v27.4 - https:\/\/yoast.com\/product\/yoast-seo-wordpress\/ -->\n<title>Tom 62, zeszyt 3 [Volume 62, Issue 3] - red. Ma\u0142gorzata Durydiwka - Prace i Studia Geograficzne | Studies in Geography<\/title>\n<meta name=\"robots\" content=\"index, follow, max-snippet:-1, max-image-preview:large, max-video-preview:-1\" \/>\n<link rel=\"canonical\" href=\"https:\/\/pisg.wgsr.uw.edu.pl\/?page_id=1276\" \/>\n<meta property=\"og:locale\" content=\"pl_PL\" \/>\n<meta property=\"og:type\" content=\"article\" \/>\n<meta property=\"og:title\" content=\"Tom 62, zeszyt 3 [Volume 62, Issue 3] - red. Ma\u0142gorzata Durydiwka - Prace i Studia Geograficzne | Studies in Geography\" \/>\n<meta property=\"og:description\" content=\"Strony tytu\u0142owe i spis tre\u015bci Miko\u0142aj MADUROWICZ Jak pyta\u0107 o ci\u0105g\u0142o\u015b\u0107 miasta? Glosa do wi\u0119kszej ca\u0142o\u015bci \/ How to ask about the continuity of a city? A gloss on the broader thesis Krzysztof G\u00d3RNY \u015alady kolonializmu we wsp\u00f3\u0142czesnej przestrzeni miejskiej Band\u017culu (Gambia) \/ Traces of colonialism in contemporary urban space of Banjul (The Gambia) Alina [&hellip;]\" \/>\n<meta property=\"og:url\" content=\"https:\/\/pisg.wgsr.uw.edu.pl\/?page_id=1276\" \/>\n<meta property=\"og:site_name\" content=\"Prace i Studia Geograficzne | Studies in Geography\" \/>\n<meta property=\"article:modified_time\" content=\"2025-10-09T15:10:59+00:00\" \/>\n<meta name=\"twitter:card\" content=\"summary_large_image\" \/>\n<meta name=\"twitter:label1\" content=\"Szacowany czas czytania\" \/>\n\t<meta name=\"twitter:data1\" content=\"1 minuta\" \/>\n<script type=\"application\/ld+json\" class=\"yoast-schema-graph\">{\"@context\":\"https:\\\/\\\/schema.org\",\"@graph\":[{\"@type\":\"WebPage\",\"@id\":\"https:\\\/\\\/pisg.wgsr.uw.edu.pl\\\/?page_id=1276\",\"url\":\"https:\\\/\\\/pisg.wgsr.uw.edu.pl\\\/?page_id=1276\",\"name\":\"Tom 62, zeszyt 3 [Volume 62, Issue 3] - red. Ma\u0142gorzata Durydiwka - Prace i Studia Geograficzne | Studies in Geography\",\"isPartOf\":{\"@id\":\"https:\\\/\\\/pisg.wgsr.uw.edu.pl\\\/#website\"},\"datePublished\":\"2020-09-30T08:30:38+00:00\",\"dateModified\":\"2025-10-09T15:10:59+00:00\",\"breadcrumb\":{\"@id\":\"https:\\\/\\\/pisg.wgsr.uw.edu.pl\\\/?page_id=1276#breadcrumb\"},\"inLanguage\":\"pl-PL\",\"potentialAction\":[{\"@type\":\"ReadAction\",\"target\":[\"https:\\\/\\\/pisg.wgsr.uw.edu.pl\\\/?page_id=1276\"]}]},{\"@type\":\"BreadcrumbList\",\"@id\":\"https:\\\/\\\/pisg.wgsr.uw.edu.pl\\\/?page_id=1276#breadcrumb\",\"itemListElement\":[{\"@type\":\"ListItem\",\"position\":1,\"name\":\"Strona g\u0142\u00f3wna\",\"item\":\"https:\\\/\\\/pisg.wgsr.uw.edu.pl\\\/\"},{\"@type\":\"ListItem\",\"position\":2,\"name\":\"Tomy\",\"item\":\"https:\\\/\\\/pisg.wgsr.uw.edu.pl\\\/?page_id=97\"},{\"@type\":\"ListItem\",\"position\":3,\"name\":\"Tom 62, zeszyt 3 [Volume 62, Issue 3] &#8211; red. Ma\u0142gorzata Durydiwka\"}]},{\"@type\":\"WebSite\",\"@id\":\"https:\\\/\\\/pisg.wgsr.uw.edu.pl\\\/#website\",\"url\":\"https:\\\/\\\/pisg.wgsr.uw.edu.pl\\\/\",\"name\":\"Prace i Studia Geograficzne | Studies in Geography\",\"description\":\"Prace i Studia Geograficzne s\u0105 recenzowanym czasopismem wydawanym przez Wydzia\u0142 Geografii i Studi\u00f3w Regionalnych Uniwersytetu Warszawskiego\",\"potentialAction\":[{\"@type\":\"SearchAction\",\"target\":{\"@type\":\"EntryPoint\",\"urlTemplate\":\"https:\\\/\\\/pisg.wgsr.uw.edu.pl\\\/?s={search_term_string}\"},\"query-input\":{\"@type\":\"PropertyValueSpecification\",\"valueRequired\":true,\"valueName\":\"search_term_string\"}}],\"inLanguage\":\"pl-PL\"}]}<\/script>\n<!-- \/ Yoast SEO plugin. -->","yoast_head_json":{"title":"Tom 62, zeszyt 3 [Volume 62, Issue 3] - red. Ma\u0142gorzata Durydiwka - Prace i Studia Geograficzne | Studies in Geography","robots":{"index":"index","follow":"follow","max-snippet":"max-snippet:-1","max-image-preview":"max-image-preview:large","max-video-preview":"max-video-preview:-1"},"canonical":"https:\/\/pisg.wgsr.uw.edu.pl\/?page_id=1276","og_locale":"pl_PL","og_type":"article","og_title":"Tom 62, zeszyt 3 [Volume 62, Issue 3] - red. Ma\u0142gorzata Durydiwka - Prace i Studia Geograficzne | Studies in Geography","og_description":"Strony tytu\u0142owe i spis tre\u015bci Miko\u0142aj MADUROWICZ Jak pyta\u0107 o ci\u0105g\u0142o\u015b\u0107 miasta? Glosa do wi\u0119kszej ca\u0142o\u015bci \/ How to ask about the continuity of a city? A gloss on the broader thesis Krzysztof G\u00d3RNY \u015alady kolonializmu we wsp\u00f3\u0142czesnej przestrzeni miejskiej Band\u017culu (Gambia) \/ Traces of colonialism in contemporary urban space of Banjul (The Gambia) Alina [&hellip;]","og_url":"https:\/\/pisg.wgsr.uw.edu.pl\/?page_id=1276","og_site_name":"Prace i Studia Geograficzne | Studies in Geography","article_modified_time":"2025-10-09T15:10:59+00:00","twitter_card":"summary_large_image","twitter_misc":{"Szacowany czas czytania":"1 minuta"},"schema":{"@context":"https:\/\/schema.org","@graph":[{"@type":"WebPage","@id":"https:\/\/pisg.wgsr.uw.edu.pl\/?page_id=1276","url":"https:\/\/pisg.wgsr.uw.edu.pl\/?page_id=1276","name":"Tom 62, zeszyt 3 [Volume 62, Issue 3] - red. Ma\u0142gorzata Durydiwka - Prace i Studia Geograficzne | Studies in Geography","isPartOf":{"@id":"https:\/\/pisg.wgsr.uw.edu.pl\/#website"},"datePublished":"2020-09-30T08:30:38+00:00","dateModified":"2025-10-09T15:10:59+00:00","breadcrumb":{"@id":"https:\/\/pisg.wgsr.uw.edu.pl\/?page_id=1276#breadcrumb"},"inLanguage":"pl-PL","potentialAction":[{"@type":"ReadAction","target":["https:\/\/pisg.wgsr.uw.edu.pl\/?page_id=1276"]}]},{"@type":"BreadcrumbList","@id":"https:\/\/pisg.wgsr.uw.edu.pl\/?page_id=1276#breadcrumb","itemListElement":[{"@type":"ListItem","position":1,"name":"Strona g\u0142\u00f3wna","item":"https:\/\/pisg.wgsr.uw.edu.pl\/"},{"@type":"ListItem","position":2,"name":"Tomy","item":"https:\/\/pisg.wgsr.uw.edu.pl\/?page_id=97"},{"@type":"ListItem","position":3,"name":"Tom 62, zeszyt 3 [Volume 62, Issue 3] &#8211; red. Ma\u0142gorzata Durydiwka"}]},{"@type":"WebSite","@id":"https:\/\/pisg.wgsr.uw.edu.pl\/#website","url":"https:\/\/pisg.wgsr.uw.edu.pl\/","name":"Prace i Studia Geograficzne | Studies in Geography","description":"Prace i Studia Geograficzne s\u0105 recenzowanym czasopismem wydawanym przez Wydzia\u0142 Geografii i Studi\u00f3w Regionalnych Uniwersytetu Warszawskiego","potentialAction":[{"@type":"SearchAction","target":{"@type":"EntryPoint","urlTemplate":"https:\/\/pisg.wgsr.uw.edu.pl\/?s={search_term_string}"},"query-input":{"@type":"PropertyValueSpecification","valueRequired":true,"valueName":"search_term_string"}}],"inLanguage":"pl-PL"}]}},"_links":{"self":[{"href":"https:\/\/pisg.wgsr.uw.edu.pl\/index.php?rest_route=\/wp\/v2\/pages\/1276","targetHints":{"allow":["GET"]}}],"collection":[{"href":"https:\/\/pisg.wgsr.uw.edu.pl\/index.php?rest_route=\/wp\/v2\/pages"}],"about":[{"href":"https:\/\/pisg.wgsr.uw.edu.pl\/index.php?rest_route=\/wp\/v2\/types\/page"}],"author":[{"embeddable":true,"href":"https:\/\/pisg.wgsr.uw.edu.pl\/index.php?rest_route=\/wp\/v2\/users\/1"}],"replies":[{"embeddable":true,"href":"https:\/\/pisg.wgsr.uw.edu.pl\/index.php?rest_route=%2Fwp%2Fv2%2Fcomments&post=1276"}],"version-history":[{"count":5,"href":"https:\/\/pisg.wgsr.uw.edu.pl\/index.php?rest_route=\/wp\/v2\/pages\/1276\/revisions"}],"predecessor-version":[{"id":3635,"href":"https:\/\/pisg.wgsr.uw.edu.pl\/index.php?rest_route=\/wp\/v2\/pages\/1276\/revisions\/3635"}],"up":[{"embeddable":true,"href":"https:\/\/pisg.wgsr.uw.edu.pl\/index.php?rest_route=\/wp\/v2\/pages\/97"}],"wp:attachment":[{"href":"https:\/\/pisg.wgsr.uw.edu.pl\/index.php?rest_route=%2Fwp%2Fv2%2Fmedia&parent=1276"}],"curies":[{"name":"wp","href":"https:\/\/api.w.org\/{rel}","templated":true}]}}