{"id":14,"date":"2020-03-05T19:18:53","date_gmt":"2020-03-05T18:18:53","guid":{"rendered":"http:\/\/wgsr.uw.edu.pl\/pisg\/?page_id=14"},"modified":"2026-01-10T12:38:04","modified_gmt":"2026-01-10T12:38:04","slug":"o-czasopismie","status":"publish","type":"page","link":"https:\/\/pisg.wgsr.uw.edu.pl\/","title":{"rendered":"O czasopi\u015bmie"},"content":{"rendered":"\r\n<p><strong><em>Prace i Studia Geograficzne<\/em><\/strong>\u00a0s\u0105 recenzowanym czasopismem wydawanym przez <a href=\"http:\/\/www.wgsr.uw.edu.pl\">Wydzia\u0142 Geografii i Studi\u00f3w Regionalnych Uniwersytetu Warszawskiego<\/a>. W latach 1964\u20131977 ukazywa\u0142o si\u0119 jako <em>Prace i Studia Instytutu Geografii Uniwersytetu Warszawskiego<\/em>. W czasopi\u015bmie publikowane s\u0105 oryginalne artyku\u0142y naukowe o charakterze teoretycznym, empirycznym, metodycznym lub przegl\u0105dowym z zakresu geografii spo\u0142eczno-ekonomicznej i fizycznej oraz nauk pokrewnych, jak: ochrona \u015brodowiska, gospodarka przestrzenna, socjologia, ekonomia, antropologia <em>etc<\/em>. Ka\u017cdy artyku\u0142 jest recenzowany przez dw\u00f3ch niezale\u017cnych recenzent\u00f3w spoza jednostki afiliowanej przez autora artyku\u0142u, przy zachowaniu zasady podw\u00f3jnej anonimowo\u015bci (ang<em>. double-blind review process<\/em>).<\/p>\r\n\r\n\r\n\r\n\r\n\r\n\r\n\r\n<p>ISSN: 0208-4589<\/p>\r\n\r\n\r\n\r\n<p>ISSN (<em>on-line<\/em>): 2543-7313<\/p>\r\n\r\n\r\n\r\n<p>Czasopismo wpisane do rejestru dziennik\u00f3w i czasopism pod numerem PR20641<\/p>\r\n\r\n\r\n\r\n<p>Liczba zeszyt\u00f3w rocznie: 4 (od 2015)<br \/>Liczba punkt\u00f3w na li\u015bcie MNiSW (2024): 70<\/p>\r\n<p>Od 2018 roku czasopismo ukazuje si\u0119 tylko w wersji <em>on-line<\/em>.<\/p>\r\n<p>Po 2018 roku niekt\u00f3re zeszyty okazyjnie ukazuj\u0105 si\u0119 tak\u017ce w wersji drukowanej \u2013 dotychczas w obu wersjach ukaza\u0142y si\u0119 nast\u0119puj\u0105ce zeszyty: 65.2, 65.3, 66.3, 66.4, 68.4.<\/p>\r\n\r\n\r\n\r\n\r\n\r\n<p>Status:\u00a0<em>Open Access<\/em><\/p>\r\n\r\n\r\n\r\n<p>Licencja Creative Commons:<br \/>Uznanie Autorstwa \u2013 U\u017cycie niekomercyjne \u2013 Bez utwor\u00f3w zale\u017cnych 4.0 Mi\u0119dzynarodowe (CC-BY-NC-ND 4.0)<\/p>\r\n\r\n\r\n\r\n<h3 class=\"wp-block-heading\">Indeksowanie:<\/h3>\r\n\r\n\r\n\r\n<ul class=\"wp-block-list\">\r\n<li>AGRO<\/li>\r\n<li>Astrophysics Data System (ADS)<\/li>\r\n<li>Baidu Scholar<\/li>\r\n<li>Bibliografia Geografii Polskiej<\/li>\r\n<li>CEEOL (Central and Eastern European Online Library)<\/li>\r\n<li>CNKI Scholar (China National Knowledge Infrastructure)<\/li>\r\n<li>Crossref<\/li>\r\n<li>Dimensions<\/li>\r\n<li>EBSCO<\/li>\r\n<li>Elsevier \u2013 SCImago<\/li>\r\n<li>Elsevier \u2013 Scopus<\/li>\r\n<li>Engineering Village &#8211; GEOBASE<\/li>\r\n<li>ERIH PLUS (European Reference Index for the Humanities and Social Sciences)<\/li>\r\n<li>ExLibris<\/li>\r\n<li>Google Scholar<\/li>\r\n<li><a href=\"https:\/\/journals.indexcopernicus.com\/search\/form?search=Prace%20i%20Studia%20Geograficzne\">Index Copernicus International<\/a> (ICV 2024 = 111.79)<\/li>\r\n<li>J-Gate<\/li>\r\n<li>Jisc &#8211; Open Policy Finder<\/li>\r\n<li>Naver Academic<\/li>\r\n<li>Naviga (Softweco)<\/li>\r\n<li>OpenAlex<\/li>\r\n<li>ReadCube<\/li>\r\n<li>ScienceON\/AccessON<\/li>\r\n<li>Semantic Scholar<\/li>\r\n<li>TDOne (TDNet)<\/li>\r\n<li>WanFang Data<\/li>\r\n<li>WorldCat (OCLC)<\/li>\r\n<li>X-MOL<\/li>\r\n<\/ul>\r\n\r\n\r\n\r\n<p><img loading=\"lazy\" decoding=\"async\" class=\"alignleft\" src=\"https:\/\/www.gov.pl\/attachment\/2c1b705b-359f-41bd-80cd-1a1086fa3fc7\" alt=\"Inicjatywa doskona\u0142o\u015bci \u2013 uczelnia badawcza - Ministerstwo ...\" width=\"147\" height=\"153\" \/><\/p>\r\n<p>&nbsp;<\/p>\r\n<p>&nbsp;<\/p>\r\n<p>Czasopismo otrzyma\u0142o dofinansowanie w ramach programu <em>Inicjatywa Doskona\u0142o\u015bci \u2013 Uczelnia Badawcza<\/em>.<\/p>\r\n<p>&nbsp;<\/p>\r\n<p>&nbsp;<\/p>\r\n<p>Zapraszamy r\u00f3wnie\u017c na stron\u0119 <em>Prac i Studi\u00f3w Geograficznych<\/em> na portalu Facebook.com <a href=\"https:\/\/www.facebook.com\/PiSG.WGSR\">https:\/\/www.facebook.com\/PiSG.WGSR<\/a>.<\/p>\r\n","protected":false},"excerpt":{"rendered":"<p>Prace i Studia Geograficzne\u00a0s\u0105 recenzowanym czasopismem wydawanym przez Wydzia\u0142 Geografii i Studi\u00f3w Regionalnych Uniwersytetu Warszawskiego. W latach 1964\u20131977 ukazywa\u0142o si\u0119 jako Prace i Studia Instytutu Geografii Uniwersytetu Warszawskiego. W czasopi\u015bmie publikowane s\u0105 oryginalne artyku\u0142y naukowe o charakterze teoretycznym, empirycznym, metodycznym lub przegl\u0105dowym z zakresu geografii spo\u0142eczno-ekonomicznej i fizycznej oraz nauk pokrewnych, jak: ochrona \u015brodowiska, gospodarka [&hellip;]<\/p>\n","protected":false},"author":2,"featured_media":0,"parent":0,"menu_order":0,"comment_status":"closed","ping_status":"closed","template":"","meta":{"_monsterinsights_skip_tracking":false,"_monsterinsights_sitenote_active":false,"_monsterinsights_sitenote_note":"","_monsterinsights_sitenote_category":0,"footnotes":""},"class_list":["post-14","page","type-page","status-publish","hentry","post"],"yoast_head":"<!-- This site is optimized with the Yoast SEO plugin v27.4 - https:\/\/yoast.com\/product\/yoast-seo-wordpress\/ -->\n<title>Prace i Studia Geograficzne | Studies in Geography<\/title>\n<meta name=\"description\" content=\"Prace i Studia Geograficzne - recenzowane czasopismo naukowe wydawane przez Wydzia\u0142 Geografii i Studi\u00f3w Regionalnych Uniwersytetu Warszawskiego.\" \/>\n<meta name=\"robots\" content=\"index, follow, max-snippet:-1, max-image-preview:large, max-video-preview:-1\" \/>\n<link rel=\"canonical\" href=\"https:\/\/pisg.wgsr.uw.edu.pl\/\" \/>\n<meta property=\"og:locale\" content=\"pl_PL\" \/>\n<meta property=\"og:type\" content=\"article\" \/>\n<meta property=\"og:title\" content=\"Prace i Studia Geograficzne | Studies in Geography\" \/>\n<meta property=\"og:description\" content=\"Prace i Studia Geograficzne - recenzowane czasopismo naukowe wydawane przez Wydzia\u0142 Geografii i Studi\u00f3w Regionalnych Uniwersytetu Warszawskiego.\" \/>\n<meta property=\"og:url\" content=\"https:\/\/pisg.wgsr.uw.edu.pl\/\" \/>\n<meta property=\"og:site_name\" content=\"Prace i Studia Geograficzne | Studies in Geography\" \/>\n<meta property=\"article:modified_time\" content=\"2026-01-10T12:38:04+00:00\" \/>\n<meta property=\"og:image\" content=\"https:\/\/www.gov.pl\/attachment\/2c1b705b-359f-41bd-80cd-1a1086fa3fc7\" \/>\n<meta name=\"twitter:card\" content=\"summary_large_image\" \/>\n<meta name=\"twitter:label1\" content=\"Szacowany czas czytania\" \/>\n\t<meta name=\"twitter:data1\" content=\"2 minuty\" \/>\n<script type=\"application\/ld+json\" class=\"yoast-schema-graph\">{\"@context\":\"https:\\\/\\\/schema.org\",\"@graph\":[{\"@type\":\"WebPage\",\"@id\":\"https:\\\/\\\/pisg.wgsr.uw.edu.pl\\\/\",\"url\":\"https:\\\/\\\/pisg.wgsr.uw.edu.pl\\\/\",\"name\":\"Prace i Studia Geograficzne | Studies in Geography\",\"isPartOf\":{\"@id\":\"https:\\\/\\\/pisg.wgsr.uw.edu.pl\\\/#website\"},\"primaryImageOfPage\":{\"@id\":\"https:\\\/\\\/pisg.wgsr.uw.edu.pl\\\/#primaryimage\"},\"image\":{\"@id\":\"https:\\\/\\\/pisg.wgsr.uw.edu.pl\\\/#primaryimage\"},\"thumbnailUrl\":\"https:\\\/\\\/www.gov.pl\\\/attachment\\\/2c1b705b-359f-41bd-80cd-1a1086fa3fc7\",\"datePublished\":\"2020-03-05T18:18:53+00:00\",\"dateModified\":\"2026-01-10T12:38:04+00:00\",\"description\":\"Prace i Studia Geograficzne - recenzowane czasopismo naukowe wydawane przez Wydzia\u0142 Geografii i Studi\u00f3w Regionalnych Uniwersytetu Warszawskiego.\",\"breadcrumb\":{\"@id\":\"https:\\\/\\\/pisg.wgsr.uw.edu.pl\\\/#breadcrumb\"},\"inLanguage\":\"pl-PL\",\"potentialAction\":[{\"@type\":\"ReadAction\",\"target\":[\"https:\\\/\\\/pisg.wgsr.uw.edu.pl\\\/\"]}]},{\"@type\":\"ImageObject\",\"inLanguage\":\"pl-PL\",\"@id\":\"https:\\\/\\\/pisg.wgsr.uw.edu.pl\\\/#primaryimage\",\"url\":\"https:\\\/\\\/www.gov.pl\\\/attachment\\\/2c1b705b-359f-41bd-80cd-1a1086fa3fc7\",\"contentUrl\":\"https:\\\/\\\/www.gov.pl\\\/attachment\\\/2c1b705b-359f-41bd-80cd-1a1086fa3fc7\"},{\"@type\":\"BreadcrumbList\",\"@id\":\"https:\\\/\\\/pisg.wgsr.uw.edu.pl\\\/#breadcrumb\",\"itemListElement\":[{\"@type\":\"ListItem\",\"position\":1,\"name\":\"Strona g\u0142\u00f3wna\",\"item\":\"https:\\\/\\\/pisg.wgsr.uw.edu.pl\\\/\"},{\"@type\":\"ListItem\",\"position\":2,\"name\":\"O czasopi\u015bmie\"}]},{\"@type\":\"WebSite\",\"@id\":\"https:\\\/\\\/pisg.wgsr.uw.edu.pl\\\/#website\",\"url\":\"https:\\\/\\\/pisg.wgsr.uw.edu.pl\\\/\",\"name\":\"Prace i Studia Geograficzne | Studies in Geography\",\"description\":\"Prace i Studia Geograficzne s\u0105 recenzowanym czasopismem wydawanym przez Wydzia\u0142 Geografii i Studi\u00f3w Regionalnych Uniwersytetu Warszawskiego\",\"potentialAction\":[{\"@type\":\"SearchAction\",\"target\":{\"@type\":\"EntryPoint\",\"urlTemplate\":\"https:\\\/\\\/pisg.wgsr.uw.edu.pl\\\/?s={search_term_string}\"},\"query-input\":{\"@type\":\"PropertyValueSpecification\",\"valueRequired\":true,\"valueName\":\"search_term_string\"}}],\"inLanguage\":\"pl-PL\"}]}<\/script>\n<!-- \/ Yoast SEO plugin. -->","yoast_head_json":{"title":"Prace i Studia Geograficzne | Studies in Geography","description":"Prace i Studia Geograficzne - recenzowane czasopismo naukowe wydawane przez Wydzia\u0142 Geografii i Studi\u00f3w Regionalnych Uniwersytetu Warszawskiego.","robots":{"index":"index","follow":"follow","max-snippet":"max-snippet:-1","max-image-preview":"max-image-preview:large","max-video-preview":"max-video-preview:-1"},"canonical":"https:\/\/pisg.wgsr.uw.edu.pl\/","og_locale":"pl_PL","og_type":"article","og_title":"Prace i Studia Geograficzne | Studies in Geography","og_description":"Prace i Studia Geograficzne - recenzowane czasopismo naukowe wydawane przez Wydzia\u0142 Geografii i Studi\u00f3w Regionalnych Uniwersytetu Warszawskiego.","og_url":"https:\/\/pisg.wgsr.uw.edu.pl\/","og_site_name":"Prace i Studia Geograficzne | Studies in Geography","article_modified_time":"2026-01-10T12:38:04+00:00","og_image":[{"url":"https:\/\/www.gov.pl\/attachment\/2c1b705b-359f-41bd-80cd-1a1086fa3fc7","type":"","width":"","height":""}],"twitter_card":"summary_large_image","twitter_misc":{"Szacowany czas czytania":"2 minuty"},"schema":{"@context":"https:\/\/schema.org","@graph":[{"@type":"WebPage","@id":"https:\/\/pisg.wgsr.uw.edu.pl\/","url":"https:\/\/pisg.wgsr.uw.edu.pl\/","name":"Prace i Studia Geograficzne | Studies in Geography","isPartOf":{"@id":"https:\/\/pisg.wgsr.uw.edu.pl\/#website"},"primaryImageOfPage":{"@id":"https:\/\/pisg.wgsr.uw.edu.pl\/#primaryimage"},"image":{"@id":"https:\/\/pisg.wgsr.uw.edu.pl\/#primaryimage"},"thumbnailUrl":"https:\/\/www.gov.pl\/attachment\/2c1b705b-359f-41bd-80cd-1a1086fa3fc7","datePublished":"2020-03-05T18:18:53+00:00","dateModified":"2026-01-10T12:38:04+00:00","description":"Prace i Studia Geograficzne - recenzowane czasopismo naukowe wydawane przez Wydzia\u0142 Geografii i Studi\u00f3w Regionalnych Uniwersytetu Warszawskiego.","breadcrumb":{"@id":"https:\/\/pisg.wgsr.uw.edu.pl\/#breadcrumb"},"inLanguage":"pl-PL","potentialAction":[{"@type":"ReadAction","target":["https:\/\/pisg.wgsr.uw.edu.pl\/"]}]},{"@type":"ImageObject","inLanguage":"pl-PL","@id":"https:\/\/pisg.wgsr.uw.edu.pl\/#primaryimage","url":"https:\/\/www.gov.pl\/attachment\/2c1b705b-359f-41bd-80cd-1a1086fa3fc7","contentUrl":"https:\/\/www.gov.pl\/attachment\/2c1b705b-359f-41bd-80cd-1a1086fa3fc7"},{"@type":"BreadcrumbList","@id":"https:\/\/pisg.wgsr.uw.edu.pl\/#breadcrumb","itemListElement":[{"@type":"ListItem","position":1,"name":"Strona g\u0142\u00f3wna","item":"https:\/\/pisg.wgsr.uw.edu.pl\/"},{"@type":"ListItem","position":2,"name":"O czasopi\u015bmie"}]},{"@type":"WebSite","@id":"https:\/\/pisg.wgsr.uw.edu.pl\/#website","url":"https:\/\/pisg.wgsr.uw.edu.pl\/","name":"Prace i Studia Geograficzne | Studies in Geography","description":"Prace i Studia Geograficzne s\u0105 recenzowanym czasopismem wydawanym przez Wydzia\u0142 Geografii i Studi\u00f3w Regionalnych Uniwersytetu Warszawskiego","potentialAction":[{"@type":"SearchAction","target":{"@type":"EntryPoint","urlTemplate":"https:\/\/pisg.wgsr.uw.edu.pl\/?s={search_term_string}"},"query-input":{"@type":"PropertyValueSpecification","valueRequired":true,"valueName":"search_term_string"}}],"inLanguage":"pl-PL"}]}},"_links":{"self":[{"href":"https:\/\/pisg.wgsr.uw.edu.pl\/index.php?rest_route=\/wp\/v2\/pages\/14","targetHints":{"allow":["GET"]}}],"collection":[{"href":"https:\/\/pisg.wgsr.uw.edu.pl\/index.php?rest_route=\/wp\/v2\/pages"}],"about":[{"href":"https:\/\/pisg.wgsr.uw.edu.pl\/index.php?rest_route=\/wp\/v2\/types\/page"}],"author":[{"embeddable":true,"href":"https:\/\/pisg.wgsr.uw.edu.pl\/index.php?rest_route=\/wp\/v2\/users\/2"}],"replies":[{"embeddable":true,"href":"https:\/\/pisg.wgsr.uw.edu.pl\/index.php?rest_route=%2Fwp%2Fv2%2Fcomments&post=14"}],"version-history":[{"count":14,"href":"https:\/\/pisg.wgsr.uw.edu.pl\/index.php?rest_route=\/wp\/v2\/pages\/14\/revisions"}],"predecessor-version":[{"id":4592,"href":"https:\/\/pisg.wgsr.uw.edu.pl\/index.php?rest_route=\/wp\/v2\/pages\/14\/revisions\/4592"}],"wp:attachment":[{"href":"https:\/\/pisg.wgsr.uw.edu.pl\/index.php?rest_route=%2Fwp%2Fv2%2Fmedia&parent=14"}],"curies":[{"name":"wp","href":"https:\/\/api.w.org\/{rel}","templated":true}]}}