{"id":1439,"date":"2020-10-16T13:44:15","date_gmt":"2020-10-16T11:44:15","guid":{"rendered":"http:\/\/wgsr.uw.edu.pl\/pisg\/?page_id=1439"},"modified":"2025-10-09T13:30:32","modified_gmt":"2025-10-09T13:30:32","slug":"tom-61-zeszyt-4-volume-61-issue-4-red-dorota-rucinska","status":"publish","type":"page","link":"https:\/\/pisg.wgsr.uw.edu.pl\/?page_id=1439","title":{"rendered":"Tom 61, zeszyt 4 [Volume 61, Issue 4] &#8211; red. Dorota Ruci\u0144ska"},"content":{"rendered":"\r\n<p><strong>Grzegorz DUMIE\u0143SKI, Andrzej TIUKA\u0141O<\/strong> <a href=\"http:\/\/pisg.wgsr.uw.edu.pl\/?p=1441\">Ocena podatno\u015bci systemu spo\u0142eczno-ekologicznego zagro\u017conego powodzi\u0105 \/ Susceptibility assessment of social-ecological system to flood threat.<\/a><\/p>\r\n\r\n\r\n\r\n<p><strong>Pawe\u0142 FRANCZAK, Karolina LISTWAN-FRANCZAK, Jaros\u0142aw DZIA\u0141EK, Wojciech BIERNACKI<\/strong> <a href=\"http:\/\/pisg.wgsr.uw.edu.pl\/?p=1445\">Planowanie przestrzenne na obszarach zalewowych w zlewniach g\u00f3rskich r\u00f3\u017cnego rz\u0119du w dorzeczu g\u00f3rnej Wis\u0142y oraz g\u00f3rnej i \u015brodkowej Odry \/ Spatial planning in floodplains in mountain catchments of different order, in the basin of the upper Vistula and the upper and central Odra Rivers.<\/a><\/p>\r\n\r\n\r\n\r\n<p><strong>Tomasz KALICKI, Artur ZIELI\u0143SKI, Pawe\u0142 PRZEPI\u00d3RKA, S\u0142awomir CHWA\u0141EK, Marcin FR\u0104CZEK, Edyta K\u0141USAKIEWICZ, Ireneusz OLSZAK, \u0141ukasz PODRZYCKI<\/strong> <a href=\"http:\/\/pisg.wgsr.uw.edu.pl\/?p=1449\">Morfologia i osady powodzi b\u0142yskawicznej w okolicach Kromo\u0142owa (Polska po\u0142udniowa) po 20 latach \/ Morphology and sediments of flash flood near Kromo\u0142\u00f3w (southern Poland) after 20 years<\/a><\/p>\r\n\r\n\r\n\r\n<p><strong>Yuriy V. KOSTYUCHENKO, Dmytro MOVCHAN, Ivan KOPACHEVSKY, Maxim YUSCHENKO <\/strong><a href=\"http:\/\/pisg.wgsr.uw.edu.pl\/?p=1453\">Approach to multi-disaster vulnerability analysis based on risk perception model \/ Podejs\u0301cie oparte na modelu percepcji ryzyka w badaniu podatnos\u0301ci w przypadku wielu katastrof<\/a><\/p>\r\n\r\n\r\n\r\n<p><strong>Jakub LEWANDOWSKI, Zbigniew W. KUNDZEWICZ, Adam CHORY\u0143SKI, Piotr MATCZAK <\/strong><a href=\"https:\/\/pisg.wgsr.uw.edu.pl\/?p=2883\">Czy wi\u0119cej zawsze oznacza lepiej? Analiza dominacji i dywersyfikacji strategii zarz\u0105dzania ryzykiem powodziowym w wybranych krajach Unii Europejskiej \/ Does \u201cmore\u201d always mean \u201cbetter\u201d? Analysis of domination and diversification of flood risk management strategies in selected countries of European Union<\/a><\/p>\r\n\r\n\r\n\r\n<p><strong>Karolina LISTWAN-FRANCZAK, Pawe\u0142 FRANCZAK, Jaros\u0142aw DZIA\u0141EK, Wojciech BIERNACKI <\/strong><a href=\"https:\/\/pisg.wgsr.uw.edu.pl\/?p=2888\">Ubezpieczenie skutk\u00f3w katastrof naturalnych jako nietechniczny \u015brodek ochrony przed powodzi\u0105 w Polsce w \u015bwietle bada\u0144 empirycznych \/ Natural disaster insurance as non-technical means of protection against floods in Poland in the light of empirical research<\/a><\/p>\r\n\r\n\r\n\r\n<p><strong>Maria W\u0104SOWSKA<\/strong> <a href=\"https:\/\/pisg.wgsr.uw.edu.pl\/?p=2891\">Ludno\u015b\u0107 Vanuatu wobec zagro\u017cenia wulkanicznego \/ Vanuatu popoulation in the face of volcanic hazard<\/a><\/p>\r\n","protected":false},"excerpt":{"rendered":"<p>Grzegorz DUMIE\u0143SKI, Andrzej TIUKA\u0141O Ocena podatno\u015bci systemu spo\u0142eczno-ekologicznego zagro\u017conego powodzi\u0105 \/ Susceptibility assessment of social-ecological system to flood threat. Pawe\u0142 FRANCZAK, Karolina LISTWAN-FRANCZAK, Jaros\u0142aw DZIA\u0141EK, Wojciech BIERNACKI Planowanie przestrzenne na obszarach zalewowych w zlewniach g\u00f3rskich r\u00f3\u017cnego rz\u0119du w dorzeczu g\u00f3rnej Wis\u0142y oraz g\u00f3rnej i \u015brodkowej Odry \/ Spatial planning in floodplains in mountain catchments of [&hellip;]<\/p>\n","protected":false},"author":1,"featured_media":0,"parent":97,"menu_order":0,"comment_status":"closed","ping_status":"closed","template":"","meta":{"_monsterinsights_skip_tracking":false,"_monsterinsights_sitenote_active":false,"_monsterinsights_sitenote_note":"","_monsterinsights_sitenote_category":0,"footnotes":""},"class_list":["post-1439","page","type-page","status-publish","hentry","post"],"yoast_head":"<!-- This site is optimized with the Yoast SEO plugin v27.5 - https:\/\/yoast.com\/product\/yoast-seo-wordpress\/ -->\n<title>Tom 61, zeszyt 4 [Volume 61, Issue 4] - red. Dorota Ruci\u0144ska - Prace i Studia Geograficzne | Studies in Geography<\/title>\n<meta name=\"robots\" content=\"index, follow, max-snippet:-1, max-image-preview:large, max-video-preview:-1\" \/>\n<link rel=\"canonical\" href=\"https:\/\/pisg.wgsr.uw.edu.pl\/?page_id=1439\" \/>\n<meta property=\"og:locale\" content=\"pl_PL\" \/>\n<meta property=\"og:type\" content=\"article\" \/>\n<meta property=\"og:title\" content=\"Tom 61, zeszyt 4 [Volume 61, Issue 4] - red. Dorota Ruci\u0144ska - Prace i Studia Geograficzne | Studies in Geography\" \/>\n<meta property=\"og:description\" content=\"Grzegorz DUMIE\u0143SKI, Andrzej TIUKA\u0141O Ocena podatno\u015bci systemu spo\u0142eczno-ekologicznego zagro\u017conego powodzi\u0105 \/ Susceptibility assessment of social-ecological system to flood threat. Pawe\u0142 FRANCZAK, Karolina LISTWAN-FRANCZAK, Jaros\u0142aw DZIA\u0141EK, Wojciech BIERNACKI Planowanie przestrzenne na obszarach zalewowych w zlewniach g\u00f3rskich r\u00f3\u017cnego rz\u0119du w dorzeczu g\u00f3rnej Wis\u0142y oraz g\u00f3rnej i \u015brodkowej Odry \/ Spatial planning in floodplains in mountain catchments of [&hellip;]\" \/>\n<meta property=\"og:url\" content=\"https:\/\/pisg.wgsr.uw.edu.pl\/?page_id=1439\" \/>\n<meta property=\"og:site_name\" content=\"Prace i Studia Geograficzne | Studies in Geography\" \/>\n<meta property=\"article:modified_time\" content=\"2025-10-09T13:30:32+00:00\" \/>\n<meta name=\"twitter:card\" content=\"summary_large_image\" \/>\n<meta name=\"twitter:label1\" content=\"Szacowany czas czytania\" \/>\n\t<meta name=\"twitter:data1\" content=\"2 minuty\" \/>\n<script type=\"application\/ld+json\" class=\"yoast-schema-graph\">{\"@context\":\"https:\\\/\\\/schema.org\",\"@graph\":[{\"@type\":\"WebPage\",\"@id\":\"https:\\\/\\\/pisg.wgsr.uw.edu.pl\\\/?page_id=1439\",\"url\":\"https:\\\/\\\/pisg.wgsr.uw.edu.pl\\\/?page_id=1439\",\"name\":\"Tom 61, zeszyt 4 [Volume 61, Issue 4] - red. Dorota Ruci\u0144ska - Prace i Studia Geograficzne | Studies in Geography\",\"isPartOf\":{\"@id\":\"https:\\\/\\\/pisg.wgsr.uw.edu.pl\\\/#website\"},\"datePublished\":\"2020-10-16T11:44:15+00:00\",\"dateModified\":\"2025-10-09T13:30:32+00:00\",\"breadcrumb\":{\"@id\":\"https:\\\/\\\/pisg.wgsr.uw.edu.pl\\\/?page_id=1439#breadcrumb\"},\"inLanguage\":\"pl-PL\",\"potentialAction\":[{\"@type\":\"ReadAction\",\"target\":[\"https:\\\/\\\/pisg.wgsr.uw.edu.pl\\\/?page_id=1439\"]}]},{\"@type\":\"BreadcrumbList\",\"@id\":\"https:\\\/\\\/pisg.wgsr.uw.edu.pl\\\/?page_id=1439#breadcrumb\",\"itemListElement\":[{\"@type\":\"ListItem\",\"position\":1,\"name\":\"Strona g\u0142\u00f3wna\",\"item\":\"https:\\\/\\\/pisg.wgsr.uw.edu.pl\\\/\"},{\"@type\":\"ListItem\",\"position\":2,\"name\":\"Tomy\",\"item\":\"https:\\\/\\\/pisg.wgsr.uw.edu.pl\\\/?page_id=97\"},{\"@type\":\"ListItem\",\"position\":3,\"name\":\"Tom 61, zeszyt 4 [Volume 61, Issue 4] &#8211; red. Dorota Ruci\u0144ska\"}]},{\"@type\":\"WebSite\",\"@id\":\"https:\\\/\\\/pisg.wgsr.uw.edu.pl\\\/#website\",\"url\":\"https:\\\/\\\/pisg.wgsr.uw.edu.pl\\\/\",\"name\":\"Prace i Studia Geograficzne | Studies in Geography\",\"description\":\"Prace i Studia Geograficzne s\u0105 recenzowanym czasopismem wydawanym przez Wydzia\u0142 Geografii i Studi\u00f3w Regionalnych Uniwersytetu Warszawskiego\",\"potentialAction\":[{\"@type\":\"SearchAction\",\"target\":{\"@type\":\"EntryPoint\",\"urlTemplate\":\"https:\\\/\\\/pisg.wgsr.uw.edu.pl\\\/?s={search_term_string}\"},\"query-input\":{\"@type\":\"PropertyValueSpecification\",\"valueRequired\":true,\"valueName\":\"search_term_string\"}}],\"inLanguage\":\"pl-PL\"}]}<\/script>\n<!-- \/ Yoast SEO plugin. -->","yoast_head_json":{"title":"Tom 61, zeszyt 4 [Volume 61, Issue 4] - red. Dorota Ruci\u0144ska - Prace i Studia Geograficzne | Studies in Geography","robots":{"index":"index","follow":"follow","max-snippet":"max-snippet:-1","max-image-preview":"max-image-preview:large","max-video-preview":"max-video-preview:-1"},"canonical":"https:\/\/pisg.wgsr.uw.edu.pl\/?page_id=1439","og_locale":"pl_PL","og_type":"article","og_title":"Tom 61, zeszyt 4 [Volume 61, Issue 4] - red. Dorota Ruci\u0144ska - Prace i Studia Geograficzne | Studies in Geography","og_description":"Grzegorz DUMIE\u0143SKI, Andrzej TIUKA\u0141O Ocena podatno\u015bci systemu spo\u0142eczno-ekologicznego zagro\u017conego powodzi\u0105 \/ Susceptibility assessment of social-ecological system to flood threat. Pawe\u0142 FRANCZAK, Karolina LISTWAN-FRANCZAK, Jaros\u0142aw DZIA\u0141EK, Wojciech BIERNACKI Planowanie przestrzenne na obszarach zalewowych w zlewniach g\u00f3rskich r\u00f3\u017cnego rz\u0119du w dorzeczu g\u00f3rnej Wis\u0142y oraz g\u00f3rnej i \u015brodkowej Odry \/ Spatial planning in floodplains in mountain catchments of [&hellip;]","og_url":"https:\/\/pisg.wgsr.uw.edu.pl\/?page_id=1439","og_site_name":"Prace i Studia Geograficzne | Studies in Geography","article_modified_time":"2025-10-09T13:30:32+00:00","twitter_card":"summary_large_image","twitter_misc":{"Szacowany czas czytania":"2 minuty"},"schema":{"@context":"https:\/\/schema.org","@graph":[{"@type":"WebPage","@id":"https:\/\/pisg.wgsr.uw.edu.pl\/?page_id=1439","url":"https:\/\/pisg.wgsr.uw.edu.pl\/?page_id=1439","name":"Tom 61, zeszyt 4 [Volume 61, Issue 4] - red. Dorota Ruci\u0144ska - Prace i Studia Geograficzne | Studies in Geography","isPartOf":{"@id":"https:\/\/pisg.wgsr.uw.edu.pl\/#website"},"datePublished":"2020-10-16T11:44:15+00:00","dateModified":"2025-10-09T13:30:32+00:00","breadcrumb":{"@id":"https:\/\/pisg.wgsr.uw.edu.pl\/?page_id=1439#breadcrumb"},"inLanguage":"pl-PL","potentialAction":[{"@type":"ReadAction","target":["https:\/\/pisg.wgsr.uw.edu.pl\/?page_id=1439"]}]},{"@type":"BreadcrumbList","@id":"https:\/\/pisg.wgsr.uw.edu.pl\/?page_id=1439#breadcrumb","itemListElement":[{"@type":"ListItem","position":1,"name":"Strona g\u0142\u00f3wna","item":"https:\/\/pisg.wgsr.uw.edu.pl\/"},{"@type":"ListItem","position":2,"name":"Tomy","item":"https:\/\/pisg.wgsr.uw.edu.pl\/?page_id=97"},{"@type":"ListItem","position":3,"name":"Tom 61, zeszyt 4 [Volume 61, Issue 4] &#8211; red. Dorota Ruci\u0144ska"}]},{"@type":"WebSite","@id":"https:\/\/pisg.wgsr.uw.edu.pl\/#website","url":"https:\/\/pisg.wgsr.uw.edu.pl\/","name":"Prace i Studia Geograficzne | Studies in Geography","description":"Prace i Studia Geograficzne s\u0105 recenzowanym czasopismem wydawanym przez Wydzia\u0142 Geografii i Studi\u00f3w Regionalnych Uniwersytetu Warszawskiego","potentialAction":[{"@type":"SearchAction","target":{"@type":"EntryPoint","urlTemplate":"https:\/\/pisg.wgsr.uw.edu.pl\/?s={search_term_string}"},"query-input":{"@type":"PropertyValueSpecification","valueRequired":true,"valueName":"search_term_string"}}],"inLanguage":"pl-PL"}]}},"_links":{"self":[{"href":"https:\/\/pisg.wgsr.uw.edu.pl\/index.php?rest_route=\/wp\/v2\/pages\/1439","targetHints":{"allow":["GET"]}}],"collection":[{"href":"https:\/\/pisg.wgsr.uw.edu.pl\/index.php?rest_route=\/wp\/v2\/pages"}],"about":[{"href":"https:\/\/pisg.wgsr.uw.edu.pl\/index.php?rest_route=\/wp\/v2\/types\/page"}],"author":[{"embeddable":true,"href":"https:\/\/pisg.wgsr.uw.edu.pl\/index.php?rest_route=\/wp\/v2\/users\/1"}],"replies":[{"embeddable":true,"href":"https:\/\/pisg.wgsr.uw.edu.pl\/index.php?rest_route=%2Fwp%2Fv2%2Fcomments&post=1439"}],"version-history":[{"count":5,"href":"https:\/\/pisg.wgsr.uw.edu.pl\/index.php?rest_route=\/wp\/v2\/pages\/1439\/revisions"}],"predecessor-version":[{"id":3623,"href":"https:\/\/pisg.wgsr.uw.edu.pl\/index.php?rest_route=\/wp\/v2\/pages\/1439\/revisions\/3623"}],"up":[{"embeddable":true,"href":"https:\/\/pisg.wgsr.uw.edu.pl\/index.php?rest_route=\/wp\/v2\/pages\/97"}],"wp:attachment":[{"href":"https:\/\/pisg.wgsr.uw.edu.pl\/index.php?rest_route=%2Fwp%2Fv2%2Fmedia&parent=1439"}],"curies":[{"name":"wp","href":"https:\/\/api.w.org\/{rel}","templated":true}]}}