{"id":2069,"date":"2022-07-11T14:45:43","date_gmt":"2022-07-11T12:45:43","guid":{"rendered":"https:\/\/wgsr.uw.edu.pl\/pisg\/?page_id=2069"},"modified":"2024-08-13T14:07:12","modified_gmt":"2024-08-13T14:07:12","slug":"tom-67-zeszyt-1-volume-67-issue-1-red-aleksandra-korpysz-wisniewska-magdalena-szmytkowska","status":"publish","type":"page","link":"https:\/\/pisg.wgsr.uw.edu.pl\/?page_id=2069","title":{"rendered":"Tom 67, zeszyt 1 [Volume 67, Issue 1] \u2013 red. Aleksandra Korpysz-Wi\u015bniewska, Magdalena Szmytkowska"},"content":{"rendered":"\r\n\r\n\r\n<p><a href=\"https:\/\/pisg.wgsr.uw.edu.pl\/wp-content\/uploads\/2024\/08\/PiSG_67.1-StronyTytuloweSpisTresci.pdf\">Strony tytu\u0142owe i spis tre\u015bci<\/a><\/p>\r\n\r\n\r\n\r\n<p><em>Artyku\u0142y i studia<\/em><\/p>\r\n\r\n\r\n\r\n<p><strong>Mateusz D\u0141UGOSZ <\/strong><a href=\"https:\/\/pisg.wgsr.uw.edu.pl\/?p=2074\">Nap\u0142yw migracyjny w dobie dekoncentracji zaludnienia \/ Migration inflow in the era of the population deconcentration<\/a><\/p>\r\n\r\n\r\n\r\n<p><strong>Krzysztof G\u00d3RNY, Ada G\u00d3RNA, Jan SZCZEPA\u0143SKI, Aleksandra SIENICA<\/strong> <a href=\"https:\/\/pisg.wgsr.uw.edu.pl\/?p=2078\">Patriarchat nazewniczy \u2013 zmaskulinizowany krajobraz symboliczny polskich mniejszych miast \/ Naming Patriarchate \u2013 masculine symbolic landscape of Polish smaller cities<\/a><\/p>\r\n\r\n\r\n\r\n<p><strong>Jacek SZYMALA, Andrei ROGATCHEVSKI <\/strong><a href=\"https:\/\/pisg.wgsr.uw.edu.pl\/?p=2083\">Svalbard w filmach polskich z lat 50. i 60. XX w. Perspektywa geografii wizualnej \/ Svalbard in the Polish films from 1950s and 1960s. A visual geography perspective<\/a><\/p>\r\n\r\n\r\n\r\n<p><strong>Kamila MARCZEWSKA, Wojciech POKOJSKI<\/strong> <a href=\"https:\/\/pisg.wgsr.uw.edu.pl\/?p=2088\">Ocena jako\u015bci mobilnych map turystycznych na podstawie wybranych kryteri\u00f3w \/ Quality assessment of mobile tourist maps based on selected criteria<\/a><\/p>\r\n\r\n\r\n\r\n<p><strong>Wojciech DZIEMIANOWICZ, Jan GOLI\u0143SKI, Jacek SZLACHTA <\/strong><a href=\"https:\/\/pisg.wgsr.uw.edu.pl\/?p=2096\">Dualizm ekonomiczny i megatrendy \u2013 przyczynek do dyskusji o rozwoju terytorialnym \/ Economic dualism and megatrends \u2013 a contribution to the discussion on territorial development<\/a><\/p>\r\n\r\n\r\n\r\n<p><strong>Marta RACZY\u0143SKA-KRUK<\/strong> <a href=\"https:\/\/pisg.wgsr.uw.edu.pl\/?p=2092\">Mi\u0119dzy domem a \u201ewielk\u0105 wod\u0105\u201d. Rekonstrukcja przestrzeni prze\u017cywanej w oparciu o <em>Listy z drogi <\/em>emigrant\u00f3w z Kr\u00f3lestwa Polskiego do Brazylii i Stan\u00f3w Zjednoczonych 1890\u20131891 \/ Between the house and the \u2018big water\u2019. Reconstruction of lived space based on <em>Letters from the road <\/em>by emigrants from the Polish Kingdom to Brazil and the United States in the years 1890\u20131891<\/a><\/p>\r\n\r\n\r\n\r\n<p><strong>Kaywan Othman AHMED, Shuokr Qarani AZIZ, Peshang Hama KARIM, Twana Ahmed HUSSEIN, Shazada Omer NAJMALDDIN<\/strong> <a href=\"https:\/\/pisg.wgsr.uw.edu.pl\/?p=2102\">Contemporary trends toward environmental issues in the Kurdistan Region of Iraq \/ Wsp\u00f3\u0142czesne tendencje w opiniach o zagadnieniach \u015brodowiskowych w irakijskim Kurdystanie<\/a><\/p>\r\n\r\n\r\n\r\n<p><strong>Dorota MANTEY<\/strong> <a href=\"https:\/\/pisg.wgsr.uw.edu.pl\/?p=2108\">Zmiany w podej\u015bciu do gospodarowania wod\u0105 opadow\u0105 i roztopow\u0105 w strefie podmiejskiej z perspektywy mieszka\u0144c\u00f3w \/ Changes in the approach to rainwater and meltwater management in the suburban area from a resident perspective<\/a><\/p>\r\n\r\n\r\n\r\n<p><strong>Patryk WAC\u0141AWCZYK, Dawid PI\u0104TEK, Maciej SIWKA, Maciej BRYNDZA, Agata GO\u0141\u0104B, Joanna HA\u0141YS, Klaudia JAGI, Ewa KALISZ, Patrycja W\u00d3JTOWICZ <\/strong><a href=\"https:\/\/pisg.wgsr.uw.edu.pl\/?p=2113\">Warunki obiegu wody w zlewni Krempnej w Beskidzie Niskim \/ Water circulation patterns in Krempna stream catchment in Beskid Niski Mountains<\/a><\/p>\r\n\r\n\r\n\r\n<p><em>Eseje naukowe<\/em><\/p>\r\n\r\n\r\n\r\n<p><strong>Jerzy J. PARYSEK<\/strong> <a href=\"https:\/\/pisg.wgsr.uw.edu.pl\/wp-content\/uploads\/2022\/07\/PiSG_67.1-10.pdf\">Muzyczne opisanie \u015bwiata. Wprowadzenie do geografii muzyki (?) \/ The musical description of the world. An introduction to the geography of music (?)<\/a><\/p>\r\n\r\n\r\n\r\n<p><em>Dyskusje i polemiki<\/em><\/p>\r\n\r\n\r\n\r\n<p><strong>Sylwia KACZMAREK, Jacek KACZMAREK<\/strong> <a href=\"https:\/\/pisg.wgsr.uw.edu.pl\/wp-content\/uploads\/2022\/07\/PiSG_67.1-11.pdf\">W stron\u0119 <em>Geografii sztuki<\/em>. Rozmowy o komponowaniu geografii \/ Towards the <em>Geography of art<\/em>. Dialogues on composing geography<\/a><\/p>\r\n","protected":false},"excerpt":{"rendered":"<p>Strony tytu\u0142owe i spis tre\u015bci Artyku\u0142y i studia Mateusz D\u0141UGOSZ Nap\u0142yw migracyjny w dobie dekoncentracji zaludnienia \/ Migration inflow in the era of the population deconcentration Krzysztof G\u00d3RNY, Ada G\u00d3RNA, Jan SZCZEPA\u0143SKI, Aleksandra SIENICA Patriarchat nazewniczy \u2013 zmaskulinizowany krajobraz symboliczny polskich mniejszych miast \/ Naming Patriarchate \u2013 masculine symbolic landscape of Polish smaller cities Jacek [&hellip;]<\/p>\n","protected":false},"author":1,"featured_media":0,"parent":97,"menu_order":0,"comment_status":"closed","ping_status":"closed","template":"","meta":{"_monsterinsights_skip_tracking":false,"_monsterinsights_sitenote_active":false,"_monsterinsights_sitenote_note":"","_monsterinsights_sitenote_category":0,"footnotes":""},"class_list":["post-2069","page","type-page","status-publish","hentry","post"],"yoast_head":"<!-- This site is optimized with the Yoast SEO plugin v27.4 - https:\/\/yoast.com\/product\/yoast-seo-wordpress\/ -->\n<title>Tom 67, zeszyt 1 [Volume 67, Issue 1] \u2013 red. Aleksandra Korpysz-Wi\u015bniewska, Magdalena Szmytkowska - Prace i Studia Geograficzne | Studies in Geography<\/title>\n<meta name=\"robots\" content=\"index, follow, max-snippet:-1, max-image-preview:large, max-video-preview:-1\" \/>\n<link rel=\"canonical\" href=\"https:\/\/pisg.wgsr.uw.edu.pl\/?page_id=2069\" \/>\n<meta property=\"og:locale\" content=\"pl_PL\" \/>\n<meta property=\"og:type\" content=\"article\" \/>\n<meta property=\"og:title\" content=\"Tom 67, zeszyt 1 [Volume 67, Issue 1] \u2013 red. Aleksandra Korpysz-Wi\u015bniewska, Magdalena Szmytkowska - Prace i Studia Geograficzne | Studies in Geography\" \/>\n<meta property=\"og:description\" content=\"Strony tytu\u0142owe i spis tre\u015bci Artyku\u0142y i studia Mateusz D\u0141UGOSZ Nap\u0142yw migracyjny w dobie dekoncentracji zaludnienia \/ Migration inflow in the era of the population deconcentration Krzysztof G\u00d3RNY, Ada G\u00d3RNA, Jan SZCZEPA\u0143SKI, Aleksandra SIENICA Patriarchat nazewniczy \u2013 zmaskulinizowany krajobraz symboliczny polskich mniejszych miast \/ Naming Patriarchate \u2013 masculine symbolic landscape of Polish smaller cities Jacek [&hellip;]\" \/>\n<meta property=\"og:url\" content=\"https:\/\/pisg.wgsr.uw.edu.pl\/?page_id=2069\" \/>\n<meta property=\"og:site_name\" content=\"Prace i Studia Geograficzne | Studies in Geography\" \/>\n<meta property=\"article:modified_time\" content=\"2024-08-13T14:07:12+00:00\" \/>\n<meta name=\"twitter:card\" content=\"summary_large_image\" \/>\n<meta name=\"twitter:label1\" content=\"Szacowany czas czytania\" \/>\n\t<meta name=\"twitter:data1\" content=\"3 minuty\" \/>\n<script type=\"application\/ld+json\" class=\"yoast-schema-graph\">{\"@context\":\"https:\\\/\\\/schema.org\",\"@graph\":[{\"@type\":\"WebPage\",\"@id\":\"https:\\\/\\\/pisg.wgsr.uw.edu.pl\\\/?page_id=2069\",\"url\":\"https:\\\/\\\/pisg.wgsr.uw.edu.pl\\\/?page_id=2069\",\"name\":\"Tom 67, zeszyt 1 [Volume 67, Issue 1] \u2013 red. Aleksandra Korpysz-Wi\u015bniewska, Magdalena Szmytkowska - Prace i Studia Geograficzne | Studies in Geography\",\"isPartOf\":{\"@id\":\"https:\\\/\\\/pisg.wgsr.uw.edu.pl\\\/#website\"},\"datePublished\":\"2022-07-11T12:45:43+00:00\",\"dateModified\":\"2024-08-13T14:07:12+00:00\",\"breadcrumb\":{\"@id\":\"https:\\\/\\\/pisg.wgsr.uw.edu.pl\\\/?page_id=2069#breadcrumb\"},\"inLanguage\":\"pl-PL\",\"potentialAction\":[{\"@type\":\"ReadAction\",\"target\":[\"https:\\\/\\\/pisg.wgsr.uw.edu.pl\\\/?page_id=2069\"]}]},{\"@type\":\"BreadcrumbList\",\"@id\":\"https:\\\/\\\/pisg.wgsr.uw.edu.pl\\\/?page_id=2069#breadcrumb\",\"itemListElement\":[{\"@type\":\"ListItem\",\"position\":1,\"name\":\"Strona g\u0142\u00f3wna\",\"item\":\"https:\\\/\\\/pisg.wgsr.uw.edu.pl\\\/\"},{\"@type\":\"ListItem\",\"position\":2,\"name\":\"Tomy\",\"item\":\"https:\\\/\\\/pisg.wgsr.uw.edu.pl\\\/?page_id=97\"},{\"@type\":\"ListItem\",\"position\":3,\"name\":\"Tom 67, zeszyt 1 [Volume 67, Issue 1] \u2013 red. Aleksandra Korpysz-Wi\u015bniewska, Magdalena Szmytkowska\"}]},{\"@type\":\"WebSite\",\"@id\":\"https:\\\/\\\/pisg.wgsr.uw.edu.pl\\\/#website\",\"url\":\"https:\\\/\\\/pisg.wgsr.uw.edu.pl\\\/\",\"name\":\"Prace i Studia Geograficzne | Studies in Geography\",\"description\":\"Prace i Studia Geograficzne s\u0105 recenzowanym czasopismem wydawanym przez Wydzia\u0142 Geografii i Studi\u00f3w Regionalnych Uniwersytetu Warszawskiego\",\"potentialAction\":[{\"@type\":\"SearchAction\",\"target\":{\"@type\":\"EntryPoint\",\"urlTemplate\":\"https:\\\/\\\/pisg.wgsr.uw.edu.pl\\\/?s={search_term_string}\"},\"query-input\":{\"@type\":\"PropertyValueSpecification\",\"valueRequired\":true,\"valueName\":\"search_term_string\"}}],\"inLanguage\":\"pl-PL\"}]}<\/script>\n<!-- \/ Yoast SEO plugin. -->","yoast_head_json":{"title":"Tom 67, zeszyt 1 [Volume 67, Issue 1] \u2013 red. Aleksandra Korpysz-Wi\u015bniewska, Magdalena Szmytkowska - Prace i Studia Geograficzne | Studies in Geography","robots":{"index":"index","follow":"follow","max-snippet":"max-snippet:-1","max-image-preview":"max-image-preview:large","max-video-preview":"max-video-preview:-1"},"canonical":"https:\/\/pisg.wgsr.uw.edu.pl\/?page_id=2069","og_locale":"pl_PL","og_type":"article","og_title":"Tom 67, zeszyt 1 [Volume 67, Issue 1] \u2013 red. Aleksandra Korpysz-Wi\u015bniewska, Magdalena Szmytkowska - Prace i Studia Geograficzne | Studies in Geography","og_description":"Strony tytu\u0142owe i spis tre\u015bci Artyku\u0142y i studia Mateusz D\u0141UGOSZ Nap\u0142yw migracyjny w dobie dekoncentracji zaludnienia \/ Migration inflow in the era of the population deconcentration Krzysztof G\u00d3RNY, Ada G\u00d3RNA, Jan SZCZEPA\u0143SKI, Aleksandra SIENICA Patriarchat nazewniczy \u2013 zmaskulinizowany krajobraz symboliczny polskich mniejszych miast \/ Naming Patriarchate \u2013 masculine symbolic landscape of Polish smaller cities Jacek [&hellip;]","og_url":"https:\/\/pisg.wgsr.uw.edu.pl\/?page_id=2069","og_site_name":"Prace i Studia Geograficzne | Studies in Geography","article_modified_time":"2024-08-13T14:07:12+00:00","twitter_card":"summary_large_image","twitter_misc":{"Szacowany czas czytania":"3 minuty"},"schema":{"@context":"https:\/\/schema.org","@graph":[{"@type":"WebPage","@id":"https:\/\/pisg.wgsr.uw.edu.pl\/?page_id=2069","url":"https:\/\/pisg.wgsr.uw.edu.pl\/?page_id=2069","name":"Tom 67, zeszyt 1 [Volume 67, Issue 1] \u2013 red. Aleksandra Korpysz-Wi\u015bniewska, Magdalena Szmytkowska - Prace i Studia Geograficzne | Studies in Geography","isPartOf":{"@id":"https:\/\/pisg.wgsr.uw.edu.pl\/#website"},"datePublished":"2022-07-11T12:45:43+00:00","dateModified":"2024-08-13T14:07:12+00:00","breadcrumb":{"@id":"https:\/\/pisg.wgsr.uw.edu.pl\/?page_id=2069#breadcrumb"},"inLanguage":"pl-PL","potentialAction":[{"@type":"ReadAction","target":["https:\/\/pisg.wgsr.uw.edu.pl\/?page_id=2069"]}]},{"@type":"BreadcrumbList","@id":"https:\/\/pisg.wgsr.uw.edu.pl\/?page_id=2069#breadcrumb","itemListElement":[{"@type":"ListItem","position":1,"name":"Strona g\u0142\u00f3wna","item":"https:\/\/pisg.wgsr.uw.edu.pl\/"},{"@type":"ListItem","position":2,"name":"Tomy","item":"https:\/\/pisg.wgsr.uw.edu.pl\/?page_id=97"},{"@type":"ListItem","position":3,"name":"Tom 67, zeszyt 1 [Volume 67, Issue 1] \u2013 red. Aleksandra Korpysz-Wi\u015bniewska, Magdalena Szmytkowska"}]},{"@type":"WebSite","@id":"https:\/\/pisg.wgsr.uw.edu.pl\/#website","url":"https:\/\/pisg.wgsr.uw.edu.pl\/","name":"Prace i Studia Geograficzne | Studies in Geography","description":"Prace i Studia Geograficzne s\u0105 recenzowanym czasopismem wydawanym przez Wydzia\u0142 Geografii i Studi\u00f3w Regionalnych Uniwersytetu Warszawskiego","potentialAction":[{"@type":"SearchAction","target":{"@type":"EntryPoint","urlTemplate":"https:\/\/pisg.wgsr.uw.edu.pl\/?s={search_term_string}"},"query-input":{"@type":"PropertyValueSpecification","valueRequired":true,"valueName":"search_term_string"}}],"inLanguage":"pl-PL"}]}},"_links":{"self":[{"href":"https:\/\/pisg.wgsr.uw.edu.pl\/index.php?rest_route=\/wp\/v2\/pages\/2069","targetHints":{"allow":["GET"]}}],"collection":[{"href":"https:\/\/pisg.wgsr.uw.edu.pl\/index.php?rest_route=\/wp\/v2\/pages"}],"about":[{"href":"https:\/\/pisg.wgsr.uw.edu.pl\/index.php?rest_route=\/wp\/v2\/types\/page"}],"author":[{"embeddable":true,"href":"https:\/\/pisg.wgsr.uw.edu.pl\/index.php?rest_route=\/wp\/v2\/users\/1"}],"replies":[{"embeddable":true,"href":"https:\/\/pisg.wgsr.uw.edu.pl\/index.php?rest_route=%2Fwp%2Fv2%2Fcomments&post=2069"}],"version-history":[{"count":3,"href":"https:\/\/pisg.wgsr.uw.edu.pl\/index.php?rest_route=\/wp\/v2\/pages\/2069\/revisions"}],"predecessor-version":[{"id":3350,"href":"https:\/\/pisg.wgsr.uw.edu.pl\/index.php?rest_route=\/wp\/v2\/pages\/2069\/revisions\/3350"}],"up":[{"embeddable":true,"href":"https:\/\/pisg.wgsr.uw.edu.pl\/index.php?rest_route=\/wp\/v2\/pages\/97"}],"wp:attachment":[{"href":"https:\/\/pisg.wgsr.uw.edu.pl\/index.php?rest_route=%2Fwp%2Fv2%2Fmedia&parent=2069"}],"curies":[{"name":"wp","href":"https:\/\/api.w.org\/{rel}","templated":true}]}}