{"id":2634,"date":"2023-08-31T09:43:57","date_gmt":"2023-08-31T09:43:57","guid":{"rendered":"https:\/\/pisg.wgsr.uw.edu.pl\/?page_id=2634"},"modified":"2024-08-19T20:34:05","modified_gmt":"2024-08-19T20:34:05","slug":"tom-68-zeszyt-1-volume-68-issue-1-red-katarzyna-duda-gromada","status":"publish","type":"page","link":"https:\/\/pisg.wgsr.uw.edu.pl\/?page_id=2634","title":{"rendered":"Tom 68, zeszyt 1 [Volume 68, Issue 1] \u2013 red. Katarzyna Duda-Gromada"},"content":{"rendered":"<p><a href=\"https:\/\/pisg.wgsr.uw.edu.pl\/wp-content\/uploads\/2024\/08\/PiSG_68.1-StronyTytuloweSpisTresci.pdf\">Strony tytu\u0142owe i spis tre\u015bci<\/a><\/p>\n<p><em>Artyku\u0142y i studia<\/em><\/p>\n<p><strong>Ma\u0142gorzata GRZEGORCZYK<\/strong><a href=\"https:\/\/pisg.wgsr.uw.edu.pl\/?p=2638\"> Zmiany uczestnictwa w niedzielnych praktykach religijnych w diecezjach w Polsce w latach 2004\u20132018 \/ Changes in participation in religious practices on Sundays in dioceses in Poland in 2004\u20132018<\/a><\/p>\n<p><strong>Grzegorz GODLEWSKI, Magdalena KUGIEJKO, Ma\u0142gorzata CHARMAS, Adam AUGUSTYNIAK, Jakub RYBKA<\/strong> <a href=\"https:\/\/pisg.wgsr.uw.edu.pl\/?p=2643\">Disturbances of natural and cultural landscape as an element of controversies in tourism \u2013 assessment based on the analysis of stress hormones in saliva \/ Zak\u0142\u00f3cenia krajobrazu naturalnego i kulturowego jako element kontrowersji w turystyce \u2013 ocena na podstawie analizy hormon\u00f3w stresu w \u015blinie<\/a><\/p>\n<p><strong>Dominika HO\u0141UJ<\/strong> <a href=\"https:\/\/pisg.wgsr.uw.edu.pl\/?p=2646\">Przestrzenie dziedzictwa jako przedmiot zainteresowania organizacji po\u017cytku publicznego \/ Heritage spaces as an object of interest for public benefit organizations<\/a><\/p>\n<p><strong>Tomasz STUDZIENIECKI, Andrzej JAKUBOWSKI, Joanna KUROWSKA-PYSZ<\/strong> <a href=\"https:\/\/pisg.wgsr.uw.edu.pl\/?p=2656\">Polish-Lithuanian Tourist Cross-Border Functional Area \u2013 a new concept for the development of a cross-border tourist destination \/ Litewsko-Polski Turystyczny Transgraniczny Obszar Funkcjonalny \u2013 nowe narz\u0119dzie rozwoju transgranicznej destynacji turystycznej<\/a><\/p>\n<p><strong>Kartal Do\u011fukan \u00c7IKI, Ramazan \u0130NAN, \u00c7ilem BUL\u015eU<\/strong> <a href=\"https:\/\/pisg.wgsr.uw.edu.pl\/?p=2659\">Research trends in film tourism: A bibliometric analysis using the WoS database \/ Trendy w badaniach nad turystyk\u0105 filmow\u0105: analiza bibliometryczna z wykorzystaniem bazy danych Web of Science<\/a><\/p>\n<p><em>Eseje naukowe<\/em><\/p>\n<p><strong>Jerzy J. PARYSEK<\/strong> <a href=\"https:\/\/pisg.wgsr.uw.edu.pl\/wp-content\/uploads\/2023\/09\/06_Parysek.pdf\">\u201eChodzi mi o to, aby j\u0119zyk gi\u0119tki powiedzia\u0142 wszystko, co pomy\u015bli g\u0142owa\u201d \/ \u201eMy point is that a flexible language should say what the head is thinking\u201d<\/a><\/p>\n<p><em>Dyskusje i polemiki<\/em><\/p>\n<p><strong>Andrzej LISOWSKI<\/strong> <a href=\"https:\/\/pisg.wgsr.uw.edu.pl\/wp-content\/uploads\/2023\/10\/07_Lisowski.pdf\">Jeszcze o krytyce naukowej \u2013 idea a rzeczywisto\u015b\u0107 \/ More about scientific criticism \u2013 idea and reality<\/a><\/p>\n","protected":false},"excerpt":{"rendered":"<p>Strony tytu\u0142owe i spis tre\u015bci Artyku\u0142y i studia Ma\u0142gorzata GRZEGORCZYK Zmiany uczestnictwa w niedzielnych praktykach religijnych w diecezjach w Polsce w latach 2004\u20132018 \/ Changes in participation in religious practices on Sundays in dioceses in Poland in 2004\u20132018 Grzegorz GODLEWSKI, Magdalena KUGIEJKO, Ma\u0142gorzata CHARMAS, Adam AUGUSTYNIAK, Jakub RYBKA Disturbances of natural and cultural landscape as [&hellip;]<\/p>\n","protected":false},"author":1,"featured_media":0,"parent":97,"menu_order":0,"comment_status":"closed","ping_status":"closed","template":"","meta":{"_monsterinsights_skip_tracking":false,"_monsterinsights_sitenote_active":false,"_monsterinsights_sitenote_note":"","_monsterinsights_sitenote_category":0,"footnotes":""},"class_list":["post-2634","page","type-page","status-publish","hentry","post"],"yoast_head":"<!-- This site is optimized with the Yoast SEO plugin v27.5 - https:\/\/yoast.com\/product\/yoast-seo-wordpress\/ -->\n<title>Tom 68, zeszyt 1 [Volume 68, Issue 1] \u2013 red. Katarzyna Duda-Gromada - Prace i Studia Geograficzne | Studies in Geography<\/title>\n<meta name=\"robots\" content=\"index, follow, max-snippet:-1, max-image-preview:large, max-video-preview:-1\" \/>\n<link rel=\"canonical\" href=\"https:\/\/pisg.wgsr.uw.edu.pl\/?page_id=2634\" \/>\n<meta property=\"og:locale\" content=\"pl_PL\" \/>\n<meta property=\"og:type\" content=\"article\" \/>\n<meta property=\"og:title\" content=\"Tom 68, zeszyt 1 [Volume 68, Issue 1] \u2013 red. Katarzyna Duda-Gromada - Prace i Studia Geograficzne | Studies in Geography\" \/>\n<meta property=\"og:description\" content=\"Strony tytu\u0142owe i spis tre\u015bci Artyku\u0142y i studia Ma\u0142gorzata GRZEGORCZYK Zmiany uczestnictwa w niedzielnych praktykach religijnych w diecezjach w Polsce w latach 2004\u20132018 \/ Changes in participation in religious practices on Sundays in dioceses in Poland in 2004\u20132018 Grzegorz GODLEWSKI, Magdalena KUGIEJKO, Ma\u0142gorzata CHARMAS, Adam AUGUSTYNIAK, Jakub RYBKA Disturbances of natural and cultural landscape as [&hellip;]\" \/>\n<meta property=\"og:url\" content=\"https:\/\/pisg.wgsr.uw.edu.pl\/?page_id=2634\" \/>\n<meta property=\"og:site_name\" content=\"Prace i Studia Geograficzne | Studies in Geography\" \/>\n<meta property=\"article:modified_time\" content=\"2024-08-19T20:34:05+00:00\" \/>\n<meta name=\"twitter:card\" content=\"summary_large_image\" \/>\n<meta name=\"twitter:label1\" content=\"Szacowany czas czytania\" \/>\n\t<meta name=\"twitter:data1\" content=\"2 minuty\" \/>\n<script type=\"application\/ld+json\" class=\"yoast-schema-graph\">{\"@context\":\"https:\\\/\\\/schema.org\",\"@graph\":[{\"@type\":\"WebPage\",\"@id\":\"https:\\\/\\\/pisg.wgsr.uw.edu.pl\\\/?page_id=2634\",\"url\":\"https:\\\/\\\/pisg.wgsr.uw.edu.pl\\\/?page_id=2634\",\"name\":\"Tom 68, zeszyt 1 [Volume 68, Issue 1] \u2013 red. Katarzyna Duda-Gromada - Prace i Studia Geograficzne | Studies in Geography\",\"isPartOf\":{\"@id\":\"https:\\\/\\\/pisg.wgsr.uw.edu.pl\\\/#website\"},\"datePublished\":\"2023-08-31T09:43:57+00:00\",\"dateModified\":\"2024-08-19T20:34:05+00:00\",\"breadcrumb\":{\"@id\":\"https:\\\/\\\/pisg.wgsr.uw.edu.pl\\\/?page_id=2634#breadcrumb\"},\"inLanguage\":\"pl-PL\",\"potentialAction\":[{\"@type\":\"ReadAction\",\"target\":[\"https:\\\/\\\/pisg.wgsr.uw.edu.pl\\\/?page_id=2634\"]}]},{\"@type\":\"BreadcrumbList\",\"@id\":\"https:\\\/\\\/pisg.wgsr.uw.edu.pl\\\/?page_id=2634#breadcrumb\",\"itemListElement\":[{\"@type\":\"ListItem\",\"position\":1,\"name\":\"Strona g\u0142\u00f3wna\",\"item\":\"https:\\\/\\\/pisg.wgsr.uw.edu.pl\\\/\"},{\"@type\":\"ListItem\",\"position\":2,\"name\":\"Tomy\",\"item\":\"https:\\\/\\\/pisg.wgsr.uw.edu.pl\\\/?page_id=97\"},{\"@type\":\"ListItem\",\"position\":3,\"name\":\"Tom 68, zeszyt 1 [Volume 68, Issue 1] \u2013 red. Katarzyna Duda-Gromada\"}]},{\"@type\":\"WebSite\",\"@id\":\"https:\\\/\\\/pisg.wgsr.uw.edu.pl\\\/#website\",\"url\":\"https:\\\/\\\/pisg.wgsr.uw.edu.pl\\\/\",\"name\":\"Prace i Studia Geograficzne | Studies in Geography\",\"description\":\"Prace i Studia Geograficzne s\u0105 recenzowanym czasopismem wydawanym przez Wydzia\u0142 Geografii i Studi\u00f3w Regionalnych Uniwersytetu Warszawskiego\",\"potentialAction\":[{\"@type\":\"SearchAction\",\"target\":{\"@type\":\"EntryPoint\",\"urlTemplate\":\"https:\\\/\\\/pisg.wgsr.uw.edu.pl\\\/?s={search_term_string}\"},\"query-input\":{\"@type\":\"PropertyValueSpecification\",\"valueRequired\":true,\"valueName\":\"search_term_string\"}}],\"inLanguage\":\"pl-PL\"}]}<\/script>\n<!-- \/ Yoast SEO plugin. -->","yoast_head_json":{"title":"Tom 68, zeszyt 1 [Volume 68, Issue 1] \u2013 red. Katarzyna Duda-Gromada - Prace i Studia Geograficzne | Studies in Geography","robots":{"index":"index","follow":"follow","max-snippet":"max-snippet:-1","max-image-preview":"max-image-preview:large","max-video-preview":"max-video-preview:-1"},"canonical":"https:\/\/pisg.wgsr.uw.edu.pl\/?page_id=2634","og_locale":"pl_PL","og_type":"article","og_title":"Tom 68, zeszyt 1 [Volume 68, Issue 1] \u2013 red. Katarzyna Duda-Gromada - Prace i Studia Geograficzne | Studies in Geography","og_description":"Strony tytu\u0142owe i spis tre\u015bci Artyku\u0142y i studia Ma\u0142gorzata GRZEGORCZYK Zmiany uczestnictwa w niedzielnych praktykach religijnych w diecezjach w Polsce w latach 2004\u20132018 \/ Changes in participation in religious practices on Sundays in dioceses in Poland in 2004\u20132018 Grzegorz GODLEWSKI, Magdalena KUGIEJKO, Ma\u0142gorzata CHARMAS, Adam AUGUSTYNIAK, Jakub RYBKA Disturbances of natural and cultural landscape as [&hellip;]","og_url":"https:\/\/pisg.wgsr.uw.edu.pl\/?page_id=2634","og_site_name":"Prace i Studia Geograficzne | Studies in Geography","article_modified_time":"2024-08-19T20:34:05+00:00","twitter_card":"summary_large_image","twitter_misc":{"Szacowany czas czytania":"2 minuty"},"schema":{"@context":"https:\/\/schema.org","@graph":[{"@type":"WebPage","@id":"https:\/\/pisg.wgsr.uw.edu.pl\/?page_id=2634","url":"https:\/\/pisg.wgsr.uw.edu.pl\/?page_id=2634","name":"Tom 68, zeszyt 1 [Volume 68, Issue 1] \u2013 red. Katarzyna Duda-Gromada - Prace i Studia Geograficzne | Studies in Geography","isPartOf":{"@id":"https:\/\/pisg.wgsr.uw.edu.pl\/#website"},"datePublished":"2023-08-31T09:43:57+00:00","dateModified":"2024-08-19T20:34:05+00:00","breadcrumb":{"@id":"https:\/\/pisg.wgsr.uw.edu.pl\/?page_id=2634#breadcrumb"},"inLanguage":"pl-PL","potentialAction":[{"@type":"ReadAction","target":["https:\/\/pisg.wgsr.uw.edu.pl\/?page_id=2634"]}]},{"@type":"BreadcrumbList","@id":"https:\/\/pisg.wgsr.uw.edu.pl\/?page_id=2634#breadcrumb","itemListElement":[{"@type":"ListItem","position":1,"name":"Strona g\u0142\u00f3wna","item":"https:\/\/pisg.wgsr.uw.edu.pl\/"},{"@type":"ListItem","position":2,"name":"Tomy","item":"https:\/\/pisg.wgsr.uw.edu.pl\/?page_id=97"},{"@type":"ListItem","position":3,"name":"Tom 68, zeszyt 1 [Volume 68, Issue 1] \u2013 red. Katarzyna Duda-Gromada"}]},{"@type":"WebSite","@id":"https:\/\/pisg.wgsr.uw.edu.pl\/#website","url":"https:\/\/pisg.wgsr.uw.edu.pl\/","name":"Prace i Studia Geograficzne | Studies in Geography","description":"Prace i Studia Geograficzne s\u0105 recenzowanym czasopismem wydawanym przez Wydzia\u0142 Geografii i Studi\u00f3w Regionalnych Uniwersytetu Warszawskiego","potentialAction":[{"@type":"SearchAction","target":{"@type":"EntryPoint","urlTemplate":"https:\/\/pisg.wgsr.uw.edu.pl\/?s={search_term_string}"},"query-input":{"@type":"PropertyValueSpecification","valueRequired":true,"valueName":"search_term_string"}}],"inLanguage":"pl-PL"}]}},"_links":{"self":[{"href":"https:\/\/pisg.wgsr.uw.edu.pl\/index.php?rest_route=\/wp\/v2\/pages\/2634","targetHints":{"allow":["GET"]}}],"collection":[{"href":"https:\/\/pisg.wgsr.uw.edu.pl\/index.php?rest_route=\/wp\/v2\/pages"}],"about":[{"href":"https:\/\/pisg.wgsr.uw.edu.pl\/index.php?rest_route=\/wp\/v2\/types\/page"}],"author":[{"embeddable":true,"href":"https:\/\/pisg.wgsr.uw.edu.pl\/index.php?rest_route=\/wp\/v2\/users\/1"}],"replies":[{"embeddable":true,"href":"https:\/\/pisg.wgsr.uw.edu.pl\/index.php?rest_route=%2Fwp%2Fv2%2Fcomments&post=2634"}],"version-history":[{"count":11,"href":"https:\/\/pisg.wgsr.uw.edu.pl\/index.php?rest_route=\/wp\/v2\/pages\/2634\/revisions"}],"predecessor-version":[{"id":3417,"href":"https:\/\/pisg.wgsr.uw.edu.pl\/index.php?rest_route=\/wp\/v2\/pages\/2634\/revisions\/3417"}],"up":[{"embeddable":true,"href":"https:\/\/pisg.wgsr.uw.edu.pl\/index.php?rest_route=\/wp\/v2\/pages\/97"}],"wp:attachment":[{"href":"https:\/\/pisg.wgsr.uw.edu.pl\/index.php?rest_route=%2Fwp%2Fv2%2Fmedia&parent=2634"}],"curies":[{"name":"wp","href":"https:\/\/api.w.org\/{rel}","templated":true}]}}