{"id":2685,"date":"2023-11-16T12:41:33","date_gmt":"2023-11-16T12:41:33","guid":{"rendered":"https:\/\/pisg.wgsr.uw.edu.pl\/?page_id=2685"},"modified":"2024-03-14T09:30:01","modified_gmt":"2024-03-14T09:30:01","slug":"tom-68-zeszyt-2-volume-68-issue-2-red-barbara-jaczewska-marcin-solarz-malgorzata-wojtaszczyk","status":"publish","type":"page","link":"https:\/\/pisg.wgsr.uw.edu.pl\/?page_id=2685","title":{"rendered":"Tom 68, zeszyt 2 [Volume 68, Issue 2] &#8211; red. Barbara Jaczewska, Marcin Solarz, Ma\u0142gorzata Wojtaszczyk"},"content":{"rendered":"<p><a href=\"https:\/\/pisg.wgsr.uw.edu.pl\/wp-content\/uploads\/2023\/12\/PiSG_68.2-StronyTytuloweSpisTresci.pdf\">Strony tytu\u0142owe i spis tre\u015bci<\/a><\/p>\n<p><em>Wprowadzenie<\/em><\/p>\n<p><strong>Tomasz WITES\u00a0<\/strong><a href=\"https:\/\/pisg.wgsr.uw.edu.pl\/wp-content\/uploads\/2023\/12\/PiSG_68.2-00.pdf\">Z geografi\u0105 przez \u017cycie. \u017byciorys profesora Jerzego Makowskiego<\/a><\/p>\n<p><em>Artyku\u0142y i studia<\/em><\/p>\n<p><strong>Ma\u0142gorzata WOJTASZCZYK<\/strong> <a href=\"https:\/\/pisg.wgsr.uw.edu.pl\/?p=2687\">Warszawskie Jelonki \u2013 od wsi folwarcznej, przez miasto ogr\u00f3d do wielkomiejskiego osiedla mieszkaniowego \/ Jelonki, Warsaw \u2013 from the farm village, through the garden city, all the way to a big city residential neighbourhood<\/a><\/p>\n<p><strong>Barbara JACZEWSKA<\/strong> <a href=\"https:\/\/pisg.wgsr.uw.edu.pl\/?p=2694\">Analiza praktyk czasoprzestrzennych i sposob\u00f3w zamieszkiwania \u201ewielolokalnych\u201d polskich naukowc\u00f3w \/ Analysis of spatial and temporal organization practices and modes of inhabitation of \u201cmulti-local\u201d Polish academics<\/a><\/p>\n<p><strong>Ada G\u00d3RNA<\/strong> <a href=\"https:\/\/pisg.wgsr.uw.edu.pl\/?p=2699\">Winnice jako forma rolnictwa miejskiego \u2013 przyk\u0142ad Wiednia \/ Vineyards as a form of urban agriculture \u2013 example of Vienna<\/a><\/p>\n<p><strong>Andrzej KOWALCZYK<\/strong> <a href=\"https:\/\/pisg.wgsr.uw.edu.pl\/?p=2705\">Mapy i inne formy geowizualizacji wykorzystywane w enoturystyce \/ Maps and other forms of geovisualization used in enotourism<\/a><\/p>\n<p><strong>Maciej Z\u0104BEK<\/strong> <a href=\"https:\/\/pisg.wgsr.uw.edu.pl\/?p=2710\">Panaceum. O leczniczych walorach wina od staro\u017cytno\u015bci po wsp\u00f3\u0142czesno\u015b\u0107 \/ Panacea. About the healing qualities of wine from antiquity to the present day<\/a><\/p>\n<p><strong>Marcin Wojciech SOLARZ, Marta RACZY\u0143SKA-KRUK<\/strong>\u00a0<a href=\"https:\/\/pisg.wgsr.uw.edu.pl\/?p=2717&amp;preview=true\">G\u0142uchoniemcy, Taubdeutsche, Walddeutsche \u2013 przyczynek do biografii poj\u0119cia \/ G\u0142uchoniemcy, Taubdeutsche, Walddeutsche. A contribution to the biography of the concept<\/a><\/p>\n<p><strong>Piotr KO\u0141PAK, Tomasz PANECKI\u00a0<\/strong><a href=\"https:\/\/pisg.wgsr.uw.edu.pl\/?p=2720\">Textor viator. Mobilno\u015b\u0107 tkaczy Pog\u00f3rza Karpackiego w epoce nowo\u017cytnej \/ Textor viator. Mobility of weavers in the carpathian foothills in the early modern era<\/a><\/p>\n<p><strong>Krzysztof G\u00d3RNY, Sara S\u0141Y\u015a\u00a0<\/strong><a href=\"https:\/\/pisg.wgsr.uw.edu.pl\/?p=2724\">Patroni warszawskich przestrzeni publicznych. Spojrzenie geograficzno-historyczne \/ The patrons of Warsaw public spaces. Geographical and historical view<\/a><\/p>\n<p><strong>Magdalena SKORUPSKA\u00a0<\/strong><a href=\"https:\/\/pisg.wgsr.uw.edu.pl\/?p=2728\">Wida\u0107 zabory? Analiza zr\u00f3\u017cnicowania przestrzennego niewa\u017cnych g\u0142os\u00f3w w wyborach centralnych w Polsce w latach 2004\u20132019 \/ Can we see the partitions? Analysis of spatial differentiation of invalid votes in central elections in Poland, in 2004\u20132019<\/a><\/p>\n<p><strong>Miros\u0142awa CZERNY<\/strong>\u00a0<a href=\"https:\/\/pisg.wgsr.uw.edu.pl\/?p=2732\">Rozw\u00f3j miasta w warunkach dominacji nieformalnej zabudowy mieszkaniowej. Przyk\u0142ad Villavicencio w Kolumbii \/ Development of the city in the conditions of informal housing development domination. Example of Villavicencio in Colombia<\/a><\/p>\n<p><strong>Anna WINIARCZYK-RA\u0179NIAK\u00a0<\/strong><a href=\"https:\/\/pisg.wgsr.uw.edu.pl\/?p=2736\">Gospodarcze skutki program\u00f3w aktywizuj\u0105cych rozw\u00f3j turystyki \u2013 przyk\u0142ad programu Pueblos M\u00e1gicos (Meksyk) \/ Economic effects of programs activating the development of tourism \u2013 example of Pueblos M\u00e1gicos Program (Mexico)<\/a><\/p>\n<p><strong>Miros\u0142aw W\u00d3JTOWICZ, Aleksandra SKWAREK<\/strong>\u00a0<a href=\"https:\/\/pisg.wgsr.uw.edu.pl\/?p=2739\">Transformacja od spo\u0142ecze\u0144stwa wiejskiego do miejskiego. Urbanizacja Meksyku w XX i pocz\u0105tku XXI wieku \/ Transformation from a rural to an urban society. Urbanization of Mexico in the 20th and early 21st centuries<\/a><\/p>\n<p><em>Eseje naukowe<\/em><\/p>\n<p><strong>Maciej J\u0118DRUSIK<\/strong>\u00a0<a href=\"https:\/\/pisg.wgsr.uw.edu.pl\/wp-content\/uploads\/2023\/12\/PiSG_68.2-13.pdf\">Smaki Kuby. W ho\u0142dzie Profesorowi Jerzemu Makowskiemu \/ Flavors of Cuba. A tribute to Professor Jerzy Makowski<\/a><\/p>\n<p><i>Inne<\/i><\/p>\n<p><a href=\"https:\/\/pisg.wgsr.uw.edu.pl\/wp-content\/uploads\/2023\/12\/PiSG_68.2-14.pdf\">Teksty okoliczno\u015bciowe \/ Occasional texts<\/a><\/p>\n<p><strong>Joanna MI\u0118TKIEWSKA-BRYNDA<\/strong>\u00a0<a href=\"https:\/\/pisg.wgsr.uw.edu.pl\/wp-content\/uploads\/2023\/12\/PiSG_68.2-15.pdf\">Spis prac dyplomowych przygotowanych pod opiek\u0105 prof. Jerzego Makowskiego<\/a><\/p>\n<p><strong>Joanna MI\u0118TKIEWSKA-BRYNDA<\/strong><a href=\"https:\/\/pisg.wgsr.uw.edu.pl\/wp-content\/uploads\/2023\/12\/PiSG_68.2-16.pdf\">\u00a0Spis publikacji prof. Jerzego Makowskiego<\/a><\/p>\n","protected":false},"excerpt":{"rendered":"<p>Strony tytu\u0142owe i spis tre\u015bci Wprowadzenie Tomasz WITES\u00a0Z geografi\u0105 przez \u017cycie. \u017byciorys profesora Jerzego Makowskiego Artyku\u0142y i studia Ma\u0142gorzata WOJTASZCZYK Warszawskie Jelonki \u2013 od wsi folwarcznej, przez miasto ogr\u00f3d do wielkomiejskiego osiedla mieszkaniowego \/ Jelonki, Warsaw \u2013 from the farm village, through the garden city, all the way to a big city residential neighbourhood Barbara [&hellip;]<\/p>\n","protected":false},"author":1,"featured_media":0,"parent":97,"menu_order":0,"comment_status":"closed","ping_status":"closed","template":"","meta":{"_monsterinsights_skip_tracking":false,"_monsterinsights_sitenote_active":false,"_monsterinsights_sitenote_note":"","_monsterinsights_sitenote_category":0,"footnotes":""},"class_list":["post-2685","page","type-page","status-publish","hentry","post"],"yoast_head":"<!-- This site is optimized with the Yoast SEO plugin v27.5 - https:\/\/yoast.com\/product\/yoast-seo-wordpress\/ -->\n<title>Tom 68, zeszyt 2 [Volume 68, Issue 2] - red. Barbara Jaczewska, Marcin Solarz, Ma\u0142gorzata Wojtaszczyk - Prace i Studia Geograficzne | Studies in Geography<\/title>\n<meta name=\"robots\" content=\"index, follow, max-snippet:-1, max-image-preview:large, max-video-preview:-1\" \/>\n<link rel=\"canonical\" href=\"https:\/\/pisg.wgsr.uw.edu.pl\/?page_id=2685\" \/>\n<meta property=\"og:locale\" content=\"pl_PL\" \/>\n<meta property=\"og:type\" content=\"article\" \/>\n<meta property=\"og:title\" content=\"Tom 68, zeszyt 2 [Volume 68, Issue 2] - red. Barbara Jaczewska, Marcin Solarz, Ma\u0142gorzata Wojtaszczyk - Prace i Studia Geograficzne | Studies in Geography\" \/>\n<meta property=\"og:description\" content=\"Strony tytu\u0142owe i spis tre\u015bci Wprowadzenie Tomasz WITES\u00a0Z geografi\u0105 przez \u017cycie. \u017byciorys profesora Jerzego Makowskiego Artyku\u0142y i studia Ma\u0142gorzata WOJTASZCZYK Warszawskie Jelonki \u2013 od wsi folwarcznej, przez miasto ogr\u00f3d do wielkomiejskiego osiedla mieszkaniowego \/ Jelonki, Warsaw \u2013 from the farm village, through the garden city, all the way to a big city residential neighbourhood Barbara [&hellip;]\" \/>\n<meta property=\"og:url\" content=\"https:\/\/pisg.wgsr.uw.edu.pl\/?page_id=2685\" \/>\n<meta property=\"og:site_name\" content=\"Prace i Studia Geograficzne | Studies in Geography\" \/>\n<meta property=\"article:modified_time\" content=\"2024-03-14T09:30:01+00:00\" \/>\n<meta name=\"twitter:card\" content=\"summary_large_image\" \/>\n<meta name=\"twitter:label1\" content=\"Szacowany czas czytania\" \/>\n\t<meta name=\"twitter:data1\" content=\"3 minuty\" \/>\n<script type=\"application\/ld+json\" class=\"yoast-schema-graph\">{\"@context\":\"https:\\\/\\\/schema.org\",\"@graph\":[{\"@type\":\"WebPage\",\"@id\":\"https:\\\/\\\/pisg.wgsr.uw.edu.pl\\\/?page_id=2685\",\"url\":\"https:\\\/\\\/pisg.wgsr.uw.edu.pl\\\/?page_id=2685\",\"name\":\"Tom 68, zeszyt 2 [Volume 68, Issue 2] - red. Barbara Jaczewska, Marcin Solarz, Ma\u0142gorzata Wojtaszczyk - Prace i Studia Geograficzne | Studies in Geography\",\"isPartOf\":{\"@id\":\"https:\\\/\\\/pisg.wgsr.uw.edu.pl\\\/#website\"},\"datePublished\":\"2023-11-16T12:41:33+00:00\",\"dateModified\":\"2024-03-14T09:30:01+00:00\",\"breadcrumb\":{\"@id\":\"https:\\\/\\\/pisg.wgsr.uw.edu.pl\\\/?page_id=2685#breadcrumb\"},\"inLanguage\":\"pl-PL\",\"potentialAction\":[{\"@type\":\"ReadAction\",\"target\":[\"https:\\\/\\\/pisg.wgsr.uw.edu.pl\\\/?page_id=2685\"]}]},{\"@type\":\"BreadcrumbList\",\"@id\":\"https:\\\/\\\/pisg.wgsr.uw.edu.pl\\\/?page_id=2685#breadcrumb\",\"itemListElement\":[{\"@type\":\"ListItem\",\"position\":1,\"name\":\"Strona g\u0142\u00f3wna\",\"item\":\"https:\\\/\\\/pisg.wgsr.uw.edu.pl\\\/\"},{\"@type\":\"ListItem\",\"position\":2,\"name\":\"Tomy\",\"item\":\"https:\\\/\\\/pisg.wgsr.uw.edu.pl\\\/?page_id=97\"},{\"@type\":\"ListItem\",\"position\":3,\"name\":\"Tom 68, zeszyt 2 [Volume 68, Issue 2] &#8211; red. Barbara Jaczewska, Marcin Solarz, Ma\u0142gorzata Wojtaszczyk\"}]},{\"@type\":\"WebSite\",\"@id\":\"https:\\\/\\\/pisg.wgsr.uw.edu.pl\\\/#website\",\"url\":\"https:\\\/\\\/pisg.wgsr.uw.edu.pl\\\/\",\"name\":\"Prace i Studia Geograficzne | Studies in Geography\",\"description\":\"Prace i Studia Geograficzne s\u0105 recenzowanym czasopismem wydawanym przez Wydzia\u0142 Geografii i Studi\u00f3w Regionalnych Uniwersytetu Warszawskiego\",\"potentialAction\":[{\"@type\":\"SearchAction\",\"target\":{\"@type\":\"EntryPoint\",\"urlTemplate\":\"https:\\\/\\\/pisg.wgsr.uw.edu.pl\\\/?s={search_term_string}\"},\"query-input\":{\"@type\":\"PropertyValueSpecification\",\"valueRequired\":true,\"valueName\":\"search_term_string\"}}],\"inLanguage\":\"pl-PL\"}]}<\/script>\n<!-- \/ Yoast SEO plugin. -->","yoast_head_json":{"title":"Tom 68, zeszyt 2 [Volume 68, Issue 2] - red. Barbara Jaczewska, Marcin Solarz, Ma\u0142gorzata Wojtaszczyk - Prace i Studia Geograficzne | Studies in Geography","robots":{"index":"index","follow":"follow","max-snippet":"max-snippet:-1","max-image-preview":"max-image-preview:large","max-video-preview":"max-video-preview:-1"},"canonical":"https:\/\/pisg.wgsr.uw.edu.pl\/?page_id=2685","og_locale":"pl_PL","og_type":"article","og_title":"Tom 68, zeszyt 2 [Volume 68, Issue 2] - red. Barbara Jaczewska, Marcin Solarz, Ma\u0142gorzata Wojtaszczyk - Prace i Studia Geograficzne | Studies in Geography","og_description":"Strony tytu\u0142owe i spis tre\u015bci Wprowadzenie Tomasz WITES\u00a0Z geografi\u0105 przez \u017cycie. \u017byciorys profesora Jerzego Makowskiego Artyku\u0142y i studia Ma\u0142gorzata WOJTASZCZYK Warszawskie Jelonki \u2013 od wsi folwarcznej, przez miasto ogr\u00f3d do wielkomiejskiego osiedla mieszkaniowego \/ Jelonki, Warsaw \u2013 from the farm village, through the garden city, all the way to a big city residential neighbourhood Barbara [&hellip;]","og_url":"https:\/\/pisg.wgsr.uw.edu.pl\/?page_id=2685","og_site_name":"Prace i Studia Geograficzne | Studies in Geography","article_modified_time":"2024-03-14T09:30:01+00:00","twitter_card":"summary_large_image","twitter_misc":{"Szacowany czas czytania":"3 minuty"},"schema":{"@context":"https:\/\/schema.org","@graph":[{"@type":"WebPage","@id":"https:\/\/pisg.wgsr.uw.edu.pl\/?page_id=2685","url":"https:\/\/pisg.wgsr.uw.edu.pl\/?page_id=2685","name":"Tom 68, zeszyt 2 [Volume 68, Issue 2] - red. Barbara Jaczewska, Marcin Solarz, Ma\u0142gorzata Wojtaszczyk - Prace i Studia Geograficzne | Studies in Geography","isPartOf":{"@id":"https:\/\/pisg.wgsr.uw.edu.pl\/#website"},"datePublished":"2023-11-16T12:41:33+00:00","dateModified":"2024-03-14T09:30:01+00:00","breadcrumb":{"@id":"https:\/\/pisg.wgsr.uw.edu.pl\/?page_id=2685#breadcrumb"},"inLanguage":"pl-PL","potentialAction":[{"@type":"ReadAction","target":["https:\/\/pisg.wgsr.uw.edu.pl\/?page_id=2685"]}]},{"@type":"BreadcrumbList","@id":"https:\/\/pisg.wgsr.uw.edu.pl\/?page_id=2685#breadcrumb","itemListElement":[{"@type":"ListItem","position":1,"name":"Strona g\u0142\u00f3wna","item":"https:\/\/pisg.wgsr.uw.edu.pl\/"},{"@type":"ListItem","position":2,"name":"Tomy","item":"https:\/\/pisg.wgsr.uw.edu.pl\/?page_id=97"},{"@type":"ListItem","position":3,"name":"Tom 68, zeszyt 2 [Volume 68, Issue 2] &#8211; red. Barbara Jaczewska, Marcin Solarz, Ma\u0142gorzata Wojtaszczyk"}]},{"@type":"WebSite","@id":"https:\/\/pisg.wgsr.uw.edu.pl\/#website","url":"https:\/\/pisg.wgsr.uw.edu.pl\/","name":"Prace i Studia Geograficzne | Studies in Geography","description":"Prace i Studia Geograficzne s\u0105 recenzowanym czasopismem wydawanym przez Wydzia\u0142 Geografii i Studi\u00f3w Regionalnych Uniwersytetu Warszawskiego","potentialAction":[{"@type":"SearchAction","target":{"@type":"EntryPoint","urlTemplate":"https:\/\/pisg.wgsr.uw.edu.pl\/?s={search_term_string}"},"query-input":{"@type":"PropertyValueSpecification","valueRequired":true,"valueName":"search_term_string"}}],"inLanguage":"pl-PL"}]}},"_links":{"self":[{"href":"https:\/\/pisg.wgsr.uw.edu.pl\/index.php?rest_route=\/wp\/v2\/pages\/2685","targetHints":{"allow":["GET"]}}],"collection":[{"href":"https:\/\/pisg.wgsr.uw.edu.pl\/index.php?rest_route=\/wp\/v2\/pages"}],"about":[{"href":"https:\/\/pisg.wgsr.uw.edu.pl\/index.php?rest_route=\/wp\/v2\/types\/page"}],"author":[{"embeddable":true,"href":"https:\/\/pisg.wgsr.uw.edu.pl\/index.php?rest_route=\/wp\/v2\/users\/1"}],"replies":[{"embeddable":true,"href":"https:\/\/pisg.wgsr.uw.edu.pl\/index.php?rest_route=%2Fwp%2Fv2%2Fcomments&post=2685"}],"version-history":[{"count":15,"href":"https:\/\/pisg.wgsr.uw.edu.pl\/index.php?rest_route=\/wp\/v2\/pages\/2685\/revisions"}],"predecessor-version":[{"id":2750,"href":"https:\/\/pisg.wgsr.uw.edu.pl\/index.php?rest_route=\/wp\/v2\/pages\/2685\/revisions\/2750"}],"up":[{"embeddable":true,"href":"https:\/\/pisg.wgsr.uw.edu.pl\/index.php?rest_route=\/wp\/v2\/pages\/97"}],"wp:attachment":[{"href":"https:\/\/pisg.wgsr.uw.edu.pl\/index.php?rest_route=%2Fwp%2Fv2%2Fmedia&parent=2685"}],"curies":[{"name":"wp","href":"https:\/\/api.w.org\/{rel}","templated":true}]}}