{"id":27,"date":"2020-03-05T19:32:25","date_gmt":"2020-03-05T18:32:25","guid":{"rendered":"http:\/\/wgsr.uw.edu.pl\/pisg\/?page_id=27"},"modified":"2024-08-19T09:48:37","modified_gmt":"2024-08-19T09:48:37","slug":"zasady","status":"publish","type":"page","link":"https:\/\/pisg.wgsr.uw.edu.pl\/?page_id=27","title":{"rendered":"Og\u00f3lne zasady wydawnicze"},"content":{"rendered":"\r\n<p><em>Prace i Studia Geograficzne<\/em> s\u0105 recenzowanym czasopismem wydawanym przez Wydzia\u0142 Geografii i Studi\u00f3w Regionalnych Uniwersytetu Warszawskiego. W czasopi\u015bmie publikowane s\u0105 artyku\u0142y reprezentuj\u0105ce dyscypliny wiod\u0105ce, czyli geografi\u0119 spo\u0142eczno-ekonomiczn\u0105 i gospodark\u0119 przestrzenn\u0105 oraz nauki o Ziemi i \u015brodowisku, a tak\u017ce pokrewne m.in. nauki socjologiczne, o polityce i administracji, o kulturze fizycznej czy architektur\u0119 i urbanistyk\u0119. Publikowane s\u0105 oryginalne artyku\u0142y naukowe o charakterze teoretycznym, empirycznym, metodycznym lub przegl\u0105dowym. Zapraszamy Autor\u00f3w do wsp\u00f3\u0142pracy z naszym czasopismem.<\/p>\r\n\r\n\r\n\r\n\r\n","protected":false},"excerpt":{"rendered":"<p>Prace i Studia Geograficzne s\u0105 recenzowanym czasopismem wydawanym przez Wydzia\u0142 Geografii i Studi\u00f3w Regionalnych Uniwersytetu Warszawskiego. W czasopi\u015bmie publikowane s\u0105 artyku\u0142y reprezentuj\u0105ce dyscypliny wiod\u0105ce, czyli geografi\u0119 spo\u0142eczno-ekonomiczn\u0105 i gospodark\u0119 przestrzenn\u0105 oraz nauki o Ziemi i \u015brodowisku, a tak\u017ce pokrewne m.in. nauki socjologiczne, o polityce i administracji, o kulturze fizycznej czy architektur\u0119 i urbanistyk\u0119. Publikowane s\u0105 [&hellip;]<\/p>\n","protected":false},"author":2,"featured_media":0,"parent":0,"menu_order":1,"comment_status":"closed","ping_status":"closed","template":"","meta":{"_monsterinsights_skip_tracking":false,"_monsterinsights_sitenote_active":false,"_monsterinsights_sitenote_note":"","_monsterinsights_sitenote_category":0,"footnotes":""},"class_list":["post-27","page","type-page","status-publish","hentry","post"],"yoast_head":"<!-- This site is optimized with the Yoast SEO plugin v27.4 - https:\/\/yoast.com\/product\/yoast-seo-wordpress\/ -->\n<title>Og\u00f3lne zasady wydawnicze - Prace i Studia Geograficzne | Studies in Geography<\/title>\n<meta name=\"description\" content=\"Publikujemy oryginalne artyku\u0142y naukowe o charakterze teoretycznym, empirycznym, metodycznym lub przegl\u0105dowym. Zapraszamy do wsp\u00f3\u0142pracy.\" \/>\n<meta name=\"robots\" content=\"index, follow, max-snippet:-1, max-image-preview:large, max-video-preview:-1\" \/>\n<link rel=\"canonical\" href=\"https:\/\/pisg.wgsr.uw.edu.pl\/?page_id=27\" \/>\n<meta property=\"og:locale\" content=\"pl_PL\" \/>\n<meta property=\"og:type\" content=\"article\" \/>\n<meta property=\"og:title\" content=\"Og\u00f3lne zasady wydawnicze - Prace i Studia Geograficzne | Studies in Geography\" \/>\n<meta property=\"og:description\" content=\"Publikujemy oryginalne artyku\u0142y naukowe o charakterze teoretycznym, empirycznym, metodycznym lub przegl\u0105dowym. Zapraszamy do wsp\u00f3\u0142pracy.\" \/>\n<meta property=\"og:url\" content=\"https:\/\/pisg.wgsr.uw.edu.pl\/?page_id=27\" \/>\n<meta property=\"og:site_name\" content=\"Prace i Studia Geograficzne | Studies in Geography\" \/>\n<meta property=\"article:modified_time\" content=\"2024-08-19T09:48:37+00:00\" \/>\n<meta name=\"twitter:card\" content=\"summary_large_image\" \/>\n<meta name=\"twitter:label1\" content=\"Szacowany czas czytania\" \/>\n\t<meta name=\"twitter:data1\" content=\"1 minuta\" \/>\n<script type=\"application\/ld+json\" class=\"yoast-schema-graph\">{\"@context\":\"https:\\\/\\\/schema.org\",\"@graph\":[{\"@type\":\"WebPage\",\"@id\":\"https:\\\/\\\/pisg.wgsr.uw.edu.pl\\\/?page_id=27\",\"url\":\"https:\\\/\\\/pisg.wgsr.uw.edu.pl\\\/?page_id=27\",\"name\":\"Og\u00f3lne zasady wydawnicze - Prace i Studia Geograficzne | Studies in Geography\",\"isPartOf\":{\"@id\":\"https:\\\/\\\/pisg.wgsr.uw.edu.pl\\\/#website\"},\"datePublished\":\"2020-03-05T18:32:25+00:00\",\"dateModified\":\"2024-08-19T09:48:37+00:00\",\"description\":\"Publikujemy oryginalne artyku\u0142y naukowe o charakterze teoretycznym, empirycznym, metodycznym lub przegl\u0105dowym. Zapraszamy do wsp\u00f3\u0142pracy.\",\"breadcrumb\":{\"@id\":\"https:\\\/\\\/pisg.wgsr.uw.edu.pl\\\/?page_id=27#breadcrumb\"},\"inLanguage\":\"pl-PL\",\"potentialAction\":[{\"@type\":\"ReadAction\",\"target\":[\"https:\\\/\\\/pisg.wgsr.uw.edu.pl\\\/?page_id=27\"]}]},{\"@type\":\"BreadcrumbList\",\"@id\":\"https:\\\/\\\/pisg.wgsr.uw.edu.pl\\\/?page_id=27#breadcrumb\",\"itemListElement\":[{\"@type\":\"ListItem\",\"position\":1,\"name\":\"Strona g\u0142\u00f3wna\",\"item\":\"https:\\\/\\\/pisg.wgsr.uw.edu.pl\\\/\"},{\"@type\":\"ListItem\",\"position\":2,\"name\":\"Og\u00f3lne zasady wydawnicze\"}]},{\"@type\":\"WebSite\",\"@id\":\"https:\\\/\\\/pisg.wgsr.uw.edu.pl\\\/#website\",\"url\":\"https:\\\/\\\/pisg.wgsr.uw.edu.pl\\\/\",\"name\":\"Prace i Studia Geograficzne | Studies in Geography\",\"description\":\"Prace i Studia Geograficzne s\u0105 recenzowanym czasopismem wydawanym przez Wydzia\u0142 Geografii i Studi\u00f3w Regionalnych Uniwersytetu Warszawskiego\",\"potentialAction\":[{\"@type\":\"SearchAction\",\"target\":{\"@type\":\"EntryPoint\",\"urlTemplate\":\"https:\\\/\\\/pisg.wgsr.uw.edu.pl\\\/?s={search_term_string}\"},\"query-input\":{\"@type\":\"PropertyValueSpecification\",\"valueRequired\":true,\"valueName\":\"search_term_string\"}}],\"inLanguage\":\"pl-PL\"}]}<\/script>\n<!-- \/ Yoast SEO plugin. -->","yoast_head_json":{"title":"Og\u00f3lne zasady wydawnicze - Prace i Studia Geograficzne | Studies in Geography","description":"Publikujemy oryginalne artyku\u0142y naukowe o charakterze teoretycznym, empirycznym, metodycznym lub przegl\u0105dowym. Zapraszamy do wsp\u00f3\u0142pracy.","robots":{"index":"index","follow":"follow","max-snippet":"max-snippet:-1","max-image-preview":"max-image-preview:large","max-video-preview":"max-video-preview:-1"},"canonical":"https:\/\/pisg.wgsr.uw.edu.pl\/?page_id=27","og_locale":"pl_PL","og_type":"article","og_title":"Og\u00f3lne zasady wydawnicze - Prace i Studia Geograficzne | Studies in Geography","og_description":"Publikujemy oryginalne artyku\u0142y naukowe o charakterze teoretycznym, empirycznym, metodycznym lub przegl\u0105dowym. Zapraszamy do wsp\u00f3\u0142pracy.","og_url":"https:\/\/pisg.wgsr.uw.edu.pl\/?page_id=27","og_site_name":"Prace i Studia Geograficzne | Studies in Geography","article_modified_time":"2024-08-19T09:48:37+00:00","twitter_card":"summary_large_image","twitter_misc":{"Szacowany czas czytania":"1 minuta"},"schema":{"@context":"https:\/\/schema.org","@graph":[{"@type":"WebPage","@id":"https:\/\/pisg.wgsr.uw.edu.pl\/?page_id=27","url":"https:\/\/pisg.wgsr.uw.edu.pl\/?page_id=27","name":"Og\u00f3lne zasady wydawnicze - Prace i Studia Geograficzne | Studies in Geography","isPartOf":{"@id":"https:\/\/pisg.wgsr.uw.edu.pl\/#website"},"datePublished":"2020-03-05T18:32:25+00:00","dateModified":"2024-08-19T09:48:37+00:00","description":"Publikujemy oryginalne artyku\u0142y naukowe o charakterze teoretycznym, empirycznym, metodycznym lub przegl\u0105dowym. Zapraszamy do wsp\u00f3\u0142pracy.","breadcrumb":{"@id":"https:\/\/pisg.wgsr.uw.edu.pl\/?page_id=27#breadcrumb"},"inLanguage":"pl-PL","potentialAction":[{"@type":"ReadAction","target":["https:\/\/pisg.wgsr.uw.edu.pl\/?page_id=27"]}]},{"@type":"BreadcrumbList","@id":"https:\/\/pisg.wgsr.uw.edu.pl\/?page_id=27#breadcrumb","itemListElement":[{"@type":"ListItem","position":1,"name":"Strona g\u0142\u00f3wna","item":"https:\/\/pisg.wgsr.uw.edu.pl\/"},{"@type":"ListItem","position":2,"name":"Og\u00f3lne zasady wydawnicze"}]},{"@type":"WebSite","@id":"https:\/\/pisg.wgsr.uw.edu.pl\/#website","url":"https:\/\/pisg.wgsr.uw.edu.pl\/","name":"Prace i Studia Geograficzne | Studies in Geography","description":"Prace i Studia Geograficzne s\u0105 recenzowanym czasopismem wydawanym przez Wydzia\u0142 Geografii i Studi\u00f3w Regionalnych Uniwersytetu Warszawskiego","potentialAction":[{"@type":"SearchAction","target":{"@type":"EntryPoint","urlTemplate":"https:\/\/pisg.wgsr.uw.edu.pl\/?s={search_term_string}"},"query-input":{"@type":"PropertyValueSpecification","valueRequired":true,"valueName":"search_term_string"}}],"inLanguage":"pl-PL"}]}},"_links":{"self":[{"href":"https:\/\/pisg.wgsr.uw.edu.pl\/index.php?rest_route=\/wp\/v2\/pages\/27","targetHints":{"allow":["GET"]}}],"collection":[{"href":"https:\/\/pisg.wgsr.uw.edu.pl\/index.php?rest_route=\/wp\/v2\/pages"}],"about":[{"href":"https:\/\/pisg.wgsr.uw.edu.pl\/index.php?rest_route=\/wp\/v2\/types\/page"}],"author":[{"embeddable":true,"href":"https:\/\/pisg.wgsr.uw.edu.pl\/index.php?rest_route=\/wp\/v2\/users\/2"}],"replies":[{"embeddable":true,"href":"https:\/\/pisg.wgsr.uw.edu.pl\/index.php?rest_route=%2Fwp%2Fv2%2Fcomments&post=27"}],"version-history":[{"count":3,"href":"https:\/\/pisg.wgsr.uw.edu.pl\/index.php?rest_route=\/wp\/v2\/pages\/27\/revisions"}],"predecessor-version":[{"id":3392,"href":"https:\/\/pisg.wgsr.uw.edu.pl\/index.php?rest_route=\/wp\/v2\/pages\/27\/revisions\/3392"}],"wp:attachment":[{"href":"https:\/\/pisg.wgsr.uw.edu.pl\/index.php?rest_route=%2Fwp%2Fv2%2Fmedia&parent=27"}],"curies":[{"name":"wp","href":"https:\/\/api.w.org\/{rel}","templated":true}]}}