{"id":2761,"date":"2024-01-09T17:50:06","date_gmt":"2024-01-09T17:50:06","guid":{"rendered":"https:\/\/pisg.wgsr.uw.edu.pl\/?page_id=2761"},"modified":"2024-09-09T21:10:11","modified_gmt":"2024-09-09T21:10:11","slug":"tom-68-zeszyt-3-volume-68-issue-3-red-sylwia-dudek-mankowska","status":"publish","type":"page","link":"https:\/\/pisg.wgsr.uw.edu.pl\/?page_id=2761","title":{"rendered":"Tom 68, zeszyt 3 [Volume 68, Issue 3] \u2013 red. Sylwia Dudek-Ma\u0144kowska"},"content":{"rendered":"<p><a href=\"https:\/\/pisg.wgsr.uw.edu.pl\/wp-content\/uploads\/2024\/09\/PiSG_68.3-StronyTytuloweSpisTresci.pdf\">Strony tytu\u0142owe i spis tre\u015bci<\/a><\/p>\n<p><em>Artyku\u0142y i studia<\/em><\/p>\n<p><strong>Maja LEWANDOWSKA<\/strong> <a href=\"https:\/\/pisg.wgsr.uw.edu.pl\/?p=2764\">Przestrzenie coworkingowe w Warszawie \u2013 lokalizacja, charakterystyka i dzia\u0142alno\u015b\u0107 w czasie pandemii COVID-19 \/ Coworking spaces in Warsaw \u2013 location, characteristics, activities in pandemic COVID-19<\/a><\/p>\n<p><strong>Maciej MISZTAL<\/strong> <a href=\"https:\/\/pisg.wgsr.uw.edu.pl\/?p=2768\">Wp\u0142yw pandemii COVID-19 na codzienn\u0105 mobilno\u015b\u0107 mieszka\u0144c\u00f3w Warszawy \/ The impact of the COVID-19 pandemic on the daily mobility of Warsaw residents<\/a><\/p>\n<p><strong>Karolina SITNIK<\/strong> <a href=\"https:\/\/pisg.wgsr.uw.edu.pl\/?p=2773\">Dost\u0119pno\u015b\u0107 piesza us\u0142ug krytycznych w Warszawie w kontek\u015bcie koncepcji miasta 15-minutowego \/ Pedestrian accessibility of critical services in Warsaw in the context of the 15-minute city<\/a><\/p>\n<p style=\"text-align: left;\"><strong>Sylwia DUDEK-MA\u0143KOWSKA, Adrian ZAPERT <\/strong><a href=\"https:\/\/pisg.wgsr.uw.edu.pl\/?p=3444\">Warszawa jako miejsce zamieszkania w opinii nieheteronormatywnych mieszka\u0144c\u00f3w \/ Warsaw as a place of residence in the opinion of non-heteronormative residents<\/a><\/p>\n<p><strong>Miros\u0142aw GROCHOWSKI<\/strong> <a href=\"https:\/\/pisg.wgsr.uw.edu.pl\/?p=3450\">Wp\u0142yw pandemii COVID-19 na wykorzystanie park\u00f3w w Warszawie \/ The Impact of the COVID -19 Pandemic on the Use of Parks in Warsaw<\/a><\/p>\n<p><strong>Sylwia DUDEK-MA\u0143KOWSKA <\/strong><a href=\"https:\/\/pisg.wgsr.uw.edu.pl\/?p=3456\">Parki dla ps\u00f3w w Warszawie \u2013 przestrzenie integracji spo\u0142ecznej czy subtelnej izolacji? \/ Dog parks in Warsaw \u2013 spaces for social integration or subtle isolation?<\/a><\/p>\n<p><em>Eseje naukowe<\/em><\/p>\n<p><strong>Jerzy J. PARYSEK<\/strong> <a href=\"https:\/\/pisg.wgsr.uw.edu.pl\/wp-content\/uploads\/2024\/09\/101-106_Parysek.pdf\">Pomi\u0119dzy popytem a poda\u017c\u0105, czyli o systemie konsumpcyjnym refleksji kilka \/ &#8222;Between supply and demand, or some thoughts on the consumer system&#8221;<\/a><\/p>\n<p><em>Wspomnienia<\/em><\/p>\n<p>[<strong>Przyjaciele z Katedry Kartografii UW<\/strong>] <a href=\"https:\/\/pisg.wgsr.uw.edu.pl\/wp-content\/uploads\/2024\/09\/107-109_Wspomnienie_KK-1.pdf\">Wspomnienie o Krzysztofie Kossobudzkim<\/a><\/p>\n","protected":false},"excerpt":{"rendered":"<p>Strony tytu\u0142owe i spis tre\u015bci Artyku\u0142y i studia Maja LEWANDOWSKA Przestrzenie coworkingowe w Warszawie \u2013 lokalizacja, charakterystyka i dzia\u0142alno\u015b\u0107 w czasie pandemii COVID-19 \/ Coworking spaces in Warsaw \u2013 location, characteristics, activities in pandemic COVID-19 Maciej MISZTAL Wp\u0142yw pandemii COVID-19 na codzienn\u0105 mobilno\u015b\u0107 mieszka\u0144c\u00f3w Warszawy \/ The impact of the COVID-19 pandemic on the daily [&hellip;]<\/p>\n","protected":false},"author":1,"featured_media":0,"parent":97,"menu_order":0,"comment_status":"closed","ping_status":"closed","template":"","meta":{"_monsterinsights_skip_tracking":false,"_monsterinsights_sitenote_active":false,"_monsterinsights_sitenote_note":"","_monsterinsights_sitenote_category":0,"footnotes":""},"class_list":["post-2761","page","type-page","status-publish","hentry","post"],"yoast_head":"<!-- This site is optimized with the Yoast SEO plugin v27.5 - https:\/\/yoast.com\/product\/yoast-seo-wordpress\/ -->\n<title>Tom 68, zeszyt 3 [Volume 68, Issue 3] \u2013 red. Sylwia Dudek-Ma\u0144kowska - Prace i Studia Geograficzne | Studies in Geography<\/title>\n<meta name=\"robots\" content=\"index, follow, max-snippet:-1, max-image-preview:large, max-video-preview:-1\" \/>\n<link rel=\"canonical\" href=\"https:\/\/pisg.wgsr.uw.edu.pl\/?page_id=2761\" \/>\n<meta property=\"og:locale\" content=\"pl_PL\" \/>\n<meta property=\"og:type\" content=\"article\" \/>\n<meta property=\"og:title\" content=\"Tom 68, zeszyt 3 [Volume 68, Issue 3] \u2013 red. Sylwia Dudek-Ma\u0144kowska - Prace i Studia Geograficzne | Studies in Geography\" \/>\n<meta property=\"og:description\" content=\"Strony tytu\u0142owe i spis tre\u015bci Artyku\u0142y i studia Maja LEWANDOWSKA Przestrzenie coworkingowe w Warszawie \u2013 lokalizacja, charakterystyka i dzia\u0142alno\u015b\u0107 w czasie pandemii COVID-19 \/ Coworking spaces in Warsaw \u2013 location, characteristics, activities in pandemic COVID-19 Maciej MISZTAL Wp\u0142yw pandemii COVID-19 na codzienn\u0105 mobilno\u015b\u0107 mieszka\u0144c\u00f3w Warszawy \/ The impact of the COVID-19 pandemic on the daily [&hellip;]\" \/>\n<meta property=\"og:url\" content=\"https:\/\/pisg.wgsr.uw.edu.pl\/?page_id=2761\" \/>\n<meta property=\"og:site_name\" content=\"Prace i Studia Geograficzne | Studies in Geography\" \/>\n<meta property=\"article:modified_time\" content=\"2024-09-09T21:10:11+00:00\" \/>\n<meta name=\"twitter:card\" content=\"summary_large_image\" \/>\n<meta name=\"twitter:label1\" content=\"Szacowany czas czytania\" \/>\n\t<meta name=\"twitter:data1\" content=\"2 minuty\" \/>\n<script type=\"application\/ld+json\" class=\"yoast-schema-graph\">{\"@context\":\"https:\\\/\\\/schema.org\",\"@graph\":[{\"@type\":\"WebPage\",\"@id\":\"https:\\\/\\\/pisg.wgsr.uw.edu.pl\\\/?page_id=2761\",\"url\":\"https:\\\/\\\/pisg.wgsr.uw.edu.pl\\\/?page_id=2761\",\"name\":\"Tom 68, zeszyt 3 [Volume 68, Issue 3] \u2013 red. Sylwia Dudek-Ma\u0144kowska - Prace i Studia Geograficzne | Studies in Geography\",\"isPartOf\":{\"@id\":\"https:\\\/\\\/pisg.wgsr.uw.edu.pl\\\/#website\"},\"datePublished\":\"2024-01-09T17:50:06+00:00\",\"dateModified\":\"2024-09-09T21:10:11+00:00\",\"breadcrumb\":{\"@id\":\"https:\\\/\\\/pisg.wgsr.uw.edu.pl\\\/?page_id=2761#breadcrumb\"},\"inLanguage\":\"pl-PL\",\"potentialAction\":[{\"@type\":\"ReadAction\",\"target\":[\"https:\\\/\\\/pisg.wgsr.uw.edu.pl\\\/?page_id=2761\"]}]},{\"@type\":\"BreadcrumbList\",\"@id\":\"https:\\\/\\\/pisg.wgsr.uw.edu.pl\\\/?page_id=2761#breadcrumb\",\"itemListElement\":[{\"@type\":\"ListItem\",\"position\":1,\"name\":\"Strona g\u0142\u00f3wna\",\"item\":\"https:\\\/\\\/pisg.wgsr.uw.edu.pl\\\/\"},{\"@type\":\"ListItem\",\"position\":2,\"name\":\"Tomy\",\"item\":\"https:\\\/\\\/pisg.wgsr.uw.edu.pl\\\/?page_id=97\"},{\"@type\":\"ListItem\",\"position\":3,\"name\":\"Tom 68, zeszyt 3 [Volume 68, Issue 3] \u2013 red. Sylwia Dudek-Ma\u0144kowska\"}]},{\"@type\":\"WebSite\",\"@id\":\"https:\\\/\\\/pisg.wgsr.uw.edu.pl\\\/#website\",\"url\":\"https:\\\/\\\/pisg.wgsr.uw.edu.pl\\\/\",\"name\":\"Prace i Studia Geograficzne | Studies in Geography\",\"description\":\"Prace i Studia Geograficzne s\u0105 recenzowanym czasopismem wydawanym przez Wydzia\u0142 Geografii i Studi\u00f3w Regionalnych Uniwersytetu Warszawskiego\",\"potentialAction\":[{\"@type\":\"SearchAction\",\"target\":{\"@type\":\"EntryPoint\",\"urlTemplate\":\"https:\\\/\\\/pisg.wgsr.uw.edu.pl\\\/?s={search_term_string}\"},\"query-input\":{\"@type\":\"PropertyValueSpecification\",\"valueRequired\":true,\"valueName\":\"search_term_string\"}}],\"inLanguage\":\"pl-PL\"}]}<\/script>\n<!-- \/ Yoast SEO plugin. -->","yoast_head_json":{"title":"Tom 68, zeszyt 3 [Volume 68, Issue 3] \u2013 red. Sylwia Dudek-Ma\u0144kowska - Prace i Studia Geograficzne | Studies in Geography","robots":{"index":"index","follow":"follow","max-snippet":"max-snippet:-1","max-image-preview":"max-image-preview:large","max-video-preview":"max-video-preview:-1"},"canonical":"https:\/\/pisg.wgsr.uw.edu.pl\/?page_id=2761","og_locale":"pl_PL","og_type":"article","og_title":"Tom 68, zeszyt 3 [Volume 68, Issue 3] \u2013 red. Sylwia Dudek-Ma\u0144kowska - Prace i Studia Geograficzne | Studies in Geography","og_description":"Strony tytu\u0142owe i spis tre\u015bci Artyku\u0142y i studia Maja LEWANDOWSKA Przestrzenie coworkingowe w Warszawie \u2013 lokalizacja, charakterystyka i dzia\u0142alno\u015b\u0107 w czasie pandemii COVID-19 \/ Coworking spaces in Warsaw \u2013 location, characteristics, activities in pandemic COVID-19 Maciej MISZTAL Wp\u0142yw pandemii COVID-19 na codzienn\u0105 mobilno\u015b\u0107 mieszka\u0144c\u00f3w Warszawy \/ The impact of the COVID-19 pandemic on the daily [&hellip;]","og_url":"https:\/\/pisg.wgsr.uw.edu.pl\/?page_id=2761","og_site_name":"Prace i Studia Geograficzne | Studies in Geography","article_modified_time":"2024-09-09T21:10:11+00:00","twitter_card":"summary_large_image","twitter_misc":{"Szacowany czas czytania":"2 minuty"},"schema":{"@context":"https:\/\/schema.org","@graph":[{"@type":"WebPage","@id":"https:\/\/pisg.wgsr.uw.edu.pl\/?page_id=2761","url":"https:\/\/pisg.wgsr.uw.edu.pl\/?page_id=2761","name":"Tom 68, zeszyt 3 [Volume 68, Issue 3] \u2013 red. Sylwia Dudek-Ma\u0144kowska - Prace i Studia Geograficzne | Studies in Geography","isPartOf":{"@id":"https:\/\/pisg.wgsr.uw.edu.pl\/#website"},"datePublished":"2024-01-09T17:50:06+00:00","dateModified":"2024-09-09T21:10:11+00:00","breadcrumb":{"@id":"https:\/\/pisg.wgsr.uw.edu.pl\/?page_id=2761#breadcrumb"},"inLanguage":"pl-PL","potentialAction":[{"@type":"ReadAction","target":["https:\/\/pisg.wgsr.uw.edu.pl\/?page_id=2761"]}]},{"@type":"BreadcrumbList","@id":"https:\/\/pisg.wgsr.uw.edu.pl\/?page_id=2761#breadcrumb","itemListElement":[{"@type":"ListItem","position":1,"name":"Strona g\u0142\u00f3wna","item":"https:\/\/pisg.wgsr.uw.edu.pl\/"},{"@type":"ListItem","position":2,"name":"Tomy","item":"https:\/\/pisg.wgsr.uw.edu.pl\/?page_id=97"},{"@type":"ListItem","position":3,"name":"Tom 68, zeszyt 3 [Volume 68, Issue 3] \u2013 red. Sylwia Dudek-Ma\u0144kowska"}]},{"@type":"WebSite","@id":"https:\/\/pisg.wgsr.uw.edu.pl\/#website","url":"https:\/\/pisg.wgsr.uw.edu.pl\/","name":"Prace i Studia Geograficzne | Studies in Geography","description":"Prace i Studia Geograficzne s\u0105 recenzowanym czasopismem wydawanym przez Wydzia\u0142 Geografii i Studi\u00f3w Regionalnych Uniwersytetu Warszawskiego","potentialAction":[{"@type":"SearchAction","target":{"@type":"EntryPoint","urlTemplate":"https:\/\/pisg.wgsr.uw.edu.pl\/?s={search_term_string}"},"query-input":{"@type":"PropertyValueSpecification","valueRequired":true,"valueName":"search_term_string"}}],"inLanguage":"pl-PL"}]}},"_links":{"self":[{"href":"https:\/\/pisg.wgsr.uw.edu.pl\/index.php?rest_route=\/wp\/v2\/pages\/2761","targetHints":{"allow":["GET"]}}],"collection":[{"href":"https:\/\/pisg.wgsr.uw.edu.pl\/index.php?rest_route=\/wp\/v2\/pages"}],"about":[{"href":"https:\/\/pisg.wgsr.uw.edu.pl\/index.php?rest_route=\/wp\/v2\/types\/page"}],"author":[{"embeddable":true,"href":"https:\/\/pisg.wgsr.uw.edu.pl\/index.php?rest_route=\/wp\/v2\/users\/1"}],"replies":[{"embeddable":true,"href":"https:\/\/pisg.wgsr.uw.edu.pl\/index.php?rest_route=%2Fwp%2Fv2%2Fcomments&post=2761"}],"version-history":[{"count":16,"href":"https:\/\/pisg.wgsr.uw.edu.pl\/index.php?rest_route=\/wp\/v2\/pages\/2761\/revisions"}],"predecessor-version":[{"id":3471,"href":"https:\/\/pisg.wgsr.uw.edu.pl\/index.php?rest_route=\/wp\/v2\/pages\/2761\/revisions\/3471"}],"up":[{"embeddable":true,"href":"https:\/\/pisg.wgsr.uw.edu.pl\/index.php?rest_route=\/wp\/v2\/pages\/97"}],"wp:attachment":[{"href":"https:\/\/pisg.wgsr.uw.edu.pl\/index.php?rest_route=%2Fwp%2Fv2%2Fmedia&parent=2761"}],"curies":[{"name":"wp","href":"https:\/\/api.w.org\/{rel}","templated":true}]}}