{"id":2895,"date":"2024-02-24T22:47:23","date_gmt":"2024-02-24T22:47:23","guid":{"rendered":"https:\/\/pisg.wgsr.uw.edu.pl\/?page_id=2895"},"modified":"2024-03-15T15:40:26","modified_gmt":"2024-03-15T15:40:26","slug":"tom-61-zeszyt-3-volume-61-issue-3-red-ewa-smolska","status":"publish","type":"page","link":"https:\/\/pisg.wgsr.uw.edu.pl\/?page_id=2895","title":{"rendered":"Tom 61, zeszyt 3 [Volume 61, Issue 3] \u2013 red. Ewa Smolska"},"content":{"rendered":"<p><strong>Roman Cie\u015bli\u0144ski, Ewa Komkowska<\/strong> <a href=\"https:\/\/pisg.wgsr.uw.edu.pl\/?p=2896\">Reakcja zlewni rolniczej na wielko\u015b\u0107 opadu atmosferycznego na przyk\u0142adzie zlewni rzeki Borucinki (Pojezierze Kaszubskie) \/ The reaction of the agricultural catchment area on atmospheric precipitation based on the Borucinka river basin (Kashubian Lakeland)<\/a><\/p>\n<p><strong>Sylwia Kulczyk, Marta Derek, Edyta Wo\u017aniak<\/strong> <a href=\"https:\/\/pisg.wgsr.uw.edu.pl\/?p=2902\">Zagospodarowanie turystyczne strefy brzegowej jezior na potrzeby \u017ceglarstwa \u2013 przyk\u0142ad Wielkich Jezior Mazurskich \/ Shore facilities for sailing \u2013 the example of Great Masurian Lakes<\/a><\/p>\n<p><strong>Agnieszka Laskowska, Micha\u0142 Bil<\/strong> <a href=\"https:\/\/pisg.wgsr.uw.edu.pl\/?p=2907\">Wsp\u00f3\u0142praca mi\u0119dzynarodowa a strategie rozwoju w powiatach przygranicznych \/ The international cooperation and the strategies of development in border counties<\/a><\/p>\n<p><strong>Abd Al Salam Mohammed Mail, Urszula Somorowska, Ahmed Hashem Al-Sulttani<\/strong> <a href=\"https:\/\/pisg.wgsr.uw.edu.pl\/?p=2910\">Seasonal and inter-annual variation of precipitation in Iraq over the period 1992-2010 \/ Sezonowa i wieloletnia zmienno\u015b\u0107 opadu w Iraku w latach 1992-2010<\/a><\/p>\n<p><strong>Miros\u0142aw Mika, Bernadetta Zawili\u0144ska<\/strong> <a href=\"https:\/\/pisg.wgsr.uw.edu.pl\/?p=2915\">Przestrze\u0144 chroniona parku narodowego jako czynnik atrakcyjno\u015bci turystycznej i lokalnego rozwoju turystyki. Przyk\u0142ad regionu Babiej G\u00f3ry \/ Protected space of national park as a factor for tourist attractiveness and local tourist development. Babia G\u00f3ra region case study<\/a><\/p>\n<p><strong>Szymon Wi\u015bniewski\u00a0<\/strong><a href=\"https:\/\/pisg.wgsr.uw.edu.pl\/?p=2919\">Teoretyczna i rzeczywista wewn\u0119trzna dost\u0119pno\u015b\u0107 transportowa \u0141odzi \/ The theoretical and real internal transport accessibility of \u0141\u00f3d\u017a<\/a><\/p>\n","protected":false},"excerpt":{"rendered":"<p>Roman Cie\u015bli\u0144ski, Ewa Komkowska Reakcja zlewni rolniczej na wielko\u015b\u0107 opadu atmosferycznego na przyk\u0142adzie zlewni rzeki Borucinki (Pojezierze Kaszubskie) \/ The reaction of the agricultural catchment area on atmospheric precipitation based on the Borucinka river basin (Kashubian Lakeland) Sylwia Kulczyk, Marta Derek, Edyta Wo\u017aniak Zagospodarowanie turystyczne strefy brzegowej jezior na potrzeby \u017ceglarstwa \u2013 przyk\u0142ad Wielkich Jezior [&hellip;]<\/p>\n","protected":false},"author":3,"featured_media":0,"parent":97,"menu_order":0,"comment_status":"closed","ping_status":"closed","template":"","meta":{"_monsterinsights_skip_tracking":false,"_monsterinsights_sitenote_active":false,"_monsterinsights_sitenote_note":"","_monsterinsights_sitenote_category":0,"footnotes":""},"class_list":["post-2895","page","type-page","status-publish","hentry","post"],"yoast_head":"<!-- This site is optimized with the Yoast SEO plugin v27.5 - https:\/\/yoast.com\/product\/yoast-seo-wordpress\/ -->\n<title>Tom 61, zeszyt 3 [Volume 61, Issue 3] \u2013 red. Ewa Smolska - Prace i Studia Geograficzne | Studies in Geography<\/title>\n<meta name=\"description\" content=\"Roman Cie\u015bli\u0144ski, Ewa Komkowska Reakcja zlewni rolniczej na wielko\u015b\u0107 opadu atmosferycznego na przyk\u0142adzie zlewni rzeki Borucinki (Pojezierze Kaszubskie) \/ The reaction of the agricultural catchment area on atmospheric precipitation based on the Borucinka river basin (Kashubian Lakeland). Sylwia Kulczyk, Marta Derek, Edyta Wo\u017aniak Zagospodarowanie turystyczne strefy brzegowej jezior na potrzeby \u017ceglarstwa \u2013 przyk\u0142ad Wielkich Jezior Mazurskich \/ Shore facilities for sailing \u2013 the example of Great Masurian Lakes. Agnieszka Laskowska, Micha\u0142 Bil Wsp\u00f3\u0142praca mi\u0119dzynarodowa a strategie rozwoju w powiatach przygranicznych \/ The international cooperation and the strategies of development in border counties. Abd Al Salam Mohammed Mail, Urszula Somorowska, Ahmed Hashem Al-Sulttani Seasonal and inter-annual variation of precipitation in Iraq over the period 1992-2010 \/ Sezonowa i wieloletnia zmienno\u015b\u0107 opadu w Iraku w latach 1992-2010. Miros\u0142aw Mika, Bernadetta Zawili\u0144ska Przestrze\u0144 chroniona parku narodowego jako czynnik atrakcyjno\u015bci turystycznej i lokalnego rozwoju turystyki. Przyk\u0142ad regionu Babiej G\u00f3ry \/ Protected space of national park as a factor for tourist attractiveness and local tourist development. Babia G\u00f3ra region case study. Szymon Wi\u015bniewski\u00a0Teoretyczna i rzeczywista wewn\u0119trzna dost\u0119pno\u015b\u0107 transportowa \u0141odzi \/ The theoretical and real internal transport accessibility of \u0141\u00f3d\u017a.\" \/>\n<meta name=\"robots\" content=\"index, follow, max-snippet:-1, max-image-preview:large, max-video-preview:-1\" \/>\n<link rel=\"canonical\" href=\"https:\/\/pisg.wgsr.uw.edu.pl\/?page_id=2895\" \/>\n<meta property=\"og:locale\" content=\"pl_PL\" \/>\n<meta property=\"og:type\" content=\"article\" \/>\n<meta property=\"og:title\" content=\"Tom 61, zeszyt 3 [Volume 61, Issue 3] \u2013 red. Ewa Smolska - Prace i Studia Geograficzne | Studies in Geography\" \/>\n<meta property=\"og:description\" content=\"Roman Cie\u015bli\u0144ski, Ewa Komkowska Reakcja zlewni rolniczej na wielko\u015b\u0107 opadu atmosferycznego na przyk\u0142adzie zlewni rzeki Borucinki (Pojezierze Kaszubskie) \/ The reaction of the agricultural catchment area on atmospheric precipitation based on the Borucinka river basin (Kashubian Lakeland). Sylwia Kulczyk, Marta Derek, Edyta Wo\u017aniak Zagospodarowanie turystyczne strefy brzegowej jezior na potrzeby \u017ceglarstwa \u2013 przyk\u0142ad Wielkich Jezior Mazurskich \/ Shore facilities for sailing \u2013 the example of Great Masurian Lakes. Agnieszka Laskowska, Micha\u0142 Bil Wsp\u00f3\u0142praca mi\u0119dzynarodowa a strategie rozwoju w powiatach przygranicznych \/ The international cooperation and the strategies of development in border counties. Abd Al Salam Mohammed Mail, Urszula Somorowska, Ahmed Hashem Al-Sulttani Seasonal and inter-annual variation of precipitation in Iraq over the period 1992-2010 \/ Sezonowa i wieloletnia zmienno\u015b\u0107 opadu w Iraku w latach 1992-2010. Miros\u0142aw Mika, Bernadetta Zawili\u0144ska Przestrze\u0144 chroniona parku narodowego jako czynnik atrakcyjno\u015bci turystycznej i lokalnego rozwoju turystyki. Przyk\u0142ad regionu Babiej G\u00f3ry \/ Protected space of national park as a factor for tourist attractiveness and local tourist development. Babia G\u00f3ra region case study. Szymon Wi\u015bniewski\u00a0Teoretyczna i rzeczywista wewn\u0119trzna dost\u0119pno\u015b\u0107 transportowa \u0141odzi \/ The theoretical and real internal transport accessibility of \u0141\u00f3d\u017a.\" \/>\n<meta property=\"og:url\" content=\"https:\/\/pisg.wgsr.uw.edu.pl\/?page_id=2895\" \/>\n<meta property=\"og:site_name\" content=\"Prace i Studia Geograficzne | Studies in Geography\" \/>\n<meta property=\"article:modified_time\" content=\"2024-03-15T15:40:26+00:00\" \/>\n<meta name=\"twitter:card\" content=\"summary_large_image\" \/>\n<meta name=\"twitter:label1\" content=\"Szacowany czas czytania\" \/>\n\t<meta name=\"twitter:data1\" content=\"2 minuty\" \/>\n<script type=\"application\/ld+json\" class=\"yoast-schema-graph\">{\"@context\":\"https:\\\/\\\/schema.org\",\"@graph\":[{\"@type\":\"WebPage\",\"@id\":\"https:\\\/\\\/pisg.wgsr.uw.edu.pl\\\/?page_id=2895\",\"url\":\"https:\\\/\\\/pisg.wgsr.uw.edu.pl\\\/?page_id=2895\",\"name\":\"Tom 61, zeszyt 3 [Volume 61, Issue 3] \u2013 red. Ewa Smolska - Prace i Studia Geograficzne | Studies in Geography\",\"isPartOf\":{\"@id\":\"https:\\\/\\\/pisg.wgsr.uw.edu.pl\\\/#website\"},\"datePublished\":\"2024-02-24T22:47:23+00:00\",\"dateModified\":\"2024-03-15T15:40:26+00:00\",\"description\":\"Roman Cie\u015bli\u0144ski, Ewa Komkowska Reakcja zlewni rolniczej na wielko\u015b\u0107 opadu atmosferycznego na przyk\u0142adzie zlewni rzeki Borucinki (Pojezierze Kaszubskie) \\\/ The reaction of the agricultural catchment area on atmospheric precipitation based on the Borucinka river basin (Kashubian Lakeland). Sylwia Kulczyk, Marta Derek, Edyta Wo\u017aniak Zagospodarowanie turystyczne strefy brzegowej jezior na potrzeby \u017ceglarstwa \u2013 przyk\u0142ad Wielkich Jezior Mazurskich \\\/ Shore facilities for sailing \u2013 the example of Great Masurian Lakes. Agnieszka Laskowska, Micha\u0142 Bil Wsp\u00f3\u0142praca mi\u0119dzynarodowa a strategie rozwoju w powiatach przygranicznych \\\/ The international cooperation and the strategies of development in border counties. Abd Al Salam Mohammed Mail, Urszula Somorowska, Ahmed Hashem Al-Sulttani Seasonal and inter-annual variation of precipitation in Iraq over the period 1992-2010 \\\/ Sezonowa i wieloletnia zmienno\u015b\u0107 opadu w Iraku w latach 1992-2010. Miros\u0142aw Mika, Bernadetta Zawili\u0144ska Przestrze\u0144 chroniona parku narodowego jako czynnik atrakcyjno\u015bci turystycznej i lokalnego rozwoju turystyki. Przyk\u0142ad regionu Babiej G\u00f3ry \\\/ Protected space of national park as a factor for tourist attractiveness and local tourist development. Babia G\u00f3ra region case study. Szymon Wi\u015bniewski\u00a0Teoretyczna i rzeczywista wewn\u0119trzna dost\u0119pno\u015b\u0107 transportowa \u0141odzi \\\/ The theoretical and real internal transport accessibility of \u0141\u00f3d\u017a.\",\"breadcrumb\":{\"@id\":\"https:\\\/\\\/pisg.wgsr.uw.edu.pl\\\/?page_id=2895#breadcrumb\"},\"inLanguage\":\"pl-PL\",\"potentialAction\":[{\"@type\":\"ReadAction\",\"target\":[\"https:\\\/\\\/pisg.wgsr.uw.edu.pl\\\/?page_id=2895\"]}]},{\"@type\":\"BreadcrumbList\",\"@id\":\"https:\\\/\\\/pisg.wgsr.uw.edu.pl\\\/?page_id=2895#breadcrumb\",\"itemListElement\":[{\"@type\":\"ListItem\",\"position\":1,\"name\":\"Strona g\u0142\u00f3wna\",\"item\":\"https:\\\/\\\/pisg.wgsr.uw.edu.pl\\\/\"},{\"@type\":\"ListItem\",\"position\":2,\"name\":\"Tomy\",\"item\":\"https:\\\/\\\/pisg.wgsr.uw.edu.pl\\\/?page_id=97\"},{\"@type\":\"ListItem\",\"position\":3,\"name\":\"Tom 61, zeszyt 3 [Volume 61, Issue 3] \u2013 red. Ewa Smolska\"}]},{\"@type\":\"WebSite\",\"@id\":\"https:\\\/\\\/pisg.wgsr.uw.edu.pl\\\/#website\",\"url\":\"https:\\\/\\\/pisg.wgsr.uw.edu.pl\\\/\",\"name\":\"Prace i Studia Geograficzne | Studies in Geography\",\"description\":\"Prace i Studia Geograficzne s\u0105 recenzowanym czasopismem wydawanym przez Wydzia\u0142 Geografii i Studi\u00f3w Regionalnych Uniwersytetu Warszawskiego\",\"potentialAction\":[{\"@type\":\"SearchAction\",\"target\":{\"@type\":\"EntryPoint\",\"urlTemplate\":\"https:\\\/\\\/pisg.wgsr.uw.edu.pl\\\/?s={search_term_string}\"},\"query-input\":{\"@type\":\"PropertyValueSpecification\",\"valueRequired\":true,\"valueName\":\"search_term_string\"}}],\"inLanguage\":\"pl-PL\"}]}<\/script>\n<!-- \/ Yoast SEO plugin. -->","yoast_head_json":{"title":"Tom 61, zeszyt 3 [Volume 61, Issue 3] \u2013 red. Ewa Smolska - Prace i Studia Geograficzne | Studies in Geography","description":"Roman Cie\u015bli\u0144ski, Ewa Komkowska Reakcja zlewni rolniczej na wielko\u015b\u0107 opadu atmosferycznego na przyk\u0142adzie zlewni rzeki Borucinki (Pojezierze Kaszubskie) \/ The reaction of the agricultural catchment area on atmospheric precipitation based on the Borucinka river basin (Kashubian Lakeland). Sylwia Kulczyk, Marta Derek, Edyta Wo\u017aniak Zagospodarowanie turystyczne strefy brzegowej jezior na potrzeby \u017ceglarstwa \u2013 przyk\u0142ad Wielkich Jezior Mazurskich \/ Shore facilities for sailing \u2013 the example of Great Masurian Lakes. Agnieszka Laskowska, Micha\u0142 Bil Wsp\u00f3\u0142praca mi\u0119dzynarodowa a strategie rozwoju w powiatach przygranicznych \/ The international cooperation and the strategies of development in border counties. Abd Al Salam Mohammed Mail, Urszula Somorowska, Ahmed Hashem Al-Sulttani Seasonal and inter-annual variation of precipitation in Iraq over the period 1992-2010 \/ Sezonowa i wieloletnia zmienno\u015b\u0107 opadu w Iraku w latach 1992-2010. Miros\u0142aw Mika, Bernadetta Zawili\u0144ska Przestrze\u0144 chroniona parku narodowego jako czynnik atrakcyjno\u015bci turystycznej i lokalnego rozwoju turystyki. Przyk\u0142ad regionu Babiej G\u00f3ry \/ Protected space of national park as a factor for tourist attractiveness and local tourist development. Babia G\u00f3ra region case study. Szymon Wi\u015bniewski\u00a0Teoretyczna i rzeczywista wewn\u0119trzna dost\u0119pno\u015b\u0107 transportowa \u0141odzi \/ The theoretical and real internal transport accessibility of \u0141\u00f3d\u017a.","robots":{"index":"index","follow":"follow","max-snippet":"max-snippet:-1","max-image-preview":"max-image-preview:large","max-video-preview":"max-video-preview:-1"},"canonical":"https:\/\/pisg.wgsr.uw.edu.pl\/?page_id=2895","og_locale":"pl_PL","og_type":"article","og_title":"Tom 61, zeszyt 3 [Volume 61, Issue 3] \u2013 red. Ewa Smolska - Prace i Studia Geograficzne | Studies in Geography","og_description":"Roman Cie\u015bli\u0144ski, Ewa Komkowska Reakcja zlewni rolniczej na wielko\u015b\u0107 opadu atmosferycznego na przyk\u0142adzie zlewni rzeki Borucinki (Pojezierze Kaszubskie) \/ The reaction of the agricultural catchment area on atmospheric precipitation based on the Borucinka river basin (Kashubian Lakeland). Sylwia Kulczyk, Marta Derek, Edyta Wo\u017aniak Zagospodarowanie turystyczne strefy brzegowej jezior na potrzeby \u017ceglarstwa \u2013 przyk\u0142ad Wielkich Jezior Mazurskich \/ Shore facilities for sailing \u2013 the example of Great Masurian Lakes. Agnieszka Laskowska, Micha\u0142 Bil Wsp\u00f3\u0142praca mi\u0119dzynarodowa a strategie rozwoju w powiatach przygranicznych \/ The international cooperation and the strategies of development in border counties. Abd Al Salam Mohammed Mail, Urszula Somorowska, Ahmed Hashem Al-Sulttani Seasonal and inter-annual variation of precipitation in Iraq over the period 1992-2010 \/ Sezonowa i wieloletnia zmienno\u015b\u0107 opadu w Iraku w latach 1992-2010. Miros\u0142aw Mika, Bernadetta Zawili\u0144ska Przestrze\u0144 chroniona parku narodowego jako czynnik atrakcyjno\u015bci turystycznej i lokalnego rozwoju turystyki. Przyk\u0142ad regionu Babiej G\u00f3ry \/ Protected space of national park as a factor for tourist attractiveness and local tourist development. Babia G\u00f3ra region case study. Szymon Wi\u015bniewski\u00a0Teoretyczna i rzeczywista wewn\u0119trzna dost\u0119pno\u015b\u0107 transportowa \u0141odzi \/ The theoretical and real internal transport accessibility of \u0141\u00f3d\u017a.","og_url":"https:\/\/pisg.wgsr.uw.edu.pl\/?page_id=2895","og_site_name":"Prace i Studia Geograficzne | Studies in Geography","article_modified_time":"2024-03-15T15:40:26+00:00","twitter_card":"summary_large_image","twitter_misc":{"Szacowany czas czytania":"2 minuty"},"schema":{"@context":"https:\/\/schema.org","@graph":[{"@type":"WebPage","@id":"https:\/\/pisg.wgsr.uw.edu.pl\/?page_id=2895","url":"https:\/\/pisg.wgsr.uw.edu.pl\/?page_id=2895","name":"Tom 61, zeszyt 3 [Volume 61, Issue 3] \u2013 red. Ewa Smolska - Prace i Studia Geograficzne | Studies in Geography","isPartOf":{"@id":"https:\/\/pisg.wgsr.uw.edu.pl\/#website"},"datePublished":"2024-02-24T22:47:23+00:00","dateModified":"2024-03-15T15:40:26+00:00","description":"Roman Cie\u015bli\u0144ski, Ewa Komkowska Reakcja zlewni rolniczej na wielko\u015b\u0107 opadu atmosferycznego na przyk\u0142adzie zlewni rzeki Borucinki (Pojezierze Kaszubskie) \/ The reaction of the agricultural catchment area on atmospheric precipitation based on the Borucinka river basin (Kashubian Lakeland). Sylwia Kulczyk, Marta Derek, Edyta Wo\u017aniak Zagospodarowanie turystyczne strefy brzegowej jezior na potrzeby \u017ceglarstwa \u2013 przyk\u0142ad Wielkich Jezior Mazurskich \/ Shore facilities for sailing \u2013 the example of Great Masurian Lakes. Agnieszka Laskowska, Micha\u0142 Bil Wsp\u00f3\u0142praca mi\u0119dzynarodowa a strategie rozwoju w powiatach przygranicznych \/ The international cooperation and the strategies of development in border counties. Abd Al Salam Mohammed Mail, Urszula Somorowska, Ahmed Hashem Al-Sulttani Seasonal and inter-annual variation of precipitation in Iraq over the period 1992-2010 \/ Sezonowa i wieloletnia zmienno\u015b\u0107 opadu w Iraku w latach 1992-2010. Miros\u0142aw Mika, Bernadetta Zawili\u0144ska Przestrze\u0144 chroniona parku narodowego jako czynnik atrakcyjno\u015bci turystycznej i lokalnego rozwoju turystyki. Przyk\u0142ad regionu Babiej G\u00f3ry \/ Protected space of national park as a factor for tourist attractiveness and local tourist development. Babia G\u00f3ra region case study. Szymon Wi\u015bniewski\u00a0Teoretyczna i rzeczywista wewn\u0119trzna dost\u0119pno\u015b\u0107 transportowa \u0141odzi \/ The theoretical and real internal transport accessibility of \u0141\u00f3d\u017a.","breadcrumb":{"@id":"https:\/\/pisg.wgsr.uw.edu.pl\/?page_id=2895#breadcrumb"},"inLanguage":"pl-PL","potentialAction":[{"@type":"ReadAction","target":["https:\/\/pisg.wgsr.uw.edu.pl\/?page_id=2895"]}]},{"@type":"BreadcrumbList","@id":"https:\/\/pisg.wgsr.uw.edu.pl\/?page_id=2895#breadcrumb","itemListElement":[{"@type":"ListItem","position":1,"name":"Strona g\u0142\u00f3wna","item":"https:\/\/pisg.wgsr.uw.edu.pl\/"},{"@type":"ListItem","position":2,"name":"Tomy","item":"https:\/\/pisg.wgsr.uw.edu.pl\/?page_id=97"},{"@type":"ListItem","position":3,"name":"Tom 61, zeszyt 3 [Volume 61, Issue 3] \u2013 red. Ewa Smolska"}]},{"@type":"WebSite","@id":"https:\/\/pisg.wgsr.uw.edu.pl\/#website","url":"https:\/\/pisg.wgsr.uw.edu.pl\/","name":"Prace i Studia Geograficzne | Studies in Geography","description":"Prace i Studia Geograficzne s\u0105 recenzowanym czasopismem wydawanym przez Wydzia\u0142 Geografii i Studi\u00f3w Regionalnych Uniwersytetu Warszawskiego","potentialAction":[{"@type":"SearchAction","target":{"@type":"EntryPoint","urlTemplate":"https:\/\/pisg.wgsr.uw.edu.pl\/?s={search_term_string}"},"query-input":{"@type":"PropertyValueSpecification","valueRequired":true,"valueName":"search_term_string"}}],"inLanguage":"pl-PL"}]}},"_links":{"self":[{"href":"https:\/\/pisg.wgsr.uw.edu.pl\/index.php?rest_route=\/wp\/v2\/pages\/2895","targetHints":{"allow":["GET"]}}],"collection":[{"href":"https:\/\/pisg.wgsr.uw.edu.pl\/index.php?rest_route=\/wp\/v2\/pages"}],"about":[{"href":"https:\/\/pisg.wgsr.uw.edu.pl\/index.php?rest_route=\/wp\/v2\/types\/page"}],"author":[{"embeddable":true,"href":"https:\/\/pisg.wgsr.uw.edu.pl\/index.php?rest_route=\/wp\/v2\/users\/3"}],"replies":[{"embeddable":true,"href":"https:\/\/pisg.wgsr.uw.edu.pl\/index.php?rest_route=%2Fwp%2Fv2%2Fcomments&post=2895"}],"version-history":[{"count":3,"href":"https:\/\/pisg.wgsr.uw.edu.pl\/index.php?rest_route=\/wp\/v2\/pages\/2895\/revisions"}],"predecessor-version":[{"id":2922,"href":"https:\/\/pisg.wgsr.uw.edu.pl\/index.php?rest_route=\/wp\/v2\/pages\/2895\/revisions\/2922"}],"up":[{"embeddable":true,"href":"https:\/\/pisg.wgsr.uw.edu.pl\/index.php?rest_route=\/wp\/v2\/pages\/97"}],"wp:attachment":[{"href":"https:\/\/pisg.wgsr.uw.edu.pl\/index.php?rest_route=%2Fwp%2Fv2%2Fmedia&parent=2895"}],"curies":[{"name":"wp","href":"https:\/\/api.w.org\/{rel}","templated":true}]}}