{"id":2924,"date":"2024-02-24T23:48:43","date_gmt":"2024-02-24T23:48:43","guid":{"rendered":"https:\/\/pisg.wgsr.uw.edu.pl\/?page_id=2924"},"modified":"2024-03-14T09:51:27","modified_gmt":"2024-03-14T09:51:27","slug":"tom-61-zeszyt-2-volume-61-issue-2-red-ewa-smolska","status":"publish","type":"page","link":"https:\/\/pisg.wgsr.uw.edu.pl\/?page_id=2924","title":{"rendered":"Tom 61, zeszyt 2 [Volume 61, Issue 2] \u2013 red. Ewa Smolska"},"content":{"rendered":"<p><strong>Katarzyna Gre\u0144<\/strong> <a href=\"https:\/\/pisg.wgsr.uw.edu.pl\/?p=2925\">Wp\u0142yw \u015brodowiska glacjalnego na obr\u00f3bk\u0119 ziaren osad\u00f3w gruboklastycznych buduj\u0105cych moreny czo\u0142owe na przyk\u0142adzie Lodowca Waldemara (NW Spitsbergen) \/ Influence of glacial environment for the roundness and shape of coarse-grained sediments of terminal moraines: an example of Waldemar Glacier (NW Spitsbergen)<\/a><\/p>\n<p><strong>Anna Kurniewicz, Pawe\u0142 Swianiewicz<\/strong> <a href=\"https:\/\/pisg.wgsr.uw.edu.pl\/?p=2928\">B\u00f3l fantomowy czy realna strata? Wp\u0142yw utraty statusu stolicy wojew\u00f3dztwa na rozw\u00f3j gospodarczy i miejsce w hierarchii systemu osadniczego \/ Phantom pain or a real loss? The impact of the loss of regional capital status on economic development and position in the hierarchy of the settlement system<\/a><\/p>\n<p><strong>Dorota Mantey<\/strong> <a href=\"https:\/\/pisg.wgsr.uw.edu.pl\/?p=2932\">Podmiejskie tereny otwarte \u2013 oczekiwania mieszka\u0144c\u00f3w a lokalne dokumenty planistyczne (przyk\u0142ad podwarszawskiej gminy Lesznowola) \/ Suburban open green space \u2013 residents\u2019 expectations and local planning documents (example of Lesznowola municipality, Warsaw metropolitan region)<\/a><\/p>\n<p><strong>Kinga Nelken, Maksym \u0141aszewski<\/strong> <a href=\"https:\/\/pisg.wgsr.uw.edu.pl\/?p=2936\">Sezonowa zmienno\u015b\u0107 warunk\u00f3w termicznych doline rzecznej na przyk\u0142adzie doliny rzeki \u015awider \/ Seasonal variability of thermal conditions of a river valley on the example of the \u015awider river valley<\/a><\/p>\n<p><strong>Anita Sabat, Anna Jaroci\u0144ska, Artur Magnuszewski, \u0141ukasz S\u0142awik, Bogdan Zagajewski, Adrian Ochtyra, Jan Niedzielko<\/strong> <a href=\"https:\/\/pisg.wgsr.uw.edu.pl\/?p=2939\">Wykorzystanie technik hiperspektralnych do kartowania w\u00f3d Jeziora Zegrzy\u0144skiego \/ The use of hyperspectral techniques for waters mapping of the Zegrzy\u0144skie Lake<\/a><\/p>\n<p><strong>Urszula Somorowska, Mateusz \u015al\u0105zek<\/strong> <a href=\"https:\/\/pisg.wgsr.uw.edu.pl\/?p=2943\">Sezonowa zmienno\u015b\u0107 ewapotranspiracji potencjalnej w zlewni nizinnej \/ Seasonal variability of potential evapotranspiration in a lowland catchment<\/a><\/p>\n","protected":false},"excerpt":{"rendered":"<p>Katarzyna Gre\u0144 Wp\u0142yw \u015brodowiska glacjalnego na obr\u00f3bk\u0119 ziaren osad\u00f3w gruboklastycznych buduj\u0105cych moreny czo\u0142owe na przyk\u0142adzie Lodowca Waldemara (NW Spitsbergen) \/ Influence of glacial environment for the roundness and shape of coarse-grained sediments of terminal moraines: an example of Waldemar Glacier (NW Spitsbergen) Anna Kurniewicz, Pawe\u0142 Swianiewicz B\u00f3l fantomowy czy realna strata? Wp\u0142yw utraty statusu stolicy [&hellip;]<\/p>\n","protected":false},"author":3,"featured_media":0,"parent":97,"menu_order":0,"comment_status":"closed","ping_status":"closed","template":"","meta":{"_monsterinsights_skip_tracking":false,"_monsterinsights_sitenote_active":false,"_monsterinsights_sitenote_note":"","_monsterinsights_sitenote_category":0,"footnotes":""},"class_list":["post-2924","page","type-page","status-publish","hentry","post"],"yoast_head":"<!-- This site is optimized with the Yoast SEO plugin v27.5 - https:\/\/yoast.com\/product\/yoast-seo-wordpress\/ -->\n<title>Tom 61, zeszyt 2 [Volume 61, Issue 2] \u2013 red. Ewa Smolska - Prace i Studia Geograficzne | Studies in Geography<\/title>\n<meta name=\"description\" content=\"Katarzyna Gre\u0144 Wp\u0142yw \u015brodowiska glacjalnego na obr\u00f3bk\u0119 ziaren osad\u00f3w gruboklastycznych buduj\u0105cych moreny czo\u0142owe na przyk\u0142adzie Lodowca Waldemara (NW Spitsbergen) \/ Influence of glacial environment for the roundness and shape of coarse-grained sediments of terminal moraines: an example of Waldemar Glacier (NW Spitsbergen). Anna Kurniewicz, Pawe\u0142 Swianiewicz B\u00f3l fantomowy czy realna strata? Wp\u0142yw utraty statusu stolicy wojew\u00f3dztwa na rozw\u00f3j gospodarczy i miejsce w hierarchii systemu osadniczego \/ Phantom pain or a real loss? The impact of the loss of regional capital status on economic development and position in the hierarchy of the settlement system. Dorota Mantey Podmiejskie tereny otwarte \u2013 oczekiwania mieszka\u0144c\u00f3w a lokalne dokumenty planistyczne (przyk\u0142ad podwarszawskiej gminy Lesznowola) \/ Suburban open green space \u2013 residents\u2019 expectations and local planning documents (example of Lesznowola municipality, Warsaw metropolitan region). Kinga Nelken, Maksym \u0141aszewski Sezonowa zmienno\u015b\u0107 warunk\u00f3w termicznych doline rzecznej na przyk\u0142adzie doliny rzeki \u015awider \/ Seasonal variability of thermal conditions of a river valley on the example of the \u015awider river valley. Anita Sabat, Anna Jaroci\u0144ska, Artur Magnuszewski, \u0141ukasz S\u0142awik, Bogdan Zagajewski, Adrian Ochtyra, Jan Niedzielko Wykorzystanie technik hiperspektralnych do kartowania w\u00f3d Jeziora Zegrzy\u0144skiego \/ The use of hyperspectral techniques for waters mapping of the Zegrzy\u0144skie Lake. Urszula Somorowska, Mateusz \u015al\u0105zek Sezonowa zmienno\u015b\u0107 ewapotranspiracji potencjalnej w zlewni nizinnej \/ Seasonal variability of potential evapotranspiration in a lowland catchment\" \/>\n<meta name=\"robots\" content=\"index, follow, max-snippet:-1, max-image-preview:large, max-video-preview:-1\" \/>\n<link rel=\"canonical\" href=\"https:\/\/pisg.wgsr.uw.edu.pl\/?page_id=2924\" \/>\n<meta property=\"og:locale\" content=\"pl_PL\" \/>\n<meta property=\"og:type\" content=\"article\" \/>\n<meta property=\"og:title\" content=\"Tom 61, zeszyt 2 [Volume 61, Issue 2] \u2013 red. Ewa Smolska - Prace i Studia Geograficzne | Studies in Geography\" \/>\n<meta property=\"og:description\" content=\"Katarzyna Gre\u0144 Wp\u0142yw \u015brodowiska glacjalnego na obr\u00f3bk\u0119 ziaren osad\u00f3w gruboklastycznych buduj\u0105cych moreny czo\u0142owe na przyk\u0142adzie Lodowca Waldemara (NW Spitsbergen) \/ Influence of glacial environment for the roundness and shape of coarse-grained sediments of terminal moraines: an example of Waldemar Glacier (NW Spitsbergen). Anna Kurniewicz, Pawe\u0142 Swianiewicz B\u00f3l fantomowy czy realna strata? Wp\u0142yw utraty statusu stolicy wojew\u00f3dztwa na rozw\u00f3j gospodarczy i miejsce w hierarchii systemu osadniczego \/ Phantom pain or a real loss? The impact of the loss of regional capital status on economic development and position in the hierarchy of the settlement system. Dorota Mantey Podmiejskie tereny otwarte \u2013 oczekiwania mieszka\u0144c\u00f3w a lokalne dokumenty planistyczne (przyk\u0142ad podwarszawskiej gminy Lesznowola) \/ Suburban open green space \u2013 residents\u2019 expectations and local planning documents (example of Lesznowola municipality, Warsaw metropolitan region). Kinga Nelken, Maksym \u0141aszewski Sezonowa zmienno\u015b\u0107 warunk\u00f3w termicznych doline rzecznej na przyk\u0142adzie doliny rzeki \u015awider \/ Seasonal variability of thermal conditions of a river valley on the example of the \u015awider river valley. Anita Sabat, Anna Jaroci\u0144ska, Artur Magnuszewski, \u0141ukasz S\u0142awik, Bogdan Zagajewski, Adrian Ochtyra, Jan Niedzielko Wykorzystanie technik hiperspektralnych do kartowania w\u00f3d Jeziora Zegrzy\u0144skiego \/ The use of hyperspectral techniques for waters mapping of the Zegrzy\u0144skie Lake. Urszula Somorowska, Mateusz \u015al\u0105zek Sezonowa zmienno\u015b\u0107 ewapotranspiracji potencjalnej w zlewni nizinnej \/ Seasonal variability of potential evapotranspiration in a lowland catchment\" \/>\n<meta property=\"og:url\" content=\"https:\/\/pisg.wgsr.uw.edu.pl\/?page_id=2924\" \/>\n<meta property=\"og:site_name\" content=\"Prace i Studia Geograficzne | Studies in Geography\" \/>\n<meta property=\"article:modified_time\" content=\"2024-03-14T09:51:27+00:00\" \/>\n<meta name=\"twitter:card\" content=\"summary_large_image\" \/>\n<meta name=\"twitter:label1\" content=\"Szacowany czas czytania\" \/>\n\t<meta name=\"twitter:data1\" content=\"2 minuty\" \/>\n<script type=\"application\/ld+json\" class=\"yoast-schema-graph\">{\"@context\":\"https:\\\/\\\/schema.org\",\"@graph\":[{\"@type\":\"WebPage\",\"@id\":\"https:\\\/\\\/pisg.wgsr.uw.edu.pl\\\/?page_id=2924\",\"url\":\"https:\\\/\\\/pisg.wgsr.uw.edu.pl\\\/?page_id=2924\",\"name\":\"Tom 61, zeszyt 2 [Volume 61, Issue 2] \u2013 red. Ewa Smolska - Prace i Studia Geograficzne | Studies in Geography\",\"isPartOf\":{\"@id\":\"https:\\\/\\\/pisg.wgsr.uw.edu.pl\\\/#website\"},\"datePublished\":\"2024-02-24T23:48:43+00:00\",\"dateModified\":\"2024-03-14T09:51:27+00:00\",\"description\":\"Katarzyna Gre\u0144 Wp\u0142yw \u015brodowiska glacjalnego na obr\u00f3bk\u0119 ziaren osad\u00f3w gruboklastycznych buduj\u0105cych moreny czo\u0142owe na przyk\u0142adzie Lodowca Waldemara (NW Spitsbergen) \\\/ Influence of glacial environment for the roundness and shape of coarse-grained sediments of terminal moraines: an example of Waldemar Glacier (NW Spitsbergen). Anna Kurniewicz, Pawe\u0142 Swianiewicz B\u00f3l fantomowy czy realna strata? Wp\u0142yw utraty statusu stolicy wojew\u00f3dztwa na rozw\u00f3j gospodarczy i miejsce w hierarchii systemu osadniczego \\\/ Phantom pain or a real loss? The impact of the loss of regional capital status on economic development and position in the hierarchy of the settlement system. Dorota Mantey Podmiejskie tereny otwarte \u2013 oczekiwania mieszka\u0144c\u00f3w a lokalne dokumenty planistyczne (przyk\u0142ad podwarszawskiej gminy Lesznowola) \\\/ Suburban open green space \u2013 residents\u2019 expectations and local planning documents (example of Lesznowola municipality, Warsaw metropolitan region). Kinga Nelken, Maksym \u0141aszewski Sezonowa zmienno\u015b\u0107 warunk\u00f3w termicznych doline rzecznej na przyk\u0142adzie doliny rzeki \u015awider \\\/ Seasonal variability of thermal conditions of a river valley on the example of the \u015awider river valley. Anita Sabat, Anna Jaroci\u0144ska, Artur Magnuszewski, \u0141ukasz S\u0142awik, Bogdan Zagajewski, Adrian Ochtyra, Jan Niedzielko Wykorzystanie technik hiperspektralnych do kartowania w\u00f3d Jeziora Zegrzy\u0144skiego \\\/ The use of hyperspectral techniques for waters mapping of the Zegrzy\u0144skie Lake. Urszula Somorowska, Mateusz \u015al\u0105zek Sezonowa zmienno\u015b\u0107 ewapotranspiracji potencjalnej w zlewni nizinnej \\\/ Seasonal variability of potential evapotranspiration in a lowland catchment\",\"breadcrumb\":{\"@id\":\"https:\\\/\\\/pisg.wgsr.uw.edu.pl\\\/?page_id=2924#breadcrumb\"},\"inLanguage\":\"pl-PL\",\"potentialAction\":[{\"@type\":\"ReadAction\",\"target\":[\"https:\\\/\\\/pisg.wgsr.uw.edu.pl\\\/?page_id=2924\"]}]},{\"@type\":\"BreadcrumbList\",\"@id\":\"https:\\\/\\\/pisg.wgsr.uw.edu.pl\\\/?page_id=2924#breadcrumb\",\"itemListElement\":[{\"@type\":\"ListItem\",\"position\":1,\"name\":\"Strona g\u0142\u00f3wna\",\"item\":\"https:\\\/\\\/pisg.wgsr.uw.edu.pl\\\/\"},{\"@type\":\"ListItem\",\"position\":2,\"name\":\"Tomy\",\"item\":\"https:\\\/\\\/pisg.wgsr.uw.edu.pl\\\/?page_id=97\"},{\"@type\":\"ListItem\",\"position\":3,\"name\":\"Tom 61, zeszyt 2 [Volume 61, Issue 2] \u2013 red. Ewa Smolska\"}]},{\"@type\":\"WebSite\",\"@id\":\"https:\\\/\\\/pisg.wgsr.uw.edu.pl\\\/#website\",\"url\":\"https:\\\/\\\/pisg.wgsr.uw.edu.pl\\\/\",\"name\":\"Prace i Studia Geograficzne | Studies in Geography\",\"description\":\"Prace i Studia Geograficzne s\u0105 recenzowanym czasopismem wydawanym przez Wydzia\u0142 Geografii i Studi\u00f3w Regionalnych Uniwersytetu Warszawskiego\",\"potentialAction\":[{\"@type\":\"SearchAction\",\"target\":{\"@type\":\"EntryPoint\",\"urlTemplate\":\"https:\\\/\\\/pisg.wgsr.uw.edu.pl\\\/?s={search_term_string}\"},\"query-input\":{\"@type\":\"PropertyValueSpecification\",\"valueRequired\":true,\"valueName\":\"search_term_string\"}}],\"inLanguage\":\"pl-PL\"}]}<\/script>\n<!-- \/ Yoast SEO plugin. -->","yoast_head_json":{"title":"Tom 61, zeszyt 2 [Volume 61, Issue 2] \u2013 red. Ewa Smolska - Prace i Studia Geograficzne | Studies in Geography","description":"Katarzyna Gre\u0144 Wp\u0142yw \u015brodowiska glacjalnego na obr\u00f3bk\u0119 ziaren osad\u00f3w gruboklastycznych buduj\u0105cych moreny czo\u0142owe na przyk\u0142adzie Lodowca Waldemara (NW Spitsbergen) \/ Influence of glacial environment for the roundness and shape of coarse-grained sediments of terminal moraines: an example of Waldemar Glacier (NW Spitsbergen). Anna Kurniewicz, Pawe\u0142 Swianiewicz B\u00f3l fantomowy czy realna strata? Wp\u0142yw utraty statusu stolicy wojew\u00f3dztwa na rozw\u00f3j gospodarczy i miejsce w hierarchii systemu osadniczego \/ Phantom pain or a real loss? The impact of the loss of regional capital status on economic development and position in the hierarchy of the settlement system. Dorota Mantey Podmiejskie tereny otwarte \u2013 oczekiwania mieszka\u0144c\u00f3w a lokalne dokumenty planistyczne (przyk\u0142ad podwarszawskiej gminy Lesznowola) \/ Suburban open green space \u2013 residents\u2019 expectations and local planning documents (example of Lesznowola municipality, Warsaw metropolitan region). Kinga Nelken, Maksym \u0141aszewski Sezonowa zmienno\u015b\u0107 warunk\u00f3w termicznych doline rzecznej na przyk\u0142adzie doliny rzeki \u015awider \/ Seasonal variability of thermal conditions of a river valley on the example of the \u015awider river valley. Anita Sabat, Anna Jaroci\u0144ska, Artur Magnuszewski, \u0141ukasz S\u0142awik, Bogdan Zagajewski, Adrian Ochtyra, Jan Niedzielko Wykorzystanie technik hiperspektralnych do kartowania w\u00f3d Jeziora Zegrzy\u0144skiego \/ The use of hyperspectral techniques for waters mapping of the Zegrzy\u0144skie Lake. Urszula Somorowska, Mateusz \u015al\u0105zek Sezonowa zmienno\u015b\u0107 ewapotranspiracji potencjalnej w zlewni nizinnej \/ Seasonal variability of potential evapotranspiration in a lowland catchment","robots":{"index":"index","follow":"follow","max-snippet":"max-snippet:-1","max-image-preview":"max-image-preview:large","max-video-preview":"max-video-preview:-1"},"canonical":"https:\/\/pisg.wgsr.uw.edu.pl\/?page_id=2924","og_locale":"pl_PL","og_type":"article","og_title":"Tom 61, zeszyt 2 [Volume 61, Issue 2] \u2013 red. Ewa Smolska - Prace i Studia Geograficzne | Studies in Geography","og_description":"Katarzyna Gre\u0144 Wp\u0142yw \u015brodowiska glacjalnego na obr\u00f3bk\u0119 ziaren osad\u00f3w gruboklastycznych buduj\u0105cych moreny czo\u0142owe na przyk\u0142adzie Lodowca Waldemara (NW Spitsbergen) \/ Influence of glacial environment for the roundness and shape of coarse-grained sediments of terminal moraines: an example of Waldemar Glacier (NW Spitsbergen). Anna Kurniewicz, Pawe\u0142 Swianiewicz B\u00f3l fantomowy czy realna strata? Wp\u0142yw utraty statusu stolicy wojew\u00f3dztwa na rozw\u00f3j gospodarczy i miejsce w hierarchii systemu osadniczego \/ Phantom pain or a real loss? The impact of the loss of regional capital status on economic development and position in the hierarchy of the settlement system. Dorota Mantey Podmiejskie tereny otwarte \u2013 oczekiwania mieszka\u0144c\u00f3w a lokalne dokumenty planistyczne (przyk\u0142ad podwarszawskiej gminy Lesznowola) \/ Suburban open green space \u2013 residents\u2019 expectations and local planning documents (example of Lesznowola municipality, Warsaw metropolitan region). Kinga Nelken, Maksym \u0141aszewski Sezonowa zmienno\u015b\u0107 warunk\u00f3w termicznych doline rzecznej na przyk\u0142adzie doliny rzeki \u015awider \/ Seasonal variability of thermal conditions of a river valley on the example of the \u015awider river valley. Anita Sabat, Anna Jaroci\u0144ska, Artur Magnuszewski, \u0141ukasz S\u0142awik, Bogdan Zagajewski, Adrian Ochtyra, Jan Niedzielko Wykorzystanie technik hiperspektralnych do kartowania w\u00f3d Jeziora Zegrzy\u0144skiego \/ The use of hyperspectral techniques for waters mapping of the Zegrzy\u0144skie Lake. Urszula Somorowska, Mateusz \u015al\u0105zek Sezonowa zmienno\u015b\u0107 ewapotranspiracji potencjalnej w zlewni nizinnej \/ Seasonal variability of potential evapotranspiration in a lowland catchment","og_url":"https:\/\/pisg.wgsr.uw.edu.pl\/?page_id=2924","og_site_name":"Prace i Studia Geograficzne | Studies in Geography","article_modified_time":"2024-03-14T09:51:27+00:00","twitter_card":"summary_large_image","twitter_misc":{"Szacowany czas czytania":"2 minuty"},"schema":{"@context":"https:\/\/schema.org","@graph":[{"@type":"WebPage","@id":"https:\/\/pisg.wgsr.uw.edu.pl\/?page_id=2924","url":"https:\/\/pisg.wgsr.uw.edu.pl\/?page_id=2924","name":"Tom 61, zeszyt 2 [Volume 61, Issue 2] \u2013 red. Ewa Smolska - Prace i Studia Geograficzne | Studies in Geography","isPartOf":{"@id":"https:\/\/pisg.wgsr.uw.edu.pl\/#website"},"datePublished":"2024-02-24T23:48:43+00:00","dateModified":"2024-03-14T09:51:27+00:00","description":"Katarzyna Gre\u0144 Wp\u0142yw \u015brodowiska glacjalnego na obr\u00f3bk\u0119 ziaren osad\u00f3w gruboklastycznych buduj\u0105cych moreny czo\u0142owe na przyk\u0142adzie Lodowca Waldemara (NW Spitsbergen) \/ Influence of glacial environment for the roundness and shape of coarse-grained sediments of terminal moraines: an example of Waldemar Glacier (NW Spitsbergen). Anna Kurniewicz, Pawe\u0142 Swianiewicz B\u00f3l fantomowy czy realna strata? Wp\u0142yw utraty statusu stolicy wojew\u00f3dztwa na rozw\u00f3j gospodarczy i miejsce w hierarchii systemu osadniczego \/ Phantom pain or a real loss? The impact of the loss of regional capital status on economic development and position in the hierarchy of the settlement system. Dorota Mantey Podmiejskie tereny otwarte \u2013 oczekiwania mieszka\u0144c\u00f3w a lokalne dokumenty planistyczne (przyk\u0142ad podwarszawskiej gminy Lesznowola) \/ Suburban open green space \u2013 residents\u2019 expectations and local planning documents (example of Lesznowola municipality, Warsaw metropolitan region). Kinga Nelken, Maksym \u0141aszewski Sezonowa zmienno\u015b\u0107 warunk\u00f3w termicznych doline rzecznej na przyk\u0142adzie doliny rzeki \u015awider \/ Seasonal variability of thermal conditions of a river valley on the example of the \u015awider river valley. Anita Sabat, Anna Jaroci\u0144ska, Artur Magnuszewski, \u0141ukasz S\u0142awik, Bogdan Zagajewski, Adrian Ochtyra, Jan Niedzielko Wykorzystanie technik hiperspektralnych do kartowania w\u00f3d Jeziora Zegrzy\u0144skiego \/ The use of hyperspectral techniques for waters mapping of the Zegrzy\u0144skie Lake. Urszula Somorowska, Mateusz \u015al\u0105zek Sezonowa zmienno\u015b\u0107 ewapotranspiracji potencjalnej w zlewni nizinnej \/ Seasonal variability of potential evapotranspiration in a lowland catchment","breadcrumb":{"@id":"https:\/\/pisg.wgsr.uw.edu.pl\/?page_id=2924#breadcrumb"},"inLanguage":"pl-PL","potentialAction":[{"@type":"ReadAction","target":["https:\/\/pisg.wgsr.uw.edu.pl\/?page_id=2924"]}]},{"@type":"BreadcrumbList","@id":"https:\/\/pisg.wgsr.uw.edu.pl\/?page_id=2924#breadcrumb","itemListElement":[{"@type":"ListItem","position":1,"name":"Strona g\u0142\u00f3wna","item":"https:\/\/pisg.wgsr.uw.edu.pl\/"},{"@type":"ListItem","position":2,"name":"Tomy","item":"https:\/\/pisg.wgsr.uw.edu.pl\/?page_id=97"},{"@type":"ListItem","position":3,"name":"Tom 61, zeszyt 2 [Volume 61, Issue 2] \u2013 red. Ewa Smolska"}]},{"@type":"WebSite","@id":"https:\/\/pisg.wgsr.uw.edu.pl\/#website","url":"https:\/\/pisg.wgsr.uw.edu.pl\/","name":"Prace i Studia Geograficzne | Studies in Geography","description":"Prace i Studia Geograficzne s\u0105 recenzowanym czasopismem wydawanym przez Wydzia\u0142 Geografii i Studi\u00f3w Regionalnych Uniwersytetu Warszawskiego","potentialAction":[{"@type":"SearchAction","target":{"@type":"EntryPoint","urlTemplate":"https:\/\/pisg.wgsr.uw.edu.pl\/?s={search_term_string}"},"query-input":{"@type":"PropertyValueSpecification","valueRequired":true,"valueName":"search_term_string"}}],"inLanguage":"pl-PL"}]}},"_links":{"self":[{"href":"https:\/\/pisg.wgsr.uw.edu.pl\/index.php?rest_route=\/wp\/v2\/pages\/2924","targetHints":{"allow":["GET"]}}],"collection":[{"href":"https:\/\/pisg.wgsr.uw.edu.pl\/index.php?rest_route=\/wp\/v2\/pages"}],"about":[{"href":"https:\/\/pisg.wgsr.uw.edu.pl\/index.php?rest_route=\/wp\/v2\/types\/page"}],"author":[{"embeddable":true,"href":"https:\/\/pisg.wgsr.uw.edu.pl\/index.php?rest_route=\/wp\/v2\/users\/3"}],"replies":[{"embeddable":true,"href":"https:\/\/pisg.wgsr.uw.edu.pl\/index.php?rest_route=%2Fwp%2Fv2%2Fcomments&post=2924"}],"version-history":[{"count":2,"href":"https:\/\/pisg.wgsr.uw.edu.pl\/index.php?rest_route=\/wp\/v2\/pages\/2924\/revisions"}],"predecessor-version":[{"id":2947,"href":"https:\/\/pisg.wgsr.uw.edu.pl\/index.php?rest_route=\/wp\/v2\/pages\/2924\/revisions\/2947"}],"up":[{"embeddable":true,"href":"https:\/\/pisg.wgsr.uw.edu.pl\/index.php?rest_route=\/wp\/v2\/pages\/97"}],"wp:attachment":[{"href":"https:\/\/pisg.wgsr.uw.edu.pl\/index.php?rest_route=%2Fwp%2Fv2%2Fmedia&parent=2924"}],"curies":[{"name":"wp","href":"https:\/\/api.w.org\/{rel}","templated":true}]}}