{"id":31,"date":"2020-03-05T19:35:11","date_gmt":"2020-03-05T18:35:11","guid":{"rendered":"http:\/\/wgsr.uw.edu.pl\/pisg\/?page_id=31"},"modified":"2025-10-29T10:41:08","modified_gmt":"2025-10-29T10:41:08","slug":"etyka","status":"publish","type":"page","link":"https:\/\/pisg.wgsr.uw.edu.pl\/?page_id=31","title":{"rendered":"Zasady etyki"},"content":{"rendered":"\r\n<p>Redakcja czasopisma dokumentuje wszelkie przejawy nierzetelno\u015bci naukowej, w tym naruszania zasad etyki obowi\u0105zuj\u0105cych w nauce. Wszelkie wykryte przypadki nierzetelno\u015bci naukowej b\u0119d\u0105 demaskowane, w\u0142\u0105cznie z powiadomieniem odpowiednich podmiot\u00f3w (instytucji zatrudniaj\u0105cych autor\u00f3w, towarzystwa naukowe, stowarzyszenia edytor\u00f3w naukowych itp.).<\/p>\r\n\r\n\r\n\r\n<p>Autor zg\u0142aszaj\u0105c artyku\u0142 do <em>Prac i Studi\u00f3w Geograficznych<\/em> po\u015bwiadcza na pi\u015bmie, i\u017c nie jest on procedowany w innym czasopi\u015bmie lub monografii. Zobowi\u0105zuje si\u0119 tak\u017ce do przestrzegania zasad <em>ghostwriting<\/em> i <em>guest authorship<\/em> oraz podpisuje umow\u0119 o przeniesieniu praw autorskich.\u00a0<\/p>\r\n\r\n\r\n\r\n<p>Po\u015bwiadczenie w\/w stanu rzeczy oraz zgoda na publikacj\u0119 na zasadach bezp\u0142atnej, nieograniczonej terytorialnie i czasowo, niewy\u0142\u0105cznej licencji wymagana jest od autora zg\u0142aszaj\u0105cego tekst do procesu wydawniczego i stanowi jego warunek. Umowa o publikacji wchodzi w \u017cycie z chwil\u0105 zatwierdzenia tekstu do edycji (po dw\u00f3ch pozytywnych recenzjach i decyzji redaktora prowadz\u0105cego lub Komitetu Redakcyjnego). Umowa o przeniesieniu praw autorskich stanowi podstaw\u0119 prawn\u0105 umo\u017cliwiaj\u0105c\u0105 publikacj\u0119 artyku\u0142u w <em>Pracach i Studiach Geograficznych<\/em>.<\/p>\r\n<p><a href=\"https:\/\/pisg.wgsr.uw.edu.pl\/wp-content\/uploads\/2025\/10\/PISG-Publication-Ethics-Statement-1.pdf\">Wi\u0119cej informacji<\/a><\/p>\r\n\r\n\r\n\r\n<p>&nbsp;<\/p>\r\n","protected":false},"excerpt":{"rendered":"<p>Redakcja czasopisma dokumentuje wszelkie przejawy nierzetelno\u015bci naukowej, w tym naruszania zasad etyki obowi\u0105zuj\u0105cych w nauce. Wszelkie wykryte przypadki nierzetelno\u015bci naukowej b\u0119d\u0105 demaskowane, w\u0142\u0105cznie z powiadomieniem odpowiednich podmiot\u00f3w (instytucji zatrudniaj\u0105cych autor\u00f3w, towarzystwa naukowe, stowarzyszenia edytor\u00f3w naukowych itp.). Autor zg\u0142aszaj\u0105c artyku\u0142 do Prac i Studi\u00f3w Geograficznych po\u015bwiadcza na pi\u015bmie, i\u017c nie jest on procedowany w innym czasopi\u015bmie [&hellip;]<\/p>\n","protected":false},"author":2,"featured_media":0,"parent":0,"menu_order":2,"comment_status":"closed","ping_status":"closed","template":"","meta":{"_monsterinsights_skip_tracking":false,"_monsterinsights_sitenote_active":false,"_monsterinsights_sitenote_note":"","_monsterinsights_sitenote_category":0,"footnotes":""},"class_list":["post-31","page","type-page","status-publish","hentry","post"],"yoast_head":"<!-- This site is optimized with the Yoast SEO plugin v27.4 - https:\/\/yoast.com\/product\/yoast-seo-wordpress\/ -->\n<title>Zasady etyki - Prace i Studia Geograficzne | Studies in Geography<\/title>\n<meta name=\"description\" content=\"Zasady etyki czasopisma naukowego Prace i Studia Geograficzne.\" \/>\n<meta name=\"robots\" content=\"index, follow, max-snippet:-1, max-image-preview:large, max-video-preview:-1\" \/>\n<link rel=\"canonical\" href=\"https:\/\/pisg.wgsr.uw.edu.pl\/?page_id=31\" \/>\n<meta property=\"og:locale\" content=\"pl_PL\" \/>\n<meta property=\"og:type\" content=\"article\" \/>\n<meta property=\"og:title\" content=\"Zasady etyki - Prace i Studia Geograficzne | Studies in Geography\" \/>\n<meta property=\"og:description\" content=\"Zasady etyki czasopisma naukowego Prace i Studia Geograficzne.\" \/>\n<meta property=\"og:url\" content=\"https:\/\/pisg.wgsr.uw.edu.pl\/?page_id=31\" \/>\n<meta property=\"og:site_name\" content=\"Prace i Studia Geograficzne | Studies in Geography\" \/>\n<meta property=\"article:modified_time\" content=\"2025-10-29T10:41:08+00:00\" \/>\n<meta name=\"twitter:card\" content=\"summary_large_image\" \/>\n<meta name=\"twitter:label1\" content=\"Szacowany czas czytania\" \/>\n\t<meta name=\"twitter:data1\" content=\"1 minuta\" \/>\n<script type=\"application\/ld+json\" class=\"yoast-schema-graph\">{\"@context\":\"https:\\\/\\\/schema.org\",\"@graph\":[{\"@type\":\"WebPage\",\"@id\":\"https:\\\/\\\/pisg.wgsr.uw.edu.pl\\\/?page_id=31\",\"url\":\"https:\\\/\\\/pisg.wgsr.uw.edu.pl\\\/?page_id=31\",\"name\":\"Zasady etyki - Prace i Studia Geograficzne | Studies in Geography\",\"isPartOf\":{\"@id\":\"https:\\\/\\\/pisg.wgsr.uw.edu.pl\\\/#website\"},\"datePublished\":\"2020-03-05T18:35:11+00:00\",\"dateModified\":\"2025-10-29T10:41:08+00:00\",\"description\":\"Zasady etyki czasopisma naukowego Prace i Studia Geograficzne.\",\"breadcrumb\":{\"@id\":\"https:\\\/\\\/pisg.wgsr.uw.edu.pl\\\/?page_id=31#breadcrumb\"},\"inLanguage\":\"pl-PL\",\"potentialAction\":[{\"@type\":\"ReadAction\",\"target\":[\"https:\\\/\\\/pisg.wgsr.uw.edu.pl\\\/?page_id=31\"]}]},{\"@type\":\"BreadcrumbList\",\"@id\":\"https:\\\/\\\/pisg.wgsr.uw.edu.pl\\\/?page_id=31#breadcrumb\",\"itemListElement\":[{\"@type\":\"ListItem\",\"position\":1,\"name\":\"Strona g\u0142\u00f3wna\",\"item\":\"https:\\\/\\\/pisg.wgsr.uw.edu.pl\\\/\"},{\"@type\":\"ListItem\",\"position\":2,\"name\":\"Zasady etyki\"}]},{\"@type\":\"WebSite\",\"@id\":\"https:\\\/\\\/pisg.wgsr.uw.edu.pl\\\/#website\",\"url\":\"https:\\\/\\\/pisg.wgsr.uw.edu.pl\\\/\",\"name\":\"Prace i Studia Geograficzne | Studies in Geography\",\"description\":\"Prace i Studia Geograficzne s\u0105 recenzowanym czasopismem wydawanym przez Wydzia\u0142 Geografii i Studi\u00f3w Regionalnych Uniwersytetu Warszawskiego\",\"potentialAction\":[{\"@type\":\"SearchAction\",\"target\":{\"@type\":\"EntryPoint\",\"urlTemplate\":\"https:\\\/\\\/pisg.wgsr.uw.edu.pl\\\/?s={search_term_string}\"},\"query-input\":{\"@type\":\"PropertyValueSpecification\",\"valueRequired\":true,\"valueName\":\"search_term_string\"}}],\"inLanguage\":\"pl-PL\"}]}<\/script>\n<!-- \/ Yoast SEO plugin. -->","yoast_head_json":{"title":"Zasady etyki - Prace i Studia Geograficzne | Studies in Geography","description":"Zasady etyki czasopisma naukowego Prace i Studia Geograficzne.","robots":{"index":"index","follow":"follow","max-snippet":"max-snippet:-1","max-image-preview":"max-image-preview:large","max-video-preview":"max-video-preview:-1"},"canonical":"https:\/\/pisg.wgsr.uw.edu.pl\/?page_id=31","og_locale":"pl_PL","og_type":"article","og_title":"Zasady etyki - Prace i Studia Geograficzne | Studies in Geography","og_description":"Zasady etyki czasopisma naukowego Prace i Studia Geograficzne.","og_url":"https:\/\/pisg.wgsr.uw.edu.pl\/?page_id=31","og_site_name":"Prace i Studia Geograficzne | Studies in Geography","article_modified_time":"2025-10-29T10:41:08+00:00","twitter_card":"summary_large_image","twitter_misc":{"Szacowany czas czytania":"1 minuta"},"schema":{"@context":"https:\/\/schema.org","@graph":[{"@type":"WebPage","@id":"https:\/\/pisg.wgsr.uw.edu.pl\/?page_id=31","url":"https:\/\/pisg.wgsr.uw.edu.pl\/?page_id=31","name":"Zasady etyki - Prace i Studia Geograficzne | Studies in Geography","isPartOf":{"@id":"https:\/\/pisg.wgsr.uw.edu.pl\/#website"},"datePublished":"2020-03-05T18:35:11+00:00","dateModified":"2025-10-29T10:41:08+00:00","description":"Zasady etyki czasopisma naukowego Prace i Studia Geograficzne.","breadcrumb":{"@id":"https:\/\/pisg.wgsr.uw.edu.pl\/?page_id=31#breadcrumb"},"inLanguage":"pl-PL","potentialAction":[{"@type":"ReadAction","target":["https:\/\/pisg.wgsr.uw.edu.pl\/?page_id=31"]}]},{"@type":"BreadcrumbList","@id":"https:\/\/pisg.wgsr.uw.edu.pl\/?page_id=31#breadcrumb","itemListElement":[{"@type":"ListItem","position":1,"name":"Strona g\u0142\u00f3wna","item":"https:\/\/pisg.wgsr.uw.edu.pl\/"},{"@type":"ListItem","position":2,"name":"Zasady etyki"}]},{"@type":"WebSite","@id":"https:\/\/pisg.wgsr.uw.edu.pl\/#website","url":"https:\/\/pisg.wgsr.uw.edu.pl\/","name":"Prace i Studia Geograficzne | Studies in Geography","description":"Prace i Studia Geograficzne s\u0105 recenzowanym czasopismem wydawanym przez Wydzia\u0142 Geografii i Studi\u00f3w Regionalnych Uniwersytetu Warszawskiego","potentialAction":[{"@type":"SearchAction","target":{"@type":"EntryPoint","urlTemplate":"https:\/\/pisg.wgsr.uw.edu.pl\/?s={search_term_string}"},"query-input":{"@type":"PropertyValueSpecification","valueRequired":true,"valueName":"search_term_string"}}],"inLanguage":"pl-PL"}]}},"_links":{"self":[{"href":"https:\/\/pisg.wgsr.uw.edu.pl\/index.php?rest_route=\/wp\/v2\/pages\/31","targetHints":{"allow":["GET"]}}],"collection":[{"href":"https:\/\/pisg.wgsr.uw.edu.pl\/index.php?rest_route=\/wp\/v2\/pages"}],"about":[{"href":"https:\/\/pisg.wgsr.uw.edu.pl\/index.php?rest_route=\/wp\/v2\/types\/page"}],"author":[{"embeddable":true,"href":"https:\/\/pisg.wgsr.uw.edu.pl\/index.php?rest_route=\/wp\/v2\/users\/2"}],"replies":[{"embeddable":true,"href":"https:\/\/pisg.wgsr.uw.edu.pl\/index.php?rest_route=%2Fwp%2Fv2%2Fcomments&post=31"}],"version-history":[{"count":4,"href":"https:\/\/pisg.wgsr.uw.edu.pl\/index.php?rest_route=\/wp\/v2\/pages\/31\/revisions"}],"predecessor-version":[{"id":4565,"href":"https:\/\/pisg.wgsr.uw.edu.pl\/index.php?rest_route=\/wp\/v2\/pages\/31\/revisions\/4565"}],"wp:attachment":[{"href":"https:\/\/pisg.wgsr.uw.edu.pl\/index.php?rest_route=%2Fwp%2Fv2%2Fmedia&parent=31"}],"curies":[{"name":"wp","href":"https:\/\/api.w.org\/{rel}","templated":true}]}}