{"id":3180,"date":"2024-04-08T11:56:34","date_gmt":"2024-04-08T11:56:34","guid":{"rendered":"https:\/\/pisg.wgsr.uw.edu.pl\/?page_id=3180"},"modified":"2024-04-08T12:10:50","modified_gmt":"2024-04-08T12:10:50","slug":"volume-69-issue-1-edited-by-mikolaj-madurowicz-marta-szczepanska","status":"publish","type":"page","link":"https:\/\/pisg.wgsr.uw.edu.pl\/?page_id=3180&lang=en","title":{"rendered":"Volume 69, Issue 1 \u2013 Edited by Miko\u0142aj Madurowicz, Marta Szczepa\u0144ska"},"content":{"rendered":"<p><a href=\"https:\/\/pisg.wgsr.uw.edu.pl\/wp-content\/uploads\/2024\/03\/PiSG_69.1-StronyTytuloweSpisTresci.pdf\">Title Pages and Table of Contents<\/a><\/p>\n<p><em>Articles and Studies<\/em><\/p>\n<p><strong>Joanna ANGIEL, Adam HIBSZER <\/strong><a href=\"https:\/\/sciendo.com\/pl\/article\/10.48128\/pisg-2024-69.1-01\">Esej jako metoda kszta\u0142cenia student\u00f3w \u2013 przysz\u0142ych nauczycieli geografii \/ Essay as a method of education of students \u2013 future geography teachers<\/a><\/p>\n<p><strong>Dorota MANTEY, Daniel PAIVA, Daniela FERREIRA, In\u00eas BOAVIDA-PORTUGAL<\/strong> <a href=\"https:\/\/sciendo.com\/pl\/article\/10.48128\/pisg-2024-69.1-02\">Wp\u0142yw bod\u017ac\u00f3w przestrzennych na reakcje organizmu. Refleksje z wykorzystania bioczujnik\u00f3w do badania warszawskiej przestrzeni publicznej \/ Spatial stimuli and the body\u2019s reactions. Reflections on the use of biosensors to study Warsaw public space<\/a><\/p>\n<p><strong>Piotr A. WERNER<\/strong> <a href=\"https:\/\/sciendo.com\/pl\/article\/10.48128\/pisg-2024-69.1-03\">Szanse reintegracji a remediacja cyfrowa geografii \/ Reintegration opportunities versus digital remediation of geography<\/a><\/p>\n<p><strong>Samuel TUROSZ<\/strong> <a href=\"https:\/\/sciendo.com\/pl\/article\/10.48128\/pisg-2024-69.1-04\">Nowoczesna deinstytucjonalizacja zdrowia \u2013 przegl\u0105d nowych trend\u00f3w spo\u0142ecznych w zdrowiu publicznym w uj\u0119ciu terytorialnym \/ Modern deinstitutionalization of health \u2013 review of new social trends in public health in territorial context<\/a><\/p>\n<p><strong>Dominika STUDZI\u0143SKA, Magdalena SZMYTKOWSKA<\/strong> <a href=\"https:\/\/sciendo.com\/pl\/article\/10.48128\/pisg-2024-69.1-05\">Wp\u0142yw p\u0142ci na do\u015bwiadczenia migracyjne Polak\u00f3w w Niemczech. Przyk\u0142ad Berlina i Hamburga \/ The impact of gender on the migration experiences of Poles in Germany. The example of Berlin and Hamburg<\/a><\/p>\n<p><strong>Zuzanna KIELISZEK, Sylwia KULCZYK<\/strong> <a href=\"https:\/\/sciendo.com\/pl\/article\/10.48128\/pisg-2024-69.1-06\">Przewodnicy sudeccy jako moderatorzy dostawy kulturowych us\u0142ug ekosystemowych w Karkonoskim Parku Narodowym \/ Mountain guides as moderators of the delivery of cultural ecosystem services in the Karkonosze National Park<\/a><\/p>\n<p><em>Reviews<\/em><\/p>\n<p><strong>Maciej J\u0118DRUSIK<\/strong> <a href=\"https:\/\/sciendo.com\/pl\/article\/10.48128\/pisg-2024-69.1-07\">Tahar Kharchi, Jean-Marie Miossec, La th\u00e9orie du transport de Charles Horton Cooley. Traduction, contextes et perspectives (seria \u201eTerritoires de la G\u00e9ographie\u201d, L\u2019Harmattan, Paris 2024)<\/a><\/p>\n","protected":false},"excerpt":{"rendered":"<p>Title Pages and Table of Contents Articles and Studies Joanna ANGIEL, Adam HIBSZER Esej jako metoda kszta\u0142cenia student\u00f3w \u2013 przysz\u0142ych nauczycieli geografii \/ Essay as a method of education of students \u2013 future geography teachers Dorota MANTEY, Daniel PAIVA, Daniela FERREIRA, In\u00eas BOAVIDA-PORTUGAL Wp\u0142yw bod\u017ac\u00f3w przestrzennych na reakcje organizmu. Refleksje z wykorzystania bioczujnik\u00f3w do badania [&hellip;]<\/p>\n","protected":false},"author":3,"featured_media":0,"parent":0,"menu_order":0,"comment_status":"closed","ping_status":"closed","template":"","meta":{"_monsterinsights_skip_tracking":false,"_monsterinsights_sitenote_active":false,"_monsterinsights_sitenote_note":"","_monsterinsights_sitenote_category":0,"footnotes":""},"class_list":["post-3180","page","type-page","status-publish","hentry","post"],"yoast_head":"<!-- This site is optimized with the Yoast SEO plugin v27.6 - https:\/\/yoast.com\/product\/yoast-seo-wordpress\/ -->\n<title>Volume 69, Issue 1 \u2013 Eds. Miko\u0142aj Madurowicz, Marta Szczepa\u0144ska<\/title>\n<meta name=\"description\" content=\"Prace i Studia Geograficzne (Studies in Geography) is a peer-reviewed academic journal published since 1964.\" \/>\n<meta name=\"robots\" content=\"index, follow, max-snippet:-1, max-image-preview:large, max-video-preview:-1\" \/>\n<link rel=\"canonical\" href=\"https:\/\/pisg.wgsr.uw.edu.pl\/?page_id=3180&lang=en\" \/>\n<meta property=\"og:locale\" content=\"pl_PL\" \/>\n<meta property=\"og:type\" content=\"article\" \/>\n<meta property=\"og:title\" content=\"Volume 69, Issue 1 \u2013 Eds. Miko\u0142aj Madurowicz, Marta Szczepa\u0144ska\" \/>\n<meta property=\"og:description\" content=\"Prace i Studia Geograficzne (Studies in Geography) is a peer-reviewed academic journal published since 1964.\" \/>\n<meta property=\"og:url\" content=\"https:\/\/pisg.wgsr.uw.edu.pl\/?page_id=3180&amp;lang=en\" \/>\n<meta property=\"og:site_name\" content=\"Prace i Studia Geograficzne | Studies in Geography\" \/>\n<meta property=\"article:modified_time\" content=\"2024-04-08T12:10:50+00:00\" \/>\n<meta name=\"twitter:card\" content=\"summary_large_image\" \/>\n<meta name=\"twitter:label1\" content=\"Szacowany czas czytania\" \/>\n\t<meta name=\"twitter:data1\" content=\"2 minuty\" \/>\n<script type=\"application\/ld+json\" class=\"yoast-schema-graph\">{\"@context\":\"https:\\\/\\\/schema.org\",\"@graph\":[{\"@type\":\"WebPage\",\"@id\":\"https:\\\/\\\/pisg.wgsr.uw.edu.pl\\\/?page_id=3180&lang=en\",\"url\":\"https:\\\/\\\/pisg.wgsr.uw.edu.pl\\\/?page_id=3180&lang=en\",\"name\":\"Volume 69, Issue 1 \u2013 Eds. Miko\u0142aj Madurowicz, Marta Szczepa\u0144ska\",\"isPartOf\":{\"@id\":\"https:\\\/\\\/pisg.wgsr.uw.edu.pl\\\/#website\"},\"datePublished\":\"2024-04-08T11:56:34+00:00\",\"dateModified\":\"2024-04-08T12:10:50+00:00\",\"description\":\"Prace i Studia Geograficzne (Studies in Geography) is a peer-reviewed academic journal published since 1964.\",\"breadcrumb\":{\"@id\":\"https:\\\/\\\/pisg.wgsr.uw.edu.pl\\\/?page_id=3180&lang=en#breadcrumb\"},\"inLanguage\":\"pl-PL\",\"potentialAction\":[{\"@type\":\"ReadAction\",\"target\":[\"https:\\\/\\\/pisg.wgsr.uw.edu.pl\\\/?page_id=3180&lang=en\"]}]},{\"@type\":\"BreadcrumbList\",\"@id\":\"https:\\\/\\\/pisg.wgsr.uw.edu.pl\\\/?page_id=3180&lang=en#breadcrumb\",\"itemListElement\":[{\"@type\":\"ListItem\",\"position\":1,\"name\":\"Strona g\u0142\u00f3wna\",\"item\":\"https:\\\/\\\/pisg.wgsr.uw.edu.pl\\\/\"},{\"@type\":\"ListItem\",\"position\":2,\"name\":\"Volume 69, Issue 1 \u2013 Edited by Miko\u0142aj Madurowicz, Marta Szczepa\u0144ska\"}]},{\"@type\":\"WebSite\",\"@id\":\"https:\\\/\\\/pisg.wgsr.uw.edu.pl\\\/#website\",\"url\":\"https:\\\/\\\/pisg.wgsr.uw.edu.pl\\\/\",\"name\":\"Prace i Studia Geograficzne | Studies in Geography\",\"description\":\"Prace i Studia Geograficzne s\u0105 recenzowanym czasopismem wydawanym przez Wydzia\u0142 Geografii i Studi\u00f3w Regionalnych Uniwersytetu Warszawskiego\",\"potentialAction\":[{\"@type\":\"SearchAction\",\"target\":{\"@type\":\"EntryPoint\",\"urlTemplate\":\"https:\\\/\\\/pisg.wgsr.uw.edu.pl\\\/?s={search_term_string}\"},\"query-input\":{\"@type\":\"PropertyValueSpecification\",\"valueRequired\":true,\"valueName\":\"search_term_string\"}}],\"inLanguage\":\"pl-PL\"}]}<\/script>\n<!-- \/ Yoast SEO plugin. -->","yoast_head_json":{"title":"Volume 69, Issue 1 \u2013 Eds. Miko\u0142aj Madurowicz, Marta Szczepa\u0144ska","description":"Prace i Studia Geograficzne (Studies in Geography) is a peer-reviewed academic journal published since 1964.","robots":{"index":"index","follow":"follow","max-snippet":"max-snippet:-1","max-image-preview":"max-image-preview:large","max-video-preview":"max-video-preview:-1"},"canonical":"https:\/\/pisg.wgsr.uw.edu.pl\/?page_id=3180&lang=en","og_locale":"pl_PL","og_type":"article","og_title":"Volume 69, Issue 1 \u2013 Eds. Miko\u0142aj Madurowicz, Marta Szczepa\u0144ska","og_description":"Prace i Studia Geograficzne (Studies in Geography) is a peer-reviewed academic journal published since 1964.","og_url":"https:\/\/pisg.wgsr.uw.edu.pl\/?page_id=3180&lang=en","og_site_name":"Prace i Studia Geograficzne | Studies in Geography","article_modified_time":"2024-04-08T12:10:50+00:00","twitter_card":"summary_large_image","twitter_misc":{"Szacowany czas czytania":"2 minuty"},"schema":{"@context":"https:\/\/schema.org","@graph":[{"@type":"WebPage","@id":"https:\/\/pisg.wgsr.uw.edu.pl\/?page_id=3180&lang=en","url":"https:\/\/pisg.wgsr.uw.edu.pl\/?page_id=3180&lang=en","name":"Volume 69, Issue 1 \u2013 Eds. Miko\u0142aj Madurowicz, Marta Szczepa\u0144ska","isPartOf":{"@id":"https:\/\/pisg.wgsr.uw.edu.pl\/#website"},"datePublished":"2024-04-08T11:56:34+00:00","dateModified":"2024-04-08T12:10:50+00:00","description":"Prace i Studia Geograficzne (Studies in Geography) is a peer-reviewed academic journal published since 1964.","breadcrumb":{"@id":"https:\/\/pisg.wgsr.uw.edu.pl\/?page_id=3180&lang=en#breadcrumb"},"inLanguage":"pl-PL","potentialAction":[{"@type":"ReadAction","target":["https:\/\/pisg.wgsr.uw.edu.pl\/?page_id=3180&lang=en"]}]},{"@type":"BreadcrumbList","@id":"https:\/\/pisg.wgsr.uw.edu.pl\/?page_id=3180&lang=en#breadcrumb","itemListElement":[{"@type":"ListItem","position":1,"name":"Strona g\u0142\u00f3wna","item":"https:\/\/pisg.wgsr.uw.edu.pl\/"},{"@type":"ListItem","position":2,"name":"Volume 69, Issue 1 \u2013 Edited by Miko\u0142aj Madurowicz, Marta Szczepa\u0144ska"}]},{"@type":"WebSite","@id":"https:\/\/pisg.wgsr.uw.edu.pl\/#website","url":"https:\/\/pisg.wgsr.uw.edu.pl\/","name":"Prace i Studia Geograficzne | Studies in Geography","description":"Prace i Studia Geograficzne s\u0105 recenzowanym czasopismem wydawanym przez Wydzia\u0142 Geografii i Studi\u00f3w Regionalnych Uniwersytetu Warszawskiego","potentialAction":[{"@type":"SearchAction","target":{"@type":"EntryPoint","urlTemplate":"https:\/\/pisg.wgsr.uw.edu.pl\/?s={search_term_string}"},"query-input":{"@type":"PropertyValueSpecification","valueRequired":true,"valueName":"search_term_string"}}],"inLanguage":"pl-PL"}]}},"_links":{"self":[{"href":"https:\/\/pisg.wgsr.uw.edu.pl\/index.php?rest_route=\/wp\/v2\/pages\/3180","targetHints":{"allow":["GET"]}}],"collection":[{"href":"https:\/\/pisg.wgsr.uw.edu.pl\/index.php?rest_route=\/wp\/v2\/pages"}],"about":[{"href":"https:\/\/pisg.wgsr.uw.edu.pl\/index.php?rest_route=\/wp\/v2\/types\/page"}],"author":[{"embeddable":true,"href":"https:\/\/pisg.wgsr.uw.edu.pl\/index.php?rest_route=\/wp\/v2\/users\/3"}],"replies":[{"embeddable":true,"href":"https:\/\/pisg.wgsr.uw.edu.pl\/index.php?rest_route=%2Fwp%2Fv2%2Fcomments&post=3180"}],"version-history":[{"count":1,"href":"https:\/\/pisg.wgsr.uw.edu.pl\/index.php?rest_route=\/wp\/v2\/pages\/3180\/revisions"}],"predecessor-version":[{"id":3181,"href":"https:\/\/pisg.wgsr.uw.edu.pl\/index.php?rest_route=\/wp\/v2\/pages\/3180\/revisions\/3181"}],"wp:attachment":[{"href":"https:\/\/pisg.wgsr.uw.edu.pl\/index.php?rest_route=%2Fwp%2Fv2%2Fmedia&parent=3180"}],"curies":[{"name":"wp","href":"https:\/\/api.w.org\/{rel}","templated":true}]}}