{"id":3274,"date":"2024-07-19T22:32:55","date_gmt":"2024-07-19T22:32:55","guid":{"rendered":"https:\/\/pisg.wgsr.uw.edu.pl\/?page_id=3274"},"modified":"2024-07-23T11:34:36","modified_gmt":"2024-07-23T11:34:36","slug":"tom-69-zeszyt-2-volume-69-issue-2-red-marta-szczepanska-mikolaj-madurowicz","status":"publish","type":"page","link":"https:\/\/pisg.wgsr.uw.edu.pl\/?page_id=3274","title":{"rendered":"Tom 69, zeszyt 2 [Volume 69, Issue 2] \u2013 red. Marta Szczepa\u0144ska, Miko\u0142aj Madurowicz"},"content":{"rendered":"<p><a href=\"https:\/\/pisg.wgsr.uw.edu.pl\/wp-content\/uploads\/2024\/07\/PiSG_69.2-StronyTytuloweSpisTresci-1.pdf\">Strony tytu\u0142owe i spis tre\u015bci<\/a><\/p>\n<p><em>Artyku\u0142y i studia<\/em><\/p>\n<p><strong>Adam WRONKOWSKI <\/strong><a href=\"https:\/\/sciendo.com\/article\/10.48128\/pisg\/2024-69.2-01\">Geografie dzieci\u0119ce \u2013 przedmiot i podmiot bada\u0144, za\u0142o\u017cenia teoretyczne, podej\u015bcia i popularno\u015b\u0107 subdyscypliny \/ Children\u2019s geographies \u2013 a object and subject of research, theoretical assumptions, approaches and popularity of the sub-discipline\u00a0<\/a><\/p>\n<p><strong>Sylwia KACZMAREK <\/strong><a href=\"https:\/\/sciendo.com\/article\/10.48128\/pisg\/2024-69.2-02\">Lokalno\u015b\u0107 w procesie rewitalizacji. Przyk\u0142ad kompleksu fuzja w \u0141odzi \/<\/a> <a href=\"https:\/\/sciendo.com\/article\/10.48128\/pisg\/2024-69.2-02\">Localism in the revitalization process. Example of the Fuzja complex in \u0141\u00f3d\u017a <\/a><\/p>\n<div class=\"Article_author-popup__qTeaZ\">\n<div class=\"d-none d-md-block\" aria-describedby=\"popup-532\"><strong>Krystian PUZDRAKIEWICZ, Sandra \u017bUKOWSKA, Beata CHMIEL, Tadeusz PALMOWSKI<\/strong> <a href=\"https:\/\/sciendo.com\/article\/10.48128\/pisg\/2024-69.2-03\">Wizje aktywizacji transportu wodnego w regionie Zalewu Wi\u015blanego wyra\u017cone w dokumentach strategicznych i planistycznych \/ Visions of water transport activation in the Vistula Lagoon region expressed in strategic and planning documents\u00a0<\/a><\/div>\n<\/div>\n<p><strong>Maria G\u00d3RSKA-ZABIELSKA <\/strong><a href=\"https:\/\/sciendo.com\/article\/10.48128\/pisg\/2024-69.2-04\">\u015acie\u017cka przyrodnicza \u2013 atrakcj\u0105 geoturystyczn\u0105 i kluczem do zr\u00f3wnowa\u017conego rozwoju miasta \/ <\/a><a href=\"https:\/\/sciendo.com\/article\/10.48128\/pisg\/2024-69.2-04\">Abiotic Nature Trail as a geotourism attraction and the key to sustainable development of a city<\/a><\/p>\n<p><strong>Iman BANERJEE, Apala SAHA\u00a0<\/strong><a href=\"https:\/\/sciendo.com\/article\/10.48128\/pisg\/2024-69.2-05\">Contributions to Urban Settlement Geography in India. A Critical Review of Selected Literature<\/a><\/p>\n<div class=\"Article_author-popup__qTeaZ\">\n<div class=\"d-none d-md-block\" aria-describedby=\"popup-4502\"><strong>Ramazan INAN, Kartal Dogukan CIKI, Ahmet Mecid VERGUL<\/strong> <a href=\"https:\/\/sciendo.com\/article\/10.48128\/pisg\/2024-69.2-06\">Comparing Professional Problems of Travel Agencies and Tourist Guides Operating in Istanbul<\/a><\/div>\n<\/div>\n","protected":false},"excerpt":{"rendered":"<p>Strony tytu\u0142owe i spis tre\u015bci Artyku\u0142y i studia Adam WRONKOWSKI Geografie dzieci\u0119ce \u2013 przedmiot i podmiot bada\u0144, za\u0142o\u017cenia teoretyczne, podej\u015bcia i popularno\u015b\u0107 subdyscypliny \/ Children\u2019s geographies \u2013 a object and subject of research, theoretical assumptions, approaches and popularity of the sub-discipline\u00a0 Sylwia KACZMAREK Lokalno\u015b\u0107 w procesie rewitalizacji. Przyk\u0142ad kompleksu fuzja w \u0141odzi \/ Localism in [&hellip;]<\/p>\n","protected":false},"author":3,"featured_media":0,"parent":97,"menu_order":0,"comment_status":"closed","ping_status":"closed","template":"","meta":{"_monsterinsights_skip_tracking":false,"_monsterinsights_sitenote_active":false,"_monsterinsights_sitenote_note":"","_monsterinsights_sitenote_category":0,"footnotes":""},"class_list":["post-3274","page","type-page","status-publish","hentry","post"],"yoast_head":"<!-- This site is optimized with the Yoast SEO plugin v27.5 - https:\/\/yoast.com\/product\/yoast-seo-wordpress\/ -->\n<title>Tom 69, zeszyt 2 \u2013 red. Marta Szczepa\u0144ska, Miko\u0142aj Madurowicz<\/title>\n<meta name=\"description\" content=\"Prace i Studia Geograficzne s\u0105 recenzowanym czasopismem wydawanym przez Wydzia\u0142 Geografii i Studi\u00f3w Regionalnych Uniwersytetu Warszawskiego.\" \/>\n<meta name=\"robots\" content=\"index, follow, max-snippet:-1, max-image-preview:large, max-video-preview:-1\" \/>\n<link rel=\"canonical\" href=\"https:\/\/pisg.wgsr.uw.edu.pl\/?page_id=3274\" \/>\n<meta property=\"og:locale\" content=\"pl_PL\" \/>\n<meta property=\"og:type\" content=\"article\" \/>\n<meta property=\"og:title\" content=\"Tom 69, zeszyt 2 \u2013 red. Marta Szczepa\u0144ska, Miko\u0142aj Madurowicz\" \/>\n<meta property=\"og:description\" content=\"Prace i Studia Geograficzne s\u0105 recenzowanym czasopismem wydawanym przez Wydzia\u0142 Geografii i Studi\u00f3w Regionalnych Uniwersytetu Warszawskiego.\" \/>\n<meta property=\"og:url\" content=\"https:\/\/pisg.wgsr.uw.edu.pl\/?page_id=3274\" \/>\n<meta property=\"og:site_name\" content=\"Prace i Studia Geograficzne | Studies in Geography\" \/>\n<meta property=\"article:modified_time\" content=\"2024-07-23T11:34:36+00:00\" \/>\n<meta name=\"twitter:card\" content=\"summary_large_image\" \/>\n<meta name=\"twitter:label1\" content=\"Szacowany czas czytania\" \/>\n\t<meta name=\"twitter:data1\" content=\"2 minuty\" \/>\n<script type=\"application\/ld+json\" class=\"yoast-schema-graph\">{\"@context\":\"https:\\\/\\\/schema.org\",\"@graph\":[{\"@type\":\"WebPage\",\"@id\":\"https:\\\/\\\/pisg.wgsr.uw.edu.pl\\\/?page_id=3274\",\"url\":\"https:\\\/\\\/pisg.wgsr.uw.edu.pl\\\/?page_id=3274\",\"name\":\"Tom 69, zeszyt 2 \u2013 red. Marta Szczepa\u0144ska, Miko\u0142aj Madurowicz\",\"isPartOf\":{\"@id\":\"https:\\\/\\\/pisg.wgsr.uw.edu.pl\\\/#website\"},\"datePublished\":\"2024-07-19T22:32:55+00:00\",\"dateModified\":\"2024-07-23T11:34:36+00:00\",\"description\":\"Prace i Studia Geograficzne s\u0105 recenzowanym czasopismem wydawanym przez Wydzia\u0142 Geografii i Studi\u00f3w Regionalnych Uniwersytetu Warszawskiego.\",\"breadcrumb\":{\"@id\":\"https:\\\/\\\/pisg.wgsr.uw.edu.pl\\\/?page_id=3274#breadcrumb\"},\"inLanguage\":\"pl-PL\",\"potentialAction\":[{\"@type\":\"ReadAction\",\"target\":[\"https:\\\/\\\/pisg.wgsr.uw.edu.pl\\\/?page_id=3274\"]}]},{\"@type\":\"BreadcrumbList\",\"@id\":\"https:\\\/\\\/pisg.wgsr.uw.edu.pl\\\/?page_id=3274#breadcrumb\",\"itemListElement\":[{\"@type\":\"ListItem\",\"position\":1,\"name\":\"Strona g\u0142\u00f3wna\",\"item\":\"https:\\\/\\\/pisg.wgsr.uw.edu.pl\\\/\"},{\"@type\":\"ListItem\",\"position\":2,\"name\":\"Tomy\",\"item\":\"https:\\\/\\\/pisg.wgsr.uw.edu.pl\\\/?page_id=97\"},{\"@type\":\"ListItem\",\"position\":3,\"name\":\"Tom 69, zeszyt 2 [Volume 69, Issue 2] \u2013 red. Marta Szczepa\u0144ska, Miko\u0142aj Madurowicz\"}]},{\"@type\":\"WebSite\",\"@id\":\"https:\\\/\\\/pisg.wgsr.uw.edu.pl\\\/#website\",\"url\":\"https:\\\/\\\/pisg.wgsr.uw.edu.pl\\\/\",\"name\":\"Prace i Studia Geograficzne | Studies in Geography\",\"description\":\"Prace i Studia Geograficzne s\u0105 recenzowanym czasopismem wydawanym przez Wydzia\u0142 Geografii i Studi\u00f3w Regionalnych Uniwersytetu Warszawskiego\",\"potentialAction\":[{\"@type\":\"SearchAction\",\"target\":{\"@type\":\"EntryPoint\",\"urlTemplate\":\"https:\\\/\\\/pisg.wgsr.uw.edu.pl\\\/?s={search_term_string}\"},\"query-input\":{\"@type\":\"PropertyValueSpecification\",\"valueRequired\":true,\"valueName\":\"search_term_string\"}}],\"inLanguage\":\"pl-PL\"}]}<\/script>\n<!-- \/ Yoast SEO plugin. -->","yoast_head_json":{"title":"Tom 69, zeszyt 2 \u2013 red. Marta Szczepa\u0144ska, Miko\u0142aj Madurowicz","description":"Prace i Studia Geograficzne s\u0105 recenzowanym czasopismem wydawanym przez Wydzia\u0142 Geografii i Studi\u00f3w Regionalnych Uniwersytetu Warszawskiego.","robots":{"index":"index","follow":"follow","max-snippet":"max-snippet:-1","max-image-preview":"max-image-preview:large","max-video-preview":"max-video-preview:-1"},"canonical":"https:\/\/pisg.wgsr.uw.edu.pl\/?page_id=3274","og_locale":"pl_PL","og_type":"article","og_title":"Tom 69, zeszyt 2 \u2013 red. Marta Szczepa\u0144ska, Miko\u0142aj Madurowicz","og_description":"Prace i Studia Geograficzne s\u0105 recenzowanym czasopismem wydawanym przez Wydzia\u0142 Geografii i Studi\u00f3w Regionalnych Uniwersytetu Warszawskiego.","og_url":"https:\/\/pisg.wgsr.uw.edu.pl\/?page_id=3274","og_site_name":"Prace i Studia Geograficzne | Studies in Geography","article_modified_time":"2024-07-23T11:34:36+00:00","twitter_card":"summary_large_image","twitter_misc":{"Szacowany czas czytania":"2 minuty"},"schema":{"@context":"https:\/\/schema.org","@graph":[{"@type":"WebPage","@id":"https:\/\/pisg.wgsr.uw.edu.pl\/?page_id=3274","url":"https:\/\/pisg.wgsr.uw.edu.pl\/?page_id=3274","name":"Tom 69, zeszyt 2 \u2013 red. Marta Szczepa\u0144ska, Miko\u0142aj Madurowicz","isPartOf":{"@id":"https:\/\/pisg.wgsr.uw.edu.pl\/#website"},"datePublished":"2024-07-19T22:32:55+00:00","dateModified":"2024-07-23T11:34:36+00:00","description":"Prace i Studia Geograficzne s\u0105 recenzowanym czasopismem wydawanym przez Wydzia\u0142 Geografii i Studi\u00f3w Regionalnych Uniwersytetu Warszawskiego.","breadcrumb":{"@id":"https:\/\/pisg.wgsr.uw.edu.pl\/?page_id=3274#breadcrumb"},"inLanguage":"pl-PL","potentialAction":[{"@type":"ReadAction","target":["https:\/\/pisg.wgsr.uw.edu.pl\/?page_id=3274"]}]},{"@type":"BreadcrumbList","@id":"https:\/\/pisg.wgsr.uw.edu.pl\/?page_id=3274#breadcrumb","itemListElement":[{"@type":"ListItem","position":1,"name":"Strona g\u0142\u00f3wna","item":"https:\/\/pisg.wgsr.uw.edu.pl\/"},{"@type":"ListItem","position":2,"name":"Tomy","item":"https:\/\/pisg.wgsr.uw.edu.pl\/?page_id=97"},{"@type":"ListItem","position":3,"name":"Tom 69, zeszyt 2 [Volume 69, Issue 2] \u2013 red. Marta Szczepa\u0144ska, Miko\u0142aj Madurowicz"}]},{"@type":"WebSite","@id":"https:\/\/pisg.wgsr.uw.edu.pl\/#website","url":"https:\/\/pisg.wgsr.uw.edu.pl\/","name":"Prace i Studia Geograficzne | Studies in Geography","description":"Prace i Studia Geograficzne s\u0105 recenzowanym czasopismem wydawanym przez Wydzia\u0142 Geografii i Studi\u00f3w Regionalnych Uniwersytetu Warszawskiego","potentialAction":[{"@type":"SearchAction","target":{"@type":"EntryPoint","urlTemplate":"https:\/\/pisg.wgsr.uw.edu.pl\/?s={search_term_string}"},"query-input":{"@type":"PropertyValueSpecification","valueRequired":true,"valueName":"search_term_string"}}],"inLanguage":"pl-PL"}]}},"_links":{"self":[{"href":"https:\/\/pisg.wgsr.uw.edu.pl\/index.php?rest_route=\/wp\/v2\/pages\/3274","targetHints":{"allow":["GET"]}}],"collection":[{"href":"https:\/\/pisg.wgsr.uw.edu.pl\/index.php?rest_route=\/wp\/v2\/pages"}],"about":[{"href":"https:\/\/pisg.wgsr.uw.edu.pl\/index.php?rest_route=\/wp\/v2\/types\/page"}],"author":[{"embeddable":true,"href":"https:\/\/pisg.wgsr.uw.edu.pl\/index.php?rest_route=\/wp\/v2\/users\/3"}],"replies":[{"embeddable":true,"href":"https:\/\/pisg.wgsr.uw.edu.pl\/index.php?rest_route=%2Fwp%2Fv2%2Fcomments&post=3274"}],"version-history":[{"count":4,"href":"https:\/\/pisg.wgsr.uw.edu.pl\/index.php?rest_route=\/wp\/v2\/pages\/3274\/revisions"}],"predecessor-version":[{"id":3286,"href":"https:\/\/pisg.wgsr.uw.edu.pl\/index.php?rest_route=\/wp\/v2\/pages\/3274\/revisions\/3286"}],"up":[{"embeddable":true,"href":"https:\/\/pisg.wgsr.uw.edu.pl\/index.php?rest_route=\/wp\/v2\/pages\/97"}],"wp:attachment":[{"href":"https:\/\/pisg.wgsr.uw.edu.pl\/index.php?rest_route=%2Fwp%2Fv2%2Fmedia&parent=3274"}],"curies":[{"name":"wp","href":"https:\/\/api.w.org\/{rel}","templated":true}]}}