{"id":34,"date":"2020-03-05T19:41:31","date_gmt":"2020-03-05T18:41:31","guid":{"rendered":"http:\/\/wgsr.uw.edu.pl\/pisg\/?page_id=34"},"modified":"2024-03-12T14:22:01","modified_gmt":"2024-03-12T14:22:01","slug":"przyjmowane","status":"publish","type":"page","link":"https:\/\/pisg.wgsr.uw.edu.pl\/?page_id=34","title":{"rendered":"Przyjmowanie tekstu"},"content":{"rendered":"\r\n<p>Artyku\u0142 w formacie Microsoft Word (*.doc lub *.docx) i w *.pdf prosimy przes\u0142a\u0107 w formie elektronicznej na adres Redakcji: <a href=\"mailto:pisg.redakcja@uw.edu.pl\">pisg.redakcja@uw.edu.pl<\/a>.<\/p>\r\n\r\n\r\n\r\n<p>Tekst powinien stanowi\u0107 prac\u0119 niepublikowan\u0105 i nie przewidzian\u0105 do publikacji w innym wydawnictwie. Tekst powinien by\u0107 zaakceptowany przez ewentualnych wsp\u00f3\u0142autor\u00f3w, poniewa\u017c po przyj\u0119ciu pracy do druku ka\u017cdy wsp\u00f3\u0142autor przekazuje indywidualnie prawa autorskie Redakcji. Dostarczona praca nie mo\u017ce narusza\u0107 w niczym praw autorskich os\u00f3b trzecich, ani niczyjego prawa w\u0142asno\u015bci.<\/p>\r\n\r\n\r\n\r\n<p>Artyku\u0142 powinien by\u0107 napisany poprawnym j\u0119zykiem zachowuj\u0105cym zasady gramatyki j\u0119zyka polskiego (lub angielskiego), wst\u0119pnie z\u0142o\u017cony, tzn. ryciny i tabele powinny si\u0119 znajdowa\u0107 w odpowiednich miejscach w tek\u015bcie. Dodatkowo ryciny i tabele powinny by\u0107 przes\u0142ane w oddzielnych plikach w jednym z nast\u0119puj\u0105cych format\u00f3w: *.jpg, *.bmp, *.gif, *.tif, *.cdr, *.xls, *.xlsx, *.dwg, *.png. Nazwy plik\u00f3w z rycinami i tabelami powinny zawiera\u0107 numer ryciny i jej tytu\u0142 (lub fragment tytu\u0142u) pozostaj\u0105cy w zgodzie z numeracj\u0105 rycin i tabel w tek\u015bcie.<\/p>\r\n\r\n\r\n\r\n<p>Minimalna obj\u0119to\u015b\u0107 artyku\u0142u nie powinna by\u0107 mniejsza (\u0142\u0105cznie z ilustracjami, tabelami, spisem literatury i streszczeniem) ni\u017c 12 stron znormalizowanego maszynopisu, lecz nie wi\u0119ksza ni\u017c 18 stron (format A4, 30 wierszy na stronie, oko\u0142o 60 miejsc znakowych w wierszu, margines z lewej strony \u2013 3,5 cm).<\/p>\r\n\r\n\r\n\r\n<p>Przed z\u0142o\u017ceniem tekstu do Redakcji zaleca si\u0119 korekt\u0119 j\u0119zykow\u0105 oraz weryfikacj\u0119 streszczenia i podpis\u00f3w zamieszczonych w j\u0119zyku angielskim przez\u00a0<em>native speakera<\/em>.<\/p>\r\n\r\n\r\n\r\n<p>Ka\u017cdy tekst powinien zawiera\u0107 informacje o autorze\/autorach (imi\u0119 i nazwisko, afiliacja instytucjonalna, email).<br \/>Je\u017celi zachodzi taka potrzeba, to powinna by\u0107 podana informacja o \u017ar\u00f3d\u0142ach finansowania bada\u0144 lub powstania artyku\u0142u naukowego (na ko\u0144cu).<\/p>\r\n\r\n\r\n\r\n<h4 class=\"wp-block-heading\">Uk\u0142ad artyku\u0142u<\/h4>\r\n\r\n\r\n\r\n<p>Na pierwszej stronie nale\u017cy umie\u015bci\u0107:<\/p>\r\n\r\n\r\n\r\n<ul class=\"wp-block-list\">\r\n<li>imi\u0119 i nazwisko Autora(-\u00f3w), afiliacj\u0119 instytucjonaln\u0105, adres(y) instytucjonalny(e), e-mail(e) Autor\u00f3w. Dane Autora(-\u00f3w) nie powinny pojawia\u0107 si\u0119 ju\u017c w innym miejscu pracy,<\/li>\r\n<li>tytu\u0142 pracy w j\u0119zyku polskim,<\/li>\r\n<li>tytu\u0142 pracy w j\u0119zyku angielskim,<\/li>\r\n<li>s\u0142owa kluczowe w j\u0119zyku angielskim (<em>keywords<\/em>),<\/li>\r\n<li>zarys tre\u015bci w angielskim (<em>abstract<\/em>): 3-5 zdania (problem badawczy, najistotniejszy rezultat i najwa\u017cniejsze wnioski).<\/li>\r\n<\/ul>\r\n\r\n\r\n\r\n<p>Tekst w\u0142a\u015bciwy powinien sk\u0142ada\u0107 si\u0119 ze:<\/p>\r\n\r\n\r\n\r\n<ul class=\"wp-block-list\">\r\n<li>wst\u0119pu (wprowadzenia), zawieraj\u0105cego wyra\u017anie okre\u015blon\u0105 problematyk\u0119 badawcz\u0105, odniesienia do dotychczas opublikowanych wynik\u00f3w bada\u0144 oraz sprecyzowany cel (lub cele) badawcze,<\/li>\r\n<li>zatytu\u0142owanych rozdzia\u0142\u00f3w (cz\u0119\u015bci),<\/li>\r\n<li>wniosk\u00f3w lub podsumowania.<\/li>\r\n<\/ul>\r\n\r\n\r\n\r\n<p>Z\u0142o\u017cony tekst powinien by\u0107 pozbawiony zaznaczonych wyr\u00f3\u017cnie\u0144 i podkre\u015ble\u0144.<br \/>Literatura \u2013 powinna by\u0107 list\u0105 prac, do kt\u00f3rych Autor odwo\u0142uje si\u0119 w artykule.<\/p>\r\n\r\n\r\n\r\n<h4 class=\"wp-block-heading\">Tekst<\/h4>\r\n\r\n\r\n\r\n<p>Tekst powinien sk\u0142ada\u0107 si\u0119 ze wst\u0119pu (wprowadzenia) i zatytu\u0142owanych rozdzia\u0142\u00f3w (cz\u0119\u015bci) oraz wniosk\u00f3w lub podsumowania. Z\u0142o\u017cony tekst pozbawiony jest zaznaczonych wyr\u00f3\u017cnie\u0144 i podkre\u015ble\u0144. W cudzys\u0142owie podajemy tylko cytaty, je\u015bli nie s\u0105 wyodr\u0119bnione w inny spos\u00f3b (np. inn\u0105 wielko\u015bci\u0105). Opr\u00f3cz tytu\u0142\u00f3w ksi\u0105\u017cek i czasopism (wydawnictw seryjnych) kursyw\u0105 piszemy zwroty obcoj\u0119zyczne wplecione w tekst polski. W tek\u015bcie przy powo\u0142ywaniu si\u0119 na pi\u015bmiennictwo, prosimy o podanie nazwiska autora oraz rok publikacji, np. (Wi\u015bniewska 2010, Malinowska 2009) lub wed\u0142ug J. Kondrackiego (1990), a przy cytowaniu r\u00f3wnie\u017c numer strony, np. wed\u0142ug A. Nowaka (1995, s. 5). W powo\u0142aniach na wi\u0119cej prac tego samego autora, kt\u00f3re ukaza\u0142y si\u0119 w tym samym roku podaje si\u0119: (Lencewicz 1936a, 1936b). W przypadku wsp\u00f3lnej publikacji dw\u00f3ch autor\u00f3w podaje si\u0119: (Zaborski, Wrzosek 1939), a trzech i wi\u0119cej autor\u00f3w: (Malinowski i in. 1996).<\/p>\r\n\r\n\r\n\r\n<p>Tabele powinny by\u0107 opracowane w programach MS Word lub Excel. Ka\u017cda tabela powinna zawiera\u0107 zwi\u0119z\u0142y tytu\u0142 (w j\u0119zyku polskim i angielskim) i kolejny numer (cyframi arabskimi u g\u00f3ry) oraz \u017ar\u00f3d\u0142o danych (u do\u0142u). G\u0142\u00f3wka tabeli powinna by\u0107 dwuj\u0119zyczna. W miar\u0119 mo\u017cliwo\u015bci prosimy r\u00f3wnie\u017c o dwuj\u0119zyczn\u0105 polsko-angielsk\u0105 tre\u015b\u0107 tabeli. Nale\u017cy unika\u0107 tabel przekraczaj\u0105cych format strony wydruku, nie stosowa\u0107 edycji ramek, cieniowania wierszy i kolumn.<\/p>\r\n\r\n\r\n\r\n<p>Zobacz te\u017c zasady <strong><a href=\"http:\/\/pisg.wgsr.uw.edu.pl\/\/?page_id=37\">formatowania tekstu<\/a><\/strong><\/p>\r\n","protected":false},"excerpt":{"rendered":"<p>Artyku\u0142 w formacie Microsoft Word (*.doc lub *.docx) i w *.pdf prosimy przes\u0142a\u0107 w formie elektronicznej na adres Redakcji: pisg.redakcja@uw.edu.pl. Tekst powinien stanowi\u0107 prac\u0119 niepublikowan\u0105 i nie przewidzian\u0105 do publikacji w innym wydawnictwie. Tekst powinien by\u0107 zaakceptowany przez ewentualnych wsp\u00f3\u0142autor\u00f3w, poniewa\u017c po przyj\u0119ciu pracy do druku ka\u017cdy wsp\u00f3\u0142autor przekazuje indywidualnie prawa autorskie Redakcji. Dostarczona praca [&hellip;]<\/p>\n","protected":false},"author":2,"featured_media":0,"parent":0,"menu_order":3,"comment_status":"closed","ping_status":"closed","template":"","meta":{"_monsterinsights_skip_tracking":false,"_monsterinsights_sitenote_active":false,"_monsterinsights_sitenote_note":"","_monsterinsights_sitenote_category":0,"footnotes":""},"class_list":["post-34","page","type-page","status-publish","hentry","post"],"yoast_head":"<!-- This site is optimized with the Yoast SEO plugin v27.3 - https:\/\/yoast.com\/product\/yoast-seo-wordpress\/ -->\n<title>Przyjmowanie tekstu - Prace i Studia Geograficzne | Studies in Geography<\/title>\n<meta name=\"description\" content=\"Oryginalny i niepublikowany tekst zapisany w formacie doc (docx) i pdf nale\u017cy przes\u0142a\u0107 na adres Redakcji: pisg.redakcja@uw.edu.pl.\" \/>\n<meta name=\"robots\" content=\"index, follow, max-snippet:-1, max-image-preview:large, max-video-preview:-1\" \/>\n<link rel=\"canonical\" href=\"https:\/\/pisg.wgsr.uw.edu.pl\/?page_id=34\" \/>\n<meta property=\"og:locale\" content=\"pl_PL\" \/>\n<meta property=\"og:type\" content=\"article\" \/>\n<meta property=\"og:title\" content=\"Przyjmowanie tekstu - Prace i Studia Geograficzne | Studies in Geography\" \/>\n<meta property=\"og:description\" content=\"Oryginalny i niepublikowany tekst zapisany w formacie doc (docx) i pdf nale\u017cy przes\u0142a\u0107 na adres Redakcji: pisg.redakcja@uw.edu.pl.\" \/>\n<meta property=\"og:url\" content=\"https:\/\/pisg.wgsr.uw.edu.pl\/?page_id=34\" \/>\n<meta property=\"og:site_name\" content=\"Prace i Studia Geograficzne | Studies in Geography\" \/>\n<meta property=\"article:modified_time\" content=\"2024-03-12T14:22:01+00:00\" \/>\n<meta name=\"twitter:card\" content=\"summary_large_image\" \/>\n<meta name=\"twitter:label1\" content=\"Szacowany czas czytania\" \/>\n\t<meta name=\"twitter:data1\" content=\"4 minuty\" \/>\n<script type=\"application\/ld+json\" class=\"yoast-schema-graph\">{\"@context\":\"https:\\\/\\\/schema.org\",\"@graph\":[{\"@type\":\"WebPage\",\"@id\":\"https:\\\/\\\/pisg.wgsr.uw.edu.pl\\\/?page_id=34\",\"url\":\"https:\\\/\\\/pisg.wgsr.uw.edu.pl\\\/?page_id=34\",\"name\":\"Przyjmowanie tekstu - Prace i Studia Geograficzne | Studies in Geography\",\"isPartOf\":{\"@id\":\"https:\\\/\\\/pisg.wgsr.uw.edu.pl\\\/#website\"},\"datePublished\":\"2020-03-05T18:41:31+00:00\",\"dateModified\":\"2024-03-12T14:22:01+00:00\",\"description\":\"Oryginalny i niepublikowany tekst zapisany w formacie doc (docx) i pdf nale\u017cy przes\u0142a\u0107 na adres Redakcji: pisg.redakcja@uw.edu.pl.\",\"breadcrumb\":{\"@id\":\"https:\\\/\\\/pisg.wgsr.uw.edu.pl\\\/?page_id=34#breadcrumb\"},\"inLanguage\":\"pl-PL\",\"potentialAction\":[{\"@type\":\"ReadAction\",\"target\":[\"https:\\\/\\\/pisg.wgsr.uw.edu.pl\\\/?page_id=34\"]}]},{\"@type\":\"BreadcrumbList\",\"@id\":\"https:\\\/\\\/pisg.wgsr.uw.edu.pl\\\/?page_id=34#breadcrumb\",\"itemListElement\":[{\"@type\":\"ListItem\",\"position\":1,\"name\":\"Strona g\u0142\u00f3wna\",\"item\":\"https:\\\/\\\/pisg.wgsr.uw.edu.pl\\\/\"},{\"@type\":\"ListItem\",\"position\":2,\"name\":\"Przyjmowanie tekstu\"}]},{\"@type\":\"WebSite\",\"@id\":\"https:\\\/\\\/pisg.wgsr.uw.edu.pl\\\/#website\",\"url\":\"https:\\\/\\\/pisg.wgsr.uw.edu.pl\\\/\",\"name\":\"Prace i Studia Geograficzne | Studies in Geography\",\"description\":\"Prace i Studia Geograficzne s\u0105 recenzowanym czasopismem wydawanym przez Wydzia\u0142 Geografii i Studi\u00f3w Regionalnych Uniwersytetu Warszawskiego\",\"potentialAction\":[{\"@type\":\"SearchAction\",\"target\":{\"@type\":\"EntryPoint\",\"urlTemplate\":\"https:\\\/\\\/pisg.wgsr.uw.edu.pl\\\/?s={search_term_string}\"},\"query-input\":{\"@type\":\"PropertyValueSpecification\",\"valueRequired\":true,\"valueName\":\"search_term_string\"}}],\"inLanguage\":\"pl-PL\"}]}<\/script>\n<!-- \/ Yoast SEO plugin. -->","yoast_head_json":{"title":"Przyjmowanie tekstu - Prace i Studia Geograficzne | Studies in Geography","description":"Oryginalny i niepublikowany tekst zapisany w formacie doc (docx) i pdf nale\u017cy przes\u0142a\u0107 na adres Redakcji: pisg.redakcja@uw.edu.pl.","robots":{"index":"index","follow":"follow","max-snippet":"max-snippet:-1","max-image-preview":"max-image-preview:large","max-video-preview":"max-video-preview:-1"},"canonical":"https:\/\/pisg.wgsr.uw.edu.pl\/?page_id=34","og_locale":"pl_PL","og_type":"article","og_title":"Przyjmowanie tekstu - Prace i Studia Geograficzne | Studies in Geography","og_description":"Oryginalny i niepublikowany tekst zapisany w formacie doc (docx) i pdf nale\u017cy przes\u0142a\u0107 na adres Redakcji: pisg.redakcja@uw.edu.pl.","og_url":"https:\/\/pisg.wgsr.uw.edu.pl\/?page_id=34","og_site_name":"Prace i Studia Geograficzne | Studies in Geography","article_modified_time":"2024-03-12T14:22:01+00:00","twitter_card":"summary_large_image","twitter_misc":{"Szacowany czas czytania":"4 minuty"},"schema":{"@context":"https:\/\/schema.org","@graph":[{"@type":"WebPage","@id":"https:\/\/pisg.wgsr.uw.edu.pl\/?page_id=34","url":"https:\/\/pisg.wgsr.uw.edu.pl\/?page_id=34","name":"Przyjmowanie tekstu - Prace i Studia Geograficzne | Studies in Geography","isPartOf":{"@id":"https:\/\/pisg.wgsr.uw.edu.pl\/#website"},"datePublished":"2020-03-05T18:41:31+00:00","dateModified":"2024-03-12T14:22:01+00:00","description":"Oryginalny i niepublikowany tekst zapisany w formacie doc (docx) i pdf nale\u017cy przes\u0142a\u0107 na adres Redakcji: pisg.redakcja@uw.edu.pl.","breadcrumb":{"@id":"https:\/\/pisg.wgsr.uw.edu.pl\/?page_id=34#breadcrumb"},"inLanguage":"pl-PL","potentialAction":[{"@type":"ReadAction","target":["https:\/\/pisg.wgsr.uw.edu.pl\/?page_id=34"]}]},{"@type":"BreadcrumbList","@id":"https:\/\/pisg.wgsr.uw.edu.pl\/?page_id=34#breadcrumb","itemListElement":[{"@type":"ListItem","position":1,"name":"Strona g\u0142\u00f3wna","item":"https:\/\/pisg.wgsr.uw.edu.pl\/"},{"@type":"ListItem","position":2,"name":"Przyjmowanie tekstu"}]},{"@type":"WebSite","@id":"https:\/\/pisg.wgsr.uw.edu.pl\/#website","url":"https:\/\/pisg.wgsr.uw.edu.pl\/","name":"Prace i Studia Geograficzne | Studies in Geography","description":"Prace i Studia Geograficzne s\u0105 recenzowanym czasopismem wydawanym przez Wydzia\u0142 Geografii i Studi\u00f3w Regionalnych Uniwersytetu Warszawskiego","potentialAction":[{"@type":"SearchAction","target":{"@type":"EntryPoint","urlTemplate":"https:\/\/pisg.wgsr.uw.edu.pl\/?s={search_term_string}"},"query-input":{"@type":"PropertyValueSpecification","valueRequired":true,"valueName":"search_term_string"}}],"inLanguage":"pl-PL"}]}},"_links":{"self":[{"href":"https:\/\/pisg.wgsr.uw.edu.pl\/index.php?rest_route=\/wp\/v2\/pages\/34","targetHints":{"allow":["GET"]}}],"collection":[{"href":"https:\/\/pisg.wgsr.uw.edu.pl\/index.php?rest_route=\/wp\/v2\/pages"}],"about":[{"href":"https:\/\/pisg.wgsr.uw.edu.pl\/index.php?rest_route=\/wp\/v2\/types\/page"}],"author":[{"embeddable":true,"href":"https:\/\/pisg.wgsr.uw.edu.pl\/index.php?rest_route=\/wp\/v2\/users\/2"}],"replies":[{"embeddable":true,"href":"https:\/\/pisg.wgsr.uw.edu.pl\/index.php?rest_route=%2Fwp%2Fv2%2Fcomments&post=34"}],"version-history":[{"count":5,"href":"https:\/\/pisg.wgsr.uw.edu.pl\/index.php?rest_route=\/wp\/v2\/pages\/34\/revisions"}],"predecessor-version":[{"id":3069,"href":"https:\/\/pisg.wgsr.uw.edu.pl\/index.php?rest_route=\/wp\/v2\/pages\/34\/revisions\/3069"}],"wp:attachment":[{"href":"https:\/\/pisg.wgsr.uw.edu.pl\/index.php?rest_route=%2Fwp%2Fv2%2Fmedia&parent=34"}],"curies":[{"name":"wp","href":"https:\/\/api.w.org\/{rel}","templated":true}]}}