{"id":3477,"date":"2024-09-30T11:32:25","date_gmt":"2024-09-30T11:32:25","guid":{"rendered":"https:\/\/pisg.wgsr.uw.edu.pl\/?page_id=3477"},"modified":"2024-09-30T11:34:28","modified_gmt":"2024-09-30T11:34:28","slug":"volume-69-issue-3-edited-by-joanna-krukowska","status":"publish","type":"page","link":"https:\/\/pisg.wgsr.uw.edu.pl\/?page_id=3477&lang=en","title":{"rendered":"Volume 69, Issue 3 \u2013 Edited by Joanna Krukowska"},"content":{"rendered":"<p><a href=\"https:\/\/pisg.wgsr.uw.edu.pl\/wp-content\/uploads\/2024\/09\/PiSG_69.3-0-StronyTytuloweSpisTresci.pdf\">Title Pages and Table of Contents<\/a><\/p>\n<p><em>Articles and Studies<\/em><\/p>\n<p><strong>Krzysztof BARTOSZEK, Bogus\u0142aw M. KASZEWSKI, Krzysztof SIWEK<\/strong> <a href=\"https:\/\/sciendo.com\/pl\/article\/10.48128\/pisg-2024-69.3-01\">Zr\u00f3\u017cnicowanie warunk\u00f3w bioklimatycznych mi\u0119dzy centrum Lublina i obszarem podmiejskim w p\u00f3\u0142roczu letnim \/ Differences in bioclimatic conditions between the center of Lublin and the suburban area in the warm half of the year<\/a><\/p>\n<p><strong>Andrzej A. MARSZ, Anna STYSZY\u0143SKA<\/strong> <a href=\"https:\/\/sciendo.com\/pl\/article\/10.48128\/pisg-2024-69.3-02\">Atlantyk P\u00f3\u0142nocny a klimat Europy. Mechanizmy wp\u0142ywu. Cz\u0119\u015b\u0107 1 \/ The North Atlantic and the climate of Europe. Mechanisms of influence. Part 1<\/a><\/p>\n<p><strong>Mehdi BOUDJERIOU, Abdelhakim KEBICHE<\/strong> <a href=\"https:\/\/sciendo.com\/pl\/article\/10.48128\/pisg-2024-69.3-03\">The Arrival of the Tramway in Algeria: What Impacts on the City? Case Studies of the Oran and Constantine Tramways<\/a><\/p>\n<p><strong>Krzysztof SZPARA, Beata GIERCZAK-KORZENIOWSKA, Mateusz STOPA<\/strong> <a href=\"https:\/\/sciendo.com\/pl\/article\/10.48128\/pisg-2024-69.3-04\">Oferta turystyki kajakowej w wojew\u00f3dztwie podkarpackim. Stan rozwoju oraz ocena odwiedzaj\u0105cych \/ Kayak tourism offer in the Podkarpackie Province. State of development and assessment of visitors<\/a><\/p>\n<p><strong>Aleksandra WARDZY\u0143SKA<\/strong> <a href=\"https:\/\/sciendo.com\/pl\/article\/10.48128\/pisg-2024-69.3-05\">Ludzie, j\u0119zyk i przestrze\u0144 \u2013 co m\u00f3wi nam krajobraz multilingwistyczny Kuala Lumpur o mniejszo\u015bci chi\u0144skiej w Malezji \/ People, Language, and Space \u2013 What Does the Multilingual Landscape of Kuala Lumpur Tell Us About the Chinese Minority in Malaysia?<\/a><\/p>\n<p>&nbsp;<\/p>\n","protected":false},"excerpt":{"rendered":"<p>Title Pages and Table of Contents Articles and Studies Krzysztof BARTOSZEK, Bogus\u0142aw M. KASZEWSKI, Krzysztof SIWEK Zr\u00f3\u017cnicowanie warunk\u00f3w bioklimatycznych mi\u0119dzy centrum Lublina i obszarem podmiejskim w p\u00f3\u0142roczu letnim \/ Differences in bioclimatic conditions between the center of Lublin and the suburban area in the warm half of the year Andrzej A. MARSZ, Anna STYSZY\u0143SKA Atlantyk [&hellip;]<\/p>\n","protected":false},"author":3,"featured_media":0,"parent":856,"menu_order":0,"comment_status":"closed","ping_status":"closed","template":"","meta":{"_monsterinsights_skip_tracking":false,"_monsterinsights_sitenote_active":false,"_monsterinsights_sitenote_note":"","_monsterinsights_sitenote_category":0,"footnotes":""},"class_list":["post-3477","page","type-page","status-publish","hentry","post"],"yoast_head":"<!-- This site is optimized with the Yoast SEO plugin v27.4 - https:\/\/yoast.com\/product\/yoast-seo-wordpress\/ -->\n<title>Tom 69, zeszyt 2 \u2013 red. Marta Szczepa\u0144ska, Miko\u0142aj Madurowicz<\/title>\n<meta name=\"description\" content=\"Prace i Studia Geograficzne s\u0105 recenzowanym czasopismem wydawanym przez Wydzia\u0142 Geografii i Studi\u00f3w Regionalnych Uniwersytetu Warszawskiego.\" \/>\n<meta name=\"robots\" content=\"index, follow, max-snippet:-1, max-image-preview:large, max-video-preview:-1\" \/>\n<link rel=\"canonical\" href=\"https:\/\/pisg.wgsr.uw.edu.pl\/?page_id=3477&lang=en\" \/>\n<meta property=\"og:locale\" content=\"pl_PL\" \/>\n<meta property=\"og:type\" content=\"article\" \/>\n<meta property=\"og:title\" content=\"Tom 69, zeszyt 2 \u2013 red. Marta Szczepa\u0144ska, Miko\u0142aj Madurowicz\" \/>\n<meta property=\"og:description\" content=\"Prace i Studia Geograficzne s\u0105 recenzowanym czasopismem wydawanym przez Wydzia\u0142 Geografii i Studi\u00f3w Regionalnych Uniwersytetu Warszawskiego.\" \/>\n<meta property=\"og:url\" content=\"https:\/\/pisg.wgsr.uw.edu.pl\/?page_id=3477&amp;lang=en\" \/>\n<meta property=\"og:site_name\" content=\"Prace i Studia Geograficzne | Studies in Geography\" \/>\n<meta property=\"article:modified_time\" content=\"2024-09-30T11:34:28+00:00\" \/>\n<meta name=\"twitter:card\" content=\"summary_large_image\" \/>\n<meta name=\"twitter:label1\" content=\"Szacowany czas czytania\" \/>\n\t<meta name=\"twitter:data1\" content=\"2 minuty\" \/>\n<script type=\"application\/ld+json\" class=\"yoast-schema-graph\">{\"@context\":\"https:\\\/\\\/schema.org\",\"@graph\":[{\"@type\":\"WebPage\",\"@id\":\"https:\\\/\\\/pisg.wgsr.uw.edu.pl\\\/?page_id=3477&lang=en\",\"url\":\"https:\\\/\\\/pisg.wgsr.uw.edu.pl\\\/?page_id=3477&lang=en\",\"name\":\"Tom 69, zeszyt 2 \u2013 red. Marta Szczepa\u0144ska, Miko\u0142aj Madurowicz\",\"isPartOf\":{\"@id\":\"https:\\\/\\\/pisg.wgsr.uw.edu.pl\\\/#website\"},\"datePublished\":\"2024-09-30T11:32:25+00:00\",\"dateModified\":\"2024-09-30T11:34:28+00:00\",\"description\":\"Prace i Studia Geograficzne s\u0105 recenzowanym czasopismem wydawanym przez Wydzia\u0142 Geografii i Studi\u00f3w Regionalnych Uniwersytetu Warszawskiego.\",\"breadcrumb\":{\"@id\":\"https:\\\/\\\/pisg.wgsr.uw.edu.pl\\\/?page_id=3477&lang=en#breadcrumb\"},\"inLanguage\":\"pl-PL\",\"potentialAction\":[{\"@type\":\"ReadAction\",\"target\":[\"https:\\\/\\\/pisg.wgsr.uw.edu.pl\\\/?page_id=3477&lang=en\"]}]},{\"@type\":\"BreadcrumbList\",\"@id\":\"https:\\\/\\\/pisg.wgsr.uw.edu.pl\\\/?page_id=3477&lang=en#breadcrumb\",\"itemListElement\":[{\"@type\":\"ListItem\",\"position\":1,\"name\":\"Strona g\u0142\u00f3wna\",\"item\":\"https:\\\/\\\/pisg.wgsr.uw.edu.pl\\\/\"},{\"@type\":\"ListItem\",\"position\":2,\"name\":\"Issues\",\"item\":\"https:\\\/\\\/pisg.wgsr.uw.edu.pl\\\/?page_id=856&lang=en\"},{\"@type\":\"ListItem\",\"position\":3,\"name\":\"Volume 69, Issue 3 \u2013 Edited by Joanna Krukowska\"}]},{\"@type\":\"WebSite\",\"@id\":\"https:\\\/\\\/pisg.wgsr.uw.edu.pl\\\/#website\",\"url\":\"https:\\\/\\\/pisg.wgsr.uw.edu.pl\\\/\",\"name\":\"Prace i Studia Geograficzne | Studies in Geography\",\"description\":\"Prace i Studia Geograficzne s\u0105 recenzowanym czasopismem wydawanym przez Wydzia\u0142 Geografii i Studi\u00f3w Regionalnych Uniwersytetu Warszawskiego\",\"potentialAction\":[{\"@type\":\"SearchAction\",\"target\":{\"@type\":\"EntryPoint\",\"urlTemplate\":\"https:\\\/\\\/pisg.wgsr.uw.edu.pl\\\/?s={search_term_string}\"},\"query-input\":{\"@type\":\"PropertyValueSpecification\",\"valueRequired\":true,\"valueName\":\"search_term_string\"}}],\"inLanguage\":\"pl-PL\"}]}<\/script>\n<!-- \/ Yoast SEO plugin. -->","yoast_head_json":{"title":"Tom 69, zeszyt 2 \u2013 red. Marta Szczepa\u0144ska, Miko\u0142aj Madurowicz","description":"Prace i Studia Geograficzne s\u0105 recenzowanym czasopismem wydawanym przez Wydzia\u0142 Geografii i Studi\u00f3w Regionalnych Uniwersytetu Warszawskiego.","robots":{"index":"index","follow":"follow","max-snippet":"max-snippet:-1","max-image-preview":"max-image-preview:large","max-video-preview":"max-video-preview:-1"},"canonical":"https:\/\/pisg.wgsr.uw.edu.pl\/?page_id=3477&lang=en","og_locale":"pl_PL","og_type":"article","og_title":"Tom 69, zeszyt 2 \u2013 red. Marta Szczepa\u0144ska, Miko\u0142aj Madurowicz","og_description":"Prace i Studia Geograficzne s\u0105 recenzowanym czasopismem wydawanym przez Wydzia\u0142 Geografii i Studi\u00f3w Regionalnych Uniwersytetu Warszawskiego.","og_url":"https:\/\/pisg.wgsr.uw.edu.pl\/?page_id=3477&lang=en","og_site_name":"Prace i Studia Geograficzne | Studies in Geography","article_modified_time":"2024-09-30T11:34:28+00:00","twitter_card":"summary_large_image","twitter_misc":{"Szacowany czas czytania":"2 minuty"},"schema":{"@context":"https:\/\/schema.org","@graph":[{"@type":"WebPage","@id":"https:\/\/pisg.wgsr.uw.edu.pl\/?page_id=3477&lang=en","url":"https:\/\/pisg.wgsr.uw.edu.pl\/?page_id=3477&lang=en","name":"Tom 69, zeszyt 2 \u2013 red. Marta Szczepa\u0144ska, Miko\u0142aj Madurowicz","isPartOf":{"@id":"https:\/\/pisg.wgsr.uw.edu.pl\/#website"},"datePublished":"2024-09-30T11:32:25+00:00","dateModified":"2024-09-30T11:34:28+00:00","description":"Prace i Studia Geograficzne s\u0105 recenzowanym czasopismem wydawanym przez Wydzia\u0142 Geografii i Studi\u00f3w Regionalnych Uniwersytetu Warszawskiego.","breadcrumb":{"@id":"https:\/\/pisg.wgsr.uw.edu.pl\/?page_id=3477&lang=en#breadcrumb"},"inLanguage":"pl-PL","potentialAction":[{"@type":"ReadAction","target":["https:\/\/pisg.wgsr.uw.edu.pl\/?page_id=3477&lang=en"]}]},{"@type":"BreadcrumbList","@id":"https:\/\/pisg.wgsr.uw.edu.pl\/?page_id=3477&lang=en#breadcrumb","itemListElement":[{"@type":"ListItem","position":1,"name":"Strona g\u0142\u00f3wna","item":"https:\/\/pisg.wgsr.uw.edu.pl\/"},{"@type":"ListItem","position":2,"name":"Issues","item":"https:\/\/pisg.wgsr.uw.edu.pl\/?page_id=856&lang=en"},{"@type":"ListItem","position":3,"name":"Volume 69, Issue 3 \u2013 Edited by Joanna Krukowska"}]},{"@type":"WebSite","@id":"https:\/\/pisg.wgsr.uw.edu.pl\/#website","url":"https:\/\/pisg.wgsr.uw.edu.pl\/","name":"Prace i Studia Geograficzne | Studies in Geography","description":"Prace i Studia Geograficzne s\u0105 recenzowanym czasopismem wydawanym przez Wydzia\u0142 Geografii i Studi\u00f3w Regionalnych Uniwersytetu Warszawskiego","potentialAction":[{"@type":"SearchAction","target":{"@type":"EntryPoint","urlTemplate":"https:\/\/pisg.wgsr.uw.edu.pl\/?s={search_term_string}"},"query-input":{"@type":"PropertyValueSpecification","valueRequired":true,"valueName":"search_term_string"}}],"inLanguage":"pl-PL"}]}},"_links":{"self":[{"href":"https:\/\/pisg.wgsr.uw.edu.pl\/index.php?rest_route=\/wp\/v2\/pages\/3477","targetHints":{"allow":["GET"]}}],"collection":[{"href":"https:\/\/pisg.wgsr.uw.edu.pl\/index.php?rest_route=\/wp\/v2\/pages"}],"about":[{"href":"https:\/\/pisg.wgsr.uw.edu.pl\/index.php?rest_route=\/wp\/v2\/types\/page"}],"author":[{"embeddable":true,"href":"https:\/\/pisg.wgsr.uw.edu.pl\/index.php?rest_route=\/wp\/v2\/users\/3"}],"replies":[{"embeddable":true,"href":"https:\/\/pisg.wgsr.uw.edu.pl\/index.php?rest_route=%2Fwp%2Fv2%2Fcomments&post=3477"}],"version-history":[{"count":1,"href":"https:\/\/pisg.wgsr.uw.edu.pl\/index.php?rest_route=\/wp\/v2\/pages\/3477\/revisions"}],"predecessor-version":[{"id":3478,"href":"https:\/\/pisg.wgsr.uw.edu.pl\/index.php?rest_route=\/wp\/v2\/pages\/3477\/revisions\/3478"}],"up":[{"embeddable":true,"href":"https:\/\/pisg.wgsr.uw.edu.pl\/index.php?rest_route=\/wp\/v2\/pages\/856"}],"wp:attachment":[{"href":"https:\/\/pisg.wgsr.uw.edu.pl\/index.php?rest_route=%2Fwp%2Fv2%2Fmedia&parent=3477"}],"curies":[{"name":"wp","href":"https:\/\/api.w.org\/{rel}","templated":true}]}}