{"id":3505,"date":"2025-01-11T12:59:15","date_gmt":"2025-01-11T12:59:15","guid":{"rendered":"https:\/\/pisg.wgsr.uw.edu.pl\/?page_id=3505"},"modified":"2025-01-11T13:02:35","modified_gmt":"2025-01-11T13:02:35","slug":"volume-69-issue-4-edited-by-kamil-leziak","status":"publish","type":"page","link":"https:\/\/pisg.wgsr.uw.edu.pl\/?page_id=3505&lang=en","title":{"rendered":"Volume 69, Issue 4 \u2013 Edited by Kamil Leziak"},"content":{"rendered":"<p><a href=\"https:\/\/pisg.wgsr.uw.edu.pl\/wp-content\/uploads\/2025\/01\/pisg-2024-69.4-StronyTytuloweSpisTresci.pdf\">Title Pages and Table of Contents<\/a><\/p>\n<p><em>Articles and Studies<\/em><\/p>\n<p><strong>Andrzej A. MARSZ, Anna STYSZY\u0143SKA<\/strong> <a href=\"https:\/\/sciendo.com\/pl\/article\/10.48128\/pisg-2024-69.4-01\">Atlantyk P\u00f3\u0142nocny a klimat Europy. Mechanizmy wp\u0142ywu. Cz\u0119\u015b\u0107 2 \/ The North Atlantic and the climate of Europe. Mechanisms of influence. Part 2<\/a><\/p>\n<p><strong>Nikolaos TRIHAS, Katerina TZOULIADAKI <\/strong> <a href=\"https:\/\/sciendo.com\/pl\/article\/10.48128\/pisg-2024-69.4-02\">Prospects for the development of geotourism in Crete, Greece<\/a><\/p>\n<p><strong>Simonas \u0160ABANOVAS, Agn\u0117 SKILINSKAIT\u0116 <\/strong><a href=\"https:\/\/sciendo.com\/pl\/article\/10.48128\/pisg-2024-69.4-03\">Spatial and Temporal Analysis of Urban Crime Factors in Kaunas City, Lithuania<\/a><\/p>\n<p><strong>Magdalena FUHRMANN <\/strong><a href=\"https:\/\/sciendo.com\/pl\/article\/10.48128\/pisg-2024-69.4-04\">15-Minute City \u2013 From Concept to Practical Dimension. Complexity of Housing Estates:\u00a0A Proposal for a Measuring Tool<\/a><\/p>\n<p><strong>Iwona JA\u017bD\u017bEWSKA\u00a0<\/strong><a href=\"https:\/\/sciendo.com\/pl\/article\/10.48128\/pisg-2024-69.4-05\">Struktura i zasi\u0119g przestrzenny uczestnik\u00f3w konferencji \u201eGIS w nauce\u201d (2012\u20132023) w procesie integracji \u015brodowiska naukowego \/ Structure and spatial coverage of participants in the conference \u201cGIS in Science\u201d (2012\u20132023) in the process of integrating the scientific community<\/a><\/p>\n<p><em>Memories<\/em><\/p>\n<p><a href=\"https:\/\/sciendo.com\/pl\/article\/10.48128\/pisg-2024-69.4-06\">Dr hab. Andrzej Goc\u0142owski 7.10.1942\u201313.10.2024<\/a><\/p>\n","protected":false},"excerpt":{"rendered":"<p>Title Pages and Table of Contents Articles and Studies Andrzej A. MARSZ, Anna STYSZY\u0143SKA Atlantyk P\u00f3\u0142nocny a klimat Europy. Mechanizmy wp\u0142ywu. Cz\u0119\u015b\u0107 2 \/ The North Atlantic and the climate of Europe. Mechanisms of influence. Part 2 Nikolaos TRIHAS, Katerina TZOULIADAKI Prospects for the development of geotourism in Crete, Greece Simonas \u0160ABANOVAS, Agn\u0117 SKILINSKAIT\u0116 Spatial [&hellip;]<\/p>\n","protected":false},"author":3,"featured_media":0,"parent":0,"menu_order":0,"comment_status":"closed","ping_status":"closed","template":"","meta":{"_monsterinsights_skip_tracking":false,"_monsterinsights_sitenote_active":false,"_monsterinsights_sitenote_note":"","_monsterinsights_sitenote_category":0,"footnotes":""},"class_list":["post-3505","page","type-page","status-publish","hentry","post"],"yoast_head":"<!-- This site is optimized with the Yoast SEO plugin v27.6 - https:\/\/yoast.com\/product\/yoast-seo-wordpress\/ -->\n<title>Tom 69, zeszyt 4 \u2013 red. Kamil Leziak<\/title>\n<meta name=\"description\" content=\"Prace i Studia Geograficzne s\u0105 recenzowanym czasopismem wydawanym przez Wydzia\u0142 Geografii i Studi\u00f3w Regionalnych Uniwersytetu Warszawskiego.\" \/>\n<meta name=\"robots\" content=\"index, follow, max-snippet:-1, max-image-preview:large, max-video-preview:-1\" \/>\n<link rel=\"canonical\" href=\"https:\/\/pisg.wgsr.uw.edu.pl\/?page_id=3505&lang=en\" \/>\n<meta property=\"og:locale\" content=\"pl_PL\" \/>\n<meta property=\"og:type\" content=\"article\" \/>\n<meta property=\"og:title\" content=\"Tom 69, zeszyt 4 \u2013 red. Kamil Leziak\" \/>\n<meta property=\"og:description\" content=\"Prace i Studia Geograficzne s\u0105 recenzowanym czasopismem wydawanym przez Wydzia\u0142 Geografii i Studi\u00f3w Regionalnych Uniwersytetu Warszawskiego.\" \/>\n<meta property=\"og:url\" content=\"https:\/\/pisg.wgsr.uw.edu.pl\/?page_id=3505&amp;lang=en\" \/>\n<meta property=\"og:site_name\" content=\"Prace i Studia Geograficzne | Studies in Geography\" \/>\n<meta property=\"article:modified_time\" content=\"2025-01-11T13:02:35+00:00\" \/>\n<meta name=\"twitter:card\" content=\"summary_large_image\" \/>\n<meta name=\"twitter:label1\" content=\"Szacowany czas czytania\" \/>\n\t<meta name=\"twitter:data1\" content=\"1 minuta\" \/>\n<script type=\"application\/ld+json\" class=\"yoast-schema-graph\">{\"@context\":\"https:\\\/\\\/schema.org\",\"@graph\":[{\"@type\":\"WebPage\",\"@id\":\"https:\\\/\\\/pisg.wgsr.uw.edu.pl\\\/?page_id=3505&lang=en\",\"url\":\"https:\\\/\\\/pisg.wgsr.uw.edu.pl\\\/?page_id=3505&lang=en\",\"name\":\"Tom 69, zeszyt 4 \u2013 red. Kamil Leziak\",\"isPartOf\":{\"@id\":\"https:\\\/\\\/pisg.wgsr.uw.edu.pl\\\/#website\"},\"datePublished\":\"2025-01-11T12:59:15+00:00\",\"dateModified\":\"2025-01-11T13:02:35+00:00\",\"description\":\"Prace i Studia Geograficzne s\u0105 recenzowanym czasopismem wydawanym przez Wydzia\u0142 Geografii i Studi\u00f3w Regionalnych Uniwersytetu Warszawskiego.\",\"breadcrumb\":{\"@id\":\"https:\\\/\\\/pisg.wgsr.uw.edu.pl\\\/?page_id=3505&lang=en#breadcrumb\"},\"inLanguage\":\"pl-PL\",\"potentialAction\":[{\"@type\":\"ReadAction\",\"target\":[\"https:\\\/\\\/pisg.wgsr.uw.edu.pl\\\/?page_id=3505&lang=en\"]}]},{\"@type\":\"BreadcrumbList\",\"@id\":\"https:\\\/\\\/pisg.wgsr.uw.edu.pl\\\/?page_id=3505&lang=en#breadcrumb\",\"itemListElement\":[{\"@type\":\"ListItem\",\"position\":1,\"name\":\"Strona g\u0142\u00f3wna\",\"item\":\"https:\\\/\\\/pisg.wgsr.uw.edu.pl\\\/\"},{\"@type\":\"ListItem\",\"position\":2,\"name\":\"Volume 69, Issue 4 \u2013 Edited by Kamil Leziak\"}]},{\"@type\":\"WebSite\",\"@id\":\"https:\\\/\\\/pisg.wgsr.uw.edu.pl\\\/#website\",\"url\":\"https:\\\/\\\/pisg.wgsr.uw.edu.pl\\\/\",\"name\":\"Prace i Studia Geograficzne | Studies in Geography\",\"description\":\"Prace i Studia Geograficzne s\u0105 recenzowanym czasopismem wydawanym przez Wydzia\u0142 Geografii i Studi\u00f3w Regionalnych Uniwersytetu Warszawskiego\",\"potentialAction\":[{\"@type\":\"SearchAction\",\"target\":{\"@type\":\"EntryPoint\",\"urlTemplate\":\"https:\\\/\\\/pisg.wgsr.uw.edu.pl\\\/?s={search_term_string}\"},\"query-input\":{\"@type\":\"PropertyValueSpecification\",\"valueRequired\":true,\"valueName\":\"search_term_string\"}}],\"inLanguage\":\"pl-PL\"}]}<\/script>\n<!-- \/ Yoast SEO plugin. -->","yoast_head_json":{"title":"Tom 69, zeszyt 4 \u2013 red. Kamil Leziak","description":"Prace i Studia Geograficzne s\u0105 recenzowanym czasopismem wydawanym przez Wydzia\u0142 Geografii i Studi\u00f3w Regionalnych Uniwersytetu Warszawskiego.","robots":{"index":"index","follow":"follow","max-snippet":"max-snippet:-1","max-image-preview":"max-image-preview:large","max-video-preview":"max-video-preview:-1"},"canonical":"https:\/\/pisg.wgsr.uw.edu.pl\/?page_id=3505&lang=en","og_locale":"pl_PL","og_type":"article","og_title":"Tom 69, zeszyt 4 \u2013 red. Kamil Leziak","og_description":"Prace i Studia Geograficzne s\u0105 recenzowanym czasopismem wydawanym przez Wydzia\u0142 Geografii i Studi\u00f3w Regionalnych Uniwersytetu Warszawskiego.","og_url":"https:\/\/pisg.wgsr.uw.edu.pl\/?page_id=3505&lang=en","og_site_name":"Prace i Studia Geograficzne | Studies in Geography","article_modified_time":"2025-01-11T13:02:35+00:00","twitter_card":"summary_large_image","twitter_misc":{"Szacowany czas czytania":"1 minuta"},"schema":{"@context":"https:\/\/schema.org","@graph":[{"@type":"WebPage","@id":"https:\/\/pisg.wgsr.uw.edu.pl\/?page_id=3505&lang=en","url":"https:\/\/pisg.wgsr.uw.edu.pl\/?page_id=3505&lang=en","name":"Tom 69, zeszyt 4 \u2013 red. Kamil Leziak","isPartOf":{"@id":"https:\/\/pisg.wgsr.uw.edu.pl\/#website"},"datePublished":"2025-01-11T12:59:15+00:00","dateModified":"2025-01-11T13:02:35+00:00","description":"Prace i Studia Geograficzne s\u0105 recenzowanym czasopismem wydawanym przez Wydzia\u0142 Geografii i Studi\u00f3w Regionalnych Uniwersytetu Warszawskiego.","breadcrumb":{"@id":"https:\/\/pisg.wgsr.uw.edu.pl\/?page_id=3505&lang=en#breadcrumb"},"inLanguage":"pl-PL","potentialAction":[{"@type":"ReadAction","target":["https:\/\/pisg.wgsr.uw.edu.pl\/?page_id=3505&lang=en"]}]},{"@type":"BreadcrumbList","@id":"https:\/\/pisg.wgsr.uw.edu.pl\/?page_id=3505&lang=en#breadcrumb","itemListElement":[{"@type":"ListItem","position":1,"name":"Strona g\u0142\u00f3wna","item":"https:\/\/pisg.wgsr.uw.edu.pl\/"},{"@type":"ListItem","position":2,"name":"Volume 69, Issue 4 \u2013 Edited by Kamil Leziak"}]},{"@type":"WebSite","@id":"https:\/\/pisg.wgsr.uw.edu.pl\/#website","url":"https:\/\/pisg.wgsr.uw.edu.pl\/","name":"Prace i Studia Geograficzne | Studies in Geography","description":"Prace i Studia Geograficzne s\u0105 recenzowanym czasopismem wydawanym przez Wydzia\u0142 Geografii i Studi\u00f3w Regionalnych Uniwersytetu Warszawskiego","potentialAction":[{"@type":"SearchAction","target":{"@type":"EntryPoint","urlTemplate":"https:\/\/pisg.wgsr.uw.edu.pl\/?s={search_term_string}"},"query-input":{"@type":"PropertyValueSpecification","valueRequired":true,"valueName":"search_term_string"}}],"inLanguage":"pl-PL"}]}},"_links":{"self":[{"href":"https:\/\/pisg.wgsr.uw.edu.pl\/index.php?rest_route=\/wp\/v2\/pages\/3505","targetHints":{"allow":["GET"]}}],"collection":[{"href":"https:\/\/pisg.wgsr.uw.edu.pl\/index.php?rest_route=\/wp\/v2\/pages"}],"about":[{"href":"https:\/\/pisg.wgsr.uw.edu.pl\/index.php?rest_route=\/wp\/v2\/types\/page"}],"author":[{"embeddable":true,"href":"https:\/\/pisg.wgsr.uw.edu.pl\/index.php?rest_route=\/wp\/v2\/users\/3"}],"replies":[{"embeddable":true,"href":"https:\/\/pisg.wgsr.uw.edu.pl\/index.php?rest_route=%2Fwp%2Fv2%2Fcomments&post=3505"}],"version-history":[{"count":1,"href":"https:\/\/pisg.wgsr.uw.edu.pl\/index.php?rest_route=\/wp\/v2\/pages\/3505\/revisions"}],"predecessor-version":[{"id":3506,"href":"https:\/\/pisg.wgsr.uw.edu.pl\/index.php?rest_route=\/wp\/v2\/pages\/3505\/revisions\/3506"}],"wp:attachment":[{"href":"https:\/\/pisg.wgsr.uw.edu.pl\/index.php?rest_route=%2Fwp%2Fv2%2Fmedia&parent=3505"}],"curies":[{"name":"wp","href":"https:\/\/api.w.org\/{rel}","templated":true}]}}