{"id":3517,"date":"2025-04-29T17:59:49","date_gmt":"2025-04-29T17:59:49","guid":{"rendered":"https:\/\/pisg.wgsr.uw.edu.pl\/?page_id=3517"},"modified":"2025-04-29T18:09:03","modified_gmt":"2025-04-29T18:09:03","slug":"tom-70-zeszyt-1-volume-70-issue-1-red-malgorzata-durydiwka","status":"publish","type":"page","link":"https:\/\/pisg.wgsr.uw.edu.pl\/?page_id=3517","title":{"rendered":"Tom 70, zeszyt 1 [Volume 70, Issue 1] \u2013 red. Ma\u0142gorzata Durydiwka"},"content":{"rendered":"<p><a href=\"https:\/\/pisg.wgsr.uw.edu.pl\/wp-content\/uploads\/2025\/04\/PiSG-2025-70.1-StronyTytuloweSpisTresci.pdf\">Strony tytu\u0142owe i spis tre\u015bci<\/a><\/p>\n<p><em>Artyku\u0142y i studia<\/em><\/p>\n<p><strong>Agnieszka KIJAK-MANTAS<\/strong> <a href=\"https:\/\/sciendo.com\/pl\/article\/10.48128\/pisg-2025-70.1-01\"><em>Nomina appelativa<\/em> i ich statystyka w nazwach lubelskich przystank\u00f3w komunikacji miejskiej\u00a0\/ <em>Nomina Appelativa <\/em>and Their Statistics in the Names of Lublin Transport Stops<\/a><\/p>\n<p><strong>Aneta PAW\u0141OWSKA-LEGWAND<\/strong> <a href=\"https:\/\/sciendo.com\/pl\/article\/10.48128\/pisg-2025-70.1-02\">Dlaczego przestajemy wierzy\u0107 influencerom? Wiarygodno\u015b\u0107 i zaufanie do tre\u015bci z medi\u00f3w spo\u0142eczno\u015bciowych w korzystaniu z informacji przed podr\u00f3\u017c\u0105 turystyczn\u0105 \/ Why do we stop trusting influencers? The credibility and trustworthiness of social media content as a source of information before a tourist travel<\/a><\/p>\n<p><strong>Malwina BALCERAK, Bartosz ST\u0118PI\u0143SKI<\/strong> <a href=\"https:\/\/sciendo.com\/pl\/article\/10.48128\/pisg-2025-70.1-03\">Murale jako wyraz warto\u015bci lokalnych: spo\u0142eczny odbi\u00f3r lokalnie zakorzenionych murali w publicznej przestrzeni miejskiej \/ Murals as an expression of local values: public perception of locally embedded murals in urban public space<\/a><\/p>\n<p><strong>Damian WERCZY\u0143SKI<\/strong> <a href=\"https:\/\/sciendo.com\/pl\/article\/10.48128\/pisg-2025-70.1-04\">Archeologia publiczna i turystyka archeologiczna w skali lokalnej: mo\u017cliwo\u015bci wykorzystania stanowisk archeologicznych na dolno\u015bl\u0105skim odcinku szlaku kajakowego \u201eDolin\u0105 Baryczy\u201d dla poszerzenia oferty turystycznej \/ Public archaeology and archaeological tourism at the local level: opportunities for utilizing archaeological sites along the Lower Silesian section of the \u201cBarycz Valley\u201d kayaking route to enhance the tourism offering<\/a><\/p>\n<p><strong>Van Canh TRUONG, Viet Van Minh PHAM, Thi Kim Loan DUONG, Thi Ngoc Han TUONG, My Dung LE<\/strong> <a href=\"https:\/\/sciendo.com\/pl\/article\/10.48128\/pisg-2025-70.1-05\">Assessing the Livelihood Vulnerability of Residents in Coastal Fishing Villages of Da Nang City in Viet Nam Under the Impact of Climate Change: Case Study in Man Thai and Nam O<\/a><\/p>\n<p>&nbsp;<\/p>\n","protected":false},"excerpt":{"rendered":"<p>Strony tytu\u0142owe i spis tre\u015bci Artyku\u0142y i studia Agnieszka KIJAK-MANTAS Nomina appelativa i ich statystyka w nazwach lubelskich przystank\u00f3w komunikacji miejskiej\u00a0\/ Nomina Appelativa and Their Statistics in the Names of Lublin Transport Stops Aneta PAW\u0141OWSKA-LEGWAND Dlaczego przestajemy wierzy\u0107 influencerom? Wiarygodno\u015b\u0107 i zaufanie do tre\u015bci z medi\u00f3w spo\u0142eczno\u015bciowych w korzystaniu z informacji przed podr\u00f3\u017c\u0105 turystyczn\u0105 \/ [&hellip;]<\/p>\n","protected":false},"author":3,"featured_media":0,"parent":97,"menu_order":0,"comment_status":"closed","ping_status":"closed","template":"","meta":{"_monsterinsights_skip_tracking":false,"_monsterinsights_sitenote_active":false,"_monsterinsights_sitenote_note":"","_monsterinsights_sitenote_category":0,"footnotes":""},"class_list":["post-3517","page","type-page","status-publish","hentry","post"],"yoast_head":"<!-- This site is optimized with the Yoast SEO plugin v27.5 - https:\/\/yoast.com\/product\/yoast-seo-wordpress\/ -->\n<title>Tom 70, zeszyt 1 \u2013 red. Ma\u0142gorzata Durydiwka<\/title>\n<meta name=\"description\" content=\"Prace i Studia Geograficzne s\u0105 recenzowanym czasopismem wydawanym przez Wydzia\u0142 Geografii i Studi\u00f3w Regionalnych Uniwersytetu Warszawskiego.\" \/>\n<meta name=\"robots\" content=\"index, follow, max-snippet:-1, max-image-preview:large, max-video-preview:-1\" \/>\n<link rel=\"canonical\" href=\"https:\/\/pisg.wgsr.uw.edu.pl\/?page_id=3517\" \/>\n<meta property=\"og:locale\" content=\"pl_PL\" \/>\n<meta property=\"og:type\" content=\"article\" \/>\n<meta property=\"og:title\" content=\"Tom 70, zeszyt 1 \u2013 red. Ma\u0142gorzata Durydiwka\" \/>\n<meta property=\"og:description\" content=\"Prace i Studia Geograficzne s\u0105 recenzowanym czasopismem wydawanym przez Wydzia\u0142 Geografii i Studi\u00f3w Regionalnych Uniwersytetu Warszawskiego.\" \/>\n<meta property=\"og:url\" content=\"https:\/\/pisg.wgsr.uw.edu.pl\/?page_id=3517\" \/>\n<meta property=\"og:site_name\" content=\"Prace i Studia Geograficzne | Studies in Geography\" \/>\n<meta property=\"article:modified_time\" content=\"2025-04-29T18:09:03+00:00\" \/>\n<meta name=\"twitter:card\" content=\"summary_large_image\" \/>\n<meta name=\"twitter:label1\" content=\"Szacowany czas czytania\" \/>\n\t<meta name=\"twitter:data1\" content=\"2 minuty\" \/>\n<script type=\"application\/ld+json\" class=\"yoast-schema-graph\">{\"@context\":\"https:\\\/\\\/schema.org\",\"@graph\":[{\"@type\":\"WebPage\",\"@id\":\"https:\\\/\\\/pisg.wgsr.uw.edu.pl\\\/?page_id=3517\",\"url\":\"https:\\\/\\\/pisg.wgsr.uw.edu.pl\\\/?page_id=3517\",\"name\":\"Tom 70, zeszyt 1 \u2013 red. Ma\u0142gorzata Durydiwka\",\"isPartOf\":{\"@id\":\"https:\\\/\\\/pisg.wgsr.uw.edu.pl\\\/#website\"},\"datePublished\":\"2025-04-29T17:59:49+00:00\",\"dateModified\":\"2025-04-29T18:09:03+00:00\",\"description\":\"Prace i Studia Geograficzne s\u0105 recenzowanym czasopismem wydawanym przez Wydzia\u0142 Geografii i Studi\u00f3w Regionalnych Uniwersytetu Warszawskiego.\",\"breadcrumb\":{\"@id\":\"https:\\\/\\\/pisg.wgsr.uw.edu.pl\\\/?page_id=3517#breadcrumb\"},\"inLanguage\":\"pl-PL\",\"potentialAction\":[{\"@type\":\"ReadAction\",\"target\":[\"https:\\\/\\\/pisg.wgsr.uw.edu.pl\\\/?page_id=3517\"]}]},{\"@type\":\"BreadcrumbList\",\"@id\":\"https:\\\/\\\/pisg.wgsr.uw.edu.pl\\\/?page_id=3517#breadcrumb\",\"itemListElement\":[{\"@type\":\"ListItem\",\"position\":1,\"name\":\"Strona g\u0142\u00f3wna\",\"item\":\"https:\\\/\\\/pisg.wgsr.uw.edu.pl\\\/\"},{\"@type\":\"ListItem\",\"position\":2,\"name\":\"Tomy\",\"item\":\"https:\\\/\\\/pisg.wgsr.uw.edu.pl\\\/?page_id=97\"},{\"@type\":\"ListItem\",\"position\":3,\"name\":\"Tom 70, zeszyt 1 [Volume 70, Issue 1] \u2013 red. Ma\u0142gorzata Durydiwka\"}]},{\"@type\":\"WebSite\",\"@id\":\"https:\\\/\\\/pisg.wgsr.uw.edu.pl\\\/#website\",\"url\":\"https:\\\/\\\/pisg.wgsr.uw.edu.pl\\\/\",\"name\":\"Prace i Studia Geograficzne | Studies in Geography\",\"description\":\"Prace i Studia Geograficzne s\u0105 recenzowanym czasopismem wydawanym przez Wydzia\u0142 Geografii i Studi\u00f3w Regionalnych Uniwersytetu Warszawskiego\",\"potentialAction\":[{\"@type\":\"SearchAction\",\"target\":{\"@type\":\"EntryPoint\",\"urlTemplate\":\"https:\\\/\\\/pisg.wgsr.uw.edu.pl\\\/?s={search_term_string}\"},\"query-input\":{\"@type\":\"PropertyValueSpecification\",\"valueRequired\":true,\"valueName\":\"search_term_string\"}}],\"inLanguage\":\"pl-PL\"}]}<\/script>\n<!-- \/ Yoast SEO plugin. -->","yoast_head_json":{"title":"Tom 70, zeszyt 1 \u2013 red. Ma\u0142gorzata Durydiwka","description":"Prace i Studia Geograficzne s\u0105 recenzowanym czasopismem wydawanym przez Wydzia\u0142 Geografii i Studi\u00f3w Regionalnych Uniwersytetu Warszawskiego.","robots":{"index":"index","follow":"follow","max-snippet":"max-snippet:-1","max-image-preview":"max-image-preview:large","max-video-preview":"max-video-preview:-1"},"canonical":"https:\/\/pisg.wgsr.uw.edu.pl\/?page_id=3517","og_locale":"pl_PL","og_type":"article","og_title":"Tom 70, zeszyt 1 \u2013 red. Ma\u0142gorzata Durydiwka","og_description":"Prace i Studia Geograficzne s\u0105 recenzowanym czasopismem wydawanym przez Wydzia\u0142 Geografii i Studi\u00f3w Regionalnych Uniwersytetu Warszawskiego.","og_url":"https:\/\/pisg.wgsr.uw.edu.pl\/?page_id=3517","og_site_name":"Prace i Studia Geograficzne | Studies in Geography","article_modified_time":"2025-04-29T18:09:03+00:00","twitter_card":"summary_large_image","twitter_misc":{"Szacowany czas czytania":"2 minuty"},"schema":{"@context":"https:\/\/schema.org","@graph":[{"@type":"WebPage","@id":"https:\/\/pisg.wgsr.uw.edu.pl\/?page_id=3517","url":"https:\/\/pisg.wgsr.uw.edu.pl\/?page_id=3517","name":"Tom 70, zeszyt 1 \u2013 red. Ma\u0142gorzata Durydiwka","isPartOf":{"@id":"https:\/\/pisg.wgsr.uw.edu.pl\/#website"},"datePublished":"2025-04-29T17:59:49+00:00","dateModified":"2025-04-29T18:09:03+00:00","description":"Prace i Studia Geograficzne s\u0105 recenzowanym czasopismem wydawanym przez Wydzia\u0142 Geografii i Studi\u00f3w Regionalnych Uniwersytetu Warszawskiego.","breadcrumb":{"@id":"https:\/\/pisg.wgsr.uw.edu.pl\/?page_id=3517#breadcrumb"},"inLanguage":"pl-PL","potentialAction":[{"@type":"ReadAction","target":["https:\/\/pisg.wgsr.uw.edu.pl\/?page_id=3517"]}]},{"@type":"BreadcrumbList","@id":"https:\/\/pisg.wgsr.uw.edu.pl\/?page_id=3517#breadcrumb","itemListElement":[{"@type":"ListItem","position":1,"name":"Strona g\u0142\u00f3wna","item":"https:\/\/pisg.wgsr.uw.edu.pl\/"},{"@type":"ListItem","position":2,"name":"Tomy","item":"https:\/\/pisg.wgsr.uw.edu.pl\/?page_id=97"},{"@type":"ListItem","position":3,"name":"Tom 70, zeszyt 1 [Volume 70, Issue 1] \u2013 red. Ma\u0142gorzata Durydiwka"}]},{"@type":"WebSite","@id":"https:\/\/pisg.wgsr.uw.edu.pl\/#website","url":"https:\/\/pisg.wgsr.uw.edu.pl\/","name":"Prace i Studia Geograficzne | Studies in Geography","description":"Prace i Studia Geograficzne s\u0105 recenzowanym czasopismem wydawanym przez Wydzia\u0142 Geografii i Studi\u00f3w Regionalnych Uniwersytetu Warszawskiego","potentialAction":[{"@type":"SearchAction","target":{"@type":"EntryPoint","urlTemplate":"https:\/\/pisg.wgsr.uw.edu.pl\/?s={search_term_string}"},"query-input":{"@type":"PropertyValueSpecification","valueRequired":true,"valueName":"search_term_string"}}],"inLanguage":"pl-PL"}]}},"_links":{"self":[{"href":"https:\/\/pisg.wgsr.uw.edu.pl\/index.php?rest_route=\/wp\/v2\/pages\/3517","targetHints":{"allow":["GET"]}}],"collection":[{"href":"https:\/\/pisg.wgsr.uw.edu.pl\/index.php?rest_route=\/wp\/v2\/pages"}],"about":[{"href":"https:\/\/pisg.wgsr.uw.edu.pl\/index.php?rest_route=\/wp\/v2\/types\/page"}],"author":[{"embeddable":true,"href":"https:\/\/pisg.wgsr.uw.edu.pl\/index.php?rest_route=\/wp\/v2\/users\/3"}],"replies":[{"embeddable":true,"href":"https:\/\/pisg.wgsr.uw.edu.pl\/index.php?rest_route=%2Fwp%2Fv2%2Fcomments&post=3517"}],"version-history":[{"count":2,"href":"https:\/\/pisg.wgsr.uw.edu.pl\/index.php?rest_route=\/wp\/v2\/pages\/3517\/revisions"}],"predecessor-version":[{"id":3520,"href":"https:\/\/pisg.wgsr.uw.edu.pl\/index.php?rest_route=\/wp\/v2\/pages\/3517\/revisions\/3520"}],"up":[{"embeddable":true,"href":"https:\/\/pisg.wgsr.uw.edu.pl\/index.php?rest_route=\/wp\/v2\/pages\/97"}],"wp:attachment":[{"href":"https:\/\/pisg.wgsr.uw.edu.pl\/index.php?rest_route=%2Fwp%2Fv2%2Fmedia&parent=3517"}],"curies":[{"name":"wp","href":"https:\/\/api.w.org\/{rel}","templated":true}]}}