{"id":3536,"date":"2025-06-27T10:00:13","date_gmt":"2025-06-27T10:00:13","guid":{"rendered":"https:\/\/pisg.wgsr.uw.edu.pl\/?page_id=3536"},"modified":"2025-06-27T12:14:07","modified_gmt":"2025-06-27T12:14:07","slug":"tom-70-zeszyt-2-volume-70-issue-2-red-aleksandra-korpysz-wisniewska","status":"publish","type":"page","link":"https:\/\/pisg.wgsr.uw.edu.pl\/?page_id=3536","title":{"rendered":"Tom 70, zeszyt 2 [Volume 70, Issue 2] \u2013 red. Aleksandra Korpysz-Wi\u015bniewska"},"content":{"rendered":"<p><a href=\"https:\/\/pisg.wgsr.uw.edu.pl\/wp-content\/uploads\/2025\/06\/PiSG_70.2-StronyTytuloweSpisTresci.pdf\">Strony tytu\u0142owe i spis tre\u015bci<\/a><\/p>\n<p><em>Artyku\u0142y i studia<\/em><\/p>\n<p><strong>Krzysztof BARTOSZEK, Bogus\u0142aw M. KASZEWSKI, Krzysztof SIWEK, Pawlo SHUBER <\/strong><a href=\"https:\/\/sciendo.com\/pl\/article\/10.48128\/pisg-2025-70.2-01\">Warunki termiczne we Lwowie (1951\u20132023) \/ Thermal conditions in Lviv (1951\u20132023)<\/a><\/p>\n<p><strong>Micha\u0142 FEDORCZYK <\/strong><a href=\"https:\/\/sciendo.com\/pl\/article\/10.48128\/pisg-2025-70.2-02\">Wp\u0142yw kompozycji i konfiguracji krajobrazu na parametry fizyczno-chemiczne w\u00f3d powierzchniowych \u2013 przegl\u0105d najnowszych bada\u0144 \/ The influence of landscape composition and configuration on physicochemical parameters of surface water \u2013 a review of the latest research<\/a><\/p>\n<p><strong>Sylwia STASZEWSKA <\/strong><a href=\"https:\/\/sciendo.com\/pl\/article\/10.48128\/pisg-2025-70.2-03\">Historyczne i wsp\u00f3\u0142czesne modele miast \u2013 struktura i r\u00f3\u017cnice funkcjonalne \/ Historical and Contemporary City Models: Structure and Functional Differences<\/a><\/p>\n<p><strong>Jakub Aleksander SANOJCA, Antoni SEMMLER, Kacper BRZYKCY <\/strong><a href=\"https:\/\/sciendo.com\/pl\/article\/10.48128\/pisg-2025-70.2-04\">Przestrzenne formy pami\u0119ci o konflikcie w Irlandii P\u00f3\u0142nocnej \u2013 przyk\u0142ad Belfastu \/ Unified or Northern Ireland? \u2013 spatial image of unification and unionist tendencies in Belfast<\/a><\/p>\n<p><strong>Armin MIKOS VON ROHRSCHEIDT<\/strong> <a href=\"https:\/\/sciendo.com\/pl\/article\/10.48128\/pisg-2025-70.2-05\">Zwarto\u015b\u0107 szlaku kulturowego jako determinanta jego sukcesu jako tematycznej oferty turystycznej \/ The compactness of the cultural route as a determinant of its success as a thematic tourist offer<\/a><\/p>\n<p><strong>Radim DOL\u00c1K, Patrik KAJZAR, Pavl\u00edna PELLE\u0160OV\u00c1 <\/strong><a href=\"https:\/\/sciendo.com\/pl\/article\/10.48128\/pisg-2025-70.2-06\">Commercial Online Hotel Reservation Services: Functional Distinctions and Opportunities for Direct Booking Optimization<\/a><\/p>\n<p>&nbsp;<\/p>\n<p><img loading=\"lazy\" decoding=\"async\" class=\"alignleft\" src=\"https:\/\/www.gov.pl\/attachment\/2c1b705b-359f-41bd-80cd-1a1086fa3fc7\" alt=\"Inicjatywa doskona\u0142o\u015bci \u2013 uczelnia badawcza - Ministerstwo ...\" width=\"147\" height=\"153\" \/><\/p>\n<p>&nbsp;<\/p>\n<p>Czasopismo otrzyma\u0142o dofinansowanie w ramach programu <em>Inicjatywa Doskona\u0142o\u015bci \u2013 Uczelnia Badawcza<\/em>.<\/p>\n","protected":false},"excerpt":{"rendered":"<p>Strony tytu\u0142owe i spis tre\u015bci Artyku\u0142y i studia Krzysztof BARTOSZEK, Bogus\u0142aw M. KASZEWSKI, Krzysztof SIWEK, Pawlo SHUBER Warunki termiczne we Lwowie (1951\u20132023) \/ Thermal conditions in Lviv (1951\u20132023) Micha\u0142 FEDORCZYK Wp\u0142yw kompozycji i konfiguracji krajobrazu na parametry fizyczno-chemiczne w\u00f3d powierzchniowych \u2013 przegl\u0105d najnowszych bada\u0144 \/ The influence of landscape composition and configuration on physicochemical parameters [&hellip;]<\/p>\n","protected":false},"author":3,"featured_media":0,"parent":97,"menu_order":0,"comment_status":"closed","ping_status":"closed","template":"","meta":{"_monsterinsights_skip_tracking":false,"_monsterinsights_sitenote_active":false,"_monsterinsights_sitenote_note":"","_monsterinsights_sitenote_category":0,"footnotes":""},"class_list":["post-3536","page","type-page","status-publish","hentry","post"],"yoast_head":"<!-- This site is optimized with the Yoast SEO plugin v27.5 - https:\/\/yoast.com\/product\/yoast-seo-wordpress\/ -->\n<title>Tom 70, zeszyt 2 \u2013 red. Aleksandra Korpysz-Wi\u015bniewska<\/title>\n<meta name=\"description\" content=\"Prace i Studia Geograficzne s\u0105 recenzowanym czasopismem wydawanym przez Wydzia\u0142 Geografii i Studi\u00f3w Regionalnych Uniwersytetu Warszawskiego.\" \/>\n<meta name=\"robots\" content=\"index, follow, max-snippet:-1, max-image-preview:large, max-video-preview:-1\" \/>\n<link rel=\"canonical\" href=\"https:\/\/pisg.wgsr.uw.edu.pl\/?page_id=3536\" \/>\n<meta property=\"og:locale\" content=\"pl_PL\" \/>\n<meta property=\"og:type\" content=\"article\" \/>\n<meta property=\"og:title\" content=\"Tom 70, zeszyt 2 \u2013 red. Aleksandra Korpysz-Wi\u015bniewska\" \/>\n<meta property=\"og:description\" content=\"Prace i Studia Geograficzne s\u0105 recenzowanym czasopismem wydawanym przez Wydzia\u0142 Geografii i Studi\u00f3w Regionalnych Uniwersytetu Warszawskiego.\" \/>\n<meta property=\"og:url\" content=\"https:\/\/pisg.wgsr.uw.edu.pl\/?page_id=3536\" \/>\n<meta property=\"og:site_name\" content=\"Prace i Studia Geograficzne | Studies in Geography\" \/>\n<meta property=\"article:modified_time\" content=\"2025-06-27T12:14:07+00:00\" \/>\n<meta property=\"og:image\" content=\"https:\/\/www.gov.pl\/attachment\/2c1b705b-359f-41bd-80cd-1a1086fa3fc7\" \/>\n<meta name=\"twitter:card\" content=\"summary_large_image\" \/>\n<meta name=\"twitter:label1\" content=\"Szacowany czas czytania\" \/>\n\t<meta name=\"twitter:data1\" content=\"2 minuty\" \/>\n<script type=\"application\/ld+json\" class=\"yoast-schema-graph\">{\"@context\":\"https:\\\/\\\/schema.org\",\"@graph\":[{\"@type\":\"WebPage\",\"@id\":\"https:\\\/\\\/pisg.wgsr.uw.edu.pl\\\/?page_id=3536\",\"url\":\"https:\\\/\\\/pisg.wgsr.uw.edu.pl\\\/?page_id=3536\",\"name\":\"Tom 70, zeszyt 2 \u2013 red. Aleksandra Korpysz-Wi\u015bniewska\",\"isPartOf\":{\"@id\":\"https:\\\/\\\/pisg.wgsr.uw.edu.pl\\\/#website\"},\"primaryImageOfPage\":{\"@id\":\"https:\\\/\\\/pisg.wgsr.uw.edu.pl\\\/?page_id=3536#primaryimage\"},\"image\":{\"@id\":\"https:\\\/\\\/pisg.wgsr.uw.edu.pl\\\/?page_id=3536#primaryimage\"},\"thumbnailUrl\":\"https:\\\/\\\/www.gov.pl\\\/attachment\\\/2c1b705b-359f-41bd-80cd-1a1086fa3fc7\",\"datePublished\":\"2025-06-27T10:00:13+00:00\",\"dateModified\":\"2025-06-27T12:14:07+00:00\",\"description\":\"Prace i Studia Geograficzne s\u0105 recenzowanym czasopismem wydawanym przez Wydzia\u0142 Geografii i Studi\u00f3w Regionalnych Uniwersytetu Warszawskiego.\",\"breadcrumb\":{\"@id\":\"https:\\\/\\\/pisg.wgsr.uw.edu.pl\\\/?page_id=3536#breadcrumb\"},\"inLanguage\":\"pl-PL\",\"potentialAction\":[{\"@type\":\"ReadAction\",\"target\":[\"https:\\\/\\\/pisg.wgsr.uw.edu.pl\\\/?page_id=3536\"]}]},{\"@type\":\"ImageObject\",\"inLanguage\":\"pl-PL\",\"@id\":\"https:\\\/\\\/pisg.wgsr.uw.edu.pl\\\/?page_id=3536#primaryimage\",\"url\":\"https:\\\/\\\/www.gov.pl\\\/attachment\\\/2c1b705b-359f-41bd-80cd-1a1086fa3fc7\",\"contentUrl\":\"https:\\\/\\\/www.gov.pl\\\/attachment\\\/2c1b705b-359f-41bd-80cd-1a1086fa3fc7\"},{\"@type\":\"BreadcrumbList\",\"@id\":\"https:\\\/\\\/pisg.wgsr.uw.edu.pl\\\/?page_id=3536#breadcrumb\",\"itemListElement\":[{\"@type\":\"ListItem\",\"position\":1,\"name\":\"Strona g\u0142\u00f3wna\",\"item\":\"https:\\\/\\\/pisg.wgsr.uw.edu.pl\\\/\"},{\"@type\":\"ListItem\",\"position\":2,\"name\":\"Tomy\",\"item\":\"https:\\\/\\\/pisg.wgsr.uw.edu.pl\\\/?page_id=97\"},{\"@type\":\"ListItem\",\"position\":3,\"name\":\"Tom 70, zeszyt 2 [Volume 70, Issue 2] \u2013 red. Aleksandra Korpysz-Wi\u015bniewska\"}]},{\"@type\":\"WebSite\",\"@id\":\"https:\\\/\\\/pisg.wgsr.uw.edu.pl\\\/#website\",\"url\":\"https:\\\/\\\/pisg.wgsr.uw.edu.pl\\\/\",\"name\":\"Prace i Studia Geograficzne | Studies in Geography\",\"description\":\"Prace i Studia Geograficzne s\u0105 recenzowanym czasopismem wydawanym przez Wydzia\u0142 Geografii i Studi\u00f3w Regionalnych Uniwersytetu Warszawskiego\",\"potentialAction\":[{\"@type\":\"SearchAction\",\"target\":{\"@type\":\"EntryPoint\",\"urlTemplate\":\"https:\\\/\\\/pisg.wgsr.uw.edu.pl\\\/?s={search_term_string}\"},\"query-input\":{\"@type\":\"PropertyValueSpecification\",\"valueRequired\":true,\"valueName\":\"search_term_string\"}}],\"inLanguage\":\"pl-PL\"}]}<\/script>\n<!-- \/ Yoast SEO plugin. -->","yoast_head_json":{"title":"Tom 70, zeszyt 2 \u2013 red. Aleksandra Korpysz-Wi\u015bniewska","description":"Prace i Studia Geograficzne s\u0105 recenzowanym czasopismem wydawanym przez Wydzia\u0142 Geografii i Studi\u00f3w Regionalnych Uniwersytetu Warszawskiego.","robots":{"index":"index","follow":"follow","max-snippet":"max-snippet:-1","max-image-preview":"max-image-preview:large","max-video-preview":"max-video-preview:-1"},"canonical":"https:\/\/pisg.wgsr.uw.edu.pl\/?page_id=3536","og_locale":"pl_PL","og_type":"article","og_title":"Tom 70, zeszyt 2 \u2013 red. Aleksandra Korpysz-Wi\u015bniewska","og_description":"Prace i Studia Geograficzne s\u0105 recenzowanym czasopismem wydawanym przez Wydzia\u0142 Geografii i Studi\u00f3w Regionalnych Uniwersytetu Warszawskiego.","og_url":"https:\/\/pisg.wgsr.uw.edu.pl\/?page_id=3536","og_site_name":"Prace i Studia Geograficzne | Studies in Geography","article_modified_time":"2025-06-27T12:14:07+00:00","og_image":[{"url":"https:\/\/www.gov.pl\/attachment\/2c1b705b-359f-41bd-80cd-1a1086fa3fc7","type":"","width":"","height":""}],"twitter_card":"summary_large_image","twitter_misc":{"Szacowany czas czytania":"2 minuty"},"schema":{"@context":"https:\/\/schema.org","@graph":[{"@type":"WebPage","@id":"https:\/\/pisg.wgsr.uw.edu.pl\/?page_id=3536","url":"https:\/\/pisg.wgsr.uw.edu.pl\/?page_id=3536","name":"Tom 70, zeszyt 2 \u2013 red. Aleksandra Korpysz-Wi\u015bniewska","isPartOf":{"@id":"https:\/\/pisg.wgsr.uw.edu.pl\/#website"},"primaryImageOfPage":{"@id":"https:\/\/pisg.wgsr.uw.edu.pl\/?page_id=3536#primaryimage"},"image":{"@id":"https:\/\/pisg.wgsr.uw.edu.pl\/?page_id=3536#primaryimage"},"thumbnailUrl":"https:\/\/www.gov.pl\/attachment\/2c1b705b-359f-41bd-80cd-1a1086fa3fc7","datePublished":"2025-06-27T10:00:13+00:00","dateModified":"2025-06-27T12:14:07+00:00","description":"Prace i Studia Geograficzne s\u0105 recenzowanym czasopismem wydawanym przez Wydzia\u0142 Geografii i Studi\u00f3w Regionalnych Uniwersytetu Warszawskiego.","breadcrumb":{"@id":"https:\/\/pisg.wgsr.uw.edu.pl\/?page_id=3536#breadcrumb"},"inLanguage":"pl-PL","potentialAction":[{"@type":"ReadAction","target":["https:\/\/pisg.wgsr.uw.edu.pl\/?page_id=3536"]}]},{"@type":"ImageObject","inLanguage":"pl-PL","@id":"https:\/\/pisg.wgsr.uw.edu.pl\/?page_id=3536#primaryimage","url":"https:\/\/www.gov.pl\/attachment\/2c1b705b-359f-41bd-80cd-1a1086fa3fc7","contentUrl":"https:\/\/www.gov.pl\/attachment\/2c1b705b-359f-41bd-80cd-1a1086fa3fc7"},{"@type":"BreadcrumbList","@id":"https:\/\/pisg.wgsr.uw.edu.pl\/?page_id=3536#breadcrumb","itemListElement":[{"@type":"ListItem","position":1,"name":"Strona g\u0142\u00f3wna","item":"https:\/\/pisg.wgsr.uw.edu.pl\/"},{"@type":"ListItem","position":2,"name":"Tomy","item":"https:\/\/pisg.wgsr.uw.edu.pl\/?page_id=97"},{"@type":"ListItem","position":3,"name":"Tom 70, zeszyt 2 [Volume 70, Issue 2] \u2013 red. Aleksandra Korpysz-Wi\u015bniewska"}]},{"@type":"WebSite","@id":"https:\/\/pisg.wgsr.uw.edu.pl\/#website","url":"https:\/\/pisg.wgsr.uw.edu.pl\/","name":"Prace i Studia Geograficzne | Studies in Geography","description":"Prace i Studia Geograficzne s\u0105 recenzowanym czasopismem wydawanym przez Wydzia\u0142 Geografii i Studi\u00f3w Regionalnych Uniwersytetu Warszawskiego","potentialAction":[{"@type":"SearchAction","target":{"@type":"EntryPoint","urlTemplate":"https:\/\/pisg.wgsr.uw.edu.pl\/?s={search_term_string}"},"query-input":{"@type":"PropertyValueSpecification","valueRequired":true,"valueName":"search_term_string"}}],"inLanguage":"pl-PL"}]}},"_links":{"self":[{"href":"https:\/\/pisg.wgsr.uw.edu.pl\/index.php?rest_route=\/wp\/v2\/pages\/3536","targetHints":{"allow":["GET"]}}],"collection":[{"href":"https:\/\/pisg.wgsr.uw.edu.pl\/index.php?rest_route=\/wp\/v2\/pages"}],"about":[{"href":"https:\/\/pisg.wgsr.uw.edu.pl\/index.php?rest_route=\/wp\/v2\/types\/page"}],"author":[{"embeddable":true,"href":"https:\/\/pisg.wgsr.uw.edu.pl\/index.php?rest_route=\/wp\/v2\/users\/3"}],"replies":[{"embeddable":true,"href":"https:\/\/pisg.wgsr.uw.edu.pl\/index.php?rest_route=%2Fwp%2Fv2%2Fcomments&post=3536"}],"version-history":[{"count":7,"href":"https:\/\/pisg.wgsr.uw.edu.pl\/index.php?rest_route=\/wp\/v2\/pages\/3536\/revisions"}],"predecessor-version":[{"id":3556,"href":"https:\/\/pisg.wgsr.uw.edu.pl\/index.php?rest_route=\/wp\/v2\/pages\/3536\/revisions\/3556"}],"up":[{"embeddable":true,"href":"https:\/\/pisg.wgsr.uw.edu.pl\/index.php?rest_route=\/wp\/v2\/pages\/97"}],"wp:attachment":[{"href":"https:\/\/pisg.wgsr.uw.edu.pl\/index.php?rest_route=%2Fwp%2Fv2%2Fmedia&parent=3536"}],"curies":[{"name":"wp","href":"https:\/\/api.w.org\/{rel}","templated":true}]}}