{"id":3606,"date":"2025-10-06T11:08:24","date_gmt":"2025-10-06T11:08:24","guid":{"rendered":"https:\/\/pisg.wgsr.uw.edu.pl\/?page_id=3606"},"modified":"2025-10-28T13:25:24","modified_gmt":"2025-10-28T13:25:24","slug":"volume-70-issue-3-edited-by-miroslaw-mika-marta-szczepanska","status":"publish","type":"page","link":"https:\/\/pisg.wgsr.uw.edu.pl\/?page_id=3606&lang=en","title":{"rendered":"Volume 70, Issue 3 \u2013 Edited by Miros\u0142aw Mika, Marta Szczepa\u0144ska"},"content":{"rendered":"<p><a href=\"https:\/\/pisg.wgsr.uw.edu.pl\/wp-content\/uploads\/2025\/10\/PiSG_70.3-StronyTytuloweSpisTresci.pdf\">Title Pages and Table of Contents<\/a><\/p>\n<p><em>Articles and Studies<\/em><\/p>\n<p><strong>Magdalena CYBULSKA, Wojciech DZIEMIANOWICZ\u00a0<\/strong><a href=\"https:\/\/reference-global.com\/article\/10.48128\/pisg-2025-70.3-01\">Perception of\u00a0Local Development Factors in\u00a0the\u00a0Context of\u00a0Dualisms in\u00a0Polish Municipalities<\/a><\/p>\n<p><strong>Saliha \u00c7IKI <\/strong><a href=\"https:\/\/reference-global.com\/article\/10.48128\/pisg-2025-70.3-02\">The Application of SOR Theory in Tourism Research: Mapping WOS Data-Based Research<\/a><\/p>\n<p><strong>Robert SZMYTKIE, Agnieszka LISOWSKA-KIEREPKA, Katarzyna KUZARA, Mateusz D\u0141UGOSZ, Micha\u0142 MA\u0141YSZ\u00a0<\/strong><a href=\"https:\/\/reference-global.com\/article\/10.48128\/pisg-2025-70.3-03\">Procedura buforowania w analizie ilo\u015bciowej morfologii jednostek osadniczych \/ Buffering procedure in the quantitative analysis of settlements morphology<\/a><\/p>\n<p><strong>Irena \u017bURAWSKA-BARTOSIK<\/strong> <a href=\"https:\/\/reference-global.com\/article\/10.48128\/pisg-2025-70.3-04\">Wyzwania finans\u00f3w publicznych wybranych gmin wojew\u00f3dztwa \u015bl\u0105skiego: diagnoza i propozycje rozwi\u0105za\u0144 \/ Challenges of public finance in selected municipalities of the Silesian Voivodeship Region: diagnosis and proposed solutions<\/a><\/p>\n<p><strong>Krzysztof WIDAWSKI, Dominika NOWAK<\/strong> <a href=\"https:\/\/reference-global.com\/article\/10.48128\/pisg-2025-70.3-05\">Funkcjonowanie oferty noclegowej w \u015brodowisku wiejskim w czasie pandemii COVID-19 w opinii zarz\u0105dzaj\u0105cych na przyk\u0142adzie Wielkopolski \/ The functioning of accommodation services in rural settings during the COVID-19 pandemic in the opinion of managers in the case of Greater Poland<\/a><\/p>\n<p><strong>Anna WILK-ZIELI\u0143SKA<\/strong> <a href=\"https:\/\/reference-global.com\/article\/10.48128\/pisg-2025-70.3-06\">\u0179r\u00f3d\u0142a dokumentacyjne do bada\u0144 pogranicza na przyk\u0142adzie \u0141emkowszczyzny (1900\u20131947) \/ Documentary sources for the study of borderland on the example of Lemkivshchyna (1900\u20131947)<\/a><\/p>\n<p><em>Polemics<\/em><\/p>\n<p><strong>Kacper ROSNER-LESZCZY\u0143SKI<\/strong>\u00a0<a href=\"https:\/\/reference-global.com\/article\/10.48128\/pisg-2025-70.3-07\">Polemika: Uwagi dotycz\u0105ce wroc\u0142awskiego w\u0105tku w artykule Marty Szczepa\u0144skiej \u201eAsymilacja nazewnicza i oswajanie przestrzeni tzw. Ziem Odzyskanych\u2026\u201d\/ Polemic: Notes on the Wroc\u0142aw aspect in Marta Szczepa\u0144ska\u2019s article \u201cNaming assimilation and domestication of urban space of the so-called Recovered Territories\u2026\u201d<\/a> \/\/<\/p>\n<p><strong>Marta SZCZEPA\u0143SKA<\/strong>\u00a0<a href=\"https:\/\/reference-global.com\/article\/10.48128\/pisg-2025-70.3-07\">Replika \/ Response<\/a><\/p>\n<p>&nbsp;<\/p>\n","protected":false},"excerpt":{"rendered":"<p>Title Pages and Table of Contents Articles and Studies Magdalena CYBULSKA, Wojciech DZIEMIANOWICZ\u00a0Perception of\u00a0Local Development Factors in\u00a0the\u00a0Context of\u00a0Dualisms in\u00a0Polish Municipalities Saliha \u00c7IKI The Application of SOR Theory in Tourism Research: Mapping WOS Data-Based Research Robert SZMYTKIE, Agnieszka LISOWSKA-KIEREPKA, Katarzyna KUZARA, Mateusz D\u0141UGOSZ, Micha\u0142 MA\u0141YSZ\u00a0Procedura buforowania w analizie ilo\u015bciowej morfologii jednostek osadniczych \/ Buffering procedure in [&hellip;]<\/p>\n","protected":false},"author":3,"featured_media":0,"parent":856,"menu_order":0,"comment_status":"closed","ping_status":"closed","template":"","meta":{"_monsterinsights_skip_tracking":false,"_monsterinsights_sitenote_active":false,"_monsterinsights_sitenote_note":"","_monsterinsights_sitenote_category":0,"footnotes":""},"class_list":["post-3606","page","type-page","status-publish","hentry","post"],"yoast_head":"<!-- This site is optimized with the Yoast SEO plugin v27.4 - https:\/\/yoast.com\/product\/yoast-seo-wordpress\/ -->\n<title>Volume 70, Issue 3 \u2013 Edited by Miros\u0142aw Mika, Marta Szczepa\u0144ska<\/title>\n<meta name=\"description\" content=\"Prace i Studia Geograficzne s\u0105 recenzowanym czasopismem wydawanym przez Wydzia\u0142 Geografii i Studi\u00f3w Regionalnych Uniwersytetu Warszawskiego.\" \/>\n<meta name=\"robots\" content=\"index, follow, max-snippet:-1, max-image-preview:large, max-video-preview:-1\" \/>\n<link rel=\"canonical\" href=\"https:\/\/pisg.wgsr.uw.edu.pl\/?page_id=3606&lang=en\" \/>\n<meta property=\"og:locale\" content=\"pl_PL\" \/>\n<meta property=\"og:type\" content=\"article\" \/>\n<meta property=\"og:title\" content=\"Volume 70, Issue 3 \u2013 Edited by Miros\u0142aw Mika, Marta Szczepa\u0144ska\" \/>\n<meta property=\"og:description\" content=\"Prace i Studia Geograficzne s\u0105 recenzowanym czasopismem wydawanym przez Wydzia\u0142 Geografii i Studi\u00f3w Regionalnych Uniwersytetu Warszawskiego.\" \/>\n<meta property=\"og:url\" content=\"https:\/\/pisg.wgsr.uw.edu.pl\/?page_id=3606&amp;lang=en\" \/>\n<meta property=\"og:site_name\" content=\"Prace i Studia Geograficzne | Studies in Geography\" \/>\n<meta property=\"article:modified_time\" content=\"2025-10-28T13:25:24+00:00\" \/>\n<meta name=\"twitter:card\" content=\"summary_large_image\" \/>\n<meta name=\"twitter:label1\" content=\"Szacowany czas czytania\" \/>\n\t<meta name=\"twitter:data1\" content=\"2 minuty\" \/>\n<script type=\"application\/ld+json\" class=\"yoast-schema-graph\">{\"@context\":\"https:\\\/\\\/schema.org\",\"@graph\":[{\"@type\":\"WebPage\",\"@id\":\"https:\\\/\\\/pisg.wgsr.uw.edu.pl\\\/?page_id=3606&lang=en\",\"url\":\"https:\\\/\\\/pisg.wgsr.uw.edu.pl\\\/?page_id=3606&lang=en\",\"name\":\"Volume 70, Issue 3 \u2013 Edited by Miros\u0142aw Mika, Marta Szczepa\u0144ska\",\"isPartOf\":{\"@id\":\"https:\\\/\\\/pisg.wgsr.uw.edu.pl\\\/#website\"},\"datePublished\":\"2025-10-06T11:08:24+00:00\",\"dateModified\":\"2025-10-28T13:25:24+00:00\",\"description\":\"Prace i Studia Geograficzne s\u0105 recenzowanym czasopismem wydawanym przez Wydzia\u0142 Geografii i Studi\u00f3w Regionalnych Uniwersytetu Warszawskiego.\",\"breadcrumb\":{\"@id\":\"https:\\\/\\\/pisg.wgsr.uw.edu.pl\\\/?page_id=3606&lang=en#breadcrumb\"},\"inLanguage\":\"pl-PL\",\"potentialAction\":[{\"@type\":\"ReadAction\",\"target\":[\"https:\\\/\\\/pisg.wgsr.uw.edu.pl\\\/?page_id=3606&lang=en\"]}]},{\"@type\":\"BreadcrumbList\",\"@id\":\"https:\\\/\\\/pisg.wgsr.uw.edu.pl\\\/?page_id=3606&lang=en#breadcrumb\",\"itemListElement\":[{\"@type\":\"ListItem\",\"position\":1,\"name\":\"Strona g\u0142\u00f3wna\",\"item\":\"https:\\\/\\\/pisg.wgsr.uw.edu.pl\\\/\"},{\"@type\":\"ListItem\",\"position\":2,\"name\":\"Issues\",\"item\":\"https:\\\/\\\/pisg.wgsr.uw.edu.pl\\\/?page_id=856&lang=en\"},{\"@type\":\"ListItem\",\"position\":3,\"name\":\"Volume 70, Issue 3 \u2013 Edited by Miros\u0142aw Mika, Marta Szczepa\u0144ska\"}]},{\"@type\":\"WebSite\",\"@id\":\"https:\\\/\\\/pisg.wgsr.uw.edu.pl\\\/#website\",\"url\":\"https:\\\/\\\/pisg.wgsr.uw.edu.pl\\\/\",\"name\":\"Prace i Studia Geograficzne | Studies in Geography\",\"description\":\"Prace i Studia Geograficzne s\u0105 recenzowanym czasopismem wydawanym przez Wydzia\u0142 Geografii i Studi\u00f3w Regionalnych Uniwersytetu Warszawskiego\",\"potentialAction\":[{\"@type\":\"SearchAction\",\"target\":{\"@type\":\"EntryPoint\",\"urlTemplate\":\"https:\\\/\\\/pisg.wgsr.uw.edu.pl\\\/?s={search_term_string}\"},\"query-input\":{\"@type\":\"PropertyValueSpecification\",\"valueRequired\":true,\"valueName\":\"search_term_string\"}}],\"inLanguage\":\"pl-PL\"}]}<\/script>\n<!-- \/ Yoast SEO plugin. -->","yoast_head_json":{"title":"Volume 70, Issue 3 \u2013 Edited by Miros\u0142aw Mika, Marta Szczepa\u0144ska","description":"Prace i Studia Geograficzne s\u0105 recenzowanym czasopismem wydawanym przez Wydzia\u0142 Geografii i Studi\u00f3w Regionalnych Uniwersytetu Warszawskiego.","robots":{"index":"index","follow":"follow","max-snippet":"max-snippet:-1","max-image-preview":"max-image-preview:large","max-video-preview":"max-video-preview:-1"},"canonical":"https:\/\/pisg.wgsr.uw.edu.pl\/?page_id=3606&lang=en","og_locale":"pl_PL","og_type":"article","og_title":"Volume 70, Issue 3 \u2013 Edited by Miros\u0142aw Mika, Marta Szczepa\u0144ska","og_description":"Prace i Studia Geograficzne s\u0105 recenzowanym czasopismem wydawanym przez Wydzia\u0142 Geografii i Studi\u00f3w Regionalnych Uniwersytetu Warszawskiego.","og_url":"https:\/\/pisg.wgsr.uw.edu.pl\/?page_id=3606&lang=en","og_site_name":"Prace i Studia Geograficzne | Studies in Geography","article_modified_time":"2025-10-28T13:25:24+00:00","twitter_card":"summary_large_image","twitter_misc":{"Szacowany czas czytania":"2 minuty"},"schema":{"@context":"https:\/\/schema.org","@graph":[{"@type":"WebPage","@id":"https:\/\/pisg.wgsr.uw.edu.pl\/?page_id=3606&lang=en","url":"https:\/\/pisg.wgsr.uw.edu.pl\/?page_id=3606&lang=en","name":"Volume 70, Issue 3 \u2013 Edited by Miros\u0142aw Mika, Marta Szczepa\u0144ska","isPartOf":{"@id":"https:\/\/pisg.wgsr.uw.edu.pl\/#website"},"datePublished":"2025-10-06T11:08:24+00:00","dateModified":"2025-10-28T13:25:24+00:00","description":"Prace i Studia Geograficzne s\u0105 recenzowanym czasopismem wydawanym przez Wydzia\u0142 Geografii i Studi\u00f3w Regionalnych Uniwersytetu Warszawskiego.","breadcrumb":{"@id":"https:\/\/pisg.wgsr.uw.edu.pl\/?page_id=3606&lang=en#breadcrumb"},"inLanguage":"pl-PL","potentialAction":[{"@type":"ReadAction","target":["https:\/\/pisg.wgsr.uw.edu.pl\/?page_id=3606&lang=en"]}]},{"@type":"BreadcrumbList","@id":"https:\/\/pisg.wgsr.uw.edu.pl\/?page_id=3606&lang=en#breadcrumb","itemListElement":[{"@type":"ListItem","position":1,"name":"Strona g\u0142\u00f3wna","item":"https:\/\/pisg.wgsr.uw.edu.pl\/"},{"@type":"ListItem","position":2,"name":"Issues","item":"https:\/\/pisg.wgsr.uw.edu.pl\/?page_id=856&lang=en"},{"@type":"ListItem","position":3,"name":"Volume 70, Issue 3 \u2013 Edited by Miros\u0142aw Mika, Marta Szczepa\u0144ska"}]},{"@type":"WebSite","@id":"https:\/\/pisg.wgsr.uw.edu.pl\/#website","url":"https:\/\/pisg.wgsr.uw.edu.pl\/","name":"Prace i Studia Geograficzne | Studies in Geography","description":"Prace i Studia Geograficzne s\u0105 recenzowanym czasopismem wydawanym przez Wydzia\u0142 Geografii i Studi\u00f3w Regionalnych Uniwersytetu Warszawskiego","potentialAction":[{"@type":"SearchAction","target":{"@type":"EntryPoint","urlTemplate":"https:\/\/pisg.wgsr.uw.edu.pl\/?s={search_term_string}"},"query-input":{"@type":"PropertyValueSpecification","valueRequired":true,"valueName":"search_term_string"}}],"inLanguage":"pl-PL"}]}},"_links":{"self":[{"href":"https:\/\/pisg.wgsr.uw.edu.pl\/index.php?rest_route=\/wp\/v2\/pages\/3606","targetHints":{"allow":["GET"]}}],"collection":[{"href":"https:\/\/pisg.wgsr.uw.edu.pl\/index.php?rest_route=\/wp\/v2\/pages"}],"about":[{"href":"https:\/\/pisg.wgsr.uw.edu.pl\/index.php?rest_route=\/wp\/v2\/types\/page"}],"author":[{"embeddable":true,"href":"https:\/\/pisg.wgsr.uw.edu.pl\/index.php?rest_route=\/wp\/v2\/users\/3"}],"replies":[{"embeddable":true,"href":"https:\/\/pisg.wgsr.uw.edu.pl\/index.php?rest_route=%2Fwp%2Fv2%2Fcomments&post=3606"}],"version-history":[{"count":2,"href":"https:\/\/pisg.wgsr.uw.edu.pl\/index.php?rest_route=\/wp\/v2\/pages\/3606\/revisions"}],"predecessor-version":[{"id":3608,"href":"https:\/\/pisg.wgsr.uw.edu.pl\/index.php?rest_route=\/wp\/v2\/pages\/3606\/revisions\/3608"}],"up":[{"embeddable":true,"href":"https:\/\/pisg.wgsr.uw.edu.pl\/index.php?rest_route=\/wp\/v2\/pages\/856"}],"wp:attachment":[{"href":"https:\/\/pisg.wgsr.uw.edu.pl\/index.php?rest_route=%2Fwp%2Fv2%2Fmedia&parent=3606"}],"curies":[{"name":"wp","href":"https:\/\/api.w.org\/{rel}","templated":true}]}}