{"id":3813,"date":"2025-10-14T12:09:54","date_gmt":"2025-10-14T12:09:54","guid":{"rendered":"https:\/\/pisg.wgsr.uw.edu.pl\/?page_id=3813"},"modified":"2025-10-14T13:22:32","modified_gmt":"2025-10-14T13:22:32","slug":"t-60-red-sylwia-dudek-mankowska-2015","status":"publish","type":"page","link":"https:\/\/pisg.wgsr.uw.edu.pl\/?page_id=3813","title":{"rendered":"Tom 60  [Volume 60 ]  &#8211;  red. Sylwia Dudek-Ma\u0144kowska, 2015"},"content":{"rendered":"<p style=\"text-align: justify;\"><strong>Marta DEREK, Sylwia DUDEK-MA\u0143KOWSKA<\/strong> <a href=\"https:\/\/pisg.wgsr.uw.edu.pl\/wp-content\/uploads\/pisg\/T60\/Rozwoj-historyczny-Powisla.pdf\">Rozw\u00f3j historyczny Powi\u015bla \/ The historical development of Powi\u015ble in Warsaw<\/a><\/p>\n<p><strong>Caroline BOULOC<\/strong> <a href=\"https:\/\/pisg.wgsr.uw.edu.pl\/wp-content\/uploads\/pisg\/T60\/Atrakcyjnosc-Powisla.pdf\">Atrakcyjno\u015b\u0107 Powi\u015bla z perspektywy warszawskich elit \/ The actractiveness of Powi\u015ble district for warsaw\u2019s elites<\/a><\/p>\n<p style=\"text-align: justify;\"><strong>Sylwia\u00a0DUDEK-MA\u0143KOWSKA<\/strong> <a href=\"https:\/\/pisg.wgsr.uw.edu.pl\/wp-content\/uploads\/pisg\/T60\/Wizerunek-Powisla.pdf\">Wizerunek Powi\u015bla w \u015bwiadomo\u015bci spo\u0142ecznej \/ Image of Powi\u015ble district in social consciousness<\/a><\/p>\n<p style=\"text-align: justify;\"><strong>Bart\u0142omiej IWA\u0143CZAK<\/strong> <a href=\"https:\/\/pisg.wgsr.uw.edu.pl\/wp-content\/uploads\/pisg\/T60\/Zmiany-przestrzeni-Powisla.pdf\">Zmiany przestrzeni Powi\u015bla wed\u0142ug kategorii funkcjonalnych w latach 2004-2014 \/ Changes in space of Powi\u015ble functional categories in the years 2004-2014<\/a><\/p>\n<p style=\"text-align: justify;\"><strong>Andrzej LISOWSKI<\/strong> <a href=\"https:\/\/pisg.wgsr.uw.edu.pl\/wp-content\/uploads\/pisg\/T60\/Nadzieje-i-rozczarowania.pdf\">Nadzieje i rozczarowania &#8211; trudna droga do Dzielnicy Uniwersyteckiej \/ Hopes and disappointments \u2013 Hard way to the University Quarter<\/a><\/p>\n<p style=\"text-align: justify;\"><strong>Ma\u0142gorzata KUCI\u0143SKA<\/strong> <a href=\"https:\/\/pisg.wgsr.uw.edu.pl\/wp-content\/uploads\/pisg\/T60\/Wisla-jako-komponent.pdf\">Wis\u0142a jako komponent zielonej infrastruktury \/ The Vistula River as a component of green infrastructure<\/a><\/p>\n<p><strong>Julian JANSEN<\/strong> <a href=\"https:\/\/pisg.wgsr.uw.edu.pl\/wp-content\/uploads\/pisg\/T60\/Amsterdam-waterfront-development.pdf\">Amsterdam\u00a0Waterfront\u00a0development &#8211; An social-geographical overview<\/a><\/p>\n<p style=\"text-align: justify;\"><strong>Miros\u0142aw GROCHOWSKI<\/strong> <a href=\"https:\/\/pisg.wgsr.uw.edu.pl\/wp-content\/uploads\/pisg\/T60\/Polityka-miejska-a-ewolucja.pdf\">Polityka miejska a ewolucja struktury funkcjonalno-przestrzennej miasta \u2013 przypadek Warszawy \/ Urban policy and the evolution of functional and spatial structure of the city \u2013 the case of Warsaw.<\/a><\/p>\n<p style=\"text-align: justify;\"><strong>Tomasz ZEGAR<\/strong> <a href=\"https:\/\/pisg.wgsr.uw.edu.pl\/wp-content\/uploads\/pisg\/T60\/Rzeka-w-miescie.pdf\">Rzeka w mie\u015bcie \u2013 perspektywy rozwoju teren\u00f3w nadwodnych w Warszawie \/ The river in the city &#8211; proscects for the development of area waterfronts in Warsaw<\/a><\/p>\n<p style=\"text-align: justify;\"><strong>Dorota RUCI\u0143SKA<\/strong> <a href=\"https:\/\/pisg.wgsr.uw.edu.pl\/wp-content\/uploads\/pisg\/T60\/Druga-konferencja.pdf\">Druga Konferencja: Redukcja Ryzyka Kl\u0119sk \u017bywio\u0142owych w Warszawie, 15-16 pa\u017adziernika 2015 r. \/ 2nd Disaster Risk Reduction Conference in Warsaw, October 15-16, 2015<\/a><\/p>\n","protected":false},"excerpt":{"rendered":"<p>Marta DEREK, Sylwia DUDEK-MA\u0143KOWSKA Rozw\u00f3j historyczny Powi\u015bla \/ The historical development of Powi\u015ble in Warsaw Caroline BOULOC Atrakcyjno\u015b\u0107 Powi\u015bla z perspektywy warszawskich elit \/ The actractiveness of Powi\u015ble district for warsaw\u2019s elites Sylwia\u00a0DUDEK-MA\u0143KOWSKA Wizerunek Powi\u015bla w \u015bwiadomo\u015bci spo\u0142ecznej \/ Image of Powi\u015ble district in social consciousness Bart\u0142omiej IWA\u0143CZAK Zmiany przestrzeni Powi\u015bla wed\u0142ug kategorii funkcjonalnych w [&hellip;]<\/p>\n","protected":false},"author":1,"featured_media":0,"parent":97,"menu_order":0,"comment_status":"closed","ping_status":"closed","template":"","meta":{"_monsterinsights_skip_tracking":false,"_monsterinsights_sitenote_active":false,"_monsterinsights_sitenote_note":"","_monsterinsights_sitenote_category":0,"footnotes":""},"class_list":["post-3813","page","type-page","status-publish","hentry","post"],"yoast_head":"<!-- This site is optimized with the Yoast SEO plugin v27.5 - https:\/\/yoast.com\/product\/yoast-seo-wordpress\/ -->\n<title>Tom 60 [Volume 60 ] - red. Sylwia Dudek-Ma\u0144kowska, 2015 - Prace i Studia Geograficzne | Studies in Geography<\/title>\n<meta name=\"robots\" content=\"index, follow, max-snippet:-1, max-image-preview:large, max-video-preview:-1\" \/>\n<link rel=\"canonical\" href=\"https:\/\/pisg.wgsr.uw.edu.pl\/?page_id=3813\" \/>\n<meta property=\"og:locale\" content=\"pl_PL\" \/>\n<meta property=\"og:type\" content=\"article\" \/>\n<meta property=\"og:title\" content=\"Tom 60 [Volume 60 ] - red. Sylwia Dudek-Ma\u0144kowska, 2015 - Prace i Studia Geograficzne | Studies in Geography\" \/>\n<meta property=\"og:description\" content=\"Marta DEREK, Sylwia DUDEK-MA\u0143KOWSKA Rozw\u00f3j historyczny Powi\u015bla \/ The historical development of Powi\u015ble in Warsaw Caroline BOULOC Atrakcyjno\u015b\u0107 Powi\u015bla z perspektywy warszawskich elit \/ The actractiveness of Powi\u015ble district for warsaw\u2019s elites Sylwia\u00a0DUDEK-MA\u0143KOWSKA Wizerunek Powi\u015bla w \u015bwiadomo\u015bci spo\u0142ecznej \/ Image of Powi\u015ble district in social consciousness Bart\u0142omiej IWA\u0143CZAK Zmiany przestrzeni Powi\u015bla wed\u0142ug kategorii funkcjonalnych w [&hellip;]\" \/>\n<meta property=\"og:url\" content=\"https:\/\/pisg.wgsr.uw.edu.pl\/?page_id=3813\" \/>\n<meta property=\"og:site_name\" content=\"Prace i Studia Geograficzne | Studies in Geography\" \/>\n<meta property=\"article:modified_time\" content=\"2025-10-14T13:22:32+00:00\" \/>\n<meta name=\"twitter:card\" content=\"summary_large_image\" \/>\n<meta name=\"twitter:label1\" content=\"Szacowany czas czytania\" \/>\n\t<meta name=\"twitter:data1\" content=\"2 minuty\" \/>\n<script type=\"application\/ld+json\" class=\"yoast-schema-graph\">{\"@context\":\"https:\\\/\\\/schema.org\",\"@graph\":[{\"@type\":\"WebPage\",\"@id\":\"https:\\\/\\\/pisg.wgsr.uw.edu.pl\\\/?page_id=3813\",\"url\":\"https:\\\/\\\/pisg.wgsr.uw.edu.pl\\\/?page_id=3813\",\"name\":\"Tom 60 [Volume 60 ] - red. Sylwia Dudek-Ma\u0144kowska, 2015 - Prace i Studia Geograficzne | Studies in Geography\",\"isPartOf\":{\"@id\":\"https:\\\/\\\/pisg.wgsr.uw.edu.pl\\\/#website\"},\"datePublished\":\"2025-10-14T12:09:54+00:00\",\"dateModified\":\"2025-10-14T13:22:32+00:00\",\"breadcrumb\":{\"@id\":\"https:\\\/\\\/pisg.wgsr.uw.edu.pl\\\/?page_id=3813#breadcrumb\"},\"inLanguage\":\"pl-PL\",\"potentialAction\":[{\"@type\":\"ReadAction\",\"target\":[\"https:\\\/\\\/pisg.wgsr.uw.edu.pl\\\/?page_id=3813\"]}]},{\"@type\":\"BreadcrumbList\",\"@id\":\"https:\\\/\\\/pisg.wgsr.uw.edu.pl\\\/?page_id=3813#breadcrumb\",\"itemListElement\":[{\"@type\":\"ListItem\",\"position\":1,\"name\":\"Strona g\u0142\u00f3wna\",\"item\":\"https:\\\/\\\/pisg.wgsr.uw.edu.pl\\\/\"},{\"@type\":\"ListItem\",\"position\":2,\"name\":\"Tomy\",\"item\":\"https:\\\/\\\/pisg.wgsr.uw.edu.pl\\\/?page_id=97\"},{\"@type\":\"ListItem\",\"position\":3,\"name\":\"Tom 60 [Volume 60 ] &#8211; red. Sylwia Dudek-Ma\u0144kowska, 2015\"}]},{\"@type\":\"WebSite\",\"@id\":\"https:\\\/\\\/pisg.wgsr.uw.edu.pl\\\/#website\",\"url\":\"https:\\\/\\\/pisg.wgsr.uw.edu.pl\\\/\",\"name\":\"Prace i Studia Geograficzne | Studies in Geography\",\"description\":\"Prace i Studia Geograficzne s\u0105 recenzowanym czasopismem wydawanym przez Wydzia\u0142 Geografii i Studi\u00f3w Regionalnych Uniwersytetu Warszawskiego\",\"potentialAction\":[{\"@type\":\"SearchAction\",\"target\":{\"@type\":\"EntryPoint\",\"urlTemplate\":\"https:\\\/\\\/pisg.wgsr.uw.edu.pl\\\/?s={search_term_string}\"},\"query-input\":{\"@type\":\"PropertyValueSpecification\",\"valueRequired\":true,\"valueName\":\"search_term_string\"}}],\"inLanguage\":\"pl-PL\"}]}<\/script>\n<!-- \/ Yoast SEO plugin. -->","yoast_head_json":{"title":"Tom 60 [Volume 60 ] - red. Sylwia Dudek-Ma\u0144kowska, 2015 - Prace i Studia Geograficzne | Studies in Geography","robots":{"index":"index","follow":"follow","max-snippet":"max-snippet:-1","max-image-preview":"max-image-preview:large","max-video-preview":"max-video-preview:-1"},"canonical":"https:\/\/pisg.wgsr.uw.edu.pl\/?page_id=3813","og_locale":"pl_PL","og_type":"article","og_title":"Tom 60 [Volume 60 ] - red. Sylwia Dudek-Ma\u0144kowska, 2015 - Prace i Studia Geograficzne | Studies in Geography","og_description":"Marta DEREK, Sylwia DUDEK-MA\u0143KOWSKA Rozw\u00f3j historyczny Powi\u015bla \/ The historical development of Powi\u015ble in Warsaw Caroline BOULOC Atrakcyjno\u015b\u0107 Powi\u015bla z perspektywy warszawskich elit \/ The actractiveness of Powi\u015ble district for warsaw\u2019s elites Sylwia\u00a0DUDEK-MA\u0143KOWSKA Wizerunek Powi\u015bla w \u015bwiadomo\u015bci spo\u0142ecznej \/ Image of Powi\u015ble district in social consciousness Bart\u0142omiej IWA\u0143CZAK Zmiany przestrzeni Powi\u015bla wed\u0142ug kategorii funkcjonalnych w [&hellip;]","og_url":"https:\/\/pisg.wgsr.uw.edu.pl\/?page_id=3813","og_site_name":"Prace i Studia Geograficzne | Studies in Geography","article_modified_time":"2025-10-14T13:22:32+00:00","twitter_card":"summary_large_image","twitter_misc":{"Szacowany czas czytania":"2 minuty"},"schema":{"@context":"https:\/\/schema.org","@graph":[{"@type":"WebPage","@id":"https:\/\/pisg.wgsr.uw.edu.pl\/?page_id=3813","url":"https:\/\/pisg.wgsr.uw.edu.pl\/?page_id=3813","name":"Tom 60 [Volume 60 ] - red. Sylwia Dudek-Ma\u0144kowska, 2015 - Prace i Studia Geograficzne | Studies in Geography","isPartOf":{"@id":"https:\/\/pisg.wgsr.uw.edu.pl\/#website"},"datePublished":"2025-10-14T12:09:54+00:00","dateModified":"2025-10-14T13:22:32+00:00","breadcrumb":{"@id":"https:\/\/pisg.wgsr.uw.edu.pl\/?page_id=3813#breadcrumb"},"inLanguage":"pl-PL","potentialAction":[{"@type":"ReadAction","target":["https:\/\/pisg.wgsr.uw.edu.pl\/?page_id=3813"]}]},{"@type":"BreadcrumbList","@id":"https:\/\/pisg.wgsr.uw.edu.pl\/?page_id=3813#breadcrumb","itemListElement":[{"@type":"ListItem","position":1,"name":"Strona g\u0142\u00f3wna","item":"https:\/\/pisg.wgsr.uw.edu.pl\/"},{"@type":"ListItem","position":2,"name":"Tomy","item":"https:\/\/pisg.wgsr.uw.edu.pl\/?page_id=97"},{"@type":"ListItem","position":3,"name":"Tom 60 [Volume 60 ] &#8211; red. Sylwia Dudek-Ma\u0144kowska, 2015"}]},{"@type":"WebSite","@id":"https:\/\/pisg.wgsr.uw.edu.pl\/#website","url":"https:\/\/pisg.wgsr.uw.edu.pl\/","name":"Prace i Studia Geograficzne | Studies in Geography","description":"Prace i Studia Geograficzne s\u0105 recenzowanym czasopismem wydawanym przez Wydzia\u0142 Geografii i Studi\u00f3w Regionalnych Uniwersytetu Warszawskiego","potentialAction":[{"@type":"SearchAction","target":{"@type":"EntryPoint","urlTemplate":"https:\/\/pisg.wgsr.uw.edu.pl\/?s={search_term_string}"},"query-input":{"@type":"PropertyValueSpecification","valueRequired":true,"valueName":"search_term_string"}}],"inLanguage":"pl-PL"}]}},"_links":{"self":[{"href":"https:\/\/pisg.wgsr.uw.edu.pl\/index.php?rest_route=\/wp\/v2\/pages\/3813","targetHints":{"allow":["GET"]}}],"collection":[{"href":"https:\/\/pisg.wgsr.uw.edu.pl\/index.php?rest_route=\/wp\/v2\/pages"}],"about":[{"href":"https:\/\/pisg.wgsr.uw.edu.pl\/index.php?rest_route=\/wp\/v2\/types\/page"}],"author":[{"embeddable":true,"href":"https:\/\/pisg.wgsr.uw.edu.pl\/index.php?rest_route=\/wp\/v2\/users\/1"}],"replies":[{"embeddable":true,"href":"https:\/\/pisg.wgsr.uw.edu.pl\/index.php?rest_route=%2Fwp%2Fv2%2Fcomments&post=3813"}],"version-history":[{"count":7,"href":"https:\/\/pisg.wgsr.uw.edu.pl\/index.php?rest_route=\/wp\/v2\/pages\/3813\/revisions"}],"predecessor-version":[{"id":3852,"href":"https:\/\/pisg.wgsr.uw.edu.pl\/index.php?rest_route=\/wp\/v2\/pages\/3813\/revisions\/3852"}],"up":[{"embeddable":true,"href":"https:\/\/pisg.wgsr.uw.edu.pl\/index.php?rest_route=\/wp\/v2\/pages\/97"}],"wp:attachment":[{"href":"https:\/\/pisg.wgsr.uw.edu.pl\/index.php?rest_route=%2Fwp%2Fv2%2Fmedia&parent=3813"}],"curies":[{"name":"wp","href":"https:\/\/api.w.org\/{rel}","templated":true}]}}