{"id":3832,"date":"2025-10-14T13:03:19","date_gmt":"2025-10-14T13:03:19","guid":{"rendered":"https:\/\/pisg.wgsr.uw.edu.pl\/?page_id=3832"},"modified":"2025-10-14T13:38:10","modified_gmt":"2025-10-14T13:38:10","slug":"tom59-volume-59-red-bogumila-lisocka-jaegermann-2015","status":"publish","type":"page","link":"https:\/\/pisg.wgsr.uw.edu.pl\/?page_id=3832","title":{"rendered":"Tom 59  [Volume 59]  &#8211;  red. Bogumi\u0142a Lisocka-Jaegermann, 2015"},"content":{"rendered":"<p><strong>Bogumi\u0142a LISOCKA-JAEGERMANN<\/strong> <a href=\"https:\/\/pisg.wgsr.uw.edu.pl\/wp-content\/uploads\/pisg\/T59\/wprowadzenie.pdf\">Wprowadzenie \/ Introduction<\/a><\/p>\n<p><strong>Maria SKOCZEK<\/strong> <a href=\"https:\/\/pisg.wgsr.uw.edu.pl\/wp-content\/uploads\/pisg\/T59\/50-lat-badan-latynoamerykanistycznych.pdf\">50 lat bada\u0144 latynoamerykanistycznych na Wydziale Geografii i Studi\u00f3w Regionalnych Uniwersytetu Warszawskiego (1964-2013) \/ 50 years of research and teaching on Latin America in the Faculty of Geography and Regional Studies, University of Warsaw (1964-2013)<\/a><\/p>\n<p><strong>Bogumi\u0142a LISOCKA-JAEGERMANN, Maria SKOCZEK<\/strong> <a href=\"https:\/\/pisg.wgsr.uw.edu.pl\/wp-content\/uploads\/pisg\/T59\/Przemiany-latynoamerykanskiej-wsi.pdf\">Przemiany latynoameryka\u0144skiej wsi jako przedmiot bada\u0144 prowadzonych w Zak\u0142adzie Geografii Ameryki \u0141aci\u0144skiej \/ Latin American rural communities within research carried on in the Department of Latin America<\/a><\/p>\n<p><strong>Miros\u0142awa CZERNY<\/strong> <a href=\"https:\/\/pisg.wgsr.uw.edu.pl\/wp-content\/uploads\/pisg\/T59\/Miasta-i-procesy-urbanizacji.pdf\">Miasta i procesy urbanizacji w Ameryce \u0141aci\u0144skiej z perspektywy bada\u0144 geograficznych prowadzonych w Instytucie Studi\u00f3w Regionalnych i Globalnych WGSR UW \/ Cities and urbanization processes in Latin America in the Institute of Global and Regional Studies research perspective<\/a><\/p>\n<p><strong>Maria SKOCZEK, Bogumi\u0142a LISOCKA-JAEGERMANN<\/strong> <a href=\"https:\/\/pisg.wgsr.uw.edu.pl\/wp-content\/uploads\/pisg\/T59\/Migracje-ludnosci.pdf\">Migracje ludno\u015bci jako czynnik zmian spo\u0142eczno-gospodarczych w Ameryce \u0141aci\u0144skiej \/ Migrations as a factor of social and economic transformations in Latin America<\/a><\/p>\n<p><strong>Jerzy MAKOWSKI<\/strong> <a href=\"https:\/\/pisg.wgsr.uw.edu.pl\/wp-content\/uploads\/pisg\/T59\/Relacje-czlowiek-srodowisko.pdf\">Relacje cz\u0142owiek \u2013 \u015brodowisko przyrodnicze w badaniach Zak\u0142adu Ameryki \u0141aci\u0144skiej Wydzia\u0142u Geografii i Studi\u00f3w Regionalnych Uniwersytetu Warszawskiego \/ Human environment relations in research undertaken in the Department of Latin America, Faculty of Geography and Regional Studies, University of Warsaw<\/a><\/p>\n<p><strong>Joaqu\u00edn Roberto GONZ\u00c1LEZ MART\u00cdNEZ<\/strong> <a href=\"https:\/\/pisg.wgsr.uw.edu.pl\/wp-content\/uploads\/pisg\/T59\/Geografia-a-procesy.pdf\">Geografia a procesy historyczne d\u0142ugiego trwania \/ Geography and Longue Dur\u00e9e Historical Processes<\/a><\/p>\n<ol>\n<li><a href=\"https:\/\/pisg.wgsr.uw.edu.pl\/wp-content\/uploads\/pisg\/T59\/Spis-publikacji-dotyczacych-Ameryki-Lacinskiej.pdf\">Spis publikacji dotycz\u0105cych Ameryki \u0141aci\u0144skiej, powsta\u0142ych na Wydziale Geografii i Studi\u00f3w Regionalnych Uniwersytetu Warszawskiego w latach 1964-2014 (opracowa\u0142a Joanna Mi\u0119tkiewska-Brynda). 1. Index of publications on Latin America written by the staff of the Faculty of Geography and Regional Studies, University of Warsaw, between 1964-2014 (Joanna Mi\u0119tkiewska-Brynda)<\/a><\/li>\n<li><a href=\"https:\/\/pisg.wgsr.uw.edu.pl\/wp-content\/uploads\/pisg\/T59\/Spis-prac-na-stopien.pdf\">Spis prac na stopie\u0144 (habilitacyjnych, doktorskich, magisterskich, licencjackich i dyplomowych) dotycz\u0105cych Ameryki \u0141aci\u0144skiej i przedstawionych na Wydziale Geografii i Studi\u00f3w Regionalnych Uniwersytetu Warszawskiego w latach 1954-2014 (opracowa\u0142a Joanna Mi\u0119tkiewska-Brynda). 2. Index of thesis (habilitation, doctoral, master, bachelorette and postgradu-ate diploma) on Latin America, presented at the Faculty of Geography and Regi<\/a><\/li>\n<\/ol>\n","protected":false},"excerpt":{"rendered":"<p>Bogumi\u0142a LISOCKA-JAEGERMANN Wprowadzenie \/ Introduction Maria SKOCZEK 50 lat bada\u0144 latynoamerykanistycznych na Wydziale Geografii i Studi\u00f3w Regionalnych Uniwersytetu Warszawskiego (1964-2013) \/ 50 years of research and teaching on Latin America in the Faculty of Geography and Regional Studies, University of Warsaw (1964-2013) Bogumi\u0142a LISOCKA-JAEGERMANN, Maria SKOCZEK Przemiany latynoameryka\u0144skiej wsi jako przedmiot bada\u0144 prowadzonych w Zak\u0142adzie [&hellip;]<\/p>\n","protected":false},"author":1,"featured_media":0,"parent":97,"menu_order":0,"comment_status":"closed","ping_status":"closed","template":"","meta":{"_monsterinsights_skip_tracking":false,"_monsterinsights_sitenote_active":false,"_monsterinsights_sitenote_note":"","_monsterinsights_sitenote_category":0,"footnotes":""},"class_list":["post-3832","page","type-page","status-publish","hentry","post"],"yoast_head":"<!-- This site is optimized with the Yoast SEO plugin v27.5 - https:\/\/yoast.com\/product\/yoast-seo-wordpress\/ -->\n<title>Tom 59 [Volume 59] - red. Bogumi\u0142a Lisocka-Jaegermann, 2015 - Prace i Studia Geograficzne | Studies in Geography<\/title>\n<meta name=\"robots\" content=\"index, follow, max-snippet:-1, max-image-preview:large, max-video-preview:-1\" \/>\n<link rel=\"canonical\" href=\"https:\/\/pisg.wgsr.uw.edu.pl\/?page_id=3832\" \/>\n<meta property=\"og:locale\" content=\"pl_PL\" \/>\n<meta property=\"og:type\" content=\"article\" \/>\n<meta property=\"og:title\" content=\"Tom 59 [Volume 59] - red. Bogumi\u0142a Lisocka-Jaegermann, 2015 - Prace i Studia Geograficzne | Studies in Geography\" \/>\n<meta property=\"og:description\" content=\"Bogumi\u0142a LISOCKA-JAEGERMANN Wprowadzenie \/ Introduction Maria SKOCZEK 50 lat bada\u0144 latynoamerykanistycznych na Wydziale Geografii i Studi\u00f3w Regionalnych Uniwersytetu Warszawskiego (1964-2013) \/ 50 years of research and teaching on Latin America in the Faculty of Geography and Regional Studies, University of Warsaw (1964-2013) Bogumi\u0142a LISOCKA-JAEGERMANN, Maria SKOCZEK Przemiany latynoameryka\u0144skiej wsi jako przedmiot bada\u0144 prowadzonych w Zak\u0142adzie [&hellip;]\" \/>\n<meta property=\"og:url\" content=\"https:\/\/pisg.wgsr.uw.edu.pl\/?page_id=3832\" \/>\n<meta property=\"og:site_name\" content=\"Prace i Studia Geograficzne | Studies in Geography\" \/>\n<meta property=\"article:modified_time\" content=\"2025-10-14T13:38:10+00:00\" \/>\n<meta name=\"twitter:card\" content=\"summary_large_image\" \/>\n<meta name=\"twitter:label1\" content=\"Szacowany czas czytania\" \/>\n\t<meta name=\"twitter:data1\" content=\"2 minuty\" \/>\n<script type=\"application\/ld+json\" class=\"yoast-schema-graph\">{\"@context\":\"https:\\\/\\\/schema.org\",\"@graph\":[{\"@type\":\"WebPage\",\"@id\":\"https:\\\/\\\/pisg.wgsr.uw.edu.pl\\\/?page_id=3832\",\"url\":\"https:\\\/\\\/pisg.wgsr.uw.edu.pl\\\/?page_id=3832\",\"name\":\"Tom 59 [Volume 59] - red. Bogumi\u0142a Lisocka-Jaegermann, 2015 - Prace i Studia Geograficzne | Studies in Geography\",\"isPartOf\":{\"@id\":\"https:\\\/\\\/pisg.wgsr.uw.edu.pl\\\/#website\"},\"datePublished\":\"2025-10-14T13:03:19+00:00\",\"dateModified\":\"2025-10-14T13:38:10+00:00\",\"breadcrumb\":{\"@id\":\"https:\\\/\\\/pisg.wgsr.uw.edu.pl\\\/?page_id=3832#breadcrumb\"},\"inLanguage\":\"pl-PL\",\"potentialAction\":[{\"@type\":\"ReadAction\",\"target\":[\"https:\\\/\\\/pisg.wgsr.uw.edu.pl\\\/?page_id=3832\"]}]},{\"@type\":\"BreadcrumbList\",\"@id\":\"https:\\\/\\\/pisg.wgsr.uw.edu.pl\\\/?page_id=3832#breadcrumb\",\"itemListElement\":[{\"@type\":\"ListItem\",\"position\":1,\"name\":\"Strona g\u0142\u00f3wna\",\"item\":\"https:\\\/\\\/pisg.wgsr.uw.edu.pl\\\/\"},{\"@type\":\"ListItem\",\"position\":2,\"name\":\"Tomy\",\"item\":\"https:\\\/\\\/pisg.wgsr.uw.edu.pl\\\/?page_id=97\"},{\"@type\":\"ListItem\",\"position\":3,\"name\":\"Tom 59 [Volume 59] &#8211; red. Bogumi\u0142a Lisocka-Jaegermann, 2015\"}]},{\"@type\":\"WebSite\",\"@id\":\"https:\\\/\\\/pisg.wgsr.uw.edu.pl\\\/#website\",\"url\":\"https:\\\/\\\/pisg.wgsr.uw.edu.pl\\\/\",\"name\":\"Prace i Studia Geograficzne | Studies in Geography\",\"description\":\"Prace i Studia Geograficzne s\u0105 recenzowanym czasopismem wydawanym przez Wydzia\u0142 Geografii i Studi\u00f3w Regionalnych Uniwersytetu Warszawskiego\",\"potentialAction\":[{\"@type\":\"SearchAction\",\"target\":{\"@type\":\"EntryPoint\",\"urlTemplate\":\"https:\\\/\\\/pisg.wgsr.uw.edu.pl\\\/?s={search_term_string}\"},\"query-input\":{\"@type\":\"PropertyValueSpecification\",\"valueRequired\":true,\"valueName\":\"search_term_string\"}}],\"inLanguage\":\"pl-PL\"}]}<\/script>\n<!-- \/ Yoast SEO plugin. -->","yoast_head_json":{"title":"Tom 59 [Volume 59] - red. Bogumi\u0142a Lisocka-Jaegermann, 2015 - Prace i Studia Geograficzne | Studies in Geography","robots":{"index":"index","follow":"follow","max-snippet":"max-snippet:-1","max-image-preview":"max-image-preview:large","max-video-preview":"max-video-preview:-1"},"canonical":"https:\/\/pisg.wgsr.uw.edu.pl\/?page_id=3832","og_locale":"pl_PL","og_type":"article","og_title":"Tom 59 [Volume 59] - red. Bogumi\u0142a Lisocka-Jaegermann, 2015 - Prace i Studia Geograficzne | Studies in Geography","og_description":"Bogumi\u0142a LISOCKA-JAEGERMANN Wprowadzenie \/ Introduction Maria SKOCZEK 50 lat bada\u0144 latynoamerykanistycznych na Wydziale Geografii i Studi\u00f3w Regionalnych Uniwersytetu Warszawskiego (1964-2013) \/ 50 years of research and teaching on Latin America in the Faculty of Geography and Regional Studies, University of Warsaw (1964-2013) Bogumi\u0142a LISOCKA-JAEGERMANN, Maria SKOCZEK Przemiany latynoameryka\u0144skiej wsi jako przedmiot bada\u0144 prowadzonych w Zak\u0142adzie [&hellip;]","og_url":"https:\/\/pisg.wgsr.uw.edu.pl\/?page_id=3832","og_site_name":"Prace i Studia Geograficzne | Studies in Geography","article_modified_time":"2025-10-14T13:38:10+00:00","twitter_card":"summary_large_image","twitter_misc":{"Szacowany czas czytania":"2 minuty"},"schema":{"@context":"https:\/\/schema.org","@graph":[{"@type":"WebPage","@id":"https:\/\/pisg.wgsr.uw.edu.pl\/?page_id=3832","url":"https:\/\/pisg.wgsr.uw.edu.pl\/?page_id=3832","name":"Tom 59 [Volume 59] - red. Bogumi\u0142a Lisocka-Jaegermann, 2015 - Prace i Studia Geograficzne | Studies in Geography","isPartOf":{"@id":"https:\/\/pisg.wgsr.uw.edu.pl\/#website"},"datePublished":"2025-10-14T13:03:19+00:00","dateModified":"2025-10-14T13:38:10+00:00","breadcrumb":{"@id":"https:\/\/pisg.wgsr.uw.edu.pl\/?page_id=3832#breadcrumb"},"inLanguage":"pl-PL","potentialAction":[{"@type":"ReadAction","target":["https:\/\/pisg.wgsr.uw.edu.pl\/?page_id=3832"]}]},{"@type":"BreadcrumbList","@id":"https:\/\/pisg.wgsr.uw.edu.pl\/?page_id=3832#breadcrumb","itemListElement":[{"@type":"ListItem","position":1,"name":"Strona g\u0142\u00f3wna","item":"https:\/\/pisg.wgsr.uw.edu.pl\/"},{"@type":"ListItem","position":2,"name":"Tomy","item":"https:\/\/pisg.wgsr.uw.edu.pl\/?page_id=97"},{"@type":"ListItem","position":3,"name":"Tom 59 [Volume 59] &#8211; red. Bogumi\u0142a Lisocka-Jaegermann, 2015"}]},{"@type":"WebSite","@id":"https:\/\/pisg.wgsr.uw.edu.pl\/#website","url":"https:\/\/pisg.wgsr.uw.edu.pl\/","name":"Prace i Studia Geograficzne | Studies in Geography","description":"Prace i Studia Geograficzne s\u0105 recenzowanym czasopismem wydawanym przez Wydzia\u0142 Geografii i Studi\u00f3w Regionalnych Uniwersytetu Warszawskiego","potentialAction":[{"@type":"SearchAction","target":{"@type":"EntryPoint","urlTemplate":"https:\/\/pisg.wgsr.uw.edu.pl\/?s={search_term_string}"},"query-input":{"@type":"PropertyValueSpecification","valueRequired":true,"valueName":"search_term_string"}}],"inLanguage":"pl-PL"}]}},"_links":{"self":[{"href":"https:\/\/pisg.wgsr.uw.edu.pl\/index.php?rest_route=\/wp\/v2\/pages\/3832","targetHints":{"allow":["GET"]}}],"collection":[{"href":"https:\/\/pisg.wgsr.uw.edu.pl\/index.php?rest_route=\/wp\/v2\/pages"}],"about":[{"href":"https:\/\/pisg.wgsr.uw.edu.pl\/index.php?rest_route=\/wp\/v2\/types\/page"}],"author":[{"embeddable":true,"href":"https:\/\/pisg.wgsr.uw.edu.pl\/index.php?rest_route=\/wp\/v2\/users\/1"}],"replies":[{"embeddable":true,"href":"https:\/\/pisg.wgsr.uw.edu.pl\/index.php?rest_route=%2Fwp%2Fv2%2Fcomments&post=3832"}],"version-history":[{"count":8,"href":"https:\/\/pisg.wgsr.uw.edu.pl\/index.php?rest_route=\/wp\/v2\/pages\/3832\/revisions"}],"predecessor-version":[{"id":3868,"href":"https:\/\/pisg.wgsr.uw.edu.pl\/index.php?rest_route=\/wp\/v2\/pages\/3832\/revisions\/3868"}],"up":[{"embeddable":true,"href":"https:\/\/pisg.wgsr.uw.edu.pl\/index.php?rest_route=\/wp\/v2\/pages\/97"}],"wp:attachment":[{"href":"https:\/\/pisg.wgsr.uw.edu.pl\/index.php?rest_route=%2Fwp%2Fv2%2Fmedia&parent=3832"}],"curies":[{"name":"wp","href":"https:\/\/api.w.org\/{rel}","templated":true}]}}