{"id":3853,"date":"2025-10-14T13:30:11","date_gmt":"2025-10-14T13:30:11","guid":{"rendered":"https:\/\/pisg.wgsr.uw.edu.pl\/?page_id=3853"},"modified":"2025-10-14T13:43:22","modified_gmt":"2025-10-14T13:43:22","slug":"tom-58-volume-58-red-ewa-smolska-2015","status":"publish","type":"page","link":"https:\/\/pisg.wgsr.uw.edu.pl\/?page_id=3853","title":{"rendered":"Tom 58 [Volume 58]  &#8211;  red. Ewa Smolska, 2015"},"content":{"rendered":"<p><strong>Piotr MONIEWSKI<\/strong> <a href=\"https:\/\/pisg.wgsr.uw.edu.pl\/wp-content\/uploads\/pisg\/T58\/Rola-zbiornikow-wodnych.pdf\">Rola zbiornik\u00f3w wodnych w kszta\u0142towaniu cech fizykochemicznych w\u00f3d rzecznych na przyk\u0142adzie Ciosenki \/ The role of water reservoirs in formation of physicochemical characteristics of river waters on the Ciosenka river example<\/a><\/p>\n<p><strong>Izabela JANKOWSKA<\/strong> <a href=\"https:\/\/pisg.wgsr.uw.edu.pl\/wp-content\/uploads\/pisg\/T58\/Model-struktury-przestrzennej.pdf\">Model struktury przestrzennej zasob\u00f3w wodnych strefy aeracji w zlewni nizinnej \/ Model of the spatial structure of the soil water storage in the lowland catchment<\/a><\/p>\n<p><strong>Micha\u0142 SZADURA, Irena TSERMEGAS<\/strong> <a href=\"https:\/\/pisg.wgsr.uw.edu.pl\/wp-content\/uploads\/pisg\/T58\/Wspolczesna-erozja-wodna.pdf\">Wsp\u00f3\u0142czesna erozja wodna na drogach i ods\u0142oni\u0119tych fragmentach zwa\u0142owiska zewn\u0119trznego KWB \u201eBe\u0142chat\u00f3w\u201d \/ Contemporary water erosion on the roads and bare slope fragments of external waste dump of Be\u0142chat\u00f3w Lignite Mine<\/a><\/p>\n<p><strong>Marcin PI\u0104TEK, Jaros\u0142aw SUCHO\u017bEBRSK<\/strong>I <a href=\"https:\/\/pisg.wgsr.uw.edu.pl\/wp-content\/uploads\/pisg\/T58\/Mokradla-w-gorczanskim-parku.pdf\">Mokrad\u0142a w Gorcza\u0144skim Parku Narodowym \/ Wetlands in the Gorce National Park<\/a><\/p>\n<p><strong>Katarzyna PODHORODECKA<\/strong> <a href=\"https:\/\/pisg.wgsr.uw.edu.pl\/wp-content\/uploads\/pisg\/T58\/Wplyw-swiatowego-kryzysu.pdf\">Wp\u0142yw \u015bwiatowego kryzysu gospodarczego na turystyk\u0119 na Wyspach Kanaryjskich \/ The impact of global economic crisis on tourism of Canary Islands<\/a><\/p>\n<p><strong>Dorota MANTEY<\/strong> <a href=\"https:\/\/pisg.wgsr.uw.edu.pl\/wp-content\/uploads\/pisg\/T58\/Lokalne-centrum.pdf\">Lokalne centrum i jego funkcje w opinii mieszka\u0144c\u00f3w suburbi\u00f3w (przyk\u0142ad podwarszawskich osiedli Malichy i Ksi\u0105\u017cenice) \/ Local center and its functions in the opinion of suburbanites (the example of Malichy and Ksi\u0105\u017cenice suburban housing estates in Warsaw Metropolitan Area)<\/a><\/p>\n<p><strong>Ma\u0142gorzata BANDZO-ANTKOWIAK<\/strong> <a href=\"https:\/\/pisg.wgsr.uw.edu.pl\/wp-content\/uploads\/pisg\/T58\/O-cennym-darze.pdf\">O cennym darze kartograficznym dla Biblioteki Uniwersyteckiej w Warszawie s\u0142\u00f3w kilka \/ A few words about a valuable cartographic gift to the University of Warsaw Library<\/a><\/p>\n<p><strong>Maciej J\u0118DRUSIK<\/strong> <a href=\"https:\/\/pisg.wgsr.uw.edu.pl\/wp-content\/uploads\/pisg\/T58\/Recenzja-ksiazki.pdf\">Recenzja ksi\u0105\u017cki Jean-Marie Miossec \u201eRIVAGES D\u2019EUROPE. PERSONNALIT\u00c9 ET AVENIR D\u2019UN CONTINENT OUVERT\u201d<\/a><\/p>\n","protected":false},"excerpt":{"rendered":"<p>Piotr MONIEWSKI Rola zbiornik\u00f3w wodnych w kszta\u0142towaniu cech fizykochemicznych w\u00f3d rzecznych na przyk\u0142adzie Ciosenki \/ The role of water reservoirs in formation of physicochemical characteristics of river waters on the Ciosenka river example Izabela JANKOWSKA Model struktury przestrzennej zasob\u00f3w wodnych strefy aeracji w zlewni nizinnej \/ Model of the spatial structure of the soil water [&hellip;]<\/p>\n","protected":false},"author":1,"featured_media":0,"parent":97,"menu_order":0,"comment_status":"closed","ping_status":"closed","template":"","meta":{"_monsterinsights_skip_tracking":false,"_monsterinsights_sitenote_active":false,"_monsterinsights_sitenote_note":"","_monsterinsights_sitenote_category":0,"footnotes":""},"class_list":["post-3853","page","type-page","status-publish","hentry","post"],"yoast_head":"<!-- This site is optimized with the Yoast SEO plugin v27.5 - https:\/\/yoast.com\/product\/yoast-seo-wordpress\/ -->\n<title>Tom 58 [Volume 58] - red. Ewa Smolska, 2015 - Prace i Studia Geograficzne | Studies in Geography<\/title>\n<meta name=\"robots\" content=\"index, follow, max-snippet:-1, max-image-preview:large, max-video-preview:-1\" \/>\n<link rel=\"canonical\" href=\"https:\/\/pisg.wgsr.uw.edu.pl\/?page_id=3853\" \/>\n<meta property=\"og:locale\" content=\"pl_PL\" \/>\n<meta property=\"og:type\" content=\"article\" \/>\n<meta property=\"og:title\" content=\"Tom 58 [Volume 58] - red. Ewa Smolska, 2015 - Prace i Studia Geograficzne | Studies in Geography\" \/>\n<meta property=\"og:description\" content=\"Piotr MONIEWSKI Rola zbiornik\u00f3w wodnych w kszta\u0142towaniu cech fizykochemicznych w\u00f3d rzecznych na przyk\u0142adzie Ciosenki \/ The role of water reservoirs in formation of physicochemical characteristics of river waters on the Ciosenka river example Izabela JANKOWSKA Model struktury przestrzennej zasob\u00f3w wodnych strefy aeracji w zlewni nizinnej \/ Model of the spatial structure of the soil water [&hellip;]\" \/>\n<meta property=\"og:url\" content=\"https:\/\/pisg.wgsr.uw.edu.pl\/?page_id=3853\" \/>\n<meta property=\"og:site_name\" content=\"Prace i Studia Geograficzne | Studies in Geography\" \/>\n<meta property=\"article:modified_time\" content=\"2025-10-14T13:43:22+00:00\" \/>\n<meta name=\"twitter:card\" content=\"summary_large_image\" \/>\n<meta name=\"twitter:label1\" content=\"Szacowany czas czytania\" \/>\n\t<meta name=\"twitter:data1\" content=\"2 minuty\" \/>\n<script type=\"application\/ld+json\" class=\"yoast-schema-graph\">{\"@context\":\"https:\\\/\\\/schema.org\",\"@graph\":[{\"@type\":\"WebPage\",\"@id\":\"https:\\\/\\\/pisg.wgsr.uw.edu.pl\\\/?page_id=3853\",\"url\":\"https:\\\/\\\/pisg.wgsr.uw.edu.pl\\\/?page_id=3853\",\"name\":\"Tom 58 [Volume 58] - red. Ewa Smolska, 2015 - Prace i Studia Geograficzne | Studies in Geography\",\"isPartOf\":{\"@id\":\"https:\\\/\\\/pisg.wgsr.uw.edu.pl\\\/#website\"},\"datePublished\":\"2025-10-14T13:30:11+00:00\",\"dateModified\":\"2025-10-14T13:43:22+00:00\",\"breadcrumb\":{\"@id\":\"https:\\\/\\\/pisg.wgsr.uw.edu.pl\\\/?page_id=3853#breadcrumb\"},\"inLanguage\":\"pl-PL\",\"potentialAction\":[{\"@type\":\"ReadAction\",\"target\":[\"https:\\\/\\\/pisg.wgsr.uw.edu.pl\\\/?page_id=3853\"]}]},{\"@type\":\"BreadcrumbList\",\"@id\":\"https:\\\/\\\/pisg.wgsr.uw.edu.pl\\\/?page_id=3853#breadcrumb\",\"itemListElement\":[{\"@type\":\"ListItem\",\"position\":1,\"name\":\"Strona g\u0142\u00f3wna\",\"item\":\"https:\\\/\\\/pisg.wgsr.uw.edu.pl\\\/\"},{\"@type\":\"ListItem\",\"position\":2,\"name\":\"Tomy\",\"item\":\"https:\\\/\\\/pisg.wgsr.uw.edu.pl\\\/?page_id=97\"},{\"@type\":\"ListItem\",\"position\":3,\"name\":\"Tom 58 [Volume 58] &#8211; red. Ewa Smolska, 2015\"}]},{\"@type\":\"WebSite\",\"@id\":\"https:\\\/\\\/pisg.wgsr.uw.edu.pl\\\/#website\",\"url\":\"https:\\\/\\\/pisg.wgsr.uw.edu.pl\\\/\",\"name\":\"Prace i Studia Geograficzne | Studies in Geography\",\"description\":\"Prace i Studia Geograficzne s\u0105 recenzowanym czasopismem wydawanym przez Wydzia\u0142 Geografii i Studi\u00f3w Regionalnych Uniwersytetu Warszawskiego\",\"potentialAction\":[{\"@type\":\"SearchAction\",\"target\":{\"@type\":\"EntryPoint\",\"urlTemplate\":\"https:\\\/\\\/pisg.wgsr.uw.edu.pl\\\/?s={search_term_string}\"},\"query-input\":{\"@type\":\"PropertyValueSpecification\",\"valueRequired\":true,\"valueName\":\"search_term_string\"}}],\"inLanguage\":\"pl-PL\"}]}<\/script>\n<!-- \/ Yoast SEO plugin. -->","yoast_head_json":{"title":"Tom 58 [Volume 58] - red. Ewa Smolska, 2015 - Prace i Studia Geograficzne | Studies in Geography","robots":{"index":"index","follow":"follow","max-snippet":"max-snippet:-1","max-image-preview":"max-image-preview:large","max-video-preview":"max-video-preview:-1"},"canonical":"https:\/\/pisg.wgsr.uw.edu.pl\/?page_id=3853","og_locale":"pl_PL","og_type":"article","og_title":"Tom 58 [Volume 58] - red. Ewa Smolska, 2015 - Prace i Studia Geograficzne | Studies in Geography","og_description":"Piotr MONIEWSKI Rola zbiornik\u00f3w wodnych w kszta\u0142towaniu cech fizykochemicznych w\u00f3d rzecznych na przyk\u0142adzie Ciosenki \/ The role of water reservoirs in formation of physicochemical characteristics of river waters on the Ciosenka river example Izabela JANKOWSKA Model struktury przestrzennej zasob\u00f3w wodnych strefy aeracji w zlewni nizinnej \/ Model of the spatial structure of the soil water [&hellip;]","og_url":"https:\/\/pisg.wgsr.uw.edu.pl\/?page_id=3853","og_site_name":"Prace i Studia Geograficzne | Studies in Geography","article_modified_time":"2025-10-14T13:43:22+00:00","twitter_card":"summary_large_image","twitter_misc":{"Szacowany czas czytania":"2 minuty"},"schema":{"@context":"https:\/\/schema.org","@graph":[{"@type":"WebPage","@id":"https:\/\/pisg.wgsr.uw.edu.pl\/?page_id=3853","url":"https:\/\/pisg.wgsr.uw.edu.pl\/?page_id=3853","name":"Tom 58 [Volume 58] - red. Ewa Smolska, 2015 - Prace i Studia Geograficzne | Studies in Geography","isPartOf":{"@id":"https:\/\/pisg.wgsr.uw.edu.pl\/#website"},"datePublished":"2025-10-14T13:30:11+00:00","dateModified":"2025-10-14T13:43:22+00:00","breadcrumb":{"@id":"https:\/\/pisg.wgsr.uw.edu.pl\/?page_id=3853#breadcrumb"},"inLanguage":"pl-PL","potentialAction":[{"@type":"ReadAction","target":["https:\/\/pisg.wgsr.uw.edu.pl\/?page_id=3853"]}]},{"@type":"BreadcrumbList","@id":"https:\/\/pisg.wgsr.uw.edu.pl\/?page_id=3853#breadcrumb","itemListElement":[{"@type":"ListItem","position":1,"name":"Strona g\u0142\u00f3wna","item":"https:\/\/pisg.wgsr.uw.edu.pl\/"},{"@type":"ListItem","position":2,"name":"Tomy","item":"https:\/\/pisg.wgsr.uw.edu.pl\/?page_id=97"},{"@type":"ListItem","position":3,"name":"Tom 58 [Volume 58] &#8211; red. Ewa Smolska, 2015"}]},{"@type":"WebSite","@id":"https:\/\/pisg.wgsr.uw.edu.pl\/#website","url":"https:\/\/pisg.wgsr.uw.edu.pl\/","name":"Prace i Studia Geograficzne | Studies in Geography","description":"Prace i Studia Geograficzne s\u0105 recenzowanym czasopismem wydawanym przez Wydzia\u0142 Geografii i Studi\u00f3w Regionalnych Uniwersytetu Warszawskiego","potentialAction":[{"@type":"SearchAction","target":{"@type":"EntryPoint","urlTemplate":"https:\/\/pisg.wgsr.uw.edu.pl\/?s={search_term_string}"},"query-input":{"@type":"PropertyValueSpecification","valueRequired":true,"valueName":"search_term_string"}}],"inLanguage":"pl-PL"}]}},"_links":{"self":[{"href":"https:\/\/pisg.wgsr.uw.edu.pl\/index.php?rest_route=\/wp\/v2\/pages\/3853","targetHints":{"allow":["GET"]}}],"collection":[{"href":"https:\/\/pisg.wgsr.uw.edu.pl\/index.php?rest_route=\/wp\/v2\/pages"}],"about":[{"href":"https:\/\/pisg.wgsr.uw.edu.pl\/index.php?rest_route=\/wp\/v2\/types\/page"}],"author":[{"embeddable":true,"href":"https:\/\/pisg.wgsr.uw.edu.pl\/index.php?rest_route=\/wp\/v2\/users\/1"}],"replies":[{"embeddable":true,"href":"https:\/\/pisg.wgsr.uw.edu.pl\/index.php?rest_route=%2Fwp%2Fv2%2Fcomments&post=3853"}],"version-history":[{"count":4,"href":"https:\/\/pisg.wgsr.uw.edu.pl\/index.php?rest_route=\/wp\/v2\/pages\/3853\/revisions"}],"predecessor-version":[{"id":3870,"href":"https:\/\/pisg.wgsr.uw.edu.pl\/index.php?rest_route=\/wp\/v2\/pages\/3853\/revisions\/3870"}],"up":[{"embeddable":true,"href":"https:\/\/pisg.wgsr.uw.edu.pl\/index.php?rest_route=\/wp\/v2\/pages\/97"}],"wp:attachment":[{"href":"https:\/\/pisg.wgsr.uw.edu.pl\/index.php?rest_route=%2Fwp%2Fv2%2Fmedia&parent=3853"}],"curies":[{"name":"wp","href":"https:\/\/api.w.org\/{rel}","templated":true}]}}