{"id":3872,"date":"2025-10-14T13:57:44","date_gmt":"2025-10-14T13:57:44","guid":{"rendered":"https:\/\/pisg.wgsr.uw.edu.pl\/?page_id=3872"},"modified":"2025-10-14T14:24:45","modified_gmt":"2025-10-14T14:24:45","slug":"tom-57-volume-57-red-piotr-werner-2015","status":"publish","type":"page","link":"https:\/\/pisg.wgsr.uw.edu.pl\/?page_id=3872","title":{"rendered":"Tom 57 [Volume 57]  &#8211; red. Piotr Werner, 2015"},"content":{"rendered":"<p><strong>Piotr WERNER<\/strong> <a href=\"https:\/\/pisg.wgsr.uw.edu.pl\/wp-content\/uploads\/pisg\/Mozliwosci-zastosowania-logiki-rozmytej.pdf\">Mo\u017cliwo\u015bci zastosowania logiki rozmytej i zintegrowanego podej\u015bcia do bada\u0144 zmienno\u015bci przestrzennej wra\u017cliwo\u015bci na zagro\u017cenia naturalne \/ Integrated fuzzy approach to spatial differentiation of vulnerability<\/a><\/p>\n<p><strong>Piotr WERNER, Dorota RUCI\u0143SKA<\/strong>, <strong>Bart\u0142omiej IWA\u0143CZAK<\/strong> <a href=\"https:\/\/pisg.wgsr.uw.edu.pl\/wp-content\/uploads\/pisg\/Zintegrowany-miernik-wrazliwosci.pdf\">Zintegrowany miernik wra\u017cliwo\u015bci spo\u0142ecznej na zagro\u017cenia naturalne w Polsce \/ Integrated measure of social vulnerability to environmental hazards in Poland<\/a><\/p>\n<p><strong>Dorota RUCI\u0143SKA<\/strong> <a href=\"https:\/\/pisg.wgsr.uw.edu.pl\/wp-content\/uploads\/pisg\/Kwantyfikacja-podatnosci-na-zagrozenia.pdf\">Przegl\u0105d &#8211; kwantyfikacja podatno\u015bci na zagro\u017cenia naturalne \/ Review &#8211; quantification of vulnerability to natural hazards<\/a><\/p>\n<p><strong>Artur MAGNUSZEWSKI, Mariusz PORCZEK<\/strong> <a href=\"https:\/\/pisg.wgsr.uw.edu.pl\/wp-content\/uploads\/pisg\/Wskaznik-potencjalu-powodziowego.pdf\">Wska\u017anik potencja\u0142u powodziowego i wzgl\u0119dna ekspozycja na niebezpiecze\u0144stwo powodziowe gmin w Polsce \/ Flood potential index and relative exposition to flood danger in Poland<\/a><\/p>\n<p><strong>Piotr WERNER, Artur MAGNUSZEWSKI, Dorota RUCI\u0143SKA, Mariusz PORCZEK<\/strong> <a href=\"https:\/\/pisg.wgsr.uw.edu.pl\/wp-content\/uploads\/pisg\/Zroznicowanie-przestrzenne-zagrozenia-grypa.pdf\">Zr\u00f3\u017cnicowanie przestrzenne wra\u017cliwo\u015bci spo\u0142ecznej na zagro\u017cenia powodziowe w Polsce \/ Spatial differentiation of social vulnerability to flood hazards in Poland<\/a><\/p>\n<p><strong>Patryk KORZENIECKI<\/strong> <a href=\"https:\/\/pisg.wgsr.uw.edu.pl\/wp-content\/uploads\/pisg\/Fale-upalow-w-Polsce.pdf\">Fale upa\u0142\u00f3w w Polsce na tle region\u00f3w bioklimatycznych (2002-2012) \/ Heat waves in Poland against bioclimatic regions background (2002-2012)<\/a><\/p>\n<p><strong>Piotr WERNER, Micha\u0142 KOWALEWSKI<\/strong> <a href=\"https:\/\/pisg.wgsr.uw.edu.pl\/wp-content\/uploads\/pisg\/Zintegrowana-ocena-zroznicowania.pdf\">Zintegrowana ocena zr\u00f3\u017cnicowania przestrzennego wra\u017cliwo\u015bci spo\u0142ecznej na wybrane zagro\u017cenia pogodowe w Polsce \/ Integrated assessment of social vulnerability to defined weather hazards in Poland<\/a><\/p>\n<p><strong>Wojciech POKOJSKI<\/strong> <a href=\"https:\/\/pisg.wgsr.uw.edu.pl\/wp-content\/uploads\/pisg\/Zagrozenie-susza-w-Polsce.pdf\">Zagro\u017cenie susz\u0105 w Polsce a klimatyczny bilans wodny \/ Drought hazard in Poland and the climatic water balance<\/a><\/p>\n<p><strong>Paulina POKOJSKA<\/strong> <a href=\"https:\/\/pisg.wgsr.uw.edu.pl\/wp-content\/uploads\/pisg\/Klasyfikacja-zagrozenia-pozarowego.pdf\">Klasyfikacja zagro\u017cenia po\u017carowego las\u00f3w w Polsce z zastosowaniem technik GIS \/ Classification offorest fire risk in Poland with application of GIS techn<\/a>iques<\/p>\n<p><strong>Bart\u0142omiej IWA\u0143CZAK<\/strong> <a href=\"https:\/\/pisg.wgsr.uw.edu.pl\/wp-content\/uploads\/pisg\/Zroznicowanie-przestrzenne-zagrozenia-grypa.pdf\">Zr\u00f3\u017cnicowanie przestrzenne zagro\u017cenia gryp\u0105 w Polsce \/ Spatial heterogeneity of influenza hazard in Poland<\/a><\/p>\n","protected":false},"excerpt":{"rendered":"<p>Piotr WERNER Mo\u017cliwo\u015bci zastosowania logiki rozmytej i zintegrowanego podej\u015bcia do bada\u0144 zmienno\u015bci przestrzennej wra\u017cliwo\u015bci na zagro\u017cenia naturalne \/ Integrated fuzzy approach to spatial differentiation of vulnerability Piotr WERNER, Dorota RUCI\u0143SKA, Bart\u0142omiej IWA\u0143CZAK Zintegrowany miernik wra\u017cliwo\u015bci spo\u0142ecznej na zagro\u017cenia naturalne w Polsce \/ Integrated measure of social vulnerability to environmental hazards in Poland Dorota RUCI\u0143SKA Przegl\u0105d [&hellip;]<\/p>\n","protected":false},"author":1,"featured_media":0,"parent":97,"menu_order":0,"comment_status":"closed","ping_status":"closed","template":"","meta":{"_monsterinsights_skip_tracking":false,"_monsterinsights_sitenote_active":false,"_monsterinsights_sitenote_note":"","_monsterinsights_sitenote_category":0,"footnotes":""},"class_list":["post-3872","page","type-page","status-publish","hentry","post"],"yoast_head":"<!-- This site is optimized with the Yoast SEO plugin v27.5 - https:\/\/yoast.com\/product\/yoast-seo-wordpress\/ -->\n<title>Tom 57 [Volume 57] - red. Piotr Werner, 2015 - Prace i Studia Geograficzne | Studies in Geography<\/title>\n<meta name=\"robots\" content=\"index, follow, max-snippet:-1, max-image-preview:large, max-video-preview:-1\" \/>\n<link rel=\"canonical\" href=\"https:\/\/pisg.wgsr.uw.edu.pl\/?page_id=3872\" \/>\n<meta property=\"og:locale\" content=\"pl_PL\" \/>\n<meta property=\"og:type\" content=\"article\" \/>\n<meta property=\"og:title\" content=\"Tom 57 [Volume 57] - red. Piotr Werner, 2015 - Prace i Studia Geograficzne | Studies in Geography\" \/>\n<meta property=\"og:description\" content=\"Piotr WERNER Mo\u017cliwo\u015bci zastosowania logiki rozmytej i zintegrowanego podej\u015bcia do bada\u0144 zmienno\u015bci przestrzennej wra\u017cliwo\u015bci na zagro\u017cenia naturalne \/ Integrated fuzzy approach to spatial differentiation of vulnerability Piotr WERNER, Dorota RUCI\u0143SKA, Bart\u0142omiej IWA\u0143CZAK Zintegrowany miernik wra\u017cliwo\u015bci spo\u0142ecznej na zagro\u017cenia naturalne w Polsce \/ Integrated measure of social vulnerability to environmental hazards in Poland Dorota RUCI\u0143SKA Przegl\u0105d [&hellip;]\" \/>\n<meta property=\"og:url\" content=\"https:\/\/pisg.wgsr.uw.edu.pl\/?page_id=3872\" \/>\n<meta property=\"og:site_name\" content=\"Prace i Studia Geograficzne | Studies in Geography\" \/>\n<meta property=\"article:modified_time\" content=\"2025-10-14T14:24:45+00:00\" \/>\n<meta name=\"twitter:card\" content=\"summary_large_image\" \/>\n<meta name=\"twitter:label1\" content=\"Szacowany czas czytania\" \/>\n\t<meta name=\"twitter:data1\" content=\"2 minuty\" \/>\n<script type=\"application\/ld+json\" class=\"yoast-schema-graph\">{\"@context\":\"https:\\\/\\\/schema.org\",\"@graph\":[{\"@type\":\"WebPage\",\"@id\":\"https:\\\/\\\/pisg.wgsr.uw.edu.pl\\\/?page_id=3872\",\"url\":\"https:\\\/\\\/pisg.wgsr.uw.edu.pl\\\/?page_id=3872\",\"name\":\"Tom 57 [Volume 57] - red. Piotr Werner, 2015 - Prace i Studia Geograficzne | Studies in Geography\",\"isPartOf\":{\"@id\":\"https:\\\/\\\/pisg.wgsr.uw.edu.pl\\\/#website\"},\"datePublished\":\"2025-10-14T13:57:44+00:00\",\"dateModified\":\"2025-10-14T14:24:45+00:00\",\"breadcrumb\":{\"@id\":\"https:\\\/\\\/pisg.wgsr.uw.edu.pl\\\/?page_id=3872#breadcrumb\"},\"inLanguage\":\"pl-PL\",\"potentialAction\":[{\"@type\":\"ReadAction\",\"target\":[\"https:\\\/\\\/pisg.wgsr.uw.edu.pl\\\/?page_id=3872\"]}]},{\"@type\":\"BreadcrumbList\",\"@id\":\"https:\\\/\\\/pisg.wgsr.uw.edu.pl\\\/?page_id=3872#breadcrumb\",\"itemListElement\":[{\"@type\":\"ListItem\",\"position\":1,\"name\":\"Strona g\u0142\u00f3wna\",\"item\":\"https:\\\/\\\/pisg.wgsr.uw.edu.pl\\\/\"},{\"@type\":\"ListItem\",\"position\":2,\"name\":\"Tomy\",\"item\":\"https:\\\/\\\/pisg.wgsr.uw.edu.pl\\\/?page_id=97\"},{\"@type\":\"ListItem\",\"position\":3,\"name\":\"Tom 57 [Volume 57] &#8211; red. Piotr Werner, 2015\"}]},{\"@type\":\"WebSite\",\"@id\":\"https:\\\/\\\/pisg.wgsr.uw.edu.pl\\\/#website\",\"url\":\"https:\\\/\\\/pisg.wgsr.uw.edu.pl\\\/\",\"name\":\"Prace i Studia Geograficzne | Studies in Geography\",\"description\":\"Prace i Studia Geograficzne s\u0105 recenzowanym czasopismem wydawanym przez Wydzia\u0142 Geografii i Studi\u00f3w Regionalnych Uniwersytetu Warszawskiego\",\"potentialAction\":[{\"@type\":\"SearchAction\",\"target\":{\"@type\":\"EntryPoint\",\"urlTemplate\":\"https:\\\/\\\/pisg.wgsr.uw.edu.pl\\\/?s={search_term_string}\"},\"query-input\":{\"@type\":\"PropertyValueSpecification\",\"valueRequired\":true,\"valueName\":\"search_term_string\"}}],\"inLanguage\":\"pl-PL\"}]}<\/script>\n<!-- \/ Yoast SEO plugin. -->","yoast_head_json":{"title":"Tom 57 [Volume 57] - red. Piotr Werner, 2015 - Prace i Studia Geograficzne | Studies in Geography","robots":{"index":"index","follow":"follow","max-snippet":"max-snippet:-1","max-image-preview":"max-image-preview:large","max-video-preview":"max-video-preview:-1"},"canonical":"https:\/\/pisg.wgsr.uw.edu.pl\/?page_id=3872","og_locale":"pl_PL","og_type":"article","og_title":"Tom 57 [Volume 57] - red. Piotr Werner, 2015 - Prace i Studia Geograficzne | Studies in Geography","og_description":"Piotr WERNER Mo\u017cliwo\u015bci zastosowania logiki rozmytej i zintegrowanego podej\u015bcia do bada\u0144 zmienno\u015bci przestrzennej wra\u017cliwo\u015bci na zagro\u017cenia naturalne \/ Integrated fuzzy approach to spatial differentiation of vulnerability Piotr WERNER, Dorota RUCI\u0143SKA, Bart\u0142omiej IWA\u0143CZAK Zintegrowany miernik wra\u017cliwo\u015bci spo\u0142ecznej na zagro\u017cenia naturalne w Polsce \/ Integrated measure of social vulnerability to environmental hazards in Poland Dorota RUCI\u0143SKA Przegl\u0105d [&hellip;]","og_url":"https:\/\/pisg.wgsr.uw.edu.pl\/?page_id=3872","og_site_name":"Prace i Studia Geograficzne | Studies in Geography","article_modified_time":"2025-10-14T14:24:45+00:00","twitter_card":"summary_large_image","twitter_misc":{"Szacowany czas czytania":"2 minuty"},"schema":{"@context":"https:\/\/schema.org","@graph":[{"@type":"WebPage","@id":"https:\/\/pisg.wgsr.uw.edu.pl\/?page_id=3872","url":"https:\/\/pisg.wgsr.uw.edu.pl\/?page_id=3872","name":"Tom 57 [Volume 57] - red. Piotr Werner, 2015 - Prace i Studia Geograficzne | Studies in Geography","isPartOf":{"@id":"https:\/\/pisg.wgsr.uw.edu.pl\/#website"},"datePublished":"2025-10-14T13:57:44+00:00","dateModified":"2025-10-14T14:24:45+00:00","breadcrumb":{"@id":"https:\/\/pisg.wgsr.uw.edu.pl\/?page_id=3872#breadcrumb"},"inLanguage":"pl-PL","potentialAction":[{"@type":"ReadAction","target":["https:\/\/pisg.wgsr.uw.edu.pl\/?page_id=3872"]}]},{"@type":"BreadcrumbList","@id":"https:\/\/pisg.wgsr.uw.edu.pl\/?page_id=3872#breadcrumb","itemListElement":[{"@type":"ListItem","position":1,"name":"Strona g\u0142\u00f3wna","item":"https:\/\/pisg.wgsr.uw.edu.pl\/"},{"@type":"ListItem","position":2,"name":"Tomy","item":"https:\/\/pisg.wgsr.uw.edu.pl\/?page_id=97"},{"@type":"ListItem","position":3,"name":"Tom 57 [Volume 57] &#8211; red. Piotr Werner, 2015"}]},{"@type":"WebSite","@id":"https:\/\/pisg.wgsr.uw.edu.pl\/#website","url":"https:\/\/pisg.wgsr.uw.edu.pl\/","name":"Prace i Studia Geograficzne | Studies in Geography","description":"Prace i Studia Geograficzne s\u0105 recenzowanym czasopismem wydawanym przez Wydzia\u0142 Geografii i Studi\u00f3w Regionalnych Uniwersytetu Warszawskiego","potentialAction":[{"@type":"SearchAction","target":{"@type":"EntryPoint","urlTemplate":"https:\/\/pisg.wgsr.uw.edu.pl\/?s={search_term_string}"},"query-input":{"@type":"PropertyValueSpecification","valueRequired":true,"valueName":"search_term_string"}}],"inLanguage":"pl-PL"}]}},"_links":{"self":[{"href":"https:\/\/pisg.wgsr.uw.edu.pl\/index.php?rest_route=\/wp\/v2\/pages\/3872","targetHints":{"allow":["GET"]}}],"collection":[{"href":"https:\/\/pisg.wgsr.uw.edu.pl\/index.php?rest_route=\/wp\/v2\/pages"}],"about":[{"href":"https:\/\/pisg.wgsr.uw.edu.pl\/index.php?rest_route=\/wp\/v2\/types\/page"}],"author":[{"embeddable":true,"href":"https:\/\/pisg.wgsr.uw.edu.pl\/index.php?rest_route=\/wp\/v2\/users\/1"}],"replies":[{"embeddable":true,"href":"https:\/\/pisg.wgsr.uw.edu.pl\/index.php?rest_route=%2Fwp%2Fv2%2Fcomments&post=3872"}],"version-history":[{"count":3,"href":"https:\/\/pisg.wgsr.uw.edu.pl\/index.php?rest_route=\/wp\/v2\/pages\/3872\/revisions"}],"predecessor-version":[{"id":3886,"href":"https:\/\/pisg.wgsr.uw.edu.pl\/index.php?rest_route=\/wp\/v2\/pages\/3872\/revisions\/3886"}],"up":[{"embeddable":true,"href":"https:\/\/pisg.wgsr.uw.edu.pl\/index.php?rest_route=\/wp\/v2\/pages\/97"}],"wp:attachment":[{"href":"https:\/\/pisg.wgsr.uw.edu.pl\/index.php?rest_route=%2Fwp%2Fv2%2Fmedia&parent=3872"}],"curies":[{"name":"wp","href":"https:\/\/api.w.org\/{rel}","templated":true}]}}