{"id":3888,"date":"2025-10-14T14:26:56","date_gmt":"2025-10-14T14:26:56","guid":{"rendered":"https:\/\/pisg.wgsr.uw.edu.pl\/?page_id=3888"},"modified":"2025-10-14T14:39:16","modified_gmt":"2025-10-14T14:39:16","slug":"tom-56-volume-56-red-elwira-zmudzka-2014","status":"publish","type":"page","link":"https:\/\/pisg.wgsr.uw.edu.pl\/?page_id=3888","title":{"rendered":"Tom 56 [Volume 56] Tom dedykowany Pani Prof. dr hab. Marii Stopie-Boryczce &#8211; red. Elwira \u017bmudzka, 2014"},"content":{"rendered":"<p style=\"text-align: justify;\"><strong>Jolanta WAWER<\/strong> <a href=\"https:\/\/pisg.wgsr.uw.edu.pl\/wp-content\/uploads\/pisg\/T.56\/1.DZIALALNOSC-NAUKOWA-I-DYDAKTYCZNAPROF.-DR-HAB.-MARII-STOPY-BORYCZKI.pdf\">Dzia\u0142alno\u015b\u0107 naukowa i dydaktyczna prof. dr hab. Marii Stopy Boryczki<\/a><\/p>\n<p style=\"text-align: justify;\"><strong>Jaros\u0142aw BARANOWSKI, Krzysztof B\u0141A\u017bEJCZYK, Pawe\u0142 MILEWSKI<\/strong> <a href=\"https:\/\/pisg.wgsr.uw.edu.pl\/wp-content\/uploads\/pisg\/T.56\/2.Jaroslaw-Baranowski1-Krzysztof-Blazejczyk2-Pawel-Milewski1.pdf\">Klimat akustyczny w otoczeniu wybranych odcink\u00f3w dr\u00f3g wyniki wst\u0119pne \/ Acoustic climate in the surrounding of selected sectors of roads in Poland \u2013 preliminary results<\/a><\/p>\n<p style=\"text-align: justify;\"><strong>Krzysztof B\u0141A\u017bEJCZYK, Anna B\u0141A\u017bEJCZYK, Jaros\u0142aw BARANOWSKI<\/strong> <a href=\"https:\/\/pisg.wgsr.uw.edu.pl\/wp-content\/uploads\/pisg\/T.56\/Krzysztof-Blazejczyk1-Anna-3.-Blazejczyk2-Jaroslaw-Baranowski3.pdf\">Wieloletnia zmienno\u015b\u0107 niekt\u00f3rych chor\u00f3b klimatozale\u017cnych w Polsce i jej zwi\u0105zek z warunkami klimatycznymi \/ Multiannual \ufb02uctuations of some climate related diseases in Poland and their possible relation to climate conditions<\/a><\/p>\n<p style=\"text-align: justify;\"><strong>Jerzy BORYCZKA, Maria STOPA-BORYCZKA, Urszula KOSSOWSKA CEZAK, Jolanta WAWER <a href=\"https:\/\/pisg.wgsr.uw.edu.pl\/wp-content\/uploads\/pisg\/T.56\/4.Jerzy-Boryczka-Maria-Stopa-Boryczka-Urszula-Kossowska-CezakJolanta-Wawer.pdf\">Zale\u017cno\u015b\u0107 najni\u017cszych i najwy\u017cszych \u015brednich dobowych warto\u015bci temperatury powietrza od aktywno\u015bci S\u0142o\u0144ca (na przyk\u0142adzie Warszawy, 1951-2010) \/ The dependency of minimum and maximum average daily air temperature on solar activity (Warsaw, 1951-2010)<\/a><\/strong><\/p>\n<p style=\"text-align: justify;\"><strong>Katarzyna GRABOWSKA<\/strong> <a href=\"https:\/\/pisg.wgsr.uw.edu.pl\/wp-content\/uploads\/pisg\/T.56\/Katarzyna-Grabowska.pdf\">Ci\u0105gi dni burzowych w Polsce i ich zale\u017cno\u015b\u0107 od typ\u00f3w cyrkulacji atmosferycznej i warunk\u00f3w synoptycznych \/ Series of storm days in Poland and their dependence on the types of atmospheric circulation and the synoptic conditions<\/a><\/p>\n<p style=\"text-align: justify;\"><strong>Urszula KOSSOWSKA-CEZAK, Jolanta WAWER <a href=\"https:\/\/pisg.wgsr.uw.edu.pl\/wp-content\/uploads\/pisg\/T.56\/Urszula-Kossowska-Cezak-Jolanta-Wawer.pdf\">Skrajno\u015bci termiczne w klimacie Warszawy (1947-2013) \/ Therminal extremalities of the climate in Warsaw (1947-2013)<\/a><\/strong><\/p>\n<p style=\"text-align: justify;\"><strong>Kamil LEZIAK<\/strong> <a href=\"https:\/\/pisg.wgsr.uw.edu.pl\/wp-content\/uploads\/pisg\/T.56\/Kamil-Leziak.pdf\">Wyst\u0119powanie tornad w Ameryce P\u00f3\u0142nocnej w latach 2000-2011 \/ Tornadoes occurrence in North America in years 2000-2011<\/a><\/p>\n<p><strong>Katarzyna LINDNER-CENDROWSKA<\/strong> <a href=\"https:\/\/pisg.wgsr.uw.edu.pl\/wp-content\/uploads\/pisg\/T.56\/Katarzyna-Lindner-Cendrowska.pdf\">Ocena bioklimatycznych uwarunkowa\u0144 turystyki pla\u017cowej na Wyspach Kanaryjskich \/ Assessment of Canary Islands bioclimatic conditions for beach tourism purpose<\/a><\/p>\n<p><strong>Monika LISOWSKA<\/strong> <a href=\"https:\/\/pisg.wgsr.uw.edu.pl\/wp-content\/uploads\/pisg\/T.56\/Monika-Lisowska.pdf\">Zale\u017cno\u015b\u0107 zmian pr\u0119dko\u015bci wiatru wraz z wysoko\u015bci\u0105 od cyrkulacji atmosferycznej na przyk\u0142adzie \u017be\u0144ska (2008-2009) \/ The in\ufb02uence of atmospheric circulation on vertical wind speed changes in \u017be\u0144sko (2008-2009)<\/a><\/p>\n<p><strong>Joanna POP\u0141AWSKA<\/strong> <a href=\"https:\/\/pisg.wgsr.uw.edu.pl\/wp-content\/uploads\/pisg\/T.56\/Joanna-Poplawska.pdf\">Tornada superkom\u00f3rkowe w Polsce studium przypadku z 15 sierpnia 2008 \/ Supercell tornadoes in Poland \u2013 case study (15th August 2008)<\/a><\/p>\n<p><strong>Elwira \u017bMUDZKA<\/strong> <a href=\"https:\/\/pisg.wgsr.uw.edu.pl\/wp-content\/uploads\/pisg\/T.56\/Elwira-Zmudzka.pdf\">Wybrane cechy zmienno\u015bci zachmurzenia nad Polsk\u0105 \/ Chosen features of variability of cloudiness over Poland\u00a0<\/a><\/p>\n","protected":false},"excerpt":{"rendered":"<p>Jolanta WAWER Dzia\u0142alno\u015b\u0107 naukowa i dydaktyczna prof. dr hab. Marii Stopy Boryczki Jaros\u0142aw BARANOWSKI, Krzysztof B\u0141A\u017bEJCZYK, Pawe\u0142 MILEWSKI Klimat akustyczny w otoczeniu wybranych odcink\u00f3w dr\u00f3g wyniki wst\u0119pne \/ Acoustic climate in the surrounding of selected sectors of roads in Poland \u2013 preliminary results Krzysztof B\u0141A\u017bEJCZYK, Anna B\u0141A\u017bEJCZYK, Jaros\u0142aw BARANOWSKI Wieloletnia zmienno\u015b\u0107 niekt\u00f3rych chor\u00f3b klimatozale\u017cnych w [&hellip;]<\/p>\n","protected":false},"author":1,"featured_media":0,"parent":97,"menu_order":0,"comment_status":"closed","ping_status":"closed","template":"","meta":{"_monsterinsights_skip_tracking":false,"_monsterinsights_sitenote_active":false,"_monsterinsights_sitenote_note":"","_monsterinsights_sitenote_category":0,"footnotes":""},"class_list":["post-3888","page","type-page","status-publish","hentry","post"],"yoast_head":"<!-- This site is optimized with the Yoast SEO plugin v27.5 - https:\/\/yoast.com\/product\/yoast-seo-wordpress\/ -->\n<title>Tom 56 [Volume 56] Tom dedykowany Pani Prof. dr hab. Marii Stopie-Boryczce - red. Elwira \u017bmudzka, 2014 - Prace i Studia Geograficzne | Studies in Geography<\/title>\n<meta name=\"robots\" content=\"index, follow, max-snippet:-1, max-image-preview:large, max-video-preview:-1\" \/>\n<link rel=\"canonical\" href=\"https:\/\/pisg.wgsr.uw.edu.pl\/?page_id=3888\" \/>\n<meta property=\"og:locale\" content=\"pl_PL\" \/>\n<meta property=\"og:type\" content=\"article\" \/>\n<meta property=\"og:title\" content=\"Tom 56 [Volume 56] Tom dedykowany Pani Prof. dr hab. Marii Stopie-Boryczce - red. Elwira \u017bmudzka, 2014 - Prace i Studia Geograficzne | Studies in Geography\" \/>\n<meta property=\"og:description\" content=\"Jolanta WAWER Dzia\u0142alno\u015b\u0107 naukowa i dydaktyczna prof. dr hab. Marii Stopy Boryczki Jaros\u0142aw BARANOWSKI, Krzysztof B\u0141A\u017bEJCZYK, Pawe\u0142 MILEWSKI Klimat akustyczny w otoczeniu wybranych odcink\u00f3w dr\u00f3g wyniki wst\u0119pne \/ Acoustic climate in the surrounding of selected sectors of roads in Poland \u2013 preliminary results Krzysztof B\u0141A\u017bEJCZYK, Anna B\u0141A\u017bEJCZYK, Jaros\u0142aw BARANOWSKI Wieloletnia zmienno\u015b\u0107 niekt\u00f3rych chor\u00f3b klimatozale\u017cnych w [&hellip;]\" \/>\n<meta property=\"og:url\" content=\"https:\/\/pisg.wgsr.uw.edu.pl\/?page_id=3888\" \/>\n<meta property=\"og:site_name\" content=\"Prace i Studia Geograficzne | Studies in Geography\" \/>\n<meta property=\"article:modified_time\" content=\"2025-10-14T14:39:16+00:00\" \/>\n<meta name=\"twitter:card\" content=\"summary_large_image\" \/>\n<meta name=\"twitter:label1\" content=\"Szacowany czas czytania\" \/>\n\t<meta name=\"twitter:data1\" content=\"2 minuty\" \/>\n<script type=\"application\/ld+json\" class=\"yoast-schema-graph\">{\"@context\":\"https:\\\/\\\/schema.org\",\"@graph\":[{\"@type\":\"WebPage\",\"@id\":\"https:\\\/\\\/pisg.wgsr.uw.edu.pl\\\/?page_id=3888\",\"url\":\"https:\\\/\\\/pisg.wgsr.uw.edu.pl\\\/?page_id=3888\",\"name\":\"Tom 56 [Volume 56] Tom dedykowany Pani Prof. dr hab. Marii Stopie-Boryczce - red. Elwira \u017bmudzka, 2014 - Prace i Studia Geograficzne | Studies in Geography\",\"isPartOf\":{\"@id\":\"https:\\\/\\\/pisg.wgsr.uw.edu.pl\\\/#website\"},\"datePublished\":\"2025-10-14T14:26:56+00:00\",\"dateModified\":\"2025-10-14T14:39:16+00:00\",\"breadcrumb\":{\"@id\":\"https:\\\/\\\/pisg.wgsr.uw.edu.pl\\\/?page_id=3888#breadcrumb\"},\"inLanguage\":\"pl-PL\",\"potentialAction\":[{\"@type\":\"ReadAction\",\"target\":[\"https:\\\/\\\/pisg.wgsr.uw.edu.pl\\\/?page_id=3888\"]}]},{\"@type\":\"BreadcrumbList\",\"@id\":\"https:\\\/\\\/pisg.wgsr.uw.edu.pl\\\/?page_id=3888#breadcrumb\",\"itemListElement\":[{\"@type\":\"ListItem\",\"position\":1,\"name\":\"Strona g\u0142\u00f3wna\",\"item\":\"https:\\\/\\\/pisg.wgsr.uw.edu.pl\\\/\"},{\"@type\":\"ListItem\",\"position\":2,\"name\":\"Tomy\",\"item\":\"https:\\\/\\\/pisg.wgsr.uw.edu.pl\\\/?page_id=97\"},{\"@type\":\"ListItem\",\"position\":3,\"name\":\"Tom 56 [Volume 56] Tom dedykowany Pani Prof. dr hab. Marii Stopie-Boryczce &#8211; red. Elwira \u017bmudzka, 2014\"}]},{\"@type\":\"WebSite\",\"@id\":\"https:\\\/\\\/pisg.wgsr.uw.edu.pl\\\/#website\",\"url\":\"https:\\\/\\\/pisg.wgsr.uw.edu.pl\\\/\",\"name\":\"Prace i Studia Geograficzne | Studies in Geography\",\"description\":\"Prace i Studia Geograficzne s\u0105 recenzowanym czasopismem wydawanym przez Wydzia\u0142 Geografii i Studi\u00f3w Regionalnych Uniwersytetu Warszawskiego\",\"potentialAction\":[{\"@type\":\"SearchAction\",\"target\":{\"@type\":\"EntryPoint\",\"urlTemplate\":\"https:\\\/\\\/pisg.wgsr.uw.edu.pl\\\/?s={search_term_string}\"},\"query-input\":{\"@type\":\"PropertyValueSpecification\",\"valueRequired\":true,\"valueName\":\"search_term_string\"}}],\"inLanguage\":\"pl-PL\"}]}<\/script>\n<!-- \/ Yoast SEO plugin. -->","yoast_head_json":{"title":"Tom 56 [Volume 56] Tom dedykowany Pani Prof. dr hab. Marii Stopie-Boryczce - red. Elwira \u017bmudzka, 2014 - Prace i Studia Geograficzne | Studies in Geography","robots":{"index":"index","follow":"follow","max-snippet":"max-snippet:-1","max-image-preview":"max-image-preview:large","max-video-preview":"max-video-preview:-1"},"canonical":"https:\/\/pisg.wgsr.uw.edu.pl\/?page_id=3888","og_locale":"pl_PL","og_type":"article","og_title":"Tom 56 [Volume 56] Tom dedykowany Pani Prof. dr hab. Marii Stopie-Boryczce - red. Elwira \u017bmudzka, 2014 - Prace i Studia Geograficzne | Studies in Geography","og_description":"Jolanta WAWER Dzia\u0142alno\u015b\u0107 naukowa i dydaktyczna prof. dr hab. Marii Stopy Boryczki Jaros\u0142aw BARANOWSKI, Krzysztof B\u0141A\u017bEJCZYK, Pawe\u0142 MILEWSKI Klimat akustyczny w otoczeniu wybranych odcink\u00f3w dr\u00f3g wyniki wst\u0119pne \/ Acoustic climate in the surrounding of selected sectors of roads in Poland \u2013 preliminary results Krzysztof B\u0141A\u017bEJCZYK, Anna B\u0141A\u017bEJCZYK, Jaros\u0142aw BARANOWSKI Wieloletnia zmienno\u015b\u0107 niekt\u00f3rych chor\u00f3b klimatozale\u017cnych w [&hellip;]","og_url":"https:\/\/pisg.wgsr.uw.edu.pl\/?page_id=3888","og_site_name":"Prace i Studia Geograficzne | Studies in Geography","article_modified_time":"2025-10-14T14:39:16+00:00","twitter_card":"summary_large_image","twitter_misc":{"Szacowany czas czytania":"2 minuty"},"schema":{"@context":"https:\/\/schema.org","@graph":[{"@type":"WebPage","@id":"https:\/\/pisg.wgsr.uw.edu.pl\/?page_id=3888","url":"https:\/\/pisg.wgsr.uw.edu.pl\/?page_id=3888","name":"Tom 56 [Volume 56] Tom dedykowany Pani Prof. dr hab. Marii Stopie-Boryczce - red. Elwira \u017bmudzka, 2014 - Prace i Studia Geograficzne | Studies in Geography","isPartOf":{"@id":"https:\/\/pisg.wgsr.uw.edu.pl\/#website"},"datePublished":"2025-10-14T14:26:56+00:00","dateModified":"2025-10-14T14:39:16+00:00","breadcrumb":{"@id":"https:\/\/pisg.wgsr.uw.edu.pl\/?page_id=3888#breadcrumb"},"inLanguage":"pl-PL","potentialAction":[{"@type":"ReadAction","target":["https:\/\/pisg.wgsr.uw.edu.pl\/?page_id=3888"]}]},{"@type":"BreadcrumbList","@id":"https:\/\/pisg.wgsr.uw.edu.pl\/?page_id=3888#breadcrumb","itemListElement":[{"@type":"ListItem","position":1,"name":"Strona g\u0142\u00f3wna","item":"https:\/\/pisg.wgsr.uw.edu.pl\/"},{"@type":"ListItem","position":2,"name":"Tomy","item":"https:\/\/pisg.wgsr.uw.edu.pl\/?page_id=97"},{"@type":"ListItem","position":3,"name":"Tom 56 [Volume 56] Tom dedykowany Pani Prof. dr hab. Marii Stopie-Boryczce &#8211; red. Elwira \u017bmudzka, 2014"}]},{"@type":"WebSite","@id":"https:\/\/pisg.wgsr.uw.edu.pl\/#website","url":"https:\/\/pisg.wgsr.uw.edu.pl\/","name":"Prace i Studia Geograficzne | Studies in Geography","description":"Prace i Studia Geograficzne s\u0105 recenzowanym czasopismem wydawanym przez Wydzia\u0142 Geografii i Studi\u00f3w Regionalnych Uniwersytetu Warszawskiego","potentialAction":[{"@type":"SearchAction","target":{"@type":"EntryPoint","urlTemplate":"https:\/\/pisg.wgsr.uw.edu.pl\/?s={search_term_string}"},"query-input":{"@type":"PropertyValueSpecification","valueRequired":true,"valueName":"search_term_string"}}],"inLanguage":"pl-PL"}]}},"_links":{"self":[{"href":"https:\/\/pisg.wgsr.uw.edu.pl\/index.php?rest_route=\/wp\/v2\/pages\/3888","targetHints":{"allow":["GET"]}}],"collection":[{"href":"https:\/\/pisg.wgsr.uw.edu.pl\/index.php?rest_route=\/wp\/v2\/pages"}],"about":[{"href":"https:\/\/pisg.wgsr.uw.edu.pl\/index.php?rest_route=\/wp\/v2\/types\/page"}],"author":[{"embeddable":true,"href":"https:\/\/pisg.wgsr.uw.edu.pl\/index.php?rest_route=\/wp\/v2\/users\/1"}],"replies":[{"embeddable":true,"href":"https:\/\/pisg.wgsr.uw.edu.pl\/index.php?rest_route=%2Fwp%2Fv2%2Fcomments&post=3888"}],"version-history":[{"count":4,"href":"https:\/\/pisg.wgsr.uw.edu.pl\/index.php?rest_route=\/wp\/v2\/pages\/3888\/revisions"}],"predecessor-version":[{"id":3907,"href":"https:\/\/pisg.wgsr.uw.edu.pl\/index.php?rest_route=\/wp\/v2\/pages\/3888\/revisions\/3907"}],"up":[{"embeddable":true,"href":"https:\/\/pisg.wgsr.uw.edu.pl\/index.php?rest_route=\/wp\/v2\/pages\/97"}],"wp:attachment":[{"href":"https:\/\/pisg.wgsr.uw.edu.pl\/index.php?rest_route=%2Fwp%2Fv2%2Fmedia&parent=3888"}],"curies":[{"name":"wp","href":"https:\/\/api.w.org\/{rel}","templated":true}]}}