{"id":3935,"date":"2025-10-16T11:37:21","date_gmt":"2025-10-16T11:37:21","guid":{"rendered":"https:\/\/pisg.wgsr.uw.edu.pl\/?page_id=3935"},"modified":"2025-10-16T12:05:50","modified_gmt":"2025-10-16T12:05:50","slug":"tom-55-volume-55-red-dorota-rucinska-2014","status":"publish","type":"page","link":"https:\/\/pisg.wgsr.uw.edu.pl\/?page_id=3935","title":{"rendered":"Tom 55 [Volume 55] &#8211;  red. Dorota Ruci\u0144ska, 2014"},"content":{"rendered":"<p>&nbsp;<\/p>\n<p style=\"text-align: justify;\"><strong>Martyna DANIELEWICZ<\/strong> <a href=\"https:\/\/pisg.wgsr.uw.edu.pl\/wp-content\/uploads\/pisg\/T.55\/pist55_danielewicz.pdf\">Determinanty skutecznej komunikacji kryzysowej \/ Determinants of effective crisis communication<\/a><\/p>\n<p><strong>Pawe\u0142 D\u0104BROWSKI<\/strong> <a href=\"https:\/\/pisg.wgsr.uw.edu.pl\/wp-content\/uploads\/pisg\/T.55\/pist55_Dabrowski.pdf\">Resortowo\u015b\u0107 jako \u017ar\u00f3d\u0142o zagro\u017ce\u0144 w systemie zarz\u0105dzania kryzysowego \/ Department as a source of threats in the crisis management system<\/a><\/p>\n<p><strong>Jaros\u0142aw DZIA\u0141EK, Wojciech BIERNACKI<\/strong> <a href=\"https:\/\/pisg.wgsr.uw.edu.pl\/wp-content\/uploads\/pisg\/T.55\/pist55_dzialek_biernacki.pdf\">Wra\u017cliwo\u015b\u0107 spo\u0142eczna na kl\u0119ski \u017cywio\u0142owe \u2013 uj\u0119cia teoretyczne i praktyka badawcza \/ Social vulnerability to natural disasters &#8211; Theoretical and empirical approaches<\/a><\/p>\n<p style=\"text-align: justify;\"><strong>Pawe\u0142 GROMEK<\/strong> <a href=\"https:\/\/pisg.wgsr.uw.edu.pl\/wp-content\/uploads\/pisg\/T.55\/pist55_Gromek.pdf\">Aspekt spo\u0142eczny analizy ryzyka ewakuacji ludno\u015bci w obliczu kl\u0119ski \u017cywio\u0142owej w Polsce \/ Social aspect of risk analysis during people evacuation face-to-face with natural disaster in Poland<\/a><\/p>\n<p style=\"text-align: justify;\"><strong>Monika KACZA\u0141A<\/strong> <a href=\"https:\/\/pisg.wgsr.uw.edu.pl\/wp-content\/uploads\/pisg\/T.55\/pist55_Kaczala.pdf\">Susza rolnicza \u2013 skutki dla gospodarstwa rolnego i mo\u017cliwo\u015b\u0107 ich finansowania przez ubezpieczenie \/ Agricultural drought &#8211; its impact on farms and possibilities of insurance-based financing<\/a><\/p>\n<p style=\"text-align: justify;\"><strong>Aneta KU\u0141AKOWSKA-BICZ<\/strong><a href=\"https:\/\/pisg.wgsr.uw.edu.pl\/wp-content\/uploads\/pisg\/T.55\/pist55_Kulakowska-Bicz.pdf\">Zdarzenia katastroficzne i ich ubezpieczenie w Polsce w \u015bwietle bada\u0144 empirycznych \/ Catastrophic events and their insurance in Poland in the light of empirical research<\/a><\/p>\n<p style=\"text-align: justify;\"><strong>Maciej LECHOWICZ, Tomasz NOWACKI<\/strong> E<a href=\"https:\/\/pisg.wgsr.uw.edu.pl\/wp-content\/uploads\/pisg\/T.55\/pist55_Lechowicz_Nowacki.pdf\">dukacja szkolna jako element procesu redukcji ryzyka kl\u0119sk \u017cywio\u0142owych \/ School education as an element of natural disaster risk reduction<\/a><\/p>\n<p><strong>Wojciech POKOJSKI, Patryk KORZENIECKI, Micha\u0142 KOWALEWSKI<\/strong> <a href=\"https:\/\/pisg.wgsr.uw.edu.pl\/wp-content\/uploads\/pisg\/T.55\/pist55Pokojski_Korzeniecki_kowalewski.pdf\">Klimatyczne zagro\u017cenia naturalne w Polsce &#8211; wyb\u00f3r wska\u017anik\u00f3w \/ Climate natural hazards in Poland &#8211; selection the indicators<\/a><\/p>\n<p style=\"text-align: justify;\"><strong>Mariusz PORCZEK<\/strong> <a href=\"https:\/\/pisg.wgsr.uw.edu.pl\/wp-content\/uploads\/pisg\/T.55\/pist55_Porczek.pdf\">Meteoportale jako czynniki kszta\u0142tuj\u0105ce \u015bwiadomo\u015b\u0107 spo\u0142eczn\u0105 na temat zagro\u017ce\u0144 naturalnych na przyk\u0142adzie zjawisk pogodowych \/ The Meteoportals as a factors affecting social consciousness of natural hazards on the example of weather phenomena<\/a><\/p>\n<p style=\"text-align: justify;\"><strong>Dorota RUCI\u0143SKA<\/strong> <a href=\"https:\/\/pisg.wgsr.uw.edu.pl\/wp-content\/uploads\/pisg\/T.55\/pist55_Rucinska1.pdf\">Interdyscyplinarno\u015b\u0107 i uniwersalno\u015b\u0107 koncepcji redukcji ryzyka kl\u0119sk \u017cywio\u0142owych \/ Interdisciplinarity and the versatility of the concept of disaster risk reduction<\/a><\/p>\n<p style=\"text-align: justify;\"><strong>Dorota RUCI\u0143SKA<\/strong> <a href=\"https:\/\/pisg.wgsr.uw.edu.pl\/wp-content\/uploads\/pisg\/T.55\/pist55_Rucinska2.pdf\">Podatno\u015b\u0107 spo\u0142eczna na zagro\u017cenia naturalne jako element ryzyka \/ Przegl\u0105d koncepcji naukowych. Vulnerability to natural hazards as the risk element. Conceptual rev<\/a>iew<\/p>\n<p style=\"text-align: justify;\"><strong>Witold SKOMRA<\/strong> <a href=\"https:\/\/pisg.wgsr.uw.edu.pl\/wp-content\/uploads\/pisg\/T.55\/pist55_Skomra.pdf\">Metodyka oceny ryzyka na potrzeby systemu zarz\u0105dzania kryzysowego Rzeczpospolitej Polskiej \/ Methodology of risk assessment for Crisis Management System in Poland<\/a><\/p>\n<p style=\"text-align: justify;\"><strong>El\u017cbieta STRZELECKA<\/strong> <a href=\"https:\/\/pisg.wgsr.uw.edu.pl\/wp-content\/uploads\/pisg\/T.55\/pist55_Strzelecka.pdf\">Budowanie bezpiecze\u0144stwa przeciwpowodziowego. \u015awiadomo\u015b\u0107 spo\u0142eczna i mo\u017cliwo\u015bci zmian \/ Creating flood security. Public awareness and the potential for change<\/a><\/p>\n<p style=\"text-align: justify;\"><strong>Maria W\u0104SOWSKA<\/strong> <a href=\"https:\/\/pisg.wgsr.uw.edu.pl\/wp-content\/uploads\/pisg\/T.55\/pist55_Wasowska.pdf\">Percepcja ryzyka wulkanicznego na wyspach \/ Volcanic risk perception on the islands<\/a><\/p>\n<p style=\"text-align: justify;\"><strong>Wojciech ZAJ\u0104C, Krzysztof GARGULA<\/strong> <a href=\"https:\/\/pisg.wgsr.uw.edu.pl\/wp-content\/uploads\/pisg\/T.55\/pist55_Zajac_gargula.pdf\">Przeciwdzia\u0142anie kl\u0119skom \u017cywio\u0142owym przez administracj\u0119 publiczn\u0105 na przyk\u0142adzie powiatowego centrum zarz\u0105dzania kryzysowego Bytomia \/ Counteraction for the natural disasters using the civil service. case study of the Bytom County Crisis Management Center<\/a><\/p>\n","protected":false},"excerpt":{"rendered":"<p>&nbsp; Martyna DANIELEWICZ Determinanty skutecznej komunikacji kryzysowej \/ Determinants of effective crisis communication Pawe\u0142 D\u0104BROWSKI Resortowo\u015b\u0107 jako \u017ar\u00f3d\u0142o zagro\u017ce\u0144 w systemie zarz\u0105dzania kryzysowego \/ Department as a source of threats in the crisis management system Jaros\u0142aw DZIA\u0141EK, Wojciech BIERNACKI Wra\u017cliwo\u015b\u0107 spo\u0142eczna na kl\u0119ski \u017cywio\u0142owe \u2013 uj\u0119cia teoretyczne i praktyka badawcza \/ Social vulnerability to natural [&hellip;]<\/p>\n","protected":false},"author":1,"featured_media":0,"parent":97,"menu_order":0,"comment_status":"closed","ping_status":"closed","template":"","meta":{"_monsterinsights_skip_tracking":false,"_monsterinsights_sitenote_active":false,"_monsterinsights_sitenote_note":"","_monsterinsights_sitenote_category":0,"footnotes":""},"class_list":["post-3935","page","type-page","status-publish","hentry","post"],"yoast_head":"<!-- This site is optimized with the Yoast SEO plugin v27.5 - https:\/\/yoast.com\/product\/yoast-seo-wordpress\/ -->\n<title>Tom 55 [Volume 55] - red. Dorota Ruci\u0144ska, 2014 - Prace i Studia Geograficzne | Studies in Geography<\/title>\n<meta name=\"robots\" content=\"index, follow, max-snippet:-1, max-image-preview:large, max-video-preview:-1\" \/>\n<link rel=\"canonical\" href=\"https:\/\/pisg.wgsr.uw.edu.pl\/?page_id=3935\" \/>\n<meta property=\"og:locale\" content=\"pl_PL\" \/>\n<meta property=\"og:type\" content=\"article\" \/>\n<meta property=\"og:title\" content=\"Tom 55 [Volume 55] - red. Dorota Ruci\u0144ska, 2014 - Prace i Studia Geograficzne | Studies in Geography\" \/>\n<meta property=\"og:description\" content=\"&nbsp; Martyna DANIELEWICZ Determinanty skutecznej komunikacji kryzysowej \/ Determinants of effective crisis communication Pawe\u0142 D\u0104BROWSKI Resortowo\u015b\u0107 jako \u017ar\u00f3d\u0142o zagro\u017ce\u0144 w systemie zarz\u0105dzania kryzysowego \/ Department as a source of threats in the crisis management system Jaros\u0142aw DZIA\u0141EK, Wojciech BIERNACKI Wra\u017cliwo\u015b\u0107 spo\u0142eczna na kl\u0119ski \u017cywio\u0142owe \u2013 uj\u0119cia teoretyczne i praktyka badawcza \/ Social vulnerability to natural [&hellip;]\" \/>\n<meta property=\"og:url\" content=\"https:\/\/pisg.wgsr.uw.edu.pl\/?page_id=3935\" \/>\n<meta property=\"og:site_name\" content=\"Prace i Studia Geograficzne | Studies in Geography\" \/>\n<meta property=\"article:modified_time\" content=\"2025-10-16T12:05:50+00:00\" \/>\n<meta name=\"twitter:card\" content=\"summary_large_image\" \/>\n<meta name=\"twitter:label1\" content=\"Szacowany czas czytania\" \/>\n\t<meta name=\"twitter:data1\" content=\"3 minuty\" \/>\n<script type=\"application\/ld+json\" class=\"yoast-schema-graph\">{\"@context\":\"https:\\\/\\\/schema.org\",\"@graph\":[{\"@type\":\"WebPage\",\"@id\":\"https:\\\/\\\/pisg.wgsr.uw.edu.pl\\\/?page_id=3935\",\"url\":\"https:\\\/\\\/pisg.wgsr.uw.edu.pl\\\/?page_id=3935\",\"name\":\"Tom 55 [Volume 55] - red. Dorota Ruci\u0144ska, 2014 - Prace i Studia Geograficzne | Studies in Geography\",\"isPartOf\":{\"@id\":\"https:\\\/\\\/pisg.wgsr.uw.edu.pl\\\/#website\"},\"datePublished\":\"2025-10-16T11:37:21+00:00\",\"dateModified\":\"2025-10-16T12:05:50+00:00\",\"breadcrumb\":{\"@id\":\"https:\\\/\\\/pisg.wgsr.uw.edu.pl\\\/?page_id=3935#breadcrumb\"},\"inLanguage\":\"pl-PL\",\"potentialAction\":[{\"@type\":\"ReadAction\",\"target\":[\"https:\\\/\\\/pisg.wgsr.uw.edu.pl\\\/?page_id=3935\"]}]},{\"@type\":\"BreadcrumbList\",\"@id\":\"https:\\\/\\\/pisg.wgsr.uw.edu.pl\\\/?page_id=3935#breadcrumb\",\"itemListElement\":[{\"@type\":\"ListItem\",\"position\":1,\"name\":\"Strona g\u0142\u00f3wna\",\"item\":\"https:\\\/\\\/pisg.wgsr.uw.edu.pl\\\/\"},{\"@type\":\"ListItem\",\"position\":2,\"name\":\"Tomy\",\"item\":\"https:\\\/\\\/pisg.wgsr.uw.edu.pl\\\/?page_id=97\"},{\"@type\":\"ListItem\",\"position\":3,\"name\":\"Tom 55 [Volume 55] &#8211; red. Dorota Ruci\u0144ska, 2014\"}]},{\"@type\":\"WebSite\",\"@id\":\"https:\\\/\\\/pisg.wgsr.uw.edu.pl\\\/#website\",\"url\":\"https:\\\/\\\/pisg.wgsr.uw.edu.pl\\\/\",\"name\":\"Prace i Studia Geograficzne | Studies in Geography\",\"description\":\"Prace i Studia Geograficzne s\u0105 recenzowanym czasopismem wydawanym przez Wydzia\u0142 Geografii i Studi\u00f3w Regionalnych Uniwersytetu Warszawskiego\",\"potentialAction\":[{\"@type\":\"SearchAction\",\"target\":{\"@type\":\"EntryPoint\",\"urlTemplate\":\"https:\\\/\\\/pisg.wgsr.uw.edu.pl\\\/?s={search_term_string}\"},\"query-input\":{\"@type\":\"PropertyValueSpecification\",\"valueRequired\":true,\"valueName\":\"search_term_string\"}}],\"inLanguage\":\"pl-PL\"}]}<\/script>\n<!-- \/ Yoast SEO plugin. -->","yoast_head_json":{"title":"Tom 55 [Volume 55] - red. Dorota Ruci\u0144ska, 2014 - Prace i Studia Geograficzne | Studies in Geography","robots":{"index":"index","follow":"follow","max-snippet":"max-snippet:-1","max-image-preview":"max-image-preview:large","max-video-preview":"max-video-preview:-1"},"canonical":"https:\/\/pisg.wgsr.uw.edu.pl\/?page_id=3935","og_locale":"pl_PL","og_type":"article","og_title":"Tom 55 [Volume 55] - red. Dorota Ruci\u0144ska, 2014 - Prace i Studia Geograficzne | Studies in Geography","og_description":"&nbsp; Martyna DANIELEWICZ Determinanty skutecznej komunikacji kryzysowej \/ Determinants of effective crisis communication Pawe\u0142 D\u0104BROWSKI Resortowo\u015b\u0107 jako \u017ar\u00f3d\u0142o zagro\u017ce\u0144 w systemie zarz\u0105dzania kryzysowego \/ Department as a source of threats in the crisis management system Jaros\u0142aw DZIA\u0141EK, Wojciech BIERNACKI Wra\u017cliwo\u015b\u0107 spo\u0142eczna na kl\u0119ski \u017cywio\u0142owe \u2013 uj\u0119cia teoretyczne i praktyka badawcza \/ Social vulnerability to natural [&hellip;]","og_url":"https:\/\/pisg.wgsr.uw.edu.pl\/?page_id=3935","og_site_name":"Prace i Studia Geograficzne | Studies in Geography","article_modified_time":"2025-10-16T12:05:50+00:00","twitter_card":"summary_large_image","twitter_misc":{"Szacowany czas czytania":"3 minuty"},"schema":{"@context":"https:\/\/schema.org","@graph":[{"@type":"WebPage","@id":"https:\/\/pisg.wgsr.uw.edu.pl\/?page_id=3935","url":"https:\/\/pisg.wgsr.uw.edu.pl\/?page_id=3935","name":"Tom 55 [Volume 55] - red. Dorota Ruci\u0144ska, 2014 - Prace i Studia Geograficzne | Studies in Geography","isPartOf":{"@id":"https:\/\/pisg.wgsr.uw.edu.pl\/#website"},"datePublished":"2025-10-16T11:37:21+00:00","dateModified":"2025-10-16T12:05:50+00:00","breadcrumb":{"@id":"https:\/\/pisg.wgsr.uw.edu.pl\/?page_id=3935#breadcrumb"},"inLanguage":"pl-PL","potentialAction":[{"@type":"ReadAction","target":["https:\/\/pisg.wgsr.uw.edu.pl\/?page_id=3935"]}]},{"@type":"BreadcrumbList","@id":"https:\/\/pisg.wgsr.uw.edu.pl\/?page_id=3935#breadcrumb","itemListElement":[{"@type":"ListItem","position":1,"name":"Strona g\u0142\u00f3wna","item":"https:\/\/pisg.wgsr.uw.edu.pl\/"},{"@type":"ListItem","position":2,"name":"Tomy","item":"https:\/\/pisg.wgsr.uw.edu.pl\/?page_id=97"},{"@type":"ListItem","position":3,"name":"Tom 55 [Volume 55] &#8211; red. Dorota Ruci\u0144ska, 2014"}]},{"@type":"WebSite","@id":"https:\/\/pisg.wgsr.uw.edu.pl\/#website","url":"https:\/\/pisg.wgsr.uw.edu.pl\/","name":"Prace i Studia Geograficzne | Studies in Geography","description":"Prace i Studia Geograficzne s\u0105 recenzowanym czasopismem wydawanym przez Wydzia\u0142 Geografii i Studi\u00f3w Regionalnych Uniwersytetu Warszawskiego","potentialAction":[{"@type":"SearchAction","target":{"@type":"EntryPoint","urlTemplate":"https:\/\/pisg.wgsr.uw.edu.pl\/?s={search_term_string}"},"query-input":{"@type":"PropertyValueSpecification","valueRequired":true,"valueName":"search_term_string"}}],"inLanguage":"pl-PL"}]}},"_links":{"self":[{"href":"https:\/\/pisg.wgsr.uw.edu.pl\/index.php?rest_route=\/wp\/v2\/pages\/3935","targetHints":{"allow":["GET"]}}],"collection":[{"href":"https:\/\/pisg.wgsr.uw.edu.pl\/index.php?rest_route=\/wp\/v2\/pages"}],"about":[{"href":"https:\/\/pisg.wgsr.uw.edu.pl\/index.php?rest_route=\/wp\/v2\/types\/page"}],"author":[{"embeddable":true,"href":"https:\/\/pisg.wgsr.uw.edu.pl\/index.php?rest_route=\/wp\/v2\/users\/1"}],"replies":[{"embeddable":true,"href":"https:\/\/pisg.wgsr.uw.edu.pl\/index.php?rest_route=%2Fwp%2Fv2%2Fcomments&post=3935"}],"version-history":[{"count":4,"href":"https:\/\/pisg.wgsr.uw.edu.pl\/index.php?rest_route=\/wp\/v2\/pages\/3935\/revisions"}],"predecessor-version":[{"id":3939,"href":"https:\/\/pisg.wgsr.uw.edu.pl\/index.php?rest_route=\/wp\/v2\/pages\/3935\/revisions\/3939"}],"up":[{"embeddable":true,"href":"https:\/\/pisg.wgsr.uw.edu.pl\/index.php?rest_route=\/wp\/v2\/pages\/97"}],"wp:attachment":[{"href":"https:\/\/pisg.wgsr.uw.edu.pl\/index.php?rest_route=%2Fwp%2Fv2%2Fmedia&parent=3935"}],"curies":[{"name":"wp","href":"https:\/\/api.w.org\/{rel}","templated":true}]}}