{"id":3964,"date":"2025-10-16T12:08:07","date_gmt":"2025-10-16T12:08:07","guid":{"rendered":"https:\/\/pisg.wgsr.uw.edu.pl\/?page_id=3964"},"modified":"2025-10-16T12:20:11","modified_gmt":"2025-10-16T12:20:11","slug":"tom-54volume-54-geografia-polityczna-red-marcin-wojciech-solarz-malgorzata-wojtaszczyk-2014","status":"publish","type":"page","link":"https:\/\/pisg.wgsr.uw.edu.pl\/?page_id=3964","title":{"rendered":"Tom 54 [Volume 54] Geografia Polityczna.  &#8211; red. Marcin Wojciech Solarz, Ma\u0142gorzata Wojtaszczyk, 2014"},"content":{"rendered":"<p><strong>Jolanta BRY\u0141A<\/strong> <a href=\"https:\/\/pisg.wgsr.uw.edu.pl\/wp-content\/uploads\/pisg\/T.54\/PiSG_Tom-54bryla.pdf\">Delimitacja przestrzeni kosmicznej: cel, zasadno\u015b\u0107, rywalizacja interes\u00f3w \/ Outer space delimitation: aims, necessity, competing interests<\/a><\/p>\n<p><strong>Igor KAVETSKYY<\/strong>\u00a0<a href=\"https:\/\/pisg.wgsr.uw.edu.pl\/wp-content\/uploads\/pisg\/T.54\/PiSG_Tom-54kavetsky.pdf\">Rola kontekstu geograficznego w kszta\u0142towaniu si\u0119 zachowa\u0144 wyborczych mieszka\u0144c\u00f3w Ukrainy \/ The role of the geographical context in shaping the voting behavior of Ukrainians<\/a><\/p>\n<p><strong>Andrzej KOWALCZYK<\/strong>\u00a0<a href=\"https:\/\/pisg.wgsr.uw.edu.pl\/wp-content\/uploads\/pisg\/T.54\/PiSG_Tom-54kowalczyk.pdf\">Zmiany w podziale administracyjnym Afganistanu na prze\u0142omie XX i XXI wieku \/ Changes of the administrative division in Afghanistan at the turn of the 20th and the 21st century<\/a><\/p>\n<p style=\"text-align: justify;\"><strong>Mariusz KOWALSKI<\/strong>\u00a0<a href=\"https:\/\/pisg.wgsr.uw.edu.pl\/wp-content\/uploads\/pisg\/T.54\/PiSG_Tom-54mkowalski.pdf\">Czy Wielkopolska by\u0142a prawicowa? Przestrzenne zr\u00f3\u017cnicowanie zachowa\u0144 wyborczych w Polsce w latach dwudziestych XX wieku \/ Was Greater Poland oriented to the right-of-center? Spatial differentiation of voting behavior in Poland in the 1920s.<\/a><\/p>\n<p><strong>Jakub POTULSKI<\/strong>\u00a0<a href=\"https:\/\/pisg.wgsr.uw.edu.pl\/wp-content\/uploads\/pisg\/T.54\/PiSG_Tom-54potulski.pdf\">Mikrogeopolityka \u2013 lokalno\u015b\u0107 we wsp\u00f3\u0142czesnych analizach geopolitycznych \/ Microgeopolitics \u2013 locality in contemporary geopolitical analysis<\/a><\/p>\n<p><strong>Marcin Wojciech SOLARZ<\/strong>\u00a0<a href=\"https:\/\/pisg.wgsr.uw.edu.pl\/wp-content\/uploads\/pisg\/T.54\/PiSG_Tom-54solarz.pdf\">Trwa\u0142o\u015b\u0107 granic politycznych pa\u0144stwa polskiego w latach 1569\/1667\u20132014. Podzia\u0142y przestrzeni politycznej Polski \/ The stability of the borders of the Polish state in the years 1569\/1667\u20132014.The divisions of the political space of Poland<\/a><\/p>\n<p><strong>Anna DUDEK<\/strong>\u00a0<a href=\"https:\/\/pisg.wgsr.uw.edu.pl\/wp-content\/uploads\/pisg\/T.54\/pisg_Tom54adudek.pdf\">Transgraniczne obszary chronione \u2013 problemy i mo\u017cliwo\u015bci wsp\u00f3\u0142pracy \/ Transboundary protected areas \u2013 the dilemmas and challenges of cooperation<\/a><\/p>\n<p style=\"text-align: justify;\"><strong>Katarzyna SZMIGIEL-RAWSKA<\/strong>\u00a0<a href=\"https:\/\/pisg.wgsr.uw.edu.pl\/wp-content\/uploads\/pisg\/T.54\/PiSG_Tom-54szmigierawska.pdf\">Koncepcja zale\u017cno\u015bci od \u015bcie\u017cki jako narz\u0119dzie wyja\u015bniania w badaniach ekonomicznej geografii politycznej\u00a0\/ The path dependency concept as an instrument of explanation in economic political geography<\/a><\/p>\n<p style=\"text-align: justify;\"><strong>Piotr L. WILCZY\u0143SKI, Aneta ZASTAWNY<\/strong>\u00a0<a href=\"https:\/\/pisg.wgsr.uw.edu.pl\/wp-content\/uploads\/pisg\/T.54\/PiSG_Tom-54wilczynsk_zastawny.pdf\">Problemy delimitacji i podzia\u0142 Polski na 460 okr\u0119g\u00f3w wyborczych w proponowanej jednomandatowej i mieszanej ordynacji sejmowej \/ Problems with delimitation and division of Poland on 460 constituencies in proposed single-member and mixed parliamentary electoral system<\/a><\/p>\n<p style=\"text-align: justify;\"><strong>Ma\u0142gorzata WOJTASZCZYK<\/strong><a href=\"https:\/\/pisg.wgsr.uw.edu.pl\/wp-content\/uploads\/pisg\/T.54\/PiSG_Tom-54wojtaszczyk.pdf\">\u00a0Mniejszo\u015bci narodowe i etniczne w badaniach z zakresu geografii wyborczej \u2013 nieistotny czynnik czy wa\u017cna determinanta przestrzennego zr\u00f3\u017cnicowania zachowa\u0144 wyborczych w Polsce? \/ National and ethnic minorities in electoral geography research \u2013 irrelevant or important factor of spatial differentiation of voting behaviors in Poland?<\/a><\/p>\n<p><strong>Izabella \u0141\u0118CKA, Magdalena MALINOWSKA\u00a0<\/strong>\u00a0<a href=\"https:\/\/pisg.wgsr.uw.edu.pl\/wp-content\/uploads\/pisg\/T.54\/PiSG_Tom-54ileckammalinowska.pdf\">Rasizm kulturowy a terroryzm w krajach islamskich \/ Cultural racism and terrorism in Islamic countries<\/a><\/p>\n<p><strong>Karolina DUDEK<\/strong>\u00a0<a href=\"https:\/\/pisg.wgsr.uw.edu.pl\/wp-content\/uploads\/pisg\/T.54\/PiSG_Tom-54kdudek.pdf\">Niepodleg\u0142o\u015b\u0107 Sudanu Po\u0142udniowego w kontek\u015bcie metody wyznaczania region\u00f3w kulturowych \/ Independence of South Sudan in the context of cultural regions delimitation<\/a><\/p>\n<p style=\"text-align: justify;\"><strong>Pawe\u0142 FRANCZAK, Karolina LISTWAN<\/strong>\u00a0<a href=\"https:\/\/pisg.wgsr.uw.edu.pl\/wp-content\/uploads\/pisg\/T.54\/PiSG_Tom-54pframczak_listwan.pdf\">Rola barier orograficznych w kszta\u0142towaniu preferencji wyborczych ludno\u015bci na przyk\u0142adzie pasma Polic \/ The role of orographic barriers in shaping the electoral preferences of the population, for example Polica Range<\/a><\/p>\n<p style=\"text-align: justify;\"><strong>Maciej KA\u0141ASKA<\/strong>\u00a0<a href=\"https:\/\/pisg.wgsr.uw.edu.pl\/wp-content\/uploads\/pisg\/T.54\/PiSG_Tom-54mkalaska.pdf\">Wykorzystanie geoinformatyki w geografii politycznej na przyk\u0142adzie incydent\u00f3w zbrojnych we wschodniej cz\u0119\u015bci DR Konga \/ Application of geoinformatics in political geography illustrated with an example of armed incidents in the eastern part of the DR Congo<\/a><\/p>\n<p style=\"text-align: justify;\"><strong>Dominika STUDZI\u0143SKA, Klaudia NOWICKA<\/strong>\u00a0<a href=\"https:\/\/pisg.wgsr.uw.edu.pl\/wp-content\/uploads\/pisg\/T.54\/PiSG_Tom-54dstudzinska_knowicka.pdf\">Ma\u0142y ruch graniczny z perspektywy w\u0142adz lokalnych i mieszka\u0144c\u00f3w. Przyk\u0142ad granicy polsko \u2013 rosyjskiej \/ Local border traffic from inhabitants and local authorities\u2019 point of view. The case of Polish \u2013 Russian border<\/a><\/p>\n<p style=\"text-align: justify;\"><strong>Katarzyna TOMASIK<\/strong><a href=\"https:\/\/pisg.wgsr.uw.edu.pl\/wp-content\/uploads\/pisg\/T.54\/PiSG_Tom-54tomasik.pdf\">\u00a0Wp\u0142yw w\u0142adz parku narodowego na kszta\u0142towanie polityki przestrzennej samorz\u0105du terytorialnego \u2013 na przyk\u0142adzie gminy Izabelin \/ The influence of national park authorities on shaping of local government spatial policy \u2013 on the example of Izabelin commune<\/a><\/p>\n<p><strong>Majdah J. HUSEIN\u00a0KATTEA<\/strong>\u00a0<a href=\"https:\/\/pisg.wgsr.uw.edu.pl\/wp-content\/uploads\/pisg\/T.54\/PiSG_Tom-54kattea.pdf\">Disputed Territories in Iraq \/ Terytoria sporne w Iraku<\/a><\/p>\n<p style=\"text-align: justify;\"><strong>Rafa\u0142 CZAJKOWSKI<\/strong>\u00a0<a href=\"https:\/\/pisg.wgsr.uw.edu.pl\/wp-content\/uploads\/pisg\/T.54\/PiSG_Tom-54rczajkowski.pdf\">Baza danych geograficznych Serbii i pa\u0144stw o\u015bciennych jako podstawa analiz geograficznych regionu \/ Geographic data base of Serbia and neighboring countries as the basis of geographic analysis of the region<\/a><\/p>\n","protected":false},"excerpt":{"rendered":"<p>Jolanta BRY\u0141A Delimitacja przestrzeni kosmicznej: cel, zasadno\u015b\u0107, rywalizacja interes\u00f3w \/ Outer space delimitation: aims, necessity, competing interests Igor KAVETSKYY\u00a0Rola kontekstu geograficznego w kszta\u0142towaniu si\u0119 zachowa\u0144 wyborczych mieszka\u0144c\u00f3w Ukrainy \/ The role of the geographical context in shaping the voting behavior of Ukrainians Andrzej KOWALCZYK\u00a0Zmiany w podziale administracyjnym Afganistanu na prze\u0142omie XX i XXI wieku \/ [&hellip;]<\/p>\n","protected":false},"author":1,"featured_media":0,"parent":97,"menu_order":0,"comment_status":"closed","ping_status":"closed","template":"","meta":{"_monsterinsights_skip_tracking":false,"_monsterinsights_sitenote_active":false,"_monsterinsights_sitenote_note":"","_monsterinsights_sitenote_category":0,"footnotes":""},"class_list":["post-3964","page","type-page","status-publish","hentry","post"],"yoast_head":"<!-- This site is optimized with the Yoast SEO plugin v27.5 - https:\/\/yoast.com\/product\/yoast-seo-wordpress\/ -->\n<title>Tom 54 [Volume 54] Geografia Polityczna. - red. Marcin Wojciech Solarz, Ma\u0142gorzata Wojtaszczyk, 2014 - Prace i Studia Geograficzne | Studies in Geography<\/title>\n<meta name=\"robots\" content=\"index, follow, max-snippet:-1, max-image-preview:large, max-video-preview:-1\" \/>\n<link rel=\"canonical\" href=\"https:\/\/pisg.wgsr.uw.edu.pl\/?page_id=3964\" \/>\n<meta property=\"og:locale\" content=\"pl_PL\" \/>\n<meta property=\"og:type\" content=\"article\" \/>\n<meta property=\"og:title\" content=\"Tom 54 [Volume 54] Geografia Polityczna. - red. Marcin Wojciech Solarz, Ma\u0142gorzata Wojtaszczyk, 2014 - Prace i Studia Geograficzne | Studies in Geography\" \/>\n<meta property=\"og:description\" content=\"Jolanta BRY\u0141A Delimitacja przestrzeni kosmicznej: cel, zasadno\u015b\u0107, rywalizacja interes\u00f3w \/ Outer space delimitation: aims, necessity, competing interests Igor KAVETSKYY\u00a0Rola kontekstu geograficznego w kszta\u0142towaniu si\u0119 zachowa\u0144 wyborczych mieszka\u0144c\u00f3w Ukrainy \/ The role of the geographical context in shaping the voting behavior of Ukrainians Andrzej KOWALCZYK\u00a0Zmiany w podziale administracyjnym Afganistanu na prze\u0142omie XX i XXI wieku \/ [&hellip;]\" \/>\n<meta property=\"og:url\" content=\"https:\/\/pisg.wgsr.uw.edu.pl\/?page_id=3964\" \/>\n<meta property=\"og:site_name\" content=\"Prace i Studia Geograficzne | Studies in Geography\" \/>\n<meta property=\"article:modified_time\" content=\"2025-10-16T12:20:11+00:00\" \/>\n<meta name=\"twitter:card\" content=\"summary_large_image\" \/>\n<meta name=\"twitter:label1\" content=\"Szacowany czas czytania\" \/>\n\t<meta name=\"twitter:data1\" content=\"4 minuty\" \/>\n<script type=\"application\/ld+json\" class=\"yoast-schema-graph\">{\"@context\":\"https:\\\/\\\/schema.org\",\"@graph\":[{\"@type\":\"WebPage\",\"@id\":\"https:\\\/\\\/pisg.wgsr.uw.edu.pl\\\/?page_id=3964\",\"url\":\"https:\\\/\\\/pisg.wgsr.uw.edu.pl\\\/?page_id=3964\",\"name\":\"Tom 54 [Volume 54] Geografia Polityczna. - red. Marcin Wojciech Solarz, Ma\u0142gorzata Wojtaszczyk, 2014 - Prace i Studia Geograficzne | Studies in Geography\",\"isPartOf\":{\"@id\":\"https:\\\/\\\/pisg.wgsr.uw.edu.pl\\\/#website\"},\"datePublished\":\"2025-10-16T12:08:07+00:00\",\"dateModified\":\"2025-10-16T12:20:11+00:00\",\"breadcrumb\":{\"@id\":\"https:\\\/\\\/pisg.wgsr.uw.edu.pl\\\/?page_id=3964#breadcrumb\"},\"inLanguage\":\"pl-PL\",\"potentialAction\":[{\"@type\":\"ReadAction\",\"target\":[\"https:\\\/\\\/pisg.wgsr.uw.edu.pl\\\/?page_id=3964\"]}]},{\"@type\":\"BreadcrumbList\",\"@id\":\"https:\\\/\\\/pisg.wgsr.uw.edu.pl\\\/?page_id=3964#breadcrumb\",\"itemListElement\":[{\"@type\":\"ListItem\",\"position\":1,\"name\":\"Strona g\u0142\u00f3wna\",\"item\":\"https:\\\/\\\/pisg.wgsr.uw.edu.pl\\\/\"},{\"@type\":\"ListItem\",\"position\":2,\"name\":\"Tomy\",\"item\":\"https:\\\/\\\/pisg.wgsr.uw.edu.pl\\\/?page_id=97\"},{\"@type\":\"ListItem\",\"position\":3,\"name\":\"Tom 54 [Volume 54] Geografia Polityczna. &#8211; red. Marcin Wojciech Solarz, Ma\u0142gorzata Wojtaszczyk, 2014\"}]},{\"@type\":\"WebSite\",\"@id\":\"https:\\\/\\\/pisg.wgsr.uw.edu.pl\\\/#website\",\"url\":\"https:\\\/\\\/pisg.wgsr.uw.edu.pl\\\/\",\"name\":\"Prace i Studia Geograficzne | Studies in Geography\",\"description\":\"Prace i Studia Geograficzne s\u0105 recenzowanym czasopismem wydawanym przez Wydzia\u0142 Geografii i Studi\u00f3w Regionalnych Uniwersytetu Warszawskiego\",\"potentialAction\":[{\"@type\":\"SearchAction\",\"target\":{\"@type\":\"EntryPoint\",\"urlTemplate\":\"https:\\\/\\\/pisg.wgsr.uw.edu.pl\\\/?s={search_term_string}\"},\"query-input\":{\"@type\":\"PropertyValueSpecification\",\"valueRequired\":true,\"valueName\":\"search_term_string\"}}],\"inLanguage\":\"pl-PL\"}]}<\/script>\n<!-- \/ Yoast SEO plugin. -->","yoast_head_json":{"title":"Tom 54 [Volume 54] Geografia Polityczna. - red. Marcin Wojciech Solarz, Ma\u0142gorzata Wojtaszczyk, 2014 - Prace i Studia Geograficzne | Studies in Geography","robots":{"index":"index","follow":"follow","max-snippet":"max-snippet:-1","max-image-preview":"max-image-preview:large","max-video-preview":"max-video-preview:-1"},"canonical":"https:\/\/pisg.wgsr.uw.edu.pl\/?page_id=3964","og_locale":"pl_PL","og_type":"article","og_title":"Tom 54 [Volume 54] Geografia Polityczna. - red. Marcin Wojciech Solarz, Ma\u0142gorzata Wojtaszczyk, 2014 - Prace i Studia Geograficzne | Studies in Geography","og_description":"Jolanta BRY\u0141A Delimitacja przestrzeni kosmicznej: cel, zasadno\u015b\u0107, rywalizacja interes\u00f3w \/ Outer space delimitation: aims, necessity, competing interests Igor KAVETSKYY\u00a0Rola kontekstu geograficznego w kszta\u0142towaniu si\u0119 zachowa\u0144 wyborczych mieszka\u0144c\u00f3w Ukrainy \/ The role of the geographical context in shaping the voting behavior of Ukrainians Andrzej KOWALCZYK\u00a0Zmiany w podziale administracyjnym Afganistanu na prze\u0142omie XX i XXI wieku \/ [&hellip;]","og_url":"https:\/\/pisg.wgsr.uw.edu.pl\/?page_id=3964","og_site_name":"Prace i Studia Geograficzne | Studies in Geography","article_modified_time":"2025-10-16T12:20:11+00:00","twitter_card":"summary_large_image","twitter_misc":{"Szacowany czas czytania":"4 minuty"},"schema":{"@context":"https:\/\/schema.org","@graph":[{"@type":"WebPage","@id":"https:\/\/pisg.wgsr.uw.edu.pl\/?page_id=3964","url":"https:\/\/pisg.wgsr.uw.edu.pl\/?page_id=3964","name":"Tom 54 [Volume 54] Geografia Polityczna. - red. Marcin Wojciech Solarz, Ma\u0142gorzata Wojtaszczyk, 2014 - Prace i Studia Geograficzne | Studies in Geography","isPartOf":{"@id":"https:\/\/pisg.wgsr.uw.edu.pl\/#website"},"datePublished":"2025-10-16T12:08:07+00:00","dateModified":"2025-10-16T12:20:11+00:00","breadcrumb":{"@id":"https:\/\/pisg.wgsr.uw.edu.pl\/?page_id=3964#breadcrumb"},"inLanguage":"pl-PL","potentialAction":[{"@type":"ReadAction","target":["https:\/\/pisg.wgsr.uw.edu.pl\/?page_id=3964"]}]},{"@type":"BreadcrumbList","@id":"https:\/\/pisg.wgsr.uw.edu.pl\/?page_id=3964#breadcrumb","itemListElement":[{"@type":"ListItem","position":1,"name":"Strona g\u0142\u00f3wna","item":"https:\/\/pisg.wgsr.uw.edu.pl\/"},{"@type":"ListItem","position":2,"name":"Tomy","item":"https:\/\/pisg.wgsr.uw.edu.pl\/?page_id=97"},{"@type":"ListItem","position":3,"name":"Tom 54 [Volume 54] Geografia Polityczna. &#8211; red. Marcin Wojciech Solarz, Ma\u0142gorzata Wojtaszczyk, 2014"}]},{"@type":"WebSite","@id":"https:\/\/pisg.wgsr.uw.edu.pl\/#website","url":"https:\/\/pisg.wgsr.uw.edu.pl\/","name":"Prace i Studia Geograficzne | Studies in Geography","description":"Prace i Studia Geograficzne s\u0105 recenzowanym czasopismem wydawanym przez Wydzia\u0142 Geografii i Studi\u00f3w Regionalnych Uniwersytetu Warszawskiego","potentialAction":[{"@type":"SearchAction","target":{"@type":"EntryPoint","urlTemplate":"https:\/\/pisg.wgsr.uw.edu.pl\/?s={search_term_string}"},"query-input":{"@type":"PropertyValueSpecification","valueRequired":true,"valueName":"search_term_string"}}],"inLanguage":"pl-PL"}]}},"_links":{"self":[{"href":"https:\/\/pisg.wgsr.uw.edu.pl\/index.php?rest_route=\/wp\/v2\/pages\/3964","targetHints":{"allow":["GET"]}}],"collection":[{"href":"https:\/\/pisg.wgsr.uw.edu.pl\/index.php?rest_route=\/wp\/v2\/pages"}],"about":[{"href":"https:\/\/pisg.wgsr.uw.edu.pl\/index.php?rest_route=\/wp\/v2\/types\/page"}],"author":[{"embeddable":true,"href":"https:\/\/pisg.wgsr.uw.edu.pl\/index.php?rest_route=\/wp\/v2\/users\/1"}],"replies":[{"embeddable":true,"href":"https:\/\/pisg.wgsr.uw.edu.pl\/index.php?rest_route=%2Fwp%2Fv2%2Fcomments&post=3964"}],"version-history":[{"count":5,"href":"https:\/\/pisg.wgsr.uw.edu.pl\/index.php?rest_route=\/wp\/v2\/pages\/3964\/revisions"}],"predecessor-version":[{"id":3991,"href":"https:\/\/pisg.wgsr.uw.edu.pl\/index.php?rest_route=\/wp\/v2\/pages\/3964\/revisions\/3991"}],"up":[{"embeddable":true,"href":"https:\/\/pisg.wgsr.uw.edu.pl\/index.php?rest_route=\/wp\/v2\/pages\/97"}],"wp:attachment":[{"href":"https:\/\/pisg.wgsr.uw.edu.pl\/index.php?rest_route=%2Fwp%2Fv2%2Fmedia&parent=3964"}],"curies":[{"name":"wp","href":"https:\/\/api.w.org\/{rel}","templated":true}]}}