{"id":4014,"date":"2025-10-16T12:53:16","date_gmt":"2025-10-16T12:53:16","guid":{"rendered":"https:\/\/pisg.wgsr.uw.edu.pl\/?page_id=4014"},"modified":"2025-10-16T13:12:37","modified_gmt":"2025-10-16T13:12:37","slug":"tom-51-volume-51-red-ewa-smolska-marcin-wojciech-solarz-urszula-somorowska-2013","status":"publish","type":"page","link":"https:\/\/pisg.wgsr.uw.edu.pl\/?page_id=4014","title":{"rendered":"Tom 51 [Volume 51] &#8211;  red. Ewa Smolska, Marcin Wojciech Solarz, Urszula Somorowska, 2013"},"content":{"rendered":"<p><strong>Sylwia K. Dyt\u0142ow, Beata G\u00f3rka-Kostrubiec, Ksenija Bondar<\/strong>.\u00a0<a href=\"https:\/\/pisg.wgsr.uw.edu.pl\/wp-content\/uploads\/pisg\/T.51\/pis51sdytlow_BGorkaKbondar.pdf\">Zastosowanie metody magnetycznej w biomonitoringu zanieczyszcze\u0144 \u015brodowiska.<\/a><\/p>\n<p><strong>Beata G\u00f3rka-Kostrubiec, El\u017cbieta Kr\u00f3l, Maria Teisseyre-Jele\u0144ska<\/strong>.\u00a0<a href=\"https:\/\/pisg.wgsr.uw.edu.pl\/wp-content\/uploads\/pisg\/T.51\/pis51gorka_krol_telesere.pdf\">Magnetometia jako narz\u0119dzie do oceny zanieczyszcze\u0144 \u015brodowiska.<\/a><\/p>\n<p><strong>Renata Ko\u0142oy\u0144ska-Gawrysiak, Przemys\u0142aw Mroczek, \u0141ukasz Chabudzi\u0144ski<\/strong>. C<a href=\"https:\/\/pisg.wgsr.uw.edu.pl\/wp-content\/uploads\/pisg\/T.51\/pis51kolodynska_mroczek_.pdf\">echy osad\u00f3w i rozw\u00f3j sedymentacji w zag\u0142\u0119bieniach bezodp\u0142ywowch obszar\u00f3w lessowych na przy\u0142adzie stanowiska Snopk\u00f3w (P\u0142askowy\u017c Na\u0142\u0119czowski, wschodnia Polska)<\/a><\/p>\n<p><strong>Alicja Kot-Niewiadomska<\/strong>.<a href=\"https:\/\/pisg.wgsr.uw.edu.pl\/wp-content\/uploads\/pisg\/T.51\/pis51aniewiadomska.pdf\">\u00a0Cr, Ni, Cu w \u015brodowisku gruntowym terenu poprzemys\u0142owego Zak\u0142ad\u00f3w Metalurgicznych I &#8222;Trzebinia&#8221;.<\/a><\/p>\n<p><strong>Maciej T. Krajcarz, Krzysztof Cyrek, Marek Gola<\/strong>.\u00a0<a href=\"https:\/\/pisg.wgsr.uw.edu.pl\/wp-content\/uploads\/pisg\/T.51\/pis51krajcarz_inni.pdf\">Osadnictwo paleolitczne w Jaskini Bi\u015bnik w zapisie antropogenicznych biomarker\u00f3w.<\/a><\/p>\n<p><strong>Grzegorz Por\u0119ba, Pawe\u0142 Prokop<\/strong>.\u00a0<a href=\"https:\/\/pisg.wgsr.uw.edu.pl\/wp-content\/uploads\/pisg\/T.51\/pis51poreba_prokop.pdf\">Metodyczne problemy badania erozji gleb za pomoc\u0105 izotopu 137Cs na intensywnie u\u017cytkowanych roniczo obszarach w klimacie monsunowym p\u00f3\u0142nocno-wschodnich Indii.<\/a><\/p>\n<p><strong>Ewa Smolska<\/strong>.<a href=\"https:\/\/pisg.wgsr.uw.edu.pl\/wp-content\/uploads\/pisg\/T.51\/Pis51esmolska.pdf\">\u00a0Zastosowanie izotopu Cs137 do oceny erozji gleby na Pojezierzu Suwalskim.<\/a><\/p>\n<p><strong>Piotr Szwarczewski, Ewa Smolska<\/strong>.\u00a0<a href=\"https:\/\/pisg.wgsr.uw.edu.pl\/wp-content\/uploads\/pisg\/T.51\/pis51esmolska_pszwarczewski.pdf\">Cechy geochemiczne osad\u00f3w stokowych i fluwialnych na p\u00f3\u0142nocno-wschodnim Mazowszu.<\/a><\/p>\n","protected":false},"excerpt":{"rendered":"<p>Sylwia K. Dyt\u0142ow, Beata G\u00f3rka-Kostrubiec, Ksenija Bondar.\u00a0Zastosowanie metody magnetycznej w biomonitoringu zanieczyszcze\u0144 \u015brodowiska. Beata G\u00f3rka-Kostrubiec, El\u017cbieta Kr\u00f3l, Maria Teisseyre-Jele\u0144ska.\u00a0Magnetometia jako narz\u0119dzie do oceny zanieczyszcze\u0144 \u015brodowiska. Renata Ko\u0142oy\u0144ska-Gawrysiak, Przemys\u0142aw Mroczek, \u0141ukasz Chabudzi\u0144ski. Cechy osad\u00f3w i rozw\u00f3j sedymentacji w zag\u0142\u0119bieniach bezodp\u0142ywowch obszar\u00f3w lessowych na przy\u0142adzie stanowiska Snopk\u00f3w (P\u0142askowy\u017c Na\u0142\u0119czowski, wschodnia Polska) Alicja Kot-Niewiadomska.\u00a0Cr, Ni, Cu w \u015brodowisku [&hellip;]<\/p>\n","protected":false},"author":1,"featured_media":0,"parent":97,"menu_order":0,"comment_status":"closed","ping_status":"closed","template":"","meta":{"_monsterinsights_skip_tracking":false,"_monsterinsights_sitenote_active":false,"_monsterinsights_sitenote_note":"","_monsterinsights_sitenote_category":0,"footnotes":""},"class_list":["post-4014","page","type-page","status-publish","hentry","post"],"yoast_head":"<!-- This site is optimized with the Yoast SEO plugin v27.5 - https:\/\/yoast.com\/product\/yoast-seo-wordpress\/ -->\n<title>Tom 51 [Volume 51] - red. Ewa Smolska, Marcin Wojciech Solarz, Urszula Somorowska, 2013 - Prace i Studia Geograficzne | Studies in Geography<\/title>\n<meta name=\"robots\" content=\"index, follow, max-snippet:-1, max-image-preview:large, max-video-preview:-1\" \/>\n<link rel=\"canonical\" href=\"https:\/\/pisg.wgsr.uw.edu.pl\/?page_id=4014\" \/>\n<meta property=\"og:locale\" content=\"pl_PL\" \/>\n<meta property=\"og:type\" content=\"article\" \/>\n<meta property=\"og:title\" content=\"Tom 51 [Volume 51] - red. Ewa Smolska, Marcin Wojciech Solarz, Urszula Somorowska, 2013 - Prace i Studia Geograficzne | Studies in Geography\" \/>\n<meta property=\"og:description\" content=\"Sylwia K. Dyt\u0142ow, Beata G\u00f3rka-Kostrubiec, Ksenija Bondar.\u00a0Zastosowanie metody magnetycznej w biomonitoringu zanieczyszcze\u0144 \u015brodowiska. Beata G\u00f3rka-Kostrubiec, El\u017cbieta Kr\u00f3l, Maria Teisseyre-Jele\u0144ska.\u00a0Magnetometia jako narz\u0119dzie do oceny zanieczyszcze\u0144 \u015brodowiska. Renata Ko\u0142oy\u0144ska-Gawrysiak, Przemys\u0142aw Mroczek, \u0141ukasz Chabudzi\u0144ski. Cechy osad\u00f3w i rozw\u00f3j sedymentacji w zag\u0142\u0119bieniach bezodp\u0142ywowch obszar\u00f3w lessowych na przy\u0142adzie stanowiska Snopk\u00f3w (P\u0142askowy\u017c Na\u0142\u0119czowski, wschodnia Polska) Alicja Kot-Niewiadomska.\u00a0Cr, Ni, Cu w \u015brodowisku [&hellip;]\" \/>\n<meta property=\"og:url\" content=\"https:\/\/pisg.wgsr.uw.edu.pl\/?page_id=4014\" \/>\n<meta property=\"og:site_name\" content=\"Prace i Studia Geograficzne | Studies in Geography\" \/>\n<meta property=\"article:modified_time\" content=\"2025-10-16T13:12:37+00:00\" \/>\n<meta name=\"twitter:card\" content=\"summary_large_image\" \/>\n<meta name=\"twitter:label1\" content=\"Szacowany czas czytania\" \/>\n\t<meta name=\"twitter:data1\" content=\"1 minuta\" \/>\n<script type=\"application\/ld+json\" class=\"yoast-schema-graph\">{\"@context\":\"https:\\\/\\\/schema.org\",\"@graph\":[{\"@type\":\"WebPage\",\"@id\":\"https:\\\/\\\/pisg.wgsr.uw.edu.pl\\\/?page_id=4014\",\"url\":\"https:\\\/\\\/pisg.wgsr.uw.edu.pl\\\/?page_id=4014\",\"name\":\"Tom 51 [Volume 51] - red. Ewa Smolska, Marcin Wojciech Solarz, Urszula Somorowska, 2013 - Prace i Studia Geograficzne | Studies in Geography\",\"isPartOf\":{\"@id\":\"https:\\\/\\\/pisg.wgsr.uw.edu.pl\\\/#website\"},\"datePublished\":\"2025-10-16T12:53:16+00:00\",\"dateModified\":\"2025-10-16T13:12:37+00:00\",\"breadcrumb\":{\"@id\":\"https:\\\/\\\/pisg.wgsr.uw.edu.pl\\\/?page_id=4014#breadcrumb\"},\"inLanguage\":\"pl-PL\",\"potentialAction\":[{\"@type\":\"ReadAction\",\"target\":[\"https:\\\/\\\/pisg.wgsr.uw.edu.pl\\\/?page_id=4014\"]}]},{\"@type\":\"BreadcrumbList\",\"@id\":\"https:\\\/\\\/pisg.wgsr.uw.edu.pl\\\/?page_id=4014#breadcrumb\",\"itemListElement\":[{\"@type\":\"ListItem\",\"position\":1,\"name\":\"Strona g\u0142\u00f3wna\",\"item\":\"https:\\\/\\\/pisg.wgsr.uw.edu.pl\\\/\"},{\"@type\":\"ListItem\",\"position\":2,\"name\":\"Tomy\",\"item\":\"https:\\\/\\\/pisg.wgsr.uw.edu.pl\\\/?page_id=97\"},{\"@type\":\"ListItem\",\"position\":3,\"name\":\"Tom 51 [Volume 51] &#8211; red. Ewa Smolska, Marcin Wojciech Solarz, Urszula Somorowska, 2013\"}]},{\"@type\":\"WebSite\",\"@id\":\"https:\\\/\\\/pisg.wgsr.uw.edu.pl\\\/#website\",\"url\":\"https:\\\/\\\/pisg.wgsr.uw.edu.pl\\\/\",\"name\":\"Prace i Studia Geograficzne | Studies in Geography\",\"description\":\"Prace i Studia Geograficzne s\u0105 recenzowanym czasopismem wydawanym przez Wydzia\u0142 Geografii i Studi\u00f3w Regionalnych Uniwersytetu Warszawskiego\",\"potentialAction\":[{\"@type\":\"SearchAction\",\"target\":{\"@type\":\"EntryPoint\",\"urlTemplate\":\"https:\\\/\\\/pisg.wgsr.uw.edu.pl\\\/?s={search_term_string}\"},\"query-input\":{\"@type\":\"PropertyValueSpecification\",\"valueRequired\":true,\"valueName\":\"search_term_string\"}}],\"inLanguage\":\"pl-PL\"}]}<\/script>\n<!-- \/ Yoast SEO plugin. -->","yoast_head_json":{"title":"Tom 51 [Volume 51] - red. Ewa Smolska, Marcin Wojciech Solarz, Urszula Somorowska, 2013 - Prace i Studia Geograficzne | Studies in Geography","robots":{"index":"index","follow":"follow","max-snippet":"max-snippet:-1","max-image-preview":"max-image-preview:large","max-video-preview":"max-video-preview:-1"},"canonical":"https:\/\/pisg.wgsr.uw.edu.pl\/?page_id=4014","og_locale":"pl_PL","og_type":"article","og_title":"Tom 51 [Volume 51] - red. Ewa Smolska, Marcin Wojciech Solarz, Urszula Somorowska, 2013 - Prace i Studia Geograficzne | Studies in Geography","og_description":"Sylwia K. Dyt\u0142ow, Beata G\u00f3rka-Kostrubiec, Ksenija Bondar.\u00a0Zastosowanie metody magnetycznej w biomonitoringu zanieczyszcze\u0144 \u015brodowiska. Beata G\u00f3rka-Kostrubiec, El\u017cbieta Kr\u00f3l, Maria Teisseyre-Jele\u0144ska.\u00a0Magnetometia jako narz\u0119dzie do oceny zanieczyszcze\u0144 \u015brodowiska. Renata Ko\u0142oy\u0144ska-Gawrysiak, Przemys\u0142aw Mroczek, \u0141ukasz Chabudzi\u0144ski. Cechy osad\u00f3w i rozw\u00f3j sedymentacji w zag\u0142\u0119bieniach bezodp\u0142ywowch obszar\u00f3w lessowych na przy\u0142adzie stanowiska Snopk\u00f3w (P\u0142askowy\u017c Na\u0142\u0119czowski, wschodnia Polska) Alicja Kot-Niewiadomska.\u00a0Cr, Ni, Cu w \u015brodowisku [&hellip;]","og_url":"https:\/\/pisg.wgsr.uw.edu.pl\/?page_id=4014","og_site_name":"Prace i Studia Geograficzne | Studies in Geography","article_modified_time":"2025-10-16T13:12:37+00:00","twitter_card":"summary_large_image","twitter_misc":{"Szacowany czas czytania":"1 minuta"},"schema":{"@context":"https:\/\/schema.org","@graph":[{"@type":"WebPage","@id":"https:\/\/pisg.wgsr.uw.edu.pl\/?page_id=4014","url":"https:\/\/pisg.wgsr.uw.edu.pl\/?page_id=4014","name":"Tom 51 [Volume 51] - red. Ewa Smolska, Marcin Wojciech Solarz, Urszula Somorowska, 2013 - Prace i Studia Geograficzne | Studies in Geography","isPartOf":{"@id":"https:\/\/pisg.wgsr.uw.edu.pl\/#website"},"datePublished":"2025-10-16T12:53:16+00:00","dateModified":"2025-10-16T13:12:37+00:00","breadcrumb":{"@id":"https:\/\/pisg.wgsr.uw.edu.pl\/?page_id=4014#breadcrumb"},"inLanguage":"pl-PL","potentialAction":[{"@type":"ReadAction","target":["https:\/\/pisg.wgsr.uw.edu.pl\/?page_id=4014"]}]},{"@type":"BreadcrumbList","@id":"https:\/\/pisg.wgsr.uw.edu.pl\/?page_id=4014#breadcrumb","itemListElement":[{"@type":"ListItem","position":1,"name":"Strona g\u0142\u00f3wna","item":"https:\/\/pisg.wgsr.uw.edu.pl\/"},{"@type":"ListItem","position":2,"name":"Tomy","item":"https:\/\/pisg.wgsr.uw.edu.pl\/?page_id=97"},{"@type":"ListItem","position":3,"name":"Tom 51 [Volume 51] &#8211; red. Ewa Smolska, Marcin Wojciech Solarz, Urszula Somorowska, 2013"}]},{"@type":"WebSite","@id":"https:\/\/pisg.wgsr.uw.edu.pl\/#website","url":"https:\/\/pisg.wgsr.uw.edu.pl\/","name":"Prace i Studia Geograficzne | Studies in Geography","description":"Prace i Studia Geograficzne s\u0105 recenzowanym czasopismem wydawanym przez Wydzia\u0142 Geografii i Studi\u00f3w Regionalnych Uniwersytetu Warszawskiego","potentialAction":[{"@type":"SearchAction","target":{"@type":"EntryPoint","urlTemplate":"https:\/\/pisg.wgsr.uw.edu.pl\/?s={search_term_string}"},"query-input":{"@type":"PropertyValueSpecification","valueRequired":true,"valueName":"search_term_string"}}],"inLanguage":"pl-PL"}]}},"_links":{"self":[{"href":"https:\/\/pisg.wgsr.uw.edu.pl\/index.php?rest_route=\/wp\/v2\/pages\/4014","targetHints":{"allow":["GET"]}}],"collection":[{"href":"https:\/\/pisg.wgsr.uw.edu.pl\/index.php?rest_route=\/wp\/v2\/pages"}],"about":[{"href":"https:\/\/pisg.wgsr.uw.edu.pl\/index.php?rest_route=\/wp\/v2\/types\/page"}],"author":[{"embeddable":true,"href":"https:\/\/pisg.wgsr.uw.edu.pl\/index.php?rest_route=\/wp\/v2\/users\/1"}],"replies":[{"embeddable":true,"href":"https:\/\/pisg.wgsr.uw.edu.pl\/index.php?rest_route=%2Fwp%2Fv2%2Fcomments&post=4014"}],"version-history":[{"count":4,"href":"https:\/\/pisg.wgsr.uw.edu.pl\/index.php?rest_route=\/wp\/v2\/pages\/4014\/revisions"}],"predecessor-version":[{"id":4039,"href":"https:\/\/pisg.wgsr.uw.edu.pl\/index.php?rest_route=\/wp\/v2\/pages\/4014\/revisions\/4039"}],"up":[{"embeddable":true,"href":"https:\/\/pisg.wgsr.uw.edu.pl\/index.php?rest_route=\/wp\/v2\/pages\/97"}],"wp:attachment":[{"href":"https:\/\/pisg.wgsr.uw.edu.pl\/index.php?rest_route=%2Fwp%2Fv2%2Fmedia&parent=4014"}],"curies":[{"name":"wp","href":"https:\/\/api.w.org\/{rel}","templated":true}]}}