{"id":4093,"date":"2025-10-16T13:56:38","date_gmt":"2025-10-16T13:56:38","guid":{"rendered":"https:\/\/pisg.wgsr.uw.edu.pl\/?page_id=4093"},"modified":"2025-10-16T14:04:28","modified_gmt":"2025-10-16T14:04:28","slug":"tom-47-volume-47-suplement-60-lat-dzialalnosci-naukowej-i-dydaktycznej-zakladu-klimatologii-wydzialu-geografii-i-studiow-regionalnych-uniwersytetu-warszawskiego-1951-2010-red-maria-stopa-borycz","status":"publish","type":"page","link":"https:\/\/pisg.wgsr.uw.edu.pl\/?page_id=4093","title":{"rendered":"Tom 47 [Volume 47] Suplement. 60 lat dzia\u0142alno\u015bci naukowej i dydaktycznej Zak\u0142adu Klimatologii Wydzia\u0142u Geografii i Studi\u00f3w Regionalnych Uniwersytetu Warszawskiego (1951-2010), red. Maria Stopa-Boryczka, Jerzy Boryczka, Jolanta Wawer, Magda Dobrowolska, 2011"},"content":{"rendered":"<p><span style=\"color: #003366;\"><strong>\u00a0<\/strong><\/span><span class=\"fontstyle0\"><span style=\"color: #003366;\"><strong>I.\u00a0<\/strong><\/span>\u00a0<a href=\"https:\/\/pisg.wgsr.uw.edu.pl\/wp-content\/uploads\/pisg\/T.47\/.supl\/I-Przedmowa.pdf\">PRZEDMOWA<\/a><\/span><\/p>\n<p><span style=\"color: #003366;\"><strong>II.<\/strong><\/span>\u00a0\u00a0<a href=\"https:\/\/pisg.wgsr.uw.edu.pl\/wp-content\/uploads\/pisg\/T.47\/.supl\/II.-ZYCZENIA-JUBILEUSZOWE.pdf\">\u017bYCZENIA JUBILEUSZOWE<\/a><\/p>\n<p><span style=\"color: #003366;\"><strong>III.<\/strong><\/span>\u00a0<a href=\"https:\/\/pisg.wgsr.uw.edu.pl\/wp-content\/uploads\/pisg\/T.47\/.supl\/III.-60-LAT-DZIALALNOSCI-NAUKOWEJ-I-DYDAKTYCZNEJZAKLADU-KLIMATOLOGII-1951-2010.pdf\">\u00a060 LAT DZIA\u0141ALNO\u015aCI NAUKOWEJ I DYDAKTYCZNEJ ZAK\u0141ADU KLIMATOLOGII (1951-2010)<\/a><\/p>\n<p><span style=\"color: #003366;\"><strong>IV.<\/strong><\/span>\u00a0<a href=\"https:\/\/pisg.wgsr.uw.edu.pl\/wp-content\/uploads\/pisg\/T.47\/.supl\/IV.-NATURALNE-I-ANTROPOGENICZNE-ZMIANY-KLIMATUMIAST-W-PRACACH-MAGISTERSKICH-1959-2009.pdf\">NATURALNE I ANTROPOGENICZNE ZMIANY KLIMATU MIAST W PRACACH MAGISTERSKICH (1959-2009)<\/a><\/p>\n<p><span class=\"fontstyle0\"><span style=\"color: #003366;\"><strong>V.\u00a0<\/strong><\/span>\u00a0<a href=\"https:\/\/pisg.wgsr.uw.edu.pl\/wp-content\/uploads\/pisg\/T.47\/.supl\/V.-KALENDARZ-WAZNIEJSZYCH-WYDARZEN-1951-2010.pdf\">KALENDARZ WA\u017bNIEJSZYCH WYDARZE\u0143 (1951-2010)<\/a><\/span><\/p>\n<p><span style=\"color: #003366;\"><strong>VI.<\/strong><\/span>\u00a0<a href=\"https:\/\/pisg.wgsr.uw.edu.pl\/wp-content\/uploads\/pisg\/T.47\/.supl\/VI.-WYKAZ-PUBLIKACJI-PRACOWNIKOW-I-DOKTORANTOW-1951-2010.pdf\">WYKAZ PUBLIKACJI PRACOWNIK\u00d3W I DOKTORANT\u00d3W (1951-2010)<\/a><\/p>\n<p><span style=\"color: #003366;\"><strong>VII.<\/strong><\/span><a href=\"https:\/\/pisg.wgsr.uw.edu.pl\/wp-content\/uploads\/pisg\/T.47\/.supl\/VII.-BADANIA-KLIMATU-LOKALNEGO-NA-PRZYKLADZIETERENOW-MIEJSKICH-I-LESNYCH.pdf\"><span class=\"fontstyle0\">\u00a0BADANIA KLIMATU LOKALNEGO NA PRZYK\u0141ADZIE TEREN\u00d3W MIEJSKICH I LE\u015aNYCH<\/span><\/a><\/p>\n<p><span class=\"fontstyle0\"><span style=\"color: #003366;\"><strong>VIII.\u00a0<\/strong><\/span>\u00a0<a href=\"https:\/\/pisg.wgsr.uw.edu.pl\/wp-content\/uploads\/pisg\/T.47\/.supl\/VIII.-50-LAT-DZIALALNOSCI-NAUKOWEJ-I-DYDAKTYCZNEJZAKLADU-KLIMATOLOGII-WYDZIALU-GEOGRAFII-I-STUDIOWREGIONALNYCH-UNIWERSYTETU-WARSZAWSKIEGO-1951-2000.pdf\">50 LAT DZIA\u0141ALNO\u015aCI NAUKOWEJ I DYDAKTYCZNEJ ZAK\u0141ADU KLIMATOLOGII WYDZIA\u0141U GEOGRAFII I STUDI\u00d3W REGIONALNYCH UNIWERSYTETU WARSZAWSKIEGO (1951-2000) (Prace i Studia Geograficzne, T. 28, Spis tre\u015bci) .<\/a><\/span><\/p>\n<p><span style=\"color: #003366;\"><strong>\u00a0<\/strong><\/span><span class=\"fontstyle0\"><span style=\"color: #003366;\"><strong>IX.<\/strong><\/span>\u00a0<a href=\"https:\/\/pisg.wgsr.uw.edu.pl\/wp-content\/uploads\/pisg\/T.47\/.supl\/IX.-POSTEP-BADAN-ZMIAN-KLIMATU-I-ICH-ZNACZENIE-DLAZYCIA-I-GOSPODARCZEJ-DZIALALNOSCI-CZLOWIEKA.pdf\">POST\u0118P BADA\u0143 ZMIAN KLIMATU I ICH ZNACZENIE DLA \u017bYCIA I GOSPODARCZEJ DZIA\u0141ALNO\u015aCI CZ\u0141OWIEKA (Prace i Studia Geograficzne, T. 29, Spis tre\u015bci).<\/a><\/span><\/p>\n<p><span style=\"color: #003366;\"><strong>X.<\/strong><\/span>\u00a0\u00a0<a href=\"https:\/\/pisg.wgsr.uw.edu.pl\/wp-content\/uploads\/pisg\/T.47\/.supl\/X.-ZAKONCZENIE.pdf\">ZAKO\u0143CZENIE<\/a><\/p>\n","protected":false},"excerpt":{"rendered":"<p>\u00a0I.\u00a0\u00a0PRZEDMOWA II.\u00a0\u00a0\u017bYCZENIA JUBILEUSZOWE III.\u00a0\u00a060 LAT DZIA\u0141ALNO\u015aCI NAUKOWEJ I DYDAKTYCZNEJ ZAK\u0141ADU KLIMATOLOGII (1951-2010) IV.\u00a0NATURALNE I ANTROPOGENICZNE ZMIANY KLIMATU MIAST W PRACACH MAGISTERSKICH (1959-2009) V.\u00a0\u00a0KALENDARZ WA\u017bNIEJSZYCH WYDARZE\u0143 (1951-2010) VI.\u00a0WYKAZ PUBLIKACJI PRACOWNIK\u00d3W I DOKTORANT\u00d3W (1951-2010) VII.\u00a0BADANIA KLIMATU LOKALNEGO NA PRZYK\u0141ADZIE TEREN\u00d3W MIEJSKICH I LE\u015aNYCH VIII.\u00a0\u00a050 LAT DZIA\u0141ALNO\u015aCI NAUKOWEJ I DYDAKTYCZNEJ ZAK\u0141ADU KLIMATOLOGII WYDZIA\u0141U GEOGRAFII I STUDI\u00d3W REGIONALNYCH UNIWERSYTETU [&hellip;]<\/p>\n","protected":false},"author":1,"featured_media":0,"parent":97,"menu_order":0,"comment_status":"closed","ping_status":"closed","template":"","meta":{"_monsterinsights_skip_tracking":false,"_monsterinsights_sitenote_active":false,"_monsterinsights_sitenote_note":"","_monsterinsights_sitenote_category":0,"footnotes":""},"class_list":["post-4093","page","type-page","status-publish","hentry","post"],"yoast_head":"<!-- This site is optimized with the Yoast SEO plugin v27.5 - https:\/\/yoast.com\/product\/yoast-seo-wordpress\/ -->\n<title>Tom 47 [Volume 47] Suplement. 60 lat dzia\u0142alno\u015bci naukowej i dydaktycznej Zak\u0142adu Klimatologii Wydzia\u0142u Geografii i Studi\u00f3w Regionalnych Uniwersytetu Warszawskiego (1951-2010), red. Maria Stopa-Boryczka, Jerzy Boryczka, Jolanta Wawer, Magda Dobrowolska, 2011 - Prace i Studia Geograficzne | Studies in Geography<\/title>\n<meta name=\"robots\" content=\"index, follow, max-snippet:-1, max-image-preview:large, max-video-preview:-1\" \/>\n<link rel=\"canonical\" href=\"https:\/\/pisg.wgsr.uw.edu.pl\/?page_id=4093\" \/>\n<meta property=\"og:locale\" content=\"pl_PL\" \/>\n<meta property=\"og:type\" content=\"article\" \/>\n<meta property=\"og:title\" content=\"Tom 47 [Volume 47] Suplement. 60 lat dzia\u0142alno\u015bci naukowej i dydaktycznej Zak\u0142adu Klimatologii Wydzia\u0142u Geografii i Studi\u00f3w Regionalnych Uniwersytetu Warszawskiego (1951-2010), red. Maria Stopa-Boryczka, Jerzy Boryczka, Jolanta Wawer, Magda Dobrowolska, 2011 - Prace i Studia Geograficzne | Studies in Geography\" \/>\n<meta property=\"og:description\" content=\"\u00a0I.\u00a0\u00a0PRZEDMOWA II.\u00a0\u00a0\u017bYCZENIA JUBILEUSZOWE III.\u00a0\u00a060 LAT DZIA\u0141ALNO\u015aCI NAUKOWEJ I DYDAKTYCZNEJ ZAK\u0141ADU KLIMATOLOGII (1951-2010) IV.\u00a0NATURALNE I ANTROPOGENICZNE ZMIANY KLIMATU MIAST W PRACACH MAGISTERSKICH (1959-2009) V.\u00a0\u00a0KALENDARZ WA\u017bNIEJSZYCH WYDARZE\u0143 (1951-2010) VI.\u00a0WYKAZ PUBLIKACJI PRACOWNIK\u00d3W I DOKTORANT\u00d3W (1951-2010) VII.\u00a0BADANIA KLIMATU LOKALNEGO NA PRZYK\u0141ADZIE TEREN\u00d3W MIEJSKICH I LE\u015aNYCH VIII.\u00a0\u00a050 LAT DZIA\u0141ALNO\u015aCI NAUKOWEJ I DYDAKTYCZNEJ ZAK\u0141ADU KLIMATOLOGII WYDZIA\u0141U GEOGRAFII I STUDI\u00d3W REGIONALNYCH UNIWERSYTETU [&hellip;]\" \/>\n<meta property=\"og:url\" content=\"https:\/\/pisg.wgsr.uw.edu.pl\/?page_id=4093\" \/>\n<meta property=\"og:site_name\" content=\"Prace i Studia Geograficzne | Studies in Geography\" \/>\n<meta property=\"article:modified_time\" content=\"2025-10-16T14:04:28+00:00\" \/>\n<meta name=\"twitter:card\" content=\"summary_large_image\" \/>\n<meta name=\"twitter:label1\" content=\"Szacowany czas czytania\" \/>\n\t<meta name=\"twitter:data1\" content=\"1 minuta\" \/>\n<script type=\"application\/ld+json\" class=\"yoast-schema-graph\">{\"@context\":\"https:\\\/\\\/schema.org\",\"@graph\":[{\"@type\":\"WebPage\",\"@id\":\"https:\\\/\\\/pisg.wgsr.uw.edu.pl\\\/?page_id=4093\",\"url\":\"https:\\\/\\\/pisg.wgsr.uw.edu.pl\\\/?page_id=4093\",\"name\":\"Tom 47 [Volume 47] Suplement. 60 lat dzia\u0142alno\u015bci naukowej i dydaktycznej Zak\u0142adu Klimatologii Wydzia\u0142u Geografii i Studi\u00f3w Regionalnych Uniwersytetu Warszawskiego (1951-2010), red. Maria Stopa-Boryczka, Jerzy Boryczka, Jolanta Wawer, Magda Dobrowolska, 2011 - Prace i Studia Geograficzne | Studies in Geography\",\"isPartOf\":{\"@id\":\"https:\\\/\\\/pisg.wgsr.uw.edu.pl\\\/#website\"},\"datePublished\":\"2025-10-16T13:56:38+00:00\",\"dateModified\":\"2025-10-16T14:04:28+00:00\",\"breadcrumb\":{\"@id\":\"https:\\\/\\\/pisg.wgsr.uw.edu.pl\\\/?page_id=4093#breadcrumb\"},\"inLanguage\":\"pl-PL\",\"potentialAction\":[{\"@type\":\"ReadAction\",\"target\":[\"https:\\\/\\\/pisg.wgsr.uw.edu.pl\\\/?page_id=4093\"]}]},{\"@type\":\"BreadcrumbList\",\"@id\":\"https:\\\/\\\/pisg.wgsr.uw.edu.pl\\\/?page_id=4093#breadcrumb\",\"itemListElement\":[{\"@type\":\"ListItem\",\"position\":1,\"name\":\"Strona g\u0142\u00f3wna\",\"item\":\"https:\\\/\\\/pisg.wgsr.uw.edu.pl\\\/\"},{\"@type\":\"ListItem\",\"position\":2,\"name\":\"Tomy\",\"item\":\"https:\\\/\\\/pisg.wgsr.uw.edu.pl\\\/?page_id=97\"},{\"@type\":\"ListItem\",\"position\":3,\"name\":\"Tom 47 [Volume 47] Suplement. 60 lat dzia\u0142alno\u015bci naukowej i dydaktycznej Zak\u0142adu Klimatologii Wydzia\u0142u Geografii i Studi\u00f3w Regionalnych Uniwersytetu Warszawskiego (1951-2010), red. Maria Stopa-Boryczka, Jerzy Boryczka, Jolanta Wawer, Magda Dobrowolska, 2011\"}]},{\"@type\":\"WebSite\",\"@id\":\"https:\\\/\\\/pisg.wgsr.uw.edu.pl\\\/#website\",\"url\":\"https:\\\/\\\/pisg.wgsr.uw.edu.pl\\\/\",\"name\":\"Prace i Studia Geograficzne | Studies in Geography\",\"description\":\"Prace i Studia Geograficzne s\u0105 recenzowanym czasopismem wydawanym przez Wydzia\u0142 Geografii i Studi\u00f3w Regionalnych Uniwersytetu Warszawskiego\",\"potentialAction\":[{\"@type\":\"SearchAction\",\"target\":{\"@type\":\"EntryPoint\",\"urlTemplate\":\"https:\\\/\\\/pisg.wgsr.uw.edu.pl\\\/?s={search_term_string}\"},\"query-input\":{\"@type\":\"PropertyValueSpecification\",\"valueRequired\":true,\"valueName\":\"search_term_string\"}}],\"inLanguage\":\"pl-PL\"}]}<\/script>\n<!-- \/ Yoast SEO plugin. -->","yoast_head_json":{"title":"Tom 47 [Volume 47] Suplement. 60 lat dzia\u0142alno\u015bci naukowej i dydaktycznej Zak\u0142adu Klimatologii Wydzia\u0142u Geografii i Studi\u00f3w Regionalnych Uniwersytetu Warszawskiego (1951-2010), red. Maria Stopa-Boryczka, Jerzy Boryczka, Jolanta Wawer, Magda Dobrowolska, 2011 - Prace i Studia Geograficzne | Studies in Geography","robots":{"index":"index","follow":"follow","max-snippet":"max-snippet:-1","max-image-preview":"max-image-preview:large","max-video-preview":"max-video-preview:-1"},"canonical":"https:\/\/pisg.wgsr.uw.edu.pl\/?page_id=4093","og_locale":"pl_PL","og_type":"article","og_title":"Tom 47 [Volume 47] Suplement. 60 lat dzia\u0142alno\u015bci naukowej i dydaktycznej Zak\u0142adu Klimatologii Wydzia\u0142u Geografii i Studi\u00f3w Regionalnych Uniwersytetu Warszawskiego (1951-2010), red. Maria Stopa-Boryczka, Jerzy Boryczka, Jolanta Wawer, Magda Dobrowolska, 2011 - Prace i Studia Geograficzne | Studies in Geography","og_description":"\u00a0I.\u00a0\u00a0PRZEDMOWA II.\u00a0\u00a0\u017bYCZENIA JUBILEUSZOWE III.\u00a0\u00a060 LAT DZIA\u0141ALNO\u015aCI NAUKOWEJ I DYDAKTYCZNEJ ZAK\u0141ADU KLIMATOLOGII (1951-2010) IV.\u00a0NATURALNE I ANTROPOGENICZNE ZMIANY KLIMATU MIAST W PRACACH MAGISTERSKICH (1959-2009) V.\u00a0\u00a0KALENDARZ WA\u017bNIEJSZYCH WYDARZE\u0143 (1951-2010) VI.\u00a0WYKAZ PUBLIKACJI PRACOWNIK\u00d3W I DOKTORANT\u00d3W (1951-2010) VII.\u00a0BADANIA KLIMATU LOKALNEGO NA PRZYK\u0141ADZIE TEREN\u00d3W MIEJSKICH I LE\u015aNYCH VIII.\u00a0\u00a050 LAT DZIA\u0141ALNO\u015aCI NAUKOWEJ I DYDAKTYCZNEJ ZAK\u0141ADU KLIMATOLOGII WYDZIA\u0141U GEOGRAFII I STUDI\u00d3W REGIONALNYCH UNIWERSYTETU [&hellip;]","og_url":"https:\/\/pisg.wgsr.uw.edu.pl\/?page_id=4093","og_site_name":"Prace i Studia Geograficzne | Studies in Geography","article_modified_time":"2025-10-16T14:04:28+00:00","twitter_card":"summary_large_image","twitter_misc":{"Szacowany czas czytania":"1 minuta"},"schema":{"@context":"https:\/\/schema.org","@graph":[{"@type":"WebPage","@id":"https:\/\/pisg.wgsr.uw.edu.pl\/?page_id=4093","url":"https:\/\/pisg.wgsr.uw.edu.pl\/?page_id=4093","name":"Tom 47 [Volume 47] Suplement. 60 lat dzia\u0142alno\u015bci naukowej i dydaktycznej Zak\u0142adu Klimatologii Wydzia\u0142u Geografii i Studi\u00f3w Regionalnych Uniwersytetu Warszawskiego (1951-2010), red. Maria Stopa-Boryczka, Jerzy Boryczka, Jolanta Wawer, Magda Dobrowolska, 2011 - Prace i Studia Geograficzne | Studies in Geography","isPartOf":{"@id":"https:\/\/pisg.wgsr.uw.edu.pl\/#website"},"datePublished":"2025-10-16T13:56:38+00:00","dateModified":"2025-10-16T14:04:28+00:00","breadcrumb":{"@id":"https:\/\/pisg.wgsr.uw.edu.pl\/?page_id=4093#breadcrumb"},"inLanguage":"pl-PL","potentialAction":[{"@type":"ReadAction","target":["https:\/\/pisg.wgsr.uw.edu.pl\/?page_id=4093"]}]},{"@type":"BreadcrumbList","@id":"https:\/\/pisg.wgsr.uw.edu.pl\/?page_id=4093#breadcrumb","itemListElement":[{"@type":"ListItem","position":1,"name":"Strona g\u0142\u00f3wna","item":"https:\/\/pisg.wgsr.uw.edu.pl\/"},{"@type":"ListItem","position":2,"name":"Tomy","item":"https:\/\/pisg.wgsr.uw.edu.pl\/?page_id=97"},{"@type":"ListItem","position":3,"name":"Tom 47 [Volume 47] Suplement. 60 lat dzia\u0142alno\u015bci naukowej i dydaktycznej Zak\u0142adu Klimatologii Wydzia\u0142u Geografii i Studi\u00f3w Regionalnych Uniwersytetu Warszawskiego (1951-2010), red. Maria Stopa-Boryczka, Jerzy Boryczka, Jolanta Wawer, Magda Dobrowolska, 2011"}]},{"@type":"WebSite","@id":"https:\/\/pisg.wgsr.uw.edu.pl\/#website","url":"https:\/\/pisg.wgsr.uw.edu.pl\/","name":"Prace i Studia Geograficzne | Studies in Geography","description":"Prace i Studia Geograficzne s\u0105 recenzowanym czasopismem wydawanym przez Wydzia\u0142 Geografii i Studi\u00f3w Regionalnych Uniwersytetu Warszawskiego","potentialAction":[{"@type":"SearchAction","target":{"@type":"EntryPoint","urlTemplate":"https:\/\/pisg.wgsr.uw.edu.pl\/?s={search_term_string}"},"query-input":{"@type":"PropertyValueSpecification","valueRequired":true,"valueName":"search_term_string"}}],"inLanguage":"pl-PL"}]}},"_links":{"self":[{"href":"https:\/\/pisg.wgsr.uw.edu.pl\/index.php?rest_route=\/wp\/v2\/pages\/4093","targetHints":{"allow":["GET"]}}],"collection":[{"href":"https:\/\/pisg.wgsr.uw.edu.pl\/index.php?rest_route=\/wp\/v2\/pages"}],"about":[{"href":"https:\/\/pisg.wgsr.uw.edu.pl\/index.php?rest_route=\/wp\/v2\/types\/page"}],"author":[{"embeddable":true,"href":"https:\/\/pisg.wgsr.uw.edu.pl\/index.php?rest_route=\/wp\/v2\/users\/1"}],"replies":[{"embeddable":true,"href":"https:\/\/pisg.wgsr.uw.edu.pl\/index.php?rest_route=%2Fwp%2Fv2%2Fcomments&post=4093"}],"version-history":[{"count":5,"href":"https:\/\/pisg.wgsr.uw.edu.pl\/index.php?rest_route=\/wp\/v2\/pages\/4093\/revisions"}],"predecessor-version":[{"id":4112,"href":"https:\/\/pisg.wgsr.uw.edu.pl\/index.php?rest_route=\/wp\/v2\/pages\/4093\/revisions\/4112"}],"up":[{"embeddable":true,"href":"https:\/\/pisg.wgsr.uw.edu.pl\/index.php?rest_route=\/wp\/v2\/pages\/97"}],"wp:attachment":[{"href":"https:\/\/pisg.wgsr.uw.edu.pl\/index.php?rest_route=%2Fwp%2Fv2%2Fmedia&parent=4093"}],"curies":[{"name":"wp","href":"https:\/\/api.w.org\/{rel}","templated":true}]}}