{"id":4188,"date":"2025-10-21T09:45:48","date_gmt":"2025-10-21T09:45:48","guid":{"rendered":"https:\/\/pisg.wgsr.uw.edu.pl\/?page_id=4188"},"modified":"2025-10-21T09:46:15","modified_gmt":"2025-10-21T09:46:15","slug":"tom-46-volume-46-dynamika-zmian-systemow-przyrodniczych-red-andrzej-richling-2011","status":"publish","type":"page","link":"https:\/\/pisg.wgsr.uw.edu.pl\/?page_id=4188","title":{"rendered":"Tom 46 [Volume 46] Dynamika zmian system\u00f3w przyrodniczych, red. Andrzej Richling, 2011"},"content":{"rendered":"<div id=\"container\">\n<p style=\"text-align: justify;\"><strong>Andrzej RICHLING<\/strong>\u00a0<a href=\"https:\/\/pisg.wgsr.uw.edu.pl\/wp-content\/uploads\/pisg\/T.46\/Wstep.pdf\">Wst\u0119p<\/a><\/p>\n<p style=\"text-align: justify;\"><strong>Andrzej RICHLING<\/strong>\u00a0<a href=\"https:\/\/pisg.wgsr.uw.edu.pl\/wp-content\/uploads\/pisg\/T.46\/Richling.pdf\">Zak\u0142ad Geoekologii. Historia, badania, pracownicy \/ Department of Geoecology. History, Research, Employees<\/a><\/p>\n<p style=\"text-align: justify;\"><strong>Katarzyna OSTASZEWSKA, Jurgen HEINRICH, Ronny SCHMIDT, Annett KRUGER<\/strong>\u00a0<a href=\"https:\/\/pisg.wgsr.uw.edu.pl\/wp-content\/uploads\/pisg\/T.46\/Ostaszewska.pdf\">U\u017cytkowanie ziemi jako czynnik krajobrazotw\u00f3rczy na obszarach lessowych \/ Land use as the landscape-forming factor on the loess areas<\/a><\/p>\n<p style=\"text-align: justify;\"><strong>Ewa MALINOWSKA, Karolina CEGLI\u0143SKA<\/strong>\u00a0<a href=\"https:\/\/pisg.wgsr.uw.edu.pl\/wp-content\/uploads\/pisg\/T.46\/Malinowska.pdf\">Przestrzenna zmienno\u015b\u0107 w\u0142a\u015bciwo\u015bci gleb w uk\u0142adach katenalnych w rejonie Murzynowa \/ Spatial variability of soil properties in the slope catenas in the vicinity of Murzynowo (central Poland)\u00a0<\/a><\/p>\n<p style=\"text-align: justify;\"><strong>Barbara BRAUN<\/strong>\u00a0<a href=\"https:\/\/pisg.wgsr.uw.edu.pl\/wp-content\/uploads\/pisg\/T.46\/Braun.pdf\">Wsp\u00f3\u0142czesne zmiany w\u0142a\u015bciwo\u015bci gleb rolniczych w krajobrazie m\u0142odoglacjalnym \/ Contemporary changes of agricultural soil\u2019s characteristic in the young glacial landscape.<\/a><\/p>\n<p style=\"text-align: justify;\"><strong>Agnieszka SOSNOWSKA<\/strong>\u00a0<a href=\"https:\/\/pisg.wgsr.uw.edu.pl\/wp-content\/uploads\/pisg\/T.46\/Sosnowska.pdf\">Geochemiczne przekszta\u0142cenia pokrywy glebowej pod wp\u0142ywem zmian u\u017cytkowania ziemi (na przyk\u0142adzie okolic Krasnegostawu) \/ Geochemical transformation of soil leyer as influenced by land use changes (Krasnystaw area case study)<\/a><\/p>\n<p style=\"text-align: justify;\"><strong>Ewa MALINOWSKA<\/strong>\u00a0<a href=\"https:\/\/pisg.wgsr.uw.edu.pl\/wp-content\/uploads\/pisg\/T.46\/Malinowska2.pdf\">Zmiany walor\u00f3w wizualnych krajobrazu Narwia\u0144skiego Parku Narodowego w czasie ostatnich 50. lat \/ Changes of visual landscape\u2019s values in Narew National Park in the last 50 years<\/a><\/p>\n<p style=\"text-align: justify;\"><strong>Andrzej HARASIMIUK<\/strong>\u00a0<a href=\"https:\/\/pisg.wgsr.uw.edu.pl\/wp-content\/uploads\/pisg\/T.46\/Harasimiuk.pdf\">Specyfika bada\u0144 krajobrazowych w skalach szczeg\u00f3\u0142owych\u00a0\/ The specificity of landscape studies in detailed scales<\/a><\/p>\n<p style=\"text-align: justify;\"><strong>Katarzyna KAIM<\/strong>\u00a0<a href=\"https:\/\/pisg.wgsr.uw.edu.pl\/wp-content\/uploads\/pisg\/T.46\/Kaim.pdf\">Z metodyki wyznaczania geokompleks\u00f3w \/ From the methodology of geocomplexes delimitation.<\/a><\/p>\n<p style=\"text-align: justify;\"><strong>Micha\u0142 OSOWIEC<\/strong><a href=\"https:\/\/pisg.wgsr.uw.edu.pl\/wp-content\/uploads\/pisg\/T.46\/Osowiec.pdf\">\u00a0Strukturalno-funkcjonalna klasyfikacja krajobraz\u00f3w hydrogenicznych na przyk\u0142adzie Polesia Lubelskiego \/ Structural-functional classifi cation of hydrogenic landscapes based on Polesie Lubelskie.<\/a><\/p>\n<p style=\"text-align: justify;\"><strong>Iwona SZUMACHER<\/strong>\u00a0<a href=\"https:\/\/pisg.wgsr.uw.edu.pl\/wp-content\/uploads\/pisg\/T.46\/Szumacher.pdf\">Funkcje teren\u00f3w zieleni miejskiej a \u015bwiadczenia ekosystem\u00f3w \/ Urban greenery functions and ecosystem services<\/a><\/p>\n<p style=\"text-align: justify;\"><strong>Alina GERLEE<\/strong>\u00a0<a href=\"https:\/\/pisg.wgsr.uw.edu.pl\/wp-content\/uploads\/pisg\/T.46\/Gerlee.pdf\">Stabilno\u015b\u0107 korytarzy ekologicznych \/ Stability of ecological corridors<\/a><\/p>\n<p style=\"text-align: justify;\"><strong>Tomasz GRABOWSKI<\/strong><a href=\"https:\/\/pisg.wgsr.uw.edu.pl\/wp-content\/uploads\/pisg\/T.46\/Grabowski.pdf\">\u00a0Czy murawy kserotermiczne regionu Ponidzia przetrwaj\u0105? \/ Will xerothermic grasslands of the Ponidzie region survive?<\/a><\/p>\n<p style=\"text-align: justify;\"><strong>Marek ZGORZELSKI<\/strong>\u00a0<a href=\"https:\/\/pisg.wgsr.uw.edu.pl\/wp-content\/uploads\/pisg\/T.46\/Zgorzelski.pdf\">Uwagi na temat roli otulin w polskim, przestrzennym systemie obszar\u00f3w chronionych \/ The remarks on external protected zones functioning in Polish system of protected areas<\/a><\/p>\n<\/div>\n","protected":false},"excerpt":{"rendered":"<p>Andrzej RICHLING\u00a0Wst\u0119p Andrzej RICHLING\u00a0Zak\u0142ad Geoekologii. Historia, badania, pracownicy \/ Department of Geoecology. History, Research, Employees Katarzyna OSTASZEWSKA, Jurgen HEINRICH, Ronny SCHMIDT, Annett KRUGER\u00a0U\u017cytkowanie ziemi jako czynnik krajobrazotw\u00f3rczy na obszarach lessowych \/ Land use as the landscape-forming factor on the loess areas Ewa MALINOWSKA, Karolina CEGLI\u0143SKA\u00a0Przestrzenna zmienno\u015b\u0107 w\u0142a\u015bciwo\u015bci gleb w uk\u0142adach katenalnych w rejonie Murzynowa \/ [&hellip;]<\/p>\n","protected":false},"author":1,"featured_media":0,"parent":97,"menu_order":0,"comment_status":"closed","ping_status":"closed","template":"","meta":{"_monsterinsights_skip_tracking":false,"_monsterinsights_sitenote_active":false,"_monsterinsights_sitenote_note":"","_monsterinsights_sitenote_category":0,"footnotes":""},"class_list":["post-4188","page","type-page","status-publish","hentry","post"],"yoast_head":"<!-- This site is optimized with the Yoast SEO plugin v27.5 - https:\/\/yoast.com\/product\/yoast-seo-wordpress\/ -->\n<title>Tom 46 [Volume 46] Dynamika zmian system\u00f3w przyrodniczych, red. Andrzej Richling, 2011 - Prace i Studia Geograficzne | Studies in Geography<\/title>\n<meta name=\"robots\" content=\"index, follow, max-snippet:-1, max-image-preview:large, max-video-preview:-1\" \/>\n<link rel=\"canonical\" href=\"https:\/\/pisg.wgsr.uw.edu.pl\/?page_id=4188\" \/>\n<meta property=\"og:locale\" content=\"pl_PL\" \/>\n<meta property=\"og:type\" content=\"article\" \/>\n<meta property=\"og:title\" content=\"Tom 46 [Volume 46] Dynamika zmian system\u00f3w przyrodniczych, red. Andrzej Richling, 2011 - Prace i Studia Geograficzne | Studies in Geography\" \/>\n<meta property=\"og:description\" content=\"Andrzej RICHLING\u00a0Wst\u0119p Andrzej RICHLING\u00a0Zak\u0142ad Geoekologii. Historia, badania, pracownicy \/ Department of Geoecology. History, Research, Employees Katarzyna OSTASZEWSKA, Jurgen HEINRICH, Ronny SCHMIDT, Annett KRUGER\u00a0U\u017cytkowanie ziemi jako czynnik krajobrazotw\u00f3rczy na obszarach lessowych \/ Land use as the landscape-forming factor on the loess areas Ewa MALINOWSKA, Karolina CEGLI\u0143SKA\u00a0Przestrzenna zmienno\u015b\u0107 w\u0142a\u015bciwo\u015bci gleb w uk\u0142adach katenalnych w rejonie Murzynowa \/ [&hellip;]\" \/>\n<meta property=\"og:url\" content=\"https:\/\/pisg.wgsr.uw.edu.pl\/?page_id=4188\" \/>\n<meta property=\"og:site_name\" content=\"Prace i Studia Geograficzne | Studies in Geography\" \/>\n<meta property=\"article:modified_time\" content=\"2025-10-21T09:46:15+00:00\" \/>\n<meta name=\"twitter:card\" content=\"summary_large_image\" \/>\n<script type=\"application\/ld+json\" class=\"yoast-schema-graph\">{\"@context\":\"https:\\\/\\\/schema.org\",\"@graph\":[{\"@type\":\"WebPage\",\"@id\":\"https:\\\/\\\/pisg.wgsr.uw.edu.pl\\\/?page_id=4188\",\"url\":\"https:\\\/\\\/pisg.wgsr.uw.edu.pl\\\/?page_id=4188\",\"name\":\"Tom 46 [Volume 46] Dynamika zmian system\u00f3w przyrodniczych, red. Andrzej Richling, 2011 - Prace i Studia Geograficzne | Studies in Geography\",\"isPartOf\":{\"@id\":\"https:\\\/\\\/pisg.wgsr.uw.edu.pl\\\/#website\"},\"datePublished\":\"2025-10-21T09:45:48+00:00\",\"dateModified\":\"2025-10-21T09:46:15+00:00\",\"breadcrumb\":{\"@id\":\"https:\\\/\\\/pisg.wgsr.uw.edu.pl\\\/?page_id=4188#breadcrumb\"},\"inLanguage\":\"pl-PL\",\"potentialAction\":[{\"@type\":\"ReadAction\",\"target\":[\"https:\\\/\\\/pisg.wgsr.uw.edu.pl\\\/?page_id=4188\"]}]},{\"@type\":\"BreadcrumbList\",\"@id\":\"https:\\\/\\\/pisg.wgsr.uw.edu.pl\\\/?page_id=4188#breadcrumb\",\"itemListElement\":[{\"@type\":\"ListItem\",\"position\":1,\"name\":\"Strona g\u0142\u00f3wna\",\"item\":\"https:\\\/\\\/pisg.wgsr.uw.edu.pl\\\/\"},{\"@type\":\"ListItem\",\"position\":2,\"name\":\"Tomy\",\"item\":\"https:\\\/\\\/pisg.wgsr.uw.edu.pl\\\/?page_id=97\"},{\"@type\":\"ListItem\",\"position\":3,\"name\":\"Tom 46 [Volume 46] Dynamika zmian system\u00f3w przyrodniczych, red. Andrzej Richling, 2011\"}]},{\"@type\":\"WebSite\",\"@id\":\"https:\\\/\\\/pisg.wgsr.uw.edu.pl\\\/#website\",\"url\":\"https:\\\/\\\/pisg.wgsr.uw.edu.pl\\\/\",\"name\":\"Prace i Studia Geograficzne | Studies in Geography\",\"description\":\"Prace i Studia Geograficzne s\u0105 recenzowanym czasopismem wydawanym przez Wydzia\u0142 Geografii i Studi\u00f3w Regionalnych Uniwersytetu Warszawskiego\",\"potentialAction\":[{\"@type\":\"SearchAction\",\"target\":{\"@type\":\"EntryPoint\",\"urlTemplate\":\"https:\\\/\\\/pisg.wgsr.uw.edu.pl\\\/?s={search_term_string}\"},\"query-input\":{\"@type\":\"PropertyValueSpecification\",\"valueRequired\":true,\"valueName\":\"search_term_string\"}}],\"inLanguage\":\"pl-PL\"}]}<\/script>\n<!-- \/ Yoast SEO plugin. -->","yoast_head_json":{"title":"Tom 46 [Volume 46] Dynamika zmian system\u00f3w przyrodniczych, red. Andrzej Richling, 2011 - Prace i Studia Geograficzne | Studies in Geography","robots":{"index":"index","follow":"follow","max-snippet":"max-snippet:-1","max-image-preview":"max-image-preview:large","max-video-preview":"max-video-preview:-1"},"canonical":"https:\/\/pisg.wgsr.uw.edu.pl\/?page_id=4188","og_locale":"pl_PL","og_type":"article","og_title":"Tom 46 [Volume 46] Dynamika zmian system\u00f3w przyrodniczych, red. Andrzej Richling, 2011 - Prace i Studia Geograficzne | Studies in Geography","og_description":"Andrzej RICHLING\u00a0Wst\u0119p Andrzej RICHLING\u00a0Zak\u0142ad Geoekologii. Historia, badania, pracownicy \/ Department of Geoecology. History, Research, Employees Katarzyna OSTASZEWSKA, Jurgen HEINRICH, Ronny SCHMIDT, Annett KRUGER\u00a0U\u017cytkowanie ziemi jako czynnik krajobrazotw\u00f3rczy na obszarach lessowych \/ Land use as the landscape-forming factor on the loess areas Ewa MALINOWSKA, Karolina CEGLI\u0143SKA\u00a0Przestrzenna zmienno\u015b\u0107 w\u0142a\u015bciwo\u015bci gleb w uk\u0142adach katenalnych w rejonie Murzynowa \/ [&hellip;]","og_url":"https:\/\/pisg.wgsr.uw.edu.pl\/?page_id=4188","og_site_name":"Prace i Studia Geograficzne | Studies in Geography","article_modified_time":"2025-10-21T09:46:15+00:00","twitter_card":"summary_large_image","schema":{"@context":"https:\/\/schema.org","@graph":[{"@type":"WebPage","@id":"https:\/\/pisg.wgsr.uw.edu.pl\/?page_id=4188","url":"https:\/\/pisg.wgsr.uw.edu.pl\/?page_id=4188","name":"Tom 46 [Volume 46] Dynamika zmian system\u00f3w przyrodniczych, red. Andrzej Richling, 2011 - Prace i Studia Geograficzne | Studies in Geography","isPartOf":{"@id":"https:\/\/pisg.wgsr.uw.edu.pl\/#website"},"datePublished":"2025-10-21T09:45:48+00:00","dateModified":"2025-10-21T09:46:15+00:00","breadcrumb":{"@id":"https:\/\/pisg.wgsr.uw.edu.pl\/?page_id=4188#breadcrumb"},"inLanguage":"pl-PL","potentialAction":[{"@type":"ReadAction","target":["https:\/\/pisg.wgsr.uw.edu.pl\/?page_id=4188"]}]},{"@type":"BreadcrumbList","@id":"https:\/\/pisg.wgsr.uw.edu.pl\/?page_id=4188#breadcrumb","itemListElement":[{"@type":"ListItem","position":1,"name":"Strona g\u0142\u00f3wna","item":"https:\/\/pisg.wgsr.uw.edu.pl\/"},{"@type":"ListItem","position":2,"name":"Tomy","item":"https:\/\/pisg.wgsr.uw.edu.pl\/?page_id=97"},{"@type":"ListItem","position":3,"name":"Tom 46 [Volume 46] Dynamika zmian system\u00f3w przyrodniczych, red. Andrzej Richling, 2011"}]},{"@type":"WebSite","@id":"https:\/\/pisg.wgsr.uw.edu.pl\/#website","url":"https:\/\/pisg.wgsr.uw.edu.pl\/","name":"Prace i Studia Geograficzne | Studies in Geography","description":"Prace i Studia Geograficzne s\u0105 recenzowanym czasopismem wydawanym przez Wydzia\u0142 Geografii i Studi\u00f3w Regionalnych Uniwersytetu Warszawskiego","potentialAction":[{"@type":"SearchAction","target":{"@type":"EntryPoint","urlTemplate":"https:\/\/pisg.wgsr.uw.edu.pl\/?s={search_term_string}"},"query-input":{"@type":"PropertyValueSpecification","valueRequired":true,"valueName":"search_term_string"}}],"inLanguage":"pl-PL"}]}},"_links":{"self":[{"href":"https:\/\/pisg.wgsr.uw.edu.pl\/index.php?rest_route=\/wp\/v2\/pages\/4188","targetHints":{"allow":["GET"]}}],"collection":[{"href":"https:\/\/pisg.wgsr.uw.edu.pl\/index.php?rest_route=\/wp\/v2\/pages"}],"about":[{"href":"https:\/\/pisg.wgsr.uw.edu.pl\/index.php?rest_route=\/wp\/v2\/types\/page"}],"author":[{"embeddable":true,"href":"https:\/\/pisg.wgsr.uw.edu.pl\/index.php?rest_route=\/wp\/v2\/users\/1"}],"replies":[{"embeddable":true,"href":"https:\/\/pisg.wgsr.uw.edu.pl\/index.php?rest_route=%2Fwp%2Fv2%2Fcomments&post=4188"}],"version-history":[{"count":2,"href":"https:\/\/pisg.wgsr.uw.edu.pl\/index.php?rest_route=\/wp\/v2\/pages\/4188\/revisions"}],"predecessor-version":[{"id":4190,"href":"https:\/\/pisg.wgsr.uw.edu.pl\/index.php?rest_route=\/wp\/v2\/pages\/4188\/revisions\/4190"}],"up":[{"embeddable":true,"href":"https:\/\/pisg.wgsr.uw.edu.pl\/index.php?rest_route=\/wp\/v2\/pages\/97"}],"wp:attachment":[{"href":"https:\/\/pisg.wgsr.uw.edu.pl\/index.php?rest_route=%2Fwp%2Fv2%2Fmedia&parent=4188"}],"curies":[{"name":"wp","href":"https:\/\/api.w.org\/{rel}","templated":true}]}}