{"id":4274,"date":"2025-10-21T10:53:20","date_gmt":"2025-10-21T10:53:20","guid":{"rendered":"https:\/\/pisg.wgsr.uw.edu.pl\/?page_id=4274"},"modified":"2025-10-21T10:53:20","modified_gmt":"2025-10-21T10:53:20","slug":"tom-43-volume-43-studia-nad-ekstremalnymi-zdarzeniami-hydrologicznymi-red-malgorzata-gutry-korycka-2009","status":"publish","type":"page","link":"https:\/\/pisg.wgsr.uw.edu.pl\/?page_id=4274","title":{"rendered":"Tom 43 [Volume 43] Studia nad ekstremalnymi zdarzeniami hydrologicznymi, red. Ma\u0142gorzata Gutry-Korycka, 2009"},"content":{"rendered":"<p style=\"text-align: justify;\"><strong>Ma\u0142gorzata GUTRY-KORYCKA\u00a0<\/strong><a href=\"https:\/\/pisg.wgsr.uw.edu.pl\/wp-content\/uploads\/pisg\/T.43\/Przedmowa.pdf\">Przedmowa \/Foreword<\/a><\/p>\n<p style=\"text-align: justify;\"><strong>Barbara NOWICKA\u00a0<\/strong><a href=\"https:\/\/pisg.wgsr.uw.edu.pl\/wp-content\/uploads\/pisg\/T.43\/Nowicka.pdf\">Ocena zr\u00f3\u017cnicowania ekstremalnych wysokich przep\u0142yw\u00f3w wybranych rzek polskich \/ Estimation of differentiation of extremely high discharge of selected Polish rivers\u00a0<\/a><\/p>\n<p style=\"text-align: justify;\"><strong>Ma\u0142gorzata GUTRY-KORYCKA, Dariusz WORONKO<\/strong>,\u00a0<strong>Jaros\u0142aw SUCHO\u017bEBRSKI\u00a0<\/strong><a href=\"https:\/\/pisg.wgsr.uw.edu.pl\/wp-content\/uploads\/pisg\/T.43\/Gutry-Korycka.pdf\">Uwarunkowanie regionalne maksymalnych prawdopodobnych przep\u0142yw\u00f3w rzek \/ Regional conditionings of probable maximum river flows<\/a><\/p>\n<p style=\"text-align: justify;\"><strong>Maciej LENARTOWICZ, Ma\u0142gorzata GUTRY-KORYCKA\u00a0<\/strong><a href=\"https:\/\/pisg.wgsr.uw.edu.pl\/wp-content\/uploads\/pisg\/T.43\/Lenartowicz.pdf\">Regionalne uwarunkowanie reakcji rzek na deszcze nawalne w warunkach rzeczywistych i w perspektywie globalnego ocieplania klimatu \/ Regional conditioning of the river response to heavy rainfall in real conditions and in the perspective of global warming<\/a><\/p>\n<p style=\"text-align: justify;\"><strong>Izabela PI\u0118TKA\u00a0<\/strong><a href=\"https:\/\/pisg.wgsr.uw.edu.pl\/wp-content\/uploads\/pisg\/T.43\/Pietka.pdf\">Wieloletnia zmienno\u015b\u0107 wiosennego odp\u0142ywu rzek polskich \/ Long-term variations of spring runoff of Polish rivers<\/a><\/p>\n<p style=\"text-align: justify;\"><strong>Urszula SOMOROWSKA\u00a0<\/strong><a href=\"https:\/\/pisg.wgsr.uw.edu.pl\/wp-content\/uploads\/pisg\/T.43\/Somorowska.pdf\">Wzrost zagro\u017cenia susz\u0105 hydrologiczn\u0105 w ro\u017cnych regionach geograficznych Polski w XX wieku \/ Increase in the hydrological drought risk in various geographical regions of Poland in the 20th century<\/a><\/p>\n<p style=\"text-align: justify;\"><strong>Aneta AFELT, Monika OKSIUTA\u00a0<\/strong><a href=\"https:\/\/pisg.wgsr.uw.edu.pl\/wp-content\/uploads\/pisg\/T.43\/Afelt.pdf\">Osi\u0105ganie stan\u00f3w ekstremalnych przez wody podziemne \/ Extremes of groundwater level fluctuation<\/a><\/p>\n<p style=\"text-align: justify;\"><strong>PRAWID\u0141OWO\u015aCI PRZEBIEGU WEZBRA\u0143 EKSTREMALNYCH<\/strong><br \/>\n<strong>W OBSZARACH MIAST NA PRZYK\u0141ADZIE WIS\u0141Y W WARSZAWIE<\/strong><\/p>\n<p style=\"text-align: justify;\"><strong>Artur MAGNUSZEWSKI, Ma\u0142gorzata GUTRY-KORYCKA\u00a0<\/strong><a href=\"https:\/\/pisg.wgsr.uw.edu.pl\/wp-content\/uploads\/pisg\/T.43\/Magnuszewski.pdf\">Rekonstrukcja przep\u0142ywu wielkich w\u00f3d Wis\u0142y w Warszawie w warunkach naturalnych \/ Reconstruction of the Vistula River extreme floods passage through the City of Warsaw in natural river condition<\/a><\/p>\n<p style=\"text-align: justify;\"><strong>Artur MAGNUSZEWSKI, Ma\u0142gorzata GUTRY-KORYCKA\u00a0<\/strong><a href=\"https:\/\/pisg.wgsr.uw.edu.pl\/wp-content\/uploads\/pisg\/T.43\/Magnuszewski2.pdf\">Przep\u0142yw wielkich w\u00f3d Wis\u0142y we wsp\u00f3\u0142czesnym korycie \/ Flood waters flow in the contemporary Vistula River Channel<\/a><\/p>\n<p style=\"text-align: justify;\"><strong>Ma\u0142gorzata GUTRY-KORYCKA<\/strong><a href=\"https:\/\/pisg.wgsr.uw.edu.pl\/wp-content\/uploads\/pisg\/T.43\/Gutry-Korycka_podsumowanie.pdf\">\u00a0Podsumowanie \/ Summarize<\/a><\/p>\n","protected":false},"excerpt":{"rendered":"<p>Ma\u0142gorzata GUTRY-KORYCKA\u00a0Przedmowa \/Foreword Barbara NOWICKA\u00a0Ocena zr\u00f3\u017cnicowania ekstremalnych wysokich przep\u0142yw\u00f3w wybranych rzek polskich \/ Estimation of differentiation of extremely high discharge of selected Polish rivers\u00a0 Ma\u0142gorzata GUTRY-KORYCKA, Dariusz WORONKO,\u00a0Jaros\u0142aw SUCHO\u017bEBRSKI\u00a0Uwarunkowanie regionalne maksymalnych prawdopodobnych przep\u0142yw\u00f3w rzek \/ Regional conditionings of probable maximum river flows Maciej LENARTOWICZ, Ma\u0142gorzata GUTRY-KORYCKA\u00a0Regionalne uwarunkowanie reakcji rzek na deszcze nawalne w warunkach rzeczywistych [&hellip;]<\/p>\n","protected":false},"author":1,"featured_media":0,"parent":97,"menu_order":0,"comment_status":"closed","ping_status":"closed","template":"","meta":{"_monsterinsights_skip_tracking":false,"_monsterinsights_sitenote_active":false,"_monsterinsights_sitenote_note":"","_monsterinsights_sitenote_category":0,"footnotes":""},"class_list":["post-4274","page","type-page","status-publish","hentry","post"],"yoast_head":"<!-- This site is optimized with the Yoast SEO plugin v27.5 - https:\/\/yoast.com\/product\/yoast-seo-wordpress\/ -->\n<title>Tom 43 [Volume 43] Studia nad ekstremalnymi zdarzeniami hydrologicznymi, red. Ma\u0142gorzata Gutry-Korycka, 2009 - Prace i Studia Geograficzne | Studies in Geography<\/title>\n<meta name=\"robots\" content=\"index, follow, max-snippet:-1, max-image-preview:large, max-video-preview:-1\" \/>\n<link rel=\"canonical\" href=\"https:\/\/pisg.wgsr.uw.edu.pl\/?page_id=4274\" \/>\n<meta property=\"og:locale\" content=\"pl_PL\" \/>\n<meta property=\"og:type\" content=\"article\" \/>\n<meta property=\"og:title\" content=\"Tom 43 [Volume 43] Studia nad ekstremalnymi zdarzeniami hydrologicznymi, red. Ma\u0142gorzata Gutry-Korycka, 2009 - Prace i Studia Geograficzne | Studies in Geography\" \/>\n<meta property=\"og:description\" content=\"Ma\u0142gorzata GUTRY-KORYCKA\u00a0Przedmowa \/Foreword Barbara NOWICKA\u00a0Ocena zr\u00f3\u017cnicowania ekstremalnych wysokich przep\u0142yw\u00f3w wybranych rzek polskich \/ Estimation of differentiation of extremely high discharge of selected Polish rivers\u00a0 Ma\u0142gorzata GUTRY-KORYCKA, Dariusz WORONKO,\u00a0Jaros\u0142aw SUCHO\u017bEBRSKI\u00a0Uwarunkowanie regionalne maksymalnych prawdopodobnych przep\u0142yw\u00f3w rzek \/ Regional conditionings of probable maximum river flows Maciej LENARTOWICZ, Ma\u0142gorzata GUTRY-KORYCKA\u00a0Regionalne uwarunkowanie reakcji rzek na deszcze nawalne w warunkach rzeczywistych [&hellip;]\" \/>\n<meta property=\"og:url\" content=\"https:\/\/pisg.wgsr.uw.edu.pl\/?page_id=4274\" \/>\n<meta property=\"og:site_name\" content=\"Prace i Studia Geograficzne | Studies in Geography\" \/>\n<meta name=\"twitter:card\" content=\"summary_large_image\" \/>\n<script type=\"application\/ld+json\" class=\"yoast-schema-graph\">{\"@context\":\"https:\\\/\\\/schema.org\",\"@graph\":[{\"@type\":\"WebPage\",\"@id\":\"https:\\\/\\\/pisg.wgsr.uw.edu.pl\\\/?page_id=4274\",\"url\":\"https:\\\/\\\/pisg.wgsr.uw.edu.pl\\\/?page_id=4274\",\"name\":\"Tom 43 [Volume 43] Studia nad ekstremalnymi zdarzeniami hydrologicznymi, red. Ma\u0142gorzata Gutry-Korycka, 2009 - Prace i Studia Geograficzne | Studies in Geography\",\"isPartOf\":{\"@id\":\"https:\\\/\\\/pisg.wgsr.uw.edu.pl\\\/#website\"},\"datePublished\":\"2025-10-21T10:53:20+00:00\",\"breadcrumb\":{\"@id\":\"https:\\\/\\\/pisg.wgsr.uw.edu.pl\\\/?page_id=4274#breadcrumb\"},\"inLanguage\":\"pl-PL\",\"potentialAction\":[{\"@type\":\"ReadAction\",\"target\":[\"https:\\\/\\\/pisg.wgsr.uw.edu.pl\\\/?page_id=4274\"]}]},{\"@type\":\"BreadcrumbList\",\"@id\":\"https:\\\/\\\/pisg.wgsr.uw.edu.pl\\\/?page_id=4274#breadcrumb\",\"itemListElement\":[{\"@type\":\"ListItem\",\"position\":1,\"name\":\"Strona g\u0142\u00f3wna\",\"item\":\"https:\\\/\\\/pisg.wgsr.uw.edu.pl\\\/\"},{\"@type\":\"ListItem\",\"position\":2,\"name\":\"Tomy\",\"item\":\"https:\\\/\\\/pisg.wgsr.uw.edu.pl\\\/?page_id=97\"},{\"@type\":\"ListItem\",\"position\":3,\"name\":\"Tom 43 [Volume 43] Studia nad ekstremalnymi zdarzeniami hydrologicznymi, red. Ma\u0142gorzata Gutry-Korycka, 2009\"}]},{\"@type\":\"WebSite\",\"@id\":\"https:\\\/\\\/pisg.wgsr.uw.edu.pl\\\/#website\",\"url\":\"https:\\\/\\\/pisg.wgsr.uw.edu.pl\\\/\",\"name\":\"Prace i Studia Geograficzne | Studies in Geography\",\"description\":\"Prace i Studia Geograficzne s\u0105 recenzowanym czasopismem wydawanym przez Wydzia\u0142 Geografii i Studi\u00f3w Regionalnych Uniwersytetu Warszawskiego\",\"potentialAction\":[{\"@type\":\"SearchAction\",\"target\":{\"@type\":\"EntryPoint\",\"urlTemplate\":\"https:\\\/\\\/pisg.wgsr.uw.edu.pl\\\/?s={search_term_string}\"},\"query-input\":{\"@type\":\"PropertyValueSpecification\",\"valueRequired\":true,\"valueName\":\"search_term_string\"}}],\"inLanguage\":\"pl-PL\"}]}<\/script>\n<!-- \/ Yoast SEO plugin. -->","yoast_head_json":{"title":"Tom 43 [Volume 43] Studia nad ekstremalnymi zdarzeniami hydrologicznymi, red. Ma\u0142gorzata Gutry-Korycka, 2009 - Prace i Studia Geograficzne | Studies in Geography","robots":{"index":"index","follow":"follow","max-snippet":"max-snippet:-1","max-image-preview":"max-image-preview:large","max-video-preview":"max-video-preview:-1"},"canonical":"https:\/\/pisg.wgsr.uw.edu.pl\/?page_id=4274","og_locale":"pl_PL","og_type":"article","og_title":"Tom 43 [Volume 43] Studia nad ekstremalnymi zdarzeniami hydrologicznymi, red. Ma\u0142gorzata Gutry-Korycka, 2009 - Prace i Studia Geograficzne | Studies in Geography","og_description":"Ma\u0142gorzata GUTRY-KORYCKA\u00a0Przedmowa \/Foreword Barbara NOWICKA\u00a0Ocena zr\u00f3\u017cnicowania ekstremalnych wysokich przep\u0142yw\u00f3w wybranych rzek polskich \/ Estimation of differentiation of extremely high discharge of selected Polish rivers\u00a0 Ma\u0142gorzata GUTRY-KORYCKA, Dariusz WORONKO,\u00a0Jaros\u0142aw SUCHO\u017bEBRSKI\u00a0Uwarunkowanie regionalne maksymalnych prawdopodobnych przep\u0142yw\u00f3w rzek \/ Regional conditionings of probable maximum river flows Maciej LENARTOWICZ, Ma\u0142gorzata GUTRY-KORYCKA\u00a0Regionalne uwarunkowanie reakcji rzek na deszcze nawalne w warunkach rzeczywistych [&hellip;]","og_url":"https:\/\/pisg.wgsr.uw.edu.pl\/?page_id=4274","og_site_name":"Prace i Studia Geograficzne | Studies in Geography","twitter_card":"summary_large_image","schema":{"@context":"https:\/\/schema.org","@graph":[{"@type":"WebPage","@id":"https:\/\/pisg.wgsr.uw.edu.pl\/?page_id=4274","url":"https:\/\/pisg.wgsr.uw.edu.pl\/?page_id=4274","name":"Tom 43 [Volume 43] Studia nad ekstremalnymi zdarzeniami hydrologicznymi, red. Ma\u0142gorzata Gutry-Korycka, 2009 - Prace i Studia Geograficzne | Studies in Geography","isPartOf":{"@id":"https:\/\/pisg.wgsr.uw.edu.pl\/#website"},"datePublished":"2025-10-21T10:53:20+00:00","breadcrumb":{"@id":"https:\/\/pisg.wgsr.uw.edu.pl\/?page_id=4274#breadcrumb"},"inLanguage":"pl-PL","potentialAction":[{"@type":"ReadAction","target":["https:\/\/pisg.wgsr.uw.edu.pl\/?page_id=4274"]}]},{"@type":"BreadcrumbList","@id":"https:\/\/pisg.wgsr.uw.edu.pl\/?page_id=4274#breadcrumb","itemListElement":[{"@type":"ListItem","position":1,"name":"Strona g\u0142\u00f3wna","item":"https:\/\/pisg.wgsr.uw.edu.pl\/"},{"@type":"ListItem","position":2,"name":"Tomy","item":"https:\/\/pisg.wgsr.uw.edu.pl\/?page_id=97"},{"@type":"ListItem","position":3,"name":"Tom 43 [Volume 43] Studia nad ekstremalnymi zdarzeniami hydrologicznymi, red. Ma\u0142gorzata Gutry-Korycka, 2009"}]},{"@type":"WebSite","@id":"https:\/\/pisg.wgsr.uw.edu.pl\/#website","url":"https:\/\/pisg.wgsr.uw.edu.pl\/","name":"Prace i Studia Geograficzne | Studies in Geography","description":"Prace i Studia Geograficzne s\u0105 recenzowanym czasopismem wydawanym przez Wydzia\u0142 Geografii i Studi\u00f3w Regionalnych Uniwersytetu Warszawskiego","potentialAction":[{"@type":"SearchAction","target":{"@type":"EntryPoint","urlTemplate":"https:\/\/pisg.wgsr.uw.edu.pl\/?s={search_term_string}"},"query-input":{"@type":"PropertyValueSpecification","valueRequired":true,"valueName":"search_term_string"}}],"inLanguage":"pl-PL"}]}},"_links":{"self":[{"href":"https:\/\/pisg.wgsr.uw.edu.pl\/index.php?rest_route=\/wp\/v2\/pages\/4274","targetHints":{"allow":["GET"]}}],"collection":[{"href":"https:\/\/pisg.wgsr.uw.edu.pl\/index.php?rest_route=\/wp\/v2\/pages"}],"about":[{"href":"https:\/\/pisg.wgsr.uw.edu.pl\/index.php?rest_route=\/wp\/v2\/types\/page"}],"author":[{"embeddable":true,"href":"https:\/\/pisg.wgsr.uw.edu.pl\/index.php?rest_route=\/wp\/v2\/users\/1"}],"replies":[{"embeddable":true,"href":"https:\/\/pisg.wgsr.uw.edu.pl\/index.php?rest_route=%2Fwp%2Fv2%2Fcomments&post=4274"}],"version-history":[{"count":1,"href":"https:\/\/pisg.wgsr.uw.edu.pl\/index.php?rest_route=\/wp\/v2\/pages\/4274\/revisions"}],"predecessor-version":[{"id":4275,"href":"https:\/\/pisg.wgsr.uw.edu.pl\/index.php?rest_route=\/wp\/v2\/pages\/4274\/revisions\/4275"}],"up":[{"embeddable":true,"href":"https:\/\/pisg.wgsr.uw.edu.pl\/index.php?rest_route=\/wp\/v2\/pages\/97"}],"wp:attachment":[{"href":"https:\/\/pisg.wgsr.uw.edu.pl\/index.php?rest_route=%2Fwp%2Fv2%2Fmedia&parent=4274"}],"curies":[{"name":"wp","href":"https:\/\/api.w.org\/{rel}","templated":true}]}}