{"id":4291,"date":"2025-10-21T11:01:48","date_gmt":"2025-10-21T11:01:48","guid":{"rendered":"https:\/\/pisg.wgsr.uw.edu.pl\/?page_id=4291"},"modified":"2025-10-21T11:10:06","modified_gmt":"2025-10-21T11:10:06","slug":"tom-42volume-42-studia-z-geografii-czlowieka-red-andrzej-lisowski-2009","status":"publish","type":"page","link":"https:\/\/pisg.wgsr.uw.edu.pl\/?page_id=4291","title":{"rendered":"Tom 42 [Volume 42] Studia z geografii cz\u0142owieka, red. Andrzej Lisowski, 2009"},"content":{"rendered":"<p style=\"text-align: justify;\"><span class=\"fontstyle0\" style=\"color: #000000;\"><strong>Andrzej LISOWSKI<\/strong>\u00a0<a href=\"https:\/\/pisg.wgsr.uw.edu.pl\/wp-content\/uploads\/pisg\/T.42\/S\u0142owo-wstepne.pdf\">S\u0142owo wst\u0119pne \/ Foreword\u00a0<\/a><br \/>\n<\/span><\/p>\n<div>\n<p style=\"text-align: justify;\"><span class=\"fontstyle0\" style=\"color: #000000;\"><strong>Andrzej KOWALCZYK<\/strong>\u00a0\u00a0<a href=\"https:\/\/pisg.wgsr.uw.edu.pl\/wp-content\/uploads\/pisg\/T.42\/Andrzej-Kowalczyk.pdf\">Zagospodarowanie turystyczne obszar\u00f3w chronionych (na przyk\u0142adzie Afryki Po\u0142udniowej) \/ Tourist infrastructure in protected areas (an example of South Africa)<\/a><br \/>\n<\/span><\/p>\n<p style=\"text-align: justify;\"><span style=\"color: #000000;\"><strong>Ma\u0142gorzata DURYDIWKA<\/strong>\u00a0<a href=\"https:\/\/pisg.wgsr.uw.edu.pl\/wp-content\/uploads\/pisg\/T.42\/Malgorzata-Durydiwka.pdf\">Ruch turystyczny \u2013 z centrum ku peryferiom\u00a0\/ Tourist movement \u2013 from centre to peripheries<\/a><br \/>\n<\/span><\/p>\n<p style=\"text-align: justify;\"><span class=\"fontstyle0\" style=\"color: #000000;\"><strong>Miko\u0142aj MADUROWICZ<\/strong>\u00a0\u00a0<a href=\"https:\/\/pisg.wgsr.uw.edu.pl\/wp-content\/uploads\/pisg\/T.42\/Mikolaj-Madurowicz.pdf\">Jest miejsce na refleksj\u0119. Szkic z fenomenologii pewnej podr\u00f3\u017cy\u00a0\/ There is a place for reflection. A short study of phenomenology of a certain journey<\/a><br \/>\n<\/span><\/p>\n<p style=\"text-align: justify;\"><span style=\"color: #000000;\"><strong>Katarzyna DUDA &#8211; GROMADA<\/strong><a href=\"https:\/\/pisg.wgsr.uw.edu.pl\/wp-content\/uploads\/pisg\/T.42\/Katarzyna-Duda-Gromada.pdf\">\u00a0Turystyka jeziorna \u2013 nowa forma turystyki? \/ Lake tourism \u2013 a new form of tourism?<\/a><\/span><\/p>\n<p style=\"text-align: justify;\"><span style=\"color: #000000;\"><strong>Andrzej LISOWSKI\u00a0<\/strong>\u00a0<a href=\"https:\/\/pisg.wgsr.uw.edu.pl\/wp-content\/uploads\/pisg\/T.42\/Andrzej-Lisowski.pdf\">Zr\u00f3\u017cnicowanie spo\u0142eczne i zachowania wyborcze w wybranych miastach w Polsce\u00a0\/ Social diversity and electoral behaviour in the selected towns in Poland<\/a><br \/>\n<\/span><\/p>\n<p style=\"text-align: justify;\"><span style=\"color: #000000;\"><strong>Sylwia DUDEK-MA\u0143KOWSKA<\/strong>\u00a0<a href=\"https:\/\/pisg.wgsr.uw.edu.pl\/wp-content\/uploads\/pisg\/T.42\/Sylwia-Dudek-Mankowska.pdf\">Promowany i postrzegany wizerunek Warszawy\u00a0\/ Promoted and perceived image of Warsaw<\/a><br \/>\n<\/span><\/p>\n<p style=\"text-align: justify;\"><span class=\"fontstyle0\" style=\"color: #000000;\"><strong>Dorota MANTEY\u00a0<\/strong>\u00a0\u017b<a href=\"https:\/\/pisg.wgsr.uw.edu.pl\/wp-content\/uploads\/pisg\/T.42\/Dorota-Mantey.pdf\">ywio\u0142owo\u015b\u0107 proces\u00f3w przestrzennych\u00a0\/ Uncontrolled spatial processes<\/a><\/span><\/p>\n<p style=\"text-align: justify;\"><span style=\"color: #000000;\"><strong>Marek PIENI\u0104\u017bEK<\/strong><span class=\"fontstyle2\"><a href=\"https:\/\/pisg.wgsr.uw.edu.pl\/wp-content\/uploads\/pisg\/T.42\/Marek-Pieniazek.pdf\">\u00a0Koncepcja nowych przedmie\u015b\u0107 w Berlinie i jej realizacja na przyk\u0142adzie osiedla Karow-Nord (geneza, funkcjonowanie,wnioski)\u00a0\/ Te concept of new suburbs in Berlin and its implementation on example of Karow-Nord housing estate (genesis, functioning, conclusions)<\/a><\/span><\/span><\/p>\n<p style=\"text-align: justify;\"><span class=\"fontstyle0\" style=\"color: #000000;\"><strong>Andrzej WIELO\u0143SKI<\/strong>\u00a0<a href=\"https:\/\/pisg.wgsr.uw.edu.pl\/wp-content\/uploads\/pisg\/T.42\/Andrzej-Wielonski.pdf\">Polska regionalnym centrum europejskiego przemys\u0142u motoryzacyjnego\u00a0\/ Poland as the regional centre of the European automobile industry<\/a><br \/>\n<\/span><\/p>\n<p><span class=\"fontstyle0\" style=\"color: #000000;\"><strong>Florian PLIT<\/strong>\u00a0<a href=\"https:\/\/pisg.wgsr.uw.edu.pl\/wp-content\/uploads\/pisg\/T.42\/Florian-Plit.pdf\">Negatywne strony standaryzacji system\u00f3w oceniania\u00a0\/ Negative side effects of standarization of grading systems<\/a><br \/>\n<\/span><\/p>\n<p><span class=\"fontstyle0\"><span style=\"color: #000000;\"><strong>Alina AWRAMIUK\u00a0\u00a0<\/strong><a href=\"https:\/\/pisg.wgsr.uw.edu.pl\/wp-content\/uploads\/pisg\/T.42\/Alina-Awramiuk.pdf\">Terminy geograficzne \u201eokolica\u201d i \u201eregion\u201d w rozumieniu uczni\u00f3w oraz autor\u00f3w podr\u0119cznik\u00f3w szkolnych\u00a0\/ Geographical terms urrounding and region in the awareness of pupils and authors of textbooks<\/a><\/span><\/span><\/p>\n<\/div>\n","protected":false},"excerpt":{"rendered":"<p>Andrzej LISOWSKI\u00a0S\u0142owo wst\u0119pne \/ Foreword\u00a0 Andrzej KOWALCZYK\u00a0\u00a0Zagospodarowanie turystyczne obszar\u00f3w chronionych (na przyk\u0142adzie Afryki Po\u0142udniowej) \/ Tourist infrastructure in protected areas (an example of South Africa) Ma\u0142gorzata DURYDIWKA\u00a0Ruch turystyczny \u2013 z centrum ku peryferiom\u00a0\/ Tourist movement \u2013 from centre to peripheries Miko\u0142aj MADUROWICZ\u00a0\u00a0Jest miejsce na refleksj\u0119. Szkic z fenomenologii pewnej podr\u00f3\u017cy\u00a0\/ There is a place for [&hellip;]<\/p>\n","protected":false},"author":1,"featured_media":0,"parent":97,"menu_order":0,"comment_status":"closed","ping_status":"closed","template":"","meta":{"_monsterinsights_skip_tracking":false,"_monsterinsights_sitenote_active":false,"_monsterinsights_sitenote_note":"","_monsterinsights_sitenote_category":0,"footnotes":""},"class_list":["post-4291","page","type-page","status-publish","hentry","post"],"yoast_head":"<!-- This site is optimized with the Yoast SEO plugin v27.5 - https:\/\/yoast.com\/product\/yoast-seo-wordpress\/ -->\n<title>Tom 42 [Volume 42] Studia z geografii cz\u0142owieka, red. Andrzej Lisowski, 2009 - Prace i Studia Geograficzne | Studies in Geography<\/title>\n<meta name=\"robots\" content=\"index, follow, max-snippet:-1, max-image-preview:large, max-video-preview:-1\" \/>\n<link rel=\"canonical\" href=\"https:\/\/pisg.wgsr.uw.edu.pl\/?page_id=4291\" \/>\n<meta property=\"og:locale\" content=\"pl_PL\" \/>\n<meta property=\"og:type\" content=\"article\" \/>\n<meta property=\"og:title\" content=\"Tom 42 [Volume 42] Studia z geografii cz\u0142owieka, red. Andrzej Lisowski, 2009 - Prace i Studia Geograficzne | Studies in Geography\" \/>\n<meta property=\"og:description\" content=\"Andrzej LISOWSKI\u00a0S\u0142owo wst\u0119pne \/ Foreword\u00a0 Andrzej KOWALCZYK\u00a0\u00a0Zagospodarowanie turystyczne obszar\u00f3w chronionych (na przyk\u0142adzie Afryki Po\u0142udniowej) \/ Tourist infrastructure in protected areas (an example of South Africa) Ma\u0142gorzata DURYDIWKA\u00a0Ruch turystyczny \u2013 z centrum ku peryferiom\u00a0\/ Tourist movement \u2013 from centre to peripheries Miko\u0142aj MADUROWICZ\u00a0\u00a0Jest miejsce na refleksj\u0119. Szkic z fenomenologii pewnej podr\u00f3\u017cy\u00a0\/ There is a place for [&hellip;]\" \/>\n<meta property=\"og:url\" content=\"https:\/\/pisg.wgsr.uw.edu.pl\/?page_id=4291\" \/>\n<meta property=\"og:site_name\" content=\"Prace i Studia Geograficzne | Studies in Geography\" \/>\n<meta property=\"article:modified_time\" content=\"2025-10-21T11:10:06+00:00\" \/>\n<meta name=\"twitter:card\" content=\"summary_large_image\" \/>\n<meta name=\"twitter:label1\" content=\"Szacowany czas czytania\" \/>\n\t<meta name=\"twitter:data1\" content=\"2 minuty\" \/>\n<script type=\"application\/ld+json\" class=\"yoast-schema-graph\">{\"@context\":\"https:\\\/\\\/schema.org\",\"@graph\":[{\"@type\":\"WebPage\",\"@id\":\"https:\\\/\\\/pisg.wgsr.uw.edu.pl\\\/?page_id=4291\",\"url\":\"https:\\\/\\\/pisg.wgsr.uw.edu.pl\\\/?page_id=4291\",\"name\":\"Tom 42 [Volume 42] Studia z geografii cz\u0142owieka, red. Andrzej Lisowski, 2009 - Prace i Studia Geograficzne | Studies in Geography\",\"isPartOf\":{\"@id\":\"https:\\\/\\\/pisg.wgsr.uw.edu.pl\\\/#website\"},\"datePublished\":\"2025-10-21T11:01:48+00:00\",\"dateModified\":\"2025-10-21T11:10:06+00:00\",\"breadcrumb\":{\"@id\":\"https:\\\/\\\/pisg.wgsr.uw.edu.pl\\\/?page_id=4291#breadcrumb\"},\"inLanguage\":\"pl-PL\",\"potentialAction\":[{\"@type\":\"ReadAction\",\"target\":[\"https:\\\/\\\/pisg.wgsr.uw.edu.pl\\\/?page_id=4291\"]}]},{\"@type\":\"BreadcrumbList\",\"@id\":\"https:\\\/\\\/pisg.wgsr.uw.edu.pl\\\/?page_id=4291#breadcrumb\",\"itemListElement\":[{\"@type\":\"ListItem\",\"position\":1,\"name\":\"Strona g\u0142\u00f3wna\",\"item\":\"https:\\\/\\\/pisg.wgsr.uw.edu.pl\\\/\"},{\"@type\":\"ListItem\",\"position\":2,\"name\":\"Tomy\",\"item\":\"https:\\\/\\\/pisg.wgsr.uw.edu.pl\\\/?page_id=97\"},{\"@type\":\"ListItem\",\"position\":3,\"name\":\"Tom 42 [Volume 42] Studia z geografii cz\u0142owieka, red. Andrzej Lisowski, 2009\"}]},{\"@type\":\"WebSite\",\"@id\":\"https:\\\/\\\/pisg.wgsr.uw.edu.pl\\\/#website\",\"url\":\"https:\\\/\\\/pisg.wgsr.uw.edu.pl\\\/\",\"name\":\"Prace i Studia Geograficzne | Studies in Geography\",\"description\":\"Prace i Studia Geograficzne s\u0105 recenzowanym czasopismem wydawanym przez Wydzia\u0142 Geografii i Studi\u00f3w Regionalnych Uniwersytetu Warszawskiego\",\"potentialAction\":[{\"@type\":\"SearchAction\",\"target\":{\"@type\":\"EntryPoint\",\"urlTemplate\":\"https:\\\/\\\/pisg.wgsr.uw.edu.pl\\\/?s={search_term_string}\"},\"query-input\":{\"@type\":\"PropertyValueSpecification\",\"valueRequired\":true,\"valueName\":\"search_term_string\"}}],\"inLanguage\":\"pl-PL\"}]}<\/script>\n<!-- \/ Yoast SEO plugin. -->","yoast_head_json":{"title":"Tom 42 [Volume 42] Studia z geografii cz\u0142owieka, red. Andrzej Lisowski, 2009 - Prace i Studia Geograficzne | Studies in Geography","robots":{"index":"index","follow":"follow","max-snippet":"max-snippet:-1","max-image-preview":"max-image-preview:large","max-video-preview":"max-video-preview:-1"},"canonical":"https:\/\/pisg.wgsr.uw.edu.pl\/?page_id=4291","og_locale":"pl_PL","og_type":"article","og_title":"Tom 42 [Volume 42] Studia z geografii cz\u0142owieka, red. Andrzej Lisowski, 2009 - Prace i Studia Geograficzne | Studies in Geography","og_description":"Andrzej LISOWSKI\u00a0S\u0142owo wst\u0119pne \/ Foreword\u00a0 Andrzej KOWALCZYK\u00a0\u00a0Zagospodarowanie turystyczne obszar\u00f3w chronionych (na przyk\u0142adzie Afryki Po\u0142udniowej) \/ Tourist infrastructure in protected areas (an example of South Africa) Ma\u0142gorzata DURYDIWKA\u00a0Ruch turystyczny \u2013 z centrum ku peryferiom\u00a0\/ Tourist movement \u2013 from centre to peripheries Miko\u0142aj MADUROWICZ\u00a0\u00a0Jest miejsce na refleksj\u0119. Szkic z fenomenologii pewnej podr\u00f3\u017cy\u00a0\/ There is a place for [&hellip;]","og_url":"https:\/\/pisg.wgsr.uw.edu.pl\/?page_id=4291","og_site_name":"Prace i Studia Geograficzne | Studies in Geography","article_modified_time":"2025-10-21T11:10:06+00:00","twitter_card":"summary_large_image","twitter_misc":{"Szacowany czas czytania":"2 minuty"},"schema":{"@context":"https:\/\/schema.org","@graph":[{"@type":"WebPage","@id":"https:\/\/pisg.wgsr.uw.edu.pl\/?page_id=4291","url":"https:\/\/pisg.wgsr.uw.edu.pl\/?page_id=4291","name":"Tom 42 [Volume 42] Studia z geografii cz\u0142owieka, red. Andrzej Lisowski, 2009 - Prace i Studia Geograficzne | Studies in Geography","isPartOf":{"@id":"https:\/\/pisg.wgsr.uw.edu.pl\/#website"},"datePublished":"2025-10-21T11:01:48+00:00","dateModified":"2025-10-21T11:10:06+00:00","breadcrumb":{"@id":"https:\/\/pisg.wgsr.uw.edu.pl\/?page_id=4291#breadcrumb"},"inLanguage":"pl-PL","potentialAction":[{"@type":"ReadAction","target":["https:\/\/pisg.wgsr.uw.edu.pl\/?page_id=4291"]}]},{"@type":"BreadcrumbList","@id":"https:\/\/pisg.wgsr.uw.edu.pl\/?page_id=4291#breadcrumb","itemListElement":[{"@type":"ListItem","position":1,"name":"Strona g\u0142\u00f3wna","item":"https:\/\/pisg.wgsr.uw.edu.pl\/"},{"@type":"ListItem","position":2,"name":"Tomy","item":"https:\/\/pisg.wgsr.uw.edu.pl\/?page_id=97"},{"@type":"ListItem","position":3,"name":"Tom 42 [Volume 42] Studia z geografii cz\u0142owieka, red. Andrzej Lisowski, 2009"}]},{"@type":"WebSite","@id":"https:\/\/pisg.wgsr.uw.edu.pl\/#website","url":"https:\/\/pisg.wgsr.uw.edu.pl\/","name":"Prace i Studia Geograficzne | Studies in Geography","description":"Prace i Studia Geograficzne s\u0105 recenzowanym czasopismem wydawanym przez Wydzia\u0142 Geografii i Studi\u00f3w Regionalnych Uniwersytetu Warszawskiego","potentialAction":[{"@type":"SearchAction","target":{"@type":"EntryPoint","urlTemplate":"https:\/\/pisg.wgsr.uw.edu.pl\/?s={search_term_string}"},"query-input":{"@type":"PropertyValueSpecification","valueRequired":true,"valueName":"search_term_string"}}],"inLanguage":"pl-PL"}]}},"_links":{"self":[{"href":"https:\/\/pisg.wgsr.uw.edu.pl\/index.php?rest_route=\/wp\/v2\/pages\/4291","targetHints":{"allow":["GET"]}}],"collection":[{"href":"https:\/\/pisg.wgsr.uw.edu.pl\/index.php?rest_route=\/wp\/v2\/pages"}],"about":[{"href":"https:\/\/pisg.wgsr.uw.edu.pl\/index.php?rest_route=\/wp\/v2\/types\/page"}],"author":[{"embeddable":true,"href":"https:\/\/pisg.wgsr.uw.edu.pl\/index.php?rest_route=\/wp\/v2\/users\/1"}],"replies":[{"embeddable":true,"href":"https:\/\/pisg.wgsr.uw.edu.pl\/index.php?rest_route=%2Fwp%2Fv2%2Fcomments&post=4291"}],"version-history":[{"count":3,"href":"https:\/\/pisg.wgsr.uw.edu.pl\/index.php?rest_route=\/wp\/v2\/pages\/4291\/revisions"}],"predecessor-version":[{"id":4294,"href":"https:\/\/pisg.wgsr.uw.edu.pl\/index.php?rest_route=\/wp\/v2\/pages\/4291\/revisions\/4294"}],"up":[{"embeddable":true,"href":"https:\/\/pisg.wgsr.uw.edu.pl\/index.php?rest_route=\/wp\/v2\/pages\/97"}],"wp:attachment":[{"href":"https:\/\/pisg.wgsr.uw.edu.pl\/index.php?rest_route=%2Fwp%2Fv2%2Fmedia&parent=4291"}],"curies":[{"name":"wp","href":"https:\/\/api.w.org\/{rel}","templated":true}]}}