{"id":4297,"date":"2025-10-21T11:14:42","date_gmt":"2025-10-21T11:14:42","guid":{"rendered":"https:\/\/pisg.wgsr.uw.edu.pl\/?page_id=4297"},"modified":"2025-10-21T11:14:42","modified_gmt":"2025-10-21T11:14:42","slug":"tom-41-volume-41-wspolczesne-procesy-rzezbotworcze-w-roznych-strefach-morfoklimatycznych-red-maciej-dluzewski-elzbieta-rojan-irena-tsermegas-2009","status":"publish","type":"page","link":"https:\/\/pisg.wgsr.uw.edu.pl\/?page_id=4297","title":{"rendered":"Tom 41 [Volume 41]  Wsp\u00f3\u0142czesne procesy rze\u017abotw\u00f3rcze w r\u00f3\u017cnych strefach morfoklimatycznych, red. Maciej D\u0142u\u017cewski, El\u017cbieta Rojan, Irena Tsermegas, 2009"},"content":{"rendered":"<div>\n<p><strong>Maria STOPA-BORYCZKA<span style=\"color: #003366;\">\u00a0<\/span><\/strong><a href=\"https:\/\/pisg.wgsr.uw.edu.pl\/wp-content\/uploads\/pisg\/T.41\/StopaPIS41.pdf\">Dzia\u0142alno\u015b\u0107 naukowa i dydaktyczna Prof. dr. hab. Miros\u0142awa Bogackiego<\/a><\/p>\n<p style=\"text-align: justify;\"><strong>Henryk BANASZUK, Krzysztof MICUN\u00a0<\/strong><a href=\"https:\/\/pisg.wgsr.uw.edu.pl\/wp-content\/uploads\/pisg\/T.41\/BanaszukPIS41.pdf\">Kszta\u0142towanie i ewolucja dolin rzecznych w du\u017cych obni\u017ceniach wytopiskowych na obszarze Niziny P\u00f3\u0142nocnopodlaskiej \/ Formation and evolution of river valleys in large melt-out depressions in the North Podlasie Lowland<\/a><\/p>\n<p><strong>Andrzej BER\u00a0<\/strong><a href=\"https:\/\/pisg.wgsr.uw.edu.pl\/wp-content\/uploads\/pisg\/T.41\/BerPIS41.pdf\">Geneza Jeziora Wigry w nawi\u0105zaniu do struktur g\u0142\u0119bokiego pod\u0142o\u017ca \/ The origin of Lake Wigry and the tectonic structures of the deep basement structures<\/a><\/p>\n<p><strong>Maciej D\u0104BSKI\u00a0<\/strong><a href=\"https:\/\/pisg.wgsr.uw.edu.pl\/wp-content\/uploads\/pisg\/T.41\/DabskiPIS41.pdf\">Poligony mrozowe w okolicy jeziora M\u00fdvatn (N Islandia) \u2013 wst\u0119pne wyniki bada\u0144 \/ Frost polygons in the vicinity of Lake M\u00fdvatn (Northern Iceland) \u2013 preliminary research findings<\/a><\/p>\n<p style=\"text-align: justify;\"><strong>Maciej D\u0141U\u017bEWSKI\u00a0<\/strong><a href=\"https:\/\/pisg.wgsr.uw.edu.pl\/wp-content\/uploads\/pisg\/T.41\/DluzewskiPIS41.pdf\">Wp\u0142yw cech teksturalnych na transport eoliczny w wybranych obszarach wydmowych p\u00f3\u0142nocnej Sahary \/ Influence of textural features on aeolian transport in selected dune fields of the northern Sahara<\/a><\/p>\n<p style=\"text-align: justify;\"><strong>Wac\u0142aw FLOREK, Leszek \u0141\u0118CZY\u0143SKI\u00a0<\/strong><a href=\"https:\/\/pisg.wgsr.uw.edu.pl\/wp-content\/uploads\/pisg\/T.41\/FlorekPIS41.pdf\">Morfologia pla\u017c wybrze\u017cy Wysp Zielonego Przyl\u0105dka jako odzwierciedlenie ich litologii i warunk\u00f3w hydrodynamicznych \/ Morphology of coastal beaches in Cape Verde Islands as a reflection of their lithology and hydrodynamic conditions<\/a><\/p>\n<p style=\"text-align: justify;\"><strong>El\u017cbieta GORCZYCA, Kazimierz KRZEMIE\u0143\u00a0<\/strong><a href=\"https:\/\/pisg.wgsr.uw.edu.pl\/wp-content\/uploads\/pisg\/T.41\/GorczycaPIS41.pdf\">Rola antropopresji w przekszta\u0142caniu obszar\u00f3w wysokog\u00f3rskich na przyk\u0142adzie Tatr i Monts Dore \/ The role of anthroporessure in the transformation of high mountain areas (Tatra and Monts Dore Mountains)<\/a><\/p>\n<p style=\"text-align: justify;\"><strong>Bogdana IZMAI\u0141OW, Anna MICHNO\u00a0<\/strong><a href=\"https:\/\/pisg.wgsr.uw.edu.pl\/wp-content\/uploads\/pisg\/T.41\/IzailowPIS41.pdf\">Klimatyczne uwarunkowania wsp\u00f3\u0142czesnego rozwoju rze\u017aby Wysp Zielonego Przyl\u0105dka \/ Climate conditions of the present-day relief development on Cape Verde Islands<\/a><\/p>\n<p><strong>Iwan KOWALCZUK, Andrzej MICHNOWICZ\u00a0<\/strong><a href=\"https:\/\/pisg.wgsr.uw.edu.pl\/wp-content\/uploads\/pisg\/T.41\/KowalczukPIS41.pdf\">Transformacja struktury system\u00f3w rzecznych w Karpatach Ukrai\u0144skich \/ Transformation processes in the river systems structure in Ukrainian Carpathians<\/a><\/p>\n<p><strong>Krzysztof MICUN\u00a0<\/strong><a href=\"https:\/\/pisg.wgsr.uw.edu.pl\/wp-content\/uploads\/pisg\/T.41\/MicunPIS41.pdf\">Osady denne w niewielkich dolinach rzecznych na obszarach staroglacjalnych na przyk\u0142adzie doliny Kamiennej wykszta\u0142conej na terenie Wzg\u00f3rz Sok\u00f3lskich \/ Bottom deposits in small river valleys on the old-glacial areas: the Kamienna River Valley in the Sok\u00f3lskie Hills<\/a><\/p>\n<p style=\"text-align: justify;\"><strong>Piotr MIGO\u0143\u00a0<\/strong><a href=\"https:\/\/pisg.wgsr.uw.edu.pl\/wp-content\/uploads\/pisg\/T.41\/MigonPIS41.pdf\">Konwergencja form i procesy rze\u017abotw\u00f3rcze w p\u0142ytowych obszarach piaskowcowych w r\u00f3\u017cnych strefach morfoklimatycznych \/ Landform convergence and geomorphic processes in sandstone tablelands in different morphoclimatic zones<\/a><\/p>\n<p><strong>Zbigniew PODG\u00d3RSKI\u00a0<\/strong><a href=\"https:\/\/pisg.wgsr.uw.edu.pl\/wp-content\/uploads\/pisg\/T.41\/PodgorskiPIS41.pdf\">M\u0142yny wodne w krajobrazie Pojezierza Che\u0142mi\u0144skiego \/ Watermills and the landscape of the Che\u0142mno Lakeland<\/a><\/p>\n<p><strong>Andrzej RICHLING\u00a0<\/strong><a href=\"https:\/\/pisg.wgsr.uw.edu.pl\/wp-content\/uploads\/pisg\/T.41\/PichlingPIS41.pdf\">Znaczenie rze\u017aby powierzchni terenu w podzia\u0142ach krajobrazowych \/ Significance of land relief in landscape divisions<\/a><\/p>\n<p><strong>El\u017cbieta ROJAN\u00a0<\/strong><a href=\"https:\/\/pisg.wgsr.uw.edu.pl\/wp-content\/uploads\/pisg\/T.41\/RojanPIS41.pdf\">Wp\u0142yw wsp\u00f3\u0142czesnych proces\u00f3w morfogenetycznych na rze\u017ab\u0119 p\u00f3\u0142nocno-zachodniego Pamiru \/ Influence of contemporary morphogenetic processes on the relief of north-western Pamirs<\/a><\/p>\n<p><strong>Maria STOPA-BORYCZKA, Jerzy BORYCZKA\u00a0<\/strong><a href=\"https:\/\/pisg.wgsr.uw.edu.pl\/wp-content\/uploads\/pisg\/T.41\/BoryczkaPIS41.pdf\">Wp\u0142yw czynnik\u00f3w geograficznych na klimat Europy \/ The impact of geographical factors on the climate in Europe<\/a><\/p>\n<p style=\"text-align: justify;\"><strong>Andrzej \u015aWIECA, Teresa BRZEZI\u0143SKA-W\u00d3JCIK\u00a0<\/strong><a href=\"https:\/\/pisg.wgsr.uw.edu.pl\/wp-content\/uploads\/pisg\/T.41\/SwiecaPIS41.pdf\">Regionalne zr\u00f3\u017cnicowanie geosystem\u00f3w zlewni rzecznych \u015brodkowowschodniej Polski w \u015bwietle bada\u0144 odp\u0142ywu roztwor\u00f3w \/ Regional diversity of river basin geosystems of mid-eastern Poland in the light of solute flow studies<\/a><\/p>\n<p style=\"text-align: justify;\"><strong>Irena TSERMEGAS\u00a0<\/strong><a href=\"https:\/\/pisg.wgsr.uw.edu.pl\/wp-content\/uploads\/pisg\/T.41\/TsermegasPIS41.pdf\">Uwarunkowania wsp\u00f3\u0142czesnych proces\u00f3w rze\u017abotw\u00f3rczych w Grecji \/ Conditions of contemporary geomorphic processes in Greece<\/a><\/p>\n<p style=\"text-align: justify;\"><strong>J\u00f3zef WOJTANOWICZ,\u00a0<\/strong><a href=\"https:\/\/pisg.wgsr.uw.edu.pl\/wp-content\/uploads\/pisg\/T.41\/WojtanowiczPIS41.pdf\">Wsp\u00f3\u0142czesne procesy eoliczne w Europie \/ Contemporary aeolian processes in Europe.<\/a><\/p>\n<p style=\"text-align: justify;\"><strong>Marek ZGORZELSKI\u00a0<\/strong><a href=\"https:\/\/pisg.wgsr.uw.edu.pl\/wp-content\/uploads\/pisg\/T.41\/ZgorzelskiPIS41.pdf\">Pi\u0119trowo\u015b\u0107 krajobraz\u00f3w w Azji Centralnej \/ Altitudinal zonality of landscapes in Central Asia<\/a><\/p>\n<p style=\"text-align: justify;\"><strong>S\u0142awomir \u017bUREK\u00a0<\/strong><a href=\"https:\/\/pisg.wgsr.uw.edu.pl\/wp-content\/uploads\/pisg\/T.41\/ZurekPIS41.pdf\">Badania zmian ro\u015blinno\u015bci w holocenie na p\u00f3\u0142wyspie Kola w oparciu o torfowiska palsa \/ Investigations of vegetation changes on the basis of palsa mires of the Kola Peninsula<\/a><\/p>\n<p><strong>NOTATKI<\/strong><\/p>\n<p><strong>Mamdouh SOKAR\u00a0<\/strong><a href=\"https:\/\/pisg.wgsr.uw.edu.pl\/wp-content\/uploads\/pisg\/T.41\/SokarPIS41.pdf\">Pustynnienie Syrii. Desertification of Syria<\/a><\/p>\n<p style=\"text-align: justify;\"><strong>Miros\u0142aw BOGACKI, Mostafa SAOUD\u00a0<\/strong><a href=\"https:\/\/pisg.wgsr.uw.edu.pl\/wp-content\/uploads\/pisg\/T.41\/BogackiPIS41.pdf\">Antropogeniczna transformacja rze\u017aby w klimacie suchym (na przyk\u0142adzie Iraku) Anthropogenic Transformation of Relief in Dry Climate (the Example of Iraq)<\/a><\/p>\n<p>&nbsp;<\/p>\n<\/div>\n","protected":false},"excerpt":{"rendered":"<p>Maria STOPA-BORYCZKA\u00a0Dzia\u0142alno\u015b\u0107 naukowa i dydaktyczna Prof. dr. hab. Miros\u0142awa Bogackiego Henryk BANASZUK, Krzysztof MICUN\u00a0Kszta\u0142towanie i ewolucja dolin rzecznych w du\u017cych obni\u017ceniach wytopiskowych na obszarze Niziny P\u00f3\u0142nocnopodlaskiej \/ Formation and evolution of river valleys in large melt-out depressions in the North Podlasie Lowland Andrzej BER\u00a0Geneza Jeziora Wigry w nawi\u0105zaniu do struktur g\u0142\u0119bokiego pod\u0142o\u017ca \/ The origin [&hellip;]<\/p>\n","protected":false},"author":1,"featured_media":0,"parent":97,"menu_order":0,"comment_status":"closed","ping_status":"closed","template":"","meta":{"_monsterinsights_skip_tracking":false,"_monsterinsights_sitenote_active":false,"_monsterinsights_sitenote_note":"","_monsterinsights_sitenote_category":0,"footnotes":""},"class_list":["post-4297","page","type-page","status-publish","hentry","post"],"yoast_head":"<!-- This site is optimized with the Yoast SEO plugin v27.5 - https:\/\/yoast.com\/product\/yoast-seo-wordpress\/ -->\n<title>Tom 41 [Volume 41] Wsp\u00f3\u0142czesne procesy rze\u017abotw\u00f3rcze w r\u00f3\u017cnych strefach morfoklimatycznych, red. Maciej D\u0142u\u017cewski, El\u017cbieta Rojan, Irena Tsermegas, 2009 - Prace i Studia Geograficzne | Studies in Geography<\/title>\n<meta name=\"robots\" content=\"index, follow, max-snippet:-1, max-image-preview:large, max-video-preview:-1\" \/>\n<link rel=\"canonical\" href=\"https:\/\/pisg.wgsr.uw.edu.pl\/?page_id=4297\" \/>\n<meta property=\"og:locale\" content=\"pl_PL\" \/>\n<meta property=\"og:type\" content=\"article\" \/>\n<meta property=\"og:title\" content=\"Tom 41 [Volume 41] Wsp\u00f3\u0142czesne procesy rze\u017abotw\u00f3rcze w r\u00f3\u017cnych strefach morfoklimatycznych, red. Maciej D\u0142u\u017cewski, El\u017cbieta Rojan, Irena Tsermegas, 2009 - Prace i Studia Geograficzne | Studies in Geography\" \/>\n<meta property=\"og:description\" content=\"Maria STOPA-BORYCZKA\u00a0Dzia\u0142alno\u015b\u0107 naukowa i dydaktyczna Prof. dr. hab. Miros\u0142awa Bogackiego Henryk BANASZUK, Krzysztof MICUN\u00a0Kszta\u0142towanie i ewolucja dolin rzecznych w du\u017cych obni\u017ceniach wytopiskowych na obszarze Niziny P\u00f3\u0142nocnopodlaskiej \/ Formation and evolution of river valleys in large melt-out depressions in the North Podlasie Lowland Andrzej BER\u00a0Geneza Jeziora Wigry w nawi\u0105zaniu do struktur g\u0142\u0119bokiego pod\u0142o\u017ca \/ The origin [&hellip;]\" \/>\n<meta property=\"og:url\" content=\"https:\/\/pisg.wgsr.uw.edu.pl\/?page_id=4297\" \/>\n<meta property=\"og:site_name\" content=\"Prace i Studia Geograficzne | Studies in Geography\" \/>\n<meta name=\"twitter:card\" content=\"summary_large_image\" \/>\n<script type=\"application\/ld+json\" class=\"yoast-schema-graph\">{\"@context\":\"https:\\\/\\\/schema.org\",\"@graph\":[{\"@type\":\"WebPage\",\"@id\":\"https:\\\/\\\/pisg.wgsr.uw.edu.pl\\\/?page_id=4297\",\"url\":\"https:\\\/\\\/pisg.wgsr.uw.edu.pl\\\/?page_id=4297\",\"name\":\"Tom 41 [Volume 41] Wsp\u00f3\u0142czesne procesy rze\u017abotw\u00f3rcze w r\u00f3\u017cnych strefach morfoklimatycznych, red. Maciej D\u0142u\u017cewski, El\u017cbieta Rojan, Irena Tsermegas, 2009 - Prace i Studia Geograficzne | Studies in Geography\",\"isPartOf\":{\"@id\":\"https:\\\/\\\/pisg.wgsr.uw.edu.pl\\\/#website\"},\"datePublished\":\"2025-10-21T11:14:42+00:00\",\"breadcrumb\":{\"@id\":\"https:\\\/\\\/pisg.wgsr.uw.edu.pl\\\/?page_id=4297#breadcrumb\"},\"inLanguage\":\"pl-PL\",\"potentialAction\":[{\"@type\":\"ReadAction\",\"target\":[\"https:\\\/\\\/pisg.wgsr.uw.edu.pl\\\/?page_id=4297\"]}]},{\"@type\":\"BreadcrumbList\",\"@id\":\"https:\\\/\\\/pisg.wgsr.uw.edu.pl\\\/?page_id=4297#breadcrumb\",\"itemListElement\":[{\"@type\":\"ListItem\",\"position\":1,\"name\":\"Strona g\u0142\u00f3wna\",\"item\":\"https:\\\/\\\/pisg.wgsr.uw.edu.pl\\\/\"},{\"@type\":\"ListItem\",\"position\":2,\"name\":\"Tomy\",\"item\":\"https:\\\/\\\/pisg.wgsr.uw.edu.pl\\\/?page_id=97\"},{\"@type\":\"ListItem\",\"position\":3,\"name\":\"Tom 41 [Volume 41] Wsp\u00f3\u0142czesne procesy rze\u017abotw\u00f3rcze w r\u00f3\u017cnych strefach morfoklimatycznych, red. Maciej D\u0142u\u017cewski, El\u017cbieta Rojan, Irena Tsermegas, 2009\"}]},{\"@type\":\"WebSite\",\"@id\":\"https:\\\/\\\/pisg.wgsr.uw.edu.pl\\\/#website\",\"url\":\"https:\\\/\\\/pisg.wgsr.uw.edu.pl\\\/\",\"name\":\"Prace i Studia Geograficzne | Studies in Geography\",\"description\":\"Prace i Studia Geograficzne s\u0105 recenzowanym czasopismem wydawanym przez Wydzia\u0142 Geografii i Studi\u00f3w Regionalnych Uniwersytetu Warszawskiego\",\"potentialAction\":[{\"@type\":\"SearchAction\",\"target\":{\"@type\":\"EntryPoint\",\"urlTemplate\":\"https:\\\/\\\/pisg.wgsr.uw.edu.pl\\\/?s={search_term_string}\"},\"query-input\":{\"@type\":\"PropertyValueSpecification\",\"valueRequired\":true,\"valueName\":\"search_term_string\"}}],\"inLanguage\":\"pl-PL\"}]}<\/script>\n<!-- \/ Yoast SEO plugin. -->","yoast_head_json":{"title":"Tom 41 [Volume 41] Wsp\u00f3\u0142czesne procesy rze\u017abotw\u00f3rcze w r\u00f3\u017cnych strefach morfoklimatycznych, red. Maciej D\u0142u\u017cewski, El\u017cbieta Rojan, Irena Tsermegas, 2009 - Prace i Studia Geograficzne | Studies in Geography","robots":{"index":"index","follow":"follow","max-snippet":"max-snippet:-1","max-image-preview":"max-image-preview:large","max-video-preview":"max-video-preview:-1"},"canonical":"https:\/\/pisg.wgsr.uw.edu.pl\/?page_id=4297","og_locale":"pl_PL","og_type":"article","og_title":"Tom 41 [Volume 41] Wsp\u00f3\u0142czesne procesy rze\u017abotw\u00f3rcze w r\u00f3\u017cnych strefach morfoklimatycznych, red. Maciej D\u0142u\u017cewski, El\u017cbieta Rojan, Irena Tsermegas, 2009 - Prace i Studia Geograficzne | Studies in Geography","og_description":"Maria STOPA-BORYCZKA\u00a0Dzia\u0142alno\u015b\u0107 naukowa i dydaktyczna Prof. dr. hab. Miros\u0142awa Bogackiego Henryk BANASZUK, Krzysztof MICUN\u00a0Kszta\u0142towanie i ewolucja dolin rzecznych w du\u017cych obni\u017ceniach wytopiskowych na obszarze Niziny P\u00f3\u0142nocnopodlaskiej \/ Formation and evolution of river valleys in large melt-out depressions in the North Podlasie Lowland Andrzej BER\u00a0Geneza Jeziora Wigry w nawi\u0105zaniu do struktur g\u0142\u0119bokiego pod\u0142o\u017ca \/ The origin [&hellip;]","og_url":"https:\/\/pisg.wgsr.uw.edu.pl\/?page_id=4297","og_site_name":"Prace i Studia Geograficzne | Studies in Geography","twitter_card":"summary_large_image","schema":{"@context":"https:\/\/schema.org","@graph":[{"@type":"WebPage","@id":"https:\/\/pisg.wgsr.uw.edu.pl\/?page_id=4297","url":"https:\/\/pisg.wgsr.uw.edu.pl\/?page_id=4297","name":"Tom 41 [Volume 41] Wsp\u00f3\u0142czesne procesy rze\u017abotw\u00f3rcze w r\u00f3\u017cnych strefach morfoklimatycznych, red. Maciej D\u0142u\u017cewski, El\u017cbieta Rojan, Irena Tsermegas, 2009 - Prace i Studia Geograficzne | Studies in Geography","isPartOf":{"@id":"https:\/\/pisg.wgsr.uw.edu.pl\/#website"},"datePublished":"2025-10-21T11:14:42+00:00","breadcrumb":{"@id":"https:\/\/pisg.wgsr.uw.edu.pl\/?page_id=4297#breadcrumb"},"inLanguage":"pl-PL","potentialAction":[{"@type":"ReadAction","target":["https:\/\/pisg.wgsr.uw.edu.pl\/?page_id=4297"]}]},{"@type":"BreadcrumbList","@id":"https:\/\/pisg.wgsr.uw.edu.pl\/?page_id=4297#breadcrumb","itemListElement":[{"@type":"ListItem","position":1,"name":"Strona g\u0142\u00f3wna","item":"https:\/\/pisg.wgsr.uw.edu.pl\/"},{"@type":"ListItem","position":2,"name":"Tomy","item":"https:\/\/pisg.wgsr.uw.edu.pl\/?page_id=97"},{"@type":"ListItem","position":3,"name":"Tom 41 [Volume 41] Wsp\u00f3\u0142czesne procesy rze\u017abotw\u00f3rcze w r\u00f3\u017cnych strefach morfoklimatycznych, red. Maciej D\u0142u\u017cewski, El\u017cbieta Rojan, Irena Tsermegas, 2009"}]},{"@type":"WebSite","@id":"https:\/\/pisg.wgsr.uw.edu.pl\/#website","url":"https:\/\/pisg.wgsr.uw.edu.pl\/","name":"Prace i Studia Geograficzne | Studies in Geography","description":"Prace i Studia Geograficzne s\u0105 recenzowanym czasopismem wydawanym przez Wydzia\u0142 Geografii i Studi\u00f3w Regionalnych Uniwersytetu Warszawskiego","potentialAction":[{"@type":"SearchAction","target":{"@type":"EntryPoint","urlTemplate":"https:\/\/pisg.wgsr.uw.edu.pl\/?s={search_term_string}"},"query-input":{"@type":"PropertyValueSpecification","valueRequired":true,"valueName":"search_term_string"}}],"inLanguage":"pl-PL"}]}},"_links":{"self":[{"href":"https:\/\/pisg.wgsr.uw.edu.pl\/index.php?rest_route=\/wp\/v2\/pages\/4297","targetHints":{"allow":["GET"]}}],"collection":[{"href":"https:\/\/pisg.wgsr.uw.edu.pl\/index.php?rest_route=\/wp\/v2\/pages"}],"about":[{"href":"https:\/\/pisg.wgsr.uw.edu.pl\/index.php?rest_route=\/wp\/v2\/types\/page"}],"author":[{"embeddable":true,"href":"https:\/\/pisg.wgsr.uw.edu.pl\/index.php?rest_route=\/wp\/v2\/users\/1"}],"replies":[{"embeddable":true,"href":"https:\/\/pisg.wgsr.uw.edu.pl\/index.php?rest_route=%2Fwp%2Fv2%2Fcomments&post=4297"}],"version-history":[{"count":1,"href":"https:\/\/pisg.wgsr.uw.edu.pl\/index.php?rest_route=\/wp\/v2\/pages\/4297\/revisions"}],"predecessor-version":[{"id":4321,"href":"https:\/\/pisg.wgsr.uw.edu.pl\/index.php?rest_route=\/wp\/v2\/pages\/4297\/revisions\/4321"}],"up":[{"embeddable":true,"href":"https:\/\/pisg.wgsr.uw.edu.pl\/index.php?rest_route=\/wp\/v2\/pages\/97"}],"wp:attachment":[{"href":"https:\/\/pisg.wgsr.uw.edu.pl\/index.php?rest_route=%2Fwp%2Fv2%2Fmedia&parent=4297"}],"curies":[{"name":"wp","href":"https:\/\/api.w.org\/{rel}","templated":true}]}}