{"id":4372,"date":"2025-10-21T13:34:09","date_gmt":"2025-10-21T13:34:09","guid":{"rendered":"https:\/\/pisg.wgsr.uw.edu.pl\/?page_id=4372"},"modified":"2025-10-21T13:34:09","modified_gmt":"2025-10-21T13:34:09","slug":"tom-37-volume-37-formy-i-procesy-rzezbotworcze-tunezji-red-maciej-dluzewski-2006","status":"publish","type":"page","link":"https:\/\/pisg.wgsr.uw.edu.pl\/?page_id=4372","title":{"rendered":"Tom 37 [Volume 37] Formy i procesy rze\u017abotw\u00f3rcze Tunezji, red. Maciej D\u0142u\u017cewski, 2006"},"content":{"rendered":"<p><strong>Maciej D\u0141U\u017bEWSKI<\/strong>\u00a0Przedmowa<\/p>\n<p><strong>Maciej D\u0141U\u017bEWSKI<\/strong>\u00a0Charakterystyka fizycznogeograficzna obszaru Szott D\u017cerid, Physico-geographical characteristics of the Chott Jerid region<\/p>\n<p><strong>Irena TSERMEGAS<\/strong>\u00a0Geneza i ewolucja obni\u017cenia szottu D\u017cerid, Genesis and evolution of the Chott Jerid depression<\/p>\n<p><strong>Agata Karolina MARKOWSKA<\/strong>\u00a0Charakterystyka eolicznych form akumulacyjnych wyst\u0119puj\u0105cych na po\u0142udnie od szottu D\u017cerid, Characteristics of aeolian accumulation forms developed south of the Chott Jerid<\/p>\n<p><strong>Mariusz POTOCK<\/strong>I Charakterystyka p\u00f3l wydmowych okolic El Faouar i Ghidmy (po\u0142udniowo-wschodnie obrze\u017cenie szottu D\u017cerid), Characteristics of dune fields in regions of El Faouar and Ghima (SE margin of the Chott Jerid)<\/p>\n<p><strong>Lidia DUBIS<\/strong>, Maciej D\u0141U\u017bEWSKI, Geneza form osta\u0144cowych \u2013 wschodnie obrze\u017cenie szottu D\u017cerid, Genesis of residual hills \u2013 east margin of the Chott Jerid<\/p>\n<p><strong>Maciej D\u0141U\u017bEWSKI, Lidia DUBIS, Barbara WORONKO<\/strong>, Nebki \u2013 formy wymuszonej akumulacji eolicznej wschodniego obrze\u017cenia szottu D\u017cerid, Nebkas \u2013 forms of forced aeolian accumulation of the eastern margin of the Chott Jerid<\/p>\n<p><strong>Maciej D\u0141U\u017bEWSKI<\/strong>\u00a0Ewolucja pola wydmowego okolic Douz (po\u0142udniowo-wschodnie obrze\u017cenie szottu D\u017cerid), Development of the dune field in the area of Douz (SE margin of the Chott Jerid)<\/p>\n<p><strong>Andrzej BARCZUK, Maciej D\u0141U\u017bEWSKI<\/strong>\u00a0Znaczenie Wielkiego Ergu Wschodniego jako \u017ar\u00f3d\u0142a osad\u00f3w wydmowych obszaru Szott D\u017cerid, The Great Eastern Erg as a source of dune sediments in the Chott Jerid region<\/p>\n<p><strong>Maciej D\u0141U\u017bEWSKI, Ewa SMOLSKA<\/strong>\u00a0Cechy morfologiczne i dynamika ma\u0142ych ued\u00f3w (w\u0105woz\u00f3w) lessowego regionu Gabes, Morphology and dynamics of small wadis (gullies) in the loess region of Gabes<\/p>\n<p><strong>Ewa SMOLSKA<\/strong>\u00a0U\u0142o\u017cenie i obtoczenie frakcji gruboklastycznej jako wska\u017anik dynamiki \u015brodowiska koryt epizodycznych na przyk\u0142adzie uedu Gabes, Orientation and rounding of coarse grains as indicators of episodic channel dynamics based on the example of the wadi Gabes<\/p>\n<p><strong>Dorra GARGOURI, Younes JEDOUI, Mohmed Moncef SERBAJI, Mohamed-Chedly RABIA, Mabrouk MONTACER<\/strong>\u00a0Przyk\u0142ad powstawania dw\u00f3ch przybrze\u017cnych mierzei piaszczystych w delcie poddawanej oddzia\u0142ywaniu fal przyboju (po\u0142udniowe obrze\u017ca Sfaksu), Development of two sandy bay bars in a deltaic environment under action of swash waves<\/p>\n<p><strong>Younes JEDOUI, Eric DAVAUD, Andre STRASSER<\/strong>\u00a0Morskie osady plejstoce\u0144skie w Hergli (Sahel \u2013 Tunezja): znaczenie dw\u00f3ch okres\u00f3w wysokiego poziomu w\u00f3d morskich w czasie ostatniego interglacja\u0142u, Marine Pleistocene sediments in Hergla (Sahel \u2013 Tunisia): record of two high sea level phases during the last interglacial period<\/p>\n","protected":false},"excerpt":{"rendered":"<p>Maciej D\u0141U\u017bEWSKI\u00a0Przedmowa Maciej D\u0141U\u017bEWSKI\u00a0Charakterystyka fizycznogeograficzna obszaru Szott D\u017cerid, Physico-geographical characteristics of the Chott Jerid region Irena TSERMEGAS\u00a0Geneza i ewolucja obni\u017cenia szottu D\u017cerid, Genesis and evolution of the Chott Jerid depression Agata Karolina MARKOWSKA\u00a0Charakterystyka eolicznych form akumulacyjnych wyst\u0119puj\u0105cych na po\u0142udnie od szottu D\u017cerid, Characteristics of aeolian accumulation forms developed south of the Chott Jerid Mariusz POTOCKI [&hellip;]<\/p>\n","protected":false},"author":1,"featured_media":0,"parent":97,"menu_order":0,"comment_status":"closed","ping_status":"closed","template":"","meta":{"_monsterinsights_skip_tracking":false,"_monsterinsights_sitenote_active":false,"_monsterinsights_sitenote_note":"","_monsterinsights_sitenote_category":0,"footnotes":""},"class_list":["post-4372","page","type-page","status-publish","hentry","post"],"yoast_head":"<!-- This site is optimized with the Yoast SEO plugin v27.5 - https:\/\/yoast.com\/product\/yoast-seo-wordpress\/ -->\n<title>Tom 37 [Volume 37] Formy i procesy rze\u017abotw\u00f3rcze Tunezji, red. Maciej D\u0142u\u017cewski, 2006 - Prace i Studia Geograficzne | Studies in Geography<\/title>\n<meta name=\"robots\" content=\"index, follow, max-snippet:-1, max-image-preview:large, max-video-preview:-1\" \/>\n<link rel=\"canonical\" href=\"https:\/\/pisg.wgsr.uw.edu.pl\/?page_id=4372\" \/>\n<meta property=\"og:locale\" content=\"pl_PL\" \/>\n<meta property=\"og:type\" content=\"article\" \/>\n<meta property=\"og:title\" content=\"Tom 37 [Volume 37] Formy i procesy rze\u017abotw\u00f3rcze Tunezji, red. Maciej D\u0142u\u017cewski, 2006 - Prace i Studia Geograficzne | Studies in Geography\" \/>\n<meta property=\"og:description\" content=\"Maciej D\u0141U\u017bEWSKI\u00a0Przedmowa Maciej D\u0141U\u017bEWSKI\u00a0Charakterystyka fizycznogeograficzna obszaru Szott D\u017cerid, Physico-geographical characteristics of the Chott Jerid region Irena TSERMEGAS\u00a0Geneza i ewolucja obni\u017cenia szottu D\u017cerid, Genesis and evolution of the Chott Jerid depression Agata Karolina MARKOWSKA\u00a0Charakterystyka eolicznych form akumulacyjnych wyst\u0119puj\u0105cych na po\u0142udnie od szottu D\u017cerid, Characteristics of aeolian accumulation forms developed south of the Chott Jerid Mariusz POTOCKI [&hellip;]\" \/>\n<meta property=\"og:url\" content=\"https:\/\/pisg.wgsr.uw.edu.pl\/?page_id=4372\" \/>\n<meta property=\"og:site_name\" content=\"Prace i Studia Geograficzne | Studies in Geography\" \/>\n<meta name=\"twitter:card\" content=\"summary_large_image\" \/>\n<script type=\"application\/ld+json\" class=\"yoast-schema-graph\">{\"@context\":\"https:\\\/\\\/schema.org\",\"@graph\":[{\"@type\":\"WebPage\",\"@id\":\"https:\\\/\\\/pisg.wgsr.uw.edu.pl\\\/?page_id=4372\",\"url\":\"https:\\\/\\\/pisg.wgsr.uw.edu.pl\\\/?page_id=4372\",\"name\":\"Tom 37 [Volume 37] Formy i procesy rze\u017abotw\u00f3rcze Tunezji, red. Maciej D\u0142u\u017cewski, 2006 - Prace i Studia Geograficzne | Studies in Geography\",\"isPartOf\":{\"@id\":\"https:\\\/\\\/pisg.wgsr.uw.edu.pl\\\/#website\"},\"datePublished\":\"2025-10-21T13:34:09+00:00\",\"breadcrumb\":{\"@id\":\"https:\\\/\\\/pisg.wgsr.uw.edu.pl\\\/?page_id=4372#breadcrumb\"},\"inLanguage\":\"pl-PL\",\"potentialAction\":[{\"@type\":\"ReadAction\",\"target\":[\"https:\\\/\\\/pisg.wgsr.uw.edu.pl\\\/?page_id=4372\"]}]},{\"@type\":\"BreadcrumbList\",\"@id\":\"https:\\\/\\\/pisg.wgsr.uw.edu.pl\\\/?page_id=4372#breadcrumb\",\"itemListElement\":[{\"@type\":\"ListItem\",\"position\":1,\"name\":\"Strona g\u0142\u00f3wna\",\"item\":\"https:\\\/\\\/pisg.wgsr.uw.edu.pl\\\/\"},{\"@type\":\"ListItem\",\"position\":2,\"name\":\"Tomy\",\"item\":\"https:\\\/\\\/pisg.wgsr.uw.edu.pl\\\/?page_id=97\"},{\"@type\":\"ListItem\",\"position\":3,\"name\":\"Tom 37 [Volume 37] Formy i procesy rze\u017abotw\u00f3rcze Tunezji, red. Maciej D\u0142u\u017cewski, 2006\"}]},{\"@type\":\"WebSite\",\"@id\":\"https:\\\/\\\/pisg.wgsr.uw.edu.pl\\\/#website\",\"url\":\"https:\\\/\\\/pisg.wgsr.uw.edu.pl\\\/\",\"name\":\"Prace i Studia Geograficzne | Studies in Geography\",\"description\":\"Prace i Studia Geograficzne s\u0105 recenzowanym czasopismem wydawanym przez Wydzia\u0142 Geografii i Studi\u00f3w Regionalnych Uniwersytetu Warszawskiego\",\"potentialAction\":[{\"@type\":\"SearchAction\",\"target\":{\"@type\":\"EntryPoint\",\"urlTemplate\":\"https:\\\/\\\/pisg.wgsr.uw.edu.pl\\\/?s={search_term_string}\"},\"query-input\":{\"@type\":\"PropertyValueSpecification\",\"valueRequired\":true,\"valueName\":\"search_term_string\"}}],\"inLanguage\":\"pl-PL\"}]}<\/script>\n<!-- \/ Yoast SEO plugin. -->","yoast_head_json":{"title":"Tom 37 [Volume 37] Formy i procesy rze\u017abotw\u00f3rcze Tunezji, red. Maciej D\u0142u\u017cewski, 2006 - Prace i Studia Geograficzne | Studies in Geography","robots":{"index":"index","follow":"follow","max-snippet":"max-snippet:-1","max-image-preview":"max-image-preview:large","max-video-preview":"max-video-preview:-1"},"canonical":"https:\/\/pisg.wgsr.uw.edu.pl\/?page_id=4372","og_locale":"pl_PL","og_type":"article","og_title":"Tom 37 [Volume 37] Formy i procesy rze\u017abotw\u00f3rcze Tunezji, red. Maciej D\u0142u\u017cewski, 2006 - Prace i Studia Geograficzne | Studies in Geography","og_description":"Maciej D\u0141U\u017bEWSKI\u00a0Przedmowa Maciej D\u0141U\u017bEWSKI\u00a0Charakterystyka fizycznogeograficzna obszaru Szott D\u017cerid, Physico-geographical characteristics of the Chott Jerid region Irena TSERMEGAS\u00a0Geneza i ewolucja obni\u017cenia szottu D\u017cerid, Genesis and evolution of the Chott Jerid depression Agata Karolina MARKOWSKA\u00a0Charakterystyka eolicznych form akumulacyjnych wyst\u0119puj\u0105cych na po\u0142udnie od szottu D\u017cerid, Characteristics of aeolian accumulation forms developed south of the Chott Jerid Mariusz POTOCKI [&hellip;]","og_url":"https:\/\/pisg.wgsr.uw.edu.pl\/?page_id=4372","og_site_name":"Prace i Studia Geograficzne | Studies in Geography","twitter_card":"summary_large_image","schema":{"@context":"https:\/\/schema.org","@graph":[{"@type":"WebPage","@id":"https:\/\/pisg.wgsr.uw.edu.pl\/?page_id=4372","url":"https:\/\/pisg.wgsr.uw.edu.pl\/?page_id=4372","name":"Tom 37 [Volume 37] Formy i procesy rze\u017abotw\u00f3rcze Tunezji, red. Maciej D\u0142u\u017cewski, 2006 - Prace i Studia Geograficzne | Studies in Geography","isPartOf":{"@id":"https:\/\/pisg.wgsr.uw.edu.pl\/#website"},"datePublished":"2025-10-21T13:34:09+00:00","breadcrumb":{"@id":"https:\/\/pisg.wgsr.uw.edu.pl\/?page_id=4372#breadcrumb"},"inLanguage":"pl-PL","potentialAction":[{"@type":"ReadAction","target":["https:\/\/pisg.wgsr.uw.edu.pl\/?page_id=4372"]}]},{"@type":"BreadcrumbList","@id":"https:\/\/pisg.wgsr.uw.edu.pl\/?page_id=4372#breadcrumb","itemListElement":[{"@type":"ListItem","position":1,"name":"Strona g\u0142\u00f3wna","item":"https:\/\/pisg.wgsr.uw.edu.pl\/"},{"@type":"ListItem","position":2,"name":"Tomy","item":"https:\/\/pisg.wgsr.uw.edu.pl\/?page_id=97"},{"@type":"ListItem","position":3,"name":"Tom 37 [Volume 37] Formy i procesy rze\u017abotw\u00f3rcze Tunezji, red. Maciej D\u0142u\u017cewski, 2006"}]},{"@type":"WebSite","@id":"https:\/\/pisg.wgsr.uw.edu.pl\/#website","url":"https:\/\/pisg.wgsr.uw.edu.pl\/","name":"Prace i Studia Geograficzne | Studies in Geography","description":"Prace i Studia Geograficzne s\u0105 recenzowanym czasopismem wydawanym przez Wydzia\u0142 Geografii i Studi\u00f3w Regionalnych Uniwersytetu Warszawskiego","potentialAction":[{"@type":"SearchAction","target":{"@type":"EntryPoint","urlTemplate":"https:\/\/pisg.wgsr.uw.edu.pl\/?s={search_term_string}"},"query-input":{"@type":"PropertyValueSpecification","valueRequired":true,"valueName":"search_term_string"}}],"inLanguage":"pl-PL"}]}},"_links":{"self":[{"href":"https:\/\/pisg.wgsr.uw.edu.pl\/index.php?rest_route=\/wp\/v2\/pages\/4372","targetHints":{"allow":["GET"]}}],"collection":[{"href":"https:\/\/pisg.wgsr.uw.edu.pl\/index.php?rest_route=\/wp\/v2\/pages"}],"about":[{"href":"https:\/\/pisg.wgsr.uw.edu.pl\/index.php?rest_route=\/wp\/v2\/types\/page"}],"author":[{"embeddable":true,"href":"https:\/\/pisg.wgsr.uw.edu.pl\/index.php?rest_route=\/wp\/v2\/users\/1"}],"replies":[{"embeddable":true,"href":"https:\/\/pisg.wgsr.uw.edu.pl\/index.php?rest_route=%2Fwp%2Fv2%2Fcomments&post=4372"}],"version-history":[{"count":1,"href":"https:\/\/pisg.wgsr.uw.edu.pl\/index.php?rest_route=\/wp\/v2\/pages\/4372\/revisions"}],"predecessor-version":[{"id":4373,"href":"https:\/\/pisg.wgsr.uw.edu.pl\/index.php?rest_route=\/wp\/v2\/pages\/4372\/revisions\/4373"}],"up":[{"embeddable":true,"href":"https:\/\/pisg.wgsr.uw.edu.pl\/index.php?rest_route=\/wp\/v2\/pages\/97"}],"wp:attachment":[{"href":"https:\/\/pisg.wgsr.uw.edu.pl\/index.php?rest_route=%2Fwp%2Fv2%2Fmedia&parent=4372"}],"curies":[{"name":"wp","href":"https:\/\/api.w.org\/{rel}","templated":true}]}}