{"id":4375,"date":"2025-10-21T13:37:13","date_gmt":"2025-10-21T13:37:13","guid":{"rendered":"https:\/\/pisg.wgsr.uw.edu.pl\/?page_id=4375"},"modified":"2025-10-21T13:37:13","modified_gmt":"2025-10-21T13:37:13","slug":"tom-36-volume-36-zintegrowane-badania-krajobrazowe-i-ich-zastosowania-red-andrzej-richling-andrzej-harasimiuk-2005","status":"publish","type":"page","link":"https:\/\/pisg.wgsr.uw.edu.pl\/?page_id=4375","title":{"rendered":"Tom 36 [Volume 36] Zintegrowane badania krajobrazowe i ich zastosowania, red. Andrzej Richling, Andrzej Harasimiuk, 2005"},"content":{"rendered":"<p><strong>Andrzej RICHLING<\/strong>\u00a0Przedmowa<\/p>\n<p><strong>Bogumi\u0142 WICIK<\/strong>\u00a0Marek Pr\u00f3szy\u0144ski (1906-2003). Wspomnienia o nauczycielu i wychowawcy. Marek Pr\u00f3szy\u0144ski (1906-2003).Teacher and tutor<\/p>\n<p><strong>Bogumi\u0142 WICIK<\/strong>\u00a0Wspomnienia o Kazimierzu Wi\u0119ckowskim (1927-2003). Kazimierz Wi\u0119ckowski (1927-2003) \u2013 In Memoriam<\/p>\n<p><strong>Agata CIESZEWSKA<\/strong>\u00a0Relacje pomiedzy modelami struktury krajobrazu na przyk\u0142adzie Przedborskiego Parku Krajobrazowego. Relation between landscape structure models, Przeborski Regional Park case study<\/p>\n<p><strong>Tomasz GRABOWSKI<\/strong>\u00a0Wra\u017cliwo\u015b\u0107 krajobraz\u00f3w strefy kontaktu dna doliny rzecznej z tarasami plejstoce\u0144skimi. The sensibility of the landscape in the area of passage between pleistocen\u2019s terraces and bottom of the river\u2019s valley<\/p>\n<p><strong>Ewa KALISZUK<\/strong>\u00a0Funkcje systemu przyrodniczego miasta w kszta\u0142towaniu warunk\u00f3w \u015brodowiska przyrodniczego na przyk\u0142aszie Warszawy. Functions of the urban natural system in shaping the natural environment, Warsaw case study<\/p>\n<p><strong>Sylwia KULCZYK<\/strong>\u00a0Funkcjonalne cechy granic krajobrazowych na przyk\u0142adzie Wigierskiego Parku Narodowego. Functional features of landscape boundaries \u2013 the example of Wigierski National Park<\/p>\n<p><strong>Ewa MALINOWSKA<\/strong>\u00a0Zastosowanie bada\u0144 gleb do okre\u015blenia potencja\u0142u odporno\u015bci krajobrazu na zanieczyszczenia. The applications of pedological research for the assessment of the environment\u2019s resistance to pollutions<\/p>\n<p><strong>Wojciech STASZEK<\/strong>\u00a0Struktura funkcjonalna geosystemu m\u0142odoglacjalnego na przyk\u0142adzie dorzecza Borucinki. The functional structure of post-glacial geosystem on the example of Borucinka watershed<\/p>\n<p><strong>Barbara STOJEK<\/strong>\u00a0Zmiany w\u0142asciwo\u015bci chemicznych i fizykochemicznych w glebach u\u017ctkowanych rolniczo. Changes of chemical and physicochemical properties of soils under agricultural utilization<\/p>\n<p><strong>Iwona SZUMACHER<\/strong>\u00a0Funkcje ekologiczne park\u00f3w miejskich. Ecological functions of urban parks<\/p>\n<p><strong>Bogumi\u0142 WICIK<\/strong>\u00a0Sk\u0142ad chemiczny pr\u00f3chnic nadk\u0142adowych i opad\u00f3w atmosferycznych w borach sosnowych R\u00f3wniny Charzykowskiej, na Pojezierzu Po\u0142udniowopomorskim. Chemical composition of raw humus and precipitation in pine coniferous forest Charzykowy Plains on the Southpomeranian Lakeland<\/p>\n<p><strong>Magdalena WOJCIECHOWSKA, Andrzej HARASIMIUK<\/strong>\u00a0Geochemiczne cechy krajobrazu w strefie przenikania si\u0119 pod\u0142o\u017ca organicznego i mineralnego (fragment doliny Narwi pod Trykocinem). Geochemical poperties in the contact zone of organic and mineral landscapes (Narew valley, near Tykocin)<\/p>\n<p><strong>Marek ZGORZELSKI<\/strong>\u00a0Zagro\u017cenia przyrody w polskich parkach narodowych. Threats to nature in polish national parks<\/p>\n","protected":false},"excerpt":{"rendered":"<p>Andrzej RICHLING\u00a0Przedmowa Bogumi\u0142 WICIK\u00a0Marek Pr\u00f3szy\u0144ski (1906-2003). Wspomnienia o nauczycielu i wychowawcy. Marek Pr\u00f3szy\u0144ski (1906-2003).Teacher and tutor Bogumi\u0142 WICIK\u00a0Wspomnienia o Kazimierzu Wi\u0119ckowskim (1927-2003). Kazimierz Wi\u0119ckowski (1927-2003) \u2013 In Memoriam Agata CIESZEWSKA\u00a0Relacje pomiedzy modelami struktury krajobrazu na przyk\u0142adzie Przedborskiego Parku Krajobrazowego. Relation between landscape structure models, Przeborski Regional Park case study Tomasz GRABOWSKI\u00a0Wra\u017cliwo\u015b\u0107 krajobraz\u00f3w strefy kontaktu dna [&hellip;]<\/p>\n","protected":false},"author":1,"featured_media":0,"parent":97,"menu_order":0,"comment_status":"closed","ping_status":"closed","template":"","meta":{"_monsterinsights_skip_tracking":false,"_monsterinsights_sitenote_active":false,"_monsterinsights_sitenote_note":"","_monsterinsights_sitenote_category":0,"footnotes":""},"class_list":["post-4375","page","type-page","status-publish","hentry","post"],"yoast_head":"<!-- This site is optimized with the Yoast SEO plugin v27.5 - https:\/\/yoast.com\/product\/yoast-seo-wordpress\/ -->\n<title>Tom 36 [Volume 36] Zintegrowane badania krajobrazowe i ich zastosowania, red. Andrzej Richling, Andrzej Harasimiuk, 2005 - Prace i Studia Geograficzne | Studies in Geography<\/title>\n<meta name=\"robots\" content=\"index, follow, max-snippet:-1, max-image-preview:large, max-video-preview:-1\" \/>\n<link rel=\"canonical\" href=\"https:\/\/pisg.wgsr.uw.edu.pl\/?page_id=4375\" \/>\n<meta property=\"og:locale\" content=\"pl_PL\" \/>\n<meta property=\"og:type\" content=\"article\" \/>\n<meta property=\"og:title\" content=\"Tom 36 [Volume 36] Zintegrowane badania krajobrazowe i ich zastosowania, red. Andrzej Richling, Andrzej Harasimiuk, 2005 - Prace i Studia Geograficzne | Studies in Geography\" \/>\n<meta property=\"og:description\" content=\"Andrzej RICHLING\u00a0Przedmowa Bogumi\u0142 WICIK\u00a0Marek Pr\u00f3szy\u0144ski (1906-2003). Wspomnienia o nauczycielu i wychowawcy. Marek Pr\u00f3szy\u0144ski (1906-2003).Teacher and tutor Bogumi\u0142 WICIK\u00a0Wspomnienia o Kazimierzu Wi\u0119ckowskim (1927-2003). Kazimierz Wi\u0119ckowski (1927-2003) \u2013 In Memoriam Agata CIESZEWSKA\u00a0Relacje pomiedzy modelami struktury krajobrazu na przyk\u0142adzie Przedborskiego Parku Krajobrazowego. Relation between landscape structure models, Przeborski Regional Park case study Tomasz GRABOWSKI\u00a0Wra\u017cliwo\u015b\u0107 krajobraz\u00f3w strefy kontaktu dna [&hellip;]\" \/>\n<meta property=\"og:url\" content=\"https:\/\/pisg.wgsr.uw.edu.pl\/?page_id=4375\" \/>\n<meta property=\"og:site_name\" content=\"Prace i Studia Geograficzne | Studies in Geography\" \/>\n<meta name=\"twitter:card\" content=\"summary_large_image\" \/>\n<meta name=\"twitter:label1\" content=\"Szacowany czas czytania\" \/>\n\t<meta name=\"twitter:data1\" content=\"2 minuty\" \/>\n<script type=\"application\/ld+json\" class=\"yoast-schema-graph\">{\"@context\":\"https:\\\/\\\/schema.org\",\"@graph\":[{\"@type\":\"WebPage\",\"@id\":\"https:\\\/\\\/pisg.wgsr.uw.edu.pl\\\/?page_id=4375\",\"url\":\"https:\\\/\\\/pisg.wgsr.uw.edu.pl\\\/?page_id=4375\",\"name\":\"Tom 36 [Volume 36] Zintegrowane badania krajobrazowe i ich zastosowania, red. Andrzej Richling, Andrzej Harasimiuk, 2005 - Prace i Studia Geograficzne | Studies in Geography\",\"isPartOf\":{\"@id\":\"https:\\\/\\\/pisg.wgsr.uw.edu.pl\\\/#website\"},\"datePublished\":\"2025-10-21T13:37:13+00:00\",\"breadcrumb\":{\"@id\":\"https:\\\/\\\/pisg.wgsr.uw.edu.pl\\\/?page_id=4375#breadcrumb\"},\"inLanguage\":\"pl-PL\",\"potentialAction\":[{\"@type\":\"ReadAction\",\"target\":[\"https:\\\/\\\/pisg.wgsr.uw.edu.pl\\\/?page_id=4375\"]}]},{\"@type\":\"BreadcrumbList\",\"@id\":\"https:\\\/\\\/pisg.wgsr.uw.edu.pl\\\/?page_id=4375#breadcrumb\",\"itemListElement\":[{\"@type\":\"ListItem\",\"position\":1,\"name\":\"Strona g\u0142\u00f3wna\",\"item\":\"https:\\\/\\\/pisg.wgsr.uw.edu.pl\\\/\"},{\"@type\":\"ListItem\",\"position\":2,\"name\":\"Tomy\",\"item\":\"https:\\\/\\\/pisg.wgsr.uw.edu.pl\\\/?page_id=97\"},{\"@type\":\"ListItem\",\"position\":3,\"name\":\"Tom 36 [Volume 36] Zintegrowane badania krajobrazowe i ich zastosowania, red. Andrzej Richling, Andrzej Harasimiuk, 2005\"}]},{\"@type\":\"WebSite\",\"@id\":\"https:\\\/\\\/pisg.wgsr.uw.edu.pl\\\/#website\",\"url\":\"https:\\\/\\\/pisg.wgsr.uw.edu.pl\\\/\",\"name\":\"Prace i Studia Geograficzne | Studies in Geography\",\"description\":\"Prace i Studia Geograficzne s\u0105 recenzowanym czasopismem wydawanym przez Wydzia\u0142 Geografii i Studi\u00f3w Regionalnych Uniwersytetu Warszawskiego\",\"potentialAction\":[{\"@type\":\"SearchAction\",\"target\":{\"@type\":\"EntryPoint\",\"urlTemplate\":\"https:\\\/\\\/pisg.wgsr.uw.edu.pl\\\/?s={search_term_string}\"},\"query-input\":{\"@type\":\"PropertyValueSpecification\",\"valueRequired\":true,\"valueName\":\"search_term_string\"}}],\"inLanguage\":\"pl-PL\"}]}<\/script>\n<!-- \/ Yoast SEO plugin. -->","yoast_head_json":{"title":"Tom 36 [Volume 36] Zintegrowane badania krajobrazowe i ich zastosowania, red. Andrzej Richling, Andrzej Harasimiuk, 2005 - Prace i Studia Geograficzne | Studies in Geography","robots":{"index":"index","follow":"follow","max-snippet":"max-snippet:-1","max-image-preview":"max-image-preview:large","max-video-preview":"max-video-preview:-1"},"canonical":"https:\/\/pisg.wgsr.uw.edu.pl\/?page_id=4375","og_locale":"pl_PL","og_type":"article","og_title":"Tom 36 [Volume 36] Zintegrowane badania krajobrazowe i ich zastosowania, red. Andrzej Richling, Andrzej Harasimiuk, 2005 - Prace i Studia Geograficzne | Studies in Geography","og_description":"Andrzej RICHLING\u00a0Przedmowa Bogumi\u0142 WICIK\u00a0Marek Pr\u00f3szy\u0144ski (1906-2003). Wspomnienia o nauczycielu i wychowawcy. Marek Pr\u00f3szy\u0144ski (1906-2003).Teacher and tutor Bogumi\u0142 WICIK\u00a0Wspomnienia o Kazimierzu Wi\u0119ckowskim (1927-2003). Kazimierz Wi\u0119ckowski (1927-2003) \u2013 In Memoriam Agata CIESZEWSKA\u00a0Relacje pomiedzy modelami struktury krajobrazu na przyk\u0142adzie Przedborskiego Parku Krajobrazowego. Relation between landscape structure models, Przeborski Regional Park case study Tomasz GRABOWSKI\u00a0Wra\u017cliwo\u015b\u0107 krajobraz\u00f3w strefy kontaktu dna [&hellip;]","og_url":"https:\/\/pisg.wgsr.uw.edu.pl\/?page_id=4375","og_site_name":"Prace i Studia Geograficzne | Studies in Geography","twitter_card":"summary_large_image","twitter_misc":{"Szacowany czas czytania":"2 minuty"},"schema":{"@context":"https:\/\/schema.org","@graph":[{"@type":"WebPage","@id":"https:\/\/pisg.wgsr.uw.edu.pl\/?page_id=4375","url":"https:\/\/pisg.wgsr.uw.edu.pl\/?page_id=4375","name":"Tom 36 [Volume 36] Zintegrowane badania krajobrazowe i ich zastosowania, red. Andrzej Richling, Andrzej Harasimiuk, 2005 - Prace i Studia Geograficzne | Studies in Geography","isPartOf":{"@id":"https:\/\/pisg.wgsr.uw.edu.pl\/#website"},"datePublished":"2025-10-21T13:37:13+00:00","breadcrumb":{"@id":"https:\/\/pisg.wgsr.uw.edu.pl\/?page_id=4375#breadcrumb"},"inLanguage":"pl-PL","potentialAction":[{"@type":"ReadAction","target":["https:\/\/pisg.wgsr.uw.edu.pl\/?page_id=4375"]}]},{"@type":"BreadcrumbList","@id":"https:\/\/pisg.wgsr.uw.edu.pl\/?page_id=4375#breadcrumb","itemListElement":[{"@type":"ListItem","position":1,"name":"Strona g\u0142\u00f3wna","item":"https:\/\/pisg.wgsr.uw.edu.pl\/"},{"@type":"ListItem","position":2,"name":"Tomy","item":"https:\/\/pisg.wgsr.uw.edu.pl\/?page_id=97"},{"@type":"ListItem","position":3,"name":"Tom 36 [Volume 36] Zintegrowane badania krajobrazowe i ich zastosowania, red. Andrzej Richling, Andrzej Harasimiuk, 2005"}]},{"@type":"WebSite","@id":"https:\/\/pisg.wgsr.uw.edu.pl\/#website","url":"https:\/\/pisg.wgsr.uw.edu.pl\/","name":"Prace i Studia Geograficzne | Studies in Geography","description":"Prace i Studia Geograficzne s\u0105 recenzowanym czasopismem wydawanym przez Wydzia\u0142 Geografii i Studi\u00f3w Regionalnych Uniwersytetu Warszawskiego","potentialAction":[{"@type":"SearchAction","target":{"@type":"EntryPoint","urlTemplate":"https:\/\/pisg.wgsr.uw.edu.pl\/?s={search_term_string}"},"query-input":{"@type":"PropertyValueSpecification","valueRequired":true,"valueName":"search_term_string"}}],"inLanguage":"pl-PL"}]}},"_links":{"self":[{"href":"https:\/\/pisg.wgsr.uw.edu.pl\/index.php?rest_route=\/wp\/v2\/pages\/4375","targetHints":{"allow":["GET"]}}],"collection":[{"href":"https:\/\/pisg.wgsr.uw.edu.pl\/index.php?rest_route=\/wp\/v2\/pages"}],"about":[{"href":"https:\/\/pisg.wgsr.uw.edu.pl\/index.php?rest_route=\/wp\/v2\/types\/page"}],"author":[{"embeddable":true,"href":"https:\/\/pisg.wgsr.uw.edu.pl\/index.php?rest_route=\/wp\/v2\/users\/1"}],"replies":[{"embeddable":true,"href":"https:\/\/pisg.wgsr.uw.edu.pl\/index.php?rest_route=%2Fwp%2Fv2%2Fcomments&post=4375"}],"version-history":[{"count":1,"href":"https:\/\/pisg.wgsr.uw.edu.pl\/index.php?rest_route=\/wp\/v2\/pages\/4375\/revisions"}],"predecessor-version":[{"id":4376,"href":"https:\/\/pisg.wgsr.uw.edu.pl\/index.php?rest_route=\/wp\/v2\/pages\/4375\/revisions\/4376"}],"up":[{"embeddable":true,"href":"https:\/\/pisg.wgsr.uw.edu.pl\/index.php?rest_route=\/wp\/v2\/pages\/97"}],"wp:attachment":[{"href":"https:\/\/pisg.wgsr.uw.edu.pl\/index.php?rest_route=%2Fwp%2Fv2%2Fmedia&parent=4375"}],"curies":[{"name":"wp","href":"https:\/\/api.w.org\/{rel}","templated":true}]}}