{"id":4393,"date":"2025-10-21T13:53:19","date_gmt":"2025-10-21T13:53:19","guid":{"rendered":"https:\/\/pisg.wgsr.uw.edu.pl\/?page_id=4393"},"modified":"2025-10-21T14:10:44","modified_gmt":"2025-10-21T14:10:44","slug":"tom-34-volume-34-50-lat-zakladu-geografii-regionalnej-w-uniwersytecie-warszawskim-red-ewelina-kantowicz-maksymilian-skotnicki-andrzej-walewski-2004","status":"publish","type":"page","link":"https:\/\/pisg.wgsr.uw.edu.pl\/?page_id=4393","title":{"rendered":"Tom 34 [Volume 34]   50 lat Zak\u0142adu Geografii Regionalnej w Uniwersytecie Warszawskim, red. Ewelina Kantowicz, Maksymilian Skotnicki, Andrzej Walewski, 2004"},"content":{"rendered":"<p><strong>Ewelina KANTOWICZ<\/strong>\u00a0<a href=\"https:\/\/pisg.wgsr.uw.edu.pl\/wp-content\/uploads\/pisg\/T.34\/Przedmowa3.pdf\">Przedmowa<\/a><\/p>\n<p><strong>Andrzej BONASIEWICZ<\/strong>\u00a0<a href=\"https:\/\/pisg.wgsr.uw.edu.pl\/wp-content\/uploads\/pisg\/T.34\/Bonasewicz3.pdf\">Z dziej\u00f3w Zak\u0142adu Geografii Regionalnej na Uniwersytecie Warszawskim. On the history of the Department of Regional Geography of Warsaw University.<\/a><\/p>\n<p><strong>Ewelina KANTOWICZ<\/strong>\u00a0<a href=\"https:\/\/pisg.wgsr.uw.edu.pl\/wp-content\/uploads\/pisg\/T.34\/Kantowicz3.pdf\">Dzia\u0142alno\u015b\u0107 badawcza w Zak\u0142adzie Geografii Regionalnej w pi\u0119\u0107dziesi\u0119cioleciu 1954-2004. 50 years of research activity at the Department of Regional Geography 1954-2004.<\/a><\/p>\n<p><strong>Dorota RUCI\u0143SKA, Andrzej WALEWSKI<\/strong>\u00a0<a href=\"https:\/\/pisg.wgsr.uw.edu.pl\/wp-content\/uploads\/pisg\/T.34\/Walewski-Rucinska3.pdf\">Kszta\u0142cenie w Zak\u0142adzie Geografii Regionalnej. Teaching of specialized courses in Regional Geography.<\/a><\/p>\n<p><strong>Stefan KA\u0141USK<\/strong>I\u00a0<a href=\"https:\/\/pisg.wgsr.uw.edu.pl\/wp-content\/uploads\/pisg\/T.34\/Kaluski3.pdf\">Dzia\u0142alno\u015b\u0107 popularyzatorska i edukacyjna. Popularization and education.<\/a><\/p>\n<p><strong>Andrzej WALEWSKI<\/strong>\u00a0<a href=\"https:\/\/pisg.wgsr.uw.edu.pl\/wp-content\/uploads\/pisg\/T.34\/Walewski3.pdf\">Metody badania relacji przyroda-cz\u0142owiek. Man-nature interrelationship \u2013 study methods.<\/a><\/p>\n<p><strong>Boles\u0142aw DUMANOWSKI<\/strong>\u00a0<a href=\"https:\/\/pisg.wgsr.uw.edu.pl\/wp-content\/uploads\/pisg\/T.34\/Dumanowski3.pdf\">Zr\u00f3\u017cnicowanie \u015brodowiska przyrodniczego a dzia\u0142alno\u015b\u0107 cz\u0142owieka. Differentiation of the natural environment and human activity.<\/a><\/p>\n<p><strong>Andrzej GOC\u0141OWSKI<\/strong>\u00a0<a href=\"https:\/\/pisg.wgsr.uw.edu.pl\/wp-content\/uploads\/pisg\/T.34\/Goclowski3.pdf\">Badania nad przyrodniczymi uwarunkowaniami osadnictwa \u2013 granice fizycznogeograficzne i rubie\u017ce osadnicze. A study of natural settlement factors \u2013 physio-geographic boundaries and frontier settlements.<\/a><\/p>\n<p><strong>Jadwiga WINIDOWA<\/strong>\u00a0<a href=\"https:\/\/pisg.wgsr.uw.edu.pl\/wp-content\/uploads\/pisg\/T.34\/Winidowa3.pdf\">Badania relaji mi\u0119dzy ozmieszczeniem miast a \u015broowiskiem przyrodniczym (z wybranych prac magisterskich). Relations between the distribution of cities and the natural environment (based on selected MA theses)<\/a><\/p>\n<p><strong>Maksymilian SKOTNICKI<\/strong>\u00a0<a href=\"https:\/\/pisg.wgsr.uw.edu.pl\/wp-content\/uploads\/pisg\/T.34\/Skotnicki3.pdf\">\u015arodowisko przyrodnicze a zmiany w rozmieszczeniu ludno\u015bci. Natural environment and changes in the population distribution.<\/a><\/p>\n<p><strong>Ma\u0142gorzata ROGE-WI\u015aNIEWSKA<\/strong>\u00a0<a href=\"https:\/\/pisg.wgsr.uw.edu.pl\/wp-content\/uploads\/pisg\/T.34\/Roge-Wisniewska3.pdf\">Wp\u0142yw ruroci\u0105g\u00f3w na srodowisko przyrodnicze. Przyk\u0142ad gazoci\u0105gu Jama\u0142 \u2013 Europa Zachodnia. Impact of pipelines on the natural environment. The example of Jamal \u2013 Western Europe gas pipeline.<\/a><\/p>\n<p><a href=\"https:\/\/pisg.wgsr.uw.edu.pl\/wp-content\/uploads\/pisg\/T.34\/ROZPRAWY-HABILITACYJNE-.pdf\">Rozprawy habilitacyjne by\u0142ych i obecnych pracownik\u00f3w Katedry (Zak\u0142adu) Geografii Regionalnej<\/a><\/p>\n<p><a href=\"https:\/\/pisg.wgsr.uw.edu.pl\/wp-content\/uploads\/pisg\/T.34\/PRACE-DOKTORSKIE-BYLYCH-I-OBECNYCH.pdf\">Prace doktorskie by\u0142ych i obecnych pracownik\u00f3w Katedry (Zak\u0142adu) Geografii Regionalnej.<\/a><\/p>\n<p><a href=\"https:\/\/pisg.wgsr.uw.edu.pl\/wp-content\/uploads\/pisg\/T.34\/Prace-mgr3.pdf\">Wykaz prac magisterskich wykonanych w Katedrze (Zak\u0142adzie) Geografii Regionalnej Uniwersytetu Warszawskiego<\/a><br \/>\n<a href=\"https:\/\/pisg.wgsr.uw.edu.pl\/wp-content\/uploads\/pisg\/T.34\/ZGR.INDEKS3.pdf\">Indeks prac magisterskich<\/a><\/p>\n","protected":false},"excerpt":{"rendered":"<p>Ewelina KANTOWICZ\u00a0Przedmowa Andrzej BONASIEWICZ\u00a0Z dziej\u00f3w Zak\u0142adu Geografii Regionalnej na Uniwersytecie Warszawskim. On the history of the Department of Regional Geography of Warsaw University. Ewelina KANTOWICZ\u00a0Dzia\u0142alno\u015b\u0107 badawcza w Zak\u0142adzie Geografii Regionalnej w pi\u0119\u0107dziesi\u0119cioleciu 1954-2004. 50 years of research activity at the Department of Regional Geography 1954-2004. Dorota RUCI\u0143SKA, Andrzej WALEWSKI\u00a0Kszta\u0142cenie w Zak\u0142adzie Geografii Regionalnej. Teaching of [&hellip;]<\/p>\n","protected":false},"author":1,"featured_media":0,"parent":97,"menu_order":0,"comment_status":"closed","ping_status":"closed","template":"","meta":{"_monsterinsights_skip_tracking":false,"_monsterinsights_sitenote_active":false,"_monsterinsights_sitenote_note":"","_monsterinsights_sitenote_category":0,"footnotes":""},"class_list":["post-4393","page","type-page","status-publish","hentry","post"],"yoast_head":"<!-- This site is optimized with the Yoast SEO plugin v27.5 - https:\/\/yoast.com\/product\/yoast-seo-wordpress\/ -->\n<title>Tom 34 [Volume 34]  50 lat Zak\u0142adu Geografii Regionalnej w Uniwersytecie Warszawskim, red. Ewelina Kantowicz, Maksymilian Skotnicki, Andrzej Walewski, 2004 - Prace i Studia Geograficzne | Studies in Geography<\/title>\n<meta name=\"robots\" content=\"index, follow, max-snippet:-1, max-image-preview:large, max-video-preview:-1\" \/>\n<link rel=\"canonical\" href=\"https:\/\/pisg.wgsr.uw.edu.pl\/?page_id=4393\" \/>\n<meta property=\"og:locale\" content=\"pl_PL\" \/>\n<meta property=\"og:type\" content=\"article\" \/>\n<meta property=\"og:title\" content=\"Tom 34 [Volume 34]  50 lat Zak\u0142adu Geografii Regionalnej w Uniwersytecie Warszawskim, red. Ewelina Kantowicz, Maksymilian Skotnicki, Andrzej Walewski, 2004 - Prace i Studia Geograficzne | Studies in Geography\" \/>\n<meta property=\"og:description\" content=\"Ewelina KANTOWICZ\u00a0Przedmowa Andrzej BONASIEWICZ\u00a0Z dziej\u00f3w Zak\u0142adu Geografii Regionalnej na Uniwersytecie Warszawskim. On the history of the Department of Regional Geography of Warsaw University. Ewelina KANTOWICZ\u00a0Dzia\u0142alno\u015b\u0107 badawcza w Zak\u0142adzie Geografii Regionalnej w pi\u0119\u0107dziesi\u0119cioleciu 1954-2004. 50 years of research activity at the Department of Regional Geography 1954-2004. Dorota RUCI\u0143SKA, Andrzej WALEWSKI\u00a0Kszta\u0142cenie w Zak\u0142adzie Geografii Regionalnej. Teaching of [&hellip;]\" \/>\n<meta property=\"og:url\" content=\"https:\/\/pisg.wgsr.uw.edu.pl\/?page_id=4393\" \/>\n<meta property=\"og:site_name\" content=\"Prace i Studia Geograficzne | Studies in Geography\" \/>\n<meta property=\"article:modified_time\" content=\"2025-10-21T14:10:44+00:00\" \/>\n<meta name=\"twitter:card\" content=\"summary_large_image\" \/>\n<meta name=\"twitter:label1\" content=\"Szacowany czas czytania\" \/>\n\t<meta name=\"twitter:data1\" content=\"2 minuty\" \/>\n<script type=\"application\/ld+json\" class=\"yoast-schema-graph\">{\"@context\":\"https:\\\/\\\/schema.org\",\"@graph\":[{\"@type\":\"WebPage\",\"@id\":\"https:\\\/\\\/pisg.wgsr.uw.edu.pl\\\/?page_id=4393\",\"url\":\"https:\\\/\\\/pisg.wgsr.uw.edu.pl\\\/?page_id=4393\",\"name\":\"Tom 34 [Volume 34] 50 lat Zak\u0142adu Geografii Regionalnej w Uniwersytecie Warszawskim, red. Ewelina Kantowicz, Maksymilian Skotnicki, Andrzej Walewski, 2004 - Prace i Studia Geograficzne | Studies in Geography\",\"isPartOf\":{\"@id\":\"https:\\\/\\\/pisg.wgsr.uw.edu.pl\\\/#website\"},\"datePublished\":\"2025-10-21T13:53:19+00:00\",\"dateModified\":\"2025-10-21T14:10:44+00:00\",\"breadcrumb\":{\"@id\":\"https:\\\/\\\/pisg.wgsr.uw.edu.pl\\\/?page_id=4393#breadcrumb\"},\"inLanguage\":\"pl-PL\",\"potentialAction\":[{\"@type\":\"ReadAction\",\"target\":[\"https:\\\/\\\/pisg.wgsr.uw.edu.pl\\\/?page_id=4393\"]}]},{\"@type\":\"BreadcrumbList\",\"@id\":\"https:\\\/\\\/pisg.wgsr.uw.edu.pl\\\/?page_id=4393#breadcrumb\",\"itemListElement\":[{\"@type\":\"ListItem\",\"position\":1,\"name\":\"Strona g\u0142\u00f3wna\",\"item\":\"https:\\\/\\\/pisg.wgsr.uw.edu.pl\\\/\"},{\"@type\":\"ListItem\",\"position\":2,\"name\":\"Tomy\",\"item\":\"https:\\\/\\\/pisg.wgsr.uw.edu.pl\\\/?page_id=97\"},{\"@type\":\"ListItem\",\"position\":3,\"name\":\"Tom 34 [Volume 34] 50 lat Zak\u0142adu Geografii Regionalnej w Uniwersytecie Warszawskim, red. Ewelina Kantowicz, Maksymilian Skotnicki, Andrzej Walewski, 2004\"}]},{\"@type\":\"WebSite\",\"@id\":\"https:\\\/\\\/pisg.wgsr.uw.edu.pl\\\/#website\",\"url\":\"https:\\\/\\\/pisg.wgsr.uw.edu.pl\\\/\",\"name\":\"Prace i Studia Geograficzne | Studies in Geography\",\"description\":\"Prace i Studia Geograficzne s\u0105 recenzowanym czasopismem wydawanym przez Wydzia\u0142 Geografii i Studi\u00f3w Regionalnych Uniwersytetu Warszawskiego\",\"potentialAction\":[{\"@type\":\"SearchAction\",\"target\":{\"@type\":\"EntryPoint\",\"urlTemplate\":\"https:\\\/\\\/pisg.wgsr.uw.edu.pl\\\/?s={search_term_string}\"},\"query-input\":{\"@type\":\"PropertyValueSpecification\",\"valueRequired\":true,\"valueName\":\"search_term_string\"}}],\"inLanguage\":\"pl-PL\"}]}<\/script>\n<!-- \/ Yoast SEO plugin. -->","yoast_head_json":{"title":"Tom 34 [Volume 34]  50 lat Zak\u0142adu Geografii Regionalnej w Uniwersytecie Warszawskim, red. Ewelina Kantowicz, Maksymilian Skotnicki, Andrzej Walewski, 2004 - Prace i Studia Geograficzne | Studies in Geography","robots":{"index":"index","follow":"follow","max-snippet":"max-snippet:-1","max-image-preview":"max-image-preview:large","max-video-preview":"max-video-preview:-1"},"canonical":"https:\/\/pisg.wgsr.uw.edu.pl\/?page_id=4393","og_locale":"pl_PL","og_type":"article","og_title":"Tom 34 [Volume 34]  50 lat Zak\u0142adu Geografii Regionalnej w Uniwersytecie Warszawskim, red. Ewelina Kantowicz, Maksymilian Skotnicki, Andrzej Walewski, 2004 - Prace i Studia Geograficzne | Studies in Geography","og_description":"Ewelina KANTOWICZ\u00a0Przedmowa Andrzej BONASIEWICZ\u00a0Z dziej\u00f3w Zak\u0142adu Geografii Regionalnej na Uniwersytecie Warszawskim. On the history of the Department of Regional Geography of Warsaw University. Ewelina KANTOWICZ\u00a0Dzia\u0142alno\u015b\u0107 badawcza w Zak\u0142adzie Geografii Regionalnej w pi\u0119\u0107dziesi\u0119cioleciu 1954-2004. 50 years of research activity at the Department of Regional Geography 1954-2004. Dorota RUCI\u0143SKA, Andrzej WALEWSKI\u00a0Kszta\u0142cenie w Zak\u0142adzie Geografii Regionalnej. Teaching of [&hellip;]","og_url":"https:\/\/pisg.wgsr.uw.edu.pl\/?page_id=4393","og_site_name":"Prace i Studia Geograficzne | Studies in Geography","article_modified_time":"2025-10-21T14:10:44+00:00","twitter_card":"summary_large_image","twitter_misc":{"Szacowany czas czytania":"2 minuty"},"schema":{"@context":"https:\/\/schema.org","@graph":[{"@type":"WebPage","@id":"https:\/\/pisg.wgsr.uw.edu.pl\/?page_id=4393","url":"https:\/\/pisg.wgsr.uw.edu.pl\/?page_id=4393","name":"Tom 34 [Volume 34] 50 lat Zak\u0142adu Geografii Regionalnej w Uniwersytecie Warszawskim, red. Ewelina Kantowicz, Maksymilian Skotnicki, Andrzej Walewski, 2004 - Prace i Studia Geograficzne | Studies in Geography","isPartOf":{"@id":"https:\/\/pisg.wgsr.uw.edu.pl\/#website"},"datePublished":"2025-10-21T13:53:19+00:00","dateModified":"2025-10-21T14:10:44+00:00","breadcrumb":{"@id":"https:\/\/pisg.wgsr.uw.edu.pl\/?page_id=4393#breadcrumb"},"inLanguage":"pl-PL","potentialAction":[{"@type":"ReadAction","target":["https:\/\/pisg.wgsr.uw.edu.pl\/?page_id=4393"]}]},{"@type":"BreadcrumbList","@id":"https:\/\/pisg.wgsr.uw.edu.pl\/?page_id=4393#breadcrumb","itemListElement":[{"@type":"ListItem","position":1,"name":"Strona g\u0142\u00f3wna","item":"https:\/\/pisg.wgsr.uw.edu.pl\/"},{"@type":"ListItem","position":2,"name":"Tomy","item":"https:\/\/pisg.wgsr.uw.edu.pl\/?page_id=97"},{"@type":"ListItem","position":3,"name":"Tom 34 [Volume 34] 50 lat Zak\u0142adu Geografii Regionalnej w Uniwersytecie Warszawskim, red. Ewelina Kantowicz, Maksymilian Skotnicki, Andrzej Walewski, 2004"}]},{"@type":"WebSite","@id":"https:\/\/pisg.wgsr.uw.edu.pl\/#website","url":"https:\/\/pisg.wgsr.uw.edu.pl\/","name":"Prace i Studia Geograficzne | Studies in Geography","description":"Prace i Studia Geograficzne s\u0105 recenzowanym czasopismem wydawanym przez Wydzia\u0142 Geografii i Studi\u00f3w Regionalnych Uniwersytetu Warszawskiego","potentialAction":[{"@type":"SearchAction","target":{"@type":"EntryPoint","urlTemplate":"https:\/\/pisg.wgsr.uw.edu.pl\/?s={search_term_string}"},"query-input":{"@type":"PropertyValueSpecification","valueRequired":true,"valueName":"search_term_string"}}],"inLanguage":"pl-PL"}]}},"_links":{"self":[{"href":"https:\/\/pisg.wgsr.uw.edu.pl\/index.php?rest_route=\/wp\/v2\/pages\/4393","targetHints":{"allow":["GET"]}}],"collection":[{"href":"https:\/\/pisg.wgsr.uw.edu.pl\/index.php?rest_route=\/wp\/v2\/pages"}],"about":[{"href":"https:\/\/pisg.wgsr.uw.edu.pl\/index.php?rest_route=\/wp\/v2\/types\/page"}],"author":[{"embeddable":true,"href":"https:\/\/pisg.wgsr.uw.edu.pl\/index.php?rest_route=\/wp\/v2\/users\/1"}],"replies":[{"embeddable":true,"href":"https:\/\/pisg.wgsr.uw.edu.pl\/index.php?rest_route=%2Fwp%2Fv2%2Fcomments&post=4393"}],"version-history":[{"count":3,"href":"https:\/\/pisg.wgsr.uw.edu.pl\/index.php?rest_route=\/wp\/v2\/pages\/4393\/revisions"}],"predecessor-version":[{"id":4466,"href":"https:\/\/pisg.wgsr.uw.edu.pl\/index.php?rest_route=\/wp\/v2\/pages\/4393\/revisions\/4466"}],"up":[{"embeddable":true,"href":"https:\/\/pisg.wgsr.uw.edu.pl\/index.php?rest_route=\/wp\/v2\/pages\/97"}],"wp:attachment":[{"href":"https:\/\/pisg.wgsr.uw.edu.pl\/index.php?rest_route=%2Fwp%2Fv2%2Fmedia&parent=4393"}],"curies":[{"name":"wp","href":"https:\/\/api.w.org\/{rel}","templated":true}]}}