{"id":4472,"date":"2025-10-21T14:25:04","date_gmt":"2025-10-21T14:25:04","guid":{"rendered":"https:\/\/pisg.wgsr.uw.edu.pl\/?page_id=4472"},"modified":"2025-10-21T14:49:51","modified_gmt":"2025-10-21T14:49:51","slug":"tom-32-volume-33","status":"publish","type":"page","link":"https:\/\/pisg.wgsr.uw.edu.pl\/?page_id=4472","title":{"rendered":"Tom 32 [Volume 32] Geografia turyzmu, red. Andrzej Kowalczyk, 2003"},"content":{"rendered":"<p><strong>Andrzej KOWALCZYK<\/strong>\u00a0<a href=\"https:\/\/pisg.wgsr.uw.edu.pl\/wp-content\/uploads\/pisg\/T.32\/WSTEP1.pdf\">Wprowadzenie. Introduction.<\/a><\/p>\n<p><strong>Joanna MA\u0141EK<\/strong>\u00a0<a href=\"https:\/\/pisg.wgsr.uw.edu.pl\/wp-content\/uploads\/pisg\/T.32\/Joanna-Malek-1.pdf\">Turystyka kulturowa jako czynnik rozwoju lokalnego. Cultural tourism as a factor of local development.<\/a><\/p>\n<p><strong>Maria SKOCZEK<\/strong>\u00a0<a href=\"https:\/\/pisg.wgsr.uw.edu.pl\/wp-content\/uploads\/pisg\/T.32\/MariaSkoczek-1b.pdf\">Turystyka wiejska jako czynnik ochrony dziedzictwa kulturowego w Hiszpanii i Portugalii. Rural tourism as a factor of cultural heritage protection in Spain and Portugal.<\/a><\/p>\n<p><strong>Bogumi\u0142a LISOCKA-JAEGERMANN<\/strong>\u00a0<a href=\"https:\/\/pisg.wgsr.uw.edu.pl\/wp-content\/uploads\/pisg\/T.32\/Bogumila-Lisocka-1.pdf\">Turystyka etniczna w Ameryce \u0141aci\u0144skiej. Przegl\u0105d problematyki badawczej. Ethnic tourism in Latin America. A review of research issues.<\/a><\/p>\n<p><strong>Andrzej KOWALCZYK<\/strong>\u00a0<a href=\"https:\/\/pisg.wgsr.uw.edu.pl\/wp-content\/uploads\/pisg\/T.32\/Andrzej-Kowalczyk-1.pdf\">Szlaki wina \u2013 nowa forma aktywizacji turystyczneh obszar\u00f3w wiejskich. Wine routes \u2013 a new form of tourist stimulation of rural areas.<\/a><\/p>\n<p><strong>Sebastian KRAHEL<\/strong>\u00a0<a href=\"https:\/\/pisg.wgsr.uw.edu.pl\/wp-content\/uploads\/pisg\/T.32\/Sebastian-Krahel-1.pdf\">Twierdza Boyen (Gi\u017cycko) \u2013 fortyfikacja jako atrakcja turystyczna. The Boyen Fortress (Gi\u017cycko) \u2013 fortification as a tourist attraction.<\/a><\/p>\n<p><strong>Anna DUDEK, Andrzej KOWALCZYK<\/strong>\u00a0<a href=\"https:\/\/pisg.wgsr.uw.edu.pl\/wp-content\/uploads\/pisg\/T.32\/Anna-Dudek-i-AK-1.pdf\">Turystyka na obszarach chronionych \u2013 szanse i zagro\u017cenia. Tourism in protected areas \u2013 opportunities and threats.<\/a><\/p>\n<p><strong>Maciej J\u0118DRUSIK<\/strong>\u00a0<a href=\"https:\/\/pisg.wgsr.uw.edu.pl\/wp-content\/uploads\/pisg\/T.32\/Maciej-Jedrusik-1b.pdf\">Przyrodniczy potencja\u0142 turystyczny oraz formy jego wykorzystania na wyspach tropikalnych i subtropikalnych. Natural potencial for tourism and forms of its use in tropical and subtropical islands.<\/a><\/p>\n<p><strong>Ma\u0142gorzata DURYDIWKA<\/strong><a href=\"https:\/\/pisg.wgsr.uw.edu.pl\/wp-content\/uploads\/pisg\/T.32\/Malgorzata-Durydiwka-1b.pdf\">\u00a0Turystyka przygodowa. Adventure tourism.<\/a><\/p>\n<p><strong>Izabella \u0141\u0118CKA<\/strong>\u00a0<a href=\"https:\/\/pisg.wgsr.uw.edu.pl\/wp-content\/uploads\/pisg\/T.32\/Izabella-Lecka-1b.pdf\">Nowe (?) trendy w turystyce zdrowotnej. New (?) trends in health tourism.<\/a><\/p>\n<p><strong>Agnieszka KACZOREK, Andrzej KOWALCZYK<\/strong>\u00a0<a href=\"https:\/\/pisg.wgsr.uw.edu.pl\/wp-content\/uploads\/pisg\/T.32\/Agnieszka-K-i-AK-1a.pdf\">Modele lokalizacji us\u0142ug gastronomicznych na obszarach miejskich. Models of localization of dining services on urban areas.<\/a><\/p>\n<p><strong>Waldemar WILK<\/strong>\u00a0<a href=\"https:\/\/pisg.wgsr.uw.edu.pl\/wp-content\/uploads\/pisg\/T.32\/Waldemar-Wilk-1b.pdf\">Mi\u0119dzy zakupami a rozrywk\u0105 \u2013 nowe znaczenie centrum handlowego. Between shopping and leisure \u2013 a new meaning of shopping centres.<\/a><\/p>\n<p><strong>Ewa PIOTROWSKA<\/strong>\u00a0<a href=\"https:\/\/pisg.wgsr.uw.edu.pl\/wp-content\/uploads\/pisg\/T.32\/Ewa-Piotrowska-1b.pdf\">Edukacyjna rola turystyki m\u0142odzie\u017cowej (na przyk\u0142adzie wolontariatu kr\u00f3tkoterminowego). The educational role of youth tourism (on the example of short-term voluntary travel).<\/a><\/p>\n<p><strong>Anna KULINICZ, Maria M. WILCZY\u0143SKA-WO\u0141OSZYN<\/strong>\u00a0<a href=\"https:\/\/pisg.wgsr.uw.edu.pl\/wp-content\/uploads\/pisg\/T.32\/Anna-Kulinicz-i-MMWW-1.pdf\">Geograficzne kierunki wycieczek szkolnych z Warszawy. Geographical directions of school excursions from Warsaw.<\/a><\/p>\n","protected":false},"excerpt":{"rendered":"<p>Andrzej KOWALCZYK\u00a0Wprowadzenie. Introduction. Joanna MA\u0141EK\u00a0Turystyka kulturowa jako czynnik rozwoju lokalnego. Cultural tourism as a factor of local development. Maria SKOCZEK\u00a0Turystyka wiejska jako czynnik ochrony dziedzictwa kulturowego w Hiszpanii i Portugalii. Rural tourism as a factor of cultural heritage protection in Spain and Portugal. Bogumi\u0142a LISOCKA-JAEGERMANN\u00a0Turystyka etniczna w Ameryce \u0141aci\u0144skiej. Przegl\u0105d problematyki badawczej. Ethnic tourism in [&hellip;]<\/p>\n","protected":false},"author":1,"featured_media":0,"parent":97,"menu_order":0,"comment_status":"closed","ping_status":"closed","template":"","meta":{"_monsterinsights_skip_tracking":false,"_monsterinsights_sitenote_active":false,"_monsterinsights_sitenote_note":"","_monsterinsights_sitenote_category":0,"footnotes":""},"class_list":["post-4472","page","type-page","status-publish","hentry","post"],"yoast_head":"<!-- This site is optimized with the Yoast SEO plugin v27.5 - https:\/\/yoast.com\/product\/yoast-seo-wordpress\/ -->\n<title>Tom 32 [Volume 32] Geografia turyzmu, red. Andrzej Kowalczyk, 2003 - Prace i Studia Geograficzne | Studies in Geography<\/title>\n<meta name=\"robots\" content=\"index, follow, max-snippet:-1, max-image-preview:large, max-video-preview:-1\" \/>\n<link rel=\"canonical\" href=\"https:\/\/pisg.wgsr.uw.edu.pl\/?page_id=4472\" \/>\n<meta property=\"og:locale\" content=\"pl_PL\" \/>\n<meta property=\"og:type\" content=\"article\" \/>\n<meta property=\"og:title\" content=\"Tom 32 [Volume 32] Geografia turyzmu, red. Andrzej Kowalczyk, 2003 - Prace i Studia Geograficzne | Studies in Geography\" \/>\n<meta property=\"og:description\" content=\"Andrzej KOWALCZYK\u00a0Wprowadzenie. Introduction. Joanna MA\u0141EK\u00a0Turystyka kulturowa jako czynnik rozwoju lokalnego. Cultural tourism as a factor of local development. Maria SKOCZEK\u00a0Turystyka wiejska jako czynnik ochrony dziedzictwa kulturowego w Hiszpanii i Portugalii. Rural tourism as a factor of cultural heritage protection in Spain and Portugal. Bogumi\u0142a LISOCKA-JAEGERMANN\u00a0Turystyka etniczna w Ameryce \u0141aci\u0144skiej. Przegl\u0105d problematyki badawczej. Ethnic tourism in [&hellip;]\" \/>\n<meta property=\"og:url\" content=\"https:\/\/pisg.wgsr.uw.edu.pl\/?page_id=4472\" \/>\n<meta property=\"og:site_name\" content=\"Prace i Studia Geograficzne | Studies in Geography\" \/>\n<meta property=\"article:modified_time\" content=\"2025-10-21T14:49:51+00:00\" \/>\n<meta name=\"twitter:card\" content=\"summary_large_image\" \/>\n<meta name=\"twitter:label1\" content=\"Szacowany czas czytania\" \/>\n\t<meta name=\"twitter:data1\" content=\"2 minuty\" \/>\n<script type=\"application\/ld+json\" class=\"yoast-schema-graph\">{\"@context\":\"https:\\\/\\\/schema.org\",\"@graph\":[{\"@type\":\"WebPage\",\"@id\":\"https:\\\/\\\/pisg.wgsr.uw.edu.pl\\\/?page_id=4472\",\"url\":\"https:\\\/\\\/pisg.wgsr.uw.edu.pl\\\/?page_id=4472\",\"name\":\"Tom 32 [Volume 32] Geografia turyzmu, red. Andrzej Kowalczyk, 2003 - Prace i Studia Geograficzne | Studies in Geography\",\"isPartOf\":{\"@id\":\"https:\\\/\\\/pisg.wgsr.uw.edu.pl\\\/#website\"},\"datePublished\":\"2025-10-21T14:25:04+00:00\",\"dateModified\":\"2025-10-21T14:49:51+00:00\",\"breadcrumb\":{\"@id\":\"https:\\\/\\\/pisg.wgsr.uw.edu.pl\\\/?page_id=4472#breadcrumb\"},\"inLanguage\":\"pl-PL\",\"potentialAction\":[{\"@type\":\"ReadAction\",\"target\":[\"https:\\\/\\\/pisg.wgsr.uw.edu.pl\\\/?page_id=4472\"]}]},{\"@type\":\"BreadcrumbList\",\"@id\":\"https:\\\/\\\/pisg.wgsr.uw.edu.pl\\\/?page_id=4472#breadcrumb\",\"itemListElement\":[{\"@type\":\"ListItem\",\"position\":1,\"name\":\"Strona g\u0142\u00f3wna\",\"item\":\"https:\\\/\\\/pisg.wgsr.uw.edu.pl\\\/\"},{\"@type\":\"ListItem\",\"position\":2,\"name\":\"Tomy\",\"item\":\"https:\\\/\\\/pisg.wgsr.uw.edu.pl\\\/?page_id=97\"},{\"@type\":\"ListItem\",\"position\":3,\"name\":\"Tom 32 [Volume 32] Geografia turyzmu, red. Andrzej Kowalczyk, 2003\"}]},{\"@type\":\"WebSite\",\"@id\":\"https:\\\/\\\/pisg.wgsr.uw.edu.pl\\\/#website\",\"url\":\"https:\\\/\\\/pisg.wgsr.uw.edu.pl\\\/\",\"name\":\"Prace i Studia Geograficzne | Studies in Geography\",\"description\":\"Prace i Studia Geograficzne s\u0105 recenzowanym czasopismem wydawanym przez Wydzia\u0142 Geografii i Studi\u00f3w Regionalnych Uniwersytetu Warszawskiego\",\"potentialAction\":[{\"@type\":\"SearchAction\",\"target\":{\"@type\":\"EntryPoint\",\"urlTemplate\":\"https:\\\/\\\/pisg.wgsr.uw.edu.pl\\\/?s={search_term_string}\"},\"query-input\":{\"@type\":\"PropertyValueSpecification\",\"valueRequired\":true,\"valueName\":\"search_term_string\"}}],\"inLanguage\":\"pl-PL\"}]}<\/script>\n<!-- \/ Yoast SEO plugin. -->","yoast_head_json":{"title":"Tom 32 [Volume 32] Geografia turyzmu, red. Andrzej Kowalczyk, 2003 - Prace i Studia Geograficzne | Studies in Geography","robots":{"index":"index","follow":"follow","max-snippet":"max-snippet:-1","max-image-preview":"max-image-preview:large","max-video-preview":"max-video-preview:-1"},"canonical":"https:\/\/pisg.wgsr.uw.edu.pl\/?page_id=4472","og_locale":"pl_PL","og_type":"article","og_title":"Tom 32 [Volume 32] Geografia turyzmu, red. Andrzej Kowalczyk, 2003 - Prace i Studia Geograficzne | Studies in Geography","og_description":"Andrzej KOWALCZYK\u00a0Wprowadzenie. Introduction. Joanna MA\u0141EK\u00a0Turystyka kulturowa jako czynnik rozwoju lokalnego. Cultural tourism as a factor of local development. Maria SKOCZEK\u00a0Turystyka wiejska jako czynnik ochrony dziedzictwa kulturowego w Hiszpanii i Portugalii. Rural tourism as a factor of cultural heritage protection in Spain and Portugal. Bogumi\u0142a LISOCKA-JAEGERMANN\u00a0Turystyka etniczna w Ameryce \u0141aci\u0144skiej. Przegl\u0105d problematyki badawczej. Ethnic tourism in [&hellip;]","og_url":"https:\/\/pisg.wgsr.uw.edu.pl\/?page_id=4472","og_site_name":"Prace i Studia Geograficzne | Studies in Geography","article_modified_time":"2025-10-21T14:49:51+00:00","twitter_card":"summary_large_image","twitter_misc":{"Szacowany czas czytania":"2 minuty"},"schema":{"@context":"https:\/\/schema.org","@graph":[{"@type":"WebPage","@id":"https:\/\/pisg.wgsr.uw.edu.pl\/?page_id=4472","url":"https:\/\/pisg.wgsr.uw.edu.pl\/?page_id=4472","name":"Tom 32 [Volume 32] Geografia turyzmu, red. Andrzej Kowalczyk, 2003 - Prace i Studia Geograficzne | Studies in Geography","isPartOf":{"@id":"https:\/\/pisg.wgsr.uw.edu.pl\/#website"},"datePublished":"2025-10-21T14:25:04+00:00","dateModified":"2025-10-21T14:49:51+00:00","breadcrumb":{"@id":"https:\/\/pisg.wgsr.uw.edu.pl\/?page_id=4472#breadcrumb"},"inLanguage":"pl-PL","potentialAction":[{"@type":"ReadAction","target":["https:\/\/pisg.wgsr.uw.edu.pl\/?page_id=4472"]}]},{"@type":"BreadcrumbList","@id":"https:\/\/pisg.wgsr.uw.edu.pl\/?page_id=4472#breadcrumb","itemListElement":[{"@type":"ListItem","position":1,"name":"Strona g\u0142\u00f3wna","item":"https:\/\/pisg.wgsr.uw.edu.pl\/"},{"@type":"ListItem","position":2,"name":"Tomy","item":"https:\/\/pisg.wgsr.uw.edu.pl\/?page_id=97"},{"@type":"ListItem","position":3,"name":"Tom 32 [Volume 32] Geografia turyzmu, red. Andrzej Kowalczyk, 2003"}]},{"@type":"WebSite","@id":"https:\/\/pisg.wgsr.uw.edu.pl\/#website","url":"https:\/\/pisg.wgsr.uw.edu.pl\/","name":"Prace i Studia Geograficzne | Studies in Geography","description":"Prace i Studia Geograficzne s\u0105 recenzowanym czasopismem wydawanym przez Wydzia\u0142 Geografii i Studi\u00f3w Regionalnych Uniwersytetu Warszawskiego","potentialAction":[{"@type":"SearchAction","target":{"@type":"EntryPoint","urlTemplate":"https:\/\/pisg.wgsr.uw.edu.pl\/?s={search_term_string}"},"query-input":{"@type":"PropertyValueSpecification","valueRequired":true,"valueName":"search_term_string"}}],"inLanguage":"pl-PL"}]}},"_links":{"self":[{"href":"https:\/\/pisg.wgsr.uw.edu.pl\/index.php?rest_route=\/wp\/v2\/pages\/4472","targetHints":{"allow":["GET"]}}],"collection":[{"href":"https:\/\/pisg.wgsr.uw.edu.pl\/index.php?rest_route=\/wp\/v2\/pages"}],"about":[{"href":"https:\/\/pisg.wgsr.uw.edu.pl\/index.php?rest_route=\/wp\/v2\/types\/page"}],"author":[{"embeddable":true,"href":"https:\/\/pisg.wgsr.uw.edu.pl\/index.php?rest_route=\/wp\/v2\/users\/1"}],"replies":[{"embeddable":true,"href":"https:\/\/pisg.wgsr.uw.edu.pl\/index.php?rest_route=%2Fwp%2Fv2%2Fcomments&post=4472"}],"version-history":[{"count":6,"href":"https:\/\/pisg.wgsr.uw.edu.pl\/index.php?rest_route=\/wp\/v2\/pages\/4472\/revisions"}],"predecessor-version":[{"id":4478,"href":"https:\/\/pisg.wgsr.uw.edu.pl\/index.php?rest_route=\/wp\/v2\/pages\/4472\/revisions\/4478"}],"up":[{"embeddable":true,"href":"https:\/\/pisg.wgsr.uw.edu.pl\/index.php?rest_route=\/wp\/v2\/pages\/97"}],"wp:attachment":[{"href":"https:\/\/pisg.wgsr.uw.edu.pl\/index.php?rest_route=%2Fwp%2Fv2%2Fmedia&parent=4472"}],"curies":[{"name":"wp","href":"https:\/\/api.w.org\/{rel}","templated":true}]}}