{"id":4484,"date":"2025-10-21T14:55:37","date_gmt":"2025-10-21T14:55:37","guid":{"rendered":"https:\/\/pisg.wgsr.uw.edu.pl\/?page_id=4484"},"modified":"2025-10-21T14:55:37","modified_gmt":"2025-10-21T14:55:37","slug":"tom-30-volume-30-25-lecie-wydzialu-geografii-i-studiow-regionalnych-red-andrzej-lisowski-maria-skoczek-2002","status":"publish","type":"page","link":"https:\/\/pisg.wgsr.uw.edu.pl\/?page_id=4484","title":{"rendered":"Tom 30 [Volume 30]  25 lecie Wydzia\u0142u Geografii i Studi\u00f3w Regionalnych, red. Andrzej Lisowski, Maria Skoczek, 2002"},"content":{"rendered":"<p style=\"text-align: justify;\"><span style=\"color: #000000;\">Przedmowa \/ Forwards\u00a0<\/span><\/p>\n<p style=\"text-align: justify;\"><span style=\"color: #000000;\"><strong>Maria Skoczek\u00a0<\/strong>\u2014 Wydzia\u0142 Geografii i Studi\u00f3w Regionalnych Uniwersytetu Warszawskiego w latach 1977-2002 \/ Faculty of Geography and Regional Studies, Warsaw University 1977-2002<\/span><\/p>\n<p style=\"text-align: justify;\"><span style=\"color: #000000;\"><strong>Andrzej Richling<\/strong>\u00a0\u2014 Naturalne i antropogeniczne zmiany \u015brodowiska przyrodniczego \/ Natural and human-made changes of natural emdronment<\/span><\/p>\n<p style=\"text-align: justify;\"><span style=\"color: #000000;\"><strong>M<\/strong><strong>iros<\/strong><strong>\u0142aw Grochowski, Maksymilian Skotnicki<\/strong>\u00a0\u2014 Przeobra\u017cenia przestrzenne struktur spo\u0142eczno-gospodarczych w Polsce i innych krajach Europy \/\u00a0 Spatial transformations of socio-economic structures in Poland and other European countries\u00a0<\/span><\/p>\n<p style=\"text-align: justify;\"><span style=\"color: #000000;\"><strong>El\u017cbieta Pucbnarewicz\u00a0<\/strong>\u2014 Przemiany \u015brodowiskowe i spo\u0142eczno-gospodarcze w krajach Azji, Afryki i Ameryki \u0141aci\u0144skiej \/ Environmental and socio-economic changes in the countries of Asia, Africa and Latin America.<\/span><\/p>\n<p style=\"text-align: justify;\"><span style=\"color: #000000;\"><strong>Jacek Pas\u0142awski\u00a0<\/strong>\u2014 Metody prezentacji danych w kartografii tematycznej \/\u00a0 Methods of the data presentation in thematic cartography<\/span><\/p>\n<p style=\"text-align: justify;\"><span style=\"color: #000000;\"><strong>Jan R, Ol\u0119dzki\u00a0<\/strong>\u2014 Te\u0142edetekcyjne badania proces\u00f3w globalnych i zmian \u015brodowiska \/ Remote sensing research of global processes and environmental changes<\/span><\/p>\n<p style=\"text-align: justify;\"><span style=\"color: #000000;\"><strong>Piotr Werner, Wojciech Pokojski \u2014<\/strong>\u00a0Zastosowania technik komputerowych w badaniach geograficznych \/ Application of computer tech&#8217;niques in geographical research<\/span><\/p>\n<p style=\"text-align: justify;\"><span style=\"color: #000000;\"><strong>Danuta Dobak<\/strong>\u00a0\u2014 Zmiany \u015brodowiska przyrodniczego w strefie oddzia\u0142ywania o\u015brodka miejsko-przemys\u0142owego \/\u00a0 Changes of natural environment in the sphere of impact of urhan-industrial center\u00a0<\/span><\/p>\n<p style=\"text-align: justify;\"><span style=\"color: #000000;\"><strong>Andrzej Lisowski<\/strong>\u00a0\u2014 Wsp\u00f3\u0142praca Wydzia\u0142u Geografii i Studi\u00f3w Regionalnych z zagranic\u0105 \/ Co-operation of the Faculty of Geography and Regional Studies with foreign partners\u00a0<\/span><\/p>\n<p style=\"text-align: justify;\"><span style=\"color: #000000;\"><strong>Stefan Katuski\u00a0<\/strong>\u2014 Dzia\u0142alno\u015b\u0107 Ko\u0142a Naukowego Student\u00f3w Geografii\u00a0\/ Activity of the Scientific Club of Geography Students.<\/span><\/p>\n<p style=\"text-align: justify;\"><span style=\"color: #000000;\">Twenty five years of the Faculty of Geography and Regional Studies, Warsaw University (1977-2002) \u2014 Summary<\/span><\/p>\n<p style=\"text-align: justify;\"><span style=\"color: #000000;\"><strong>DOKUMENTACJA &#8211; ZA\u0142\u0104CZNIKI Documentation &#8211; Appendices<\/strong><\/span><\/p>\n<ol>\n<li style=\"text-align: justify;\"><span style=\"color: #000000;\">Pracownicy Wydzia\u0142u Geografii i Studi\u00f3w Regionalnych UW Stan na 1.10.1977.\u00a0 Faculty stafF at Ist October 1977. Pracownicy Wydzia\u0142u Geografii i Studi\u00f3w Regionalnych UW Stan na 1.10.2002. Faculty staff at Ist October 2002-10-20 . Pracownicy Wydzia\u0142u Geografii i Studi\u00f3w Regionalnych UW zmarli w latach 1977-2002. The deceased staffmembers of the Faculty in the years 1977-2002 .<\/span><\/li>\n<li style=\"text-align: justify;\"><span style=\"color: #000000;\">Przewody habilitacyjne przeprowadzone przez Rad\u0119 Wydzia\u0142u w latach\u00a0 1977-2002.\u00a0 Habilitation (D.Sc.) dissertations defended before the Council of the Faculty in the years 1977-2002 .<\/span><\/li>\n<li style=\"text-align: justify;\"><span style=\"color: #000000;\">Przewody doktorskie przeprowadzone przez Rad\u0119 Wydzia\u0142u w latach 1977-2002. Doctoral (Ph.D.) dissertations defended before the Councif of the Faculty in the years 1977-2002.<\/span><\/li>\n<li style=\"text-align: justify;\"><span style=\"color: #000000;\">Wyr\u00f3\u017cnione prace magisterskie w latach 1977-2002. Awarded master thesis in the years 1977-2002.<\/span><\/li>\n<li style=\"text-align: justify;\"><span style=\"color: #000000;\">Komitety Redakcyjne wydawnictw seryjnych WGSR w latach 1977-2002 . Editoriai Committees of periodical publications of the Faculty in the years 1977-2002 .<\/span><\/li>\n<li style=\"text-align: justify;\"><span style=\"color: #000000;\">Wykaz tytu\u0142\u00f3w profilowanych wydawnictw seryjnych opublikowanych w latach 1977-2002. List of the titles of periodical publications in the years 1977-2002.<\/span><\/li>\n<li style=\"text-align: justify;\"><span style=\"color: #000000;\">Wykaz wydawnictw zwartych opublikowanych w latach 1977-2002. List of the books published by the Faculty in the years 1977-2002.<\/span><\/li>\n<\/ol>\n","protected":false},"excerpt":{"rendered":"<p>Przedmowa \/ Forwards\u00a0 Maria Skoczek\u00a0\u2014 Wydzia\u0142 Geografii i Studi\u00f3w Regionalnych Uniwersytetu Warszawskiego w latach 1977-2002 \/ Faculty of Geography and Regional Studies, Warsaw University 1977-2002 Andrzej Richling\u00a0\u2014 Naturalne i antropogeniczne zmiany \u015brodowiska przyrodniczego \/ Natural and human-made changes of natural emdronment Miros\u0142aw Grochowski, Maksymilian Skotnicki\u00a0\u2014 Przeobra\u017cenia przestrzenne struktur spo\u0142eczno-gospodarczych w Polsce i innych krajach Europy [&hellip;]<\/p>\n","protected":false},"author":1,"featured_media":0,"parent":97,"menu_order":0,"comment_status":"closed","ping_status":"closed","template":"","meta":{"_monsterinsights_skip_tracking":false,"_monsterinsights_sitenote_active":false,"_monsterinsights_sitenote_note":"","_monsterinsights_sitenote_category":0,"footnotes":""},"class_list":["post-4484","page","type-page","status-publish","hentry","post"],"yoast_head":"<!-- This site is optimized with the Yoast SEO plugin v27.5 - https:\/\/yoast.com\/product\/yoast-seo-wordpress\/ -->\n<title>Tom 30 [Volume 30] 25 lecie Wydzia\u0142u Geografii i Studi\u00f3w Regionalnych, red. Andrzej Lisowski, Maria Skoczek, 2002 - Prace i Studia Geograficzne | Studies in Geography<\/title>\n<meta name=\"robots\" content=\"index, follow, max-snippet:-1, max-image-preview:large, max-video-preview:-1\" \/>\n<link rel=\"canonical\" href=\"https:\/\/pisg.wgsr.uw.edu.pl\/?page_id=4484\" \/>\n<meta property=\"og:locale\" content=\"pl_PL\" \/>\n<meta property=\"og:type\" content=\"article\" \/>\n<meta property=\"og:title\" content=\"Tom 30 [Volume 30] 25 lecie Wydzia\u0142u Geografii i Studi\u00f3w Regionalnych, red. Andrzej Lisowski, Maria Skoczek, 2002 - Prace i Studia Geograficzne | Studies in Geography\" \/>\n<meta property=\"og:description\" content=\"Przedmowa \/ Forwards\u00a0 Maria Skoczek\u00a0\u2014 Wydzia\u0142 Geografii i Studi\u00f3w Regionalnych Uniwersytetu Warszawskiego w latach 1977-2002 \/ Faculty of Geography and Regional Studies, Warsaw University 1977-2002 Andrzej Richling\u00a0\u2014 Naturalne i antropogeniczne zmiany \u015brodowiska przyrodniczego \/ Natural and human-made changes of natural emdronment Miros\u0142aw Grochowski, Maksymilian Skotnicki\u00a0\u2014 Przeobra\u017cenia przestrzenne struktur spo\u0142eczno-gospodarczych w Polsce i innych krajach Europy [&hellip;]\" \/>\n<meta property=\"og:url\" content=\"https:\/\/pisg.wgsr.uw.edu.pl\/?page_id=4484\" \/>\n<meta property=\"og:site_name\" content=\"Prace i Studia Geograficzne | Studies in Geography\" \/>\n<meta name=\"twitter:card\" content=\"summary_large_image\" \/>\n<meta name=\"twitter:label1\" content=\"Szacowany czas czytania\" \/>\n\t<meta name=\"twitter:data1\" content=\"3 minuty\" \/>\n<script type=\"application\/ld+json\" class=\"yoast-schema-graph\">{\"@context\":\"https:\\\/\\\/schema.org\",\"@graph\":[{\"@type\":\"WebPage\",\"@id\":\"https:\\\/\\\/pisg.wgsr.uw.edu.pl\\\/?page_id=4484\",\"url\":\"https:\\\/\\\/pisg.wgsr.uw.edu.pl\\\/?page_id=4484\",\"name\":\"Tom 30 [Volume 30] 25 lecie Wydzia\u0142u Geografii i Studi\u00f3w Regionalnych, red. Andrzej Lisowski, Maria Skoczek, 2002 - Prace i Studia Geograficzne | Studies in Geography\",\"isPartOf\":{\"@id\":\"https:\\\/\\\/pisg.wgsr.uw.edu.pl\\\/#website\"},\"datePublished\":\"2025-10-21T14:55:37+00:00\",\"breadcrumb\":{\"@id\":\"https:\\\/\\\/pisg.wgsr.uw.edu.pl\\\/?page_id=4484#breadcrumb\"},\"inLanguage\":\"pl-PL\",\"potentialAction\":[{\"@type\":\"ReadAction\",\"target\":[\"https:\\\/\\\/pisg.wgsr.uw.edu.pl\\\/?page_id=4484\"]}]},{\"@type\":\"BreadcrumbList\",\"@id\":\"https:\\\/\\\/pisg.wgsr.uw.edu.pl\\\/?page_id=4484#breadcrumb\",\"itemListElement\":[{\"@type\":\"ListItem\",\"position\":1,\"name\":\"Strona g\u0142\u00f3wna\",\"item\":\"https:\\\/\\\/pisg.wgsr.uw.edu.pl\\\/\"},{\"@type\":\"ListItem\",\"position\":2,\"name\":\"Tomy\",\"item\":\"https:\\\/\\\/pisg.wgsr.uw.edu.pl\\\/?page_id=97\"},{\"@type\":\"ListItem\",\"position\":3,\"name\":\"Tom 30 [Volume 30] 25 lecie Wydzia\u0142u Geografii i Studi\u00f3w Regionalnych, red. Andrzej Lisowski, Maria Skoczek, 2002\"}]},{\"@type\":\"WebSite\",\"@id\":\"https:\\\/\\\/pisg.wgsr.uw.edu.pl\\\/#website\",\"url\":\"https:\\\/\\\/pisg.wgsr.uw.edu.pl\\\/\",\"name\":\"Prace i Studia Geograficzne | Studies in Geography\",\"description\":\"Prace i Studia Geograficzne s\u0105 recenzowanym czasopismem wydawanym przez Wydzia\u0142 Geografii i Studi\u00f3w Regionalnych Uniwersytetu Warszawskiego\",\"potentialAction\":[{\"@type\":\"SearchAction\",\"target\":{\"@type\":\"EntryPoint\",\"urlTemplate\":\"https:\\\/\\\/pisg.wgsr.uw.edu.pl\\\/?s={search_term_string}\"},\"query-input\":{\"@type\":\"PropertyValueSpecification\",\"valueRequired\":true,\"valueName\":\"search_term_string\"}}],\"inLanguage\":\"pl-PL\"}]}<\/script>\n<!-- \/ Yoast SEO plugin. -->","yoast_head_json":{"title":"Tom 30 [Volume 30] 25 lecie Wydzia\u0142u Geografii i Studi\u00f3w Regionalnych, red. Andrzej Lisowski, Maria Skoczek, 2002 - Prace i Studia Geograficzne | Studies in Geography","robots":{"index":"index","follow":"follow","max-snippet":"max-snippet:-1","max-image-preview":"max-image-preview:large","max-video-preview":"max-video-preview:-1"},"canonical":"https:\/\/pisg.wgsr.uw.edu.pl\/?page_id=4484","og_locale":"pl_PL","og_type":"article","og_title":"Tom 30 [Volume 30] 25 lecie Wydzia\u0142u Geografii i Studi\u00f3w Regionalnych, red. Andrzej Lisowski, Maria Skoczek, 2002 - Prace i Studia Geograficzne | Studies in Geography","og_description":"Przedmowa \/ Forwards\u00a0 Maria Skoczek\u00a0\u2014 Wydzia\u0142 Geografii i Studi\u00f3w Regionalnych Uniwersytetu Warszawskiego w latach 1977-2002 \/ Faculty of Geography and Regional Studies, Warsaw University 1977-2002 Andrzej Richling\u00a0\u2014 Naturalne i antropogeniczne zmiany \u015brodowiska przyrodniczego \/ Natural and human-made changes of natural emdronment Miros\u0142aw Grochowski, Maksymilian Skotnicki\u00a0\u2014 Przeobra\u017cenia przestrzenne struktur spo\u0142eczno-gospodarczych w Polsce i innych krajach Europy [&hellip;]","og_url":"https:\/\/pisg.wgsr.uw.edu.pl\/?page_id=4484","og_site_name":"Prace i Studia Geograficzne | Studies in Geography","twitter_card":"summary_large_image","twitter_misc":{"Szacowany czas czytania":"3 minuty"},"schema":{"@context":"https:\/\/schema.org","@graph":[{"@type":"WebPage","@id":"https:\/\/pisg.wgsr.uw.edu.pl\/?page_id=4484","url":"https:\/\/pisg.wgsr.uw.edu.pl\/?page_id=4484","name":"Tom 30 [Volume 30] 25 lecie Wydzia\u0142u Geografii i Studi\u00f3w Regionalnych, red. Andrzej Lisowski, Maria Skoczek, 2002 - Prace i Studia Geograficzne | Studies in Geography","isPartOf":{"@id":"https:\/\/pisg.wgsr.uw.edu.pl\/#website"},"datePublished":"2025-10-21T14:55:37+00:00","breadcrumb":{"@id":"https:\/\/pisg.wgsr.uw.edu.pl\/?page_id=4484#breadcrumb"},"inLanguage":"pl-PL","potentialAction":[{"@type":"ReadAction","target":["https:\/\/pisg.wgsr.uw.edu.pl\/?page_id=4484"]}]},{"@type":"BreadcrumbList","@id":"https:\/\/pisg.wgsr.uw.edu.pl\/?page_id=4484#breadcrumb","itemListElement":[{"@type":"ListItem","position":1,"name":"Strona g\u0142\u00f3wna","item":"https:\/\/pisg.wgsr.uw.edu.pl\/"},{"@type":"ListItem","position":2,"name":"Tomy","item":"https:\/\/pisg.wgsr.uw.edu.pl\/?page_id=97"},{"@type":"ListItem","position":3,"name":"Tom 30 [Volume 30] 25 lecie Wydzia\u0142u Geografii i Studi\u00f3w Regionalnych, red. Andrzej Lisowski, Maria Skoczek, 2002"}]},{"@type":"WebSite","@id":"https:\/\/pisg.wgsr.uw.edu.pl\/#website","url":"https:\/\/pisg.wgsr.uw.edu.pl\/","name":"Prace i Studia Geograficzne | Studies in Geography","description":"Prace i Studia Geograficzne s\u0105 recenzowanym czasopismem wydawanym przez Wydzia\u0142 Geografii i Studi\u00f3w Regionalnych Uniwersytetu Warszawskiego","potentialAction":[{"@type":"SearchAction","target":{"@type":"EntryPoint","urlTemplate":"https:\/\/pisg.wgsr.uw.edu.pl\/?s={search_term_string}"},"query-input":{"@type":"PropertyValueSpecification","valueRequired":true,"valueName":"search_term_string"}}],"inLanguage":"pl-PL"}]}},"_links":{"self":[{"href":"https:\/\/pisg.wgsr.uw.edu.pl\/index.php?rest_route=\/wp\/v2\/pages\/4484","targetHints":{"allow":["GET"]}}],"collection":[{"href":"https:\/\/pisg.wgsr.uw.edu.pl\/index.php?rest_route=\/wp\/v2\/pages"}],"about":[{"href":"https:\/\/pisg.wgsr.uw.edu.pl\/index.php?rest_route=\/wp\/v2\/types\/page"}],"author":[{"embeddable":true,"href":"https:\/\/pisg.wgsr.uw.edu.pl\/index.php?rest_route=\/wp\/v2\/users\/1"}],"replies":[{"embeddable":true,"href":"https:\/\/pisg.wgsr.uw.edu.pl\/index.php?rest_route=%2Fwp%2Fv2%2Fcomments&post=4484"}],"version-history":[{"count":1,"href":"https:\/\/pisg.wgsr.uw.edu.pl\/index.php?rest_route=\/wp\/v2\/pages\/4484\/revisions"}],"predecessor-version":[{"id":4485,"href":"https:\/\/pisg.wgsr.uw.edu.pl\/index.php?rest_route=\/wp\/v2\/pages\/4484\/revisions\/4485"}],"up":[{"embeddable":true,"href":"https:\/\/pisg.wgsr.uw.edu.pl\/index.php?rest_route=\/wp\/v2\/pages\/97"}],"wp:attachment":[{"href":"https:\/\/pisg.wgsr.uw.edu.pl\/index.php?rest_route=%2Fwp%2Fv2%2Fmedia&parent=4484"}],"curies":[{"name":"wp","href":"https:\/\/api.w.org\/{rel}","templated":true}]}}