{"id":4487,"date":"2025-10-21T15:00:01","date_gmt":"2025-10-21T15:00:01","guid":{"rendered":"https:\/\/pisg.wgsr.uw.edu.pl\/?page_id=4487"},"modified":"2025-10-21T15:14:03","modified_gmt":"2025-10-21T15:14:03","slug":"tom-29-volume-29-postep-badan-zmian-klimatu-i-ich-znaczenie-dla-zycia-i-gospodarczej-dzialalnosci-czlowieka-red-jerzy-boryczka-urszula-kossowska-cezak-2001","status":"publish","type":"page","link":"https:\/\/pisg.wgsr.uw.edu.pl\/?page_id=4487","title":{"rendered":"Tom 29 [Volume 29] Post\u0119p bada\u0144 zmian klimatu i ich znaczenie dla \u017cycia i gospodarczej dzia\u0142alno\u015bci cz\u0142owieka, red. Jerzy Boryczka, Urszula Kossowska-Cezak, 2001"},"content":{"rendered":"<p style=\"text-align: justify;\"><span style=\"color: #000000;\"><span class=\"fontstyle0\"><strong>Maria Stopa-Boryczka<\/strong>\u00a0\u2013\u00a0<\/span><span class=\"fontstyle2\"><a href=\"https:\/\/pisg.wgsr.uw.edu.pl\/wp-content\/uploads\/pisg\/T.29\/Przedmowa-do-formatu.pdf\">Przedmowa<\/a><br \/>\n<\/span><\/span><\/p>\n<p style=\"text-align: justify;\"><strong><span style=\"color: #000000;\"><a href=\"https:\/\/pisg.wgsr.uw.edu.pl\/wp-content\/uploads\/pisg\/T.29\/Laurki1.pdf\">\u017byczenia Jubileuszowe<\/a><\/span><\/strong><\/p>\n<p style=\"text-align: justify;\"><span style=\"color: #000000;\"><span class=\"fontstyle0\"><strong>Maria Stopa-Boryczka, Jerzy Boryczka<\/strong>\u00a0\u2013<\/span><span class=\"fontstyle2\"><a href=\"https:\/\/pisg.wgsr.uw.edu.pl\/wp-content\/uploads\/pisg\/T.29\/Szefowa-do-formatu.pdf\">\u00a050 lat dzia\u0142alno\u015bci naukowej i dydaktycznej Zak\u0142adu Klimatologii Uniwersytetu Warszawskiego (1951-2001). The 50 years of research and teaching activity of the Department of Climatology at the Warsaw University (1951-2001).<\/a><\/span><\/span><\/p>\n<p style=\"text-align: justify;\"><span style=\"color: #000000;\"><strong><span class=\"fontstyle0\">Janusz Paszy\u0144ski &#8211;\u00a0<\/span><\/strong><span class=\"fontstyle0\"><a href=\"https:\/\/pisg.wgsr.uw.edu.pl\/wp-content\/uploads\/pisg\/T.29\/Paszy\u0144ski-do-formatu.pdf\">W<\/a><\/span><\/span><span class=\"fontstyle0\"><a href=\"https:\/\/pisg.wgsr.uw.edu.pl\/wp-content\/uploads\/pisg\/T.29\/Paszynski-do-formatu.pdf\">spomnienia ze studi\u00f3w klimatologii na tajnym Uniwersytecie Warszawskim . The memoirs from the study of climatology during the World War II at the clandestine Warsaw University .<\/a><\/span><span style=\"color: #000000;\"><strong><span class=\"fontstyle0\"><br \/>\n<\/span><\/strong><\/span><\/p>\n<p style=\"text-align: justify;\"><strong><span style=\"color: #000000;\"><a href=\"https:\/\/pisg.wgsr.uw.edu.pl\/wp-content\/uploads\/pisg\/T.29\/fotografie.pdf\">Fotografie<\/a><\/span><\/strong><\/p>\n<p style=\"text-align: justify;\"><span style=\"color: #000000;\"><strong><span class=\"fontstyle0\">Urszula Kossowska-Cezak\u00a0<\/span><\/strong><span class=\"fontstyle2\">\u2013<a href=\"https:\/\/pisg.wgsr.uw.edu.pl\/wp-content\/uploads\/pisg\/T.29\/UKC-do-formatu.pdf\">\u00a0Kszta\u0142cenie klimatolog\u00f3w w Uniwersytecie Warszawskim. Education of climatologists at the Warsaw University.<\/a><\/span><\/span><\/p>\n<p style=\"text-align: justify;\"><span style=\"color: #000000;\"><strong><span class=\"fontstyle0\">Jerzy Boryczka\u00a0<\/span><\/strong><span class=\"fontstyle2\">\u2013\u00a0<\/span><a href=\"https:\/\/pisg.wgsr.uw.edu.pl\/wp-content\/uploads\/pisg\/T.29\/Boryczka-po-korektach.pdf\">Klimat Ziemi: przesz\u0142o\u015b\u0107, tera\u017aniejszo\u015b\u0107, przysz\u0142o\u015b\u0107. Climate of the Earth: past, present, future.<\/a><\/span><\/p>\n<p style=\"text-align: justify;\"><span style=\"color: #000000;\"><strong><span class=\"fontstyle0\">Janina Trepi\u0144ska<\/span><\/strong>\u00a0\u2013\u00a0<a href=\"https:\/\/pisg.wgsr.uw.edu.pl\/wp-content\/uploads\/pisg\/T.29\/Trepinska-do-formatu_1.pdf\">Fluktuacje termiczne w Europie od ma\u0142ej epoki lodowej do ko\u0144ca XX wieku . The air temperature fluctuations in Europe since the Little Ice Age to the end of 20th century.<\/a><\/span><\/p>\n<p style=\"text-align: justify;\"><span style=\"color: #000000;\"><span class=\"fontstyle0\"><strong>Rajmund Przybylak, Gabriel W\u00f3jcik, Jacek Majorowicz\u00a0<\/strong>\u2013<\/span><a href=\"https:\/\/pisg.wgsr.uw.edu.pl\/wp-content\/uploads\/pisg\/T.29\/Przybylak-do-formatu.pdf\">\u00a0Zmiany temperatury powietrza i opad\u00f3w atmosferycznych w Polsce w okresie XVI-XX wieku. Changes in air temperature and atmospheric precipitation in Poland from the 16 to the 20 century.<\/a><\/span><\/p>\n<p style=\"text-align: justify;\"><span style=\"color: #000000;\"><span class=\"fontstyle0\"><strong>V.A. Nizovtcev<\/strong>\u00a0\u2013<\/span><a href=\"https:\/\/pisg.wgsr.uw.edu.pl\/wp-content\/uploads\/pisg\/T.29\/Nizovtcev-do-formatu1.pdf\">\u00a0Climate conditions of land use in middle age in Moscow region.<\/a>\u00a0<a href=\"https:\/\/pisg.wgsr.uw.edu.pl\/wp-content\/uploads\/pisg\/T.29\/Nizovtcev-do-formatu.pdf\">Klimatyczne warunki u\u017cytkowania ziemi w \u015bredniowieczu w regionie moskiewskim.<\/a><\/span><\/p>\n<p style=\"text-align: justify;\"><span style=\"color: #000000;\"><span class=\"fontstyle0\"><strong>Maria Dubicka, Jerzy L. Pyka<\/strong>\u00a0<\/span>\u2013\u00a0<a href=\"https:\/\/pisg.wgsr.uw.edu.pl\/wp-content\/uploads\/pisg\/T.29\/Dubicka_Pyka-do-formatu.pdf\">Wybrane zagadnienia klimatu Wroc\u0142awia w XX wieku . Selected problems of climate in Wroc\u0142aw during the 20th century.<\/a><br \/>\n<\/span><\/p>\n<p style=\"text-align: justify;\"><span class=\"fontstyle0\" style=\"color: #000000;\"><strong>Dorota Matuszko, Katarzyna Piotrowicz, Robert Twardosz<\/strong>\u00a0\u2013<a href=\"https:\/\/pisg.wgsr.uw.edu.pl\/wp-content\/uploads\/pisg\/T.29\/Twardosz-do-formatu.pdf\">\u00a0Zwi\u0105zki mi\u0119dzy zachmurzeniem, opadami i temperatur\u0105 powietrza w Krakowie w ostatnim stuleciu. Relations between cloudiness, precipitation and air temperature in Krakow in the last century.<\/a><\/span><\/p>\n<p style=\"text-align: justify;\"><span style=\"color: #000000;\"><strong><span class=\"fontstyle0\">Bronis\u0142aw G\u0142owicki\u00a0<\/span><\/strong><span class=\"fontstyle0\">\u2013\u00a0<\/span><a href=\"https:\/\/pisg.wgsr.uw.edu.pl\/wp-content\/uploads\/pisg\/T.29\/Glowicki-do-formatu.pdf\">Zmienno\u015b\u0107 rocznego cyklu termicznego na \u015anie\u017cce w XX wieku. The variability of yearly thermal cycle on \u015anie\u017cka Mount in XX century.<\/a><\/span><\/p>\n<p style=\"text-align: justify;\"><span style=\"color: #000000;\"><strong><span class=\"fontstyle0\">Elwira \u017bmudzka, Magdalena Dobrowolska\u00a0<\/span><\/strong><span class=\"fontstyle0\">\u2013\u00a0<\/span><a href=\"https:\/\/pisg.wgsr.uw.edu.pl\/wp-content\/uploads\/pisg\/T.29\/Zmudzka-do-formatu.pdf\">Zmienno\u015b\u0107 termicznego okresu wegetacyjnego w Polsce w drugiej po\u0142owie XX wieku. Variability of thermal vegetative period in Poland in the second half of 20th century.<\/a><\/span><\/p>\n<p style=\"text-align: justify;\"><span style=\"color: #000000;\"><strong><span class=\"fontstyle0\">Krzysztof Ko\u017cuchowski<\/span><\/strong>\u00a0<span class=\"fontstyle2\">\u2013<a href=\"https:\/\/pisg.wgsr.uw.edu.pl\/wp-content\/uploads\/pisg\/T.29\/Kozuchowski-do-formatu.pdf\">\u00a0Meteorologiczne i biometeorologiczne pory roku.w \u0141odzi w dekadach 1959-1968 i 1989-1998 . Meteorological and bio-meteorological seasons in Lodz in decades of 1959-1968 and 1989-1998.<\/a><\/span><\/span><\/p>\n<p style=\"text-align: justify;\"><span style=\"color: #000000;\"><strong><span class=\"fontstyle0\">Jerzy L. Olszewski, Grzegorz Sza\u0142ach, Grzegorz \u017barnowiecki\u00a0<\/span><\/strong><a href=\"https:\/\/pisg.wgsr.uw.edu.pl\/wp-content\/uploads\/pisg\/T.29\/JOlszewski-do-formatu.pdf\">Klimat \u015awi\u0119tego Krzy\u017ca (na podstawie p\u00f3\u0142wiekowych obserwacji) . The climate of \u015awi\u0119ty Krzy\u017c (on the base of halfcentury observations) . . . . .<\/a><\/span><\/p>\n<p style=\"text-align: justify;\"><span style=\"color: #000000;\"><span class=\"fontstyle0\"><strong>Bohdan Mucha<\/strong>\u00a0\u2013<\/span><a href=\"https:\/\/pisg.wgsr.uw.edu.pl\/wp-content\/uploads\/pisg\/T.29\/Mucha-do-formatu.pdf\">\u00a0Zmiany element\u00f3w klimatycznych w dorzeczu G\u00f3rnego Dniestru w drugiej po\u0142owie XX wieku. The changes in the parameters of climate in the upper Dnester river basin in the second half of the 20th century.<\/a><\/span><\/p>\n<p style=\"text-align: justify;\"><span style=\"color: #000000;\"><strong><span class=\"fontstyle0\">Krystyna Bry\u015b, Tadeusz Bry\u015b\u00a0<\/span><\/strong><a href=\"https:\/\/pisg.wgsr.uw.edu.pl\/wp-content\/uploads\/pisg\/T.29\/Brys-do-formatu.pdf\">Wahania nat\u0119\u017cenia ca\u0142kowitego promieniowania s\u0142onecznego w 55-letniej serii wroc\u0142awskiej (1946-2000). Fluctuations of global solar radiation in the 55-year series (1946-2000) from Wroc\u0142aw.<\/a><\/span><\/p>\n<p style=\"text-align: justify;\"><span style=\"color: #000000;\"><span class=\"fontstyle0\"><strong>Andrzej Gluza, Eugeniusz Filipiuk<\/strong>\u00a0\u2013\u00a0<\/span><a href=\"https:\/\/pisg.wgsr.uw.edu.pl\/wp-content\/uploads\/pisg\/T.29\/Gluza-do-formatu.pdf\">Zmienno\u015b\u0107 cz\u0119sto\u015bci wyst\u0119powania okres\u00f3w bezopadowych w Lublinie w drugiej po\u0142owie XX wieku. The variability of frequency of rainless days in Lublin in the second half of 20-th century.<\/a><\/span><\/p>\n<p style=\"text-align: justify;\"><span style=\"color: #000000;\"><span class=\"fontstyle0\"><strong>Katarzyna Grabowska<\/strong>\u00a0<\/span>\u2013<a href=\"https:\/\/pisg.wgsr.uw.edu.pl\/wp-content\/uploads\/pisg\/T.29\/Grabowskai-do-formatu.pdf\">\u00a0Zmienno\u015b\u0107 aktywno\u015bci burzowej w niekt\u00f3rych regionach geograficznych Polski. The changes in the stormy activity in the selected geographical regions of Poland.<\/a><\/span><\/p>\n<p style=\"text-align: justify;\"><span style=\"color: #000000;\"><strong><span class=\"fontstyle0\">Grzegorz Sza\u0142ach\u00a0<\/span><\/strong><span class=\"fontstyle2\">\u2013\u00a0<a href=\"https:\/\/pisg.wgsr.uw.edu.pl\/wp-content\/uploads\/pisg\/T.29\/Szalach-do-formatu.pdf\">Warunki wyst\u0119powania rosy w Bia\u0142owie\u017cy. The conditions of dew formation in Bia\u0142owie\u017ca.<\/a><br \/>\n<\/span><\/span><\/p>\n<p style=\"text-align: justify;\"><span style=\"color: #000000;\"><strong><span class=\"fontstyle0\">Barbara Olechnowicz-Bobrowska, Iwona Z\u0105bczyska<\/span><\/strong><span class=\"fontstyle0\">\u00a0&#8211;\u00a0<\/span><a href=\"https:\/\/pisg.wgsr.uw.edu.pl\/wp-content\/uploads\/pisg\/T.29\/Olechnowicz-do-formatu.pdf\">Zr\u00f3\u017cnicowanie topoklimatyczne uzdrowiska Muszyna . The topoclimatic differentiation of the Muszyna spa.<\/a><\/span><\/p>\n<p style=\"text-align: justify;\"><span style=\"color: #000000;\"><strong><span class=\"fontstyle0\">Micha\u0142 Marosz\u00a0<\/span><\/strong>\u2013<a href=\"https:\/\/pisg.wgsr.uw.edu.pl\/wp-content\/uploads\/pisg\/T.29\/Marosz-do-formatu.pdf\">\u00a0Zmienno\u015b\u0107 warunk\u00f3w adwekcji po\u0142udnikowej i strefowej w Europie w latach 1981-1990. The variability of the conditions of the meridional and zonal advection in Europe in 1981-1990.<\/a><\/span><\/p>\n<p style=\"text-align: justify;\"><span style=\"color: #000000;\"><span class=\"fontstyle0\"><strong>Andrzej A. Marsz<\/strong>\u00a0<\/span>&#8211;<a href=\"https:\/\/pisg.wgsr.uw.edu.pl\/wp-content\/uploads\/pisg\/T.29\/Marsz-do-formatu.pdf\">\u00a0D\u0142ugoterminowa prognoza warunk\u00f3w termicznych okresu zimowego w Polsce . Longterm prognosis of air temperature in the winter season in Poland.<\/a><\/span><\/p>\n<p style=\"text-align: justify;\"><span style=\"color: #000000;\"><strong><span class=\"fontstyle0\">Joanna Wibig\u00a0<\/span><\/strong><a href=\"https:\/\/pisg.wgsr.uw.edu.pl\/wp-content\/uploads\/pisg\/T.29\/Wibig-do-formatu.pdf\">\u00a0Wp\u0142yw cyrkulacji atmosferycznej nami\u0119dzydobowe zmiany temperatury minimalnej i maksymalnej. The influence of atmospherica circulationon day-to-day changes of minimum and maximum temperature.<\/a><\/span><\/p>\n<p style=\"text-align: justify;\"><span style=\"color: #000000;\"><strong><span class=\"fontstyle0\">Anna Styszy\u0144ska\u00a0<\/span><\/strong><span class=\"fontstyle2\">\u2013\u00a0<a href=\"https:\/\/pisg.wgsr.uw.edu.pl\/wp-content\/uploads\/pisg\/T.29\/Styszynska-do-formatu.pdf\">Oscylacja P\u00f3\u0142nocnego Atlantyku a opady na obszarze Polski . Oscillation of the North Atlantic and the precipitation in Poland.<\/a><br \/>\n<\/span><\/span><\/p>\n<p style=\"text-align: justify;\"><span style=\"color: #000000;\"><strong><span class=\"fontstyle0\">Ewa \u0141upikasza\u00a0<\/span><\/strong>\u2013\u00a0<a href=\"https:\/\/pisg.wgsr.uw.edu.pl\/wp-content\/uploads\/pisg\/T.29\/Lupikasza-do-formatu.pdf\">Zmienno\u015b\u0107 wska\u017anika nier\u00f3wnomierno\u015bci opad\u00f3w w Europie w XX wieku oraz jego zwi\u0105zki ze zmienno\u015bc\u0105 wska\u017anika NAO. Variability of the precipitation irregularity index in Europe in the XXcentury and its connection with the North Atlantic Oscillation (NAO).<\/a><br \/>\n<\/span><\/p>\n<p style=\"text-align: justify;\"><span style=\"color: #000000;\"><strong><span class=\"fontstyle0\">Ma\u0142gorzata Kirschenstein\u00a0\u00a0<\/span><\/strong><a href=\"https:\/\/pisg.wgsr.uw.edu.pl\/wp-content\/uploads\/pisg\/T.29\/Kirschenstein-do-formatu.pdf\">Charakterystyka cz\u0119sto\u015bci wyst\u0119powania wysokich dobowych sum opad\u00f3w w zale\u017cno\u015bci od typu cyrkulacji atmosferycznej na obszarze p\u00f3\u0142nocno-zachodniej Polski. Characterisation of the frequencies of appearance of the high daily precipitation sums depending upon the type of atmospheric circulation on the area of north-western Poland.<\/a><\/span><\/p>\n<p style=\"text-align: justify;\"><span style=\"color: #000000;\"><strong><span class=\"fontstyle0\">Gra\u017cyna Bil\u00a0<\/span><\/strong>\u2013\u00a0<a href=\"https:\/\/pisg.wgsr.uw.edu.pl\/wp-content\/uploads\/pisg\/T.29\/Bil-do-formatu.pdf\">Ocena zmian klimatu G\u00f3rno\u015bl\u0105skiego Okr\u0119gu Przemys\u0142owego pod wzgl\u0119dem mo\u017cliwo\u015bci rozpraszania zanieczyszcze\u0144 powietrza. Assessment of climate changeability in Upper Silesian Industrial Region in terms of possibilities of air pollution dispersion.<\/a><br \/>\n<\/span><\/p>\n<p style=\"text-align: justify;\"><span class=\"fontstyle0\" style=\"color: #000000;\"><strong>Marek Chabior\u00a0<\/strong>\u2013\u00a0<span class=\"fontstyle2\"><a href=\"https:\/\/pisg.wgsr.uw.edu.pl\/wp-content\/uploads\/pisg\/T.29\/Chabior-do-formatu.pdf\">Wp\u0142yw cyrkulacji na wyst\u0119powanie pogody bardzo korzystnej dla potrzeb turystyki i wypoczynku na polskim wybrze\u017cu Ba\u0142tyku . Effects of circulation on the occurrence of very favourable weather on the Polish Baltic coast .<\/a><\/span><\/span><\/p>\n<p style=\"text-align: justify;\"><span class=\"fontstyle0\" style=\"color: #000000;\"><strong>Dariusz Baranowski<\/strong>\u00a0\u2013\u00a0<span class=\"fontstyle2\"><a href=\"https:\/\/pisg.wgsr.uw.edu.pl\/wp-content\/uploads\/pisg\/T.29\/Baranowski-df-autoreferat.pdf\">Zr\u00f3\u017cnicowanie warunk\u00f3w atmosferycznych w Polsce w zale\u017cno\u015bci od typu cyrkulacji . The diversification of weather conditions in Poland depending on the type of atmospheric circulation .<\/a><\/span><\/span><\/p>\n<p style=\"text-align: justify;\"><span style=\"color: #000000;\"><strong><span class=\"fontstyle0\">Krzysztof Fortuniak\u00a0<\/span><\/strong><span class=\"fontstyle0\">\u2013<\/span><span class=\"fontstyle2\"><a href=\"https:\/\/pisg.wgsr.uw.edu.pl\/wp-content\/uploads\/pisg\/T.29\/Fortuniak-do-formatu.pdf\">\u00a0Wp\u0142yw w\u0142a\u015bciwo\u015bci termicznych pod\u0142o\u017ca na intensywno\u015b miejskiej wyspy ciep\u0142a\u2013 analiza modelowa nocnego wych\u0142adzania powierzchni gruntu . The influence of the thermal properties of the bedding on the intensity of the urban heat island \u2013 the model-based analysis of the nighttime cooling of the ground surface .<\/a><\/span><\/span><\/p>\n<p style=\"text-align: justify;\"><span class=\"fontstyle0\" style=\"color: #000000;\"><strong>Micha\u0142 Kowalewski<\/strong>\u00a0\u2013<span class=\"fontstyle2\"><a href=\"https:\/\/pisg.wgsr.uw.edu.pl\/wp-content\/uploads\/pisg\/T.29\/Kowalewski-do-formatu.pdf\">\u00a0Automatyczna interpolacja pola temperatury \u2013 dob\u00f3r parametr\u00f3w. Automatical interpretation of temperature \u2013 the parameters .<\/a><\/span><\/span><\/p>\n<p style=\"text-align: justify;\"><span style=\"color: #000000;\"><strong><span class=\"fontstyle0\">El<\/span><span class=\"fontstyle4\">\u017c<\/span><span class=\"fontstyle0\">bieta B\u0142a<\/span><span class=\"fontstyle4\">\u017c<\/span><span class=\"fontstyle0\">ek, Jan Skrzypczuk\u00a0<\/span><\/strong><span class=\"fontstyle2\">\u2013\u00a0<a href=\"https:\/\/pisg.wgsr.uw.edu.pl\/wp-content\/uploads\/pisg\/T.29\/Suplement-do-formatu.pdf\">Kalendarz wa\u017cniejszych wydarze\u0144 w Zak\u0142adzie Klimatologii Uniwersytetu Warszawskiego (2001-2002) \u2013 suplement<\/a><\/span><\/span><\/p>\n","protected":false},"excerpt":{"rendered":"<p>Maria Stopa-Boryczka\u00a0\u2013\u00a0Przedmowa \u017byczenia Jubileuszowe Maria Stopa-Boryczka, Jerzy Boryczka\u00a0\u2013\u00a050 lat dzia\u0142alno\u015bci naukowej i dydaktycznej Zak\u0142adu Klimatologii Uniwersytetu Warszawskiego (1951-2001). The 50 years of research and teaching activity of the Department of Climatology at the Warsaw University (1951-2001). Janusz Paszy\u0144ski &#8211;\u00a0Wspomnienia ze studi\u00f3w klimatologii na tajnym Uniwersytecie Warszawskim . The memoirs from the study of climatology during [&hellip;]<\/p>\n","protected":false},"author":1,"featured_media":0,"parent":97,"menu_order":0,"comment_status":"closed","ping_status":"closed","template":"","meta":{"_monsterinsights_skip_tracking":false,"_monsterinsights_sitenote_active":false,"_monsterinsights_sitenote_note":"","_monsterinsights_sitenote_category":0,"footnotes":""},"class_list":["post-4487","page","type-page","status-publish","hentry","post"],"yoast_head":"<!-- This site is optimized with the Yoast SEO plugin v27.5 - https:\/\/yoast.com\/product\/yoast-seo-wordpress\/ -->\n<title>Tom 29 [Volume 29] Post\u0119p bada\u0144 zmian klimatu i ich znaczenie dla \u017cycia i gospodarczej dzia\u0142alno\u015bci cz\u0142owieka, red. Jerzy Boryczka, Urszula Kossowska-Cezak, 2001 - Prace i Studia Geograficzne | Studies in Geography<\/title>\n<meta name=\"robots\" content=\"index, follow, max-snippet:-1, max-image-preview:large, max-video-preview:-1\" \/>\n<link rel=\"canonical\" href=\"https:\/\/pisg.wgsr.uw.edu.pl\/?page_id=4487\" \/>\n<meta property=\"og:locale\" content=\"pl_PL\" \/>\n<meta property=\"og:type\" content=\"article\" \/>\n<meta property=\"og:title\" content=\"Tom 29 [Volume 29] Post\u0119p bada\u0144 zmian klimatu i ich znaczenie dla \u017cycia i gospodarczej dzia\u0142alno\u015bci cz\u0142owieka, red. Jerzy Boryczka, Urszula Kossowska-Cezak, 2001 - Prace i Studia Geograficzne | Studies in Geography\" \/>\n<meta property=\"og:description\" content=\"Maria Stopa-Boryczka\u00a0\u2013\u00a0Przedmowa \u017byczenia Jubileuszowe Maria Stopa-Boryczka, Jerzy Boryczka\u00a0\u2013\u00a050 lat dzia\u0142alno\u015bci naukowej i dydaktycznej Zak\u0142adu Klimatologii Uniwersytetu Warszawskiego (1951-2001). The 50 years of research and teaching activity of the Department of Climatology at the Warsaw University (1951-2001). Janusz Paszy\u0144ski &#8211;\u00a0Wspomnienia ze studi\u00f3w klimatologii na tajnym Uniwersytecie Warszawskim . The memoirs from the study of climatology during [&hellip;]\" \/>\n<meta property=\"og:url\" content=\"https:\/\/pisg.wgsr.uw.edu.pl\/?page_id=4487\" \/>\n<meta property=\"og:site_name\" content=\"Prace i Studia Geograficzne | Studies in Geography\" \/>\n<meta property=\"article:modified_time\" content=\"2025-10-21T15:14:03+00:00\" \/>\n<meta name=\"twitter:card\" content=\"summary_large_image\" \/>\n<meta name=\"twitter:label1\" content=\"Szacowany czas czytania\" \/>\n\t<meta name=\"twitter:data1\" content=\"5 minut\" \/>\n<script type=\"application\/ld+json\" class=\"yoast-schema-graph\">{\"@context\":\"https:\\\/\\\/schema.org\",\"@graph\":[{\"@type\":\"WebPage\",\"@id\":\"https:\\\/\\\/pisg.wgsr.uw.edu.pl\\\/?page_id=4487\",\"url\":\"https:\\\/\\\/pisg.wgsr.uw.edu.pl\\\/?page_id=4487\",\"name\":\"Tom 29 [Volume 29] Post\u0119p bada\u0144 zmian klimatu i ich znaczenie dla \u017cycia i gospodarczej dzia\u0142alno\u015bci cz\u0142owieka, red. Jerzy Boryczka, Urszula Kossowska-Cezak, 2001 - Prace i Studia Geograficzne | Studies in Geography\",\"isPartOf\":{\"@id\":\"https:\\\/\\\/pisg.wgsr.uw.edu.pl\\\/#website\"},\"datePublished\":\"2025-10-21T15:00:01+00:00\",\"dateModified\":\"2025-10-21T15:14:03+00:00\",\"breadcrumb\":{\"@id\":\"https:\\\/\\\/pisg.wgsr.uw.edu.pl\\\/?page_id=4487#breadcrumb\"},\"inLanguage\":\"pl-PL\",\"potentialAction\":[{\"@type\":\"ReadAction\",\"target\":[\"https:\\\/\\\/pisg.wgsr.uw.edu.pl\\\/?page_id=4487\"]}]},{\"@type\":\"BreadcrumbList\",\"@id\":\"https:\\\/\\\/pisg.wgsr.uw.edu.pl\\\/?page_id=4487#breadcrumb\",\"itemListElement\":[{\"@type\":\"ListItem\",\"position\":1,\"name\":\"Strona g\u0142\u00f3wna\",\"item\":\"https:\\\/\\\/pisg.wgsr.uw.edu.pl\\\/\"},{\"@type\":\"ListItem\",\"position\":2,\"name\":\"Tomy\",\"item\":\"https:\\\/\\\/pisg.wgsr.uw.edu.pl\\\/?page_id=97\"},{\"@type\":\"ListItem\",\"position\":3,\"name\":\"Tom 29 [Volume 29] Post\u0119p bada\u0144 zmian klimatu i ich znaczenie dla \u017cycia i gospodarczej dzia\u0142alno\u015bci cz\u0142owieka, red. Jerzy Boryczka, Urszula Kossowska-Cezak, 2001\"}]},{\"@type\":\"WebSite\",\"@id\":\"https:\\\/\\\/pisg.wgsr.uw.edu.pl\\\/#website\",\"url\":\"https:\\\/\\\/pisg.wgsr.uw.edu.pl\\\/\",\"name\":\"Prace i Studia Geograficzne | Studies in Geography\",\"description\":\"Prace i Studia Geograficzne s\u0105 recenzowanym czasopismem wydawanym przez Wydzia\u0142 Geografii i Studi\u00f3w Regionalnych Uniwersytetu Warszawskiego\",\"potentialAction\":[{\"@type\":\"SearchAction\",\"target\":{\"@type\":\"EntryPoint\",\"urlTemplate\":\"https:\\\/\\\/pisg.wgsr.uw.edu.pl\\\/?s={search_term_string}\"},\"query-input\":{\"@type\":\"PropertyValueSpecification\",\"valueRequired\":true,\"valueName\":\"search_term_string\"}}],\"inLanguage\":\"pl-PL\"}]}<\/script>\n<!-- \/ Yoast SEO plugin. -->","yoast_head_json":{"title":"Tom 29 [Volume 29] Post\u0119p bada\u0144 zmian klimatu i ich znaczenie dla \u017cycia i gospodarczej dzia\u0142alno\u015bci cz\u0142owieka, red. Jerzy Boryczka, Urszula Kossowska-Cezak, 2001 - Prace i Studia Geograficzne | Studies in Geography","robots":{"index":"index","follow":"follow","max-snippet":"max-snippet:-1","max-image-preview":"max-image-preview:large","max-video-preview":"max-video-preview:-1"},"canonical":"https:\/\/pisg.wgsr.uw.edu.pl\/?page_id=4487","og_locale":"pl_PL","og_type":"article","og_title":"Tom 29 [Volume 29] Post\u0119p bada\u0144 zmian klimatu i ich znaczenie dla \u017cycia i gospodarczej dzia\u0142alno\u015bci cz\u0142owieka, red. Jerzy Boryczka, Urszula Kossowska-Cezak, 2001 - Prace i Studia Geograficzne | Studies in Geography","og_description":"Maria Stopa-Boryczka\u00a0\u2013\u00a0Przedmowa \u017byczenia Jubileuszowe Maria Stopa-Boryczka, Jerzy Boryczka\u00a0\u2013\u00a050 lat dzia\u0142alno\u015bci naukowej i dydaktycznej Zak\u0142adu Klimatologii Uniwersytetu Warszawskiego (1951-2001). The 50 years of research and teaching activity of the Department of Climatology at the Warsaw University (1951-2001). Janusz Paszy\u0144ski &#8211;\u00a0Wspomnienia ze studi\u00f3w klimatologii na tajnym Uniwersytecie Warszawskim . The memoirs from the study of climatology during [&hellip;]","og_url":"https:\/\/pisg.wgsr.uw.edu.pl\/?page_id=4487","og_site_name":"Prace i Studia Geograficzne | Studies in Geography","article_modified_time":"2025-10-21T15:14:03+00:00","twitter_card":"summary_large_image","twitter_misc":{"Szacowany czas czytania":"5 minut"},"schema":{"@context":"https:\/\/schema.org","@graph":[{"@type":"WebPage","@id":"https:\/\/pisg.wgsr.uw.edu.pl\/?page_id=4487","url":"https:\/\/pisg.wgsr.uw.edu.pl\/?page_id=4487","name":"Tom 29 [Volume 29] Post\u0119p bada\u0144 zmian klimatu i ich znaczenie dla \u017cycia i gospodarczej dzia\u0142alno\u015bci cz\u0142owieka, red. Jerzy Boryczka, Urszula Kossowska-Cezak, 2001 - Prace i Studia Geograficzne | Studies in Geography","isPartOf":{"@id":"https:\/\/pisg.wgsr.uw.edu.pl\/#website"},"datePublished":"2025-10-21T15:00:01+00:00","dateModified":"2025-10-21T15:14:03+00:00","breadcrumb":{"@id":"https:\/\/pisg.wgsr.uw.edu.pl\/?page_id=4487#breadcrumb"},"inLanguage":"pl-PL","potentialAction":[{"@type":"ReadAction","target":["https:\/\/pisg.wgsr.uw.edu.pl\/?page_id=4487"]}]},{"@type":"BreadcrumbList","@id":"https:\/\/pisg.wgsr.uw.edu.pl\/?page_id=4487#breadcrumb","itemListElement":[{"@type":"ListItem","position":1,"name":"Strona g\u0142\u00f3wna","item":"https:\/\/pisg.wgsr.uw.edu.pl\/"},{"@type":"ListItem","position":2,"name":"Tomy","item":"https:\/\/pisg.wgsr.uw.edu.pl\/?page_id=97"},{"@type":"ListItem","position":3,"name":"Tom 29 [Volume 29] Post\u0119p bada\u0144 zmian klimatu i ich znaczenie dla \u017cycia i gospodarczej dzia\u0142alno\u015bci cz\u0142owieka, red. Jerzy Boryczka, Urszula Kossowska-Cezak, 2001"}]},{"@type":"WebSite","@id":"https:\/\/pisg.wgsr.uw.edu.pl\/#website","url":"https:\/\/pisg.wgsr.uw.edu.pl\/","name":"Prace i Studia Geograficzne | Studies in Geography","description":"Prace i Studia Geograficzne s\u0105 recenzowanym czasopismem wydawanym przez Wydzia\u0142 Geografii i Studi\u00f3w Regionalnych Uniwersytetu Warszawskiego","potentialAction":[{"@type":"SearchAction","target":{"@type":"EntryPoint","urlTemplate":"https:\/\/pisg.wgsr.uw.edu.pl\/?s={search_term_string}"},"query-input":{"@type":"PropertyValueSpecification","valueRequired":true,"valueName":"search_term_string"}}],"inLanguage":"pl-PL"}]}},"_links":{"self":[{"href":"https:\/\/pisg.wgsr.uw.edu.pl\/index.php?rest_route=\/wp\/v2\/pages\/4487","targetHints":{"allow":["GET"]}}],"collection":[{"href":"https:\/\/pisg.wgsr.uw.edu.pl\/index.php?rest_route=\/wp\/v2\/pages"}],"about":[{"href":"https:\/\/pisg.wgsr.uw.edu.pl\/index.php?rest_route=\/wp\/v2\/types\/page"}],"author":[{"embeddable":true,"href":"https:\/\/pisg.wgsr.uw.edu.pl\/index.php?rest_route=\/wp\/v2\/users\/1"}],"replies":[{"embeddable":true,"href":"https:\/\/pisg.wgsr.uw.edu.pl\/index.php?rest_route=%2Fwp%2Fv2%2Fcomments&post=4487"}],"version-history":[{"count":4,"href":"https:\/\/pisg.wgsr.uw.edu.pl\/index.php?rest_route=\/wp\/v2\/pages\/4487\/revisions"}],"predecessor-version":[{"id":4492,"href":"https:\/\/pisg.wgsr.uw.edu.pl\/index.php?rest_route=\/wp\/v2\/pages\/4487\/revisions\/4492"}],"up":[{"embeddable":true,"href":"https:\/\/pisg.wgsr.uw.edu.pl\/index.php?rest_route=\/wp\/v2\/pages\/97"}],"wp:attachment":[{"href":"https:\/\/pisg.wgsr.uw.edu.pl\/index.php?rest_route=%2Fwp%2Fv2%2Fmedia&parent=4487"}],"curies":[{"name":"wp","href":"https:\/\/api.w.org\/{rel}","templated":true}]}}