{"id":4527,"date":"2025-10-28T11:20:36","date_gmt":"2025-10-28T11:20:36","guid":{"rendered":"https:\/\/pisg.wgsr.uw.edu.pl\/?page_id=4527"},"modified":"2025-10-28T12:31:52","modified_gmt":"2025-10-28T12:31:52","slug":"tom-28-volume-28-postep-badan-zmian-klimatu-i-ich-znaczenie-dla-zycia-i-gospodarczej-dzialalnosci-czlowieka-red-jerzy-boryczka-urszula-kossowska-cezak-2001","status":"publish","type":"page","link":"https:\/\/pisg.wgsr.uw.edu.pl\/?page_id=4527","title":{"rendered":"Tom 28 [Volume 28]  50 lat dzia\u0142alno\u015bci naukowej i dydaktycznej Zak\u0142adu Klimatologii Wydzia\u0142u Geografii i Studi\u00f3w Regionalnych Uniwersytetu Warszawskiego (1951 \u2013 2000), red. Maria Stopa-Boryczka, Jerzy Boryczka, 2001"},"content":{"rendered":"<p>Maria Stopa-Boryczka\u00a0\u2013<a href=\"https:\/\/pisg.wgsr.uw.edu.pl\/wp-content\/uploads\/pisg\/T.28\/Przedmowa_PiSG28.pdf\">Przedmowa.<\/a><a href=\"https:\/\/pisg.wgsr.uw.edu.pl\/wp-content\/uploads\/pisg\/T.28\/Przedmowa_PiSG28.pdf\"> Preface<\/a>.<\/p>\n<p>Urszula Kossowska-Cezak\u00a0\u2013\u00a0<a href=\"https:\/\/pisg.wgsr.uw.edu.pl\/wp-content\/uploads\/pisg\/T.28\/R.1-Urszula-Kossowska-Cezak_PiSG28.pdf\">Zak\u0142ad Klimatologii Uniwersytetu Warszawskiego (1951-2000) . The Department of Climatology of the Warsaw University (1951- 2000).<\/a><\/p>\n<p><a href=\"https:\/\/pisg.wgsr.uw.edu.pl\/wp-content\/uploads\/pisg\/T.28\/R.2-Zofia-Kaczorowska_PiSG28.pdf\">Kierownicy Katedry Klimatologii Instytutu Geograficznego Uniwersytetu Warszawskiego (1951-1974). The heads of the chair of Climatology of the Institute of Geography at the Warsaw University in the years 1951-1974 .<\/a><\/p>\n<p>Maria Stopa-Boryczka\u00a0\u2013\u00a0<a href=\"https:\/\/pisg.wgsr.uw.edu.pl\/wp-content\/uploads\/pisg\/T.28\/R.3-Maria-Stopa-Boryczka_PiSG28.pdf\">Jubileusz prof. Wincentego Oko\u0142owicza. The work and achievements of Professor Wincenty Oko\u0142owicz.<\/a><\/p>\n<p>Maria Stopa-Boryczka\u00a0\u2013\u00a0<a href=\"https:\/\/pisg.wgsr.uw.edu.pl\/wp-content\/uploads\/pisg\/T.28\/R.4-Maria-Stopa-Boryczka_PiSG28.pdf\">Dzia\u0142alno\u015b\u0107 naukowa i dydaktyczna doc. dr Zofii Kaczorowskiej. The research and teaching activities of Professor Zofia Kaczorowska.<\/a><\/p>\n<p><a href=\"https:\/\/pisg.wgsr.uw.edu.pl\/wp-content\/uploads\/pisg\/T.28\/R.5_PiSG28.pdf\">Dzia\u0142alno\u015b\u0107 naukowa i dydaktyczna oraz organizacyjna pracownik\u00f3w Zak\u0142adu Klimatologii Wydzia\u0142u Geografii i Studi\u00f3w Regionalnych UW (1956-2001). The research, teaching and organizational activity of the employs of the Department of Climatology of the Faculty of Geography and Re gional Studies (1956-2001).<\/a><\/p>\n<p>Maria Stopa-Boryczka\u00a0\u2013<a href=\"https:\/\/pisg.wgsr.uw.edu.pl\/wp-content\/uploads\/pisg\/T.28\/R.6-Maria-Stopa-Boryczka_PiSG28.pdf\">\u00a0Kierunki i wa\u017cniejsze wyniki bada\u0144 naturalnych i antropogenicznych zmian klimatu Polski . Directions and more important results of research on natural and anthropogenic changes of climate in Poland .<\/a><\/p>\n<p>Jerzy Boryczka\u00a0\u2013\u00a0<a href=\"https:\/\/pisg.wgsr.uw.edu.pl\/wp-content\/uploads\/pisg\/T.28\/R.7-Jerzy-Boryczka_PiSG28.pdf\">Post\u0119p bada\u0144 przyczyn zmian klimatu Ziemi w drugiej po\u0142owie XX wieku. The advance in the study of causes of climate change in the second half of the 20th century.<\/a><\/p>\n<p>Danuta Martyn\u00a0\u2013\u00a0<a href=\"https:\/\/pisg.wgsr.uw.edu.pl\/wp-content\/uploads\/pisg\/T.28\/R.8-Danuta-Martyn_PiSG28.pdf\">Wybrane wyniki bada\u0144 klimatu Polski ze szczeg\u00f3lnym uwzgl\u0119dnieniem Warszawy. Selected results of the investigations on climate of Poland, with special regard to Warsaw .<\/a><\/p>\n<p>Urszula Kossowska-Cezak, Jolanta Wawer\u00a0\u2013\u00a0<a href=\"https:\/\/pisg.wgsr.uw.edu.pl\/wp-content\/uploads\/pisg\/T.28\/R.9-Urszula-Kossowska-Cezak-Jolanta-Wawer_PiSG28.pdf\">Wk\u0142ad Zak\u0142adu Klimatologii w badania klimatu Warszawy . The contribution of the Department of Climatology to the study of climate.<\/a><\/p>\n<p>Bo\u017cena Kici\u0144ska, Krzysztof Olszewski, Elwira \u017bmudzka\u00a0\u2013<a href=\"https:\/\/pisg.wgsr.uw.edu.pl\/wp-content\/uploads\/pisg\/T.28\/R.10-Bozena-Kicinska-Krzysztof-Olszewski-Elwira-Zmudzka_PiSG28.pdf\">Badania topoklimatyczne Zak\u0142adu Klimatologii . The topo-climatic research of the Department of Climatology.<\/a><\/p>\n<p>Maria Stopa-Boryczka, Jerzy Boryczka\u00a0\u2013\u00a0<a href=\"https:\/\/pisg.wgsr.uw.edu.pl\/wp-content\/uploads\/pisg\/T.28\/R.11-Maria-Stopa-Boryczka-Jerzy-Boryczka_PiSG28.pdf\">Klimat Polski w pracach Andrzeja Ewerta \u2013 pierwszego doktora seminarium doktoranckiego Zak\u0142adu Klimatologii. The climate of Poland in the works of Andrzej Ewert \u2013 the first doctor from the Doctoral Studies at the Department of Climatology .<\/a><\/p>\n<p><a href=\"https:\/\/pisg.wgsr.uw.edu.pl\/wp-content\/uploads\/pisg\/T.28\/R.12-Andrzej-Gorka_PiSG28.pdf\">NIEPUBLIKOWANE AUTOREFERATY PRAC DOKTORSKICH WYKONANYCH W ZAK\u0141ADZIE KLIMATOLOGII<\/a><\/p>\n<p>Elwira \u017bmudzka\u00a0\u2013\u00a0<a href=\"https:\/\/pisg.wgsr.uw.edu.pl\/wp-content\/uploads\/pisg\/T.28\/R.13_PiSG28.pdf\">Cykliczne zmiany temperatury powietrza w Polsce. The cyclical changes of air temperature in Poland.<\/a><\/p>\n<p>Bo\u017cena Kici\u0144ska\u00a0\u2013\u00a0<a href=\"https:\/\/pisg.wgsr.uw.edu.pl\/wp-content\/uploads\/pisg\/T.28\/R.14-Bozena-Kicinska_PiSG28.pdf\">Wp\u0142yw cyrkulacji atmosferycznej na st\u0119\u017cenie dwutlenku siarki w powietrzu w Polsce . The impact of the atmospheric circulation on the concentration of sulphur dioxide in air in Poland.<\/a><\/p>\n<p>Magdalena Kuchcik\u00a0\u2013\u00a0<a href=\"https:\/\/pisg.wgsr.uw.edu.pl\/wp-content\/uploads\/pisg\/T.28\/R.15-Magdalena-Kuchcik_PiSG28.pdf\">Wp\u0142yw warunk\u00f3w aerosanitarnych i biometeorologicznych na zgony mieszka\u0144c\u00f3w Warszawy. The influence of the aerosanitary and biometeorological conditions on the mortality of the inhabitants of Warsaw .<\/a><\/p>\n<p>Maria Kopacz-Lembowicz\u00a0\u2013\u00a0<a href=\"https:\/\/pisg.wgsr.uw.edu.pl\/wp-content\/uploads\/pisg\/T.28\/R.16_PiSG28.pdf\">Aplikacyjny charakter opracowa\u0144 Zak\u0142adu Klimatologii. The applied character of the elaborates of the Department of Climatology .<\/a><\/p>\n<p>Danuta Martyn\u00a0\u2013\u00a0<a href=\"https:\/\/pisg.wgsr.uw.edu.pl\/wp-content\/uploads\/pisg\/T.28\/R.17_PiSG28.pdf\">WYKAZ ROZPRAW HABILITACYJNYCH I DOKTORSKICH, POZYCJI KSI\u0104\u017bKOWYCH, PRAC SERYJNYCH I ZLECONYCH WYKONANYCH W ZAK\u0141ADZIE KLIMATOLOGII W LATACH 1962-2000<\/a><\/p>\n<p>Maria Stopa-Boryczka\u00a0\u2013\u00a0<a href=\"https:\/\/pisg.wgsr.uw.edu.pl\/wp-content\/uploads\/pisg\/T.28\/R.18_PiSG28.pdf\">Udzia\u0142 student\u00f3w w badaniach naukowych Zak\u0142adu Klimatologii. The contribution of students to the research done at the Department of Climatology .<\/a><\/p>\n<p>El\u017cbieta B\u0142a\u017cek, Jan Skrzypczuk\u00a0\u2013\u00a0<a href=\"https:\/\/pisg.wgsr.uw.edu.pl\/wp-content\/uploads\/pisg\/T.28\/R.-19_PiSG28.pdf\">Wykaz prac magisterskich wykonanych w Zak\u0142adzie Klimatologii w latach 1952-2001 . The list of the master\u2019s theses elaborated at the Department of Climatology in the years 1952-2001 .<\/a><\/p>\n<p><a href=\"https:\/\/pisg.wgsr.uw.edu.pl\/wp-content\/uploads\/pisg\/T.28\/R.20_PiSG28.pdf\">Wspomnienia absolwent\u00f3w z r\u00f3\u017cnych lat studi\u00f3w . The memoirs of student\u2019s from the earliest period of activity .<\/a><\/p>\n<p><a href=\"https:\/\/pisg.wgsr.uw.edu.pl\/wp-content\/uploads\/pisg\/T.28\/R.21_PiSG28.pdf\">WSPOMNIENIA ABSOLWENT\u00d3W PIERWSZEGO ROCZNIKA SPECJALIZACJI KLIMATOLOGICZNEJ<\/a><\/p>\n<p>Urszula Kossowska-Cezak\u00a0\u2013\u00a0<a href=\"https:\/\/pisg.wgsr.uw.edu.pl\/wp-content\/uploads\/pisg\/T.28\/R.22_PiSG28.pdf\">WSPOMNIENIA SPECJALIZANTKI Z LAT 1959-1961<\/a><\/p>\n<p>El\u017cbieta Tch\u00f3rzewska-Kupczyk \u2013\u00a0<a href=\"https:\/\/pisg.wgsr.uw.edu.pl\/wp-content\/uploads\/pisg\/T.28\/R.23_PiSG28.pdf\">WSPOMNIENIA;<\/a><\/p>\n<p>Urszula Kossowska-Cezak\u00a0\u2013\u00a0SPECJALIZACJA Z KLIMATOLOGII DZI\u015a<\/p>\n<p>Maria Stopa-Boryczka, Jerzy Boryczka\u00a0\u2013<a href=\"https:\/\/pisg.wgsr.uw.edu.pl\/wp-content\/uploads\/pisg\/T.28\/R.24_PiSG28.pdf\">\u00a0Kalendarz wa\u017cniejszych wydarze\u0144 w Zak\u0142adzie Klimatologii Uniwersytetu Warszawskiego (1951-2000) . The milestones of history of the Department of Climatology of the Warsaw University (1951-2000) .<\/a><\/p>\n<p><a href=\"https:\/\/pisg.wgsr.uw.edu.pl\/wp-content\/uploads\/pisg\/T.28\/Zako\u0144czenie_PiSG28.pdf\">Zako\u0144czenie . Conclusion .<\/a><\/p>\n","protected":false},"excerpt":{"rendered":"<p>Maria Stopa-Boryczka\u00a0\u2013Przedmowa. Preface. Urszula Kossowska-Cezak\u00a0\u2013\u00a0Zak\u0142ad Klimatologii Uniwersytetu Warszawskiego (1951-2000) . The Department of Climatology of the Warsaw University (1951- 2000). Kierownicy Katedry Klimatologii Instytutu Geograficznego Uniwersytetu Warszawskiego (1951-1974). The heads of the chair of Climatology of the Institute of Geography at the Warsaw University in the years 1951-1974 . Maria Stopa-Boryczka\u00a0\u2013\u00a0Jubileusz prof. Wincentego Oko\u0142owicza. The [&hellip;]<\/p>\n","protected":false},"author":1,"featured_media":0,"parent":97,"menu_order":0,"comment_status":"closed","ping_status":"closed","template":"","meta":{"_monsterinsights_skip_tracking":false,"_monsterinsights_sitenote_active":false,"_monsterinsights_sitenote_note":"","_monsterinsights_sitenote_category":0,"footnotes":""},"class_list":["post-4527","page","type-page","status-publish","hentry","post"],"yoast_head":"<!-- This site is optimized with the Yoast SEO plugin v27.5 - https:\/\/yoast.com\/product\/yoast-seo-wordpress\/ -->\n<title>Tom 28 [Volume 28] 50 lat dzia\u0142alno\u015bci naukowej i dydaktycznej Zak\u0142adu Klimatologii Wydzia\u0142u Geografii i Studi\u00f3w Regionalnych Uniwersytetu Warszawskiego (1951 \u2013 2000), red. Maria Stopa-Boryczka, Jerzy Boryczka, 2001 - Prace i Studia Geograficzne | Studies in Geography<\/title>\n<meta name=\"robots\" content=\"index, follow, max-snippet:-1, max-image-preview:large, max-video-preview:-1\" \/>\n<link rel=\"canonical\" href=\"https:\/\/pisg.wgsr.uw.edu.pl\/?page_id=4527\" \/>\n<meta property=\"og:locale\" content=\"pl_PL\" \/>\n<meta property=\"og:type\" content=\"article\" \/>\n<meta property=\"og:title\" content=\"Tom 28 [Volume 28] 50 lat dzia\u0142alno\u015bci naukowej i dydaktycznej Zak\u0142adu Klimatologii Wydzia\u0142u Geografii i Studi\u00f3w Regionalnych Uniwersytetu Warszawskiego (1951 \u2013 2000), red. Maria Stopa-Boryczka, Jerzy Boryczka, 2001 - Prace i Studia Geograficzne | Studies in Geography\" \/>\n<meta property=\"og:description\" content=\"Maria Stopa-Boryczka\u00a0\u2013Przedmowa. Preface. Urszula Kossowska-Cezak\u00a0\u2013\u00a0Zak\u0142ad Klimatologii Uniwersytetu Warszawskiego (1951-2000) . The Department of Climatology of the Warsaw University (1951- 2000). Kierownicy Katedry Klimatologii Instytutu Geograficznego Uniwersytetu Warszawskiego (1951-1974). The heads of the chair of Climatology of the Institute of Geography at the Warsaw University in the years 1951-1974 . Maria Stopa-Boryczka\u00a0\u2013\u00a0Jubileusz prof. Wincentego Oko\u0142owicza. The [&hellip;]\" \/>\n<meta property=\"og:url\" content=\"https:\/\/pisg.wgsr.uw.edu.pl\/?page_id=4527\" \/>\n<meta property=\"og:site_name\" content=\"Prace i Studia Geograficzne | Studies in Geography\" \/>\n<meta property=\"article:modified_time\" content=\"2025-10-28T12:31:52+00:00\" \/>\n<meta name=\"twitter:card\" content=\"summary_large_image\" \/>\n<meta name=\"twitter:label1\" content=\"Szacowany czas czytania\" \/>\n\t<meta name=\"twitter:data1\" content=\"4 minuty\" \/>\n<script type=\"application\/ld+json\" class=\"yoast-schema-graph\">{\"@context\":\"https:\\\/\\\/schema.org\",\"@graph\":[{\"@type\":\"WebPage\",\"@id\":\"https:\\\/\\\/pisg.wgsr.uw.edu.pl\\\/?page_id=4527\",\"url\":\"https:\\\/\\\/pisg.wgsr.uw.edu.pl\\\/?page_id=4527\",\"name\":\"Tom 28 [Volume 28] 50 lat dzia\u0142alno\u015bci naukowej i dydaktycznej Zak\u0142adu Klimatologii Wydzia\u0142u Geografii i Studi\u00f3w Regionalnych Uniwersytetu Warszawskiego (1951 \u2013 2000), red. Maria Stopa-Boryczka, Jerzy Boryczka, 2001 - Prace i Studia Geograficzne | Studies in Geography\",\"isPartOf\":{\"@id\":\"https:\\\/\\\/pisg.wgsr.uw.edu.pl\\\/#website\"},\"datePublished\":\"2025-10-28T11:20:36+00:00\",\"dateModified\":\"2025-10-28T12:31:52+00:00\",\"breadcrumb\":{\"@id\":\"https:\\\/\\\/pisg.wgsr.uw.edu.pl\\\/?page_id=4527#breadcrumb\"},\"inLanguage\":\"pl-PL\",\"potentialAction\":[{\"@type\":\"ReadAction\",\"target\":[\"https:\\\/\\\/pisg.wgsr.uw.edu.pl\\\/?page_id=4527\"]}]},{\"@type\":\"BreadcrumbList\",\"@id\":\"https:\\\/\\\/pisg.wgsr.uw.edu.pl\\\/?page_id=4527#breadcrumb\",\"itemListElement\":[{\"@type\":\"ListItem\",\"position\":1,\"name\":\"Strona g\u0142\u00f3wna\",\"item\":\"https:\\\/\\\/pisg.wgsr.uw.edu.pl\\\/\"},{\"@type\":\"ListItem\",\"position\":2,\"name\":\"Tomy\",\"item\":\"https:\\\/\\\/pisg.wgsr.uw.edu.pl\\\/?page_id=97\"},{\"@type\":\"ListItem\",\"position\":3,\"name\":\"Tom 28 [Volume 28] 50 lat dzia\u0142alno\u015bci naukowej i dydaktycznej Zak\u0142adu Klimatologii Wydzia\u0142u Geografii i Studi\u00f3w Regionalnych Uniwersytetu Warszawskiego (1951 \u2013 2000), red. Maria Stopa-Boryczka, Jerzy Boryczka, 2001\"}]},{\"@type\":\"WebSite\",\"@id\":\"https:\\\/\\\/pisg.wgsr.uw.edu.pl\\\/#website\",\"url\":\"https:\\\/\\\/pisg.wgsr.uw.edu.pl\\\/\",\"name\":\"Prace i Studia Geograficzne | Studies in Geography\",\"description\":\"Prace i Studia Geograficzne s\u0105 recenzowanym czasopismem wydawanym przez Wydzia\u0142 Geografii i Studi\u00f3w Regionalnych Uniwersytetu Warszawskiego\",\"potentialAction\":[{\"@type\":\"SearchAction\",\"target\":{\"@type\":\"EntryPoint\",\"urlTemplate\":\"https:\\\/\\\/pisg.wgsr.uw.edu.pl\\\/?s={search_term_string}\"},\"query-input\":{\"@type\":\"PropertyValueSpecification\",\"valueRequired\":true,\"valueName\":\"search_term_string\"}}],\"inLanguage\":\"pl-PL\"}]}<\/script>\n<!-- \/ Yoast SEO plugin. -->","yoast_head_json":{"title":"Tom 28 [Volume 28] 50 lat dzia\u0142alno\u015bci naukowej i dydaktycznej Zak\u0142adu Klimatologii Wydzia\u0142u Geografii i Studi\u00f3w Regionalnych Uniwersytetu Warszawskiego (1951 \u2013 2000), red. Maria Stopa-Boryczka, Jerzy Boryczka, 2001 - Prace i Studia Geograficzne | Studies in Geography","robots":{"index":"index","follow":"follow","max-snippet":"max-snippet:-1","max-image-preview":"max-image-preview:large","max-video-preview":"max-video-preview:-1"},"canonical":"https:\/\/pisg.wgsr.uw.edu.pl\/?page_id=4527","og_locale":"pl_PL","og_type":"article","og_title":"Tom 28 [Volume 28] 50 lat dzia\u0142alno\u015bci naukowej i dydaktycznej Zak\u0142adu Klimatologii Wydzia\u0142u Geografii i Studi\u00f3w Regionalnych Uniwersytetu Warszawskiego (1951 \u2013 2000), red. Maria Stopa-Boryczka, Jerzy Boryczka, 2001 - Prace i Studia Geograficzne | Studies in Geography","og_description":"Maria Stopa-Boryczka\u00a0\u2013Przedmowa. Preface. Urszula Kossowska-Cezak\u00a0\u2013\u00a0Zak\u0142ad Klimatologii Uniwersytetu Warszawskiego (1951-2000) . The Department of Climatology of the Warsaw University (1951- 2000). Kierownicy Katedry Klimatologii Instytutu Geograficznego Uniwersytetu Warszawskiego (1951-1974). The heads of the chair of Climatology of the Institute of Geography at the Warsaw University in the years 1951-1974 . Maria Stopa-Boryczka\u00a0\u2013\u00a0Jubileusz prof. Wincentego Oko\u0142owicza. The [&hellip;]","og_url":"https:\/\/pisg.wgsr.uw.edu.pl\/?page_id=4527","og_site_name":"Prace i Studia Geograficzne | Studies in Geography","article_modified_time":"2025-10-28T12:31:52+00:00","twitter_card":"summary_large_image","twitter_misc":{"Szacowany czas czytania":"4 minuty"},"schema":{"@context":"https:\/\/schema.org","@graph":[{"@type":"WebPage","@id":"https:\/\/pisg.wgsr.uw.edu.pl\/?page_id=4527","url":"https:\/\/pisg.wgsr.uw.edu.pl\/?page_id=4527","name":"Tom 28 [Volume 28] 50 lat dzia\u0142alno\u015bci naukowej i dydaktycznej Zak\u0142adu Klimatologii Wydzia\u0142u Geografii i Studi\u00f3w Regionalnych Uniwersytetu Warszawskiego (1951 \u2013 2000), red. Maria Stopa-Boryczka, Jerzy Boryczka, 2001 - Prace i Studia Geograficzne | Studies in Geography","isPartOf":{"@id":"https:\/\/pisg.wgsr.uw.edu.pl\/#website"},"datePublished":"2025-10-28T11:20:36+00:00","dateModified":"2025-10-28T12:31:52+00:00","breadcrumb":{"@id":"https:\/\/pisg.wgsr.uw.edu.pl\/?page_id=4527#breadcrumb"},"inLanguage":"pl-PL","potentialAction":[{"@type":"ReadAction","target":["https:\/\/pisg.wgsr.uw.edu.pl\/?page_id=4527"]}]},{"@type":"BreadcrumbList","@id":"https:\/\/pisg.wgsr.uw.edu.pl\/?page_id=4527#breadcrumb","itemListElement":[{"@type":"ListItem","position":1,"name":"Strona g\u0142\u00f3wna","item":"https:\/\/pisg.wgsr.uw.edu.pl\/"},{"@type":"ListItem","position":2,"name":"Tomy","item":"https:\/\/pisg.wgsr.uw.edu.pl\/?page_id=97"},{"@type":"ListItem","position":3,"name":"Tom 28 [Volume 28] 50 lat dzia\u0142alno\u015bci naukowej i dydaktycznej Zak\u0142adu Klimatologii Wydzia\u0142u Geografii i Studi\u00f3w Regionalnych Uniwersytetu Warszawskiego (1951 \u2013 2000), red. Maria Stopa-Boryczka, Jerzy Boryczka, 2001"}]},{"@type":"WebSite","@id":"https:\/\/pisg.wgsr.uw.edu.pl\/#website","url":"https:\/\/pisg.wgsr.uw.edu.pl\/","name":"Prace i Studia Geograficzne | Studies in Geography","description":"Prace i Studia Geograficzne s\u0105 recenzowanym czasopismem wydawanym przez Wydzia\u0142 Geografii i Studi\u00f3w Regionalnych Uniwersytetu Warszawskiego","potentialAction":[{"@type":"SearchAction","target":{"@type":"EntryPoint","urlTemplate":"https:\/\/pisg.wgsr.uw.edu.pl\/?s={search_term_string}"},"query-input":{"@type":"PropertyValueSpecification","valueRequired":true,"valueName":"search_term_string"}}],"inLanguage":"pl-PL"}]}},"_links":{"self":[{"href":"https:\/\/pisg.wgsr.uw.edu.pl\/index.php?rest_route=\/wp\/v2\/pages\/4527","targetHints":{"allow":["GET"]}}],"collection":[{"href":"https:\/\/pisg.wgsr.uw.edu.pl\/index.php?rest_route=\/wp\/v2\/pages"}],"about":[{"href":"https:\/\/pisg.wgsr.uw.edu.pl\/index.php?rest_route=\/wp\/v2\/types\/page"}],"author":[{"embeddable":true,"href":"https:\/\/pisg.wgsr.uw.edu.pl\/index.php?rest_route=\/wp\/v2\/users\/1"}],"replies":[{"embeddable":true,"href":"https:\/\/pisg.wgsr.uw.edu.pl\/index.php?rest_route=%2Fwp%2Fv2%2Fcomments&post=4527"}],"version-history":[{"count":10,"href":"https:\/\/pisg.wgsr.uw.edu.pl\/index.php?rest_route=\/wp\/v2\/pages\/4527\/revisions"}],"predecessor-version":[{"id":4538,"href":"https:\/\/pisg.wgsr.uw.edu.pl\/index.php?rest_route=\/wp\/v2\/pages\/4527\/revisions\/4538"}],"up":[{"embeddable":true,"href":"https:\/\/pisg.wgsr.uw.edu.pl\/index.php?rest_route=\/wp\/v2\/pages\/97"}],"wp:attachment":[{"href":"https:\/\/pisg.wgsr.uw.edu.pl\/index.php?rest_route=%2Fwp%2Fv2%2Fmedia&parent=4527"}],"curies":[{"name":"wp","href":"https:\/\/api.w.org\/{rel}","templated":true}]}}