{"id":4540,"date":"2025-10-28T12:52:04","date_gmt":"2025-10-28T12:52:04","guid":{"rendered":"https:\/\/pisg.wgsr.uw.edu.pl\/?page_id=4540"},"modified":"2025-10-28T12:52:04","modified_gmt":"2025-10-28T12:52:04","slug":"tom-27-volume-27-studia-geograficzne-ponidzia-pinczowskiego-red-maria-stopa-boryczka-miroslaw-bogacki-2000","status":"publish","type":"page","link":"https:\/\/pisg.wgsr.uw.edu.pl\/?page_id=4540","title":{"rendered":"Tom 27 [Volume 27]  Studia geograficzne Ponidzia Pi\u0144czowskiego, red. Maria Stopa-Boryczka, Miros\u0142aw Bogacki, 2000"},"content":{"rendered":"<p><strong>Andrzej RICHLING<\/strong>\u00a0Przedmowa<\/p>\n<p><strong>Irena TSERMEGAS, Piotr SZWARCZEWSKI, Barbara WORONKO, Krzysztof RECIELSKI, El\u017cbieta ROJAN<\/strong>\u00a0Ewolucja i dynamika rzexby okolic Pi\u0144czowa. Evolution and dynamics of relief in the region of Pi\u0144cz\u00f3w<\/p>\n<p><strong>Barbara NOWICKA, Dariusz WORONKO<\/strong>\u00a0Struktura odp\u0142ywu w zlewni r\u00f3\u017cnicowej Nidy. The runoff structure in the Nida differential river basin<\/p>\n<p><strong>Urszula SOMOROWSKA<\/strong>\u00a0Wp\u0142yw zasilania podziemnego na odp\u0142yw rzeczny Nidy w profilu Pi\u0144cz\u00f3w. The impact of the groundwater outflow on the runoff of the Nida River at Pi\u0144cz\u00f3w<\/p>\n<p><strong>Bogumi\u0142 WICIK<\/strong>\u00a0Cechy chemiczne w\u00f3d gruntowych Ponidzia. Chemical properties of groundwater in the Pi\u0144cz\u00f3w region<\/p>\n<p><strong>Bogumi\u0142 WICIK<\/strong>\u00a0Krajobrazy gipsowe Ponidzia Pi\u0144czowskiego. Gypsum landscapes of the Pi\u0144cz\u00f3w Nida Valley<\/p>\n<p><strong>Elwira \u017bMUDZKA, Bo\u017cena KICI\u0143SKA, Krzysztof OLSZEWSK<\/strong>I Wp\u0142yw rze\u017aby i pokrycia terenu na zr\u00f3\u017anicowanie klimatu lokalnego okolic Pi\u0144czowa. Impact of relief and land cover on the differences in the local climate of the Pi\u0144cz\u00f3w region<\/p>\n<p><strong>Katarzyna OSTASZEWSKA, Tomasz GRABOWSKI, Andrzej HARASIMIUK, Wojciech LEWANDOWSKI<\/strong>\u00a0Typologia krajobrazu naturalnego okolic Pi\u0144czowa. Typology of the natural landscape in the Pi\u0144cz\u00f3w region<\/p>\n<p><strong>Sylwia KULCZYK<\/strong>\u00a0Granice geokompleks\u00f3w w r\u00f3znych typach krajorazu w okolicach Pi\u0144czowa. Boundaries of the geocomplexes in different types of landscape in the region of Pi\u0144cz\u00f3w<\/p>\n<p><strong>Marion POTSCHIN, Christian WAFFENSCHMIDT, Fabienne WEISSER<\/strong>\u00a0Landscape evaluation in Southern poland using the \u201eBALVL\u201d<\/p>\n<p><strong>Przemys\u0142aw \u015aLESZY\u0143SKI<\/strong>\u00a0Ocena atrakcyjno\u015bci wizualnej krajobrazu okolic Pi\u0144czowa. An evaluation of visual attractiveness of landscape in the area of Pi\u0144cz\u00f3w<\/p>\n<p><strong>Alicja KRZYMOWSKA-KOSTROWICKA<\/strong>\u00a0Ocena przydatno\u015bci funkcjonalnej \u015brodowiska przyrodniczego okolic Pi\u0144czowa dla potrzeb turystyki i rekreacji. Assessment of the functional usefulness of the natural environment in the region of Pi\u0144cz\u00f3w for the needs of recreation and tourism<\/p>\n<p><strong>Ma\u0142gorzata DURYDIWKA, Miros\u0142aw GROCHOWSKI, Stanis\u0142aw OSI\u0143SKI<\/strong>\u00a0Wybrane aspekty przekszta\u0142ce\u0144 strukturalnych we wsiach Ponidzia. Selected aspects of structural transformations in the villages of the Nida Valley<\/p>\n","protected":false},"excerpt":{"rendered":"<p>Andrzej RICHLING\u00a0Przedmowa Irena TSERMEGAS, Piotr SZWARCZEWSKI, Barbara WORONKO, Krzysztof RECIELSKI, El\u017cbieta ROJAN\u00a0Ewolucja i dynamika rzexby okolic Pi\u0144czowa. Evolution and dynamics of relief in the region of Pi\u0144cz\u00f3w Barbara NOWICKA, Dariusz WORONKO\u00a0Struktura odp\u0142ywu w zlewni r\u00f3\u017cnicowej Nidy. The runoff structure in the Nida differential river basin Urszula SOMOROWSKA\u00a0Wp\u0142yw zasilania podziemnego na odp\u0142yw rzeczny Nidy w profilu [&hellip;]<\/p>\n","protected":false},"author":1,"featured_media":0,"parent":97,"menu_order":0,"comment_status":"closed","ping_status":"closed","template":"","meta":{"_monsterinsights_skip_tracking":false,"_monsterinsights_sitenote_active":false,"_monsterinsights_sitenote_note":"","_monsterinsights_sitenote_category":0,"footnotes":""},"class_list":["post-4540","page","type-page","status-publish","hentry","post"],"yoast_head":"<!-- This site is optimized with the Yoast SEO plugin v27.5 - https:\/\/yoast.com\/product\/yoast-seo-wordpress\/ -->\n<title>Tom 27 [Volume 27] Studia geograficzne Ponidzia Pi\u0144czowskiego, red. Maria Stopa-Boryczka, Miros\u0142aw Bogacki, 2000 - Prace i Studia Geograficzne | Studies in Geography<\/title>\n<meta name=\"robots\" content=\"index, follow, max-snippet:-1, max-image-preview:large, max-video-preview:-1\" \/>\n<link rel=\"canonical\" href=\"https:\/\/pisg.wgsr.uw.edu.pl\/?page_id=4540\" \/>\n<meta property=\"og:locale\" content=\"pl_PL\" \/>\n<meta property=\"og:type\" content=\"article\" \/>\n<meta property=\"og:title\" content=\"Tom 27 [Volume 27] Studia geograficzne Ponidzia Pi\u0144czowskiego, red. Maria Stopa-Boryczka, Miros\u0142aw Bogacki, 2000 - Prace i Studia Geograficzne | Studies in Geography\" \/>\n<meta property=\"og:description\" content=\"Andrzej RICHLING\u00a0Przedmowa Irena TSERMEGAS, Piotr SZWARCZEWSKI, Barbara WORONKO, Krzysztof RECIELSKI, El\u017cbieta ROJAN\u00a0Ewolucja i dynamika rzexby okolic Pi\u0144czowa. Evolution and dynamics of relief in the region of Pi\u0144cz\u00f3w Barbara NOWICKA, Dariusz WORONKO\u00a0Struktura odp\u0142ywu w zlewni r\u00f3\u017cnicowej Nidy. The runoff structure in the Nida differential river basin Urszula SOMOROWSKA\u00a0Wp\u0142yw zasilania podziemnego na odp\u0142yw rzeczny Nidy w profilu [&hellip;]\" \/>\n<meta property=\"og:url\" content=\"https:\/\/pisg.wgsr.uw.edu.pl\/?page_id=4540\" \/>\n<meta property=\"og:site_name\" content=\"Prace i Studia Geograficzne | Studies in Geography\" \/>\n<meta name=\"twitter:card\" content=\"summary_large_image\" \/>\n<script type=\"application\/ld+json\" class=\"yoast-schema-graph\">{\"@context\":\"https:\\\/\\\/schema.org\",\"@graph\":[{\"@type\":\"WebPage\",\"@id\":\"https:\\\/\\\/pisg.wgsr.uw.edu.pl\\\/?page_id=4540\",\"url\":\"https:\\\/\\\/pisg.wgsr.uw.edu.pl\\\/?page_id=4540\",\"name\":\"Tom 27 [Volume 27] Studia geograficzne Ponidzia Pi\u0144czowskiego, red. Maria Stopa-Boryczka, Miros\u0142aw Bogacki, 2000 - Prace i Studia Geograficzne | Studies in Geography\",\"isPartOf\":{\"@id\":\"https:\\\/\\\/pisg.wgsr.uw.edu.pl\\\/#website\"},\"datePublished\":\"2025-10-28T12:52:04+00:00\",\"breadcrumb\":{\"@id\":\"https:\\\/\\\/pisg.wgsr.uw.edu.pl\\\/?page_id=4540#breadcrumb\"},\"inLanguage\":\"pl-PL\",\"potentialAction\":[{\"@type\":\"ReadAction\",\"target\":[\"https:\\\/\\\/pisg.wgsr.uw.edu.pl\\\/?page_id=4540\"]}]},{\"@type\":\"BreadcrumbList\",\"@id\":\"https:\\\/\\\/pisg.wgsr.uw.edu.pl\\\/?page_id=4540#breadcrumb\",\"itemListElement\":[{\"@type\":\"ListItem\",\"position\":1,\"name\":\"Strona g\u0142\u00f3wna\",\"item\":\"https:\\\/\\\/pisg.wgsr.uw.edu.pl\\\/\"},{\"@type\":\"ListItem\",\"position\":2,\"name\":\"Tomy\",\"item\":\"https:\\\/\\\/pisg.wgsr.uw.edu.pl\\\/?page_id=97\"},{\"@type\":\"ListItem\",\"position\":3,\"name\":\"Tom 27 [Volume 27] Studia geograficzne Ponidzia Pi\u0144czowskiego, red. Maria Stopa-Boryczka, Miros\u0142aw Bogacki, 2000\"}]},{\"@type\":\"WebSite\",\"@id\":\"https:\\\/\\\/pisg.wgsr.uw.edu.pl\\\/#website\",\"url\":\"https:\\\/\\\/pisg.wgsr.uw.edu.pl\\\/\",\"name\":\"Prace i Studia Geograficzne | Studies in Geography\",\"description\":\"Prace i Studia Geograficzne s\u0105 recenzowanym czasopismem wydawanym przez Wydzia\u0142 Geografii i Studi\u00f3w Regionalnych Uniwersytetu Warszawskiego\",\"potentialAction\":[{\"@type\":\"SearchAction\",\"target\":{\"@type\":\"EntryPoint\",\"urlTemplate\":\"https:\\\/\\\/pisg.wgsr.uw.edu.pl\\\/?s={search_term_string}\"},\"query-input\":{\"@type\":\"PropertyValueSpecification\",\"valueRequired\":true,\"valueName\":\"search_term_string\"}}],\"inLanguage\":\"pl-PL\"}]}<\/script>\n<!-- \/ Yoast SEO plugin. -->","yoast_head_json":{"title":"Tom 27 [Volume 27] Studia geograficzne Ponidzia Pi\u0144czowskiego, red. Maria Stopa-Boryczka, Miros\u0142aw Bogacki, 2000 - Prace i Studia Geograficzne | Studies in Geography","robots":{"index":"index","follow":"follow","max-snippet":"max-snippet:-1","max-image-preview":"max-image-preview:large","max-video-preview":"max-video-preview:-1"},"canonical":"https:\/\/pisg.wgsr.uw.edu.pl\/?page_id=4540","og_locale":"pl_PL","og_type":"article","og_title":"Tom 27 [Volume 27] Studia geograficzne Ponidzia Pi\u0144czowskiego, red. Maria Stopa-Boryczka, Miros\u0142aw Bogacki, 2000 - Prace i Studia Geograficzne | Studies in Geography","og_description":"Andrzej RICHLING\u00a0Przedmowa Irena TSERMEGAS, Piotr SZWARCZEWSKI, Barbara WORONKO, Krzysztof RECIELSKI, El\u017cbieta ROJAN\u00a0Ewolucja i dynamika rzexby okolic Pi\u0144czowa. Evolution and dynamics of relief in the region of Pi\u0144cz\u00f3w Barbara NOWICKA, Dariusz WORONKO\u00a0Struktura odp\u0142ywu w zlewni r\u00f3\u017cnicowej Nidy. The runoff structure in the Nida differential river basin Urszula SOMOROWSKA\u00a0Wp\u0142yw zasilania podziemnego na odp\u0142yw rzeczny Nidy w profilu [&hellip;]","og_url":"https:\/\/pisg.wgsr.uw.edu.pl\/?page_id=4540","og_site_name":"Prace i Studia Geograficzne | Studies in Geography","twitter_card":"summary_large_image","schema":{"@context":"https:\/\/schema.org","@graph":[{"@type":"WebPage","@id":"https:\/\/pisg.wgsr.uw.edu.pl\/?page_id=4540","url":"https:\/\/pisg.wgsr.uw.edu.pl\/?page_id=4540","name":"Tom 27 [Volume 27] Studia geograficzne Ponidzia Pi\u0144czowskiego, red. Maria Stopa-Boryczka, Miros\u0142aw Bogacki, 2000 - Prace i Studia Geograficzne | Studies in Geography","isPartOf":{"@id":"https:\/\/pisg.wgsr.uw.edu.pl\/#website"},"datePublished":"2025-10-28T12:52:04+00:00","breadcrumb":{"@id":"https:\/\/pisg.wgsr.uw.edu.pl\/?page_id=4540#breadcrumb"},"inLanguage":"pl-PL","potentialAction":[{"@type":"ReadAction","target":["https:\/\/pisg.wgsr.uw.edu.pl\/?page_id=4540"]}]},{"@type":"BreadcrumbList","@id":"https:\/\/pisg.wgsr.uw.edu.pl\/?page_id=4540#breadcrumb","itemListElement":[{"@type":"ListItem","position":1,"name":"Strona g\u0142\u00f3wna","item":"https:\/\/pisg.wgsr.uw.edu.pl\/"},{"@type":"ListItem","position":2,"name":"Tomy","item":"https:\/\/pisg.wgsr.uw.edu.pl\/?page_id=97"},{"@type":"ListItem","position":3,"name":"Tom 27 [Volume 27] Studia geograficzne Ponidzia Pi\u0144czowskiego, red. Maria Stopa-Boryczka, Miros\u0142aw Bogacki, 2000"}]},{"@type":"WebSite","@id":"https:\/\/pisg.wgsr.uw.edu.pl\/#website","url":"https:\/\/pisg.wgsr.uw.edu.pl\/","name":"Prace i Studia Geograficzne | Studies in Geography","description":"Prace i Studia Geograficzne s\u0105 recenzowanym czasopismem wydawanym przez Wydzia\u0142 Geografii i Studi\u00f3w Regionalnych Uniwersytetu Warszawskiego","potentialAction":[{"@type":"SearchAction","target":{"@type":"EntryPoint","urlTemplate":"https:\/\/pisg.wgsr.uw.edu.pl\/?s={search_term_string}"},"query-input":{"@type":"PropertyValueSpecification","valueRequired":true,"valueName":"search_term_string"}}],"inLanguage":"pl-PL"}]}},"_links":{"self":[{"href":"https:\/\/pisg.wgsr.uw.edu.pl\/index.php?rest_route=\/wp\/v2\/pages\/4540","targetHints":{"allow":["GET"]}}],"collection":[{"href":"https:\/\/pisg.wgsr.uw.edu.pl\/index.php?rest_route=\/wp\/v2\/pages"}],"about":[{"href":"https:\/\/pisg.wgsr.uw.edu.pl\/index.php?rest_route=\/wp\/v2\/types\/page"}],"author":[{"embeddable":true,"href":"https:\/\/pisg.wgsr.uw.edu.pl\/index.php?rest_route=\/wp\/v2\/users\/1"}],"replies":[{"embeddable":true,"href":"https:\/\/pisg.wgsr.uw.edu.pl\/index.php?rest_route=%2Fwp%2Fv2%2Fcomments&post=4540"}],"version-history":[{"count":1,"href":"https:\/\/pisg.wgsr.uw.edu.pl\/index.php?rest_route=\/wp\/v2\/pages\/4540\/revisions"}],"predecessor-version":[{"id":4541,"href":"https:\/\/pisg.wgsr.uw.edu.pl\/index.php?rest_route=\/wp\/v2\/pages\/4540\/revisions\/4541"}],"up":[{"embeddable":true,"href":"https:\/\/pisg.wgsr.uw.edu.pl\/index.php?rest_route=\/wp\/v2\/pages\/97"}],"wp:attachment":[{"href":"https:\/\/pisg.wgsr.uw.edu.pl\/index.php?rest_route=%2Fwp%2Fv2%2Fmedia&parent=4540"}],"curies":[{"name":"wp","href":"https:\/\/api.w.org\/{rel}","templated":true}]}}