{"id":4543,"date":"2025-10-28T13:04:52","date_gmt":"2025-10-28T13:04:52","guid":{"rendered":"https:\/\/pisg.wgsr.uw.edu.pl\/?page_id=4543"},"modified":"2025-10-28T13:04:52","modified_gmt":"2025-10-28T13:04:52","slug":"tom-26-volume-26-suplement-ii-spotkanie-absolwentow-z-okazji-65-lecia-powolania-katedry-kartografii-uniwersytetu-warszawskiego-red-jolanta-korycka-skorupa-jacek-paslawski-2015","status":"publish","type":"page","link":"https:\/\/pisg.wgsr.uw.edu.pl\/?page_id=4543","title":{"rendered":"Tom 26 [Volume 26] Suplement II. Spotkanie absolwent\u00f3w z okazji 65-lecia powo\u0142ania Katedry Kartografii Uniwersytetu Warszawskiego, red. Jolanta Korycka-Skorupa, Jacek Pas\u0142awski, 2015"},"content":{"rendered":"<p>Przedmowa<\/p>\n<p><strong>JACEK PAS\u0141AWSKI<\/strong>\u2013 Kartografa na Krakowskim Przedmie\u015bciu. Re\ufb02eksja okoliczno\u015bciowa z okazji powo\u0142ania przed 65 laty Katedry Kartografi na Uniwersytecie Warszawskim.<\/p>\n<p><strong>WIES\u0141AW OSTROWSKI<\/strong>\u2013 Problematyka badawcza Katedry Kartografi w latach 2000\u20132015 .<\/p>\n<p><strong>JOLANTA KORYCKA \u2013 SKORUPA<\/strong>\u00a0\u2013 Kszta\u0142cenie kartograf\u00f3w na Uniwersytecie Warszawskim po nowemu.<\/p>\n<p><strong>BOHDAN HORODYSKI, JERZY SIWEK<\/strong>\u00a0\u2013 \u0106wiczenia terenowe z topografi w latach 1950\u20132015.<\/p>\n<p><strong>BOHDAN HORODYSKI, JERZY SIWEK<\/strong>\u00a0\u2013 SUPLEMENT.<\/p>\n<p>Prace habilitacyjne i doktorskie wykonane przez pracownik\u00f3w Katedry Kartografi oraz pod kierunkiem pracownik\u00f3w Katedry. (Opracowa\u0142a Bo\u017cena Ogorzelska).<\/p>\n<p>Prace magisterskie wykonane w Katedrze Kartografi oraz Zak\u0142adzie Geoinformatyki, Kartografi i Teledetekcji (1952\u20132015). (Opracowa\u0142a Bo\u017cena Ogorzelska) .<\/p>\n<p>Tematyka prac magisterskich wykonanych w Katedrze Kartografi w latach 1950\u20132015 (Opracowa\u0142 Pawe\u0142 Kowalski)<\/p>\n<p>Prace licencjackie wykonane w Katedrze Kartografi oraz Zak\u0142adzie Geoinformatyki, Kartografi i Teledetekcji (2003\u20132015) (Opracowa\u0142a Bo\u017cena Ogorzelska).<\/p>\n<p>Pracownicy Zak\u0142adu Geoinformatyki, Kartografi i Teledetekcji (1 X 2015).<\/p>\n","protected":false},"excerpt":{"rendered":"<p>Przedmowa JACEK PAS\u0141AWSKI\u2013 Kartografa na Krakowskim Przedmie\u015bciu. Re\ufb02eksja okoliczno\u015bciowa z okazji powo\u0142ania przed 65 laty Katedry Kartografi na Uniwersytecie Warszawskim. WIES\u0141AW OSTROWSKI\u2013 Problematyka badawcza Katedry Kartografi w latach 2000\u20132015 . JOLANTA KORYCKA \u2013 SKORUPA\u00a0\u2013 Kszta\u0142cenie kartograf\u00f3w na Uniwersytecie Warszawskim po nowemu. BOHDAN HORODYSKI, JERZY SIWEK\u00a0\u2013 \u0106wiczenia terenowe z topografi w latach 1950\u20132015. BOHDAN HORODYSKI, JERZY [&hellip;]<\/p>\n","protected":false},"author":1,"featured_media":0,"parent":97,"menu_order":0,"comment_status":"closed","ping_status":"closed","template":"","meta":{"_monsterinsights_skip_tracking":false,"_monsterinsights_sitenote_active":false,"_monsterinsights_sitenote_note":"","_monsterinsights_sitenote_category":0,"footnotes":""},"class_list":["post-4543","page","type-page","status-publish","hentry","post"],"yoast_head":"<!-- This site is optimized with the Yoast SEO plugin v27.5 - https:\/\/yoast.com\/product\/yoast-seo-wordpress\/ -->\n<title>Tom 26 [Volume 26] Suplement II. Spotkanie absolwent\u00f3w z okazji 65-lecia powo\u0142ania Katedry Kartografii Uniwersytetu Warszawskiego, red. Jolanta Korycka-Skorupa, Jacek Pas\u0142awski, 2015 - Prace i Studia Geograficzne | Studies in Geography<\/title>\n<meta name=\"robots\" content=\"index, follow, max-snippet:-1, max-image-preview:large, max-video-preview:-1\" \/>\n<link rel=\"canonical\" href=\"https:\/\/pisg.wgsr.uw.edu.pl\/?page_id=4543\" \/>\n<meta property=\"og:locale\" content=\"pl_PL\" \/>\n<meta property=\"og:type\" content=\"article\" \/>\n<meta property=\"og:title\" content=\"Tom 26 [Volume 26] Suplement II. Spotkanie absolwent\u00f3w z okazji 65-lecia powo\u0142ania Katedry Kartografii Uniwersytetu Warszawskiego, red. Jolanta Korycka-Skorupa, Jacek Pas\u0142awski, 2015 - Prace i Studia Geograficzne | Studies in Geography\" \/>\n<meta property=\"og:description\" content=\"Przedmowa JACEK PAS\u0141AWSKI\u2013 Kartografa na Krakowskim Przedmie\u015bciu. Re\ufb02eksja okoliczno\u015bciowa z okazji powo\u0142ania przed 65 laty Katedry Kartografi na Uniwersytecie Warszawskim. WIES\u0141AW OSTROWSKI\u2013 Problematyka badawcza Katedry Kartografi w latach 2000\u20132015 . JOLANTA KORYCKA \u2013 SKORUPA\u00a0\u2013 Kszta\u0142cenie kartograf\u00f3w na Uniwersytecie Warszawskim po nowemu. BOHDAN HORODYSKI, JERZY SIWEK\u00a0\u2013 \u0106wiczenia terenowe z topografi w latach 1950\u20132015. BOHDAN HORODYSKI, JERZY [&hellip;]\" \/>\n<meta property=\"og:url\" content=\"https:\/\/pisg.wgsr.uw.edu.pl\/?page_id=4543\" \/>\n<meta property=\"og:site_name\" content=\"Prace i Studia Geograficzne | Studies in Geography\" \/>\n<meta name=\"twitter:card\" content=\"summary_large_image\" \/>\n<meta name=\"twitter:label1\" content=\"Szacowany czas czytania\" \/>\n\t<meta name=\"twitter:data1\" content=\"1 minuta\" \/>\n<script type=\"application\/ld+json\" class=\"yoast-schema-graph\">{\"@context\":\"https:\\\/\\\/schema.org\",\"@graph\":[{\"@type\":\"WebPage\",\"@id\":\"https:\\\/\\\/pisg.wgsr.uw.edu.pl\\\/?page_id=4543\",\"url\":\"https:\\\/\\\/pisg.wgsr.uw.edu.pl\\\/?page_id=4543\",\"name\":\"Tom 26 [Volume 26] Suplement II. Spotkanie absolwent\u00f3w z okazji 65-lecia powo\u0142ania Katedry Kartografii Uniwersytetu Warszawskiego, red. Jolanta Korycka-Skorupa, Jacek Pas\u0142awski, 2015 - Prace i Studia Geograficzne | Studies in Geography\",\"isPartOf\":{\"@id\":\"https:\\\/\\\/pisg.wgsr.uw.edu.pl\\\/#website\"},\"datePublished\":\"2025-10-28T13:04:52+00:00\",\"breadcrumb\":{\"@id\":\"https:\\\/\\\/pisg.wgsr.uw.edu.pl\\\/?page_id=4543#breadcrumb\"},\"inLanguage\":\"pl-PL\",\"potentialAction\":[{\"@type\":\"ReadAction\",\"target\":[\"https:\\\/\\\/pisg.wgsr.uw.edu.pl\\\/?page_id=4543\"]}]},{\"@type\":\"BreadcrumbList\",\"@id\":\"https:\\\/\\\/pisg.wgsr.uw.edu.pl\\\/?page_id=4543#breadcrumb\",\"itemListElement\":[{\"@type\":\"ListItem\",\"position\":1,\"name\":\"Strona g\u0142\u00f3wna\",\"item\":\"https:\\\/\\\/pisg.wgsr.uw.edu.pl\\\/\"},{\"@type\":\"ListItem\",\"position\":2,\"name\":\"Tomy\",\"item\":\"https:\\\/\\\/pisg.wgsr.uw.edu.pl\\\/?page_id=97\"},{\"@type\":\"ListItem\",\"position\":3,\"name\":\"Tom 26 [Volume 26] Suplement II. Spotkanie absolwent\u00f3w z okazji 65-lecia powo\u0142ania Katedry Kartografii Uniwersytetu Warszawskiego, red. Jolanta Korycka-Skorupa, Jacek Pas\u0142awski, 2015\"}]},{\"@type\":\"WebSite\",\"@id\":\"https:\\\/\\\/pisg.wgsr.uw.edu.pl\\\/#website\",\"url\":\"https:\\\/\\\/pisg.wgsr.uw.edu.pl\\\/\",\"name\":\"Prace i Studia Geograficzne | Studies in Geography\",\"description\":\"Prace i Studia Geograficzne s\u0105 recenzowanym czasopismem wydawanym przez Wydzia\u0142 Geografii i Studi\u00f3w Regionalnych Uniwersytetu Warszawskiego\",\"potentialAction\":[{\"@type\":\"SearchAction\",\"target\":{\"@type\":\"EntryPoint\",\"urlTemplate\":\"https:\\\/\\\/pisg.wgsr.uw.edu.pl\\\/?s={search_term_string}\"},\"query-input\":{\"@type\":\"PropertyValueSpecification\",\"valueRequired\":true,\"valueName\":\"search_term_string\"}}],\"inLanguage\":\"pl-PL\"}]}<\/script>\n<!-- \/ Yoast SEO plugin. -->","yoast_head_json":{"title":"Tom 26 [Volume 26] Suplement II. Spotkanie absolwent\u00f3w z okazji 65-lecia powo\u0142ania Katedry Kartografii Uniwersytetu Warszawskiego, red. Jolanta Korycka-Skorupa, Jacek Pas\u0142awski, 2015 - Prace i Studia Geograficzne | Studies in Geography","robots":{"index":"index","follow":"follow","max-snippet":"max-snippet:-1","max-image-preview":"max-image-preview:large","max-video-preview":"max-video-preview:-1"},"canonical":"https:\/\/pisg.wgsr.uw.edu.pl\/?page_id=4543","og_locale":"pl_PL","og_type":"article","og_title":"Tom 26 [Volume 26] Suplement II. Spotkanie absolwent\u00f3w z okazji 65-lecia powo\u0142ania Katedry Kartografii Uniwersytetu Warszawskiego, red. Jolanta Korycka-Skorupa, Jacek Pas\u0142awski, 2015 - Prace i Studia Geograficzne | Studies in Geography","og_description":"Przedmowa JACEK PAS\u0141AWSKI\u2013 Kartografa na Krakowskim Przedmie\u015bciu. Re\ufb02eksja okoliczno\u015bciowa z okazji powo\u0142ania przed 65 laty Katedry Kartografi na Uniwersytecie Warszawskim. WIES\u0141AW OSTROWSKI\u2013 Problematyka badawcza Katedry Kartografi w latach 2000\u20132015 . JOLANTA KORYCKA \u2013 SKORUPA\u00a0\u2013 Kszta\u0142cenie kartograf\u00f3w na Uniwersytecie Warszawskim po nowemu. BOHDAN HORODYSKI, JERZY SIWEK\u00a0\u2013 \u0106wiczenia terenowe z topografi w latach 1950\u20132015. BOHDAN HORODYSKI, JERZY [&hellip;]","og_url":"https:\/\/pisg.wgsr.uw.edu.pl\/?page_id=4543","og_site_name":"Prace i Studia Geograficzne | Studies in Geography","twitter_card":"summary_large_image","twitter_misc":{"Szacowany czas czytania":"1 minuta"},"schema":{"@context":"https:\/\/schema.org","@graph":[{"@type":"WebPage","@id":"https:\/\/pisg.wgsr.uw.edu.pl\/?page_id=4543","url":"https:\/\/pisg.wgsr.uw.edu.pl\/?page_id=4543","name":"Tom 26 [Volume 26] Suplement II. Spotkanie absolwent\u00f3w z okazji 65-lecia powo\u0142ania Katedry Kartografii Uniwersytetu Warszawskiego, red. Jolanta Korycka-Skorupa, Jacek Pas\u0142awski, 2015 - Prace i Studia Geograficzne | Studies in Geography","isPartOf":{"@id":"https:\/\/pisg.wgsr.uw.edu.pl\/#website"},"datePublished":"2025-10-28T13:04:52+00:00","breadcrumb":{"@id":"https:\/\/pisg.wgsr.uw.edu.pl\/?page_id=4543#breadcrumb"},"inLanguage":"pl-PL","potentialAction":[{"@type":"ReadAction","target":["https:\/\/pisg.wgsr.uw.edu.pl\/?page_id=4543"]}]},{"@type":"BreadcrumbList","@id":"https:\/\/pisg.wgsr.uw.edu.pl\/?page_id=4543#breadcrumb","itemListElement":[{"@type":"ListItem","position":1,"name":"Strona g\u0142\u00f3wna","item":"https:\/\/pisg.wgsr.uw.edu.pl\/"},{"@type":"ListItem","position":2,"name":"Tomy","item":"https:\/\/pisg.wgsr.uw.edu.pl\/?page_id=97"},{"@type":"ListItem","position":3,"name":"Tom 26 [Volume 26] Suplement II. Spotkanie absolwent\u00f3w z okazji 65-lecia powo\u0142ania Katedry Kartografii Uniwersytetu Warszawskiego, red. Jolanta Korycka-Skorupa, Jacek Pas\u0142awski, 2015"}]},{"@type":"WebSite","@id":"https:\/\/pisg.wgsr.uw.edu.pl\/#website","url":"https:\/\/pisg.wgsr.uw.edu.pl\/","name":"Prace i Studia Geograficzne | Studies in Geography","description":"Prace i Studia Geograficzne s\u0105 recenzowanym czasopismem wydawanym przez Wydzia\u0142 Geografii i Studi\u00f3w Regionalnych Uniwersytetu Warszawskiego","potentialAction":[{"@type":"SearchAction","target":{"@type":"EntryPoint","urlTemplate":"https:\/\/pisg.wgsr.uw.edu.pl\/?s={search_term_string}"},"query-input":{"@type":"PropertyValueSpecification","valueRequired":true,"valueName":"search_term_string"}}],"inLanguage":"pl-PL"}]}},"_links":{"self":[{"href":"https:\/\/pisg.wgsr.uw.edu.pl\/index.php?rest_route=\/wp\/v2\/pages\/4543","targetHints":{"allow":["GET"]}}],"collection":[{"href":"https:\/\/pisg.wgsr.uw.edu.pl\/index.php?rest_route=\/wp\/v2\/pages"}],"about":[{"href":"https:\/\/pisg.wgsr.uw.edu.pl\/index.php?rest_route=\/wp\/v2\/types\/page"}],"author":[{"embeddable":true,"href":"https:\/\/pisg.wgsr.uw.edu.pl\/index.php?rest_route=\/wp\/v2\/users\/1"}],"replies":[{"embeddable":true,"href":"https:\/\/pisg.wgsr.uw.edu.pl\/index.php?rest_route=%2Fwp%2Fv2%2Fcomments&post=4543"}],"version-history":[{"count":1,"href":"https:\/\/pisg.wgsr.uw.edu.pl\/index.php?rest_route=\/wp\/v2\/pages\/4543\/revisions"}],"predecessor-version":[{"id":4544,"href":"https:\/\/pisg.wgsr.uw.edu.pl\/index.php?rest_route=\/wp\/v2\/pages\/4543\/revisions\/4544"}],"up":[{"embeddable":true,"href":"https:\/\/pisg.wgsr.uw.edu.pl\/index.php?rest_route=\/wp\/v2\/pages\/97"}],"wp:attachment":[{"href":"https:\/\/pisg.wgsr.uw.edu.pl\/index.php?rest_route=%2Fwp%2Fv2%2Fmedia&parent=4543"}],"curies":[{"name":"wp","href":"https:\/\/api.w.org\/{rel}","templated":true}]}}