{"id":4580,"date":"2026-01-02T16:46:46","date_gmt":"2026-01-02T16:46:46","guid":{"rendered":"https:\/\/pisg.wgsr.uw.edu.pl\/?page_id=4580"},"modified":"2026-01-02T16:56:18","modified_gmt":"2026-01-02T16:56:18","slug":"tom-70-zeszyt-4-volume-70-issue-4-red-jolanta-swiechowicz","status":"publish","type":"page","link":"https:\/\/pisg.wgsr.uw.edu.pl\/?page_id=4580","title":{"rendered":"Tom 70, zeszyt 4 [Volume 70, Issue 4] \u2013 red. Jolanta \u015awi\u0119chowicz"},"content":{"rendered":"<p><a href=\"https:\/\/pisg.wgsr.uw.edu.pl\/wp-content\/uploads\/2026\/01\/PiSG_70.4-StronyTytuloweSpisTresci.pdf\">Strony tytu\u0142owe i spis tre\u015bci<\/a><\/p>\n<p><em>Artyku\u0142y i studia<\/em><\/p>\n<p><strong>Artur BAJERSKI <\/strong><a href=\"https:\/\/reference-global.com\/article\/10.48128\/pisg-2025-70.4-01\">Regionalne zr\u00f3\u017cnicowanie struktur nazw ulic w Polsce \/ Regional differences in street name structures in Poland<\/a><\/p>\n<p><strong>Nadjette BENAISSA, Faten GHANEMI <\/strong><a href=\"https:\/\/reference-global.com\/article\/10.48128\/pisg-2025-70.4-02\">Challenges and Prospects for Protecting Archaeological Heritage in Algeria: A Case Study of the Archaeological Site of Tahouda in Light of Law 98-04<\/a><\/p>\n<p><strong>Ma\u0142gorzata KR\u00d3WCZY\u0143SKA, Ewa WILK, Dariusz KORPETTA <\/strong><a href=\"https:\/\/reference-global.com\/article\/10.48128\/pisg-2025-70.4-03\">Wp\u0142yw wska\u017anik\u00f3w urbanistycznych na szacowanie ch\u0142onno\u015bci teren\u00f3w przeznaczonych pod zabudow\u0119 mieszkaniow\u0105 na przyk\u0142adzie dw\u00f3ch gmin wiejskich \/ The impact of urban indicators on estimating the development capacity of residential land: a case study of two rural communes<\/a><\/p>\n<p><strong>Joanna KUDE\u0141KO, Monika MUSIA\u0141-MALAGO\u2019, Dorota RYNIO<\/strong> <a href=\"https:\/\/reference-global.com\/article\/10.48128\/pisg-2025-70.4-04\">Wykorzystanie metody hierarchicznego grupowania obiekt\u00f3w wielocechowych do oceny zr\u00f3\u017cnicowania kraj\u00f3w Unii Europejskiej w zakresie realizacji potrzeb mieszkaniowych ludno\u015bci \/ Using the method of hierarchical clustering of multi-objects to assess the similarity of the European Union countries in terms of meeting the housing needs of the population<\/a><\/p>\n<p><strong>Martin PLE\u0160IV\u010c\u00c1K<\/strong> <a href=\"https:\/\/reference-global.com\/article\/10.48128\/pisg-2025-70.4-05\">Economic Conditions as a Traffic Light of the Far-Right Threat in the Regions of Slovakia \u2013 Where Should We Focus Our Attention?<\/a><\/p>\n<p><strong>El\u017cbieta ROJAN, Marta POTOCKA, Marta NARLOCH<\/strong> <a href=\"https:\/\/reference-global.com\/article\/10.48128\/pisg-2025-70.4-06\">Geomorfologiczne skutki gospodarki le\u015bnej w rejonach zniszcze\u0144 drzewostan\u00f3w w Tatrach (na przyk\u0142adzie dolin Olczyskiej, Filipki i Z\u0142otej) \/ Geomorphological effects of forest management in areas of forest stand damage in the Tatra Mountains (a case study of the Olczyska, Filipka, and Z\u0142ota valleys)<\/a><\/p>\n<p><strong>Nguyen Hoang SON, Phan Anh HANG, Nguyen Trong QUAN<\/strong> <a href=\"https:\/\/reference-global.com\/article\/10.48128\/pisg-2025-70.4-07\">Assessment of Vulnerability and Risks Caused by Climate Change Impacts on Resources, the Environment, and Socio-Economic Conditions: A Case Study of Ethnic Minority and Mountainous Communes in Thua Thien Hue Province (Vietnam)<\/a><\/p>\n","protected":false},"excerpt":{"rendered":"<p>Strony tytu\u0142owe i spis tre\u015bci Artyku\u0142y i studia Artur BAJERSKI Regionalne zr\u00f3\u017cnicowanie struktur nazw ulic w Polsce \/ Regional differences in street name structures in Poland Nadjette BENAISSA, Faten GHANEMI Challenges and Prospects for Protecting Archaeological Heritage in Algeria: A Case Study of the Archaeological Site of Tahouda in Light of Law 98-04 Ma\u0142gorzata KR\u00d3WCZY\u0143SKA, [&hellip;]<\/p>\n","protected":false},"author":3,"featured_media":0,"parent":97,"menu_order":0,"comment_status":"closed","ping_status":"closed","template":"","meta":{"_monsterinsights_skip_tracking":false,"_monsterinsights_sitenote_active":false,"_monsterinsights_sitenote_note":"","_monsterinsights_sitenote_category":0,"footnotes":""},"class_list":["post-4580","page","type-page","status-publish","hentry","post"],"yoast_head":"<!-- This site is optimized with the Yoast SEO plugin v27.3 - https:\/\/yoast.com\/product\/yoast-seo-wordpress\/ -->\n<title>Tom 70, zeszyt 4 \u2013 red. Jolanta \u015awi\u0119chowicz<\/title>\n<meta name=\"description\" content=\"Prace i Studia Geograficzne s\u0105 recenzowanym czasopismem wydawanym przez Wydzia\u0142 Geografii i Studi\u00f3w Regionalnych Uniwersytetu Warszawskiego.\" \/>\n<meta name=\"robots\" content=\"index, follow, max-snippet:-1, max-image-preview:large, max-video-preview:-1\" \/>\n<link rel=\"canonical\" href=\"https:\/\/pisg.wgsr.uw.edu.pl\/?page_id=4580\" \/>\n<meta property=\"og:locale\" content=\"pl_PL\" \/>\n<meta property=\"og:type\" content=\"article\" \/>\n<meta property=\"og:title\" content=\"Tom 70, zeszyt 4 \u2013 red. Jolanta \u015awi\u0119chowicz\" \/>\n<meta property=\"og:description\" content=\"Prace i Studia Geograficzne s\u0105 recenzowanym czasopismem wydawanym przez Wydzia\u0142 Geografii i Studi\u00f3w Regionalnych Uniwersytetu Warszawskiego.\" \/>\n<meta property=\"og:url\" content=\"https:\/\/pisg.wgsr.uw.edu.pl\/?page_id=4580\" \/>\n<meta property=\"og:site_name\" content=\"Prace i Studia Geograficzne | Studies in Geography\" \/>\n<meta property=\"article:modified_time\" content=\"2026-01-02T16:56:18+00:00\" \/>\n<meta name=\"twitter:card\" content=\"summary_large_image\" \/>\n<meta name=\"twitter:label1\" content=\"Szacowany czas czytania\" \/>\n\t<meta name=\"twitter:data1\" content=\"2 minuty\" \/>\n<script type=\"application\/ld+json\" class=\"yoast-schema-graph\">{\"@context\":\"https:\\\/\\\/schema.org\",\"@graph\":[{\"@type\":\"WebPage\",\"@id\":\"https:\\\/\\\/pisg.wgsr.uw.edu.pl\\\/?page_id=4580\",\"url\":\"https:\\\/\\\/pisg.wgsr.uw.edu.pl\\\/?page_id=4580\",\"name\":\"Tom 70, zeszyt 4 \u2013 red. Jolanta \u015awi\u0119chowicz\",\"isPartOf\":{\"@id\":\"https:\\\/\\\/pisg.wgsr.uw.edu.pl\\\/#website\"},\"datePublished\":\"2026-01-02T16:46:46+00:00\",\"dateModified\":\"2026-01-02T16:56:18+00:00\",\"description\":\"Prace i Studia Geograficzne s\u0105 recenzowanym czasopismem wydawanym przez Wydzia\u0142 Geografii i Studi\u00f3w Regionalnych Uniwersytetu Warszawskiego.\",\"breadcrumb\":{\"@id\":\"https:\\\/\\\/pisg.wgsr.uw.edu.pl\\\/?page_id=4580#breadcrumb\"},\"inLanguage\":\"pl-PL\",\"potentialAction\":[{\"@type\":\"ReadAction\",\"target\":[\"https:\\\/\\\/pisg.wgsr.uw.edu.pl\\\/?page_id=4580\"]}]},{\"@type\":\"BreadcrumbList\",\"@id\":\"https:\\\/\\\/pisg.wgsr.uw.edu.pl\\\/?page_id=4580#breadcrumb\",\"itemListElement\":[{\"@type\":\"ListItem\",\"position\":1,\"name\":\"Strona g\u0142\u00f3wna\",\"item\":\"https:\\\/\\\/pisg.wgsr.uw.edu.pl\\\/\"},{\"@type\":\"ListItem\",\"position\":2,\"name\":\"Tomy\",\"item\":\"https:\\\/\\\/pisg.wgsr.uw.edu.pl\\\/?page_id=97\"},{\"@type\":\"ListItem\",\"position\":3,\"name\":\"Tom 70, zeszyt 4 [Volume 70, Issue 4] \u2013 red. Jolanta \u015awi\u0119chowicz\"}]},{\"@type\":\"WebSite\",\"@id\":\"https:\\\/\\\/pisg.wgsr.uw.edu.pl\\\/#website\",\"url\":\"https:\\\/\\\/pisg.wgsr.uw.edu.pl\\\/\",\"name\":\"Prace i Studia Geograficzne | Studies in Geography\",\"description\":\"Prace i Studia Geograficzne s\u0105 recenzowanym czasopismem wydawanym przez Wydzia\u0142 Geografii i Studi\u00f3w Regionalnych Uniwersytetu Warszawskiego\",\"potentialAction\":[{\"@type\":\"SearchAction\",\"target\":{\"@type\":\"EntryPoint\",\"urlTemplate\":\"https:\\\/\\\/pisg.wgsr.uw.edu.pl\\\/?s={search_term_string}\"},\"query-input\":{\"@type\":\"PropertyValueSpecification\",\"valueRequired\":true,\"valueName\":\"search_term_string\"}}],\"inLanguage\":\"pl-PL\"}]}<\/script>\n<!-- \/ Yoast SEO plugin. -->","yoast_head_json":{"title":"Tom 70, zeszyt 4 \u2013 red. Jolanta \u015awi\u0119chowicz","description":"Prace i Studia Geograficzne s\u0105 recenzowanym czasopismem wydawanym przez Wydzia\u0142 Geografii i Studi\u00f3w Regionalnych Uniwersytetu Warszawskiego.","robots":{"index":"index","follow":"follow","max-snippet":"max-snippet:-1","max-image-preview":"max-image-preview:large","max-video-preview":"max-video-preview:-1"},"canonical":"https:\/\/pisg.wgsr.uw.edu.pl\/?page_id=4580","og_locale":"pl_PL","og_type":"article","og_title":"Tom 70, zeszyt 4 \u2013 red. Jolanta \u015awi\u0119chowicz","og_description":"Prace i Studia Geograficzne s\u0105 recenzowanym czasopismem wydawanym przez Wydzia\u0142 Geografii i Studi\u00f3w Regionalnych Uniwersytetu Warszawskiego.","og_url":"https:\/\/pisg.wgsr.uw.edu.pl\/?page_id=4580","og_site_name":"Prace i Studia Geograficzne | Studies in Geography","article_modified_time":"2026-01-02T16:56:18+00:00","twitter_card":"summary_large_image","twitter_misc":{"Szacowany czas czytania":"2 minuty"},"schema":{"@context":"https:\/\/schema.org","@graph":[{"@type":"WebPage","@id":"https:\/\/pisg.wgsr.uw.edu.pl\/?page_id=4580","url":"https:\/\/pisg.wgsr.uw.edu.pl\/?page_id=4580","name":"Tom 70, zeszyt 4 \u2013 red. Jolanta \u015awi\u0119chowicz","isPartOf":{"@id":"https:\/\/pisg.wgsr.uw.edu.pl\/#website"},"datePublished":"2026-01-02T16:46:46+00:00","dateModified":"2026-01-02T16:56:18+00:00","description":"Prace i Studia Geograficzne s\u0105 recenzowanym czasopismem wydawanym przez Wydzia\u0142 Geografii i Studi\u00f3w Regionalnych Uniwersytetu Warszawskiego.","breadcrumb":{"@id":"https:\/\/pisg.wgsr.uw.edu.pl\/?page_id=4580#breadcrumb"},"inLanguage":"pl-PL","potentialAction":[{"@type":"ReadAction","target":["https:\/\/pisg.wgsr.uw.edu.pl\/?page_id=4580"]}]},{"@type":"BreadcrumbList","@id":"https:\/\/pisg.wgsr.uw.edu.pl\/?page_id=4580#breadcrumb","itemListElement":[{"@type":"ListItem","position":1,"name":"Strona g\u0142\u00f3wna","item":"https:\/\/pisg.wgsr.uw.edu.pl\/"},{"@type":"ListItem","position":2,"name":"Tomy","item":"https:\/\/pisg.wgsr.uw.edu.pl\/?page_id=97"},{"@type":"ListItem","position":3,"name":"Tom 70, zeszyt 4 [Volume 70, Issue 4] \u2013 red. Jolanta \u015awi\u0119chowicz"}]},{"@type":"WebSite","@id":"https:\/\/pisg.wgsr.uw.edu.pl\/#website","url":"https:\/\/pisg.wgsr.uw.edu.pl\/","name":"Prace i Studia Geograficzne | Studies in Geography","description":"Prace i Studia Geograficzne s\u0105 recenzowanym czasopismem wydawanym przez Wydzia\u0142 Geografii i Studi\u00f3w Regionalnych Uniwersytetu Warszawskiego","potentialAction":[{"@type":"SearchAction","target":{"@type":"EntryPoint","urlTemplate":"https:\/\/pisg.wgsr.uw.edu.pl\/?s={search_term_string}"},"query-input":{"@type":"PropertyValueSpecification","valueRequired":true,"valueName":"search_term_string"}}],"inLanguage":"pl-PL"}]}},"_links":{"self":[{"href":"https:\/\/pisg.wgsr.uw.edu.pl\/index.php?rest_route=\/wp\/v2\/pages\/4580","targetHints":{"allow":["GET"]}}],"collection":[{"href":"https:\/\/pisg.wgsr.uw.edu.pl\/index.php?rest_route=\/wp\/v2\/pages"}],"about":[{"href":"https:\/\/pisg.wgsr.uw.edu.pl\/index.php?rest_route=\/wp\/v2\/types\/page"}],"author":[{"embeddable":true,"href":"https:\/\/pisg.wgsr.uw.edu.pl\/index.php?rest_route=\/wp\/v2\/users\/3"}],"replies":[{"embeddable":true,"href":"https:\/\/pisg.wgsr.uw.edu.pl\/index.php?rest_route=%2Fwp%2Fv2%2Fcomments&post=4580"}],"version-history":[{"count":1,"href":"https:\/\/pisg.wgsr.uw.edu.pl\/index.php?rest_route=\/wp\/v2\/pages\/4580\/revisions"}],"predecessor-version":[{"id":4582,"href":"https:\/\/pisg.wgsr.uw.edu.pl\/index.php?rest_route=\/wp\/v2\/pages\/4580\/revisions\/4582"}],"up":[{"embeddable":true,"href":"https:\/\/pisg.wgsr.uw.edu.pl\/index.php?rest_route=\/wp\/v2\/pages\/97"}],"wp:attachment":[{"href":"https:\/\/pisg.wgsr.uw.edu.pl\/index.php?rest_route=%2Fwp%2Fv2%2Fmedia&parent=4580"}],"curies":[{"name":"wp","href":"https:\/\/api.w.org\/{rel}","templated":true}]}}