{"id":4600,"date":"2026-03-23T13:18:31","date_gmt":"2026-03-23T13:18:31","guid":{"rendered":"https:\/\/pisg.wgsr.uw.edu.pl\/?page_id=4600"},"modified":"2026-03-24T10:33:45","modified_gmt":"2026-03-24T10:33:45","slug":"tom-71-zeszyt-1-volume-71-issue-1-red-mikolaj-madurowicz-marta-szczepanska","status":"publish","type":"page","link":"https:\/\/pisg.wgsr.uw.edu.pl\/?page_id=4600","title":{"rendered":"Tom 71, zeszyt 1 [Volume 71, Issue 1] \u2013 red. Miko\u0142aj Madurowicz, Marta Szczepa\u0144ska"},"content":{"rendered":"<p><a href=\"https:\/\/pisg.wgsr.uw.edu.pl\/wp-content\/uploads\/2026\/03\/PiSG-2026-71.1-StronyTytuloweSpisTresci.pdf\">Strony tytu\u0142owe i spis tre\u015bci<\/a><\/p>\n<p><em>Artyku\u0142y i studia<\/em><\/p>\n<p><strong>Natalia KOPE\u0106 <\/strong><a href=\"https:\/\/reference-global.com\/article\/10.48128\/pisg-2026-71.1-01\">Us\u0142ugi kulturowe w mikroskali miasta. Analiza danych generowanych przez u\u017cytkownik\u00f3w dotycz\u0105cych park\u00f3w kieszonkowych w Krakowie \/ Cultural services on a micro scale in cities. An analysis of user-generated data on pocket parks in Cracow<\/a><\/p>\n<p><strong>Agata R\u0118BKOWSKA <\/strong><a href=\"https:\/\/reference-global.com\/article\/10.48128\/pisg-2026-71.1-02\">Toponim, no\u015bnik i budulec wsp\u00f3lnotowej pami\u0119ci. Ja\u0142ta (Yalta) w polskich i francuskich podr\u0119cznikach do nauki historii \/ Toponym as a Vehicle and Building Block of Collective Memory. Yalta (Ja\u0142ta) in Polish and French History Textbooks<\/a><\/p>\n<p><strong>Micha\u0142 SZAJOR, Ma\u0142gorzata FALARZ <\/strong><a href=\"https:\/\/reference-global.com\/article\/10.48128\/pisg-2026-71.1-03\">Stany parno\u015bci powietrza w Katowicach (1966\u20132024) \u2013 trendy wieloletnie, zmienno\u015b\u0107, t\u0142o cyrkulacyjne i termiczne \/ Sultriness in Katowice (1966\u20132024) \u2013 long-term trends, variability, circulation and thermal background<\/a><\/p>\n<p><strong>Ewelina FLIS-OLSZEWSKA, Krzysztof BARTOSZEK <\/strong><a href=\"https:\/\/reference-global.com\/article\/10.48128\/pisg-2026-71.1-04\">Zr\u00f3\u017cnicowanie warunk\u00f3w termicznych i wilgotno\u015bciowych w s\u0105siedztwie jeziora i w strefie podmiejskiej w p\u00f3\u0142roczu ciep\u0142ym (na przyk\u0142adzie okolic Jeziora Piaseczno i stacji Lublin-Felin) \/ Spatial variability of thermal and humidity conditions in the lake vicinity and in the suburban zone during the warm half-year (a case study of Lake Piaseczno and the station Lublin-Felin)<\/a><\/p>\n<p><em>Recenzje<\/em><\/p>\n<p><strong>Mariusz KOWALSKI <\/strong><a href=\"https:\/\/reference-global.com\/article\/10.48128\/pisg-2026-71.1-05\">Krzysztof G\u00f3rny, Reconsidering Colonial Heritage in West African Cities. Urban Space in Cape Verde, Senegal and The Gambia (Routledge, London &amp; New York, 2024)<\/a><\/p>\n<p><em>Wspomnienia<\/em><\/p>\n<p><a href=\"https:\/\/reference-global.com\/article\/10.48128\/pisg-2026-71.1-06\">Dr Andrzej Walewski 4.12.1947\u201313.12.2025<\/a><\/p>\n","protected":false},"excerpt":{"rendered":"<p>Strony tytu\u0142owe i spis tre\u015bci Artyku\u0142y i studia Natalia KOPE\u0106 Us\u0142ugi kulturowe w mikroskali miasta. Analiza danych generowanych przez u\u017cytkownik\u00f3w dotycz\u0105cych park\u00f3w kieszonkowych w Krakowie \/ Cultural services on a micro scale in cities. An analysis of user-generated data on pocket parks in Cracow Agata R\u0118BKOWSKA Toponim, no\u015bnik i budulec wsp\u00f3lnotowej pami\u0119ci. Ja\u0142ta (Yalta) w [&hellip;]<\/p>\n","protected":false},"author":3,"featured_media":0,"parent":97,"menu_order":0,"comment_status":"closed","ping_status":"closed","template":"","meta":{"_monsterinsights_skip_tracking":false,"_monsterinsights_sitenote_active":false,"_monsterinsights_sitenote_note":"","_monsterinsights_sitenote_category":0,"footnotes":""},"class_list":["post-4600","page","type-page","status-publish","hentry","post"],"yoast_head":"<!-- This site is optimized with the Yoast SEO plugin v27.5 - https:\/\/yoast.com\/product\/yoast-seo-wordpress\/ -->\n<title>Tom 71, zeszyt 1 \u2013 red. Miko\u0142aj Madurowicz, Marta Szczepa\u0144ska<\/title>\n<meta name=\"description\" content=\"Prace i Studia Geograficzne s\u0105 recenzowanym czasopismem wydawanym przez Wydzia\u0142 Geografii i Studi\u00f3w Regionalnych Uniwersytetu Warszawskiego.\" \/>\n<meta name=\"robots\" content=\"index, follow, max-snippet:-1, max-image-preview:large, max-video-preview:-1\" \/>\n<link rel=\"canonical\" href=\"https:\/\/pisg.wgsr.uw.edu.pl\/?page_id=4600\" \/>\n<meta property=\"og:locale\" content=\"pl_PL\" \/>\n<meta property=\"og:type\" content=\"article\" \/>\n<meta property=\"og:title\" content=\"Tom 71, zeszyt 1 \u2013 red. Miko\u0142aj Madurowicz, Marta Szczepa\u0144ska\" \/>\n<meta property=\"og:description\" content=\"Prace i Studia Geograficzne s\u0105 recenzowanym czasopismem wydawanym przez Wydzia\u0142 Geografii i Studi\u00f3w Regionalnych Uniwersytetu Warszawskiego.\" \/>\n<meta property=\"og:url\" content=\"https:\/\/pisg.wgsr.uw.edu.pl\/?page_id=4600\" \/>\n<meta property=\"og:site_name\" content=\"Prace i Studia Geograficzne | Studies in Geography\" \/>\n<meta property=\"article:modified_time\" content=\"2026-03-24T10:33:45+00:00\" \/>\n<meta name=\"twitter:card\" content=\"summary_large_image\" \/>\n<meta name=\"twitter:label1\" content=\"Szacowany czas czytania\" \/>\n\t<meta name=\"twitter:data1\" content=\"2 minuty\" \/>\n<script type=\"application\/ld+json\" class=\"yoast-schema-graph\">{\"@context\":\"https:\\\/\\\/schema.org\",\"@graph\":[{\"@type\":\"WebPage\",\"@id\":\"https:\\\/\\\/pisg.wgsr.uw.edu.pl\\\/?page_id=4600\",\"url\":\"https:\\\/\\\/pisg.wgsr.uw.edu.pl\\\/?page_id=4600\",\"name\":\"Tom 71, zeszyt 1 \u2013 red. Miko\u0142aj Madurowicz, Marta Szczepa\u0144ska\",\"isPartOf\":{\"@id\":\"https:\\\/\\\/pisg.wgsr.uw.edu.pl\\\/#website\"},\"datePublished\":\"2026-03-23T13:18:31+00:00\",\"dateModified\":\"2026-03-24T10:33:45+00:00\",\"description\":\"Prace i Studia Geograficzne s\u0105 recenzowanym czasopismem wydawanym przez Wydzia\u0142 Geografii i Studi\u00f3w Regionalnych Uniwersytetu Warszawskiego.\",\"breadcrumb\":{\"@id\":\"https:\\\/\\\/pisg.wgsr.uw.edu.pl\\\/?page_id=4600#breadcrumb\"},\"inLanguage\":\"pl-PL\",\"potentialAction\":[{\"@type\":\"ReadAction\",\"target\":[\"https:\\\/\\\/pisg.wgsr.uw.edu.pl\\\/?page_id=4600\"]}]},{\"@type\":\"BreadcrumbList\",\"@id\":\"https:\\\/\\\/pisg.wgsr.uw.edu.pl\\\/?page_id=4600#breadcrumb\",\"itemListElement\":[{\"@type\":\"ListItem\",\"position\":1,\"name\":\"Strona g\u0142\u00f3wna\",\"item\":\"https:\\\/\\\/pisg.wgsr.uw.edu.pl\\\/\"},{\"@type\":\"ListItem\",\"position\":2,\"name\":\"Tomy\",\"item\":\"https:\\\/\\\/pisg.wgsr.uw.edu.pl\\\/?page_id=97\"},{\"@type\":\"ListItem\",\"position\":3,\"name\":\"Tom 71, zeszyt 1 [Volume 71, Issue 1] \u2013 red. Miko\u0142aj Madurowicz, Marta Szczepa\u0144ska\"}]},{\"@type\":\"WebSite\",\"@id\":\"https:\\\/\\\/pisg.wgsr.uw.edu.pl\\\/#website\",\"url\":\"https:\\\/\\\/pisg.wgsr.uw.edu.pl\\\/\",\"name\":\"Prace i Studia Geograficzne | Studies in Geography\",\"description\":\"Prace i Studia Geograficzne s\u0105 recenzowanym czasopismem wydawanym przez Wydzia\u0142 Geografii i Studi\u00f3w Regionalnych Uniwersytetu Warszawskiego\",\"potentialAction\":[{\"@type\":\"SearchAction\",\"target\":{\"@type\":\"EntryPoint\",\"urlTemplate\":\"https:\\\/\\\/pisg.wgsr.uw.edu.pl\\\/?s={search_term_string}\"},\"query-input\":{\"@type\":\"PropertyValueSpecification\",\"valueRequired\":true,\"valueName\":\"search_term_string\"}}],\"inLanguage\":\"pl-PL\"}]}<\/script>\n<!-- \/ Yoast SEO plugin. -->","yoast_head_json":{"title":"Tom 71, zeszyt 1 \u2013 red. Miko\u0142aj Madurowicz, Marta Szczepa\u0144ska","description":"Prace i Studia Geograficzne s\u0105 recenzowanym czasopismem wydawanym przez Wydzia\u0142 Geografii i Studi\u00f3w Regionalnych Uniwersytetu Warszawskiego.","robots":{"index":"index","follow":"follow","max-snippet":"max-snippet:-1","max-image-preview":"max-image-preview:large","max-video-preview":"max-video-preview:-1"},"canonical":"https:\/\/pisg.wgsr.uw.edu.pl\/?page_id=4600","og_locale":"pl_PL","og_type":"article","og_title":"Tom 71, zeszyt 1 \u2013 red. Miko\u0142aj Madurowicz, Marta Szczepa\u0144ska","og_description":"Prace i Studia Geograficzne s\u0105 recenzowanym czasopismem wydawanym przez Wydzia\u0142 Geografii i Studi\u00f3w Regionalnych Uniwersytetu Warszawskiego.","og_url":"https:\/\/pisg.wgsr.uw.edu.pl\/?page_id=4600","og_site_name":"Prace i Studia Geograficzne | Studies in Geography","article_modified_time":"2026-03-24T10:33:45+00:00","twitter_card":"summary_large_image","twitter_misc":{"Szacowany czas czytania":"2 minuty"},"schema":{"@context":"https:\/\/schema.org","@graph":[{"@type":"WebPage","@id":"https:\/\/pisg.wgsr.uw.edu.pl\/?page_id=4600","url":"https:\/\/pisg.wgsr.uw.edu.pl\/?page_id=4600","name":"Tom 71, zeszyt 1 \u2013 red. Miko\u0142aj Madurowicz, Marta Szczepa\u0144ska","isPartOf":{"@id":"https:\/\/pisg.wgsr.uw.edu.pl\/#website"},"datePublished":"2026-03-23T13:18:31+00:00","dateModified":"2026-03-24T10:33:45+00:00","description":"Prace i Studia Geograficzne s\u0105 recenzowanym czasopismem wydawanym przez Wydzia\u0142 Geografii i Studi\u00f3w Regionalnych Uniwersytetu Warszawskiego.","breadcrumb":{"@id":"https:\/\/pisg.wgsr.uw.edu.pl\/?page_id=4600#breadcrumb"},"inLanguage":"pl-PL","potentialAction":[{"@type":"ReadAction","target":["https:\/\/pisg.wgsr.uw.edu.pl\/?page_id=4600"]}]},{"@type":"BreadcrumbList","@id":"https:\/\/pisg.wgsr.uw.edu.pl\/?page_id=4600#breadcrumb","itemListElement":[{"@type":"ListItem","position":1,"name":"Strona g\u0142\u00f3wna","item":"https:\/\/pisg.wgsr.uw.edu.pl\/"},{"@type":"ListItem","position":2,"name":"Tomy","item":"https:\/\/pisg.wgsr.uw.edu.pl\/?page_id=97"},{"@type":"ListItem","position":3,"name":"Tom 71, zeszyt 1 [Volume 71, Issue 1] \u2013 red. Miko\u0142aj Madurowicz, Marta Szczepa\u0144ska"}]},{"@type":"WebSite","@id":"https:\/\/pisg.wgsr.uw.edu.pl\/#website","url":"https:\/\/pisg.wgsr.uw.edu.pl\/","name":"Prace i Studia Geograficzne | Studies in Geography","description":"Prace i Studia Geograficzne s\u0105 recenzowanym czasopismem wydawanym przez Wydzia\u0142 Geografii i Studi\u00f3w Regionalnych Uniwersytetu Warszawskiego","potentialAction":[{"@type":"SearchAction","target":{"@type":"EntryPoint","urlTemplate":"https:\/\/pisg.wgsr.uw.edu.pl\/?s={search_term_string}"},"query-input":{"@type":"PropertyValueSpecification","valueRequired":true,"valueName":"search_term_string"}}],"inLanguage":"pl-PL"}]}},"_links":{"self":[{"href":"https:\/\/pisg.wgsr.uw.edu.pl\/index.php?rest_route=\/wp\/v2\/pages\/4600","targetHints":{"allow":["GET"]}}],"collection":[{"href":"https:\/\/pisg.wgsr.uw.edu.pl\/index.php?rest_route=\/wp\/v2\/pages"}],"about":[{"href":"https:\/\/pisg.wgsr.uw.edu.pl\/index.php?rest_route=\/wp\/v2\/types\/page"}],"author":[{"embeddable":true,"href":"https:\/\/pisg.wgsr.uw.edu.pl\/index.php?rest_route=\/wp\/v2\/users\/3"}],"replies":[{"embeddable":true,"href":"https:\/\/pisg.wgsr.uw.edu.pl\/index.php?rest_route=%2Fwp%2Fv2%2Fcomments&post=4600"}],"version-history":[{"count":1,"href":"https:\/\/pisg.wgsr.uw.edu.pl\/index.php?rest_route=\/wp\/v2\/pages\/4600\/revisions"}],"predecessor-version":[{"id":4602,"href":"https:\/\/pisg.wgsr.uw.edu.pl\/index.php?rest_route=\/wp\/v2\/pages\/4600\/revisions\/4602"}],"up":[{"embeddable":true,"href":"https:\/\/pisg.wgsr.uw.edu.pl\/index.php?rest_route=\/wp\/v2\/pages\/97"}],"wp:attachment":[{"href":"https:\/\/pisg.wgsr.uw.edu.pl\/index.php?rest_route=%2Fwp%2Fv2%2Fmedia&parent=4600"}],"curies":[{"name":"wp","href":"https:\/\/api.w.org\/{rel}","templated":true}]}}