{"id":512,"date":"2020-03-31T09:49:35","date_gmt":"2020-03-31T07:49:35","guid":{"rendered":"http:\/\/wgsr.uw.edu.pl\/pisg\/?page_id=512"},"modified":"2024-08-14T09:53:44","modified_gmt":"2024-08-14T09:53:44","slug":"tom-64-zeszyt-3-volume-64-issue-3-red-maciej-lenartowicz","status":"publish","type":"page","link":"https:\/\/pisg.wgsr.uw.edu.pl\/?page_id=512","title":{"rendered":"Tom 64, zeszyt 3 [Volume 64, Issue 3] \u2013 red. Maciej Lenartowicz"},"content":{"rendered":"\r\n<p><a href=\"https:\/\/pisg.wgsr.uw.edu.pl\/wp-content\/uploads\/2024\/08\/0-PiSG_64.3.pdf\">Strony tytu\u0142owe i spis tre\u015bci<\/a><\/p>\r\n<p><strong>Tomasz GRZYB<\/strong>\u00a0<a href=\"http:\/\/pisg.wgsr.uw.edu.pl\/\/?p=548\">Krajobraz pogranicza \u2013 konceptualizacja poj\u0119cia \/ Borderland landscape \u2013 conceptualisation of the term<\/a><\/p>\r\n\r\n\r\n\r\n<p><strong>Katarzyna PODHORODECKA<\/strong><a href=\"http:\/\/wgsr.uw.edu.pl\/wgsr\/wp-content\/uploads\/2019\/05\/02_Podhorodecka_K_28-08-2019.pdf\">\u00a0<\/a><a href=\"http:\/\/pisg.wgsr.uw.edu.pl\/\/?p=560\">Krajobraz turystyczny na Saint Vincent i Grenadynach jako element krajobrazu kulturowego \/ Tourism landscape on Saint Vincent and the Grenadines as a part of cultural landscape<\/a><\/p>\r\n\r\n\r\n\r\n<p><strong>Patrycja FABIJA\u0143SKA, Maciej D\u0104BSKI<\/strong><a href=\"http:\/\/wgsr.uw.edu.pl\/wgsr\/wp-content\/uploads\/2019\/05\/03_Fabijanska_P_D%C4%85bski_M_16-09-2019.pdf\">\u00a0<\/a><a href=\"http:\/\/pisg.wgsr.uw.edu.pl\/\/?p=566\">Fotografia lotnicza jako narz\u0119dzie do identyfikacji kopalnych poligon\u00f3w mrozowych \u2013 przegl\u0105d literatury \/ Aerial photography as a tool in identification of fossil frost polygons \u2013 literature review<\/a><\/p>\r\n\r\n\r\n\r\n<p><strong>Dorota RUCI\u0143SKA<\/strong>\u00a0<a href=\"http:\/\/pisg.wgsr.uw.edu.pl\/\/?p=573\">Teoretyczny aspekt kl\u0119ski \u017cywio\u0142owej. Studium skutk\u00f3w wybranych zagro\u017ce\u0144 naturalnych w Stanach Zjednoczonych Ameryki \/ The theoretical aspect of the natural disaster. Study of the effects of selected natural hazards in the United States of America<\/a><\/p>\r\n\r\n\r\n\r\n<p><strong>Marta LACKOWSKA, Pawe\u0142 SWIANIEWICZ, Aleksandra PICEJ<\/strong>\u00a0<a href=\"http:\/\/pisg.wgsr.uw.edu.pl\/\/?p=579\">Komercjalizacja wsp\u00f3\u0142pracy mi\u0119dzygminnej? Rola sp\u00f3\u0142ek mi\u0119dzygminnych w dostarczaniu us\u0142ug publicznych na tle innych form wsp\u00f3\u0142pracy samorz\u0105dowej \/ Commercialisation of inter-municipal cooperation? The role of inter-municipal companies in providing public services against the background of other forms of municipal cooperation<\/a><\/p>\r\n\r\n\r\n\r\n<p><strong>Rafa\u0142 FLORCZYK<\/strong>\u00a0<a href=\"http:\/\/pisg.wgsr.uw.edu.pl\/\/?p=584\">Organizacja formalnych sposob\u00f3w uspo\u0142ecznienia przy wdra\u017caniu program\u00f3w rewitalizacji \u2013 przypadki wybranych gmin Obszaru Metropolitalnego Warszawy \/ Organisation of formal ways of citizen participation in urban renewal programs implementation. Case of Warsaw Metropolitan Area municipalities<\/a><\/p>\r\n\r\n\r\n\r\n<p><strong>Miko\u0142aj MADUROWICZ<\/strong>\u00a0<a href=\"http:\/\/pisg.wgsr.uw.edu.pl\/\/?p=590\">Przenikliwe my\u015blenie Eugeniusza Romera o Polsce w Europie \/ Eugeniusz Romer\u2019s far-sighted thinking about Poland in Europe<\/a><\/p>\r\n\r\n\r\n\r\n<p><strong>Natalia \u0141UKASIEWICZ<\/strong>\u00a0<a href=\"http:\/\/pisg.wgsr.uw.edu.pl\/\/?p=595\">Muzea archeologiczne w Polsce w opinii u\u017cytkownik\u00f3w portalu TripAdvisor \/ Polish archaeological museums in the reviews posted on the Trip Advisor Service<\/a><\/p>\r\n\r\n\r\n\r\n<p><strong>Artur M\u0141ODZIK, Kamil MIRONIK, Roman CIE\u015aLI\u0143SKI<\/strong>\u00a0<a href=\"http:\/\/pisg.wgsr.uw.edu.pl\/\/?p=601\">Ocena tempa i kierunk\u00f3w zarastania jezior przy wykorzystaniu znormalizowanego r\u00f3\u017cnicowego wska\u017anika wegetacji NDVI na przyk\u0142adzie jeziora Gardno \/ The assessment of rate and directions overgrowing lakes using a normalized differential NDVI vegetation index an example of Gardno Lake<\/a><\/p>\r\n\r\n\r\n\r\n<p><strong>Wojciech DZIEMIANOWICZ, Magdalena CYBULSKA<\/strong>\u00a0<a href=\"http:\/\/pisg.wgsr.uw.edu.pl\/\/?p=606\">Partycypacja spo\u0142eczno\u015bci lokalnej w procesie tworzenia strategii rozwoju \u2013 na przyk\u0142adzie miast wojew\u00f3dzkich w Polsce \/ Participation of local Communities in the Process of Building development Strategies \u2013 an Example of voivodeship\u2019s Capitals in Poland<\/a><\/p>\r\n\r\n\r\n\r\n<p>(data publikacji online: 22.05.2019)<\/p>\r\n","protected":false},"excerpt":{"rendered":"<p>Strony tytu\u0142owe i spis tre\u015bci Tomasz GRZYB\u00a0Krajobraz pogranicza \u2013 konceptualizacja poj\u0119cia \/ Borderland landscape \u2013 conceptualisation of the term Katarzyna PODHORODECKA\u00a0Krajobraz turystyczny na Saint Vincent i Grenadynach jako element krajobrazu kulturowego \/ Tourism landscape on Saint Vincent and the Grenadines as a part of cultural landscape Patrycja FABIJA\u0143SKA, Maciej D\u0104BSKI\u00a0Fotografia lotnicza jako narz\u0119dzie do identyfikacji [&hellip;]<\/p>\n","protected":false},"author":2,"featured_media":0,"parent":97,"menu_order":2,"comment_status":"closed","ping_status":"closed","template":"","meta":{"_monsterinsights_skip_tracking":false,"_monsterinsights_sitenote_active":false,"_monsterinsights_sitenote_note":"","_monsterinsights_sitenote_category":0,"footnotes":""},"class_list":["post-512","page","type-page","status-publish","hentry","post"],"yoast_head":"<!-- This site is optimized with the Yoast SEO plugin v27.5 - https:\/\/yoast.com\/product\/yoast-seo-wordpress\/ -->\n<title>Tom 64, zeszyt 3 [Volume 64, Issue 3] \u2013 red. Maciej Lenartowicz - Prace i Studia Geograficzne | Studies in Geography<\/title>\n<meta name=\"description\" content=\"Artyku\u0142y naukowe z zakresu nauk o Ziemi, geografii spo\u0142eczno-ekonomicznej, gospodarki przestrzennej, zarz\u0105dzania, socjologii i in.\" \/>\n<meta name=\"robots\" content=\"index, follow, max-snippet:-1, max-image-preview:large, max-video-preview:-1\" \/>\n<link rel=\"canonical\" href=\"https:\/\/pisg.wgsr.uw.edu.pl\/?page_id=512\" \/>\n<meta property=\"og:locale\" content=\"pl_PL\" \/>\n<meta property=\"og:type\" content=\"article\" \/>\n<meta property=\"og:title\" content=\"Tom 64, zeszyt 3 [Volume 64, Issue 3] \u2013 red. Maciej Lenartowicz - Prace i Studia Geograficzne | Studies in Geography\" \/>\n<meta property=\"og:description\" content=\"Artyku\u0142y naukowe z zakresu nauk o Ziemi, geografii spo\u0142eczno-ekonomicznej, gospodarki przestrzennej, zarz\u0105dzania, socjologii i in.\" \/>\n<meta property=\"og:url\" content=\"https:\/\/pisg.wgsr.uw.edu.pl\/?page_id=512\" \/>\n<meta property=\"og:site_name\" content=\"Prace i Studia Geograficzne | Studies in Geography\" \/>\n<meta property=\"article:modified_time\" content=\"2024-08-14T09:53:44+00:00\" \/>\n<meta name=\"twitter:card\" content=\"summary_large_image\" \/>\n<meta name=\"twitter:label1\" content=\"Szacowany czas czytania\" \/>\n\t<meta name=\"twitter:data1\" content=\"2 minuty\" \/>\n<script type=\"application\/ld+json\" class=\"yoast-schema-graph\">{\"@context\":\"https:\\\/\\\/schema.org\",\"@graph\":[{\"@type\":\"WebPage\",\"@id\":\"https:\\\/\\\/pisg.wgsr.uw.edu.pl\\\/?page_id=512\",\"url\":\"https:\\\/\\\/pisg.wgsr.uw.edu.pl\\\/?page_id=512\",\"name\":\"Tom 64, zeszyt 3 [Volume 64, Issue 3] \u2013 red. Maciej Lenartowicz - Prace i Studia Geograficzne | Studies in Geography\",\"isPartOf\":{\"@id\":\"https:\\\/\\\/pisg.wgsr.uw.edu.pl\\\/#website\"},\"datePublished\":\"2020-03-31T07:49:35+00:00\",\"dateModified\":\"2024-08-14T09:53:44+00:00\",\"description\":\"Artyku\u0142y naukowe z zakresu nauk o Ziemi, geografii spo\u0142eczno-ekonomicznej, gospodarki przestrzennej, zarz\u0105dzania, socjologii i in.\",\"breadcrumb\":{\"@id\":\"https:\\\/\\\/pisg.wgsr.uw.edu.pl\\\/?page_id=512#breadcrumb\"},\"inLanguage\":\"pl-PL\",\"potentialAction\":[{\"@type\":\"ReadAction\",\"target\":[\"https:\\\/\\\/pisg.wgsr.uw.edu.pl\\\/?page_id=512\"]}]},{\"@type\":\"BreadcrumbList\",\"@id\":\"https:\\\/\\\/pisg.wgsr.uw.edu.pl\\\/?page_id=512#breadcrumb\",\"itemListElement\":[{\"@type\":\"ListItem\",\"position\":1,\"name\":\"Strona g\u0142\u00f3wna\",\"item\":\"https:\\\/\\\/pisg.wgsr.uw.edu.pl\\\/\"},{\"@type\":\"ListItem\",\"position\":2,\"name\":\"Tomy\",\"item\":\"https:\\\/\\\/pisg.wgsr.uw.edu.pl\\\/?page_id=97\"},{\"@type\":\"ListItem\",\"position\":3,\"name\":\"Tom 64, zeszyt 3 [Volume 64, Issue 3] \u2013 red. Maciej Lenartowicz\"}]},{\"@type\":\"WebSite\",\"@id\":\"https:\\\/\\\/pisg.wgsr.uw.edu.pl\\\/#website\",\"url\":\"https:\\\/\\\/pisg.wgsr.uw.edu.pl\\\/\",\"name\":\"Prace i Studia Geograficzne | Studies in Geography\",\"description\":\"Prace i Studia Geograficzne s\u0105 recenzowanym czasopismem wydawanym przez Wydzia\u0142 Geografii i Studi\u00f3w Regionalnych Uniwersytetu Warszawskiego\",\"potentialAction\":[{\"@type\":\"SearchAction\",\"target\":{\"@type\":\"EntryPoint\",\"urlTemplate\":\"https:\\\/\\\/pisg.wgsr.uw.edu.pl\\\/?s={search_term_string}\"},\"query-input\":{\"@type\":\"PropertyValueSpecification\",\"valueRequired\":true,\"valueName\":\"search_term_string\"}}],\"inLanguage\":\"pl-PL\"}]}<\/script>\n<!-- \/ Yoast SEO plugin. -->","yoast_head_json":{"title":"Tom 64, zeszyt 3 [Volume 64, Issue 3] \u2013 red. Maciej Lenartowicz - Prace i Studia Geograficzne | Studies in Geography","description":"Artyku\u0142y naukowe z zakresu nauk o Ziemi, geografii spo\u0142eczno-ekonomicznej, gospodarki przestrzennej, zarz\u0105dzania, socjologii i in.","robots":{"index":"index","follow":"follow","max-snippet":"max-snippet:-1","max-image-preview":"max-image-preview:large","max-video-preview":"max-video-preview:-1"},"canonical":"https:\/\/pisg.wgsr.uw.edu.pl\/?page_id=512","og_locale":"pl_PL","og_type":"article","og_title":"Tom 64, zeszyt 3 [Volume 64, Issue 3] \u2013 red. Maciej Lenartowicz - Prace i Studia Geograficzne | Studies in Geography","og_description":"Artyku\u0142y naukowe z zakresu nauk o Ziemi, geografii spo\u0142eczno-ekonomicznej, gospodarki przestrzennej, zarz\u0105dzania, socjologii i in.","og_url":"https:\/\/pisg.wgsr.uw.edu.pl\/?page_id=512","og_site_name":"Prace i Studia Geograficzne | Studies in Geography","article_modified_time":"2024-08-14T09:53:44+00:00","twitter_card":"summary_large_image","twitter_misc":{"Szacowany czas czytania":"2 minuty"},"schema":{"@context":"https:\/\/schema.org","@graph":[{"@type":"WebPage","@id":"https:\/\/pisg.wgsr.uw.edu.pl\/?page_id=512","url":"https:\/\/pisg.wgsr.uw.edu.pl\/?page_id=512","name":"Tom 64, zeszyt 3 [Volume 64, Issue 3] \u2013 red. Maciej Lenartowicz - Prace i Studia Geograficzne | Studies in Geography","isPartOf":{"@id":"https:\/\/pisg.wgsr.uw.edu.pl\/#website"},"datePublished":"2020-03-31T07:49:35+00:00","dateModified":"2024-08-14T09:53:44+00:00","description":"Artyku\u0142y naukowe z zakresu nauk o Ziemi, geografii spo\u0142eczno-ekonomicznej, gospodarki przestrzennej, zarz\u0105dzania, socjologii i in.","breadcrumb":{"@id":"https:\/\/pisg.wgsr.uw.edu.pl\/?page_id=512#breadcrumb"},"inLanguage":"pl-PL","potentialAction":[{"@type":"ReadAction","target":["https:\/\/pisg.wgsr.uw.edu.pl\/?page_id=512"]}]},{"@type":"BreadcrumbList","@id":"https:\/\/pisg.wgsr.uw.edu.pl\/?page_id=512#breadcrumb","itemListElement":[{"@type":"ListItem","position":1,"name":"Strona g\u0142\u00f3wna","item":"https:\/\/pisg.wgsr.uw.edu.pl\/"},{"@type":"ListItem","position":2,"name":"Tomy","item":"https:\/\/pisg.wgsr.uw.edu.pl\/?page_id=97"},{"@type":"ListItem","position":3,"name":"Tom 64, zeszyt 3 [Volume 64, Issue 3] \u2013 red. Maciej Lenartowicz"}]},{"@type":"WebSite","@id":"https:\/\/pisg.wgsr.uw.edu.pl\/#website","url":"https:\/\/pisg.wgsr.uw.edu.pl\/","name":"Prace i Studia Geograficzne | Studies in Geography","description":"Prace i Studia Geograficzne s\u0105 recenzowanym czasopismem wydawanym przez Wydzia\u0142 Geografii i Studi\u00f3w Regionalnych Uniwersytetu Warszawskiego","potentialAction":[{"@type":"SearchAction","target":{"@type":"EntryPoint","urlTemplate":"https:\/\/pisg.wgsr.uw.edu.pl\/?s={search_term_string}"},"query-input":{"@type":"PropertyValueSpecification","valueRequired":true,"valueName":"search_term_string"}}],"inLanguage":"pl-PL"}]}},"_links":{"self":[{"href":"https:\/\/pisg.wgsr.uw.edu.pl\/index.php?rest_route=\/wp\/v2\/pages\/512","targetHints":{"allow":["GET"]}}],"collection":[{"href":"https:\/\/pisg.wgsr.uw.edu.pl\/index.php?rest_route=\/wp\/v2\/pages"}],"about":[{"href":"https:\/\/pisg.wgsr.uw.edu.pl\/index.php?rest_route=\/wp\/v2\/types\/page"}],"author":[{"embeddable":true,"href":"https:\/\/pisg.wgsr.uw.edu.pl\/index.php?rest_route=\/wp\/v2\/users\/2"}],"replies":[{"embeddable":true,"href":"https:\/\/pisg.wgsr.uw.edu.pl\/index.php?rest_route=%2Fwp%2Fv2%2Fcomments&post=512"}],"version-history":[{"count":1,"href":"https:\/\/pisg.wgsr.uw.edu.pl\/index.php?rest_route=\/wp\/v2\/pages\/512\/revisions"}],"predecessor-version":[{"id":3362,"href":"https:\/\/pisg.wgsr.uw.edu.pl\/index.php?rest_route=\/wp\/v2\/pages\/512\/revisions\/3362"}],"up":[{"embeddable":true,"href":"https:\/\/pisg.wgsr.uw.edu.pl\/index.php?rest_route=\/wp\/v2\/pages\/97"}],"wp:attachment":[{"href":"https:\/\/pisg.wgsr.uw.edu.pl\/index.php?rest_route=%2Fwp%2Fv2%2Fmedia&parent=512"}],"curies":[{"name":"wp","href":"https:\/\/api.w.org\/{rel}","templated":true}]}}