{"id":534,"date":"2020-03-31T10:33:14","date_gmt":"2020-03-31T08:33:14","guid":{"rendered":"http:\/\/wgsr.uw.edu.pl\/pisg\/?page_id=534"},"modified":"2025-10-10T10:08:15","modified_gmt":"2025-10-10T10:08:15","slug":"tom-63-zeszyt-3-volume-63-issue-3-red-anna-dudek","status":"publish","type":"page","link":"https:\/\/pisg.wgsr.uw.edu.pl\/?page_id=534","title":{"rendered":"Tom 63, zeszyt 3 [Volume 63, Issue 3] \u2013 red. Anna Dudek"},"content":{"rendered":"\r\n<p><a href=\"https:\/\/pisg.wgsr.uw.edu.pl\/?attachment_id=3761\">Strony tytu\u0142owe i spis tre\u015bci<\/a><\/p>\r\n\r\n\r\n\r\n<p><strong>Maciej BARTOLD<\/strong>\u00a0<a href=\"http:\/\/pisg.wgsr.uw.edu.pl\/\/?p=762\">Wyznaczanie pocz\u0105tku i ko\u0144ca okresu wegetacyjnego las\u00f3w li\u015bciastych w Polsce na podstawie wieloletnich obserwacji satelitarnych SPOT Vegetation i Proba-V \/ Determining the onset and the end of the growing season of the broad-leaved forests over Poland using long-term SPOT Vegetation and Proba-V satellite observations<\/a><\/p>\r\n\r\n\r\n\r\n<p><strong>Izabela LASKOWICZ, Teresa MROZEK<\/strong>\u00a0<a href=\"http:\/\/pisg.wgsr.uw.edu.pl\/\/?p=768\">Redukcja ryzyka osuwiskowego w Polsce \u2013 dzia\u0142ania ad hoc czy strategia? \/ Landslide risk reduction in Poland \u2013 ad hoc actions or strategy?<\/a><\/p>\r\n\r\n\r\n\r\n<p><strong>\u0141ukasz QUIRINI-POP\u0141AWSKI<\/strong>\u00a0<a href=\"http:\/\/pisg.wgsr.uw.edu.pl\/\/?p=773\">Infrastruktura noclegowa dla turystyki kwalifikowanej w latach 30. XX wieku na obszarze Karpat Wschodnich (w granicach II Rzeczpospolitej) \/ The accommodation facilities for qualified tourism on the territory of the Eastern Carpathians, (within the borders of the II Republic of Poland) in the 30s of the 20th c.<\/a><\/p>\r\n\r\n\r\n\r\n<p><strong>Pawe\u0142 SWIANIEWICZ, Sylwia WARUSZEWSKA<\/strong>\u00a0<a href=\"http:\/\/pisg.wgsr.uw.edu.pl\/\/?p=778\">Wp\u0142yw suburbanizacji na zmiany spo\u0142ecznego zr\u00f3\u017cnicowania aglomeracji w Polsce \u2013 wi\u0119cej wanilii na przedmie\u015bciach? \/ The impact of suburbanization on evolution of social variation of Polish agglomerations \u2013 vanilla going suburb?<\/a><\/p>\r\n\r\n\r\n\r\n<p><strong>Tomasz NAPIERA\u0141A<\/strong>\u00a0<a href=\"http:\/\/pisg.wgsr.uw.edu.pl\/\/?p=783\">Przestrzenna r\u00f3\u017cnorodno\u015b\u0107 jako czynnik konkurencyjno\u015bci hoteli \/ Spatial variety as a determinant of competitive advantage in a hotel industry<\/a><\/p>\r\n\r\n\r\n\r\n<p><strong>Pawe\u0142 JOKIEL<\/strong>\u00a0<a href=\"http:\/\/pisg.wgsr.uw.edu.pl\/\/?p=788\">Wp\u0142yw antropopresji na zmiany przep\u0142ywu Neru w przekroju D\u0105bie \/ Human impact on the Ner flow changes within D\u0105bie water-gauge cross section<\/a><\/p>\r\n\r\n\r\n\r\n<p><strong>Dariusz CISZEWSKI, Sylwia CICHO\u0143, Agata WOJTAL<\/strong><a href=\"http:\/\/pisg.wgsr.uw.edu.pl\/\/?p=793\">\u00a0Zapis zako\u0144czenia eksploatacji rud Zn-Pb w osadach rzeki i ma\u0142ych zbiornik\u00f3w wodnych \/ Record of cessation the Zn-Pb ore extraction in river and small water reservoirs sediments<\/a><\/p>\r\n\r\n\r\n\r\n<p><strong>Leszek BUTOWSKI, Agata BORNIKOWSKA<\/strong><a href=\"http:\/\/pisg.wgsr.uw.edu.pl\/\/?p=799\">\u00a0Zintegrowane metody AHP i PROMETHEE jako narz\u0119dzie oceny atrakcyjno\u015bci Europejskiej morskiej przestrzeni turystycznej dla turystyki \u017ceglarskiej \/ A combined AHP and PROMETHEE approach for the evaluation of attractiveness of the European maritime areas for sailing tourism<\/a><\/p>\r\n\r\n\r\n\r\n<p><strong>Mateusz ROGOWSKI<\/strong>\u00a0<a href=\"http:\/\/pisg.wgsr.uw.edu.pl\/\/?p=804\">System Monitoringu ruchu turystycznego (SMrt) w Parku Narodowym G\u00f3r Sto\u0142owych dla potrzeb bada\u0144 przestrzeni turystycznej \/ Monitoring System of tourist traffic (SMtt) in the Sto\u0142owe Mountains National Park in the research on tourism spaces<\/a><\/p>\r\n\r\n\r\n\r\n<p>(data publikacji online: 22.11.2018)<\/p>\r\n","protected":false},"excerpt":{"rendered":"<p>Strony tytu\u0142owe i spis tre\u015bci Maciej BARTOLD\u00a0Wyznaczanie pocz\u0105tku i ko\u0144ca okresu wegetacyjnego las\u00f3w li\u015bciastych w Polsce na podstawie wieloletnich obserwacji satelitarnych SPOT Vegetation i Proba-V \/ Determining the onset and the end of the growing season of the broad-leaved forests over Poland using long-term SPOT Vegetation and Proba-V satellite observations Izabela LASKOWICZ, Teresa MROZEK\u00a0Redukcja ryzyka [&hellip;]<\/p>\n","protected":false},"author":2,"featured_media":0,"parent":97,"menu_order":6,"comment_status":"closed","ping_status":"closed","template":"","meta":{"_monsterinsights_skip_tracking":false,"_monsterinsights_sitenote_active":false,"_monsterinsights_sitenote_note":"","_monsterinsights_sitenote_category":0,"footnotes":""},"class_list":["post-534","page","type-page","status-publish","hentry","post"],"yoast_head":"<!-- This site is optimized with the Yoast SEO plugin v27.5 - https:\/\/yoast.com\/product\/yoast-seo-wordpress\/ -->\n<title>Tom 63, zeszyt 3 [Volume 63, Issue 3] \u2013 red. Anna Dudek - Prace i Studia Geograficzne | Studies in Geography<\/title>\n<meta name=\"robots\" content=\"index, follow, max-snippet:-1, max-image-preview:large, max-video-preview:-1\" \/>\n<link rel=\"canonical\" href=\"https:\/\/pisg.wgsr.uw.edu.pl\/?page_id=534\" \/>\n<meta property=\"og:locale\" content=\"pl_PL\" \/>\n<meta property=\"og:type\" content=\"article\" \/>\n<meta property=\"og:title\" content=\"Tom 63, zeszyt 3 [Volume 63, Issue 3] \u2013 red. Anna Dudek - Prace i Studia Geograficzne | Studies in Geography\" \/>\n<meta property=\"og:description\" content=\"Strony tytu\u0142owe i spis tre\u015bci Maciej BARTOLD\u00a0Wyznaczanie pocz\u0105tku i ko\u0144ca okresu wegetacyjnego las\u00f3w li\u015bciastych w Polsce na podstawie wieloletnich obserwacji satelitarnych SPOT Vegetation i Proba-V \/ Determining the onset and the end of the growing season of the broad-leaved forests over Poland using long-term SPOT Vegetation and Proba-V satellite observations Izabela LASKOWICZ, Teresa MROZEK\u00a0Redukcja ryzyka [&hellip;]\" \/>\n<meta property=\"og:url\" content=\"https:\/\/pisg.wgsr.uw.edu.pl\/?page_id=534\" \/>\n<meta property=\"og:site_name\" content=\"Prace i Studia Geograficzne | Studies in Geography\" \/>\n<meta property=\"article:modified_time\" content=\"2025-10-10T10:08:15+00:00\" \/>\n<meta name=\"twitter:card\" content=\"summary_large_image\" \/>\n<meta name=\"twitter:label1\" content=\"Szacowany czas czytania\" \/>\n\t<meta name=\"twitter:data1\" content=\"2 minuty\" \/>\n<script type=\"application\/ld+json\" class=\"yoast-schema-graph\">{\"@context\":\"https:\\\/\\\/schema.org\",\"@graph\":[{\"@type\":\"WebPage\",\"@id\":\"https:\\\/\\\/pisg.wgsr.uw.edu.pl\\\/?page_id=534\",\"url\":\"https:\\\/\\\/pisg.wgsr.uw.edu.pl\\\/?page_id=534\",\"name\":\"Tom 63, zeszyt 3 [Volume 63, Issue 3] \u2013 red. Anna Dudek - Prace i Studia Geograficzne | Studies in Geography\",\"isPartOf\":{\"@id\":\"https:\\\/\\\/pisg.wgsr.uw.edu.pl\\\/#website\"},\"datePublished\":\"2020-03-31T08:33:14+00:00\",\"dateModified\":\"2025-10-10T10:08:15+00:00\",\"breadcrumb\":{\"@id\":\"https:\\\/\\\/pisg.wgsr.uw.edu.pl\\\/?page_id=534#breadcrumb\"},\"inLanguage\":\"pl-PL\",\"potentialAction\":[{\"@type\":\"ReadAction\",\"target\":[\"https:\\\/\\\/pisg.wgsr.uw.edu.pl\\\/?page_id=534\"]}]},{\"@type\":\"BreadcrumbList\",\"@id\":\"https:\\\/\\\/pisg.wgsr.uw.edu.pl\\\/?page_id=534#breadcrumb\",\"itemListElement\":[{\"@type\":\"ListItem\",\"position\":1,\"name\":\"Strona g\u0142\u00f3wna\",\"item\":\"https:\\\/\\\/pisg.wgsr.uw.edu.pl\\\/\"},{\"@type\":\"ListItem\",\"position\":2,\"name\":\"Tomy\",\"item\":\"https:\\\/\\\/pisg.wgsr.uw.edu.pl\\\/?page_id=97\"},{\"@type\":\"ListItem\",\"position\":3,\"name\":\"Tom 63, zeszyt 3 [Volume 63, Issue 3] \u2013 red. Anna Dudek\"}]},{\"@type\":\"WebSite\",\"@id\":\"https:\\\/\\\/pisg.wgsr.uw.edu.pl\\\/#website\",\"url\":\"https:\\\/\\\/pisg.wgsr.uw.edu.pl\\\/\",\"name\":\"Prace i Studia Geograficzne | Studies in Geography\",\"description\":\"Prace i Studia Geograficzne s\u0105 recenzowanym czasopismem wydawanym przez Wydzia\u0142 Geografii i Studi\u00f3w Regionalnych Uniwersytetu Warszawskiego\",\"potentialAction\":[{\"@type\":\"SearchAction\",\"target\":{\"@type\":\"EntryPoint\",\"urlTemplate\":\"https:\\\/\\\/pisg.wgsr.uw.edu.pl\\\/?s={search_term_string}\"},\"query-input\":{\"@type\":\"PropertyValueSpecification\",\"valueRequired\":true,\"valueName\":\"search_term_string\"}}],\"inLanguage\":\"pl-PL\"}]}<\/script>\n<!-- \/ Yoast SEO plugin. -->","yoast_head_json":{"title":"Tom 63, zeszyt 3 [Volume 63, Issue 3] \u2013 red. Anna Dudek - Prace i Studia Geograficzne | Studies in Geography","robots":{"index":"index","follow":"follow","max-snippet":"max-snippet:-1","max-image-preview":"max-image-preview:large","max-video-preview":"max-video-preview:-1"},"canonical":"https:\/\/pisg.wgsr.uw.edu.pl\/?page_id=534","og_locale":"pl_PL","og_type":"article","og_title":"Tom 63, zeszyt 3 [Volume 63, Issue 3] \u2013 red. Anna Dudek - Prace i Studia Geograficzne | Studies in Geography","og_description":"Strony tytu\u0142owe i spis tre\u015bci Maciej BARTOLD\u00a0Wyznaczanie pocz\u0105tku i ko\u0144ca okresu wegetacyjnego las\u00f3w li\u015bciastych w Polsce na podstawie wieloletnich obserwacji satelitarnych SPOT Vegetation i Proba-V \/ Determining the onset and the end of the growing season of the broad-leaved forests over Poland using long-term SPOT Vegetation and Proba-V satellite observations Izabela LASKOWICZ, Teresa MROZEK\u00a0Redukcja ryzyka [&hellip;]","og_url":"https:\/\/pisg.wgsr.uw.edu.pl\/?page_id=534","og_site_name":"Prace i Studia Geograficzne | Studies in Geography","article_modified_time":"2025-10-10T10:08:15+00:00","twitter_card":"summary_large_image","twitter_misc":{"Szacowany czas czytania":"2 minuty"},"schema":{"@context":"https:\/\/schema.org","@graph":[{"@type":"WebPage","@id":"https:\/\/pisg.wgsr.uw.edu.pl\/?page_id=534","url":"https:\/\/pisg.wgsr.uw.edu.pl\/?page_id=534","name":"Tom 63, zeszyt 3 [Volume 63, Issue 3] \u2013 red. Anna Dudek - Prace i Studia Geograficzne | Studies in Geography","isPartOf":{"@id":"https:\/\/pisg.wgsr.uw.edu.pl\/#website"},"datePublished":"2020-03-31T08:33:14+00:00","dateModified":"2025-10-10T10:08:15+00:00","breadcrumb":{"@id":"https:\/\/pisg.wgsr.uw.edu.pl\/?page_id=534#breadcrumb"},"inLanguage":"pl-PL","potentialAction":[{"@type":"ReadAction","target":["https:\/\/pisg.wgsr.uw.edu.pl\/?page_id=534"]}]},{"@type":"BreadcrumbList","@id":"https:\/\/pisg.wgsr.uw.edu.pl\/?page_id=534#breadcrumb","itemListElement":[{"@type":"ListItem","position":1,"name":"Strona g\u0142\u00f3wna","item":"https:\/\/pisg.wgsr.uw.edu.pl\/"},{"@type":"ListItem","position":2,"name":"Tomy","item":"https:\/\/pisg.wgsr.uw.edu.pl\/?page_id=97"},{"@type":"ListItem","position":3,"name":"Tom 63, zeszyt 3 [Volume 63, Issue 3] \u2013 red. Anna Dudek"}]},{"@type":"WebSite","@id":"https:\/\/pisg.wgsr.uw.edu.pl\/#website","url":"https:\/\/pisg.wgsr.uw.edu.pl\/","name":"Prace i Studia Geograficzne | Studies in Geography","description":"Prace i Studia Geograficzne s\u0105 recenzowanym czasopismem wydawanym przez Wydzia\u0142 Geografii i Studi\u00f3w Regionalnych Uniwersytetu Warszawskiego","potentialAction":[{"@type":"SearchAction","target":{"@type":"EntryPoint","urlTemplate":"https:\/\/pisg.wgsr.uw.edu.pl\/?s={search_term_string}"},"query-input":{"@type":"PropertyValueSpecification","valueRequired":true,"valueName":"search_term_string"}}],"inLanguage":"pl-PL"}]}},"_links":{"self":[{"href":"https:\/\/pisg.wgsr.uw.edu.pl\/index.php?rest_route=\/wp\/v2\/pages\/534","targetHints":{"allow":["GET"]}}],"collection":[{"href":"https:\/\/pisg.wgsr.uw.edu.pl\/index.php?rest_route=\/wp\/v2\/pages"}],"about":[{"href":"https:\/\/pisg.wgsr.uw.edu.pl\/index.php?rest_route=\/wp\/v2\/types\/page"}],"author":[{"embeddable":true,"href":"https:\/\/pisg.wgsr.uw.edu.pl\/index.php?rest_route=\/wp\/v2\/users\/2"}],"replies":[{"embeddable":true,"href":"https:\/\/pisg.wgsr.uw.edu.pl\/index.php?rest_route=%2Fwp%2Fv2%2Fcomments&post=534"}],"version-history":[{"count":3,"href":"https:\/\/pisg.wgsr.uw.edu.pl\/index.php?rest_route=\/wp\/v2\/pages\/534\/revisions"}],"predecessor-version":[{"id":3764,"href":"https:\/\/pisg.wgsr.uw.edu.pl\/index.php?rest_route=\/wp\/v2\/pages\/534\/revisions\/3764"}],"up":[{"embeddable":true,"href":"https:\/\/pisg.wgsr.uw.edu.pl\/index.php?rest_route=\/wp\/v2\/pages\/97"}],"wp:attachment":[{"href":"https:\/\/pisg.wgsr.uw.edu.pl\/index.php?rest_route=%2Fwp%2Fv2%2Fmedia&parent=534"}],"curies":[{"name":"wp","href":"https:\/\/api.w.org\/{rel}","templated":true}]}}