{"id":538,"date":"2020-03-31T10:36:21","date_gmt":"2020-03-31T08:36:21","guid":{"rendered":"http:\/\/wgsr.uw.edu.pl\/pisg\/?page_id=538"},"modified":"2025-10-10T09:46:01","modified_gmt":"2025-10-10T09:46:01","slug":"tom-63-zeszyt-2-volume-63-issue-2-red-joanna-krukowska","status":"publish","type":"page","link":"https:\/\/pisg.wgsr.uw.edu.pl\/?page_id=538","title":{"rendered":"Tom 63, zeszyt 2 [Volume 63, Issue 2] \u2013 red. Joanna Krukowska"},"content":{"rendered":"\r\n<p><a href=\"https:\/\/pisg.wgsr.uw.edu.pl\/?attachment_id=3750\">Strony tytu\u0142owe i spis tre\u015bci<\/a><\/p>\r\n\r\n\r\n\r\n<p><strong>Anna LEJZEROWICZ, Sebastian KOWALCZYK<\/strong><a href=\"http:\/\/wgsr.uw.edu.pl\/wgsr\/wp-content\/uploads\/2018\/06\/01_Lejzerowicz_A_25-05-2018.pdf\">\u00a0<\/a><a href=\"http:\/\/pisg.wgsr.uw.edu.pl\/\/?p=1383\">U\u017cyteczno\u015b\u0107 bada\u0144 GPR do identyfikacji cech wewn\u0119trznych osad\u00f3w rzeki Wis\u0142y na obszarach NATURA 2000 \/ Usefulness of GPR surveys for identification of internal features of Vistula River deposits in Natura 2000 areas<\/a><\/p>\r\n\r\n\r\n\r\n<p><strong>Ewa DAWIDEJT-DROBEK, Wies\u0142aw DROBEK<\/strong><a href=\"http:\/\/wgsr.uw.edu.pl\/wgsr\/wp-content\/uploads\/2018\/06\/02_Dawidejt-Drobek_Drobek_27-04-2018.pdf\">\u00a0<\/a><a href=\"http:\/\/pisg.wgsr.uw.edu.pl\/\/?p=1388\">Turystyka i przestrze\u0144 w kontek\u015bcie pami\u0119ci kulturowej (na przyk\u0142adzie powiat\u00f3w nyskiego i prudnickiego) \/Tourism and space in the context of cultural memory (case studies of the Counties of Nysa and Prudnik)<\/a><\/p>\r\n\r\n\r\n\r\n<p><strong>Katarzyna KAMLER<\/strong><a href=\"http:\/\/wgsr.uw.edu.pl\/wgsr\/wp-content\/uploads\/2018\/06\/03_Kamler_K_25_05_2018.pdf\">\u00a0<\/a><a href=\"http:\/\/pisg.wgsr.uw.edu.pl\/\/?p=1392\">Dziedzictwo \u017cydowskie Bia\u0142egostoku i mo\u017cliwo\u015bci jego wykorzystania w turystyce \/ Jewish heritage of Bia\u0142ystok and the possibilities of its use in tourism<\/a><\/p>\r\n\r\n\r\n\r\n<p><strong>Aleksandra<\/strong>\u00a0<strong>PICEJ<\/strong>\u00a0<a href=\"http:\/\/pisg.wgsr.uw.edu.pl\/\/?p=1396\">Zinstytucjonalizowane sieci wsp\u00f3\u0142pracy gmin w gospodarce odpadami komunalnymi w Polsce\/Institutionalized inter-municipal cooperation networks in the area of solid waste management in Poland<\/a><\/p>\r\n\r\n\r\n\r\n<p><strong>Marta SZYLAR, Katarzyna CEGIELSKA, Anita KUKULSKA<\/strong>\u00a0<a href=\"http:\/\/pisg.wgsr.uw.edu.pl\/\/?p=1400\">Aplikacja narz\u0119dzi GIS do tworzenia studialnych opracowa\u0144 planistyczno-przestrzennych \/ Application of GIS tools for spatial planning analysis<\/a><\/p>\r\n\r\n\r\n\r\n<p><strong>Monika KORDOWSKA<\/strong><a href=\"http:\/\/pisg.wgsr.uw.edu.pl\/\/?p=1405\">\u00a0Przydatno\u015b\u0107 polskich obszar\u00f3w Ramsar dla turystyki ornitologicznej \/ The usefulness of the Ramsar sites of Poland for ornithological tourism<\/a><\/p>\r\n\r\n\r\n\r\n<p><strong>Mateusz ROGOWSKI<\/strong><a href=\"http:\/\/pisg.wgsr.uw.edu.pl\/\/?p=1409\">\u00a0Multisensoryczno\u015b\u0107 krajobrazu w przestrzeni turystycznej \u2013 kontekst badawczy \/ The landscape multi-sensory of tourism space \u2013 research context<\/a><\/p>\r\n\r\n\r\n\r\n<p>(data publikacji online: 27.06.2018)<\/p>\r\n","protected":false},"excerpt":{"rendered":"<p>Strony tytu\u0142owe i spis tre\u015bci Anna LEJZEROWICZ, Sebastian KOWALCZYK\u00a0U\u017cyteczno\u015b\u0107 bada\u0144 GPR do identyfikacji cech wewn\u0119trznych osad\u00f3w rzeki Wis\u0142y na obszarach NATURA 2000 \/ Usefulness of GPR surveys for identification of internal features of Vistula River deposits in Natura 2000 areas Ewa DAWIDEJT-DROBEK, Wies\u0142aw DROBEK\u00a0Turystyka i przestrze\u0144 w kontek\u015bcie pami\u0119ci kulturowej (na przyk\u0142adzie powiat\u00f3w nyskiego i [&hellip;]<\/p>\n","protected":false},"author":2,"featured_media":0,"parent":97,"menu_order":7,"comment_status":"closed","ping_status":"closed","template":"","meta":{"_monsterinsights_skip_tracking":false,"_monsterinsights_sitenote_active":false,"_monsterinsights_sitenote_note":"","_monsterinsights_sitenote_category":0,"footnotes":""},"class_list":["post-538","page","type-page","status-publish","hentry","post"],"yoast_head":"<!-- This site is optimized with the Yoast SEO plugin v27.5 - https:\/\/yoast.com\/product\/yoast-seo-wordpress\/ -->\n<title>Tom 63, zeszyt 2 [Volume 63, Issue 2] \u2013 red. Joanna Krukowska - Prace i Studia Geograficzne | Studies in Geography<\/title>\n<meta name=\"robots\" content=\"index, follow, max-snippet:-1, max-image-preview:large, max-video-preview:-1\" \/>\n<link rel=\"canonical\" href=\"https:\/\/pisg.wgsr.uw.edu.pl\/?page_id=538\" \/>\n<meta property=\"og:locale\" content=\"pl_PL\" \/>\n<meta property=\"og:type\" content=\"article\" \/>\n<meta property=\"og:title\" content=\"Tom 63, zeszyt 2 [Volume 63, Issue 2] \u2013 red. Joanna Krukowska - Prace i Studia Geograficzne | Studies in Geography\" \/>\n<meta property=\"og:description\" content=\"Strony tytu\u0142owe i spis tre\u015bci Anna LEJZEROWICZ, Sebastian KOWALCZYK\u00a0U\u017cyteczno\u015b\u0107 bada\u0144 GPR do identyfikacji cech wewn\u0119trznych osad\u00f3w rzeki Wis\u0142y na obszarach NATURA 2000 \/ Usefulness of GPR surveys for identification of internal features of Vistula River deposits in Natura 2000 areas Ewa DAWIDEJT-DROBEK, Wies\u0142aw DROBEK\u00a0Turystyka i przestrze\u0144 w kontek\u015bcie pami\u0119ci kulturowej (na przyk\u0142adzie powiat\u00f3w nyskiego i [&hellip;]\" \/>\n<meta property=\"og:url\" content=\"https:\/\/pisg.wgsr.uw.edu.pl\/?page_id=538\" \/>\n<meta property=\"og:site_name\" content=\"Prace i Studia Geograficzne | Studies in Geography\" \/>\n<meta property=\"article:modified_time\" content=\"2025-10-10T09:46:01+00:00\" \/>\n<meta name=\"twitter:card\" content=\"summary_large_image\" \/>\n<meta name=\"twitter:label1\" content=\"Szacowany czas czytania\" \/>\n\t<meta name=\"twitter:data1\" content=\"2 minuty\" \/>\n<script type=\"application\/ld+json\" class=\"yoast-schema-graph\">{\"@context\":\"https:\\\/\\\/schema.org\",\"@graph\":[{\"@type\":\"WebPage\",\"@id\":\"https:\\\/\\\/pisg.wgsr.uw.edu.pl\\\/?page_id=538\",\"url\":\"https:\\\/\\\/pisg.wgsr.uw.edu.pl\\\/?page_id=538\",\"name\":\"Tom 63, zeszyt 2 [Volume 63, Issue 2] \u2013 red. Joanna Krukowska - Prace i Studia Geograficzne | Studies in Geography\",\"isPartOf\":{\"@id\":\"https:\\\/\\\/pisg.wgsr.uw.edu.pl\\\/#website\"},\"datePublished\":\"2020-03-31T08:36:21+00:00\",\"dateModified\":\"2025-10-10T09:46:01+00:00\",\"breadcrumb\":{\"@id\":\"https:\\\/\\\/pisg.wgsr.uw.edu.pl\\\/?page_id=538#breadcrumb\"},\"inLanguage\":\"pl-PL\",\"potentialAction\":[{\"@type\":\"ReadAction\",\"target\":[\"https:\\\/\\\/pisg.wgsr.uw.edu.pl\\\/?page_id=538\"]}]},{\"@type\":\"BreadcrumbList\",\"@id\":\"https:\\\/\\\/pisg.wgsr.uw.edu.pl\\\/?page_id=538#breadcrumb\",\"itemListElement\":[{\"@type\":\"ListItem\",\"position\":1,\"name\":\"Strona g\u0142\u00f3wna\",\"item\":\"https:\\\/\\\/pisg.wgsr.uw.edu.pl\\\/\"},{\"@type\":\"ListItem\",\"position\":2,\"name\":\"Tomy\",\"item\":\"https:\\\/\\\/pisg.wgsr.uw.edu.pl\\\/?page_id=97\"},{\"@type\":\"ListItem\",\"position\":3,\"name\":\"Tom 63, zeszyt 2 [Volume 63, Issue 2] \u2013 red. Joanna Krukowska\"}]},{\"@type\":\"WebSite\",\"@id\":\"https:\\\/\\\/pisg.wgsr.uw.edu.pl\\\/#website\",\"url\":\"https:\\\/\\\/pisg.wgsr.uw.edu.pl\\\/\",\"name\":\"Prace i Studia Geograficzne | Studies in Geography\",\"description\":\"Prace i Studia Geograficzne s\u0105 recenzowanym czasopismem wydawanym przez Wydzia\u0142 Geografii i Studi\u00f3w Regionalnych Uniwersytetu Warszawskiego\",\"potentialAction\":[{\"@type\":\"SearchAction\",\"target\":{\"@type\":\"EntryPoint\",\"urlTemplate\":\"https:\\\/\\\/pisg.wgsr.uw.edu.pl\\\/?s={search_term_string}\"},\"query-input\":{\"@type\":\"PropertyValueSpecification\",\"valueRequired\":true,\"valueName\":\"search_term_string\"}}],\"inLanguage\":\"pl-PL\"}]}<\/script>\n<!-- \/ Yoast SEO plugin. -->","yoast_head_json":{"title":"Tom 63, zeszyt 2 [Volume 63, Issue 2] \u2013 red. Joanna Krukowska - Prace i Studia Geograficzne | Studies in Geography","robots":{"index":"index","follow":"follow","max-snippet":"max-snippet:-1","max-image-preview":"max-image-preview:large","max-video-preview":"max-video-preview:-1"},"canonical":"https:\/\/pisg.wgsr.uw.edu.pl\/?page_id=538","og_locale":"pl_PL","og_type":"article","og_title":"Tom 63, zeszyt 2 [Volume 63, Issue 2] \u2013 red. Joanna Krukowska - Prace i Studia Geograficzne | Studies in Geography","og_description":"Strony tytu\u0142owe i spis tre\u015bci Anna LEJZEROWICZ, Sebastian KOWALCZYK\u00a0U\u017cyteczno\u015b\u0107 bada\u0144 GPR do identyfikacji cech wewn\u0119trznych osad\u00f3w rzeki Wis\u0142y na obszarach NATURA 2000 \/ Usefulness of GPR surveys for identification of internal features of Vistula River deposits in Natura 2000 areas Ewa DAWIDEJT-DROBEK, Wies\u0142aw DROBEK\u00a0Turystyka i przestrze\u0144 w kontek\u015bcie pami\u0119ci kulturowej (na przyk\u0142adzie powiat\u00f3w nyskiego i [&hellip;]","og_url":"https:\/\/pisg.wgsr.uw.edu.pl\/?page_id=538","og_site_name":"Prace i Studia Geograficzne | Studies in Geography","article_modified_time":"2025-10-10T09:46:01+00:00","twitter_card":"summary_large_image","twitter_misc":{"Szacowany czas czytania":"2 minuty"},"schema":{"@context":"https:\/\/schema.org","@graph":[{"@type":"WebPage","@id":"https:\/\/pisg.wgsr.uw.edu.pl\/?page_id=538","url":"https:\/\/pisg.wgsr.uw.edu.pl\/?page_id=538","name":"Tom 63, zeszyt 2 [Volume 63, Issue 2] \u2013 red. Joanna Krukowska - Prace i Studia Geograficzne | Studies in Geography","isPartOf":{"@id":"https:\/\/pisg.wgsr.uw.edu.pl\/#website"},"datePublished":"2020-03-31T08:36:21+00:00","dateModified":"2025-10-10T09:46:01+00:00","breadcrumb":{"@id":"https:\/\/pisg.wgsr.uw.edu.pl\/?page_id=538#breadcrumb"},"inLanguage":"pl-PL","potentialAction":[{"@type":"ReadAction","target":["https:\/\/pisg.wgsr.uw.edu.pl\/?page_id=538"]}]},{"@type":"BreadcrumbList","@id":"https:\/\/pisg.wgsr.uw.edu.pl\/?page_id=538#breadcrumb","itemListElement":[{"@type":"ListItem","position":1,"name":"Strona g\u0142\u00f3wna","item":"https:\/\/pisg.wgsr.uw.edu.pl\/"},{"@type":"ListItem","position":2,"name":"Tomy","item":"https:\/\/pisg.wgsr.uw.edu.pl\/?page_id=97"},{"@type":"ListItem","position":3,"name":"Tom 63, zeszyt 2 [Volume 63, Issue 2] \u2013 red. Joanna Krukowska"}]},{"@type":"WebSite","@id":"https:\/\/pisg.wgsr.uw.edu.pl\/#website","url":"https:\/\/pisg.wgsr.uw.edu.pl\/","name":"Prace i Studia Geograficzne | Studies in Geography","description":"Prace i Studia Geograficzne s\u0105 recenzowanym czasopismem wydawanym przez Wydzia\u0142 Geografii i Studi\u00f3w Regionalnych Uniwersytetu Warszawskiego","potentialAction":[{"@type":"SearchAction","target":{"@type":"EntryPoint","urlTemplate":"https:\/\/pisg.wgsr.uw.edu.pl\/?s={search_term_string}"},"query-input":{"@type":"PropertyValueSpecification","valueRequired":true,"valueName":"search_term_string"}}],"inLanguage":"pl-PL"}]}},"_links":{"self":[{"href":"https:\/\/pisg.wgsr.uw.edu.pl\/index.php?rest_route=\/wp\/v2\/pages\/538","targetHints":{"allow":["GET"]}}],"collection":[{"href":"https:\/\/pisg.wgsr.uw.edu.pl\/index.php?rest_route=\/wp\/v2\/pages"}],"about":[{"href":"https:\/\/pisg.wgsr.uw.edu.pl\/index.php?rest_route=\/wp\/v2\/types\/page"}],"author":[{"embeddable":true,"href":"https:\/\/pisg.wgsr.uw.edu.pl\/index.php?rest_route=\/wp\/v2\/users\/2"}],"replies":[{"embeddable":true,"href":"https:\/\/pisg.wgsr.uw.edu.pl\/index.php?rest_route=%2Fwp%2Fv2%2Fcomments&post=538"}],"version-history":[{"count":2,"href":"https:\/\/pisg.wgsr.uw.edu.pl\/index.php?rest_route=\/wp\/v2\/pages\/538\/revisions"}],"predecessor-version":[{"id":3751,"href":"https:\/\/pisg.wgsr.uw.edu.pl\/index.php?rest_route=\/wp\/v2\/pages\/538\/revisions\/3751"}],"up":[{"embeddable":true,"href":"https:\/\/pisg.wgsr.uw.edu.pl\/index.php?rest_route=\/wp\/v2\/pages\/97"}],"wp:attachment":[{"href":"https:\/\/pisg.wgsr.uw.edu.pl\/index.php?rest_route=%2Fwp%2Fv2%2Fmedia&parent=538"}],"curies":[{"name":"wp","href":"https:\/\/api.w.org\/{rel}","templated":true}]}}