{"id":543,"date":"2020-03-31T10:39:35","date_gmt":"2020-03-31T08:39:35","guid":{"rendered":"http:\/\/wgsr.uw.edu.pl\/pisg\/?page_id=543"},"modified":"2025-10-10T09:09:17","modified_gmt":"2025-10-10T09:09:17","slug":"tom-63-zeszyt-1-volume-63-issue-1-red-andrzej-richling-jerzy-lechnio","status":"publish","type":"page","link":"https:\/\/pisg.wgsr.uw.edu.pl\/?page_id=543","title":{"rendered":"Tom 63, zeszyt 1 [Volume 63, Issue 1] \u2013 red. Andrzej Richling, Jerzy Lechnio"},"content":{"rendered":"\r\n<p><a href=\"https:\/\/pisg.wgsr.uw.edu.pl\/wp-content\/uploads\/pisg\/T63_1\/T63_1_Strony_redakcyjne_18-04-2018.pdf\">Strony tytu\u0142owe i spis tre\u015bci<\/a><\/p>\r\n\r\n\r\n\r\n<p><strong>Andrzej RICHLING, Jerzy LECHNIO<\/strong><a href=\"https:\/\/pisg.wgsr.uw.edu.pl\/?attachment_id=3739\">\u00a0Wst\u0119p \/ Introduction<\/a><\/p>\r\n\r\n\r\n\r\n<p><strong>Andrzej RICHLING<\/strong>\u00a0<a href=\"http:\/\/pisg.wgsr.uw.edu.pl\/\/?p=1413\">Regionalizacja \u2013 wybrane zagadnienia \/ Regionalization \u2013 selected issues<\/a><\/p>\r\n\r\n\r\n\r\n<p><strong>Mariusz KISTOWSKI<\/strong>\u00a0<a href=\"http:\/\/pisg.wgsr.uw.edu.pl\/\/?p=1417\">Propozycja delimitacji mikroregion\u00f3w fizycznogeograficznych Pojezierza Kaszubskiego w \u015bwietle wsp\u00f3\u0142czesnych \u017ar\u00f3de\u0142 i metod badawczych \/ The proposal of physicalgeographical microregions delimitation for Cassubian Lakeland in the light of contemporary study sources and methods<\/a><\/p>\r\n\r\n\r\n\r\n<p><strong>Tomasz GRABOWSKI, Andrzej HARASIUMIUK, Alina GERL\u00c9E<\/strong>\u00a0<a href=\"http:\/\/pisg.wgsr.uw.edu.pl\/\/?p=1420\">Doliny rzeczne \u2013 k\u0142opot regionalizacji fizycznogeograficznej \/ River valleys \u2013 the trouble of the physico-geographical regionalization<\/a><\/p>\r\n\r\n\r\n\r\n<p><strong>Rafa\u0142 KOT<\/strong>\u00a0<a href=\"http:\/\/pisg.wgsr.uw.edu.pl\/\/?p=1425\">Trudno\u015bci wyznaczania granic mezoregion\u00f3w fizycznogeograficznych w dolinach na przyk\u0142adzie fragmentu Pradoliny Toru\u0144sko-Eberswaldzkiej \/ Difficulties in delimiting the boundaries of physico-geographical mesoregions in valleys \u2013 an example from part of the Toru\u0144-Eberswalde Ice-Marginal Valley<\/a><\/p>\r\n\r\n\r\n\r\n<p><strong>Krzysztof BADORA<\/strong>\u00a0<a href=\"http:\/\/pisg.wgsr.uw.edu.pl\/\/?p=1429\">Propozycja regionalizacji fizycznogeograficznej Sudet\u00f3w Wschodnich \/ Proposition for physico-geographical regionalization of Eastern Sudetes<\/a><\/p>\r\n\r\n\r\n\r\n<p><strong>Jerzy LECHNIO, Ewa MALINOWSKA<\/strong>\u00a0<a href=\"http:\/\/pisg.wgsr.uw.edu.pl\/\/?p=1432\">Weryfikacja granic mezoregion\u00f3w fizycznogeograficznych w zasi\u0119gu wojew\u00f3dztwa mazowieckiego \/ Physico-geographical mesoregions boundaries verification within the Masovian voivodeship<\/a><\/p>\r\n\r\n\r\n\r\n<p><strong>Anna MAJCHROWSKA, El\u017cbieta PAPI\u0143SKA<\/strong>\u00a0<a href=\"http:\/\/pisg.wgsr.uw.edu.pl\/\/?p=1435\">Weryfikacja i uszczeg\u00f3\u0142owienie granic mezoregion\u00f3w fizycznogeograficznych wojew\u00f3dztwa \u0142\u00f3dzkiego na podstawie wsp\u00f3\u0142czesnych danych przestrzennych \/ Verification and refinement of the boundaries of physicogeographical mesoregions in the \u0141\u00f3d\u017a voivodeship based on contemporary spatial data<\/a><\/p>\r\n\r\n\r\n\r\n<p>(data publikacji online: 19.04.2018)<\/p>\r\n","protected":false},"excerpt":{"rendered":"<p>Strony tytu\u0142owe i spis tre\u015bci Andrzej RICHLING, Jerzy LECHNIO\u00a0Wst\u0119p \/ Introduction Andrzej RICHLING\u00a0Regionalizacja \u2013 wybrane zagadnienia \/ Regionalization \u2013 selected issues Mariusz KISTOWSKI\u00a0Propozycja delimitacji mikroregion\u00f3w fizycznogeograficznych Pojezierza Kaszubskiego w \u015bwietle wsp\u00f3\u0142czesnych \u017ar\u00f3de\u0142 i metod badawczych \/ The proposal of physicalgeographical microregions delimitation for Cassubian Lakeland in the light of contemporary study sources and methods Tomasz [&hellip;]<\/p>\n","protected":false},"author":2,"featured_media":0,"parent":97,"menu_order":8,"comment_status":"closed","ping_status":"closed","template":"","meta":{"_monsterinsights_skip_tracking":false,"_monsterinsights_sitenote_active":false,"_monsterinsights_sitenote_note":"","_monsterinsights_sitenote_category":0,"footnotes":""},"class_list":["post-543","page","type-page","status-publish","hentry","post"],"yoast_head":"<!-- This site is optimized with the Yoast SEO plugin v27.5 - https:\/\/yoast.com\/product\/yoast-seo-wordpress\/ -->\n<title>Tom 63, zeszyt 1 [Volume 63, Issue 1] \u2013 red. Andrzej Richling, Jerzy Lechnio - Prace i Studia Geograficzne | Studies in Geography<\/title>\n<meta name=\"robots\" content=\"index, follow, max-snippet:-1, max-image-preview:large, max-video-preview:-1\" \/>\n<link rel=\"canonical\" href=\"https:\/\/pisg.wgsr.uw.edu.pl\/?page_id=543\" \/>\n<meta property=\"og:locale\" content=\"pl_PL\" \/>\n<meta property=\"og:type\" content=\"article\" \/>\n<meta property=\"og:title\" content=\"Tom 63, zeszyt 1 [Volume 63, Issue 1] \u2013 red. Andrzej Richling, Jerzy Lechnio - Prace i Studia Geograficzne | Studies in Geography\" \/>\n<meta property=\"og:description\" content=\"Strony tytu\u0142owe i spis tre\u015bci Andrzej RICHLING, Jerzy LECHNIO\u00a0Wst\u0119p \/ Introduction Andrzej RICHLING\u00a0Regionalizacja \u2013 wybrane zagadnienia \/ Regionalization \u2013 selected issues Mariusz KISTOWSKI\u00a0Propozycja delimitacji mikroregion\u00f3w fizycznogeograficznych Pojezierza Kaszubskiego w \u015bwietle wsp\u00f3\u0142czesnych \u017ar\u00f3de\u0142 i metod badawczych \/ The proposal of physicalgeographical microregions delimitation for Cassubian Lakeland in the light of contemporary study sources and methods Tomasz [&hellip;]\" \/>\n<meta property=\"og:url\" content=\"https:\/\/pisg.wgsr.uw.edu.pl\/?page_id=543\" \/>\n<meta property=\"og:site_name\" content=\"Prace i Studia Geograficzne | Studies in Geography\" \/>\n<meta property=\"article:modified_time\" content=\"2025-10-10T09:09:17+00:00\" \/>\n<meta name=\"twitter:card\" content=\"summary_large_image\" \/>\n<meta name=\"twitter:label1\" content=\"Szacowany czas czytania\" \/>\n\t<meta name=\"twitter:data1\" content=\"2 minuty\" \/>\n<script type=\"application\/ld+json\" class=\"yoast-schema-graph\">{\"@context\":\"https:\\\/\\\/schema.org\",\"@graph\":[{\"@type\":\"WebPage\",\"@id\":\"https:\\\/\\\/pisg.wgsr.uw.edu.pl\\\/?page_id=543\",\"url\":\"https:\\\/\\\/pisg.wgsr.uw.edu.pl\\\/?page_id=543\",\"name\":\"Tom 63, zeszyt 1 [Volume 63, Issue 1] \u2013 red. Andrzej Richling, Jerzy Lechnio - Prace i Studia Geograficzne | Studies in Geography\",\"isPartOf\":{\"@id\":\"https:\\\/\\\/pisg.wgsr.uw.edu.pl\\\/#website\"},\"datePublished\":\"2020-03-31T08:39:35+00:00\",\"dateModified\":\"2025-10-10T09:09:17+00:00\",\"breadcrumb\":{\"@id\":\"https:\\\/\\\/pisg.wgsr.uw.edu.pl\\\/?page_id=543#breadcrumb\"},\"inLanguage\":\"pl-PL\",\"potentialAction\":[{\"@type\":\"ReadAction\",\"target\":[\"https:\\\/\\\/pisg.wgsr.uw.edu.pl\\\/?page_id=543\"]}]},{\"@type\":\"BreadcrumbList\",\"@id\":\"https:\\\/\\\/pisg.wgsr.uw.edu.pl\\\/?page_id=543#breadcrumb\",\"itemListElement\":[{\"@type\":\"ListItem\",\"position\":1,\"name\":\"Strona g\u0142\u00f3wna\",\"item\":\"https:\\\/\\\/pisg.wgsr.uw.edu.pl\\\/\"},{\"@type\":\"ListItem\",\"position\":2,\"name\":\"Tomy\",\"item\":\"https:\\\/\\\/pisg.wgsr.uw.edu.pl\\\/?page_id=97\"},{\"@type\":\"ListItem\",\"position\":3,\"name\":\"Tom 63, zeszyt 1 [Volume 63, Issue 1] \u2013 red. Andrzej Richling, Jerzy Lechnio\"}]},{\"@type\":\"WebSite\",\"@id\":\"https:\\\/\\\/pisg.wgsr.uw.edu.pl\\\/#website\",\"url\":\"https:\\\/\\\/pisg.wgsr.uw.edu.pl\\\/\",\"name\":\"Prace i Studia Geograficzne | Studies in Geography\",\"description\":\"Prace i Studia Geograficzne s\u0105 recenzowanym czasopismem wydawanym przez Wydzia\u0142 Geografii i Studi\u00f3w Regionalnych Uniwersytetu Warszawskiego\",\"potentialAction\":[{\"@type\":\"SearchAction\",\"target\":{\"@type\":\"EntryPoint\",\"urlTemplate\":\"https:\\\/\\\/pisg.wgsr.uw.edu.pl\\\/?s={search_term_string}\"},\"query-input\":{\"@type\":\"PropertyValueSpecification\",\"valueRequired\":true,\"valueName\":\"search_term_string\"}}],\"inLanguage\":\"pl-PL\"}]}<\/script>\n<!-- \/ Yoast SEO plugin. -->","yoast_head_json":{"title":"Tom 63, zeszyt 1 [Volume 63, Issue 1] \u2013 red. Andrzej Richling, Jerzy Lechnio - Prace i Studia Geograficzne | Studies in Geography","robots":{"index":"index","follow":"follow","max-snippet":"max-snippet:-1","max-image-preview":"max-image-preview:large","max-video-preview":"max-video-preview:-1"},"canonical":"https:\/\/pisg.wgsr.uw.edu.pl\/?page_id=543","og_locale":"pl_PL","og_type":"article","og_title":"Tom 63, zeszyt 1 [Volume 63, Issue 1] \u2013 red. Andrzej Richling, Jerzy Lechnio - Prace i Studia Geograficzne | Studies in Geography","og_description":"Strony tytu\u0142owe i spis tre\u015bci Andrzej RICHLING, Jerzy LECHNIO\u00a0Wst\u0119p \/ Introduction Andrzej RICHLING\u00a0Regionalizacja \u2013 wybrane zagadnienia \/ Regionalization \u2013 selected issues Mariusz KISTOWSKI\u00a0Propozycja delimitacji mikroregion\u00f3w fizycznogeograficznych Pojezierza Kaszubskiego w \u015bwietle wsp\u00f3\u0142czesnych \u017ar\u00f3de\u0142 i metod badawczych \/ The proposal of physicalgeographical microregions delimitation for Cassubian Lakeland in the light of contemporary study sources and methods Tomasz [&hellip;]","og_url":"https:\/\/pisg.wgsr.uw.edu.pl\/?page_id=543","og_site_name":"Prace i Studia Geograficzne | Studies in Geography","article_modified_time":"2025-10-10T09:09:17+00:00","twitter_card":"summary_large_image","twitter_misc":{"Szacowany czas czytania":"2 minuty"},"schema":{"@context":"https:\/\/schema.org","@graph":[{"@type":"WebPage","@id":"https:\/\/pisg.wgsr.uw.edu.pl\/?page_id=543","url":"https:\/\/pisg.wgsr.uw.edu.pl\/?page_id=543","name":"Tom 63, zeszyt 1 [Volume 63, Issue 1] \u2013 red. Andrzej Richling, Jerzy Lechnio - Prace i Studia Geograficzne | Studies in Geography","isPartOf":{"@id":"https:\/\/pisg.wgsr.uw.edu.pl\/#website"},"datePublished":"2020-03-31T08:39:35+00:00","dateModified":"2025-10-10T09:09:17+00:00","breadcrumb":{"@id":"https:\/\/pisg.wgsr.uw.edu.pl\/?page_id=543#breadcrumb"},"inLanguage":"pl-PL","potentialAction":[{"@type":"ReadAction","target":["https:\/\/pisg.wgsr.uw.edu.pl\/?page_id=543"]}]},{"@type":"BreadcrumbList","@id":"https:\/\/pisg.wgsr.uw.edu.pl\/?page_id=543#breadcrumb","itemListElement":[{"@type":"ListItem","position":1,"name":"Strona g\u0142\u00f3wna","item":"https:\/\/pisg.wgsr.uw.edu.pl\/"},{"@type":"ListItem","position":2,"name":"Tomy","item":"https:\/\/pisg.wgsr.uw.edu.pl\/?page_id=97"},{"@type":"ListItem","position":3,"name":"Tom 63, zeszyt 1 [Volume 63, Issue 1] \u2013 red. Andrzej Richling, Jerzy Lechnio"}]},{"@type":"WebSite","@id":"https:\/\/pisg.wgsr.uw.edu.pl\/#website","url":"https:\/\/pisg.wgsr.uw.edu.pl\/","name":"Prace i Studia Geograficzne | Studies in Geography","description":"Prace i Studia Geograficzne s\u0105 recenzowanym czasopismem wydawanym przez Wydzia\u0142 Geografii i Studi\u00f3w Regionalnych Uniwersytetu Warszawskiego","potentialAction":[{"@type":"SearchAction","target":{"@type":"EntryPoint","urlTemplate":"https:\/\/pisg.wgsr.uw.edu.pl\/?s={search_term_string}"},"query-input":{"@type":"PropertyValueSpecification","valueRequired":true,"valueName":"search_term_string"}}],"inLanguage":"pl-PL"}]}},"_links":{"self":[{"href":"https:\/\/pisg.wgsr.uw.edu.pl\/index.php?rest_route=\/wp\/v2\/pages\/543","targetHints":{"allow":["GET"]}}],"collection":[{"href":"https:\/\/pisg.wgsr.uw.edu.pl\/index.php?rest_route=\/wp\/v2\/pages"}],"about":[{"href":"https:\/\/pisg.wgsr.uw.edu.pl\/index.php?rest_route=\/wp\/v2\/types\/page"}],"author":[{"embeddable":true,"href":"https:\/\/pisg.wgsr.uw.edu.pl\/index.php?rest_route=\/wp\/v2\/users\/2"}],"replies":[{"embeddable":true,"href":"https:\/\/pisg.wgsr.uw.edu.pl\/index.php?rest_route=%2Fwp%2Fv2%2Fcomments&post=543"}],"version-history":[{"count":5,"href":"https:\/\/pisg.wgsr.uw.edu.pl\/index.php?rest_route=\/wp\/v2\/pages\/543\/revisions"}],"predecessor-version":[{"id":3740,"href":"https:\/\/pisg.wgsr.uw.edu.pl\/index.php?rest_route=\/wp\/v2\/pages\/543\/revisions\/3740"}],"up":[{"embeddable":true,"href":"https:\/\/pisg.wgsr.uw.edu.pl\/index.php?rest_route=\/wp\/v2\/pages\/97"}],"wp:attachment":[{"href":"https:\/\/pisg.wgsr.uw.edu.pl\/index.php?rest_route=%2Fwp%2Fv2%2Fmedia&parent=543"}],"curies":[{"name":"wp","href":"https:\/\/api.w.org\/{rel}","templated":true}]}}