{"id":63,"date":"2020-03-05T20:16:27","date_gmt":"2020-03-05T19:16:27","guid":{"rendered":"http:\/\/wgsr.uw.edu.pl\/pisg\/?page_id=63"},"modified":"2024-03-08T19:55:14","modified_gmt":"2024-03-08T19:55:14","slug":"akceptacja","status":"publish","type":"page","link":"https:\/\/pisg.wgsr.uw.edu.pl\/?page_id=63","title":{"rendered":"Akceptacja materia\u0142u i korekta"},"content":{"rendered":"\r\n<p>Nades\u0142any materia\u0142 jest przedmiotem oceny cz\u0142onk\u00f3w Komitetu Redakcyjnego oraz 2 recenzent\u00f3w z jednostki innej ni\u017c Autor. Recenzje s\u0105 wykonywane z zachowaniem obustronnej anonimowo\u015bci. W przypadku rozbie\u017cnych recenzji powo\u0142ywany jest trzeci recenzent. Autorzy otrzymuj\u0105 recenzje w celu ustosunkowania si\u0119 do uwag. Ostateczne decyzje dotycz\u0105ce przyj\u0119cia, odrzucenia lub konieczno\u015bci wprowadzenia poprawek s\u0105 podejmowane przez Komitet Redakcyjny. Odrzucone materia\u0142y b\u0119d\u0105 zwracane Autorom. Artyku\u0142y publikowane s\u0105 w postaci elektronicznej (pdf <em>on-line<\/em>).<\/p>\r\n\r\n\r\n\r\n<p>Uwaga! Teksty niespe\u0142niaj\u0105ce zasad przedstawionej powy\u017cej instrukcji wydawniczej b\u0119d\u0105 odsy\u0142ane do Autor\u00f3w w celu ich autokorekty i dopiero potem dopuszczone do procesu recenzyjnego.<\/p>\r\n","protected":false},"excerpt":{"rendered":"<p>Nades\u0142any materia\u0142 jest przedmiotem oceny cz\u0142onk\u00f3w Komitetu Redakcyjnego oraz 2 recenzent\u00f3w z jednostki innej ni\u017c Autor. Recenzje s\u0105 wykonywane z zachowaniem obustronnej anonimowo\u015bci. W przypadku rozbie\u017cnych recenzji powo\u0142ywany jest trzeci recenzent. Autorzy otrzymuj\u0105 recenzje w celu ustosunkowania si\u0119 do uwag. Ostateczne decyzje dotycz\u0105ce przyj\u0119cia, odrzucenia lub konieczno\u015bci wprowadzenia poprawek s\u0105 podejmowane przez Komitet Redakcyjny. Odrzucone [&hellip;]<\/p>\n","protected":false},"author":2,"featured_media":0,"parent":0,"menu_order":5,"comment_status":"closed","ping_status":"closed","template":"","meta":{"_monsterinsights_skip_tracking":false,"_monsterinsights_sitenote_active":false,"_monsterinsights_sitenote_note":"","_monsterinsights_sitenote_category":0,"footnotes":""},"class_list":["post-63","page","type-page","status-publish","hentry","post"],"yoast_head":"<!-- This site is optimized with the Yoast SEO plugin v27.4 - https:\/\/yoast.com\/product\/yoast-seo-wordpress\/ -->\n<title>Akceptacja materia\u0142u i korekta - Prace i Studia Geograficzne | Studies in Geography<\/title>\n<meta name=\"description\" content=\"Nades\u0142any artyku\u0142 jest oceniany przez Komitet Redakcyjny oraz 2 recenzent\u00f3w z jednostki innej ni\u017c Autor (z zachowaniem obustronnej anonimowo\u015bci).\" \/>\n<meta name=\"robots\" content=\"index, follow, max-snippet:-1, max-image-preview:large, max-video-preview:-1\" \/>\n<link rel=\"canonical\" href=\"https:\/\/pisg.wgsr.uw.edu.pl\/?page_id=63\" \/>\n<meta property=\"og:locale\" content=\"pl_PL\" \/>\n<meta property=\"og:type\" content=\"article\" \/>\n<meta property=\"og:title\" content=\"Akceptacja materia\u0142u i korekta - Prace i Studia Geograficzne | Studies in Geography\" \/>\n<meta property=\"og:description\" content=\"Nades\u0142any artyku\u0142 jest oceniany przez Komitet Redakcyjny oraz 2 recenzent\u00f3w z jednostki innej ni\u017c Autor (z zachowaniem obustronnej anonimowo\u015bci).\" \/>\n<meta property=\"og:url\" content=\"https:\/\/pisg.wgsr.uw.edu.pl\/?page_id=63\" \/>\n<meta property=\"og:site_name\" content=\"Prace i Studia Geograficzne | Studies in Geography\" \/>\n<meta property=\"article:modified_time\" content=\"2024-03-08T19:55:14+00:00\" \/>\n<meta name=\"twitter:card\" content=\"summary_large_image\" \/>\n<meta name=\"twitter:label1\" content=\"Szacowany czas czytania\" \/>\n\t<meta name=\"twitter:data1\" content=\"1 minuta\" \/>\n<script type=\"application\/ld+json\" class=\"yoast-schema-graph\">{\"@context\":\"https:\\\/\\\/schema.org\",\"@graph\":[{\"@type\":\"WebPage\",\"@id\":\"https:\\\/\\\/pisg.wgsr.uw.edu.pl\\\/?page_id=63\",\"url\":\"https:\\\/\\\/pisg.wgsr.uw.edu.pl\\\/?page_id=63\",\"name\":\"Akceptacja materia\u0142u i korekta - Prace i Studia Geograficzne | Studies in Geography\",\"isPartOf\":{\"@id\":\"https:\\\/\\\/pisg.wgsr.uw.edu.pl\\\/#website\"},\"datePublished\":\"2020-03-05T19:16:27+00:00\",\"dateModified\":\"2024-03-08T19:55:14+00:00\",\"description\":\"Nades\u0142any artyku\u0142 jest oceniany przez Komitet Redakcyjny oraz 2 recenzent\u00f3w z jednostki innej ni\u017c Autor (z zachowaniem obustronnej anonimowo\u015bci).\",\"breadcrumb\":{\"@id\":\"https:\\\/\\\/pisg.wgsr.uw.edu.pl\\\/?page_id=63#breadcrumb\"},\"inLanguage\":\"pl-PL\",\"potentialAction\":[{\"@type\":\"ReadAction\",\"target\":[\"https:\\\/\\\/pisg.wgsr.uw.edu.pl\\\/?page_id=63\"]}]},{\"@type\":\"BreadcrumbList\",\"@id\":\"https:\\\/\\\/pisg.wgsr.uw.edu.pl\\\/?page_id=63#breadcrumb\",\"itemListElement\":[{\"@type\":\"ListItem\",\"position\":1,\"name\":\"Strona g\u0142\u00f3wna\",\"item\":\"https:\\\/\\\/pisg.wgsr.uw.edu.pl\\\/\"},{\"@type\":\"ListItem\",\"position\":2,\"name\":\"Akceptacja materia\u0142u i korekta\"}]},{\"@type\":\"WebSite\",\"@id\":\"https:\\\/\\\/pisg.wgsr.uw.edu.pl\\\/#website\",\"url\":\"https:\\\/\\\/pisg.wgsr.uw.edu.pl\\\/\",\"name\":\"Prace i Studia Geograficzne | Studies in Geography\",\"description\":\"Prace i Studia Geograficzne s\u0105 recenzowanym czasopismem wydawanym przez Wydzia\u0142 Geografii i Studi\u00f3w Regionalnych Uniwersytetu Warszawskiego\",\"potentialAction\":[{\"@type\":\"SearchAction\",\"target\":{\"@type\":\"EntryPoint\",\"urlTemplate\":\"https:\\\/\\\/pisg.wgsr.uw.edu.pl\\\/?s={search_term_string}\"},\"query-input\":{\"@type\":\"PropertyValueSpecification\",\"valueRequired\":true,\"valueName\":\"search_term_string\"}}],\"inLanguage\":\"pl-PL\"}]}<\/script>\n<!-- \/ Yoast SEO plugin. -->","yoast_head_json":{"title":"Akceptacja materia\u0142u i korekta - Prace i Studia Geograficzne | Studies in Geography","description":"Nades\u0142any artyku\u0142 jest oceniany przez Komitet Redakcyjny oraz 2 recenzent\u00f3w z jednostki innej ni\u017c Autor (z zachowaniem obustronnej anonimowo\u015bci).","robots":{"index":"index","follow":"follow","max-snippet":"max-snippet:-1","max-image-preview":"max-image-preview:large","max-video-preview":"max-video-preview:-1"},"canonical":"https:\/\/pisg.wgsr.uw.edu.pl\/?page_id=63","og_locale":"pl_PL","og_type":"article","og_title":"Akceptacja materia\u0142u i korekta - Prace i Studia Geograficzne | Studies in Geography","og_description":"Nades\u0142any artyku\u0142 jest oceniany przez Komitet Redakcyjny oraz 2 recenzent\u00f3w z jednostki innej ni\u017c Autor (z zachowaniem obustronnej anonimowo\u015bci).","og_url":"https:\/\/pisg.wgsr.uw.edu.pl\/?page_id=63","og_site_name":"Prace i Studia Geograficzne | Studies in Geography","article_modified_time":"2024-03-08T19:55:14+00:00","twitter_card":"summary_large_image","twitter_misc":{"Szacowany czas czytania":"1 minuta"},"schema":{"@context":"https:\/\/schema.org","@graph":[{"@type":"WebPage","@id":"https:\/\/pisg.wgsr.uw.edu.pl\/?page_id=63","url":"https:\/\/pisg.wgsr.uw.edu.pl\/?page_id=63","name":"Akceptacja materia\u0142u i korekta - Prace i Studia Geograficzne | Studies in Geography","isPartOf":{"@id":"https:\/\/pisg.wgsr.uw.edu.pl\/#website"},"datePublished":"2020-03-05T19:16:27+00:00","dateModified":"2024-03-08T19:55:14+00:00","description":"Nades\u0142any artyku\u0142 jest oceniany przez Komitet Redakcyjny oraz 2 recenzent\u00f3w z jednostki innej ni\u017c Autor (z zachowaniem obustronnej anonimowo\u015bci).","breadcrumb":{"@id":"https:\/\/pisg.wgsr.uw.edu.pl\/?page_id=63#breadcrumb"},"inLanguage":"pl-PL","potentialAction":[{"@type":"ReadAction","target":["https:\/\/pisg.wgsr.uw.edu.pl\/?page_id=63"]}]},{"@type":"BreadcrumbList","@id":"https:\/\/pisg.wgsr.uw.edu.pl\/?page_id=63#breadcrumb","itemListElement":[{"@type":"ListItem","position":1,"name":"Strona g\u0142\u00f3wna","item":"https:\/\/pisg.wgsr.uw.edu.pl\/"},{"@type":"ListItem","position":2,"name":"Akceptacja materia\u0142u i korekta"}]},{"@type":"WebSite","@id":"https:\/\/pisg.wgsr.uw.edu.pl\/#website","url":"https:\/\/pisg.wgsr.uw.edu.pl\/","name":"Prace i Studia Geograficzne | Studies in Geography","description":"Prace i Studia Geograficzne s\u0105 recenzowanym czasopismem wydawanym przez Wydzia\u0142 Geografii i Studi\u00f3w Regionalnych Uniwersytetu Warszawskiego","potentialAction":[{"@type":"SearchAction","target":{"@type":"EntryPoint","urlTemplate":"https:\/\/pisg.wgsr.uw.edu.pl\/?s={search_term_string}"},"query-input":{"@type":"PropertyValueSpecification","valueRequired":true,"valueName":"search_term_string"}}],"inLanguage":"pl-PL"}]}},"_links":{"self":[{"href":"https:\/\/pisg.wgsr.uw.edu.pl\/index.php?rest_route=\/wp\/v2\/pages\/63","targetHints":{"allow":["GET"]}}],"collection":[{"href":"https:\/\/pisg.wgsr.uw.edu.pl\/index.php?rest_route=\/wp\/v2\/pages"}],"about":[{"href":"https:\/\/pisg.wgsr.uw.edu.pl\/index.php?rest_route=\/wp\/v2\/types\/page"}],"author":[{"embeddable":true,"href":"https:\/\/pisg.wgsr.uw.edu.pl\/index.php?rest_route=\/wp\/v2\/users\/2"}],"replies":[{"embeddable":true,"href":"https:\/\/pisg.wgsr.uw.edu.pl\/index.php?rest_route=%2Fwp%2Fv2%2Fcomments&post=63"}],"version-history":[{"count":2,"href":"https:\/\/pisg.wgsr.uw.edu.pl\/index.php?rest_route=\/wp\/v2\/pages\/63\/revisions"}],"predecessor-version":[{"id":3063,"href":"https:\/\/pisg.wgsr.uw.edu.pl\/index.php?rest_route=\/wp\/v2\/pages\/63\/revisions\/3063"}],"wp:attachment":[{"href":"https:\/\/pisg.wgsr.uw.edu.pl\/index.php?rest_route=%2Fwp%2Fv2%2Fmedia&parent=63"}],"curies":[{"name":"wp","href":"https:\/\/api.w.org\/{rel}","templated":true}]}}